{"id":899,"date":"2022-09-29T13:11:10","date_gmt":"2022-09-29T13:11:10","guid":{"rendered":"https:\/\/organonpro.com\/pt-pt\/?page_id=899"},"modified":"2025-07-03T11:17:58","modified_gmt":"2025-07-03T11:17:58","slug":"atozet-10-80","status":"publish","type":"page","link":"https:\/\/organonpro.com\/pt-pt\/atozet-10-80\/","title":{"rendered":"Atozet 10\/80"},"content":{"rendered":"\n<h1 class=\"has-text-align-center wp-block-heading\">NOVA DOSAGEM 10\/80<\/h1>\n\n\n\n<figure class=\"wp-block-image size-large\"><img loading=\"lazy\" decoding=\"async\" height=\"748\" width=\"1024\" src=\"https:\/\/organonpro.com\/pt-pt\/wp-content\/uploads\/sites\/30\/2022\/09\/H5c4c16.png?w=640\" alt=\"\" class=\"wp-image-900\" srcset=\"https:\/\/organonpro.com\/pt-pt\/wp-content\/uploads\/sites\/30\/2022\/09\/H5c4c16.png 1355w, https:\/\/organonpro.com\/pt-pt\/wp-content\/uploads\/sites\/30\/2022\/09\/H5c4c16.png?resize=300,219 300w, https:\/\/organonpro.com\/pt-pt\/wp-content\/uploads\/sites\/30\/2022\/09\/H5c4c16.png?resize=768,561 768w, https:\/\/organonpro.com\/pt-pt\/wp-content\/uploads\/sites\/30\/2022\/09\/H5c4c16.png?resize=1024,748 1024w, https:\/\/organonpro.com\/pt-pt\/wp-content\/uploads\/sites\/30\/2022\/09\/H5c4c16.png?resize=172,126 172w, https:\/\/organonpro.com\/pt-pt\/wp-content\/uploads\/sites\/30\/2022\/09\/H5c4c16.png?resize=684,500 684w, https:\/\/organonpro.com\/pt-pt\/wp-content\/uploads\/sites\/30\/2022\/09\/H5c4c16.png?resize=356,260 356w, https:\/\/organonpro.com\/pt-pt\/wp-content\/uploads\/sites\/30\/2022\/09\/H5c4c16.png?resize=619,452 619w, https:\/\/organonpro.com\/pt-pt\/wp-content\/uploads\/sites\/30\/2022\/09\/H5c4c16.png?resize=367,268 367w, https:\/\/organonpro.com\/pt-pt\/wp-content\/uploads\/sites\/30\/2022\/09\/H5c4c16.png?resize=150,110 150w, https:\/\/organonpro.com\/pt-pt\/wp-content\/uploads\/sites\/30\/2022\/09\/H5c4c16.png?resize=305,223 305w, https:\/\/organonpro.com\/pt-pt\/wp-content\/uploads\/sites\/30\/2022\/09\/H5c4c16.png?resize=100,73 100w, https:\/\/organonpro.com\/pt-pt\/wp-content\/uploads\/sites\/30\/2022\/09\/H5c4c16.png?resize=216,158 216w, https:\/\/organonpro.com\/pt-pt\/wp-content\/uploads\/sites\/30\/2022\/09\/H5c4c16.png?resize=64,47 64w, https:\/\/organonpro.com\/pt-pt\/wp-content\/uploads\/sites\/30\/2022\/09\/H5c4c16.png?resize=981,717 981w, https:\/\/organonpro.com\/pt-pt\/wp-content\/uploads\/sites\/30\/2022\/09\/H5c4c16.png?resize=474,346 474w, https:\/\/organonpro.com\/pt-pt\/wp-content\/uploads\/sites\/30\/2022\/09\/H5c4c16.png?resize=109,80 109w, https:\/\/organonpro.com\/pt-pt\/wp-content\/uploads\/sites\/30\/2022\/09\/H5c4c16.png?resize=133,97 133w, https:\/\/organonpro.com\/pt-pt\/wp-content\/uploads\/sites\/30\/2022\/09\/H5c4c16.png?resize=171,125 171w, https:\/\/organonpro.com\/pt-pt\/wp-content\/uploads\/sites\/30\/2022\/09\/H5c4c16.png?resize=342,250 342w, https:\/\/organonpro.com\/pt-pt\/wp-content\/uploads\/sites\/30\/2022\/09\/H5c4c16.png?resize=396,289 396w, https:\/\/organonpro.com\/pt-pt\/wp-content\/uploads\/sites\/30\/2022\/09\/H5c4c16.png?resize=734,536 734w, https:\/\/organonpro.com\/pt-pt\/wp-content\/uploads\/sites\/30\/2022\/09\/H5c4c16.png?resize=274,200 274w\" sizes=\"auto, (max-width: 1024px) 100vw, 1024px\" \/><\/figure>\n\n\n\n<div class=\"wp-block-columns is-layout-flex wp-container-core-columns-is-layout-9d6595d7 wp-block-columns-is-layout-flex\">\n<div class=\"wp-block-column is-vertically-aligned-center is-layout-flow wp-block-column-is-layout-flow\">\n<p class=\"has-text-align-center\"><strong>ATOZET 10\/80<\/strong><br><strong>Perfil geral de seguran\u00e7a semelhante ao da atorvastatina<br>em monoterapia&nbsp;<sup>1<\/sup><\/strong><\/p>\n<\/div>\n\n\n\n<div class=\"wp-block-column is-layout-flow wp-block-column-is-layout-flow\">\n<div class=\"wp-block-columns is-layout-flex wp-container-core-columns-is-layout-9d6595d7 wp-block-columns-is-layout-flex\">\n<div class=\"wp-block-column is-vertically-aligned-center is-layout-flow wp-block-column-is-layout-flow\" style=\"flex-basis:66.66%\">\n<p><strong>Sem necessidade de ajuste de dose em doentes com compromisso renal&nbsp;<\/strong><sup>2<\/sup><\/p>\n<\/div>\n\n\n\n<div class=\"wp-block-column is-layout-flow wp-block-column-is-layout-flow\" style=\"flex-basis:33.33%\">\n<figure class=\"wp-block-image size-medium is-resized\"><img loading=\"lazy\" decoding=\"async\" src=\"https:\/\/organonpro.com\/pt-pt\/wp-content\/uploads\/sites\/30\/2022\/09\/W4cWnVL.png?w=173\" alt=\"\" class=\"wp-image-901\" width=\"173\" height=\"300\" srcset=\"https:\/\/organonpro.com\/pt-pt\/wp-content\/uploads\/sites\/30\/2022\/09\/W4cWnVL.png 345w, https:\/\/organonpro.com\/pt-pt\/wp-content\/uploads\/sites\/30\/2022\/09\/W4cWnVL.png?resize=173,300 173w, https:\/\/organonpro.com\/pt-pt\/wp-content\/uploads\/sites\/30\/2022\/09\/W4cWnVL.png?resize=73,126 73w, https:\/\/organonpro.com\/pt-pt\/wp-content\/uploads\/sites\/30\/2022\/09\/W4cWnVL.png?resize=288,500 288w, https:\/\/organonpro.com\/pt-pt\/wp-content\/uploads\/sites\/30\/2022\/09\/W4cWnVL.png?resize=150,260 150w, https:\/\/organonpro.com\/pt-pt\/wp-content\/uploads\/sites\/30\/2022\/09\/W4cWnVL.png?resize=261,452 261w, https:\/\/organonpro.com\/pt-pt\/wp-content\/uploads\/sites\/30\/2022\/09\/W4cWnVL.png?resize=155,268 155w, https:\/\/organonpro.com\/pt-pt\/wp-content\/uploads\/sites\/30\/2022\/09\/W4cWnVL.png?resize=87,150 87w, https:\/\/organonpro.com\/pt-pt\/wp-content\/uploads\/sites\/30\/2022\/09\/W4cWnVL.png?resize=129,223 129w, https:\/\/organonpro.com\/pt-pt\/wp-content\/uploads\/sites\/30\/2022\/09\/W4cWnVL.png?resize=58,100 58w, https:\/\/organonpro.com\/pt-pt\/wp-content\/uploads\/sites\/30\/2022\/09\/W4cWnVL.png?resize=91,158 91w, https:\/\/organonpro.com\/pt-pt\/wp-content\/uploads\/sites\/30\/2022\/09\/W4cWnVL.png?resize=37,64 37w, https:\/\/organonpro.com\/pt-pt\/wp-content\/uploads\/sites\/30\/2022\/09\/W4cWnVL.png?resize=200,346 200w, https:\/\/organonpro.com\/pt-pt\/wp-content\/uploads\/sites\/30\/2022\/09\/W4cWnVL.png?resize=46,80 46w, https:\/\/organonpro.com\/pt-pt\/wp-content\/uploads\/sites\/30\/2022\/09\/W4cWnVL.png?resize=56,97 56w, https:\/\/organonpro.com\/pt-pt\/wp-content\/uploads\/sites\/30\/2022\/09\/W4cWnVL.png?resize=72,125 72w, https:\/\/organonpro.com\/pt-pt\/wp-content\/uploads\/sites\/30\/2022\/09\/W4cWnVL.png?resize=144,250 144w, https:\/\/organonpro.com\/pt-pt\/wp-content\/uploads\/sites\/30\/2022\/09\/W4cWnVL.png?resize=181,313 181w, https:\/\/organonpro.com\/pt-pt\/wp-content\/uploads\/sites\/30\/2022\/09\/W4cWnVL.png?resize=309,536 309w, https:\/\/organonpro.com\/pt-pt\/wp-content\/uploads\/sites\/30\/2022\/09\/W4cWnVL.png?resize=115,200 115w\" sizes=\"auto, (max-width: 173px) 100vw, 173px\" \/><\/figure>\n<\/div>\n<\/div>\n<\/div>\n<\/div>\n\n\n\n<p>A&nbsp;<strong>combina\u00e7\u00e3o de ezetimiba com atorvastatina foi bem tolerada, com um perfil de seguran\u00e7a global semelhante ao da atorvastatina em monoterapia.<\/strong>&nbsp;Todas as eleva\u00e7\u00f5es nas enzimas hep\u00e1ticas foram assintom\u00e1ticas, e n\u00e3o foram relatados sinais de hepatite, icter\u00edcia, ou outros sinais cl\u00ednicos de disfun\u00e7\u00e3o hep\u00e1tica.<br>Nenhum caso de rabdomi\u00f3lise foi relatado.<br>A baixa ocorr\u00eancia de aumentos revers\u00edveis nos n\u00edveis de CPK sugere que&nbsp;<strong>n\u00e3o h\u00e1 um risco acrescido de miopatia com a coadministra\u00e7\u00e3o de ezetimiba e atorvastatina<\/strong>&nbsp;em compara\u00e7\u00e3o com a atorvastatina em monoterapia.<sup>1<\/sup><\/p>\n\n\n\n<h2 class=\"wp-block-heading\">MAIS PROTE\u00c7\u00c3O PARA O SEU DOENTE<\/h2>\n\n\n\n<figure class=\"wp-block-image size-large\"><img loading=\"lazy\" decoding=\"async\" height=\"431\" width=\"1024\" src=\"https:\/\/organonpro.com\/pt-pt\/wp-content\/uploads\/sites\/30\/2022\/09\/QU1ehbV.png?w=640\" alt=\"\" class=\"wp-image-902\" srcset=\"https:\/\/organonpro.com\/pt-pt\/wp-content\/uploads\/sites\/30\/2022\/09\/QU1ehbV.png 1413w, https:\/\/organonpro.com\/pt-pt\/wp-content\/uploads\/sites\/30\/2022\/09\/QU1ehbV.png?resize=300,126 300w, https:\/\/organonpro.com\/pt-pt\/wp-content\/uploads\/sites\/30\/2022\/09\/QU1ehbV.png?resize=768,323 768w, https:\/\/organonpro.com\/pt-pt\/wp-content\/uploads\/sites\/30\/2022\/09\/QU1ehbV.png?resize=1024,431 1024w, https:\/\/organonpro.com\/pt-pt\/wp-content\/uploads\/sites\/30\/2022\/09\/QU1ehbV.png?resize=288,121 288w, https:\/\/organonpro.com\/pt-pt\/wp-content\/uploads\/sites\/30\/2022\/09\/QU1ehbV.png?resize=800,337 800w, https:\/\/organonpro.com\/pt-pt\/wp-content\/uploads\/sites\/30\/2022\/09\/QU1ehbV.png?resize=400,168 400w, https:\/\/organonpro.com\/pt-pt\/wp-content\/uploads\/sites\/30\/2022\/09\/QU1ehbV.png?resize=720,303 720w, https:\/\/organonpro.com\/pt-pt\/wp-content\/uploads\/sites\/30\/2022\/09\/QU1ehbV.png?resize=375,158 375w, https:\/\/organonpro.com\/pt-pt\/wp-content\/uploads\/sites\/30\/2022\/09\/QU1ehbV.png?resize=150,63 150w, https:\/\/organonpro.com\/pt-pt\/wp-content\/uploads\/sites\/30\/2022\/09\/QU1ehbV.png?resize=396,167 396w, https:\/\/organonpro.com\/pt-pt\/wp-content\/uploads\/sites\/30\/2022\/09\/QU1ehbV.png?resize=100,42 100w, https:\/\/organonpro.com\/pt-pt\/wp-content\/uploads\/sites\/30\/2022\/09\/QU1ehbV.png?resize=64,27 64w, https:\/\/organonpro.com\/pt-pt\/wp-content\/uploads\/sites\/30\/2022\/09\/QU1ehbV.png?resize=1276,537 1276w, https:\/\/organonpro.com\/pt-pt\/wp-content\/uploads\/sites\/30\/2022\/09\/QU1ehbV.png?resize=616,259 616w, https:\/\/organonpro.com\/pt-pt\/wp-content\/uploads\/sites\/30\/2022\/09\/QU1ehbV.png?resize=190,80 190w, https:\/\/organonpro.com\/pt-pt\/wp-content\/uploads\/sites\/30\/2022\/09\/QU1ehbV.png?resize=174,73 174w, https:\/\/organonpro.com\/pt-pt\/wp-content\/uploads\/sites\/30\/2022\/09\/QU1ehbV.png?resize=297,125 297w, https:\/\/organonpro.com\/pt-pt\/wp-content\/uploads\/sites\/30\/2022\/09\/QU1ehbV.png?resize=594,250 594w, https:\/\/organonpro.com\/pt-pt\/wp-content\/uploads\/sites\/30\/2022\/09\/QU1ehbV.png?resize=1273,536 1273w, https:\/\/organonpro.com\/pt-pt\/wp-content\/uploads\/sites\/30\/2022\/09\/QU1ehbV.png?resize=475,200 475w\" sizes=\"auto, (max-width: 1024px) 100vw, 1024px\" \/><\/figure>\n\n\n\n<figure class=\"wp-block-image size-large\"><img loading=\"lazy\" decoding=\"async\" height=\"956\" width=\"1024\" src=\"https:\/\/organonpro.com\/pt-pt\/wp-content\/uploads\/sites\/30\/2022\/09\/ORNITf1.png?w=640\" alt=\"\" class=\"wp-image-903\" srcset=\"https:\/\/organonpro.com\/pt-pt\/wp-content\/uploads\/sites\/30\/2022\/09\/ORNITf1.png 1251w, https:\/\/organonpro.com\/pt-pt\/wp-content\/uploads\/sites\/30\/2022\/09\/ORNITf1.png?resize=300,280 300w, https:\/\/organonpro.com\/pt-pt\/wp-content\/uploads\/sites\/30\/2022\/09\/ORNITf1.png?resize=768,717 768w, https:\/\/organonpro.com\/pt-pt\/wp-content\/uploads\/sites\/30\/2022\/09\/ORNITf1.png?resize=1024,956 1024w, https:\/\/organonpro.com\/pt-pt\/wp-content\/uploads\/sites\/30\/2022\/09\/ORNITf1.png?resize=135,126 135w, https:\/\/organonpro.com\/pt-pt\/wp-content\/uploads\/sites\/30\/2022\/09\/ORNITf1.png?resize=536,500 536w, https:\/\/organonpro.com\/pt-pt\/wp-content\/uploads\/sites\/30\/2022\/09\/ORNITf1.png?resize=278,260 278w, https:\/\/organonpro.com\/pt-pt\/wp-content\/uploads\/sites\/30\/2022\/09\/ORNITf1.png?resize=484,452 484w, https:\/\/organonpro.com\/pt-pt\/wp-content\/uploads\/sites\/30\/2022\/09\/ORNITf1.png?resize=287,268 287w, https:\/\/organonpro.com\/pt-pt\/wp-content\/uploads\/sites\/30\/2022\/09\/ORNITf1.png?resize=150,140 150w, https:\/\/organonpro.com\/pt-pt\/wp-content\/uploads\/sites\/30\/2022\/09\/ORNITf1.png?resize=239,223 239w, https:\/\/organonpro.com\/pt-pt\/wp-content\/uploads\/sites\/30\/2022\/09\/ORNITf1.png?resize=100,93 100w, https:\/\/organonpro.com\/pt-pt\/wp-content\/uploads\/sites\/30\/2022\/09\/ORNITf1.png?resize=169,158 169w, https:\/\/organonpro.com\/pt-pt\/wp-content\/uploads\/sites\/30\/2022\/09\/ORNITf1.png?resize=64,60 64w, https:\/\/organonpro.com\/pt-pt\/wp-content\/uploads\/sites\/30\/2022\/09\/ORNITf1.png?resize=371,346 371w, https:\/\/organonpro.com\/pt-pt\/wp-content\/uploads\/sites\/30\/2022\/09\/ORNITf1.png?resize=86,80 86w, https:\/\/organonpro.com\/pt-pt\/wp-content\/uploads\/sites\/30\/2022\/09\/ORNITf1.png?resize=104,97 104w, https:\/\/organonpro.com\/pt-pt\/wp-content\/uploads\/sites\/30\/2022\/09\/ORNITf1.png?resize=134,125 134w, https:\/\/organonpro.com\/pt-pt\/wp-content\/uploads\/sites\/30\/2022\/09\/ORNITf1.png?resize=268,250 268w, https:\/\/organonpro.com\/pt-pt\/wp-content\/uploads\/sites\/30\/2022\/09\/ORNITf1.png?resize=335,313 335w, https:\/\/organonpro.com\/pt-pt\/wp-content\/uploads\/sites\/30\/2022\/09\/ORNITf1.png?resize=574,536 574w, https:\/\/organonpro.com\/pt-pt\/wp-content\/uploads\/sites\/30\/2022\/09\/ORNITf1.png?resize=214,200 214w\" sizes=\"auto, (max-width: 1024px) 100vw, 1024px\" \/><\/figure>\n\n\n\n<figure class=\"wp-block-image size-full\"><img loading=\"lazy\" decoding=\"async\" width=\"710\" height=\"1018\" src=\"https:\/\/organonpro.com\/pt-pt\/wp-content\/uploads\/sites\/30\/2022\/09\/95LvMLD.png\" alt=\"\" class=\"wp-image-904\" srcset=\"https:\/\/organonpro.com\/pt-pt\/wp-content\/uploads\/sites\/30\/2022\/09\/95LvMLD.png 710w, https:\/\/organonpro.com\/pt-pt\/wp-content\/uploads\/sites\/30\/2022\/09\/95LvMLD.png?resize=209,300 209w, https:\/\/organonpro.com\/pt-pt\/wp-content\/uploads\/sites\/30\/2022\/09\/95LvMLD.png?resize=88,126 88w, https:\/\/organonpro.com\/pt-pt\/wp-content\/uploads\/sites\/30\/2022\/09\/95LvMLD.png?resize=349,500 349w, https:\/\/organonpro.com\/pt-pt\/wp-content\/uploads\/sites\/30\/2022\/09\/95LvMLD.png?resize=181,260 181w, https:\/\/organonpro.com\/pt-pt\/wp-content\/uploads\/sites\/30\/2022\/09\/95LvMLD.png?resize=315,452 315w, https:\/\/organonpro.com\/pt-pt\/wp-content\/uploads\/sites\/30\/2022\/09\/95LvMLD.png?resize=187,268 187w, https:\/\/organonpro.com\/pt-pt\/wp-content\/uploads\/sites\/30\/2022\/09\/95LvMLD.png?resize=105,150 105w, https:\/\/organonpro.com\/pt-pt\/wp-content\/uploads\/sites\/30\/2022\/09\/95LvMLD.png?resize=156,223 156w, https:\/\/organonpro.com\/pt-pt\/wp-content\/uploads\/sites\/30\/2022\/09\/95LvMLD.png?resize=70,100 70w, https:\/\/organonpro.com\/pt-pt\/wp-content\/uploads\/sites\/30\/2022\/09\/95LvMLD.png?resize=110,158 110w, https:\/\/organonpro.com\/pt-pt\/wp-content\/uploads\/sites\/30\/2022\/09\/95LvMLD.png?resize=45,64 45w, https:\/\/organonpro.com\/pt-pt\/wp-content\/uploads\/sites\/30\/2022\/09\/95LvMLD.png?resize=500,717 500w, https:\/\/organonpro.com\/pt-pt\/wp-content\/uploads\/sites\/30\/2022\/09\/95LvMLD.png?resize=241,346 241w, https:\/\/organonpro.com\/pt-pt\/wp-content\/uploads\/sites\/30\/2022\/09\/95LvMLD.png?resize=56,80 56w, https:\/\/organonpro.com\/pt-pt\/wp-content\/uploads\/sites\/30\/2022\/09\/95LvMLD.png?resize=68,97 68w, https:\/\/organonpro.com\/pt-pt\/wp-content\/uploads\/sites\/30\/2022\/09\/95LvMLD.png?resize=87,125 87w, https:\/\/organonpro.com\/pt-pt\/wp-content\/uploads\/sites\/30\/2022\/09\/95LvMLD.png?resize=174,250 174w, https:\/\/organonpro.com\/pt-pt\/wp-content\/uploads\/sites\/30\/2022\/09\/95LvMLD.png?resize=218,313 218w, https:\/\/organonpro.com\/pt-pt\/wp-content\/uploads\/sites\/30\/2022\/09\/95LvMLD.png?resize=374,536 374w, https:\/\/organonpro.com\/pt-pt\/wp-content\/uploads\/sites\/30\/2022\/09\/95LvMLD.png?resize=139,200 139w\" sizes=\"auto, (max-width: 710px) 100vw, 710px\" \/><\/figure>\n\n\n\n<ol class=\"wp-block-list\"><li>Ballantyne C., et al. Effect of Ezetimibe Coadministered With Atorvastatin in 628 Patients With Primary Hypercholesterolemia. Circulation 2003;107:2409-2415.<\/li><li>Resumo das Caracter\u00edsticas do Medicamento Atozet, aprovado em junho 2021.<\/li><li>Tsujita K, et al. Impact of Dual Lipid-Lowering Strategy With E Ezetimibe and Atorvastatin on Coronary Plaque Regression in Patients With Percutaneous Coronary Intervention, The Multicenter Randomized Controlled PRECISE-IVUS Trial. JACC 2015;66(5):495-507.<\/li><li>Cannon CP et al. Ezetimibe Added to Statin Therapy after Acute Coronary Syndromes. N Engl J Med 2015: :372(25):2387-2397.<\/li><li>5 -Kamat SA, et al. Adherence to single-pill combination versus multiple-pill combination lipid-modifying therapy among patients with mixed dyslipidemia in a managed care population, Current Medical Research and Opinion 2011, 27:5, 961-968.<\/li><li>Mach F., et al. 2019 ESC\/EAS Guidelines for themanagement of dyslipidaemias: lipid modication to reduce cardiovascular risk: supplementary data. European Heart Journal (2019) 00, 1-18<\/li><\/ol>\n\n\n\n<p>Desenho do Estudo Ballantyne et al:<br>Estudo multic\u00eantrico, duplo-cego, aleatorizado, controlado por placebo e analisou a hip\u00f3tese prim\u00e1ria de que a coadministra\u00e7\u00e3o de ezetimiba com atorvastatina resultaria numa redu\u00e7\u00e3o significativamente maior do C-LDL comparativamente a atorvastatina em monoterapia. Foram tamb\u00e9m avaliadas as altera\u00e7\u00f5es de outros par\u00e2metros lip\u00eddicos e prote\u00edna C reativa a partir da linha de base, bem como a propor\u00e7\u00e3o de doentes que atingiram os objetivos de c-LDL. Participaram seiscentos e vinte e oito pacientes com idade igual ou superior a 18 anos com uma base de refer\u00eancia c-LDL de 145-250 mg\/dL e triglic\u00e9ridos de 350 mg\/dL e foram aleatoriamente atribu\u00eddos para receber um dos seguintes tratamentos durante 12 semanas: ezetimiba (10 mg\/dL); atorvastatina (10, 20, 40 ou 80 mg\/dL); ezetimiba (10 mg) mais atorvastatina (10, 20, 40 ou 80 mg\/dL); ou placebo. O objetivo prim\u00e1rio de efic\u00e1cia foi a redu\u00e7\u00e3o percentual na c-LDL para os grupos tratados com ezetimiba e atorvastatina versus atorvastatina em monoterapia<\/p>\n\n\n\n<div class=\"wp-block-buttons is-layout-flex wp-block-buttons-is-layout-flex\">\n<div class=\"wp-block-button aligncenter\"><a class=\"wp-block-button__link\" href=\"https:\/\/organonpro.com\/pt-pt\/wp-content\/uploads\/sites\/30\/2022\/09\/Atozet_combined_RCM_PT__2021-06-01_MAT-1.pdf\" target=\"_blank\" rel=\"noreferrer noopener\">RCM ATOZET<\/a><\/div>\n<\/div>\n","protected":false},"excerpt":{"rendered":"<p>NOVA DOSAGEM 10\/80 ATOZET 10\/80Perfil geral de seguran\u00e7a semelhante ao da atorvastatinaem monoterapia&nbsp;1 Sem necessidade de ajuste de dose em doentes com compromisso renal&nbsp;2 A&nbsp;combina\u00e7\u00e3o de ezetimiba com atorvastatina foi bem tolerada, com um perfil de seguran\u00e7a global semelhante ao da atorvastatina em monoterapia.&nbsp;Todas as eleva\u00e7\u00f5es nas enzimas hep\u00e1ticas foram assintom\u00e1ticas, e n\u00e3o foram relatados [&hellip;]<\/p>\n","protected":false},"author":15,"featured_media":0,"parent":0,"menu_order":0,"comment_status":"closed","ping_status":"closed","template":"","meta":{"_acf_changed":false,"footnotes":""},"class_list":["post-899","page","type-page","status-publish","hentry"],"acf":[],"yoast_head":"<!-- This site is optimized with the Yoast SEO Premium plugin v20.11 (Yoast SEO v26.6) - https:\/\/yoast.com\/wordpress\/plugins\/seo\/ -->\n<title>Atozet 10\/80 - Bem-vindo ao Organon Pro Portugal - O Portal para Profissionais de Sa\u00fade<\/title>\n<meta name=\"robots\" content=\"noindex, follow\" \/>\n<meta property=\"og:locale\" content=\"en_US\" \/>\n<meta property=\"og:type\" content=\"article\" \/>\n<meta property=\"og:title\" content=\"Atozet 10\/80\" \/>\n<meta property=\"og:description\" content=\"NOVA DOSAGEM 10\/80 ATOZET 10\/80Perfil geral de seguran\u00e7a semelhante ao da atorvastatinaem monoterapia&nbsp;1 Sem necessidade de ajuste de dose em doentes com compromisso renal&nbsp;2 A&nbsp;combina\u00e7\u00e3o de ezetimiba com atorvastatina foi bem tolerada, com um perfil de seguran\u00e7a global semelhante ao da atorvastatina em monoterapia.&nbsp;Todas as eleva\u00e7\u00f5es nas enzimas hep\u00e1ticas foram assintom\u00e1ticas, e n\u00e3o foram relatados [&hellip;]\" \/>\n<meta property=\"og:url\" content=\"https:\/\/organonpro.com\/pt-pt\/atozet-10-80\/\" \/>\n<meta property=\"og:site_name\" content=\"Bem-vindo ao Organon Pro Portugal - O Portal para Profissionais de Sa\u00fade\" \/>\n<meta property=\"article:modified_time\" content=\"2025-07-03T11:17:58+00:00\" \/>\n<meta property=\"og:image\" content=\"https:\/\/organonpro.com\/pt-pt\/wp-content\/uploads\/sites\/30\/2022\/09\/H5c4c16.png\" \/>\n\t<meta property=\"og:image:width\" content=\"1355\" \/>\n\t<meta property=\"og:image:height\" content=\"990\" \/>\n\t<meta property=\"og:image:type\" content=\"image\/png\" \/>\n<meta name=\"twitter:card\" content=\"summary_large_image\" \/>\n<meta name=\"twitter:label1\" content=\"Est. reading time\" \/>\n\t<meta name=\"twitter:data1\" content=\"3 minutes\" \/>\n<script type=\"application\/ld+json\" class=\"yoast-schema-graph\">{\"@context\":\"https:\/\/schema.org\",\"@graph\":[{\"@type\":\"WebPage\",\"@id\":\"https:\/\/organonpro.com\/pt-pt\/atozet-10-80\/\",\"url\":\"https:\/\/organonpro.com\/pt-pt\/atozet-10-80\/\",\"name\":\"Atozet 10\/80 - Bem-vindo ao Organon Pro Portugal - O Portal para Profissionais de Sa\u00fade\",\"isPartOf\":{\"@id\":\"https:\/\/organonpro.com\/pt-pt\/#website\"},\"primaryImageOfPage\":{\"@id\":\"https:\/\/organonpro.com\/pt-pt\/atozet-10-80\/#primaryimage\"},\"image\":{\"@id\":\"https:\/\/organonpro.com\/pt-pt\/atozet-10-80\/#primaryimage\"},\"thumbnailUrl\":\"https:\/\/organonpro.com\/pt-pt\/wp-content\/uploads\/sites\/30\/2022\/09\/H5c4c16.png?w=640\",\"datePublished\":\"2022-09-29T13:11:10+00:00\",\"dateModified\":\"2025-07-03T11:17:58+00:00\",\"breadcrumb\":{\"@id\":\"https:\/\/organonpro.com\/pt-pt\/atozet-10-80\/#breadcrumb\"},\"inLanguage\":\"en-US\",\"potentialAction\":[{\"@type\":\"ReadAction\",\"target\":[\"https:\/\/organonpro.com\/pt-pt\/atozet-10-80\/\"]}]},{\"@type\":\"ImageObject\",\"inLanguage\":\"en-US\",\"@id\":\"https:\/\/organonpro.com\/pt-pt\/atozet-10-80\/#primaryimage\",\"url\":\"https:\/\/organonpro.com\/pt-pt\/wp-content\/uploads\/sites\/30\/2022\/09\/H5c4c16.png\",\"contentUrl\":\"https:\/\/organonpro.com\/pt-pt\/wp-content\/uploads\/sites\/30\/2022\/09\/H5c4c16.png\",\"width\":1355,\"height\":990},{\"@type\":\"BreadcrumbList\",\"@id\":\"https:\/\/organonpro.com\/pt-pt\/atozet-10-80\/#breadcrumb\",\"itemListElement\":[{\"@type\":\"ListItem\",\"position\":1,\"name\":\"Home\",\"item\":\"https:\/\/organonpro.com\/pt-pt\/\"},{\"@type\":\"ListItem\",\"position\":2,\"name\":\"Atozet 10\/80\"}]},{\"@type\":\"WebSite\",\"@id\":\"https:\/\/organonpro.com\/pt-pt\/#website\",\"url\":\"https:\/\/organonpro.com\/pt-pt\/\",\"name\":\"Bem-vindo ao Organon Pro Portugal - O Portal para Profissionais de Sa\u00fade\",\"description\":\"Descricao teste\",\"potentialAction\":[{\"@type\":\"SearchAction\",\"target\":{\"@type\":\"EntryPoint\",\"urlTemplate\":\"https:\/\/organonpro.com\/pt-pt\/?s={search_term_string}\"},\"query-input\":{\"@type\":\"PropertyValueSpecification\",\"valueRequired\":true,\"valueName\":\"search_term_string\"}}],\"inLanguage\":\"en-US\"}]}<\/script>\n<!-- \/ Yoast SEO Premium plugin. -->","yoast_head_json":{"title":"Atozet 10\/80 - Bem-vindo ao Organon Pro Portugal - O Portal para Profissionais de Sa\u00fade","robots":{"index":"noindex","follow":"follow"},"og_locale":"en_US","og_type":"article","og_title":"Atozet 10\/80","og_description":"NOVA DOSAGEM 10\/80 ATOZET 10\/80Perfil geral de seguran\u00e7a semelhante ao da atorvastatinaem monoterapia&nbsp;1 Sem necessidade de ajuste de dose em doentes com compromisso renal&nbsp;2 A&nbsp;combina\u00e7\u00e3o de ezetimiba com atorvastatina foi bem tolerada, com um perfil de seguran\u00e7a global semelhante ao da atorvastatina em monoterapia.&nbsp;Todas as eleva\u00e7\u00f5es nas enzimas hep\u00e1ticas foram assintom\u00e1ticas, e n\u00e3o foram relatados [&hellip;]","og_url":"https:\/\/organonpro.com\/pt-pt\/atozet-10-80\/","og_site_name":"Bem-vindo ao Organon Pro Portugal - O Portal para Profissionais de Sa\u00fade","article_modified_time":"2025-07-03T11:17:58+00:00","og_image":[{"width":1355,"height":990,"url":"https:\/\/organonpro.com\/pt-pt\/wp-content\/uploads\/sites\/30\/2022\/09\/H5c4c16.png","type":"image\/png"}],"twitter_card":"summary_large_image","twitter_misc":{"Est. reading time":"3 minutes"},"schema":{"@context":"https:\/\/schema.org","@graph":[{"@type":"WebPage","@id":"https:\/\/organonpro.com\/pt-pt\/atozet-10-80\/","url":"https:\/\/organonpro.com\/pt-pt\/atozet-10-80\/","name":"Atozet 10\/80 - Bem-vindo ao Organon Pro Portugal - O Portal para Profissionais de Sa\u00fade","isPartOf":{"@id":"https:\/\/organonpro.com\/pt-pt\/#website"},"primaryImageOfPage":{"@id":"https:\/\/organonpro.com\/pt-pt\/atozet-10-80\/#primaryimage"},"image":{"@id":"https:\/\/organonpro.com\/pt-pt\/atozet-10-80\/#primaryimage"},"thumbnailUrl":"https:\/\/organonpro.com\/pt-pt\/wp-content\/uploads\/sites\/30\/2022\/09\/H5c4c16.png?w=640","datePublished":"2022-09-29T13:11:10+00:00","dateModified":"2025-07-03T11:17:58+00:00","breadcrumb":{"@id":"https:\/\/organonpro.com\/pt-pt\/atozet-10-80\/#breadcrumb"},"inLanguage":"en-US","potentialAction":[{"@type":"ReadAction","target":["https:\/\/organonpro.com\/pt-pt\/atozet-10-80\/"]}]},{"@type":"ImageObject","inLanguage":"en-US","@id":"https:\/\/organonpro.com\/pt-pt\/atozet-10-80\/#primaryimage","url":"https:\/\/organonpro.com\/pt-pt\/wp-content\/uploads\/sites\/30\/2022\/09\/H5c4c16.png","contentUrl":"https:\/\/organonpro.com\/pt-pt\/wp-content\/uploads\/sites\/30\/2022\/09\/H5c4c16.png","width":1355,"height":990},{"@type":"BreadcrumbList","@id":"https:\/\/organonpro.com\/pt-pt\/atozet-10-80\/#breadcrumb","itemListElement":[{"@type":"ListItem","position":1,"name":"Home","item":"https:\/\/organonpro.com\/pt-pt\/"},{"@type":"ListItem","position":2,"name":"Atozet 10\/80"}]},{"@type":"WebSite","@id":"https:\/\/organonpro.com\/pt-pt\/#website","url":"https:\/\/organonpro.com\/pt-pt\/","name":"Bem-vindo ao Organon Pro Portugal - O Portal para Profissionais de Sa\u00fade","description":"Descricao teste","potentialAction":[{"@type":"SearchAction","target":{"@type":"EntryPoint","urlTemplate":"https:\/\/organonpro.com\/pt-pt\/?s={search_term_string}"},"query-input":{"@type":"PropertyValueSpecification","valueRequired":true,"valueName":"search_term_string"}}],"inLanguage":"en-US"}]}},"_links":{"self":[{"href":"https:\/\/organonpro.com\/pt-pt\/wp-json\/wp\/v2\/pages\/899","targetHints":{"allow":["GET"]}}],"collection":[{"href":"https:\/\/organonpro.com\/pt-pt\/wp-json\/wp\/v2\/pages"}],"about":[{"href":"https:\/\/organonpro.com\/pt-pt\/wp-json\/wp\/v2\/types\/page"}],"author":[{"embeddable":true,"href":"https:\/\/organonpro.com\/pt-pt\/wp-json\/wp\/v2\/users\/15"}],"replies":[{"embeddable":true,"href":"https:\/\/organonpro.com\/pt-pt\/wp-json\/wp\/v2\/comments?post=899"}],"version-history":[{"count":4,"href":"https:\/\/organonpro.com\/pt-pt\/wp-json\/wp\/v2\/pages\/899\/revisions"}],"predecessor-version":[{"id":1599,"href":"https:\/\/organonpro.com\/pt-pt\/wp-json\/wp\/v2\/pages\/899\/revisions\/1599"}],"wp:attachment":[{"href":"https:\/\/organonpro.com\/pt-pt\/wp-json\/wp\/v2\/media?parent=899"}],"curies":[{"name":"wp","href":"https:\/\/api.w.org\/{rel}","templated":true}]}}