{"id":54,"date":"2022-09-27T07:23:20","date_gmt":"2022-09-27T07:23:20","guid":{"rendered":"https:\/\/organonpro.com\/pt-pt\/?page_id=54"},"modified":"2024-05-15T09:04:42","modified_gmt":"2024-05-15T09:04:42","slug":"mapa-do-site","status":"publish","type":"page","link":"https:\/\/organonpro.com\/pt-pt\/mapa-do-site\/","title":{"rendered":"Mapa do Site"},"content":{"rendered":"    <section class=\"advance-accordion advance-accordion\" id=\"advance-accordion-block_3c66070f7c12a802d0d19d44e83442bf\">\n        <div class=\"container\">\n                        <div class=\"row\">\n                <div class=\"col-xl-12 p-0\">\n                    <div class=\"accordion-org accordion-oc accordion-default\"\n                        id=\"advance-accordion-block_3c66070f7c12a802d0d19d44e83442bfac\">\n                                                            <div class=\"accordion-item\">\n                                        <h4 class=\"accordion-header\"\n                                            id=\"advance-accordion-block_3c66070f7c12a802d0d19d44e83442bfheading1\">\n                                            <button class=\"accordion-button collapsed\" type=\"button\" data-bs-toggle=\"collapse\"\n                                                data-bs-target=\"#advance-accordion-block_3c66070f7c12a802d0d19d44e83442bfcollapse1\"\n                                                aria-expanded=\"false\" aria-controls=\"collapseThree\">\n                                                Produtos                                                <ion-icon name=\"chevron-down-outline\"><\/ion-icon>\n                                            <\/button>\n                                        <\/h4>\n                                        <div id=\"advance-accordion-block_3c66070f7c12a802d0d19d44e83442bfcollapse1\"\n                                            class=\"accordion-collapse collapse\"\n                                            aria-labelledby=\"advance-accordion-block_3c66070f7c12a802d0d19d44e83442bfheading1\"\n                                             data-bs-parent=\"#advance-accordion-block_3c66070f7c12a802d0d19d44e83442bfac\" >\n                                            <div class=\"accordion-body\">\n                                                <ul>\n<li class=\"column\"><strong class=\"columnheader1\">CARDIOVASCULAR<\/strong>\n<ul>\n<li><a href=\"https:\/\/organonpro.com\/pt-pt\/product\/atozet\/indicacoes-terapeuticas\/\">ATOZET\u00ae<br \/>\n<em>(Ezetimiba + Atorvastatina)<\/em><\/a><\/li>\n<li><a href=\"https:\/\/organonpro.com\/pt-pt\/product\/cozaar\/indicacoes-terapeuticas\/\">COZAAR\u00ae<br \/>\n<em>(Losartan)<\/em><\/a><\/li>\n<li><a href=\"https:\/\/organonpro.com\/pt-pt\/product\/cozaar-plus\/indicacoes-terapeuticas\/\">COZAAR PLUS\u00ae<br \/>\n<em>(Losartan + Hidroclorotiazida)<\/em><\/a><\/li>\n<li><a href=\"https:\/\/organonpro.com\/pt-pt\/product\/ezetrol\/indicacoes-terapeuticas\/\">EZETROL\u00ae<br \/>\n<em>(Ezetimiba)<\/em><\/a><\/li>\n<li><a href=\"https:\/\/organonpro.com\/pt-pt\/product\/fortzaar\/indicacoes-terapeuticas\/\">FORTZAAR\u00ae<br \/>\n<em>(Losartan + Hidroclorotiazida)<\/em><\/a><\/li>\n<li><a href=\"https:\/\/organonpro.com\/pt-pt\/product\/inegy\/indicacoes-terapeuticas\/\">INEGY\u00ae<br \/>\n<em>(Ezetimiba + Sinvastatina)<\/em><\/a><\/li>\n<li><a href=\"https:\/\/organonpro.com\/pt-pt\/product\/renidur\/indicacoes-terapeuticas\/\">RENIDUR\u00ae<br \/>\n<em>(Enalapril + Hidroclorotiazida)<\/em><\/a><\/li>\n<li><a href=\"https:\/\/organonpro.com\/pt-pt\/product\/renitec\/indicacoes-terapeuticas\/\">RENITEC\u00ae<br \/>\n<em>(Enalapril)<\/em><\/a><\/li>\n<li><a href=\"https:\/\/organonpro.com\/pt-pt\/product\/vytorin\/indicacoes-terapeuticas\/\">VYTORIN\u00ae<br \/>\n<em>(Sinvastatina + Ezetimiba)<\/em><\/a><\/li>\n<li><a href=\"https:\/\/organonpro.com\/pt-pt\/product\/zocor\/indicacoes-terapeuticas\/\">ZOCOR\u00ae<br \/>\n<em>(Sinvastatina)<\/em><\/a><\/li>\n<\/ul>\n<\/li>\n<\/ul>\n<p>&nbsp;<\/p>\n<ul>\n<li class=\"column\"><strong class=\"columnheader2\">CONTRACE\u00c7\u00c3O<\/strong>\n<ul>\n<li><a href=\"https:\/\/organonpro.com\/pt-pt\/product\/circlet\/indicacoes-terapeuticas\/\">CIRCLET\u00ae<br \/>\n<em>(Etinilestradiol + Etonogestrel)<\/em><\/a><\/li>\n<li><a href=\"https:\/\/organonpro.com\/pt-pt\/product\/implanon-nxt\/indicacoes-terapeuticas\/\">IMPLANON NXT\u00ae<br \/>\n<em>(Etonogestrel)<\/em><\/a><\/li>\n<li><a href=\"https:\/\/organonpro.com\/pt-pt\/product\/nuvaring\/indicacoes-terapeuticas\/\">NUVARING\u00ae<br \/>\n<em>(Etinilestradiol + Etonogestrel)<\/em><\/a><\/li>\n<li><a href=\"https:\/\/organonpro.com\/pt-pt\/product\/cerazette\/indicacoes-terapeuticas\/\">CERAZETTE\u00ae<br \/>\n<em>(Desogestrel)<\/em><\/a><\/li>\n<li><a href=\"https:\/\/organonpro.com\/pt-pt\/product\/marvelon\/indicacoes-terapeuticas\/\">MARVELON\u00ae<br \/>\n<em>(Desogestrel + Etinilestradiol)<\/em><\/a><\/li>\n<li><a href=\"https:\/\/organonpro.com\/pt-pt\/product\/mercilon\/indicacoes-terapeuticas\/\">MERCILON\u00ae<br \/>\n<em>(Desogestrel + Etinilestradiol)<\/em><\/a><\/li>\n<\/ul>\n<\/li>\n<\/ul>\n<p>&nbsp;<\/p>\n<ul class=\"subnode col10\">\n<li class=\"column\"><strong class=\"columnheader3\">DERMATOLOGIA<\/strong>\n<ul>\n<li><a href=\"https:\/\/organonpro.com\/pt-pt\/product\/cilestoderme\/indicacoes-terapeuticas\/\">CILESTODERME\u00ae<br \/>\n<em>(Valerato de betametasona)<\/em><\/a><\/li>\n<li><a href=\"https:\/\/organonpro.com\/pt-pt\/product\/diprogenta\/indicacoes-terapeuticas\/\">DIPROGENTA\u00ae<br \/>\n<em>(Dipropionato de betametasona + Gentamicina)<\/em><\/a><\/li>\n<li><a href=\"https:\/\/organonpro.com\/pt-pt\/product\/diprosalic\/indicacoes-terapeuticas\/\">DIPROSALIC\u00ae<br \/>\n<em>(Dipropionato de betametasona + \u00c1cido salic\u00edlico)<\/em><\/a><\/li>\n<li><a href=\"https:\/\/organonpro.com\/pt-pt\/product\/diprosone\/indicacoes-terapeuticas\/\">DIPROSONE\u00ae<br \/>\n<em>(Dipropionato de Betametasona)<\/em><\/a><\/li>\n<li><a href=\"https:\/\/organonpro.com\/pt-pt\/product\/diprosone-nv\/indicacoes-terapeuticas\/\">DIPROSONE NV\u00ae<br \/>\n<em>(Dipropionato de betametasona)<\/em><\/a><\/li>\n<li><a href=\"https:\/\/organonpro.com\/pt-pt\/product\/elocom\/indicacoes-terapeuticas\/\">ELOCOM\u00ae<br \/>\n<em>(Furoato de mometasona)<\/em><\/a><\/li>\n<li><a href=\"https:\/\/organonpro.com\/pt-pt\/product\/epione\/indicacoes-terapeuticas\/\">EPIONE\u00ae<br \/>\n<em>(Valerato de betametasona + Gentamicina)<\/em><\/a><\/li>\n<li><a href=\"https:\/\/organonpro.com\/pt-pt\/product\/flotiran\/indicacoes-terapeuticas\/\">FLOTIRAN\u00ae<br \/>\n<em>(Dipropionato de betametasona + Clotrimazol)<\/em><\/a><\/li>\n<li><a href=\"https:\/\/organonpro.com\/pt-pt\/product\/soluderme\/indicacoes-terapeuticas\/\">SOLUDERME\u00ae<br \/>\n<em>(Dipropionato de betametasona)<\/em><\/a><\/li>\n<\/ul>\n<\/li>\n<\/ul>\n<p>&nbsp;<\/p>\n<ul class=\"subnode col10\">\n<li class=\"column\"><strong class=\"columnheader4\">FERTILIDADE<\/strong>\n<ul>\n<li><a href=\"https:\/\/organonpro.com\/pt-pt\/product\/elonva\/indicacoes-terapeuticas\/\">ELONVA\u00ae<br \/>\n<em>(Corifolitropina alfa)<\/em><\/a><\/li>\n<li><a href=\"https:\/\/organonpro.com\/pt-pt\/product\/puregon\/indicacoes-terapeuticas\/\">PUREGON\u00ae<br \/>\n<em>(Folitropina beta)<\/em><\/a><\/li>\n<li><a href=\"https:\/\/organonpro.com\/pt-pt\/product\/orgalutran\/indicacoes-terapeuticas\/\">ORGALUTRAN\u00ae<br \/>\n<em>(Ganirelix)<\/em><\/a><\/li>\n<\/ul>\n<\/li>\n<\/ul>\n<p>&nbsp;<\/p>\n<ul class=\"subnode col10\">\n<li class=\"column\"><strong class=\"columnheader5\">MENOPAUSA<\/strong>\n<ul>\n<li><a href=\"https:\/\/organonpro.com\/pt-pt\/product\/livial\/indicacoes-terapeuticas\/\">LIVIAL\u00ae<br \/>\n<em>(Tibolona)<\/em><\/a><\/li>\n<\/ul>\n<\/li>\n<\/ul>\n<p>&nbsp;<\/p>\n<ul class=\"subnode col10\">\n<li class=\"column\"><strong class=\"columnheader6\">NEURO-PSIQUIATRIA<\/strong>\n<ul>\n<li><a href=\"https:\/\/organonpro.com\/pt-pt\/product\/sinemet\/indicacoes-terapeuticas\/\">SINEMET\u00ae<br \/>\n<em>(Levodopa + Carbidopa)<\/em><\/a><\/li>\n<li><a href=\"https:\/\/organonpro.com\/pt-pt\/product\/maxalt\/indicacoes-terapeuticas\/\">MAXALT\u00ae<br \/>\n<em>(Rizatriptano)<\/em><\/a><\/li>\n<li><a href=\"https:\/\/organonpro.com\/pt-pt\/product\/remeron-soltab\/indicacoes-terapeuticas\/\">REMERON SOLTAB\u00ae<br \/>\n<em>(Mirtazapina)<\/em><\/a><\/li>\n<li><a href=\"https:\/\/organonpro.com\/pt-pt\/product\/tolvon\/indicacoes-terapeuticas\/\">TOLVON\u00ae<br \/>\n<em>(Mianserina)<\/em><\/a><\/li>\n<li><a href=\"https:\/\/organonpro.com\/pt-pt\/product\/taloxa\/indicacoes-terapeuticas\/\">TALOXA\u00ae<br \/>\n<em>(Felbamato)<\/em><\/a><\/li>\n<\/ul>\n<\/li>\n<\/ul>\n<p>&nbsp;<\/p>\n<ul class=\"subnode col10\">\n<li class=\"column\"><strong class=\"columnheader7\">OSSO &amp; DOR<\/strong>\n<ul>\n<li><a href=\"https:\/\/organonpro.com\/pt-pt\/product\/adrovance%ef%bf%bc\/indicacoes-terapeuticas\/\">ADROVANCE\u00ae<br \/>\n<em>(\u00c1cido alendr\u00f3nico + Colecalciferol)<\/em><\/a><\/li>\n<li><a href=\"https:\/\/organonpro.com\/pt-pt\/product\/arcoxia%ef%bf%bc\/indicacoes-terapeuticas\/\">ARCOXIA\u00ae<br \/>\n<em>(Etoricoxib)<\/em><\/a><\/li>\n<li><a href=\"https:\/\/organonpro.com\/pt-pt\/product\/diprofos\/indicacoes-terapeuticas\/\">DIPROFOS DEPOT\u00ae<br \/>\n<em>(Fosfato s\u00f3dico de betametasona + Dipropionato de betametasona)<\/em><\/a><\/li>\n<li><a href=\"https:\/\/organonpro.com\/pt-pt\/product\/exxiv\/indicacoes-terapeuticas\/\">EXXIV\u00ae<br \/>\n<em>(Etoricoxib)<\/em><\/a><\/li>\n<li><a href=\"https:\/\/organonpro.com\/pt-pt\/product\/turox\/indicacoes-terapeuticas\/\">TUROX\u00ae<br \/>\n<em>(Etoricoxib)<\/em><\/a><\/li>\n<li><a href=\"https:\/\/organonpro.com\/pt-pt\/product\/fosavance\/indicacoes-terapeuticas\/\">FOSAVANCE\u00ae<br \/>\n<em>(\u00c1cido alendr\u00f3nico + Colecalciferol)<\/em><\/a><\/li>\n<li><a href=\"https:\/\/organonpro.com\/pt-pt\/product\/fosamax\/indicacoes-terapeuticas\/\">FOSAMAX\u00ae<br \/>\n<em>(\u00c1cido alendr\u00f3nico)<\/em><\/a><\/li>\n<\/ul>\n<\/li>\n<\/ul>\n<p>&nbsp;<\/p>\n<ul class=\"subnode col10\">\n<li class=\"column\"><strong class=\"columnheader8\">RESPIRAT\u00d3RIA<\/strong>\n<ul>\n<li><a href=\"https:\/\/organonpro.com\/pt-pt\/product\/aerius\/indicacoes-terapeuticas\/\">AERIUS\u00ae<br \/>\n<em>(Desloratadina)<\/em><\/a><\/li>\n<li><a href=\"https:\/\/organonpro.com\/pt-pt\/product\/aerinaze\/indicacoes-terapeuticas\/\">AERINAZE\u00ae<br \/>\n<em>(Desloratadina + Sulfato de Pseudofedrina)<\/em><\/a><\/li>\n<li><a href=\"https:\/\/organonpro.com\/pt-pt\/product\/nasomet\/indicacoes-terapeuticas\/\">NASOMET\u00ae<br \/>\n<em>(Furoato de mometasona)<\/em><\/a><\/li>\n<li><a href=\"https:\/\/organonpro.com\/pt-pt\/product\/singulair\/indicacoes-terapeuticas\/\">SINGULAIR\u00ae<br \/>\n<em>(Montelucaste)<\/em><\/a><\/li>\n<li><a href=\"https:\/\/organonpro.com\/pt-pt\/product\/celestone\/indicacoes-terapeuticas\/\">CELESTONE\u00ae<br \/>\n<em>(Betametasona)<\/em><\/a><\/li>\n<\/ul>\n<\/li>\n<\/ul>\n<p>&nbsp;<\/p>\n<ul class=\"subnode col10\">\n<li class=\"column\"><strong class=\"columnheader9\">BIOSSIMILARES<\/strong>\n<ul>\n<li><a href=\"https:\/\/organonpro.com\/pt-pt\/product\/ontruzant\/indicacoes-terapeuticas\/\">ONTRUZANT\u00ae<br \/>\n<em>(Trastuzumab)<\/em><\/a><\/li>\n<\/ul>\n<\/li>\n<\/ul>\n<p>&nbsp;<\/p>\n<ul class=\"subnode col10\">\n<li class=\"column\"><strong class=\"columnheader10\">SA\u00daDE MASCULINA<\/strong>\n<ul>\n<li><a href=\"https:\/\/organonpro.com\/pt-pt\/product\/proscar\/indicacoes-terapeuticas\/\">PROSCAR\u00ae<br \/>\n<em>(Finasterida)<\/em><\/a><\/li>\n<li><a href=\"https:\/\/organonpro.com\/pt-pt\/product\/propecia\/indicacoes-terapeuticas\/\">PROPECIA\u00ae<br \/>\n<em>(Finasterida)<\/em><\/a><\/li>\n<\/ul>\n<\/li>\n<\/ul>\n                                            <\/div>\n                                        <\/div>\n                                    <\/div>\n                                                                        <div class=\"accordion-item\">\n                                        <h4 class=\"accordion-header\"\n                                            id=\"advance-accordion-block_3c66070f7c12a802d0d19d44e83442bfheading2\">\n                                            <button class=\"accordion-button collapsed\" type=\"button\" data-bs-toggle=\"collapse\"\n                                                data-bs-target=\"#advance-accordion-block_3c66070f7c12a802d0d19d44e83442bfcollapse2\"\n                                                aria-expanded=\"false\" aria-controls=\"collapseThree\">\n                                                \u00c1reas Terap\u00eauticas                                                <ion-icon name=\"chevron-down-outline\"><\/ion-icon>\n                                            <\/button>\n                                        <\/h4>\n                                        <div id=\"advance-accordion-block_3c66070f7c12a802d0d19d44e83442bfcollapse2\"\n                                            class=\"accordion-collapse collapse\"\n                                            aria-labelledby=\"advance-accordion-block_3c66070f7c12a802d0d19d44e83442bfheading2\"\n                                             data-bs-parent=\"#advance-accordion-block_3c66070f7c12a802d0d19d44e83442bfac\" >\n                                            <div class=\"accordion-body\">\n                                                <ul>\n<li><a href=\"https:\/\/organonpro.com\/pt-pt\/patologia\/contracecao\/informacao\/\">Contrace\u00e7\u00e3o<br \/>\n<\/a><\/li>\n<li><a href=\"https:\/\/organonpro.com\/pt-pt\/patologia\/dislipidemia\/informacao\/\">Dislipidemia<br \/>\n<\/a><\/li>\n<li><a href=\"https:\/\/organonpro.com\/pt-pt\/patologia\/fertilidade\/informacao\/\">Fertilidade<\/a><\/li>\n<\/ul>\n                                            <\/div>\n                                        <\/div>\n                                    <\/div>\n                                                                        <div class=\"accordion-item\">\n                                        <h4 class=\"accordion-header\"\n                                            id=\"advance-accordion-block_3c66070f7c12a802d0d19d44e83442bfheading3\">\n                                            <button class=\"accordion-button collapsed\" type=\"button\" data-bs-toggle=\"collapse\"\n                                                data-bs-target=\"#advance-accordion-block_3c66070f7c12a802d0d19d44e83442bfcollapse3\"\n                                                aria-expanded=\"false\" aria-controls=\"collapseThree\">\n                                                Educa\u00e7\u00e3o M\u00e9dica                                                <ion-icon name=\"chevron-down-outline\"><\/ion-icon>\n                                            <\/button>\n                                        <\/h4>\n                                        <div id=\"advance-accordion-block_3c66070f7c12a802d0d19d44e83442bfcollapse3\"\n                                            class=\"accordion-collapse collapse\"\n                                            aria-labelledby=\"advance-accordion-block_3c66070f7c12a802d0d19d44e83442bfheading3\"\n                                             data-bs-parent=\"#advance-accordion-block_3c66070f7c12a802d0d19d44e83442bfac\" >\n                                            <div class=\"accordion-body\">\n                                                <ul>\n<li><a href=\"https:\/\/organonpro.com\/pt-pt\/recursos_profissionais\/webinars\/\">Webinars<\/a><\/li>\n<li><a href=\"https:\/\/organonpro.com\/pt-pt\/recursos_profissionais\/guidelines-e-consensos\/consenso-spdc-2020\/\">Guidelines e Consensos &#8211; Consenso SPDC 2020<br \/>\n<\/a><\/li>\n<li><a href=\"https:\/\/organonpro.com\/pt-pt\/recursos_profissionais\/guidelines-e-consensos\/guidelines-europeias-para-a-dislipidemia\/\">Guidelines e Consensos &#8211; Guidelines europeias para a dislipidemia<br \/>\n<\/a><\/li>\n<\/ul>\n                                            <\/div>\n                                        <\/div>\n                                    <\/div>\n                                                                        <div class=\"accordion-item\">\n                                        <h4 class=\"accordion-header\"\n                                            id=\"advance-accordion-block_3c66070f7c12a802d0d19d44e83442bfheading4\">\n                                            <button class=\"accordion-button collapsed\" type=\"button\" data-bs-toggle=\"collapse\"\n                                                data-bs-target=\"#advance-accordion-block_3c66070f7c12a802d0d19d44e83442bfcollapse4\"\n                                                aria-expanded=\"false\" aria-controls=\"collapseThree\">\n                                                Apoio ao Doente                                                <ion-icon name=\"chevron-down-outline\"><\/ion-icon>\n                                            <\/button>\n                                        <\/h4>\n                                        <div id=\"advance-accordion-block_3c66070f7c12a802d0d19d44e83442bfcollapse4\"\n                                            class=\"accordion-collapse collapse\"\n                                            aria-labelledby=\"advance-accordion-block_3c66070f7c12a802d0d19d44e83442bfheading4\"\n                                             data-bs-parent=\"#advance-accordion-block_3c66070f7c12a802d0d19d44e83442bfac\" >\n                                            <div class=\"accordion-body\">\n                                                <ul>\n<li><a href=\"https:\/\/organonpro.com\/pt-pt\/apoio-ao-doente\/videos\/\">Videos<br \/>\n<\/a><\/li>\n<li><a href=\"https:\/\/organonpro.com\/pt-pt\/apoio-ao-doente\/websites\/contracecao-pt\/\">Websites &#8211; Contrace\u00e7\u00e3o.pt<\/a><\/li>\n<\/ul>\n                                            <\/div>\n                                        <\/div>\n                                    <\/div>\n                                                        <\/div>\n                <\/div>\n            <\/div>\n        <\/div>\n    <\/section>\n","protected":false},"excerpt":{"rendered":"","protected":false},"author":15,"featured_media":0,"parent":0,"menu_order":0,"comment_status":"closed","ping_status":"closed","template":"","meta":{"_acf_changed":false,"footnotes":""},"class_list":["post-54","page","type-page","status-publish","hentry"],"acf":[],"yoast_head":"<!-- This site is optimized with the Yoast SEO Premium plugin v20.11 (Yoast SEO v26.6) - https:\/\/yoast.com\/wordpress\/plugins\/seo\/ -->\n<title>Mapa do Site - Bem-vindo ao Organon Pro Portugal - O Portal para Profissionais de Sa\u00fade<\/title>\n<meta name=\"robots\" content=\"index, follow, max-snippet:-1, max-image-preview:large, max-video-preview:-1\" \/>\n<link rel=\"canonical\" href=\"https:\/\/organonpro.com\/pt-pt\/mapa-do-site\/\" \/>\n<meta property=\"og:locale\" content=\"en_US\" \/>\n<meta property=\"og:type\" content=\"article\" \/>\n<meta property=\"og:title\" content=\"Mapa do Site\" \/>\n<meta property=\"og:url\" content=\"https:\/\/organonpro.com\/pt-pt\/mapa-do-site\/\" \/>\n<meta property=\"og:site_name\" content=\"Bem-vindo ao Organon Pro Portugal - O Portal para Profissionais de Sa\u00fade\" \/>\n<meta property=\"article:modified_time\" content=\"2024-05-15T09:04:42+00:00\" \/>\n<meta property=\"og:image\" content=\"https:\/\/organonpro.com\/pt-pt\/wp-content\/uploads\/sites\/30\/2022\/12\/organon-pro-og-img.png\" \/>\n\t<meta property=\"og:image:width\" content=\"1200\" \/>\n\t<meta property=\"og:image:height\" content=\"630\" \/>\n\t<meta property=\"og:image:type\" content=\"image\/png\" \/>\n<meta name=\"twitter:card\" content=\"summary_large_image\" \/>\n<script type=\"application\/ld+json\" class=\"yoast-schema-graph\">{\"@context\":\"https:\/\/schema.org\",\"@graph\":[{\"@type\":\"WebPage\",\"@id\":\"https:\/\/organonpro.com\/pt-pt\/mapa-do-site\/\",\"url\":\"https:\/\/organonpro.com\/pt-pt\/mapa-do-site\/\",\"name\":\"Mapa do Site - Bem-vindo ao Organon Pro Portugal - O Portal para Profissionais de Sa\u00fade\",\"isPartOf\":{\"@id\":\"https:\/\/organonpro.com\/pt-pt\/#website\"},\"datePublished\":\"2022-09-27T07:23:20+00:00\",\"dateModified\":\"2024-05-15T09:04:42+00:00\",\"breadcrumb\":{\"@id\":\"https:\/\/organonpro.com\/pt-pt\/mapa-do-site\/#breadcrumb\"},\"inLanguage\":\"en-US\",\"potentialAction\":[{\"@type\":\"ReadAction\",\"target\":[\"https:\/\/organonpro.com\/pt-pt\/mapa-do-site\/\"]}]},{\"@type\":\"BreadcrumbList\",\"@id\":\"https:\/\/organonpro.com\/pt-pt\/mapa-do-site\/#breadcrumb\",\"itemListElement\":[{\"@type\":\"ListItem\",\"position\":1,\"name\":\"Home\",\"item\":\"https:\/\/organonpro.com\/pt-pt\/\"},{\"@type\":\"ListItem\",\"position\":2,\"name\":\"Mapa do Site\"}]},{\"@type\":\"WebSite\",\"@id\":\"https:\/\/organonpro.com\/pt-pt\/#website\",\"url\":\"https:\/\/organonpro.com\/pt-pt\/\",\"name\":\"Bem-vindo ao Organon Pro Portugal - O Portal para Profissionais de Sa\u00fade\",\"description\":\"Descricao teste\",\"potentialAction\":[{\"@type\":\"SearchAction\",\"target\":{\"@type\":\"EntryPoint\",\"urlTemplate\":\"https:\/\/organonpro.com\/pt-pt\/?s={search_term_string}\"},\"query-input\":{\"@type\":\"PropertyValueSpecification\",\"valueRequired\":true,\"valueName\":\"search_term_string\"}}],\"inLanguage\":\"en-US\"}]}<\/script>\n<!-- \/ Yoast SEO Premium plugin. -->","yoast_head_json":{"title":"Mapa do Site - Bem-vindo ao Organon Pro Portugal - O Portal para Profissionais de Sa\u00fade","robots":{"index":"index","follow":"follow","max-snippet":"max-snippet:-1","max-image-preview":"max-image-preview:large","max-video-preview":"max-video-preview:-1"},"canonical":"https:\/\/organonpro.com\/pt-pt\/mapa-do-site\/","og_locale":"en_US","og_type":"article","og_title":"Mapa do Site","og_url":"https:\/\/organonpro.com\/pt-pt\/mapa-do-site\/","og_site_name":"Bem-vindo ao Organon Pro Portugal - O Portal para Profissionais de Sa\u00fade","article_modified_time":"2024-05-15T09:04:42+00:00","og_image":[{"width":1200,"height":630,"url":"https:\/\/organonpro.com\/pt-pt\/wp-content\/uploads\/sites\/30\/2022\/12\/organon-pro-og-img.png","type":"image\/png"}],"twitter_card":"summary_large_image","schema":{"@context":"https:\/\/schema.org","@graph":[{"@type":"WebPage","@id":"https:\/\/organonpro.com\/pt-pt\/mapa-do-site\/","url":"https:\/\/organonpro.com\/pt-pt\/mapa-do-site\/","name":"Mapa do Site - Bem-vindo ao Organon Pro Portugal - O Portal para Profissionais de Sa\u00fade","isPartOf":{"@id":"https:\/\/organonpro.com\/pt-pt\/#website"},"datePublished":"2022-09-27T07:23:20+00:00","dateModified":"2024-05-15T09:04:42+00:00","breadcrumb":{"@id":"https:\/\/organonpro.com\/pt-pt\/mapa-do-site\/#breadcrumb"},"inLanguage":"en-US","potentialAction":[{"@type":"ReadAction","target":["https:\/\/organonpro.com\/pt-pt\/mapa-do-site\/"]}]},{"@type":"BreadcrumbList","@id":"https:\/\/organonpro.com\/pt-pt\/mapa-do-site\/#breadcrumb","itemListElement":[{"@type":"ListItem","position":1,"name":"Home","item":"https:\/\/organonpro.com\/pt-pt\/"},{"@type":"ListItem","position":2,"name":"Mapa do Site"}]},{"@type":"WebSite","@id":"https:\/\/organonpro.com\/pt-pt\/#website","url":"https:\/\/organonpro.com\/pt-pt\/","name":"Bem-vindo ao Organon Pro Portugal - O Portal para Profissionais de Sa\u00fade","description":"Descricao teste","potentialAction":[{"@type":"SearchAction","target":{"@type":"EntryPoint","urlTemplate":"https:\/\/organonpro.com\/pt-pt\/?s={search_term_string}"},"query-input":{"@type":"PropertyValueSpecification","valueRequired":true,"valueName":"search_term_string"}}],"inLanguage":"en-US"}]}},"_links":{"self":[{"href":"https:\/\/organonpro.com\/pt-pt\/wp-json\/wp\/v2\/pages\/54","targetHints":{"allow":["GET"]}}],"collection":[{"href":"https:\/\/organonpro.com\/pt-pt\/wp-json\/wp\/v2\/pages"}],"about":[{"href":"https:\/\/organonpro.com\/pt-pt\/wp-json\/wp\/v2\/types\/page"}],"author":[{"embeddable":true,"href":"https:\/\/organonpro.com\/pt-pt\/wp-json\/wp\/v2\/users\/15"}],"replies":[{"embeddable":true,"href":"https:\/\/organonpro.com\/pt-pt\/wp-json\/wp\/v2\/comments?post=54"}],"version-history":[{"count":32,"href":"https:\/\/organonpro.com\/pt-pt\/wp-json\/wp\/v2\/pages\/54\/revisions"}],"predecessor-version":[{"id":3323,"href":"https:\/\/organonpro.com\/pt-pt\/wp-json\/wp\/v2\/pages\/54\/revisions\/3323"}],"wp:attachment":[{"href":"https:\/\/organonpro.com\/pt-pt\/wp-json\/wp\/v2\/media?parent=54"}],"curies":[{"name":"wp","href":"https:\/\/api.w.org\/{rel}","templated":true}]}}