{"id":50,"date":"2022-09-27T07:19:29","date_gmt":"2022-09-27T07:19:29","guid":{"rendered":"https:\/\/organonpro.com\/pt-pt\/?page_id=50"},"modified":"2023-11-28T09:42:31","modified_gmt":"2023-11-28T09:42:31","slug":"termos-de-uso","status":"publish","type":"page","link":"https:\/\/organonpro.com\/pt-pt\/termos-de-uso\/","title":{"rendered":"Termos de Uso"},"content":{"rendered":"\n<figure class=\"wp-block-image size-large is-resized\"><img loading=\"lazy\" decoding=\"async\" src=\"https:\/\/organonpro.com\/pt-pt\/wp-content\/uploads\/sites\/30\/2022\/09\/slider-home-3.jpg?w=640\" alt=\"\" class=\"wp-image-882\" width=\"1024\" height=\"360\" srcset=\"https:\/\/organonpro.com\/pt-pt\/wp-content\/uploads\/sites\/30\/2022\/09\/slider-home-3.jpg 1200w, https:\/\/organonpro.com\/pt-pt\/wp-content\/uploads\/sites\/30\/2022\/09\/slider-home-3.jpg?resize=300,106 300w, https:\/\/organonpro.com\/pt-pt\/wp-content\/uploads\/sites\/30\/2022\/09\/slider-home-3.jpg?resize=768,270 768w, https:\/\/organonpro.com\/pt-pt\/wp-content\/uploads\/sites\/30\/2022\/09\/slider-home-3.jpg?resize=1024,360 1024w, https:\/\/organonpro.com\/pt-pt\/wp-content\/uploads\/sites\/30\/2022\/09\/slider-home-3.jpg?resize=288,101 288w, https:\/\/organonpro.com\/pt-pt\/wp-content\/uploads\/sites\/30\/2022\/09\/slider-home-3.jpg?resize=800,281 800w, https:\/\/organonpro.com\/pt-pt\/wp-content\/uploads\/sites\/30\/2022\/09\/slider-home-3.jpg?resize=400,141 400w, https:\/\/organonpro.com\/pt-pt\/wp-content\/uploads\/sites\/30\/2022\/09\/slider-home-3.jpg?resize=720,253 720w, https:\/\/organonpro.com\/pt-pt\/wp-content\/uploads\/sites\/30\/2022\/09\/slider-home-3.jpg?resize=375,132 375w, https:\/\/organonpro.com\/pt-pt\/wp-content\/uploads\/sites\/30\/2022\/09\/slider-home-3.jpg?resize=150,53 150w, https:\/\/organonpro.com\/pt-pt\/wp-content\/uploads\/sites\/30\/2022\/09\/slider-home-3.jpg?resize=396,139 396w, https:\/\/organonpro.com\/pt-pt\/wp-content\/uploads\/sites\/30\/2022\/09\/slider-home-3.jpg?resize=100,35 100w, https:\/\/organonpro.com\/pt-pt\/wp-content\/uploads\/sites\/30\/2022\/09\/slider-home-3.jpg?resize=426,150 426w, https:\/\/organonpro.com\/pt-pt\/wp-content\/uploads\/sites\/30\/2022\/09\/slider-home-3.jpg?resize=64,23 64w, https:\/\/organonpro.com\/pt-pt\/wp-content\/uploads\/sites\/30\/2022\/09\/slider-home-3.jpg?resize=616,217 616w, https:\/\/organonpro.com\/pt-pt\/wp-content\/uploads\/sites\/30\/2022\/09\/slider-home-3.jpg?resize=190,67 190w, https:\/\/organonpro.com\/pt-pt\/wp-content\/uploads\/sites\/30\/2022\/09\/slider-home-3.jpg?resize=174,61 174w, https:\/\/organonpro.com\/pt-pt\/wp-content\/uploads\/sites\/30\/2022\/09\/slider-home-3.jpg?resize=301,106 301w, https:\/\/organonpro.com\/pt-pt\/wp-content\/uploads\/sites\/30\/2022\/09\/slider-home-3.jpg?resize=638,224 638w, https:\/\/organonpro.com\/pt-pt\/wp-content\/uploads\/sites\/30\/2022\/09\/slider-home-3.jpg?resize=569,200 569w\" sizes=\"auto, (max-width: 1024px) 100vw, 1024px\" \/><\/figure>\n\n\n\n<p>Este&nbsp;<em>website<\/em>&nbsp;\u00e9 propriedade da Organon, que o mant\u00e9m operacional.<\/p>\n\n\n\n<p>Este&nbsp;<em>website<\/em>&nbsp;e o seu conte\u00fado foram concebidos em conformidade com a legisla\u00e7\u00e3o em vigor.<\/p>\n\n\n\n<p>Leia cuidadosamente e analise as seguintes condi\u00e7\u00f5es de utiliza\u00e7\u00e3o do acordo antes de utilizar este&nbsp;<em>website<\/em>. Ao utilizar este&nbsp;<em>website<\/em>, est\u00e1 a concordar com o Acordo sobre as Condi\u00e7\u00f5es de Utiliza\u00e7\u00e3o. No caso de discordar, deve por favor sair do&nbsp;<em>website<\/em>&nbsp;e ignorar a informa\u00e7\u00e3o nele contida.<\/p>\n\n\n\n<h2 class=\"wp-block-heading\">ACEITA\u00c7\u00c3O<\/h2>\n\n\n\n<p>Ao utilizar este&nbsp;<em>website<\/em>, aceita ficar sujeito ao Acordo sobre as Condi\u00e7\u00f5es de Utiliza\u00e7\u00e3o e ao seu cumprimento. A Organon reserva o direito de alterar as condi\u00e7\u00f5es de utiliza\u00e7\u00e3o periodicamente, conforme for necess\u00e1rio. Daremos sempre not\u00edcia das altera\u00e7\u00f5es e das datas de entrada em vigor no contexto do presente Acordo sobre as Condi\u00e7\u00f5es de Utiliza\u00e7\u00e3o do&nbsp;<em>website<\/em>. Poder\u00e1 ver a vers\u00e3o em vigor do Acordo sobre as Condi\u00e7\u00f5es de Utiliza\u00e7\u00e3o em qualquer altura, atrav\u00e9s da liga\u00e7\u00e3o no fundo de cada p\u00e1gina no&nbsp;<em>website<\/em>.<\/p>\n\n\n\n<h2 class=\"wp-block-heading\">CONCEITOS<\/h2>\n\n\n\n<p>Comunica\u00e7\u00e3o e\/ou Atividade:<\/p>\n\n\n\n<ul class=\"wp-block-list\">\n<li>de Educa\u00e7\u00e3o M\u00e9dica e Forma\u00e7\u00e3o, que visa a transmiss\u00e3o de conhecimento cient\u00edfico no \u00e2mbito do registo da atividade da Ind\u00fastria Farmac\u00eautica;<\/li>\n\n\n\n<li>Promocional, que tem por objeto a promo\u00e7\u00e3o da prescri\u00e7\u00e3o, dispensa e administra\u00e7\u00e3o de medicamentos, e tamb\u00e9m de outras atividades ao abrigo do Estatuto do Medicamento (p.e. dispensa de amostras);<\/li>\n\n\n\n<li>Institucional, desenvolvida para assuntos de car\u00e1cter social, corporativo, e de pol\u00edticas da Sa\u00fade;<\/li>\n\n\n\n<li>de Transpar\u00eancia, para cumprimento das condi\u00e7\u00f5es legais previstas no Estatuto do Medicamento, designadamente nos preceitos da Publicidade e C\u00f3digo Deontol\u00f3gico da EFPIA \u2013&nbsp;<em>\u201cEuropean Federation of Pharmaceutical Industries Association\u201d<\/em>.<\/li>\n<\/ul>\n\n\n\n<h2 class=\"wp-block-heading\">\u00c2MBITO<\/h2>\n\n\n\n<p>As condi\u00e7\u00f5es de utiliza\u00e7\u00e3o estabelecidas no presente acordo s\u00f3 s\u00e3o aplic\u00e1veis \u00e0 sua utiliza\u00e7\u00e3o do&nbsp;<em>website<\/em>. A Organon mant\u00e9m operacionais outros&nbsp;<em>websites<\/em>&nbsp;regidos por cl\u00e1usulas pr\u00f3prias, como neles vem especificado.<\/p>\n\n\n\n<h2 class=\"wp-block-heading\">EXONERA\u00c7\u00c3O DE RESPONSABILIDADES<\/h2>\n\n\n\n<p>Embora possam constar deste&nbsp;<em>website<\/em>&nbsp;informa\u00e7\u00f5es relacionadas com determinadas situa\u00e7\u00f5es m\u00e9dicas e respetivo tratamento, caso exista uma situa\u00e7\u00e3o m\u00e9dica deve consultar imediatamente o seu m\u00e9dico particular ou outro prestador de cuidados de sa\u00fade. N\u00f3s n\u00e3o disponibilizamos diagn\u00f3sticos m\u00e9dicos personalizados, nem oferecemos aconselhamento terap\u00eautico espec\u00edfico do doente. De facto, s\u00f3 o seu m\u00e9dico ou outro prestador de cuidados de sa\u00fade, na qualidade de intermedi\u00e1rio com conhecimento, poder\u00e1 decidir se o produto descrito neste ou noutro web site \u00e9 conveniente para si. Contacte o seu m\u00e9dico ou outro profissional de sa\u00fade qualificado antes de usar qualquer produto descrito neste ou noutro&nbsp;<em>website<\/em>.<\/p>\n\n\n\n<h2 class=\"wp-block-heading\">DESCRI\u00c7\u00c3O DOS SERVI\u00c7OS<\/h2>\n\n\n\n<p>Este&nbsp;<em>website<\/em>&nbsp;cont\u00e9m material sobre a Organon e os seus produtos. Algumas sec\u00e7\u00f5es do&nbsp;<em>website<\/em>&nbsp;destinam-se a audi\u00eancias espec\u00edficas, nomeadamente colaboradores, clientes e acionistas da Organon, bem como \u00e0 comunidade dos cuidados de sa\u00fade e ao p\u00fablico em geral. Utilize o&nbsp;<em>website<\/em>&nbsp;tal como for adequado. O seu acesso \u00e0 informa\u00e7\u00e3o nele contida e o uso dado \u00e0 informa\u00e7\u00e3o est\u00e3o sujeitos ao Acordo sobre as Condi\u00e7\u00f5es de Utiliza\u00e7\u00e3o e a todas as leis aplic\u00e1veis. Ao aceder e ao utilizar o&nbsp;<em>website<\/em>, est\u00e1 a concordar, sem qualquer restri\u00e7\u00e3o ou qualifica\u00e7\u00e3o, com o Acordo sobre as Condi\u00e7\u00f5es de Utiliza\u00e7\u00e3o e a reconhecer que ele substitui qualquer outro acordo que possa existir entre si e a Organon.<\/p>\n\n\n\n<h2 class=\"wp-block-heading\">INFORMA\u00c7\u00c3O PRESTADA PELOS UTILIZADORES<\/h2>\n\n\n\n<p>Na qualidade de utilizador do&nbsp;<em>website<\/em>, \u00e9 respons\u00e1vel pela exatid\u00e3o da informa\u00e7\u00e3o que nos d\u00e1, incluindo, mas n\u00e3o se restringindo ao n\u00famero de Ordem dos M\u00e9dicos e ao seu estatuto profissional, quando aplic\u00e1vel. No caso de nos responder dando informa\u00e7\u00f5es como&nbsp;<em>feedback<\/em>&nbsp;ou dados, designadamente perguntas, coment\u00e1rios, sugest\u00f5es ou similares a respeito do conte\u00fado do&nbsp;<em>website<\/em>, essas informa\u00e7\u00f5es ser\u00e3o consideradas n\u00e3o confidenciais e a Organon, n\u00e3o ter\u00e1 qualquer obriga\u00e7\u00e3o com elas relacionada, podendo reproduzi-las, utiliz\u00e1-las, public\u00e1-las e distribu\u00ed-las a terceiros sem quaisquer restri\u00e7\u00f5es. A Organon, poder\u00e1 utilizar as ideias, conceitos, know-how ou t\u00e9cnicas contidas nessas informa\u00e7\u00f5es para todos e quaisquer fins, incluindo, mas n\u00e3o se restringindo \u00e0 tipifica\u00e7\u00e3o de comportamentos, ao desenvolvimento, fabrico e comercializa\u00e7\u00e3o de produtos incorporando aquelas informa\u00e7\u00f5es.<\/p>\n\n\n\n<h2 class=\"wp-block-heading\">REGISTOS E PRIVACIDADE<\/h2>\n\n\n\n<p>Consulte a Pol\u00edtica de Privacidade na Internet (Internet Privacy Policy) da Organon para obter informa\u00e7\u00f5es sobre os nossos processos de registo e o modo como a companhia protege a sua informa\u00e7\u00e3o pessoal.<\/p>\n\n\n\n<h2 class=\"wp-block-heading\">LIGA\u00c7\u00d5ES A OUTROS&nbsp;<em>WEBSITES<\/em><\/h2>\n\n\n\n<p>Este&nbsp;<em>website<\/em>&nbsp;cont\u00e9m liga\u00e7\u00f5es a outros&nbsp;<em>websites<\/em>&nbsp;da Oranon e a outros que n\u00e3o s\u00e3o propriedade da Organon. A Organon rejeita toda e qualquer responsabilidade pelo conte\u00fado dos&nbsp;<em>websites<\/em>&nbsp;da Internet que n\u00e3o sejam propriedade da Organon, para os quais disponibilizamos liga\u00e7\u00f5es.<\/p>\n\n\n\n<h2 class=\"wp-block-heading\">CONTE\u00daDOS DE TERCEIRAS PARTES<\/h2>\n\n\n\n<p>Este&nbsp;<em>website<\/em>&nbsp;n\u00e3o inclui conte\u00fados de entidades terceiras, embora outros&nbsp;<em>websites<\/em>&nbsp;na Internet da Organon, possam incluir conte\u00fados de entidades terceiras. Esses&nbsp;<em>websites<\/em>&nbsp;na Internet regem-se pelas suas pr\u00f3prias cl\u00e1usulas de utiliza\u00e7\u00e3o, que neles s\u00e3o apresentadas e disponibilizadas.<\/p>\n\n\n\n<h2 class=\"wp-block-heading\">REJEI\u00c7\u00c3O DE GARANTIAS<\/h2>\n\n\n\n<p>A Organon tomou todas as medidas razo\u00e1veis no sentido de garantir que a informa\u00e7\u00e3o contida neste&nbsp;<em>website<\/em>&nbsp;\u00e9 fi\u00e1vel; contudo, ao utilizar o&nbsp;<em>website<\/em>, est\u00e1 a aceitar a informa\u00e7\u00e3o, os produtos e os servi\u00e7os disponibilizados \u201cTAL COMO S\u00c3O\u201d. A Organon, n\u00e3o d\u00e1 qualquer garantia, expl\u00edcita ou impl\u00edcita, a respeito da exatid\u00e3o, conte\u00fado, plenitude, fiabilidade, operacionalidade, ou legalidade da informa\u00e7\u00e3o contida neste&nbsp;<em>website<\/em>, incluindo, sem restri\u00e7\u00f5es, as garantias de comercializa\u00e7\u00e3o, adequa\u00e7\u00e3o a uma finalidade particular, ou n\u00e3o viola\u00e7\u00e3o dos direitos de propriedade.<\/p>\n\n\n\n<h2 class=\"wp-block-heading\">CONSEQU\u00caNCIAS<\/h2>\n\n\n\n<p>A Organon reserva o direito de suspender ou p\u00f4r termo \u00e0 sua conta caso viole o Acordo sobre as Condi\u00e7\u00f5es de Utiliza\u00e7\u00e3o. Na eventualidade de a sua viola\u00e7\u00e3o prejudicar outras pessoas, aceita indemniz\u00e1-las e isentar a Organon de todas e quaisquer perdas, preju\u00edzos ou despesas decorrentes da viola\u00e7\u00e3o. Em caso de m\u00fatuo lit\u00edgio a respeito deste Acordo ou da utiliza\u00e7\u00e3o dada por si ao&nbsp;<em>website<\/em>, ele ser\u00e1 dirimido mediante negocia\u00e7\u00f5es de boa f\u00e9 entre as partes. Em caso de fracasso das negocia\u00e7\u00f5es, todas e quaisquer disputas, reclama\u00e7\u00f5es ou lit\u00edgios ser\u00e3o objeto de arbitragem, de acordo com o disposto em Federal Arbitration Act, 9 U.S.C., \u00a71 et seq. A arbitragem reger-se-\u00e1 pelas normas da Associa\u00e7\u00e3o Americana de Arbitragem. O resultado da arbitragem ter\u00e1 car\u00e1cter final e vinculativo, podendo ser confirmado e posto em vigor por qualquer tribunal com jurisdi\u00e7\u00e3o para tal. Cada parte pagar\u00e1 todas as despesas de advocacia por ela incorridas em liga\u00e7\u00e3o com a arbitragem e dividir\u00e1 de modo equitativo com a outra parte os custos da arbitragem. O local de arbitragem ser\u00e1 em New Jersey.<\/p>\n\n\n\n<p>Consulte&nbsp;<a href=\"https:\/\/www.organon.com\/privacy\" target=\"_blank\" rel=\"noreferrer noopener\">aqui<\/a>&nbsp;a Politica de Privacidade Organon<\/p>\n\n\n\n<p>Consulte&nbsp;<a href=\"https:\/\/www.organon.com\/privacy\" target=\"_blank\" rel=\"noreferrer noopener\">aqui<\/a>&nbsp;a Pol\u00edtica Sobre Regras Globais de Privacidade Transfronteiri\u00e7a<\/p>\n","protected":false},"excerpt":{"rendered":"<p>Este&nbsp;website&nbsp;\u00e9 propriedade da Organon, que o mant\u00e9m operacional. Este&nbsp;website&nbsp;e o seu conte\u00fado foram concebidos em conformidade com a legisla\u00e7\u00e3o em vigor. Leia cuidadosamente e analise as seguintes condi\u00e7\u00f5es de utiliza\u00e7\u00e3o do acordo antes de utilizar este&nbsp;website. Ao utilizar este&nbsp;website, est\u00e1 a concordar com o Acordo sobre as Condi\u00e7\u00f5es de Utiliza\u00e7\u00e3o. No caso de discordar, deve [&hellip;]<\/p>\n","protected":false},"author":15,"featured_media":0,"parent":0,"menu_order":0,"comment_status":"closed","ping_status":"closed","template":"","meta":{"_acf_changed":false,"footnotes":""},"class_list":["post-50","page","type-page","status-publish","hentry"],"acf":[],"yoast_head":"<!-- This site is optimized with the Yoast SEO Premium plugin v20.11 (Yoast SEO v26.6) - https:\/\/yoast.com\/wordpress\/plugins\/seo\/ -->\n<title>Termos de Uso - Bem-vindo ao Organon Pro Portugal - O Portal para Profissionais de Sa\u00fade<\/title>\n<meta name=\"robots\" content=\"index, follow, max-snippet:-1, max-image-preview:large, max-video-preview:-1\" \/>\n<link rel=\"canonical\" href=\"https:\/\/organonpro.com\/pt-pt\/termos-de-uso\/\" \/>\n<meta property=\"og:locale\" content=\"en_US\" \/>\n<meta property=\"og:type\" content=\"article\" \/>\n<meta property=\"og:title\" content=\"Termos de Uso\" \/>\n<meta property=\"og:description\" content=\"Este&nbsp;website&nbsp;\u00e9 propriedade da Organon, que o mant\u00e9m operacional. Este&nbsp;website&nbsp;e o seu conte\u00fado foram concebidos em conformidade com a legisla\u00e7\u00e3o em vigor. Leia cuidadosamente e analise as seguintes condi\u00e7\u00f5es de utiliza\u00e7\u00e3o do acordo antes de utilizar este&nbsp;website. Ao utilizar este&nbsp;website, est\u00e1 a concordar com o Acordo sobre as Condi\u00e7\u00f5es de Utiliza\u00e7\u00e3o. No caso de discordar, deve [&hellip;]\" \/>\n<meta property=\"og:url\" content=\"https:\/\/organonpro.com\/pt-pt\/termos-de-uso\/\" \/>\n<meta property=\"og:site_name\" content=\"Bem-vindo ao Organon Pro Portugal - O Portal para Profissionais de Sa\u00fade\" \/>\n<meta property=\"article:modified_time\" content=\"2023-11-28T09:42:31+00:00\" \/>\n<meta property=\"og:image\" content=\"https:\/\/organonpro.com\/pt-pt\/wp-content\/uploads\/sites\/30\/2022\/09\/slider-home-3.jpg?w=640\" \/>\n<meta name=\"twitter:card\" content=\"summary_large_image\" \/>\n<meta name=\"twitter:label1\" content=\"Est. reading time\" \/>\n\t<meta name=\"twitter:data1\" content=\"5 minutes\" \/>\n<script type=\"application\/ld+json\" class=\"yoast-schema-graph\">{\"@context\":\"https:\/\/schema.org\",\"@graph\":[{\"@type\":\"WebPage\",\"@id\":\"https:\/\/organonpro.com\/pt-pt\/termos-de-uso\/\",\"url\":\"https:\/\/organonpro.com\/pt-pt\/termos-de-uso\/\",\"name\":\"Termos de Uso - Bem-vindo ao Organon Pro Portugal - O Portal para Profissionais de Sa\u00fade\",\"isPartOf\":{\"@id\":\"https:\/\/organonpro.com\/pt-pt\/#website\"},\"primaryImageOfPage\":{\"@id\":\"https:\/\/organonpro.com\/pt-pt\/termos-de-uso\/#primaryimage\"},\"image\":{\"@id\":\"https:\/\/organonpro.com\/pt-pt\/termos-de-uso\/#primaryimage\"},\"thumbnailUrl\":\"https:\/\/organonpro.com\/pt-pt\/wp-content\/uploads\/sites\/30\/2022\/09\/slider-home-3.jpg?w=640\",\"datePublished\":\"2022-09-27T07:19:29+00:00\",\"dateModified\":\"2023-11-28T09:42:31+00:00\",\"breadcrumb\":{\"@id\":\"https:\/\/organonpro.com\/pt-pt\/termos-de-uso\/#breadcrumb\"},\"inLanguage\":\"en-US\",\"potentialAction\":[{\"@type\":\"ReadAction\",\"target\":[\"https:\/\/organonpro.com\/pt-pt\/termos-de-uso\/\"]}]},{\"@type\":\"ImageObject\",\"inLanguage\":\"en-US\",\"@id\":\"https:\/\/organonpro.com\/pt-pt\/termos-de-uso\/#primaryimage\",\"url\":\"https:\/\/organonpro.com\/pt-pt\/wp-content\/uploads\/sites\/30\/2022\/09\/slider-home-3.jpg\",\"contentUrl\":\"https:\/\/organonpro.com\/pt-pt\/wp-content\/uploads\/sites\/30\/2022\/09\/slider-home-3.jpg\",\"width\":1200,\"height\":422},{\"@type\":\"BreadcrumbList\",\"@id\":\"https:\/\/organonpro.com\/pt-pt\/termos-de-uso\/#breadcrumb\",\"itemListElement\":[{\"@type\":\"ListItem\",\"position\":1,\"name\":\"Home\",\"item\":\"https:\/\/organonpro.com\/pt-pt\/\"},{\"@type\":\"ListItem\",\"position\":2,\"name\":\"Termos de Uso\"}]},{\"@type\":\"WebSite\",\"@id\":\"https:\/\/organonpro.com\/pt-pt\/#website\",\"url\":\"https:\/\/organonpro.com\/pt-pt\/\",\"name\":\"Bem-vindo ao Organon Pro Portugal - O Portal para Profissionais de Sa\u00fade\",\"description\":\"Descricao teste\",\"potentialAction\":[{\"@type\":\"SearchAction\",\"target\":{\"@type\":\"EntryPoint\",\"urlTemplate\":\"https:\/\/organonpro.com\/pt-pt\/?s={search_term_string}\"},\"query-input\":{\"@type\":\"PropertyValueSpecification\",\"valueRequired\":true,\"valueName\":\"search_term_string\"}}],\"inLanguage\":\"en-US\"}]}<\/script>\n<!-- \/ Yoast SEO Premium plugin. -->","yoast_head_json":{"title":"Termos de Uso - Bem-vindo ao Organon Pro Portugal - O Portal para Profissionais de Sa\u00fade","robots":{"index":"index","follow":"follow","max-snippet":"max-snippet:-1","max-image-preview":"max-image-preview:large","max-video-preview":"max-video-preview:-1"},"canonical":"https:\/\/organonpro.com\/pt-pt\/termos-de-uso\/","og_locale":"en_US","og_type":"article","og_title":"Termos de Uso","og_description":"Este&nbsp;website&nbsp;\u00e9 propriedade da Organon, que o mant\u00e9m operacional. Este&nbsp;website&nbsp;e o seu conte\u00fado foram concebidos em conformidade com a legisla\u00e7\u00e3o em vigor. Leia cuidadosamente e analise as seguintes condi\u00e7\u00f5es de utiliza\u00e7\u00e3o do acordo antes de utilizar este&nbsp;website. Ao utilizar este&nbsp;website, est\u00e1 a concordar com o Acordo sobre as Condi\u00e7\u00f5es de Utiliza\u00e7\u00e3o. No caso de discordar, deve [&hellip;]","og_url":"https:\/\/organonpro.com\/pt-pt\/termos-de-uso\/","og_site_name":"Bem-vindo ao Organon Pro Portugal - O Portal para Profissionais de Sa\u00fade","article_modified_time":"2023-11-28T09:42:31+00:00","og_image":[{"url":"https:\/\/organonpro.com\/pt-pt\/wp-content\/uploads\/sites\/30\/2022\/09\/slider-home-3.jpg?w=640","type":"","width":"","height":""}],"twitter_card":"summary_large_image","twitter_misc":{"Est. reading time":"5 minutes"},"schema":{"@context":"https:\/\/schema.org","@graph":[{"@type":"WebPage","@id":"https:\/\/organonpro.com\/pt-pt\/termos-de-uso\/","url":"https:\/\/organonpro.com\/pt-pt\/termos-de-uso\/","name":"Termos de Uso - Bem-vindo ao Organon Pro Portugal - O Portal para Profissionais de Sa\u00fade","isPartOf":{"@id":"https:\/\/organonpro.com\/pt-pt\/#website"},"primaryImageOfPage":{"@id":"https:\/\/organonpro.com\/pt-pt\/termos-de-uso\/#primaryimage"},"image":{"@id":"https:\/\/organonpro.com\/pt-pt\/termos-de-uso\/#primaryimage"},"thumbnailUrl":"https:\/\/organonpro.com\/pt-pt\/wp-content\/uploads\/sites\/30\/2022\/09\/slider-home-3.jpg?w=640","datePublished":"2022-09-27T07:19:29+00:00","dateModified":"2023-11-28T09:42:31+00:00","breadcrumb":{"@id":"https:\/\/organonpro.com\/pt-pt\/termos-de-uso\/#breadcrumb"},"inLanguage":"en-US","potentialAction":[{"@type":"ReadAction","target":["https:\/\/organonpro.com\/pt-pt\/termos-de-uso\/"]}]},{"@type":"ImageObject","inLanguage":"en-US","@id":"https:\/\/organonpro.com\/pt-pt\/termos-de-uso\/#primaryimage","url":"https:\/\/organonpro.com\/pt-pt\/wp-content\/uploads\/sites\/30\/2022\/09\/slider-home-3.jpg","contentUrl":"https:\/\/organonpro.com\/pt-pt\/wp-content\/uploads\/sites\/30\/2022\/09\/slider-home-3.jpg","width":1200,"height":422},{"@type":"BreadcrumbList","@id":"https:\/\/organonpro.com\/pt-pt\/termos-de-uso\/#breadcrumb","itemListElement":[{"@type":"ListItem","position":1,"name":"Home","item":"https:\/\/organonpro.com\/pt-pt\/"},{"@type":"ListItem","position":2,"name":"Termos de Uso"}]},{"@type":"WebSite","@id":"https:\/\/organonpro.com\/pt-pt\/#website","url":"https:\/\/organonpro.com\/pt-pt\/","name":"Bem-vindo ao Organon Pro Portugal - O Portal para Profissionais de Sa\u00fade","description":"Descricao teste","potentialAction":[{"@type":"SearchAction","target":{"@type":"EntryPoint","urlTemplate":"https:\/\/organonpro.com\/pt-pt\/?s={search_term_string}"},"query-input":{"@type":"PropertyValueSpecification","valueRequired":true,"valueName":"search_term_string"}}],"inLanguage":"en-US"}]}},"_links":{"self":[{"href":"https:\/\/organonpro.com\/pt-pt\/wp-json\/wp\/v2\/pages\/50","targetHints":{"allow":["GET"]}}],"collection":[{"href":"https:\/\/organonpro.com\/pt-pt\/wp-json\/wp\/v2\/pages"}],"about":[{"href":"https:\/\/organonpro.com\/pt-pt\/wp-json\/wp\/v2\/types\/page"}],"author":[{"embeddable":true,"href":"https:\/\/organonpro.com\/pt-pt\/wp-json\/wp\/v2\/users\/15"}],"replies":[{"embeddable":true,"href":"https:\/\/organonpro.com\/pt-pt\/wp-json\/wp\/v2\/comments?post=50"}],"version-history":[{"count":10,"href":"https:\/\/organonpro.com\/pt-pt\/wp-json\/wp\/v2\/pages\/50\/revisions"}],"predecessor-version":[{"id":2115,"href":"https:\/\/organonpro.com\/pt-pt\/wp-json\/wp\/v2\/pages\/50\/revisions\/2115"}],"wp:attachment":[{"href":"https:\/\/organonpro.com\/pt-pt\/wp-json\/wp\/v2\/media?parent=50"}],"curies":[{"name":"wp","href":"https:\/\/api.w.org\/{rel}","templated":true}]}}