{"id":2156,"date":"2023-05-09T14:11:18","date_gmt":"2023-05-09T14:11:18","guid":{"rendered":"https:\/\/organonpro.com\/pt-pt\/?page_id=2156"},"modified":"2024-07-09T13:01:06","modified_gmt":"2024-07-09T13:01:06","slug":"contactos","status":"publish","type":"page","link":"https:\/\/organonpro.com\/pt-pt\/contactos\/","title":{"rendered":"Contactos"},"content":{"rendered":"\n<p>As pessoas confiam na Organon para ter acesso a produtos inovadores obedecendo a elevados padr\u00f5es de qualidade, seguran\u00e7a e efic\u00e1cia. A Organon mant\u00e9m rigorosos sistemas de qualidade e farmacovigil\u00e2ncia, implementando os processos adequados e promovendo uma cultura focada na garantia da qualidade e seguran\u00e7a dos produtos.<\/p>\n\n\n\n<p>Nesta \u00e1rea encontrar\u00e1 os contactos necess\u00e1rios para reportar efeitos adversos e reclama\u00e7\u00f5es de produto.<\/p>\n\n\n\n<p>Obrigado por nos ajudar a melhorar continuamente a qualidade e seguran\u00e7a dos nossos produtos!<\/p>\n\n\n\n<h2 class=\"wp-block-heading\" id=\"h-duvidas-sobre-privacidade\">D\u00daVIDAS SOBRE PRIVACIDADE?<\/h2>\n\n\n\n<p>Para garantir que tem sempre dispon\u00edvel o acesso a informa\u00e7\u00f5es relevantes sobre privacidade cri\u00e1mos tamb\u00e9m um Gabinete de Privacidade que poder\u00e1 contactar a qualquer momento para esclarecimento de quest\u00f5es sobre o tratamento dos seus dados pessoais ou para exerc\u00edcio dos seus direitos.<\/p>\n\n\n\n<p><strong>E-mail:<\/strong><a href=\"mailto:organon.portugal.dpo@organon.com\"> Gabinete de Privacidade<\/a><\/p>\n","protected":false},"excerpt":{"rendered":"<p>As pessoas confiam na Organon para ter acesso a produtos inovadores obedecendo a elevados padr\u00f5es de qualidade, seguran\u00e7a e efic\u00e1cia. A Organon mant\u00e9m rigorosos sistemas de qualidade e farmacovigil\u00e2ncia, implementando os processos adequados e promovendo uma cultura focada na garantia da qualidade e seguran\u00e7a dos produtos. Nesta \u00e1rea encontrar\u00e1 os contactos necess\u00e1rios para reportar efeitos [&hellip;]<\/p>\n","protected":false},"author":107,"featured_media":0,"parent":0,"menu_order":0,"comment_status":"closed","ping_status":"closed","template":"","meta":{"_acf_changed":false,"footnotes":""},"class_list":["post-2156","page","type-page","status-publish","hentry"],"acf":[],"yoast_head":"<!-- This site is optimized with the Yoast SEO Premium plugin v20.11 (Yoast SEO v26.6) - https:\/\/yoast.com\/wordpress\/plugins\/seo\/ -->\n<title>Contactos - Bem-vindo ao Organon Pro Portugal - O Portal para Profissionais de Sa\u00fade<\/title>\n<meta name=\"robots\" content=\"index, follow, max-snippet:-1, max-image-preview:large, max-video-preview:-1\" \/>\n<link rel=\"canonical\" href=\"https:\/\/organonpro.com\/pt-pt\/contactos\/\" \/>\n<meta property=\"og:locale\" content=\"en_US\" \/>\n<meta property=\"og:type\" content=\"article\" \/>\n<meta property=\"og:title\" content=\"Contactos\" \/>\n<meta property=\"og:description\" content=\"As pessoas confiam na Organon para ter acesso a produtos inovadores obedecendo a elevados padr\u00f5es de qualidade, seguran\u00e7a e efic\u00e1cia. A Organon mant\u00e9m rigorosos sistemas de qualidade e farmacovigil\u00e2ncia, implementando os processos adequados e promovendo uma cultura focada na garantia da qualidade e seguran\u00e7a dos produtos. Nesta \u00e1rea encontrar\u00e1 os contactos necess\u00e1rios para reportar efeitos [&hellip;]\" \/>\n<meta property=\"og:url\" content=\"https:\/\/organonpro.com\/pt-pt\/contactos\/\" \/>\n<meta property=\"og:site_name\" content=\"Bem-vindo ao Organon Pro Portugal - O Portal para Profissionais de Sa\u00fade\" \/>\n<meta property=\"article:modified_time\" content=\"2024-07-09T13:01:06+00:00\" \/>\n<meta property=\"og:image\" content=\"https:\/\/organonpro.com\/pt-pt\/wp-content\/uploads\/sites\/30\/2022\/12\/organon-pro-og-img.png\" \/>\n\t<meta property=\"og:image:width\" content=\"1200\" \/>\n\t<meta property=\"og:image:height\" content=\"630\" \/>\n\t<meta property=\"og:image:type\" content=\"image\/png\" \/>\n<meta name=\"twitter:card\" content=\"summary_large_image\" \/>\n<meta name=\"twitter:label1\" content=\"Est. reading time\" \/>\n\t<meta name=\"twitter:data1\" content=\"1 minute\" \/>\n<script type=\"application\/ld+json\" class=\"yoast-schema-graph\">{\"@context\":\"https:\/\/schema.org\",\"@graph\":[{\"@type\":\"WebPage\",\"@id\":\"https:\/\/organonpro.com\/pt-pt\/contactos\/\",\"url\":\"https:\/\/organonpro.com\/pt-pt\/contactos\/\",\"name\":\"Contactos - Bem-vindo ao Organon Pro Portugal - O Portal para Profissionais de Sa\u00fade\",\"isPartOf\":{\"@id\":\"https:\/\/organonpro.com\/pt-pt\/#website\"},\"datePublished\":\"2023-05-09T14:11:18+00:00\",\"dateModified\":\"2024-07-09T13:01:06+00:00\",\"breadcrumb\":{\"@id\":\"https:\/\/organonpro.com\/pt-pt\/contactos\/#breadcrumb\"},\"inLanguage\":\"en-US\",\"potentialAction\":[{\"@type\":\"ReadAction\",\"target\":[\"https:\/\/organonpro.com\/pt-pt\/contactos\/\"]}]},{\"@type\":\"BreadcrumbList\",\"@id\":\"https:\/\/organonpro.com\/pt-pt\/contactos\/#breadcrumb\",\"itemListElement\":[{\"@type\":\"ListItem\",\"position\":1,\"name\":\"Home\",\"item\":\"https:\/\/organonpro.com\/pt-pt\/\"},{\"@type\":\"ListItem\",\"position\":2,\"name\":\"Contactos\"}]},{\"@type\":\"WebSite\",\"@id\":\"https:\/\/organonpro.com\/pt-pt\/#website\",\"url\":\"https:\/\/organonpro.com\/pt-pt\/\",\"name\":\"Bem-vindo ao Organon Pro Portugal - O Portal para Profissionais de Sa\u00fade\",\"description\":\"Descricao teste\",\"potentialAction\":[{\"@type\":\"SearchAction\",\"target\":{\"@type\":\"EntryPoint\",\"urlTemplate\":\"https:\/\/organonpro.com\/pt-pt\/?s={search_term_string}\"},\"query-input\":{\"@type\":\"PropertyValueSpecification\",\"valueRequired\":true,\"valueName\":\"search_term_string\"}}],\"inLanguage\":\"en-US\"}]}<\/script>\n<!-- \/ Yoast SEO Premium plugin. -->","yoast_head_json":{"title":"Contactos - Bem-vindo ao Organon Pro Portugal - O Portal para Profissionais de Sa\u00fade","robots":{"index":"index","follow":"follow","max-snippet":"max-snippet:-1","max-image-preview":"max-image-preview:large","max-video-preview":"max-video-preview:-1"},"canonical":"https:\/\/organonpro.com\/pt-pt\/contactos\/","og_locale":"en_US","og_type":"article","og_title":"Contactos","og_description":"As pessoas confiam na Organon para ter acesso a produtos inovadores obedecendo a elevados padr\u00f5es de qualidade, seguran\u00e7a e efic\u00e1cia. A Organon mant\u00e9m rigorosos sistemas de qualidade e farmacovigil\u00e2ncia, implementando os processos adequados e promovendo uma cultura focada na garantia da qualidade e seguran\u00e7a dos produtos. Nesta \u00e1rea encontrar\u00e1 os contactos necess\u00e1rios para reportar efeitos [&hellip;]","og_url":"https:\/\/organonpro.com\/pt-pt\/contactos\/","og_site_name":"Bem-vindo ao Organon Pro Portugal - O Portal para Profissionais de Sa\u00fade","article_modified_time":"2024-07-09T13:01:06+00:00","og_image":[{"width":1200,"height":630,"url":"https:\/\/organonpro.com\/pt-pt\/wp-content\/uploads\/sites\/30\/2022\/12\/organon-pro-og-img.png","type":"image\/png"}],"twitter_card":"summary_large_image","twitter_misc":{"Est. reading time":"1 minute"},"schema":{"@context":"https:\/\/schema.org","@graph":[{"@type":"WebPage","@id":"https:\/\/organonpro.com\/pt-pt\/contactos\/","url":"https:\/\/organonpro.com\/pt-pt\/contactos\/","name":"Contactos - Bem-vindo ao Organon Pro Portugal - O Portal para Profissionais de Sa\u00fade","isPartOf":{"@id":"https:\/\/organonpro.com\/pt-pt\/#website"},"datePublished":"2023-05-09T14:11:18+00:00","dateModified":"2024-07-09T13:01:06+00:00","breadcrumb":{"@id":"https:\/\/organonpro.com\/pt-pt\/contactos\/#breadcrumb"},"inLanguage":"en-US","potentialAction":[{"@type":"ReadAction","target":["https:\/\/organonpro.com\/pt-pt\/contactos\/"]}]},{"@type":"BreadcrumbList","@id":"https:\/\/organonpro.com\/pt-pt\/contactos\/#breadcrumb","itemListElement":[{"@type":"ListItem","position":1,"name":"Home","item":"https:\/\/organonpro.com\/pt-pt\/"},{"@type":"ListItem","position":2,"name":"Contactos"}]},{"@type":"WebSite","@id":"https:\/\/organonpro.com\/pt-pt\/#website","url":"https:\/\/organonpro.com\/pt-pt\/","name":"Bem-vindo ao Organon Pro Portugal - O Portal para Profissionais de Sa\u00fade","description":"Descricao teste","potentialAction":[{"@type":"SearchAction","target":{"@type":"EntryPoint","urlTemplate":"https:\/\/organonpro.com\/pt-pt\/?s={search_term_string}"},"query-input":{"@type":"PropertyValueSpecification","valueRequired":true,"valueName":"search_term_string"}}],"inLanguage":"en-US"}]}},"_links":{"self":[{"href":"https:\/\/organonpro.com\/pt-pt\/wp-json\/wp\/v2\/pages\/2156","targetHints":{"allow":["GET"]}}],"collection":[{"href":"https:\/\/organonpro.com\/pt-pt\/wp-json\/wp\/v2\/pages"}],"about":[{"href":"https:\/\/organonpro.com\/pt-pt\/wp-json\/wp\/v2\/types\/page"}],"author":[{"embeddable":true,"href":"https:\/\/organonpro.com\/pt-pt\/wp-json\/wp\/v2\/users\/107"}],"replies":[{"embeddable":true,"href":"https:\/\/organonpro.com\/pt-pt\/wp-json\/wp\/v2\/comments?post=2156"}],"version-history":[{"count":19,"href":"https:\/\/organonpro.com\/pt-pt\/wp-json\/wp\/v2\/pages\/2156\/revisions"}],"predecessor-version":[{"id":3706,"href":"https:\/\/organonpro.com\/pt-pt\/wp-json\/wp\/v2\/pages\/2156\/revisions\/3706"}],"wp:attachment":[{"href":"https:\/\/organonpro.com\/pt-pt\/wp-json\/wp\/v2\/media?parent=2156"}],"curies":[{"name":"wp","href":"https:\/\/api.w.org\/{rel}","templated":true}]}}