{"id":190,"date":"2022-09-27T10:45:07","date_gmt":"2022-09-27T10:45:07","guid":{"rendered":"https:\/\/organonpro.com\/pt-pt\/?page_id=190"},"modified":"2023-11-28T09:44:50","modified_gmt":"2023-11-28T09:44:50","slug":"contactos-qualidade","status":"publish","type":"page","link":"https:\/\/organonpro.com\/pt-pt\/contactos-qualidade\/","title":{"rendered":"Qualidade"},"content":{"rendered":"\n<p class=\"has-text-align-right\">\u2022<a style=\"margin-right:25px\" href=\"https:\/\/organonpro.com\/pt-pt\/contactos\/\">Contactos<\/a> \u2022<a href=\"https:\/\/organonpro.com\/pt-pt\/contactos-farmacovigilancia\/\">Farmacovigil\u00e2ncia<\/a><\/p>\n\n\n\n<p>A Organon promove uma cultura de qualidade de excel\u00eancia fundada na ci\u00eancia, integridade, responsabilidade e colabora\u00e7\u00e3o. Trabalhamos continuamente para melhorar os nossos sistemas e processos garantindo a qualidade dos nossos produtos. \u00c9 nosso compromisso disponibilizar medicamentos de alta qualidade, seguros e eficazes.<\/p>\n\n\n\n<p>Somos respons\u00e1veis pelo tratamento de Reclama\u00e7\u00f5es de Qualidade dos nossos produtos. Caso nos queira comunicar a alegada exist\u00eancia de um potencial defeito num produto ou dispositivo m\u00e9dico comercializado pela Organon queira preencher o formul\u00e1rio abaixo.<\/p>\n\n\n\n<h2 class=\"wp-block-heading\">FORMUL\u00c1RIO DE NOTIFICA\u00c7\u00c3O DE RECLAMA\u00c7\u00c3O DE QUALIDADE DE PRODUTO<\/h2>\n\n\n\n<div class=\"wp-block-buttons is-layout-flex wp-block-buttons-is-layout-flex\">\n<div class=\"wp-block-button\"><a class=\"wp-block-button__link wp-element-button\" href=\"https:\/\/organonpro.com\/pt-pt\/formulario-de-notificacao-de-reclamacao-de-qualidade-de-produto\/\">Clique aqui<\/a><\/div>\n<\/div>\n","protected":false},"excerpt":{"rendered":"<p>\u2022Contactos \u2022Farmacovigil\u00e2ncia A Organon promove uma cultura de qualidade de excel\u00eancia fundada na ci\u00eancia, integridade, responsabilidade e colabora\u00e7\u00e3o. Trabalhamos continuamente para melhorar os nossos sistemas e processos garantindo a qualidade dos nossos produtos. \u00c9 nosso compromisso disponibilizar medicamentos de alta qualidade, seguros e eficazes. Somos respons\u00e1veis pelo tratamento de Reclama\u00e7\u00f5es de Qualidade dos nossos produtos. [&hellip;]<\/p>\n","protected":false},"author":15,"featured_media":0,"parent":0,"menu_order":-2,"comment_status":"closed","ping_status":"closed","template":"","meta":{"_acf_changed":false,"footnotes":""},"class_list":["post-190","page","type-page","status-publish","hentry"],"acf":[],"yoast_head":"<!-- This site is optimized with the Yoast SEO Premium plugin v20.11 (Yoast SEO v26.6) - https:\/\/yoast.com\/wordpress\/plugins\/seo\/ -->\n<title>Qualidade - Bem-vindo ao Organon Pro Portugal - O Portal para Profissionais de Sa\u00fade<\/title>\n<meta name=\"robots\" content=\"index, follow, max-snippet:-1, max-image-preview:large, max-video-preview:-1\" \/>\n<link rel=\"canonical\" href=\"https:\/\/organonpro.com\/pt-pt\/contactos-qualidade\/\" \/>\n<meta property=\"og:locale\" content=\"en_US\" \/>\n<meta property=\"og:type\" content=\"article\" \/>\n<meta property=\"og:title\" content=\"Qualidade\" \/>\n<meta property=\"og:description\" content=\"\u2022Contactos \u2022Farmacovigil\u00e2ncia A Organon promove uma cultura de qualidade de excel\u00eancia fundada na ci\u00eancia, integridade, responsabilidade e colabora\u00e7\u00e3o. Trabalhamos continuamente para melhorar os nossos sistemas e processos garantindo a qualidade dos nossos produtos. \u00c9 nosso compromisso disponibilizar medicamentos de alta qualidade, seguros e eficazes. Somos respons\u00e1veis pelo tratamento de Reclama\u00e7\u00f5es de Qualidade dos nossos produtos. [&hellip;]\" \/>\n<meta property=\"og:url\" content=\"https:\/\/organonpro.com\/pt-pt\/contactos-qualidade\/\" \/>\n<meta property=\"og:site_name\" content=\"Bem-vindo ao Organon Pro Portugal - O Portal para Profissionais de Sa\u00fade\" \/>\n<meta property=\"article:modified_time\" content=\"2023-11-28T09:44:50+00:00\" \/>\n<meta property=\"og:image\" content=\"https:\/\/organonpro.com\/pt-pt\/wp-content\/uploads\/sites\/30\/2022\/12\/organon-pro-og-img.png\" \/>\n\t<meta property=\"og:image:width\" content=\"1200\" \/>\n\t<meta property=\"og:image:height\" content=\"630\" \/>\n\t<meta property=\"og:image:type\" content=\"image\/png\" \/>\n<meta name=\"twitter:card\" content=\"summary_large_image\" \/>\n<meta name=\"twitter:label1\" content=\"Est. reading time\" \/>\n\t<meta name=\"twitter:data1\" content=\"1 minute\" \/>\n<script type=\"application\/ld+json\" class=\"yoast-schema-graph\">{\"@context\":\"https:\/\/schema.org\",\"@graph\":[{\"@type\":\"WebPage\",\"@id\":\"https:\/\/organonpro.com\/pt-pt\/contactos-qualidade\/\",\"url\":\"https:\/\/organonpro.com\/pt-pt\/contactos-qualidade\/\",\"name\":\"Qualidade - Bem-vindo ao Organon Pro Portugal - O Portal para Profissionais de Sa\u00fade\",\"isPartOf\":{\"@id\":\"https:\/\/organonpro.com\/pt-pt\/#website\"},\"datePublished\":\"2022-09-27T10:45:07+00:00\",\"dateModified\":\"2023-11-28T09:44:50+00:00\",\"breadcrumb\":{\"@id\":\"https:\/\/organonpro.com\/pt-pt\/contactos-qualidade\/#breadcrumb\"},\"inLanguage\":\"en-US\",\"potentialAction\":[{\"@type\":\"ReadAction\",\"target\":[\"https:\/\/organonpro.com\/pt-pt\/contactos-qualidade\/\"]}]},{\"@type\":\"BreadcrumbList\",\"@id\":\"https:\/\/organonpro.com\/pt-pt\/contactos-qualidade\/#breadcrumb\",\"itemListElement\":[{\"@type\":\"ListItem\",\"position\":1,\"name\":\"Home\",\"item\":\"https:\/\/organonpro.com\/pt-pt\/\"},{\"@type\":\"ListItem\",\"position\":2,\"name\":\"Qualidade\"}]},{\"@type\":\"WebSite\",\"@id\":\"https:\/\/organonpro.com\/pt-pt\/#website\",\"url\":\"https:\/\/organonpro.com\/pt-pt\/\",\"name\":\"Bem-vindo ao Organon Pro Portugal - O Portal para Profissionais de Sa\u00fade\",\"description\":\"Descricao teste\",\"potentialAction\":[{\"@type\":\"SearchAction\",\"target\":{\"@type\":\"EntryPoint\",\"urlTemplate\":\"https:\/\/organonpro.com\/pt-pt\/?s={search_term_string}\"},\"query-input\":{\"@type\":\"PropertyValueSpecification\",\"valueRequired\":true,\"valueName\":\"search_term_string\"}}],\"inLanguage\":\"en-US\"}]}<\/script>\n<!-- \/ Yoast SEO Premium plugin. -->","yoast_head_json":{"title":"Qualidade - Bem-vindo ao Organon Pro Portugal - O Portal para Profissionais de Sa\u00fade","robots":{"index":"index","follow":"follow","max-snippet":"max-snippet:-1","max-image-preview":"max-image-preview:large","max-video-preview":"max-video-preview:-1"},"canonical":"https:\/\/organonpro.com\/pt-pt\/contactos-qualidade\/","og_locale":"en_US","og_type":"article","og_title":"Qualidade","og_description":"\u2022Contactos \u2022Farmacovigil\u00e2ncia A Organon promove uma cultura de qualidade de excel\u00eancia fundada na ci\u00eancia, integridade, responsabilidade e colabora\u00e7\u00e3o. Trabalhamos continuamente para melhorar os nossos sistemas e processos garantindo a qualidade dos nossos produtos. \u00c9 nosso compromisso disponibilizar medicamentos de alta qualidade, seguros e eficazes. Somos respons\u00e1veis pelo tratamento de Reclama\u00e7\u00f5es de Qualidade dos nossos produtos. [&hellip;]","og_url":"https:\/\/organonpro.com\/pt-pt\/contactos-qualidade\/","og_site_name":"Bem-vindo ao Organon Pro Portugal - O Portal para Profissionais de Sa\u00fade","article_modified_time":"2023-11-28T09:44:50+00:00","og_image":[{"width":1200,"height":630,"url":"https:\/\/organonpro.com\/pt-pt\/wp-content\/uploads\/sites\/30\/2022\/12\/organon-pro-og-img.png","type":"image\/png"}],"twitter_card":"summary_large_image","twitter_misc":{"Est. reading time":"1 minute"},"schema":{"@context":"https:\/\/schema.org","@graph":[{"@type":"WebPage","@id":"https:\/\/organonpro.com\/pt-pt\/contactos-qualidade\/","url":"https:\/\/organonpro.com\/pt-pt\/contactos-qualidade\/","name":"Qualidade - Bem-vindo ao Organon Pro Portugal - O Portal para Profissionais de Sa\u00fade","isPartOf":{"@id":"https:\/\/organonpro.com\/pt-pt\/#website"},"datePublished":"2022-09-27T10:45:07+00:00","dateModified":"2023-11-28T09:44:50+00:00","breadcrumb":{"@id":"https:\/\/organonpro.com\/pt-pt\/contactos-qualidade\/#breadcrumb"},"inLanguage":"en-US","potentialAction":[{"@type":"ReadAction","target":["https:\/\/organonpro.com\/pt-pt\/contactos-qualidade\/"]}]},{"@type":"BreadcrumbList","@id":"https:\/\/organonpro.com\/pt-pt\/contactos-qualidade\/#breadcrumb","itemListElement":[{"@type":"ListItem","position":1,"name":"Home","item":"https:\/\/organonpro.com\/pt-pt\/"},{"@type":"ListItem","position":2,"name":"Qualidade"}]},{"@type":"WebSite","@id":"https:\/\/organonpro.com\/pt-pt\/#website","url":"https:\/\/organonpro.com\/pt-pt\/","name":"Bem-vindo ao Organon Pro Portugal - O Portal para Profissionais de Sa\u00fade","description":"Descricao teste","potentialAction":[{"@type":"SearchAction","target":{"@type":"EntryPoint","urlTemplate":"https:\/\/organonpro.com\/pt-pt\/?s={search_term_string}"},"query-input":{"@type":"PropertyValueSpecification","valueRequired":true,"valueName":"search_term_string"}}],"inLanguage":"en-US"}]}},"_links":{"self":[{"href":"https:\/\/organonpro.com\/pt-pt\/wp-json\/wp\/v2\/pages\/190","targetHints":{"allow":["GET"]}}],"collection":[{"href":"https:\/\/organonpro.com\/pt-pt\/wp-json\/wp\/v2\/pages"}],"about":[{"href":"https:\/\/organonpro.com\/pt-pt\/wp-json\/wp\/v2\/types\/page"}],"author":[{"embeddable":true,"href":"https:\/\/organonpro.com\/pt-pt\/wp-json\/wp\/v2\/users\/15"}],"replies":[{"embeddable":true,"href":"https:\/\/organonpro.com\/pt-pt\/wp-json\/wp\/v2\/comments?post=190"}],"version-history":[{"count":11,"href":"https:\/\/organonpro.com\/pt-pt\/wp-json\/wp\/v2\/pages\/190\/revisions"}],"predecessor-version":[{"id":2194,"href":"https:\/\/organonpro.com\/pt-pt\/wp-json\/wp\/v2\/pages\/190\/revisions\/2194"}],"wp:attachment":[{"href":"https:\/\/organonpro.com\/pt-pt\/wp-json\/wp\/v2\/media?parent=190"}],"curies":[{"name":"wp","href":"https:\/\/api.w.org\/{rel}","templated":true}]}}