{"id":173,"date":"2022-09-27T10:38:55","date_gmt":"2022-09-27T10:38:55","guid":{"rendered":"https:\/\/organonpro.com\/pt-pt\/?page_id=173"},"modified":"2023-11-28T09:44:39","modified_gmt":"2023-11-28T09:44:39","slug":"contactos-farmacovigilancia","status":"publish","type":"page","link":"https:\/\/organonpro.com\/pt-pt\/contactos-farmacovigilancia\/","title":{"rendered":"Farmacovigil\u00e2ncia"},"content":{"rendered":"\n<p class=\"has-text-align-right\"><a style=\"margin-right:25px\" href=\"https:\/\/organonpro.com\/pt-pt\/contactos\/\">\u2022Contactos<\/a> \u2022<a href=\"https:\/\/organonpro.com\/pt-pt\/contactos-qualidade\/\">Qualidade<\/a><\/p>\n\n\n\n<p>Contacte a farmacovigil\u00e2ncia da Organon, caso detete algum evento adverso ou tenha informa\u00e7\u00f5es relevantes de seguran\u00e7a relativas aos nossos medicamentos.<br>N\u00e3o deixe de notificar por considerar ter pouca informa\u00e7\u00e3o ou n\u00e3o ter certezas sobre o evento adverso!<\/p>\n\n\n\n<h2 class=\"wp-block-heading\">FORMUL\u00c1RIO DE NOTIFICA\u00c7\u00c3O DE EVENTO ADVERSO<\/h2>\n\n\n\n<div class=\"wp-block-buttons is-layout-flex wp-block-buttons-is-layout-flex\">\n<div class=\"wp-block-button\"><a class=\"wp-block-button__link wp-element-button\" href=\"https:\/\/organonpro.com\/pt-pt\/formulario-de-notificacao-de-evento-adverso\/\">Clique aqui<\/a><\/div>\n<\/div>\n","protected":false},"excerpt":{"rendered":"<p>\u2022Contactos \u2022Qualidade Contacte a farmacovigil\u00e2ncia da Organon, caso detete algum evento adverso ou tenha informa\u00e7\u00f5es relevantes de seguran\u00e7a relativas aos nossos medicamentos.N\u00e3o deixe de notificar por considerar ter pouca informa\u00e7\u00e3o ou n\u00e3o ter certezas sobre o evento adverso! FORMUL\u00c1RIO DE NOTIFICA\u00c7\u00c3O DE EVENTO ADVERSO<\/p>\n","protected":false},"author":15,"featured_media":0,"parent":0,"menu_order":0,"comment_status":"closed","ping_status":"closed","template":"","meta":{"_acf_changed":false,"footnotes":""},"class_list":["post-173","page","type-page","status-publish","hentry"],"acf":[],"yoast_head":"<!-- This site is optimized with the Yoast SEO Premium plugin v20.11 (Yoast SEO v26.6) - https:\/\/yoast.com\/wordpress\/plugins\/seo\/ -->\n<title>Farmacovigil\u00e2ncia - Bem-vindo ao Organon Pro Portugal - O Portal para Profissionais de Sa\u00fade<\/title>\n<meta name=\"robots\" content=\"index, follow, max-snippet:-1, max-image-preview:large, max-video-preview:-1\" \/>\n<link rel=\"canonical\" href=\"https:\/\/organonpro.com\/pt-pt\/contactos-farmacovigilancia\/\" \/>\n<meta property=\"og:locale\" content=\"en_US\" \/>\n<meta property=\"og:type\" content=\"article\" \/>\n<meta property=\"og:title\" content=\"Farmacovigil\u00e2ncia\" \/>\n<meta property=\"og:description\" content=\"\u2022Contactos \u2022Qualidade Contacte a farmacovigil\u00e2ncia da Organon, caso detete algum evento adverso ou tenha informa\u00e7\u00f5es relevantes de seguran\u00e7a relativas aos nossos medicamentos.N\u00e3o deixe de notificar por considerar ter pouca informa\u00e7\u00e3o ou n\u00e3o ter certezas sobre o evento adverso! FORMUL\u00c1RIO DE NOTIFICA\u00c7\u00c3O DE EVENTO ADVERSO\" \/>\n<meta property=\"og:url\" content=\"https:\/\/organonpro.com\/pt-pt\/contactos-farmacovigilancia\/\" \/>\n<meta property=\"og:site_name\" content=\"Bem-vindo ao Organon Pro Portugal - O Portal para Profissionais de Sa\u00fade\" \/>\n<meta property=\"article:modified_time\" content=\"2023-11-28T09:44:39+00:00\" \/>\n<meta property=\"og:image\" content=\"https:\/\/organonpro.com\/pt-pt\/wp-content\/uploads\/sites\/30\/2022\/12\/organon-pro-og-img.png\" \/>\n\t<meta property=\"og:image:width\" content=\"1200\" \/>\n\t<meta property=\"og:image:height\" content=\"630\" \/>\n\t<meta property=\"og:image:type\" content=\"image\/png\" \/>\n<meta name=\"twitter:card\" content=\"summary_large_image\" \/>\n<meta name=\"twitter:label1\" content=\"Est. reading time\" \/>\n\t<meta name=\"twitter:data1\" content=\"1 minute\" \/>\n<script type=\"application\/ld+json\" class=\"yoast-schema-graph\">{\"@context\":\"https:\/\/schema.org\",\"@graph\":[{\"@type\":\"WebPage\",\"@id\":\"https:\/\/organonpro.com\/pt-pt\/contactos-farmacovigilancia\/\",\"url\":\"https:\/\/organonpro.com\/pt-pt\/contactos-farmacovigilancia\/\",\"name\":\"Farmacovigil\u00e2ncia - Bem-vindo ao Organon Pro Portugal - O Portal para Profissionais de Sa\u00fade\",\"isPartOf\":{\"@id\":\"https:\/\/organonpro.com\/pt-pt\/#website\"},\"datePublished\":\"2022-09-27T10:38:55+00:00\",\"dateModified\":\"2023-11-28T09:44:39+00:00\",\"breadcrumb\":{\"@id\":\"https:\/\/organonpro.com\/pt-pt\/contactos-farmacovigilancia\/#breadcrumb\"},\"inLanguage\":\"en-US\",\"potentialAction\":[{\"@type\":\"ReadAction\",\"target\":[\"https:\/\/organonpro.com\/pt-pt\/contactos-farmacovigilancia\/\"]}]},{\"@type\":\"BreadcrumbList\",\"@id\":\"https:\/\/organonpro.com\/pt-pt\/contactos-farmacovigilancia\/#breadcrumb\",\"itemListElement\":[{\"@type\":\"ListItem\",\"position\":1,\"name\":\"Home\",\"item\":\"https:\/\/organonpro.com\/pt-pt\/\"},{\"@type\":\"ListItem\",\"position\":2,\"name\":\"Farmacovigil\u00e2ncia\"}]},{\"@type\":\"WebSite\",\"@id\":\"https:\/\/organonpro.com\/pt-pt\/#website\",\"url\":\"https:\/\/organonpro.com\/pt-pt\/\",\"name\":\"Bem-vindo ao Organon Pro Portugal - O Portal para Profissionais de Sa\u00fade\",\"description\":\"Descricao teste\",\"potentialAction\":[{\"@type\":\"SearchAction\",\"target\":{\"@type\":\"EntryPoint\",\"urlTemplate\":\"https:\/\/organonpro.com\/pt-pt\/?s={search_term_string}\"},\"query-input\":{\"@type\":\"PropertyValueSpecification\",\"valueRequired\":true,\"valueName\":\"search_term_string\"}}],\"inLanguage\":\"en-US\"}]}<\/script>\n<!-- \/ Yoast SEO Premium plugin. -->","yoast_head_json":{"title":"Farmacovigil\u00e2ncia - Bem-vindo ao Organon Pro Portugal - O Portal para Profissionais de Sa\u00fade","robots":{"index":"index","follow":"follow","max-snippet":"max-snippet:-1","max-image-preview":"max-image-preview:large","max-video-preview":"max-video-preview:-1"},"canonical":"https:\/\/organonpro.com\/pt-pt\/contactos-farmacovigilancia\/","og_locale":"en_US","og_type":"article","og_title":"Farmacovigil\u00e2ncia","og_description":"\u2022Contactos \u2022Qualidade Contacte a farmacovigil\u00e2ncia da Organon, caso detete algum evento adverso ou tenha informa\u00e7\u00f5es relevantes de seguran\u00e7a relativas aos nossos medicamentos.N\u00e3o deixe de notificar por considerar ter pouca informa\u00e7\u00e3o ou n\u00e3o ter certezas sobre o evento adverso! FORMUL\u00c1RIO DE NOTIFICA\u00c7\u00c3O DE EVENTO ADVERSO","og_url":"https:\/\/organonpro.com\/pt-pt\/contactos-farmacovigilancia\/","og_site_name":"Bem-vindo ao Organon Pro Portugal - O Portal para Profissionais de Sa\u00fade","article_modified_time":"2023-11-28T09:44:39+00:00","og_image":[{"width":1200,"height":630,"url":"https:\/\/organonpro.com\/pt-pt\/wp-content\/uploads\/sites\/30\/2022\/12\/organon-pro-og-img.png","type":"image\/png"}],"twitter_card":"summary_large_image","twitter_misc":{"Est. reading time":"1 minute"},"schema":{"@context":"https:\/\/schema.org","@graph":[{"@type":"WebPage","@id":"https:\/\/organonpro.com\/pt-pt\/contactos-farmacovigilancia\/","url":"https:\/\/organonpro.com\/pt-pt\/contactos-farmacovigilancia\/","name":"Farmacovigil\u00e2ncia - Bem-vindo ao Organon Pro Portugal - O Portal para Profissionais de Sa\u00fade","isPartOf":{"@id":"https:\/\/organonpro.com\/pt-pt\/#website"},"datePublished":"2022-09-27T10:38:55+00:00","dateModified":"2023-11-28T09:44:39+00:00","breadcrumb":{"@id":"https:\/\/organonpro.com\/pt-pt\/contactos-farmacovigilancia\/#breadcrumb"},"inLanguage":"en-US","potentialAction":[{"@type":"ReadAction","target":["https:\/\/organonpro.com\/pt-pt\/contactos-farmacovigilancia\/"]}]},{"@type":"BreadcrumbList","@id":"https:\/\/organonpro.com\/pt-pt\/contactos-farmacovigilancia\/#breadcrumb","itemListElement":[{"@type":"ListItem","position":1,"name":"Home","item":"https:\/\/organonpro.com\/pt-pt\/"},{"@type":"ListItem","position":2,"name":"Farmacovigil\u00e2ncia"}]},{"@type":"WebSite","@id":"https:\/\/organonpro.com\/pt-pt\/#website","url":"https:\/\/organonpro.com\/pt-pt\/","name":"Bem-vindo ao Organon Pro Portugal - O Portal para Profissionais de Sa\u00fade","description":"Descricao teste","potentialAction":[{"@type":"SearchAction","target":{"@type":"EntryPoint","urlTemplate":"https:\/\/organonpro.com\/pt-pt\/?s={search_term_string}"},"query-input":{"@type":"PropertyValueSpecification","valueRequired":true,"valueName":"search_term_string"}}],"inLanguage":"en-US"}]}},"_links":{"self":[{"href":"https:\/\/organonpro.com\/pt-pt\/wp-json\/wp\/v2\/pages\/173","targetHints":{"allow":["GET"]}}],"collection":[{"href":"https:\/\/organonpro.com\/pt-pt\/wp-json\/wp\/v2\/pages"}],"about":[{"href":"https:\/\/organonpro.com\/pt-pt\/wp-json\/wp\/v2\/types\/page"}],"author":[{"embeddable":true,"href":"https:\/\/organonpro.com\/pt-pt\/wp-json\/wp\/v2\/users\/15"}],"replies":[{"embeddable":true,"href":"https:\/\/organonpro.com\/pt-pt\/wp-json\/wp\/v2\/comments?post=173"}],"version-history":[{"count":14,"href":"https:\/\/organonpro.com\/pt-pt\/wp-json\/wp\/v2\/pages\/173\/revisions"}],"predecessor-version":[{"id":2193,"href":"https:\/\/organonpro.com\/pt-pt\/wp-json\/wp\/v2\/pages\/173\/revisions\/2193"}],"wp:attachment":[{"href":"https:\/\/organonpro.com\/pt-pt\/wp-json\/wp\/v2\/media?parent=173"}],"curies":[{"name":"wp","href":"https:\/\/api.w.org\/{rel}","templated":true}]}}