{"id":968,"date":"2022-07-19T11:53:40","date_gmt":"2022-07-19T11:53:40","guid":{"rendered":"https:\/\/organonpro.com\/pt-br\/?page_id=968"},"modified":"2025-10-27T20:48:58","modified_gmt":"2025-10-27T20:48:58","slug":"cardiologia","status":"publish","type":"page","link":"https:\/\/organonpro.com\/pt-br\/cardiologia\/","title":{"rendered":"Cardiologia"},"content":{"rendered":"\n<figure class=\"wp-block-image size-full is-resized\"><img loading=\"lazy\" decoding=\"async\" src=\"https:\/\/organonpro.com\/pt-br\/wp-content\/uploads\/sites\/4\/2022\/11\/Banner_1_Cardiologia_tcm5670-1169599.webp\" alt=\"\" class=\"wp-image-2873\" width=\"1324\" height=\"333\"\/><\/figure>\n\n\n\n<h2 class=\"wp-block-heading\">Organon, aqui pela sa\u00fade dela!<\/h2>\n\n\n\n<p>A Organon \u00e9 uma empresa global de sa\u00fade formada por meio de um spin-off da MSD para se concentrar na melhoria da sa\u00fade das mulheres ao longo de suas vidas. N\u00f3s acreditamos em um dia a dia melhor e mais saud\u00e1vel para toda mulher, sem exce\u00e7\u00e3o.<\/p>\n\n\n\n<p>Como uma empresa nova, come\u00e7amos nossa jornada ouvindo as necessidades delas, entendendo quais s\u00e3o as quest\u00f5es de sa\u00fade que as afligem e como podemos verdadeiramente apoiar m\u00e9dicos e especialistas com medica\u00e7\u00f5es e dispositivos m\u00e9dicos que transformem vidas.<\/p>\n\n\n\n<p>A Organon construiu uma base s\u00f3lida com medicamentos e solu\u00e7\u00f5es precisas em diversas \u00e1reas terap\u00eauticas como sa\u00fade reprodutiva, contracep\u00e7\u00e3o, c\u00e2ncer de mama, doen\u00e7as respirat\u00f3rias e card\u00edacas. Embora a companhia seja rec\u00e9m-lan\u00e7ada, parte do nosso portf\u00f3lio est\u00e1 dispon\u00edvel no mercado h\u00e1 d\u00e9cadas e \u00e9 reconhecido por m\u00e9dicos e pacientes por sua confiabilidade.<\/p>\n\n\n\n<h2 class=\"wp-block-heading\">Mulheres s\u00e3o as principais v\u00edtimas de doen\u00e7as cardiol\u00f3gicas<\/h2>\n\n\n\n<p>De acordo com o Minist\u00e9rio da Sa\u00fade, por meio de estudo realizado pelo DATASUS, mulheres t\u00eam 50% mais chances de morrer de infarto do que os homens. No Brasil, esse evento cardiovascular atinge uma a cada cinco mulheres, e \u00e9 a segunda causa de morte no sexo feminino. A primeira \u00e9 o AVC (Acidente Vascular Cerebral), um evento tamb\u00e9m relacionado \u00e0s doen\u00e7as cardiovasculares.<\/p>\n\n\n\n<p>Os sintomas de infarto em mulheres s\u00e3o mais leves, quase impercept\u00edveis, o que o torna ainda mais perigoso e letal. Segundo a Organiza\u00e7\u00e3o Mundial de Sa\u00fade (OMS),as doen\u00e7as cardiovasculares s\u00e3o respons\u00e1veis por 32% das mortes no mundo, sendo AVC e infarto as principais causas.<\/p>\n","protected":false},"excerpt":{"rendered":"<p>Organon, aqui pela sa\u00fade dela! A Organon \u00e9 uma empresa global de sa\u00fade formada por meio de um spin-off da MSD para se concentrar na melhoria da sa\u00fade das mulheres ao longo de suas vidas. N\u00f3s acreditamos em um dia a dia melhor e mais saud\u00e1vel para toda mulher, sem exce\u00e7\u00e3o. Como uma empresa nova, [&hellip;]<\/p>\n","protected":false},"author":9,"featured_media":0,"parent":0,"menu_order":0,"comment_status":"closed","ping_status":"closed","template":"","meta":{"_acf_changed":false,"footnotes":""},"class_list":["post-968","page","type-page","status-publish","hentry"],"acf":[],"yoast_head":"<!-- This site is optimized with the Yoast SEO Premium plugin v20.11 (Yoast SEO v26.6) - https:\/\/yoast.com\/wordpress\/plugins\/seo\/ -->\n<title>Cardiologia - Organon Pro - Brazil<\/title>\n<meta name=\"robots\" content=\"index, follow, max-snippet:-1, max-image-preview:large, max-video-preview:-1\" \/>\n<link rel=\"canonical\" href=\"https:\/\/organonpro.com\/pt-br\/cardiologia\/\" \/>\n<meta property=\"og:locale\" content=\"en_US\" \/>\n<meta property=\"og:type\" content=\"article\" \/>\n<meta property=\"og:title\" content=\"Cardiologia\" \/>\n<meta property=\"og:description\" content=\"Organon, aqui pela sa\u00fade dela! A Organon \u00e9 uma empresa global de sa\u00fade formada por meio de um spin-off da MSD para se concentrar na melhoria da sa\u00fade das mulheres ao longo de suas vidas. N\u00f3s acreditamos em um dia a dia melhor e mais saud\u00e1vel para toda mulher, sem exce\u00e7\u00e3o. Como uma empresa nova, [&hellip;]\" \/>\n<meta property=\"og:url\" content=\"https:\/\/organonpro.com\/pt-br\/cardiologia\/\" \/>\n<meta property=\"og:site_name\" content=\"Organon Pro - Brazil\" \/>\n<meta property=\"article:modified_time\" content=\"2025-10-27T20:48:58+00:00\" \/>\n<meta property=\"og:image\" content=\"https:\/\/organonpro.com\/pt-br\/wp-content\/uploads\/sites\/4\/2022\/11\/Banner_1_Cardiologia_tcm5670-1169599.webp\" \/>\n\t<meta property=\"og:image:width\" content=\"1090\" \/>\n\t<meta property=\"og:image:height\" content=\"302\" \/>\n\t<meta property=\"og:image:type\" content=\"image\/webp\" \/>\n<meta name=\"twitter:card\" content=\"summary_large_image\" \/>\n<meta name=\"twitter:label1\" content=\"Est. reading time\" \/>\n\t<meta name=\"twitter:data1\" content=\"2 minutes\" \/>\n<script type=\"application\/ld+json\" class=\"yoast-schema-graph\">{\"@context\":\"https:\/\/schema.org\",\"@graph\":[{\"@type\":\"WebPage\",\"@id\":\"https:\/\/organonpro.com\/pt-br\/cardiologia\/\",\"url\":\"https:\/\/organonpro.com\/pt-br\/cardiologia\/\",\"name\":\"Cardiologia - Organon Pro - Brazil\",\"isPartOf\":{\"@id\":\"https:\/\/organonpro.com\/pt-br\/#website\"},\"primaryImageOfPage\":{\"@id\":\"https:\/\/organonpro.com\/pt-br\/cardiologia\/#primaryimage\"},\"image\":{\"@id\":\"https:\/\/organonpro.com\/pt-br\/cardiologia\/#primaryimage\"},\"thumbnailUrl\":\"https:\/\/organonpro.com\/pt-br\/wp-content\/uploads\/sites\/4\/2022\/11\/Banner_1_Cardiologia_tcm5670-1169599.webp\",\"datePublished\":\"2022-07-19T11:53:40+00:00\",\"dateModified\":\"2025-10-27T20:48:58+00:00\",\"breadcrumb\":{\"@id\":\"https:\/\/organonpro.com\/pt-br\/cardiologia\/#breadcrumb\"},\"inLanguage\":\"en-US\",\"potentialAction\":[{\"@type\":\"ReadAction\",\"target\":[\"https:\/\/organonpro.com\/pt-br\/cardiologia\/\"]}]},{\"@type\":\"ImageObject\",\"inLanguage\":\"en-US\",\"@id\":\"https:\/\/organonpro.com\/pt-br\/cardiologia\/#primaryimage\",\"url\":\"https:\/\/organonpro.com\/pt-br\/wp-content\/uploads\/sites\/4\/2022\/11\/Banner_1_Cardiologia_tcm5670-1169599.webp\",\"contentUrl\":\"https:\/\/organonpro.com\/pt-br\/wp-content\/uploads\/sites\/4\/2022\/11\/Banner_1_Cardiologia_tcm5670-1169599.webp\",\"width\":1090,\"height\":302},{\"@type\":\"BreadcrumbList\",\"@id\":\"https:\/\/organonpro.com\/pt-br\/cardiologia\/#breadcrumb\",\"itemListElement\":[{\"@type\":\"ListItem\",\"position\":1,\"name\":\"Home\",\"item\":\"https:\/\/organonpro.com\/pt-br\/\"},{\"@type\":\"ListItem\",\"position\":2,\"name\":\"Cardiologia\"}]},{\"@type\":\"WebSite\",\"@id\":\"https:\/\/organonpro.com\/pt-br\/#website\",\"url\":\"https:\/\/organonpro.com\/pt-br\/\",\"name\":\"Organon Pro - Brazil\",\"description\":\"Organon Pro - Brazil\",\"potentialAction\":[{\"@type\":\"SearchAction\",\"target\":{\"@type\":\"EntryPoint\",\"urlTemplate\":\"https:\/\/organonpro.com\/pt-br\/?s={search_term_string}\"},\"query-input\":{\"@type\":\"PropertyValueSpecification\",\"valueRequired\":true,\"valueName\":\"search_term_string\"}}],\"inLanguage\":\"en-US\"}]}<\/script>\n<!-- \/ Yoast SEO Premium plugin. -->","yoast_head_json":{"title":"Cardiologia - Organon Pro - Brazil","robots":{"index":"index","follow":"follow","max-snippet":"max-snippet:-1","max-image-preview":"max-image-preview:large","max-video-preview":"max-video-preview:-1"},"canonical":"https:\/\/organonpro.com\/pt-br\/cardiologia\/","og_locale":"en_US","og_type":"article","og_title":"Cardiologia","og_description":"Organon, aqui pela sa\u00fade dela! A Organon \u00e9 uma empresa global de sa\u00fade formada por meio de um spin-off da MSD para se concentrar na melhoria da sa\u00fade das mulheres ao longo de suas vidas. N\u00f3s acreditamos em um dia a dia melhor e mais saud\u00e1vel para toda mulher, sem exce\u00e7\u00e3o. Como uma empresa nova, [&hellip;]","og_url":"https:\/\/organonpro.com\/pt-br\/cardiologia\/","og_site_name":"Organon Pro - Brazil","article_modified_time":"2025-10-27T20:48:58+00:00","og_image":[{"width":1090,"height":302,"url":"https:\/\/organonpro.com\/pt-br\/wp-content\/uploads\/sites\/4\/2022\/11\/Banner_1_Cardiologia_tcm5670-1169599.webp","type":"image\/webp"}],"twitter_card":"summary_large_image","twitter_misc":{"Est. reading time":"2 minutes"},"schema":{"@context":"https:\/\/schema.org","@graph":[{"@type":"WebPage","@id":"https:\/\/organonpro.com\/pt-br\/cardiologia\/","url":"https:\/\/organonpro.com\/pt-br\/cardiologia\/","name":"Cardiologia - Organon Pro - Brazil","isPartOf":{"@id":"https:\/\/organonpro.com\/pt-br\/#website"},"primaryImageOfPage":{"@id":"https:\/\/organonpro.com\/pt-br\/cardiologia\/#primaryimage"},"image":{"@id":"https:\/\/organonpro.com\/pt-br\/cardiologia\/#primaryimage"},"thumbnailUrl":"https:\/\/organonpro.com\/pt-br\/wp-content\/uploads\/sites\/4\/2022\/11\/Banner_1_Cardiologia_tcm5670-1169599.webp","datePublished":"2022-07-19T11:53:40+00:00","dateModified":"2025-10-27T20:48:58+00:00","breadcrumb":{"@id":"https:\/\/organonpro.com\/pt-br\/cardiologia\/#breadcrumb"},"inLanguage":"en-US","potentialAction":[{"@type":"ReadAction","target":["https:\/\/organonpro.com\/pt-br\/cardiologia\/"]}]},{"@type":"ImageObject","inLanguage":"en-US","@id":"https:\/\/organonpro.com\/pt-br\/cardiologia\/#primaryimage","url":"https:\/\/organonpro.com\/pt-br\/wp-content\/uploads\/sites\/4\/2022\/11\/Banner_1_Cardiologia_tcm5670-1169599.webp","contentUrl":"https:\/\/organonpro.com\/pt-br\/wp-content\/uploads\/sites\/4\/2022\/11\/Banner_1_Cardiologia_tcm5670-1169599.webp","width":1090,"height":302},{"@type":"BreadcrumbList","@id":"https:\/\/organonpro.com\/pt-br\/cardiologia\/#breadcrumb","itemListElement":[{"@type":"ListItem","position":1,"name":"Home","item":"https:\/\/organonpro.com\/pt-br\/"},{"@type":"ListItem","position":2,"name":"Cardiologia"}]},{"@type":"WebSite","@id":"https:\/\/organonpro.com\/pt-br\/#website","url":"https:\/\/organonpro.com\/pt-br\/","name":"Organon Pro - Brazil","description":"Organon Pro - Brazil","potentialAction":[{"@type":"SearchAction","target":{"@type":"EntryPoint","urlTemplate":"https:\/\/organonpro.com\/pt-br\/?s={search_term_string}"},"query-input":{"@type":"PropertyValueSpecification","valueRequired":true,"valueName":"search_term_string"}}],"inLanguage":"en-US"}]}},"jetpack_sharing_enabled":true,"_links":{"self":[{"href":"https:\/\/organonpro.com\/pt-br\/wp-json\/wp\/v2\/pages\/968","targetHints":{"allow":["GET"]}}],"collection":[{"href":"https:\/\/organonpro.com\/pt-br\/wp-json\/wp\/v2\/pages"}],"about":[{"href":"https:\/\/organonpro.com\/pt-br\/wp-json\/wp\/v2\/types\/page"}],"author":[{"embeddable":true,"href":"https:\/\/organonpro.com\/pt-br\/wp-json\/wp\/v2\/users\/9"}],"replies":[{"embeddable":true,"href":"https:\/\/organonpro.com\/pt-br\/wp-json\/wp\/v2\/comments?post=968"}],"version-history":[{"count":5,"href":"https:\/\/organonpro.com\/pt-br\/wp-json\/wp\/v2\/pages\/968\/revisions"}],"predecessor-version":[{"id":2874,"href":"https:\/\/organonpro.com\/pt-br\/wp-json\/wp\/v2\/pages\/968\/revisions\/2874"}],"wp:attachment":[{"href":"https:\/\/organonpro.com\/pt-br\/wp-json\/wp\/v2\/media?parent=968"}],"curies":[{"name":"wp","href":"https:\/\/api.w.org\/{rel}","templated":true}]}}