{"id":85,"date":"2022-07-06T12:44:41","date_gmt":"2022-07-06T12:44:41","guid":{"rendered":"https:\/\/vip-organon-connect-com-testing.go-vip.net\/br-br\/?page_id=85"},"modified":"2023-12-11T11:43:25","modified_gmt":"2023-12-11T11:43:25","slug":"mapa-do-site","status":"publish","type":"page","link":"https:\/\/organonpro.com\/pt-br\/mapa-do-site\/","title":{"rendered":"Mapa do site"},"content":{"rendered":"<section class=\"multilinks multi-link\" id=\"multi-link-block_62ceb2d58153b\">\n    <div class=\"container\">\n    <div class=\"row\">\n                <div class=\"col-xl-12 p-0\">\n                    <div class=\"heading-link\">\n                <h2>Produtos<\/h2>\n            <\/div>\n        \t\t\n\t\t\t\t\n                    <div class=\"links multi-custom-links\">\n                                            <a class=\"btn-small btn-links\" href=\"https:\/\/organonpro.com\/pt-br\/product\/implanon-nxt\/\" target=\"_self\">IMPLANON NXT<\/a>\n                                                <a class=\"btn-small btn-links\" href=\"https:\/\/organonpro.com\/pt-br\/product\/sandrena\/\" target=\"_self\">SANDRENA<\/a>\n                                                <a class=\"btn-small btn-links\" href=\"https:\/\/organonpro.com\/pt-br\/product\/cerazette-3\/\" target=\"_self\">CERAZETTE 3<\/a>\n                                                <a class=\"btn-small btn-links\" href=\"https:\/\/organonpro.com\/pt-br\/product\/mercilon\/\" target=\"_self\">MERCILON<\/a>\n                                                <a class=\"btn-small btn-links\" href=\"https:\/\/organonpro.com\/pt-br\/product\/mercilon-conti\/\" target=\"_self\">MERCILON CONTI<\/a>\n                                                <a class=\"btn-small btn-links\" href=\"https:\/\/organonpro.com\/pt-br\/product\/nuvaring\/\" target=\"_self\">NUVARING<\/a>\n                                                <a class=\"btn-small btn-links\" href=\"https:\/\/organonpro.com\/pt-br\/product\/elonva\/\" target=\"_self\">ELONVA<\/a>\n                                                <a class=\"btn-small btn-links\" href=\"https:\/\/organonpro.com\/pt-br\/product\/orgalutran\/\" target=\"_self\">ORGALUTRAN<\/a>\n                                                <a class=\"btn-small btn-links\" href=\"https:\/\/organonpro.com\/pt-br\/product\/puregon\/\" target=\"_self\">PUREGON<\/a>\n                                                <a class=\"btn-small btn-links\" href=\"https:\/\/organonpro.com\/pt-br\/product\/desalex\/\" target=\"_self\">DESALEX<\/a>\n                                                <a class=\"btn-small btn-links\" href=\"https:\/\/organonpro.com\/pt-br\/product\/desalex-d12\/\" target=\"_self\">DESALEX D<\/a>\n                                                <a class=\"btn-small btn-links\" href=\"https:\/\/organonpro.com\/pt-br\/product\/nasonex\/\" target=\"_self\">NASONEX<\/a>\n                                                <a class=\"btn-small btn-links\" href=\"https:\/\/organonpro.com\/pt-br\/product\/singulair-singulair-baby\/\" target=\"_self\">SINGULAIR<\/a>\n                                <\/div>\n            \n    <\/div>\n        <\/div>\n    <\/div>\n<\/section>\n\n\n\n<div style=\"height:20px\" aria-hidden=\"true\" class=\"wp-block-spacer\"><\/div>\n\n\n<section class=\"multilinks multi-link\" id=\"multi-link-block_62ceb4b681549\">\n    <div class=\"container\">\n    <div class=\"row\">\n                <div class=\"col-xl-12 p-0\">\n                    <div class=\"heading-link\">\n                <h2>Conte\u00fados<\/h2>\n            <\/div>\n        \t\t\n\t\t\t\t\n                    <div class=\"links multi-custom-links\">\n                                            <a class=\"btn-small btn-links\" href=\"https:\/\/organonpro.com\/pt-br\/conteudos\/contraceptivos\/\" target=\"_self\">Contraceptivos<\/a>\n                                                <a class=\"btn-small btn-links\" href=\"https:\/\/organonpro.com\/pt-br\/conteudos\/fertilidade\/\" target=\"_self\">Fertilidade<\/a>\n                                                <a class=\"btn-small btn-links\" href=\"https:\/\/organonpro.com\/pt-br\/conteudos\/biossimilares\/\" target=\"_self\">Biossimilares<\/a>\n                                                <a class=\"btn-small btn-links\" href=\"https:\/\/organonpro.com\/pt-br\/conteudos\/respiratoria\/\" target=\"_self\">Respiratoria<\/a>\n                                <\/div>\n            \n    <\/div>\n        <\/div>\n    <\/div>\n<\/section>\n\n\n\n<div style=\"height:20px\" aria-hidden=\"true\" class=\"wp-block-spacer\"><\/div>\n\n\n<section class=\"multilinks multi-link\" id=\"multi-link-block_62ceb7058154e\">\n    <div class=\"container\">\n    <div class=\"row\">\n                <div class=\"col-xl-12 p-0\">\n                    <div class=\"heading-link\">\n                <h2>Eventos<\/h2>\n            <\/div>\n        \t\t\n\t\t\t\t\n                    <div class=\"links multi-custom-links\">\n                                            <a class=\"btn-small btn-links\" href=\"https:\/\/organonpro.com\/pt-br\/eventos\/\" target=\"_self\">Eventos<\/a>\n                                <\/div>\n            \n    <\/div>\n        <\/div>\n    <\/div>\n<\/section>\n\n\n\n<div style=\"height:20px\" aria-hidden=\"true\" class=\"wp-block-spacer\"><\/div>\n\n\n<section class=\"multilinks multi-link\" id=\"multi-link-block_62ceb77e81550\">\n    <div class=\"container\">\n    <div class=\"row\">\n                <div class=\"col-xl-12 p-0\">\n                    <div class=\"heading-link\">\n                <h2>Fale com a Organon<\/h2>\n            <\/div>\n        \t\t\n\t\t\t\t\n                    <div class=\"links multi-custom-links\">\n                                            <a class=\"btn-small btn-links\" href=\"https:\/\/organonpro.com\/pt-br\/fale-com-a-organon\/contact_us\/\" target=\"_self\">Fale Conosco<\/a>\n                                                <a class=\"btn-small btn-links\" href=\"https:\/\/organonpro.com\/pt-br\/fale-com-a-organon\/farmacovigilancia\/\" target=\"_self\">farmacovigilancia<\/a>\n                                                <a class=\"btn-small btn-links\" href=\"https:\/\/organonpro.com\/pt-br\/fale-com-a-organon\/informacao-medica\/\" target=\"_self\">Informa\u00e7\u00e3o M\u00e9dica<\/a>\n                                                <a class=\"btn-small btn-links\" href=\"https:\/\/organonpro.com\/pt-br\/fale-com-a-organon\/agendar_visita\/\" target=\"_self\">Quero receber a visita de uma representante<\/a>\n                                <\/div>\n            \n    <\/div>\n        <\/div>\n    <\/div>\n<\/section>\n\n\n\n<div style=\"height:20px\" aria-hidden=\"true\" class=\"wp-block-spacer\"><\/div>\n\n\n<section class=\"multilinks multi-link\" id=\"multi-link-block_62ceb7ff81554\">\n    <div class=\"container\">\n    <div class=\"row\">\n                <div class=\"col-xl-12 p-0\">\n                    <div class=\"heading-link\">\n                <h2>Sobre a Organon<\/h2>\n            <\/div>\n        \t\t\n\t\t\t\t\n                    <div class=\"links multi-custom-links\">\n                                            <a class=\"btn-small btn-links\" href=\"https:\/\/organonpro.com\/pt-br\/sobre-a-organon\/\" target=\"_self\">Sobre a Organon<\/a>\n                                <\/div>\n            \n    <\/div>\n        <\/div>\n    <\/div>\n<\/section>\n","protected":false},"excerpt":{"rendered":"","protected":false},"author":9,"featured_media":0,"parent":0,"menu_order":0,"comment_status":"closed","ping_status":"closed","template":"","meta":{"_acf_changed":false,"footnotes":""},"class_list":["post-85","page","type-page","status-publish","hentry"],"acf":[],"yoast_head":"<!-- This site is optimized with the Yoast SEO Premium plugin v20.11 (Yoast SEO v26.6) - https:\/\/yoast.com\/wordpress\/plugins\/seo\/ -->\n<title>Mapa do site - Organon Pro - Brazil<\/title>\n<meta name=\"robots\" content=\"index, follow, max-snippet:-1, max-image-preview:large, max-video-preview:-1\" \/>\n<link rel=\"canonical\" href=\"https:\/\/organonpro.com\/pt-br\/mapa-do-site\/\" \/>\n<meta property=\"og:locale\" content=\"en_US\" \/>\n<meta property=\"og:type\" content=\"article\" \/>\n<meta property=\"og:title\" content=\"Mapa do site\" \/>\n<meta property=\"og:url\" content=\"https:\/\/organonpro.com\/pt-br\/mapa-do-site\/\" \/>\n<meta property=\"og:site_name\" content=\"Organon Pro - Brazil\" \/>\n<meta property=\"article:modified_time\" content=\"2023-12-11T11:43:25+00:00\" \/>\n<meta property=\"og:image\" content=\"https:\/\/organonpro.com\/pt-br\/wp-content\/uploads\/sites\/4\/2022\/12\/organon-pro-og-img.png\" \/>\n\t<meta property=\"og:image:width\" content=\"1200\" \/>\n\t<meta property=\"og:image:height\" content=\"630\" \/>\n\t<meta property=\"og:image:type\" content=\"image\/png\" \/>\n<meta name=\"twitter:card\" content=\"summary_large_image\" \/>\n<script type=\"application\/ld+json\" class=\"yoast-schema-graph\">{\"@context\":\"https:\/\/schema.org\",\"@graph\":[{\"@type\":\"WebPage\",\"@id\":\"https:\/\/organonpro.com\/pt-br\/mapa-do-site\/\",\"url\":\"https:\/\/organonpro.com\/pt-br\/mapa-do-site\/\",\"name\":\"Mapa do site - Organon Pro - Brazil\",\"isPartOf\":{\"@id\":\"https:\/\/organonpro.com\/pt-br\/#website\"},\"datePublished\":\"2022-07-06T12:44:41+00:00\",\"dateModified\":\"2023-12-11T11:43:25+00:00\",\"breadcrumb\":{\"@id\":\"https:\/\/organonpro.com\/pt-br\/mapa-do-site\/#breadcrumb\"},\"inLanguage\":\"en-US\",\"potentialAction\":[{\"@type\":\"ReadAction\",\"target\":[\"https:\/\/organonpro.com\/pt-br\/mapa-do-site\/\"]}]},{\"@type\":\"BreadcrumbList\",\"@id\":\"https:\/\/organonpro.com\/pt-br\/mapa-do-site\/#breadcrumb\",\"itemListElement\":[{\"@type\":\"ListItem\",\"position\":1,\"name\":\"Home\",\"item\":\"https:\/\/organonpro.com\/pt-br\/\"},{\"@type\":\"ListItem\",\"position\":2,\"name\":\"Mapa do site\"}]},{\"@type\":\"WebSite\",\"@id\":\"https:\/\/organonpro.com\/pt-br\/#website\",\"url\":\"https:\/\/organonpro.com\/pt-br\/\",\"name\":\"Organon Pro - Brazil\",\"description\":\"Organon Pro - Brazil\",\"potentialAction\":[{\"@type\":\"SearchAction\",\"target\":{\"@type\":\"EntryPoint\",\"urlTemplate\":\"https:\/\/organonpro.com\/pt-br\/?s={search_term_string}\"},\"query-input\":{\"@type\":\"PropertyValueSpecification\",\"valueRequired\":true,\"valueName\":\"search_term_string\"}}],\"inLanguage\":\"en-US\"}]}<\/script>\n<!-- \/ Yoast SEO Premium plugin. -->","yoast_head_json":{"title":"Mapa do site - Organon Pro - Brazil","robots":{"index":"index","follow":"follow","max-snippet":"max-snippet:-1","max-image-preview":"max-image-preview:large","max-video-preview":"max-video-preview:-1"},"canonical":"https:\/\/organonpro.com\/pt-br\/mapa-do-site\/","og_locale":"en_US","og_type":"article","og_title":"Mapa do site","og_url":"https:\/\/organonpro.com\/pt-br\/mapa-do-site\/","og_site_name":"Organon Pro - Brazil","article_modified_time":"2023-12-11T11:43:25+00:00","og_image":[{"width":1200,"height":630,"url":"https:\/\/organonpro.com\/pt-br\/wp-content\/uploads\/sites\/4\/2022\/12\/organon-pro-og-img.png","type":"image\/png"}],"twitter_card":"summary_large_image","schema":{"@context":"https:\/\/schema.org","@graph":[{"@type":"WebPage","@id":"https:\/\/organonpro.com\/pt-br\/mapa-do-site\/","url":"https:\/\/organonpro.com\/pt-br\/mapa-do-site\/","name":"Mapa do site - Organon Pro - Brazil","isPartOf":{"@id":"https:\/\/organonpro.com\/pt-br\/#website"},"datePublished":"2022-07-06T12:44:41+00:00","dateModified":"2023-12-11T11:43:25+00:00","breadcrumb":{"@id":"https:\/\/organonpro.com\/pt-br\/mapa-do-site\/#breadcrumb"},"inLanguage":"en-US","potentialAction":[{"@type":"ReadAction","target":["https:\/\/organonpro.com\/pt-br\/mapa-do-site\/"]}]},{"@type":"BreadcrumbList","@id":"https:\/\/organonpro.com\/pt-br\/mapa-do-site\/#breadcrumb","itemListElement":[{"@type":"ListItem","position":1,"name":"Home","item":"https:\/\/organonpro.com\/pt-br\/"},{"@type":"ListItem","position":2,"name":"Mapa do site"}]},{"@type":"WebSite","@id":"https:\/\/organonpro.com\/pt-br\/#website","url":"https:\/\/organonpro.com\/pt-br\/","name":"Organon Pro - Brazil","description":"Organon Pro - Brazil","potentialAction":[{"@type":"SearchAction","target":{"@type":"EntryPoint","urlTemplate":"https:\/\/organonpro.com\/pt-br\/?s={search_term_string}"},"query-input":{"@type":"PropertyValueSpecification","valueRequired":true,"valueName":"search_term_string"}}],"inLanguage":"en-US"}]}},"jetpack_sharing_enabled":true,"_links":{"self":[{"href":"https:\/\/organonpro.com\/pt-br\/wp-json\/wp\/v2\/pages\/85","targetHints":{"allow":["GET"]}}],"collection":[{"href":"https:\/\/organonpro.com\/pt-br\/wp-json\/wp\/v2\/pages"}],"about":[{"href":"https:\/\/organonpro.com\/pt-br\/wp-json\/wp\/v2\/types\/page"}],"author":[{"embeddable":true,"href":"https:\/\/organonpro.com\/pt-br\/wp-json\/wp\/v2\/users\/9"}],"replies":[{"embeddable":true,"href":"https:\/\/organonpro.com\/pt-br\/wp-json\/wp\/v2\/comments?post=85"}],"version-history":[{"count":15,"href":"https:\/\/organonpro.com\/pt-br\/wp-json\/wp\/v2\/pages\/85\/revisions"}],"predecessor-version":[{"id":3852,"href":"https:\/\/organonpro.com\/pt-br\/wp-json\/wp\/v2\/pages\/85\/revisions\/3852"}],"wp:attachment":[{"href":"https:\/\/organonpro.com\/pt-br\/wp-json\/wp\/v2\/media?parent=85"}],"curies":[{"name":"wp","href":"https:\/\/api.w.org\/{rel}","templated":true}]}}