{"id":83,"date":"2022-07-06T12:44:21","date_gmt":"2022-07-06T12:44:21","guid":{"rendered":"https:\/\/vip-organon-connect-com-testing.go-vip.net\/br-br\/?page_id=83"},"modified":"2023-12-11T11:02:28","modified_gmt":"2023-12-11T11:02:28","slug":"contact_us","status":"publish","type":"page","link":"https:\/\/organonpro.com\/pt-br\/fale-com-a-organon\/contact_us\/","title":{"rendered":"Fale Conosco"},"content":{"rendered":"\n<h2 class=\"wp-block-heading\" id=\"h-preencha-o-formulario\">PREENCHA O FORMUL\u00c1RIO<\/h2>\n\n\n\n<p>Agradecemos sua visita ao Organon Conecta. Para d\u00favidas, informa\u00e7\u00f5es ou sugest\u00f5es, escolha uma das formas dispon\u00edveis abaixo e fale conosco. Para relatar um evento adverso, <a href=\"https:\/\/organonpro.com\/pt-br\/fale-com-a-organon\/farmacovigilancia\/\">clique<\/a><a href=\"https:\/\/organonpro.com\/pt-br\/fale-com-a-organon\/farmacovigilancia\/\" target=\"_blank\" rel=\"noreferrer noopener\"> aqu<\/a><a href=\"https:\/\/organonpro.com\/pt-br\/fale-com-a-organon\/farmacovigilancia\/\">i<\/a>.<\/p>\n\n\n\n<div class=\"wp-block-buttons is-layout-flex wp-block-buttons-is-layout-flex\">\n<div class=\"wp-block-button\"><a class=\"wp-block-button__link wp-element-button\" href=\"\/pt-br\/contact-us\/\">Fale Conosco<\/a><\/div>\n<\/div>\n\n\n\n<h4 class=\"wp-block-heading\" id=\"h-contate-organon\">Contate Organon<\/h4>\n\n\n\n<p>0800 00 00 149<\/p>\n\n\n\n<p><a href=\"mailto:contate@organon.com\">contate@organon.com<\/a><\/p>\n\n\n\n<p>Hor\u00e1rio de atendimento: de segunda a sexta das 8h \u00e0s 18h<\/p>\n","protected":false},"excerpt":{"rendered":"<p>PREENCHA O FORMUL\u00c1RIO Agradecemos sua visita ao Organon Conecta. Para d\u00favidas, informa\u00e7\u00f5es ou sugest\u00f5es, escolha uma das formas dispon\u00edveis abaixo e fale conosco. Para relatar um evento adverso, clique aqui. Contate Organon 0800 00 00 149 contate@organon.com Hor\u00e1rio de atendimento: de segunda a sexta das 8h \u00e0s 18h<\/p>\n","protected":false},"author":9,"featured_media":0,"parent":2862,"menu_order":0,"comment_status":"closed","ping_status":"closed","template":"templates\/template-listing-details-content.php","meta":{"_acf_changed":false,"footnotes":""},"class_list":["post-83","page","type-page","status-publish","hentry"],"acf":[],"yoast_head":"<!-- This site is optimized with the Yoast SEO Premium plugin v20.11 (Yoast SEO v26.6) - https:\/\/yoast.com\/wordpress\/plugins\/seo\/ -->\n<title>Fale Conosco - Organon Pro - Brazil<\/title>\n<meta name=\"robots\" content=\"index, follow, max-snippet:-1, max-image-preview:large, max-video-preview:-1\" \/>\n<link rel=\"canonical\" href=\"https:\/\/organonpro.com\/pt-br\/fale-com-a-organon\/contact_us\/\" \/>\n<meta property=\"og:locale\" content=\"en_US\" \/>\n<meta property=\"og:type\" content=\"article\" \/>\n<meta property=\"og:title\" content=\"Fale Conosco\" \/>\n<meta property=\"og:description\" content=\"PREENCHA O FORMUL\u00c1RIO Agradecemos sua visita ao Organon Conecta. Para d\u00favidas, informa\u00e7\u00f5es ou sugest\u00f5es, escolha uma das formas dispon\u00edveis abaixo e fale conosco. Para relatar um evento adverso, clique aqui. Contate Organon 0800 00 00 149 contate@organon.com Hor\u00e1rio de atendimento: de segunda a sexta das 8h \u00e0s 18h\" \/>\n<meta property=\"og:url\" content=\"https:\/\/organonpro.com\/pt-br\/fale-com-a-organon\/contact_us\/\" \/>\n<meta property=\"og:site_name\" content=\"Organon Pro - Brazil\" \/>\n<meta property=\"article:modified_time\" content=\"2023-12-11T11:02:28+00:00\" \/>\n<meta property=\"og:image\" content=\"https:\/\/organonpro.com\/pt-br\/wp-content\/uploads\/sites\/4\/2022\/12\/organon-pro-og-img.png\" \/>\n\t<meta property=\"og:image:width\" content=\"1200\" \/>\n\t<meta property=\"og:image:height\" content=\"630\" \/>\n\t<meta property=\"og:image:type\" content=\"image\/png\" \/>\n<meta name=\"twitter:card\" content=\"summary_large_image\" \/>\n<meta name=\"twitter:label1\" content=\"Est. reading time\" \/>\n\t<meta name=\"twitter:data1\" content=\"1 minute\" \/>\n<script type=\"application\/ld+json\" class=\"yoast-schema-graph\">{\"@context\":\"https:\/\/schema.org\",\"@graph\":[{\"@type\":\"WebPage\",\"@id\":\"https:\/\/organonpro.com\/pt-br\/fale-com-a-organon\/contact_us\/\",\"url\":\"https:\/\/organonpro.com\/pt-br\/fale-com-a-organon\/contact_us\/\",\"name\":\"Fale Conosco - Organon Pro - Brazil\",\"isPartOf\":{\"@id\":\"https:\/\/organonpro.com\/pt-br\/#website\"},\"datePublished\":\"2022-07-06T12:44:21+00:00\",\"dateModified\":\"2023-12-11T11:02:28+00:00\",\"breadcrumb\":{\"@id\":\"https:\/\/organonpro.com\/pt-br\/fale-com-a-organon\/contact_us\/#breadcrumb\"},\"inLanguage\":\"en-US\",\"potentialAction\":[{\"@type\":\"ReadAction\",\"target\":[\"https:\/\/organonpro.com\/pt-br\/fale-com-a-organon\/contact_us\/\"]}]},{\"@type\":\"BreadcrumbList\",\"@id\":\"https:\/\/organonpro.com\/pt-br\/fale-com-a-organon\/contact_us\/#breadcrumb\",\"itemListElement\":[{\"@type\":\"ListItem\",\"position\":1,\"name\":\"Home\",\"item\":\"https:\/\/organonpro.com\/pt-br\/\"},{\"@type\":\"ListItem\",\"position\":2,\"name\":\"Fale com a Organon\",\"item\":\"https:\/\/organonpro.com\/pt-br\/fale-com-a-organon\/\"},{\"@type\":\"ListItem\",\"position\":3,\"name\":\"Fale Conosco\"}]},{\"@type\":\"WebSite\",\"@id\":\"https:\/\/organonpro.com\/pt-br\/#website\",\"url\":\"https:\/\/organonpro.com\/pt-br\/\",\"name\":\"Organon Pro - Brazil\",\"description\":\"Organon Pro - Brazil\",\"potentialAction\":[{\"@type\":\"SearchAction\",\"target\":{\"@type\":\"EntryPoint\",\"urlTemplate\":\"https:\/\/organonpro.com\/pt-br\/?s={search_term_string}\"},\"query-input\":{\"@type\":\"PropertyValueSpecification\",\"valueRequired\":true,\"valueName\":\"search_term_string\"}}],\"inLanguage\":\"en-US\"}]}<\/script>\n<!-- \/ Yoast SEO Premium plugin. -->","yoast_head_json":{"title":"Fale Conosco - Organon Pro - Brazil","robots":{"index":"index","follow":"follow","max-snippet":"max-snippet:-1","max-image-preview":"max-image-preview:large","max-video-preview":"max-video-preview:-1"},"canonical":"https:\/\/organonpro.com\/pt-br\/fale-com-a-organon\/contact_us\/","og_locale":"en_US","og_type":"article","og_title":"Fale Conosco","og_description":"PREENCHA O FORMUL\u00c1RIO Agradecemos sua visita ao Organon Conecta. Para d\u00favidas, informa\u00e7\u00f5es ou sugest\u00f5es, escolha uma das formas dispon\u00edveis abaixo e fale conosco. Para relatar um evento adverso, clique aqui. Contate Organon 0800 00 00 149 contate@organon.com Hor\u00e1rio de atendimento: de segunda a sexta das 8h \u00e0s 18h","og_url":"https:\/\/organonpro.com\/pt-br\/fale-com-a-organon\/contact_us\/","og_site_name":"Organon Pro - Brazil","article_modified_time":"2023-12-11T11:02:28+00:00","og_image":[{"width":1200,"height":630,"url":"https:\/\/organonpro.com\/pt-br\/wp-content\/uploads\/sites\/4\/2022\/12\/organon-pro-og-img.png","type":"image\/png"}],"twitter_card":"summary_large_image","twitter_misc":{"Est. reading time":"1 minute"},"schema":{"@context":"https:\/\/schema.org","@graph":[{"@type":"WebPage","@id":"https:\/\/organonpro.com\/pt-br\/fale-com-a-organon\/contact_us\/","url":"https:\/\/organonpro.com\/pt-br\/fale-com-a-organon\/contact_us\/","name":"Fale Conosco - Organon Pro - Brazil","isPartOf":{"@id":"https:\/\/organonpro.com\/pt-br\/#website"},"datePublished":"2022-07-06T12:44:21+00:00","dateModified":"2023-12-11T11:02:28+00:00","breadcrumb":{"@id":"https:\/\/organonpro.com\/pt-br\/fale-com-a-organon\/contact_us\/#breadcrumb"},"inLanguage":"en-US","potentialAction":[{"@type":"ReadAction","target":["https:\/\/organonpro.com\/pt-br\/fale-com-a-organon\/contact_us\/"]}]},{"@type":"BreadcrumbList","@id":"https:\/\/organonpro.com\/pt-br\/fale-com-a-organon\/contact_us\/#breadcrumb","itemListElement":[{"@type":"ListItem","position":1,"name":"Home","item":"https:\/\/organonpro.com\/pt-br\/"},{"@type":"ListItem","position":2,"name":"Fale com a Organon","item":"https:\/\/organonpro.com\/pt-br\/fale-com-a-organon\/"},{"@type":"ListItem","position":3,"name":"Fale Conosco"}]},{"@type":"WebSite","@id":"https:\/\/organonpro.com\/pt-br\/#website","url":"https:\/\/organonpro.com\/pt-br\/","name":"Organon Pro - Brazil","description":"Organon Pro - Brazil","potentialAction":[{"@type":"SearchAction","target":{"@type":"EntryPoint","urlTemplate":"https:\/\/organonpro.com\/pt-br\/?s={search_term_string}"},"query-input":{"@type":"PropertyValueSpecification","valueRequired":true,"valueName":"search_term_string"}}],"inLanguage":"en-US"}]}},"jetpack_sharing_enabled":true,"_links":{"self":[{"href":"https:\/\/organonpro.com\/pt-br\/wp-json\/wp\/v2\/pages\/83","targetHints":{"allow":["GET"]}}],"collection":[{"href":"https:\/\/organonpro.com\/pt-br\/wp-json\/wp\/v2\/pages"}],"about":[{"href":"https:\/\/organonpro.com\/pt-br\/wp-json\/wp\/v2\/types\/page"}],"author":[{"embeddable":true,"href":"https:\/\/organonpro.com\/pt-br\/wp-json\/wp\/v2\/users\/9"}],"replies":[{"embeddable":true,"href":"https:\/\/organonpro.com\/pt-br\/wp-json\/wp\/v2\/comments?post=83"}],"version-history":[{"count":25,"href":"https:\/\/organonpro.com\/pt-br\/wp-json\/wp\/v2\/pages\/83\/revisions"}],"predecessor-version":[{"id":3822,"href":"https:\/\/organonpro.com\/pt-br\/wp-json\/wp\/v2\/pages\/83\/revisions\/3822"}],"up":[{"embeddable":true,"href":"https:\/\/organonpro.com\/pt-br\/wp-json\/wp\/v2\/pages\/2862"}],"wp:attachment":[{"href":"https:\/\/organonpro.com\/pt-br\/wp-json\/wp\/v2\/media?parent=83"}],"curies":[{"name":"wp","href":"https:\/\/api.w.org\/{rel}","templated":true}]}}