{"id":79,"date":"2022-07-06T12:43:25","date_gmt":"2022-07-06T12:43:25","guid":{"rendered":"https:\/\/vip-organon-connect-com-testing.go-vip.net\/br-br\/?page_id=79"},"modified":"2022-10-24T19:18:47","modified_gmt":"2022-10-24T19:18:47","slug":"sobre-a-organon","status":"publish","type":"page","link":"https:\/\/organonpro.com\/pt-br\/sobre-a-organon\/","title":{"rendered":"Sobre a Organon"},"content":{"rendered":"\n<div style=\"height:20px\" aria-hidden=\"true\" class=\"wp-block-spacer\"><\/div>\n\n\n<section class=\"tabs tabs\" id=\"tabs-block_62ce6f0b6bb80\">\n        <div class=\"container\">\n\t\t\t            <div class=\"row\">\n                <div class=\"col-xl-12 col-md-12 col-sm-12\">\n                                    <ul class=\"nav nav-tabs\">\n                                                                                        <li class=\"nav-item\">\n                                    <a class=\"nav-link active\" data-bs-toggle=\"tab\" href=\"#menu1\">NOSSO MANIFESTO<\/a>\n                                <\/li>\n                                                                                                                        <li class=\"nav-item\">\n                                    <a class=\"nav-link \" data-bs-toggle=\"tab\" href=\"#menu2\">NOSSA HIST\u00d3RIA<\/a>\n                                <\/li>\n                                                                                                                        <li class=\"nav-item\">\n                                    <a class=\"nav-link \" data-bs-toggle=\"tab\" href=\"#menu3\">NOSSA CULTURA<\/a>\n                                <\/li>\n                                                                                \n                    <\/ul>\n                    <div class=\"tab-content\">\n                                                                                            <div class=\"tab-pane active\" id=\"menu1\">\n                                    <p style=\"text-align: center;\"><strong>Aqui pela sa\u00fade dela!<\/strong><\/p>\n<p style=\"text-align: center;\"><strong>Compromisso da Organon com as mulheres no Brasil e ao redor do mundo.<\/strong><\/p>\n<p>Na Organon, acreditamos em um dia a dia melhor e mais sadio para todas as mulheres, sem exce\u00e7\u00e3o. Estamos comprometidos com o seu bem-estar e para tanto oferecemos tratamentos que as beneficiam nas mais diferentes etapas das suas vidas. <strong>N\u00f3s existimos para cuidar da sa\u00fade delas.<\/strong><\/p>\n<p>Como uma empresa nova, come\u00e7amos a nossa jornada acolhendo e ouvindo as necessidades das mulheres, entendendo quais s\u00e3o as quest\u00f5es de sa\u00fade que as afligem e como podemos verdadeiramente apoiar m\u00e9dicos e especialistas com medicamentos e solu\u00e7\u00f5es que transformem vidas. Escutar ativamente as mulheres, seus cuidadores e profissionais de sa\u00fade \u00e9 e continuar\u00e1 sendo um trabalho cont\u00ednuo, do qual n\u00e3o vamos nos furtar, e que permitir\u00e1 \u00e0 Organon ser uma <strong>importante aliada para meninas, jovens, mulheres e senhoras<\/strong>\u00a0nos mais de 140 pa\u00edses em que estamos presentes. Sabemos que podemos fazer muito pela sa\u00fade feminina e faremos!<\/p>\n<p>No Brasil, diante da realidade socialmente desigual que vivenciamos, estamos trabalhando incessantemente para prover acesso aos mais diferentes tratamentos para mulheres.\u00a0<strong>O ecossistema de cuidados com a sa\u00fade feminina \u00e9 para todas!<\/strong>\u00a0Independente de classe social, ra\u00e7a, orienta\u00e7\u00e3o sexual ou qualquer outra caracter\u00edstica que as fa\u00e7a \u00fanicas. Nos comprometemos com a sociedade brasileira para oferecer solu\u00e7\u00f5es vi\u00e1veis para as mulheres porque acreditamos que a jornada para melhoria da sa\u00fade feminina \u00e9 fundamental para a conquista de um mundo mais justo, mais saud\u00e1vel e com mais equidade.<\/p>\n<p>E mais! Estamos atentos \u00e0s atuais transforma\u00e7\u00f5es na rela\u00e7\u00e3o das mulheres com os seus corpos e com a sua sa\u00fade. Compreendemos que essas mudan\u00e7as s\u00e3o resultado da luta constante por direitos e visibilidade. A sa\u00fade feminina nunca foi t\u00e3o discutida como hoje em dia e n\u00f3s da Organon &#8211; por meio dos nossos times, compostos tamb\u00e9m por mulheres diversas &#8211;\u00a0<strong>estamos aqui para seguir lado a lado com todos que se ocupam com o bem-estar da mulher no Brasil e no mundo.<\/strong> A sa\u00fade das mulheres \u00e9 o dia a dia da nossa empresa!<\/p>\n<p>A Organon construiu uma base s\u00f3lida com medicamentos e solu\u00e7\u00f5es precisas em diversas \u00e1reas como sa\u00fade reprodutiva, contracep\u00e7\u00e3o, doen\u00e7as card\u00edacas, c\u00e2ncer de mama, entre outras. Oferecemos essas\u00a0<strong>importantes terapias para o cuidado com a sa\u00fade das mulheres.<\/strong><br \/>\n<strong>Nosso prop\u00f3sito \u00e9 oferecer dias melhores e mais saud\u00e1veis para todas as mulheres<\/strong> pois s\u00e3o elas que movimentam o mundo e fazem diferen\u00e7a em todas as sociedades em que est\u00e3o inseridas.<\/p>\n<p>Convidamos voc\u00ea a conhecer a Organon e se juntar a nossa comunidade.\u00a0<strong>A sa\u00fade da mulher \u00e9 o nosso dia a dia.<\/strong>\u00a0E n\u00f3s estamos aqui pela sa\u00fade de todas elas.<\/p>\n                                    <\/div>\n                                                                                                                            <div class=\"tab-pane fade\" id=\"menu2\">\n                                    <p>Na Organon, acreditamos em um dia melhor e mais sadio para toda mulher. E entendemos que as mulheres s\u00e3o fundamentais para um mundo mais saud\u00e1vel. Como uma nova empresa, come\u00e7aremos ouvindo suas necessidades de sa\u00fade, desde as menores \u00e0s maiores, essas informa\u00e7\u00f5es nos permitir\u00e3o desenvolver tratamentos sob medidas para elas porque sabemos que podemos fazer muito mais pela sa\u00fade feminina.<\/p>\n<p>Nossa miss\u00e3o \u00e9 fornecer medicamentos e solu\u00e7\u00f5es transformadoras para um dia a dia mais saud\u00e1vel. Constru\u00edmos uma base s\u00f3lida que conta com mais de 60 medicamentos e solu\u00e7\u00f5es precisas em diversas \u00e1reas como sa\u00fade reprodutiva, doen\u00e7as card\u00edacas, c\u00e2ncer de mama, alergias e asma. Oferecemos essas importantes terapias ao redor do mundo, atendemos pessoas em mais de 140 pa\u00edses. A diversidade do nosso neg\u00f3cio prov\u00ea crescimento sustent\u00e1vel para nossa companhia e permite que possamos continuar a investir e desenvolver novos medicamentos e tratamentos que s\u00e3o urgentes e necess\u00e1rios para as mulheres. Acreditamos que a jornada para melhoria da sa\u00fade feminina \u00e9 fundamental para a conquista de um mundo mais saud\u00e1vel.<\/p>\n<p>Nosso pessoal &#8211; uma comunidade global composta por milhares de pessoas &#8211; est\u00e1 unido no prop\u00f3sito de melhor apoiar a sa\u00fade das mulheres dentro da nossa empresa e em todo o mundo. Juntos, trabalhamos para entregar solu\u00e7\u00f5es para as quest\u00f5es de sa\u00fade que mais importam para ela, hoje e todos os dias.<\/p>\n                                    <\/div>\n                                                                                                                            <div class=\"tab-pane fade\" id=\"menu3\">\n                                    <p><strong>VIS\u00c3O<\/strong><\/p>\n<p>Um dia a dia melhor e mais saud\u00e1vel para cada mulher.<\/p>\n<p><strong>MISS\u00c3O<\/strong><\/p>\n<p>Oferecer medicamentos e solu\u00e7\u00f5es impactantes para um dia a dia mais saud\u00e1vel.<\/p>\n<p><strong>VALORES<\/strong><\/p>\n<p>Nossos colaboradores transformam o <strong>prop\u00f3sito da Organon<\/strong> em realidade, trabalhando para fazer a diferen\u00e7a na sa\u00fade das mulheres ao redor do mundo. Acima de tudo, agimos com integridade porque somos a base para o que a empresa se tornar\u00e1 e nossos valores definem como fazemos as coisas por aqui.<\/p>\n<ul>\n<li>Seja real<\/li>\n<li>Seja Dono<\/li>\n<li>Todos pertencemos<\/li>\n<li>Cres\u00e7a junto<\/li>\n<li>Siga em frente<\/li>\n<li>Traga sua chama<\/li>\n<li>Aja com integridade<\/li>\n<\/ul>\n                                    <\/div>\n                                                                                \n                    <\/div>\n                                <\/div>\n            <\/div>\n        <\/div>\n    <\/section>\n    ","protected":false},"excerpt":{"rendered":"","protected":false},"author":9,"featured_media":0,"parent":0,"menu_order":0,"comment_status":"closed","ping_status":"closed","template":"","meta":{"_acf_changed":false,"footnotes":""},"class_list":["post-79","page","type-page","status-publish","hentry"],"acf":[],"yoast_head":"<!-- This site is optimized with the Yoast SEO Premium plugin v20.11 (Yoast SEO v26.6) - https:\/\/yoast.com\/wordpress\/plugins\/seo\/ -->\n<title>Sobre a Organon - Organon Pro - Brazil<\/title>\n<meta name=\"robots\" content=\"index, follow, max-snippet:-1, max-image-preview:large, max-video-preview:-1\" \/>\n<link rel=\"canonical\" href=\"https:\/\/organonpro.com\/pt-br\/sobre-a-organon\/\" \/>\n<meta property=\"og:locale\" content=\"en_US\" \/>\n<meta property=\"og:type\" content=\"article\" \/>\n<meta property=\"og:title\" content=\"Sobre a Organon\" \/>\n<meta property=\"og:url\" content=\"https:\/\/organonpro.com\/pt-br\/sobre-a-organon\/\" \/>\n<meta property=\"og:site_name\" content=\"Organon Pro - Brazil\" \/>\n<meta property=\"article:modified_time\" content=\"2022-10-24T19:18:47+00:00\" \/>\n<meta property=\"og:image\" content=\"https:\/\/organonpro.com\/pt-br\/wp-content\/uploads\/sites\/4\/2022\/12\/organon-pro-og-img.png\" \/>\n\t<meta property=\"og:image:width\" content=\"1200\" \/>\n\t<meta property=\"og:image:height\" content=\"630\" \/>\n\t<meta property=\"og:image:type\" content=\"image\/png\" \/>\n<meta name=\"twitter:card\" content=\"summary_large_image\" \/>\n<script type=\"application\/ld+json\" class=\"yoast-schema-graph\">{\"@context\":\"https:\/\/schema.org\",\"@graph\":[{\"@type\":\"WebPage\",\"@id\":\"https:\/\/organonpro.com\/pt-br\/sobre-a-organon\/\",\"url\":\"https:\/\/organonpro.com\/pt-br\/sobre-a-organon\/\",\"name\":\"Sobre a Organon - Organon Pro - Brazil\",\"isPartOf\":{\"@id\":\"https:\/\/organonpro.com\/pt-br\/#website\"},\"datePublished\":\"2022-07-06T12:43:25+00:00\",\"dateModified\":\"2022-10-24T19:18:47+00:00\",\"breadcrumb\":{\"@id\":\"https:\/\/organonpro.com\/pt-br\/sobre-a-organon\/#breadcrumb\"},\"inLanguage\":\"en-US\",\"potentialAction\":[{\"@type\":\"ReadAction\",\"target\":[\"https:\/\/organonpro.com\/pt-br\/sobre-a-organon\/\"]}]},{\"@type\":\"BreadcrumbList\",\"@id\":\"https:\/\/organonpro.com\/pt-br\/sobre-a-organon\/#breadcrumb\",\"itemListElement\":[{\"@type\":\"ListItem\",\"position\":1,\"name\":\"Home\",\"item\":\"https:\/\/organonpro.com\/pt-br\/\"},{\"@type\":\"ListItem\",\"position\":2,\"name\":\"Sobre a Organon\"}]},{\"@type\":\"WebSite\",\"@id\":\"https:\/\/organonpro.com\/pt-br\/#website\",\"url\":\"https:\/\/organonpro.com\/pt-br\/\",\"name\":\"Organon Pro - Brazil\",\"description\":\"Organon Pro - Brazil\",\"potentialAction\":[{\"@type\":\"SearchAction\",\"target\":{\"@type\":\"EntryPoint\",\"urlTemplate\":\"https:\/\/organonpro.com\/pt-br\/?s={search_term_string}\"},\"query-input\":{\"@type\":\"PropertyValueSpecification\",\"valueRequired\":true,\"valueName\":\"search_term_string\"}}],\"inLanguage\":\"en-US\"}]}<\/script>\n<!-- \/ Yoast SEO Premium plugin. -->","yoast_head_json":{"title":"Sobre a Organon - Organon Pro - Brazil","robots":{"index":"index","follow":"follow","max-snippet":"max-snippet:-1","max-image-preview":"max-image-preview:large","max-video-preview":"max-video-preview:-1"},"canonical":"https:\/\/organonpro.com\/pt-br\/sobre-a-organon\/","og_locale":"en_US","og_type":"article","og_title":"Sobre a Organon","og_url":"https:\/\/organonpro.com\/pt-br\/sobre-a-organon\/","og_site_name":"Organon Pro - Brazil","article_modified_time":"2022-10-24T19:18:47+00:00","og_image":[{"width":1200,"height":630,"url":"https:\/\/organonpro.com\/pt-br\/wp-content\/uploads\/sites\/4\/2022\/12\/organon-pro-og-img.png","type":"image\/png"}],"twitter_card":"summary_large_image","schema":{"@context":"https:\/\/schema.org","@graph":[{"@type":"WebPage","@id":"https:\/\/organonpro.com\/pt-br\/sobre-a-organon\/","url":"https:\/\/organonpro.com\/pt-br\/sobre-a-organon\/","name":"Sobre a Organon - Organon Pro - Brazil","isPartOf":{"@id":"https:\/\/organonpro.com\/pt-br\/#website"},"datePublished":"2022-07-06T12:43:25+00:00","dateModified":"2022-10-24T19:18:47+00:00","breadcrumb":{"@id":"https:\/\/organonpro.com\/pt-br\/sobre-a-organon\/#breadcrumb"},"inLanguage":"en-US","potentialAction":[{"@type":"ReadAction","target":["https:\/\/organonpro.com\/pt-br\/sobre-a-organon\/"]}]},{"@type":"BreadcrumbList","@id":"https:\/\/organonpro.com\/pt-br\/sobre-a-organon\/#breadcrumb","itemListElement":[{"@type":"ListItem","position":1,"name":"Home","item":"https:\/\/organonpro.com\/pt-br\/"},{"@type":"ListItem","position":2,"name":"Sobre a Organon"}]},{"@type":"WebSite","@id":"https:\/\/organonpro.com\/pt-br\/#website","url":"https:\/\/organonpro.com\/pt-br\/","name":"Organon Pro - Brazil","description":"Organon Pro - Brazil","potentialAction":[{"@type":"SearchAction","target":{"@type":"EntryPoint","urlTemplate":"https:\/\/organonpro.com\/pt-br\/?s={search_term_string}"},"query-input":{"@type":"PropertyValueSpecification","valueRequired":true,"valueName":"search_term_string"}}],"inLanguage":"en-US"}]}},"jetpack_sharing_enabled":true,"_links":{"self":[{"href":"https:\/\/organonpro.com\/pt-br\/wp-json\/wp\/v2\/pages\/79","targetHints":{"allow":["GET"]}}],"collection":[{"href":"https:\/\/organonpro.com\/pt-br\/wp-json\/wp\/v2\/pages"}],"about":[{"href":"https:\/\/organonpro.com\/pt-br\/wp-json\/wp\/v2\/types\/page"}],"author":[{"embeddable":true,"href":"https:\/\/organonpro.com\/pt-br\/wp-json\/wp\/v2\/users\/9"}],"replies":[{"embeddable":true,"href":"https:\/\/organonpro.com\/pt-br\/wp-json\/wp\/v2\/comments?post=79"}],"version-history":[{"count":29,"href":"https:\/\/organonpro.com\/pt-br\/wp-json\/wp\/v2\/pages\/79\/revisions"}],"predecessor-version":[{"id":2627,"href":"https:\/\/organonpro.com\/pt-br\/wp-json\/wp\/v2\/pages\/79\/revisions\/2627"}],"wp:attachment":[{"href":"https:\/\/organonpro.com\/pt-br\/wp-json\/wp\/v2\/media?parent=79"}],"curies":[{"name":"wp","href":"https:\/\/api.w.org\/{rel}","templated":true}]}}