{"id":3926,"date":"2024-02-16T05:04:01","date_gmt":"2024-02-16T05:04:01","guid":{"rendered":"https:\/\/organonpro.com\/pt-br\/?page_id=3926"},"modified":"2026-03-04T11:28:44","modified_gmt":"2026-03-04T11:28:44","slug":"etonogestrel-programa-treinamento-clinico","status":"publish","type":"page","link":"https:\/\/organonpro.com\/pt-br\/etonogestrel-programa-treinamento-clinico\/","title":{"rendered":"Treinamento Implanon"},"content":{"rendered":"\n<section class=\"wp-block-orc-two-column-block section-two-column-block-abc3bccd-4f4b-4adb-9eda-07d171832d92 split-img-contain\"><style>@media screen and (min-width: 940px){ .section-two-column-block-abc3bccd-4f4b-4adb-9eda-07d171832d92 { margin-top: 0rem;margin-bottom: 0rem; }}@media screen and (min-width: 320px) and (max-width: 939px){.section-two-column-block-abc3bccd-4f4b-4adb-9eda-07d171832d92 { margin-top: 0rem;margin-bottom: 0rem; }}<\/style><section class=\"splits splits-ratio splits-half splits-reverse ungated\" style=\"background-color:#ffffff\"><div class=\"container\"><div class=\"splits-row row\"><div class=\"splits-figure   col-md-6 col-sm-6 \"><div class=\"mobile-active-banner h-100\"><div style=\"background-image:url(https:\/\/organonpro.com\/pt-br\/wp-content\/uploads\/sites\/4\/2022\/10\/cards-home-2.png)\" class=\"splits-figure__bg ab img-for-desktop\"><\/div><div class=\"splits-figure__bg ab img-for-mobile\" style=\"background-image:url(https:\/\/organonpro.com\/pt-br\/wp-content\/uploads\/sites\/4\/2022\/10\/cards-home-2.png)\"><\/div><\/div><\/div><div class=\"splits-area  col-md-6 col-sm-6\"><div class=\"splits-content cd\"><h1 class=\"splits-heading\">Inscreva-se para o treinamento de Implanon NXT<sup>\u00ae<\/sup><\/h1><p class=\"splits-text\">Para garantir a seguran\u00e7a de suas pacientes e o seu conforto em rela\u00e7\u00e3o aos procedimentos de inser\u00e7\u00e3o e remo\u00e7\u00e3o, recomendamos que voc\u00ea fa\u00e7a esse treinamento que consiste em m\u00f3dulos online e\/ou presencial.<\/p><div class=\"splits-button herobannerblock\"><div class=\"ungated\"><a class=\"btn btn-smoke__primary\" href=\"?login=1\" rel=\"noopener noreferrer\" target=\"_self\">Acesse e saiba mais<\/a><\/div><\/div><\/div><\/div><\/div><\/div><\/section><\/section>\n\n\n    <input type=\"hidden\" name=\"pagination_item_per_page\" id=\"pagination_item_per_page\" value=\"9\" \/>\n    <input type=\"hidden\" name=\"show_pagination_generic\" id=\"show_pagination_generic\" value=\"\" \/>\n        <section class=\"event-cards generic-cards generic-additional-generic-cards-block_8aefe2c8f14751422a40bb726e9b0589\" id=\"generic-cards-block_8aefe2c8f14751422a40bb726e9b0589\">\n        <style>@media screen and (min-width: 940px){.generic-cards.generic-additional-generic-cards-block_8aefe2c8f14751422a40bb726e9b0589{margin-top: 0rem;margin-bottom: 0rem;padding-top: 6.4rem;padding-bottom: 2.4rem;}}<\/style><style>@media screen and (min-width: 320px) and (max-width: 939px){.generic-cards.generic-additional-generic-cards-block_8aefe2c8f14751422a40bb726e9b0589{margin-top: 0rem;margin-bottom: 0rem;padding-top: 2.4rem;padding-bottom: 2.4rem;}}<\/style>        <div class=\"container\">\n                            <div class=\"row justify-content-center\">\n                    <div class=\"col-xl-6 col-md-6 col-sm-12 text-center d-block\">\n                                                    <h2>\n                                Materiais de apoio                            <\/h2>\n                                                                            <p>\n                                Quer saber mais sobre o Implanon NXT<sup>\u00ae<\/sup>? Fa\u00e7a <a href=\"?login=1\">login<\/a> para ter acesso ao treinamento e outros\r\nmateriais como v\u00eddeos, bula e muito mais.                            <\/p>\n                                            <\/div>\n                <\/div>\n                        <div class=\"row\" id=\"allgenericcards\">\n                                        <div class=\"col-xl-4 col-md-6 col-sm-6 genericcardlisting\">\n                                                                                                                                <div class=\"event-card card generic-with-icon  ungated\">\n                                                                                    <div class=\"card-image \">\n                                                <img decoding=\"async\" width=\"64\" height=\"64\" src=\"https:\/\/organonpro.com\/pt-br\/wp-content\/uploads\/sites\/4\/2024\/02\/implants-arm.svg?w=64\" class=\"\" alt=\"\" loading=\"lazy\" \/>                                            <\/div>\n                                                                                <div class=\" card-details-div\">\n                                                                                            <div class=\"card-body\">\n                                                                                                            <h2 class=\"card-title sortme\">\n                                                            V\u00eddeos sobre inser\u00e7\u00e3o e remo\u00e7\u00e3o                                                        <\/h2>\n                                                                                                                                                                <p class=\"card-text\">\n                                                            Confira o procedimento para inserir e\r\nremover o implante de etonogestrel.                                                        <\/p>\n                                                                                                    <\/div>\n                                                                                                                                        <div class=\"card-footer\">\n                                                                                                        <a class=\"organon-login-required\" target=\"\" href=\"javascript:void(0);\">Fa\u00e7a login e acesse<ion-icon name=\"chevron-forward-outline\"><\/ion-icon> <\/a>\n                                                <\/div>\n                                                                                    <\/div>\n                                    <\/div>\n                                                                                        <\/div>\n                                            <div class=\"col-xl-4 col-md-6 col-sm-6 genericcardlisting\">\n                                                                                                                                <div class=\"event-card card generic-with-icon  ungated\">\n                                                                                    <div class=\"card-image \">\n                                                <img decoding=\"async\" width=\"64\" height=\"64\" src=\"https:\/\/organonpro.com\/pt-br\/wp-content\/uploads\/sites\/4\/2024\/02\/innovation-discovery.svg?w=64\" class=\"\" alt=\"\" loading=\"lazy\" \/>                                            <\/div>\n                                                                                <div class=\" card-details-div\">\n                                                                                            <div class=\"card-body\">\n                                                                                                            <h2 class=\"card-title sortme\">\n                                                            Treinamento online                                                        <\/h2>\n                                                                                                                                                                <p class=\"card-text\">\n                                                            Nossos m\u00f3dulos abordam t\u00f3picos como\r\ninser\u00e7\u00e3o, remo\u00e7\u00e3o, aconselhamento e\r\nmuito mais.                                                         <\/p>\n                                                                                                    <\/div>\n                                                                                                                                        <div class=\"card-footer\">\n                                                                                                        <a class=\"organon-login-required\" target=\"\" href=\"javascript:void(0);\">Fa\u00e7a login e acesse<ion-icon name=\"chevron-forward-outline\"><\/ion-icon> <\/a>\n                                                <\/div>\n                                                                                    <\/div>\n                                    <\/div>\n                                                                                        <\/div>\n                                            <div class=\"col-xl-4 col-md-6 col-sm-6 genericcardlisting\">\n                                                                                                                                <div class=\"event-card card generic-with-icon  ungated\">\n                                                                                    <div class=\"card-image \">\n                                                <img decoding=\"async\" width=\"64\" height=\"64\" src=\"https:\/\/organonpro.com\/pt-br\/wp-content\/uploads\/sites\/4\/2024\/02\/learning-development.svg?w=64\" class=\"\" alt=\"\" loading=\"lazy\" \/>                                            <\/div>\n                                                                                <div class=\" card-details-div\">\n                                                                                            <div class=\"card-body\">\n                                                                                                            <h2 class=\"card-title sortme\">\n                                                            Materiais de apoio                                                        <\/h2>\n                                                                                                                                                                <p class=\"card-text\">\n                                                            Tenha acesso a diversos materiais de\r\napoio ao longo da sua jornada de\r\naprendizado sobre o Implanon NXT<sup>\u00ae<\/sup>.                                                        <\/p>\n                                                                                                    <\/div>\n                                                                                                                                        <div class=\"card-footer\">\n                                                                                                        <a class=\"organon-login-required\" target=\"\" href=\"javascript:void(0);\">Fa\u00e7a login e acesse<ion-icon name=\"chevron-forward-outline\"><\/ion-icon> <\/a>\n                                                <\/div>\n                                                                                    <\/div>\n                                    <\/div>\n                                                                                        <\/div>\n                                            <div class=\"col-xl-4 col-md-6 col-sm-6 genericcardlisting\">\n                                                                                                                                <div class=\"event-card card generic-with-icon  ungated\">\n                                                                                    <div class=\"card-image \">\n                                                <img decoding=\"async\" width=\"64\" height=\"64\" src=\"https:\/\/organonpro.com\/pt-br\/wp-content\/uploads\/sites\/4\/2024\/02\/diversity.svg?w=64\" class=\"\" alt=\"\" loading=\"lazy\" \/>                                            <\/div>\n                                                                                <div class=\" card-details-div\">\n                                                                                            <div class=\"card-body\">\n                                                                                                            <h2 class=\"card-title sortme\">\n                                                            Informa\u00e7\u00f5es cl\u00ednicas                                                        <\/h2>\n                                                                                                                                                                <p class=\"card-text\">\n                                                            Entre em contato com um especialista para obter informa\u00e7\u00f5es cl\u00ednicas sobre o implante.                                                         <\/p>\n                                                                                                    <\/div>\n                                                                                                                                        <div class=\"card-footer\">\n                                                                                                        <a class=\"\" target=\"_blank\" href=\"https:\/\/organonpro.com\/pt-br\/fale-com-a-organon\/informacao-medica\/\">Ver informa\u00e7\u00f5es de contato<ion-icon name=\"chevron-forward-outline\"><\/ion-icon> <\/a>\n                                                <\/div>\n                                                                                    <\/div>\n                                    <\/div>\n                                                                                        <\/div>\n                                                    \n            <\/div>\n        <\/div>\n    <\/section>\n","protected":false},"excerpt":{"rendered":"","protected":false},"author":21,"featured_media":0,"parent":0,"menu_order":0,"comment_status":"closed","ping_status":"closed","template":"templates\/template-odlp-cookieless-awareness.php","meta":{"_acf_changed":false,"footnotes":""},"class_list":["post-3926","page","type-page","status-publish","hentry"],"acf":[],"yoast_head":"<!-- This site is optimized with the Yoast SEO Premium plugin v20.11 (Yoast SEO v26.6) - https:\/\/yoast.com\/wordpress\/plugins\/seo\/ -->\n<title>Treinamento Implanon - Organon Pro - Brazil<\/title>\n<meta name=\"robots\" content=\"index, follow, max-snippet:-1, max-image-preview:large, max-video-preview:-1\" \/>\n<link rel=\"canonical\" href=\"https:\/\/organonpro.com\/pt-br\/etonogestrel-programa-treinamento-clinico\/\" \/>\n<meta property=\"og:locale\" content=\"en_US\" \/>\n<meta property=\"og:type\" content=\"article\" \/>\n<meta property=\"og:title\" content=\"Treinamento Implanon\" \/>\n<meta property=\"og:url\" content=\"https:\/\/organonpro.com\/pt-br\/etonogestrel-programa-treinamento-clinico\/\" \/>\n<meta property=\"og:site_name\" content=\"Organon Pro - Brazil\" \/>\n<meta property=\"article:modified_time\" content=\"2026-03-04T11:28:44+00:00\" \/>\n<meta property=\"og:image\" content=\"https:\/\/organonpro.com\/pt-br\/wp-content\/uploads\/sites\/4\/2022\/12\/organon-pro-og-img.png\" \/>\n\t<meta property=\"og:image:width\" content=\"1200\" \/>\n\t<meta property=\"og:image:height\" content=\"630\" \/>\n\t<meta property=\"og:image:type\" content=\"image\/png\" \/>\n<meta name=\"twitter:card\" content=\"summary_large_image\" \/>\n<meta name=\"twitter:label1\" content=\"Est. reading time\" \/>\n\t<meta name=\"twitter:data1\" content=\"1 minute\" \/>\n<script type=\"application\/ld+json\" class=\"yoast-schema-graph\">{\"@context\":\"https:\/\/schema.org\",\"@graph\":[{\"@type\":\"WebPage\",\"@id\":\"https:\/\/organonpro.com\/pt-br\/etonogestrel-programa-treinamento-clinico\/\",\"url\":\"https:\/\/organonpro.com\/pt-br\/etonogestrel-programa-treinamento-clinico\/\",\"name\":\"Treinamento Implanon - Organon Pro - Brazil\",\"isPartOf\":{\"@id\":\"https:\/\/organonpro.com\/pt-br\/#website\"},\"datePublished\":\"2024-02-16T05:04:01+00:00\",\"dateModified\":\"2026-03-04T11:28:44+00:00\",\"breadcrumb\":{\"@id\":\"https:\/\/organonpro.com\/pt-br\/etonogestrel-programa-treinamento-clinico\/#breadcrumb\"},\"inLanguage\":\"en-US\",\"potentialAction\":[{\"@type\":\"ReadAction\",\"target\":[\"https:\/\/organonpro.com\/pt-br\/etonogestrel-programa-treinamento-clinico\/\"]}]},{\"@type\":\"BreadcrumbList\",\"@id\":\"https:\/\/organonpro.com\/pt-br\/etonogestrel-programa-treinamento-clinico\/#breadcrumb\",\"itemListElement\":[{\"@type\":\"ListItem\",\"position\":1,\"name\":\"Home\",\"item\":\"https:\/\/organonpro.com\/pt-br\/\"},{\"@type\":\"ListItem\",\"position\":2,\"name\":\"Treinamento Implanon\"}]},{\"@type\":\"WebSite\",\"@id\":\"https:\/\/organonpro.com\/pt-br\/#website\",\"url\":\"https:\/\/organonpro.com\/pt-br\/\",\"name\":\"Organon Pro - Brazil\",\"description\":\"Organon Pro - Brazil\",\"potentialAction\":[{\"@type\":\"SearchAction\",\"target\":{\"@type\":\"EntryPoint\",\"urlTemplate\":\"https:\/\/organonpro.com\/pt-br\/?s={search_term_string}\"},\"query-input\":{\"@type\":\"PropertyValueSpecification\",\"valueRequired\":true,\"valueName\":\"search_term_string\"}}],\"inLanguage\":\"en-US\"}]}<\/script>\n<!-- \/ Yoast SEO Premium plugin. -->","yoast_head_json":{"title":"Treinamento Implanon - Organon Pro - Brazil","robots":{"index":"index","follow":"follow","max-snippet":"max-snippet:-1","max-image-preview":"max-image-preview:large","max-video-preview":"max-video-preview:-1"},"canonical":"https:\/\/organonpro.com\/pt-br\/etonogestrel-programa-treinamento-clinico\/","og_locale":"en_US","og_type":"article","og_title":"Treinamento Implanon","og_url":"https:\/\/organonpro.com\/pt-br\/etonogestrel-programa-treinamento-clinico\/","og_site_name":"Organon Pro - Brazil","article_modified_time":"2026-03-04T11:28:44+00:00","og_image":[{"width":1200,"height":630,"url":"https:\/\/organonpro.com\/pt-br\/wp-content\/uploads\/sites\/4\/2022\/12\/organon-pro-og-img.png","type":"image\/png"}],"twitter_card":"summary_large_image","twitter_misc":{"Est. reading time":"1 minute"},"schema":{"@context":"https:\/\/schema.org","@graph":[{"@type":"WebPage","@id":"https:\/\/organonpro.com\/pt-br\/etonogestrel-programa-treinamento-clinico\/","url":"https:\/\/organonpro.com\/pt-br\/etonogestrel-programa-treinamento-clinico\/","name":"Treinamento Implanon - Organon Pro - Brazil","isPartOf":{"@id":"https:\/\/organonpro.com\/pt-br\/#website"},"datePublished":"2024-02-16T05:04:01+00:00","dateModified":"2026-03-04T11:28:44+00:00","breadcrumb":{"@id":"https:\/\/organonpro.com\/pt-br\/etonogestrel-programa-treinamento-clinico\/#breadcrumb"},"inLanguage":"en-US","potentialAction":[{"@type":"ReadAction","target":["https:\/\/organonpro.com\/pt-br\/etonogestrel-programa-treinamento-clinico\/"]}]},{"@type":"BreadcrumbList","@id":"https:\/\/organonpro.com\/pt-br\/etonogestrel-programa-treinamento-clinico\/#breadcrumb","itemListElement":[{"@type":"ListItem","position":1,"name":"Home","item":"https:\/\/organonpro.com\/pt-br\/"},{"@type":"ListItem","position":2,"name":"Treinamento Implanon"}]},{"@type":"WebSite","@id":"https:\/\/organonpro.com\/pt-br\/#website","url":"https:\/\/organonpro.com\/pt-br\/","name":"Organon Pro - Brazil","description":"Organon Pro - Brazil","potentialAction":[{"@type":"SearchAction","target":{"@type":"EntryPoint","urlTemplate":"https:\/\/organonpro.com\/pt-br\/?s={search_term_string}"},"query-input":{"@type":"PropertyValueSpecification","valueRequired":true,"valueName":"search_term_string"}}],"inLanguage":"en-US"}]}},"jetpack_sharing_enabled":true,"_links":{"self":[{"href":"https:\/\/organonpro.com\/pt-br\/wp-json\/wp\/v2\/pages\/3926","targetHints":{"allow":["GET"]}}],"collection":[{"href":"https:\/\/organonpro.com\/pt-br\/wp-json\/wp\/v2\/pages"}],"about":[{"href":"https:\/\/organonpro.com\/pt-br\/wp-json\/wp\/v2\/types\/page"}],"author":[{"embeddable":true,"href":"https:\/\/organonpro.com\/pt-br\/wp-json\/wp\/v2\/users\/21"}],"replies":[{"embeddable":true,"href":"https:\/\/organonpro.com\/pt-br\/wp-json\/wp\/v2\/comments?post=3926"}],"version-history":[{"count":8,"href":"https:\/\/organonpro.com\/pt-br\/wp-json\/wp\/v2\/pages\/3926\/revisions"}],"predecessor-version":[{"id":4487,"href":"https:\/\/organonpro.com\/pt-br\/wp-json\/wp\/v2\/pages\/3926\/revisions\/4487"}],"wp:attachment":[{"href":"https:\/\/organonpro.com\/pt-br\/wp-json\/wp\/v2\/media?parent=3926"}],"curies":[{"name":"wp","href":"https:\/\/api.w.org\/{rel}","templated":true}]}}