{"id":2862,"date":"2022-11-03T07:19:31","date_gmt":"2022-11-03T07:19:31","guid":{"rendered":"https:\/\/organonpro.com\/pt-br\/?page_id=2862"},"modified":"2023-09-05T07:51:40","modified_gmt":"2023-09-05T07:51:40","slug":"fale-com-a-organon","status":"publish","type":"page","link":"https:\/\/organonpro.com\/pt-br\/fale-com-a-organon\/","title":{"rendered":"Fale com a Organon"},"content":{"rendered":"\n<figure class=\"wp-block-image size-full is-resized\"><img loading=\"lazy\" decoding=\"async\" src=\"https:\/\/organonpro.com\/pt-br\/wp-content\/uploads\/sites\/4\/2022\/11\/Banner_Fale_com_a_Organon_tcm5670-1167181-1.webp\" alt=\"\" class=\"wp-image-2857\" style=\"width:1324px;height:333px\" width=\"1324\" height=\"333\"\/><\/figure>\n\n\n\n<div style=\"height:20px\" aria-hidden=\"true\" class=\"wp-block-spacer\"><\/div>\n\n\n<section id=\"contact-box-block_d40a61a97c5fb7a0f24ae18000284764\" class=\"contact-page contact-box\" >    <div class=\"container\">\n        \n        <div class=\"row justify-content-center mt-5 gy-4\">\n            \n                    <div class=\"col-xl-4 col-md-6 col-sm-6 text-center\">\n                        <div class=\"product-card card ungated\">\n                            <div class=\"card-body\">\n                                                                                                    <h3 class=\"card-title\">\n                                        Fale Conosco                                    <\/h3>\n                                                                                                    <p class=\"card-text\">\n                                        Tira aqui as d\u00favidas sobre\r\nnossos medicamentos.<br>\r\nTemos uma equipe\r\nespecializada para te atender.                                    <\/p>\n                                                            <\/div>\n                            \n                                <div class=\"card-footer\">\n                                    <a class=\"btn btn-smoke\" target=\"\"\n                                        href=\"https:\/\/organonpro.com\/pt-br\/fale-com-a-organon\/contact_us\/\">Clique aqui<\/a>\n                                <\/div>\n                                                    <\/div>\n                    <\/div>\n\n                \n                    <div class=\"col-xl-4 col-md-6 col-sm-6 text-center\">\n                        <div class=\"product-card card ungated\">\n                            <div class=\"card-body\">\n                                                                                                    <h3 class=\"card-title\">\n                                        Informa\u00e7\u00e3o M\u00e9dica                                    <\/h3>\n                                                                                                    <p class=\"card-text\">\n                                        Respostas cientificas\r\npara profissionais\r\nda sa\u00fade sobre\r\nnossos medicamentos.                                    <\/p>\n                                                            <\/div>\n                            \n                                <div class=\"card-footer\">\n                                    <a class=\"btn btn-smoke\" target=\"\"\n                                        href=\"https:\/\/organonpro.com\/pt-br\/fale-com-a-organon\/informacao-medica\/\">Clique aqui<\/a>\n                                <\/div>\n                                                    <\/div>\n                    <\/div>\n\n                \n                    <div class=\"col-xl-4 col-md-6 col-sm-6 text-center\">\n                        <div class=\"product-card card ungated\">\n                            <div class=\"card-body\">\n                                                                                                    <h3 class=\"card-title\">\n                                        Farmacovigil\u00e2ncia                                    <\/h3>\n                                                                                                    <p class=\"card-text\">\n                                        Notifique aqui eventos\r\nadversos ocorridos\r\ncom o usode nossos\r\nmedicamentos.                                    <\/p>\n                                                            <\/div>\n                            \n                                <div class=\"card-footer\">\n                                    <a class=\"btn btn-smoke\" target=\"\"\n                                        href=\"https:\/\/organonpro.com\/pt-br\/fale-com-a-organon\/farmacovigilancia\/\">Clique aqui<\/a>\n                                <\/div>\n                                                    <\/div>\n                    <\/div>\n\n                \n                    <div class=\"col-xl-4 col-md-6 col-sm-6 text-center\">\n                        <div class=\"product-card card ungated\">\n                            <div class=\"card-body\">\n                                                                                                    <h3 class=\"card-title\">\n                                        Agendar Visita                                    <\/h3>\n                                                                                                    <p class=\"card-text\">\n                                        Receba uma visita de um representante                                    <\/p>\n                                                            <\/div>\n                            \n                                <div class=\"card-footer\">\n                                    <a class=\"btn btn-smoke\" target=\"\"\n                                        href=\"https:\/\/organonpro.com\/pt-br\/fale-com-a-organon\/agendar_visita\/\">Clique aqui<\/a>\n                                <\/div>\n                                                    <\/div>\n                    <\/div>\n\n                \n        <\/div>\n    <\/div>\n<\/section>","protected":false},"excerpt":{"rendered":"","protected":false},"author":15,"featured_media":0,"parent":0,"menu_order":0,"comment_status":"closed","ping_status":"closed","template":"templates\/contact-us.php","meta":{"_acf_changed":false,"footnotes":""},"class_list":["post-2862","page","type-page","status-publish","hentry"],"acf":[],"yoast_head":"<!-- This site is optimized with the Yoast SEO Premium plugin v20.11 (Yoast SEO v26.6) - https:\/\/yoast.com\/wordpress\/plugins\/seo\/ -->\n<title>Fale com a Organon - Organon Pro - Brazil<\/title>\n<meta name=\"robots\" content=\"index, follow, max-snippet:-1, max-image-preview:large, max-video-preview:-1\" \/>\n<link rel=\"canonical\" href=\"https:\/\/organonpro.com\/pt-br\/fale-com-a-organon\/\" \/>\n<meta property=\"og:locale\" content=\"en_US\" \/>\n<meta property=\"og:type\" content=\"article\" \/>\n<meta property=\"og:title\" content=\"Fale com a Organon\" \/>\n<meta property=\"og:url\" content=\"https:\/\/organonpro.com\/pt-br\/fale-com-a-organon\/\" \/>\n<meta property=\"og:site_name\" content=\"Organon Pro - Brazil\" \/>\n<meta property=\"article:modified_time\" content=\"2023-09-05T07:51:40+00:00\" \/>\n<meta property=\"og:image\" content=\"https:\/\/organonpro.com\/pt-br\/wp-content\/uploads\/sites\/4\/2022\/11\/Banner_Fale_com_a_Organon_tcm5670-1167181-1.webp\" \/>\n<meta name=\"twitter:card\" content=\"summary_large_image\" \/>\n<meta name=\"twitter:label1\" content=\"Est. reading time\" \/>\n\t<meta name=\"twitter:data1\" content=\"1 minute\" \/>\n<script type=\"application\/ld+json\" class=\"yoast-schema-graph\">{\"@context\":\"https:\/\/schema.org\",\"@graph\":[{\"@type\":\"WebPage\",\"@id\":\"https:\/\/organonpro.com\/pt-br\/fale-com-a-organon\/\",\"url\":\"https:\/\/organonpro.com\/pt-br\/fale-com-a-organon\/\",\"name\":\"Fale com a Organon - Organon Pro - Brazil\",\"isPartOf\":{\"@id\":\"https:\/\/organonpro.com\/pt-br\/#website\"},\"primaryImageOfPage\":{\"@id\":\"https:\/\/organonpro.com\/pt-br\/fale-com-a-organon\/#primaryimage\"},\"image\":{\"@id\":\"https:\/\/organonpro.com\/pt-br\/fale-com-a-organon\/#primaryimage\"},\"thumbnailUrl\":\"https:\/\/organonpro.com\/pt-br\/wp-content\/uploads\/sites\/4\/2022\/11\/Banner_Fale_com_a_Organon_tcm5670-1167181-1.webp\",\"datePublished\":\"2022-11-03T07:19:31+00:00\",\"dateModified\":\"2023-09-05T07:51:40+00:00\",\"breadcrumb\":{\"@id\":\"https:\/\/organonpro.com\/pt-br\/fale-com-a-organon\/#breadcrumb\"},\"inLanguage\":\"en-US\",\"potentialAction\":[{\"@type\":\"ReadAction\",\"target\":[\"https:\/\/organonpro.com\/pt-br\/fale-com-a-organon\/\"]}]},{\"@type\":\"ImageObject\",\"inLanguage\":\"en-US\",\"@id\":\"https:\/\/organonpro.com\/pt-br\/fale-com-a-organon\/#primaryimage\",\"url\":\"https:\/\/organonpro.com\/pt-br\/wp-content\/uploads\/sites\/4\/2022\/11\/Banner_Fale_com_a_Organon_tcm5670-1167181-1.webp\",\"contentUrl\":\"https:\/\/organonpro.com\/pt-br\/wp-content\/uploads\/sites\/4\/2022\/11\/Banner_Fale_com_a_Organon_tcm5670-1167181-1.webp\",\"width\":1090,\"height\":302},{\"@type\":\"BreadcrumbList\",\"@id\":\"https:\/\/organonpro.com\/pt-br\/fale-com-a-organon\/#breadcrumb\",\"itemListElement\":[{\"@type\":\"ListItem\",\"position\":1,\"name\":\"Home\",\"item\":\"https:\/\/organonpro.com\/pt-br\/\"},{\"@type\":\"ListItem\",\"position\":2,\"name\":\"Fale com a Organon\"}]},{\"@type\":\"WebSite\",\"@id\":\"https:\/\/organonpro.com\/pt-br\/#website\",\"url\":\"https:\/\/organonpro.com\/pt-br\/\",\"name\":\"Organon Pro - Brazil\",\"description\":\"Organon Pro - Brazil\",\"potentialAction\":[{\"@type\":\"SearchAction\",\"target\":{\"@type\":\"EntryPoint\",\"urlTemplate\":\"https:\/\/organonpro.com\/pt-br\/?s={search_term_string}\"},\"query-input\":{\"@type\":\"PropertyValueSpecification\",\"valueRequired\":true,\"valueName\":\"search_term_string\"}}],\"inLanguage\":\"en-US\"}]}<\/script>\n<!-- \/ Yoast SEO Premium plugin. -->","yoast_head_json":{"title":"Fale com a Organon - Organon Pro - Brazil","robots":{"index":"index","follow":"follow","max-snippet":"max-snippet:-1","max-image-preview":"max-image-preview:large","max-video-preview":"max-video-preview:-1"},"canonical":"https:\/\/organonpro.com\/pt-br\/fale-com-a-organon\/","og_locale":"en_US","og_type":"article","og_title":"Fale com a Organon","og_url":"https:\/\/organonpro.com\/pt-br\/fale-com-a-organon\/","og_site_name":"Organon Pro - Brazil","article_modified_time":"2023-09-05T07:51:40+00:00","og_image":[{"url":"https:\/\/organonpro.com\/pt-br\/wp-content\/uploads\/sites\/4\/2022\/11\/Banner_Fale_com_a_Organon_tcm5670-1167181-1.webp","type":"","width":"","height":""}],"twitter_card":"summary_large_image","twitter_misc":{"Est. reading time":"1 minute"},"schema":{"@context":"https:\/\/schema.org","@graph":[{"@type":"WebPage","@id":"https:\/\/organonpro.com\/pt-br\/fale-com-a-organon\/","url":"https:\/\/organonpro.com\/pt-br\/fale-com-a-organon\/","name":"Fale com a Organon - Organon Pro - Brazil","isPartOf":{"@id":"https:\/\/organonpro.com\/pt-br\/#website"},"primaryImageOfPage":{"@id":"https:\/\/organonpro.com\/pt-br\/fale-com-a-organon\/#primaryimage"},"image":{"@id":"https:\/\/organonpro.com\/pt-br\/fale-com-a-organon\/#primaryimage"},"thumbnailUrl":"https:\/\/organonpro.com\/pt-br\/wp-content\/uploads\/sites\/4\/2022\/11\/Banner_Fale_com_a_Organon_tcm5670-1167181-1.webp","datePublished":"2022-11-03T07:19:31+00:00","dateModified":"2023-09-05T07:51:40+00:00","breadcrumb":{"@id":"https:\/\/organonpro.com\/pt-br\/fale-com-a-organon\/#breadcrumb"},"inLanguage":"en-US","potentialAction":[{"@type":"ReadAction","target":["https:\/\/organonpro.com\/pt-br\/fale-com-a-organon\/"]}]},{"@type":"ImageObject","inLanguage":"en-US","@id":"https:\/\/organonpro.com\/pt-br\/fale-com-a-organon\/#primaryimage","url":"https:\/\/organonpro.com\/pt-br\/wp-content\/uploads\/sites\/4\/2022\/11\/Banner_Fale_com_a_Organon_tcm5670-1167181-1.webp","contentUrl":"https:\/\/organonpro.com\/pt-br\/wp-content\/uploads\/sites\/4\/2022\/11\/Banner_Fale_com_a_Organon_tcm5670-1167181-1.webp","width":1090,"height":302},{"@type":"BreadcrumbList","@id":"https:\/\/organonpro.com\/pt-br\/fale-com-a-organon\/#breadcrumb","itemListElement":[{"@type":"ListItem","position":1,"name":"Home","item":"https:\/\/organonpro.com\/pt-br\/"},{"@type":"ListItem","position":2,"name":"Fale com a Organon"}]},{"@type":"WebSite","@id":"https:\/\/organonpro.com\/pt-br\/#website","url":"https:\/\/organonpro.com\/pt-br\/","name":"Organon Pro - Brazil","description":"Organon Pro - Brazil","potentialAction":[{"@type":"SearchAction","target":{"@type":"EntryPoint","urlTemplate":"https:\/\/organonpro.com\/pt-br\/?s={search_term_string}"},"query-input":{"@type":"PropertyValueSpecification","valueRequired":true,"valueName":"search_term_string"}}],"inLanguage":"en-US"}]}},"jetpack_sharing_enabled":true,"_links":{"self":[{"href":"https:\/\/organonpro.com\/pt-br\/wp-json\/wp\/v2\/pages\/2862","targetHints":{"allow":["GET"]}}],"collection":[{"href":"https:\/\/organonpro.com\/pt-br\/wp-json\/wp\/v2\/pages"}],"about":[{"href":"https:\/\/organonpro.com\/pt-br\/wp-json\/wp\/v2\/types\/page"}],"author":[{"embeddable":true,"href":"https:\/\/organonpro.com\/pt-br\/wp-json\/wp\/v2\/users\/15"}],"replies":[{"embeddable":true,"href":"https:\/\/organonpro.com\/pt-br\/wp-json\/wp\/v2\/comments?post=2862"}],"version-history":[{"count":9,"href":"https:\/\/organonpro.com\/pt-br\/wp-json\/wp\/v2\/pages\/2862\/revisions"}],"predecessor-version":[{"id":3742,"href":"https:\/\/organonpro.com\/pt-br\/wp-json\/wp\/v2\/pages\/2862\/revisions\/3742"}],"wp:attachment":[{"href":"https:\/\/organonpro.com\/pt-br\/wp-json\/wp\/v2\/media?parent=2862"}],"curies":[{"name":"wp","href":"https:\/\/api.w.org\/{rel}","templated":true}]}}