{"id":4,"date":"2022-08-22T09:26:18","date_gmt":"2022-08-22T09:26:18","guid":{"rendered":"https:\/\/vip-organon-connect-com.go-vip.net\/no-nb\/?page_id=4"},"modified":"2025-02-14T09:44:42","modified_gmt":"2025-02-14T09:44:42","slug":"home","status":"publish","type":"page","link":"https:\/\/organonpro.com\/no-no\/","title":{"rendered":"Hjem"},"content":{"rendered":"\n<section class=\"wp-block-orc2-hero-banner  hero-banner-section-2aad5478-b4a1-4968-8ecb-ce97c1c9c21a hero-section\" style=\"background-color:#f8f8f8\"><style>.hero-banner-section-2aad5478-b4a1-4968-8ecb-ce97c1c9c21a{margin-top:0rem; margin-bottom:0rem;} @media screen and (min-width: 320px) and (max-width: 759px) {.hero-banner-section-2aad5478-b4a1-4968-8ecb-ce97c1c9c21a{margin-top:0rem; margin-bottom:0rem;}}<\/style><div class=\"container\"><div class=\"row\"><div class=\"col-lg-4 col-md-5 col-sm-9 hero-text has-content\"><h1 class=\"hero-title-text\">Velkommen til Organon Norge!<\/h1><p class=\"hero-title-text\">Denne hjemmesiden er laget for helsepersonell.     <br>Her vil du finne oversikt over v\u00e5re produkter, tjenester og arrangementer. Registrer deg, og bli oppdatert p\u00e5 v\u00e5re arrangementer, produkter og terapiomr\u00e5der.<\/p><div class=\"action-panel  \"><div class=\"hero-login-register\" style=\"display:none;\"><a class=\"btn btn-theme hero-loginButton organon-login-required\" href=\"#\">Login<\/a><a class=\"btn btn-theme hero-registerButton\" href=\"#\">Register<\/a><\/div><\/div><\/div><\/div><\/div><div class=\"hero-img  with-curve gatedEnable\"><div><div><img decoding=\"async\" src=\"https:\/\/organonpro.com\/no-no\/wp-content\/uploads\/sites\/37\/2023\/01\/GettyImages-1062183186.jpg\" alt=\"hero\"\/><\/div><\/div><\/div><\/section>\n\n\n\n<section class=\"wp-block-orc-two-column-block section-two-column-block-3671b905-d455-4d82-a0bb-7f5d6864198c splits splits-ratio splits-floating ungated\"><style>@media screen and (min-width: 940px){ .section-two-column-block-3671b905-d455-4d82-a0bb-7f5d6864198c { margin-top: 0rem;margin-bottom: 0rem; }}@media screen and (min-width: 940px){.section-two-column-block-3671b905-d455-4d82-a0bb-7f5d6864198c section.splits{ padding-top: 5.6rem;padding-bottom: 5.6rem; }}@media screen and (min-width: 320px) and (max-width: 939px){.section-two-column-block-3671b905-d455-4d82-a0bb-7f5d6864198c { margin-top: 0rem;margin-bottom: 0rem; }}@media screen and (min-width: 320px) and (max-width: 939px){.section-two-column-block-3671b905-d455-4d82-a0bb-7f5d6864198c section.splits{ padding-top: 5.6rem;padding-bottom: 5.6rem; }}<\/style><section class=\"splits splits-ratio splits-floating  ungated\" style=\"background-color:#ffffff\"><div class=\"container\"><div class=\"splits-row row\"><div class=\"splits-figure   col-md-6 col-sm-6 \"><div style=\"background-image:url(https:\/\/organonpro.com\/no-no\/wp-content\/uploads\/sites\/37\/2023\/01\/GettyImages-561229875.jpg)\" class=\"splits-figure__bg ab\"><\/div><\/div><div class=\"splits-area  col-md-6 col-sm-6\"><div class=\"splits-content cd\"><h4 class=\"splits-title xx\">Kontakt oss<\/h4><h3 class=\"splits-heading\">Organon Norge AS<\/h3><p class=\"splits-text\">Haakon VIIs gate 5, 0161 Oslo,<br>Norway<br>Spaces, office #03-103<br><br>Tlf:\u00a0<a href=\"tel:+4724145660\">+47 24 14 56 60<\/a><br>E-post:\u00a0<a href=\"mailto:info.norway@organon.com\">info.norway@organon.com<\/a><br>E-post:\u00a0<a href=\"mailto:dpoc.norway@organon.com\">dpoc.norway@organon.com<\/a><\/p><div class=\"splits-button herobannerblock\"><div class=\"ungated\"><a class=\"btn btn-smoke__primary\" href=\"\" rel=\"noopener noreferrer\" target=\"_self\">Kontakt oss<\/a><\/div><\/div><\/div><\/div><\/div><\/div><\/section><\/section>\n","protected":false},"excerpt":{"rendered":"","protected":false},"author":19,"featured_media":0,"parent":0,"menu_order":0,"comment_status":"closed","ping_status":"closed","template":"templates\/home.php","meta":{"_acf_changed":false,"footnotes":""},"class_list":["post-4","page","type-page","status-publish","hentry"],"acf":[],"yoast_head":"<!-- This site is optimized with the Yoast SEO Premium plugin v20.11 (Yoast SEO v26.6) - https:\/\/yoast.com\/wordpress\/plugins\/seo\/ -->\n<title>Hjem - Organon Pro - Norway<\/title>\n<meta name=\"robots\" content=\"index, follow, max-snippet:-1, max-image-preview:large, max-video-preview:-1\" \/>\n<link rel=\"canonical\" href=\"https:\/\/organonpro.com\/no-no\/\" \/>\n<meta property=\"og:locale\" content=\"en_US\" \/>\n<meta property=\"og:type\" content=\"article\" \/>\n<meta property=\"og:title\" content=\"Hjem\" \/>\n<meta property=\"og:url\" content=\"https:\/\/organonpro.com\/no-no\/\" \/>\n<meta property=\"og:site_name\" content=\"Organon Pro - Norway\" \/>\n<meta property=\"article:modified_time\" content=\"2025-02-14T09:44:42+00:00\" \/>\n<meta property=\"og:image\" content=\"https:\/\/organonpro.com\/no-no\/wp-content\/uploads\/sites\/37\/2023\/01\/GettyImages-1062183186.jpg\" \/>\n<meta name=\"twitter:card\" content=\"summary_large_image\" \/>\n<meta name=\"twitter:label1\" content=\"Est. reading time\" \/>\n\t<meta name=\"twitter:data1\" content=\"1 minute\" \/>\n<script type=\"application\/ld+json\" class=\"yoast-schema-graph\">{\"@context\":\"https:\/\/schema.org\",\"@graph\":[{\"@type\":\"WebPage\",\"@id\":\"https:\/\/organonpro.com\/no-no\/\",\"url\":\"https:\/\/organonpro.com\/no-no\/\",\"name\":\"Hjem - Organon Pro - Norway\",\"isPartOf\":{\"@id\":\"https:\/\/organonpro.com\/no-no\/#website\"},\"primaryImageOfPage\":{\"@id\":\"https:\/\/organonpro.com\/no-no\/#primaryimage\"},\"image\":{\"@id\":\"https:\/\/organonpro.com\/no-no\/#primaryimage\"},\"thumbnailUrl\":\"https:\/\/organonpro.com\/no-no\/wp-content\/uploads\/sites\/37\/2023\/01\/GettyImages-1062183186.jpg\",\"datePublished\":\"2022-08-22T09:26:18+00:00\",\"dateModified\":\"2025-02-14T09:44:42+00:00\",\"breadcrumb\":{\"@id\":\"https:\/\/organonpro.com\/no-no\/#breadcrumb\"},\"inLanguage\":\"en-US\",\"potentialAction\":[{\"@type\":\"ReadAction\",\"target\":[\"https:\/\/organonpro.com\/no-no\/\"]}]},{\"@type\":\"ImageObject\",\"inLanguage\":\"en-US\",\"@id\":\"https:\/\/organonpro.com\/no-no\/#primaryimage\",\"url\":\"https:\/\/organonpro.com\/no-no\/wp-content\/uploads\/sites\/37\/2023\/01\/GettyImages-1062183186.jpg\",\"contentUrl\":\"https:\/\/organonpro.com\/no-no\/wp-content\/uploads\/sites\/37\/2023\/01\/GettyImages-1062183186.jpg\",\"width\":1400,\"height\":933,\"caption\":\"A medical registrar hosting a teaching session with a group of students at the hospital.\"},{\"@type\":\"BreadcrumbList\",\"@id\":\"https:\/\/organonpro.com\/no-no\/#breadcrumb\",\"itemListElement\":[{\"@type\":\"ListItem\",\"position\":1,\"name\":\"Home\",\"item\":\"https:\/\/organonpro.com\/no-no\/\"},{\"@type\":\"ListItem\",\"position\":2,\"name\":\"Hjem\"}]},{\"@type\":\"WebSite\",\"@id\":\"https:\/\/organonpro.com\/no-no\/#website\",\"url\":\"https:\/\/organonpro.com\/no-no\/\",\"name\":\"Organon Pro - Norge\",\"description\":\"Organon Pro - Norway\",\"publisher\":{\"@id\":\"https:\/\/organonpro.com\/no-no\/#organization\"},\"potentialAction\":[{\"@type\":\"SearchAction\",\"target\":{\"@type\":\"EntryPoint\",\"urlTemplate\":\"https:\/\/organonpro.com\/no-no\/?s={search_term_string}\"},\"query-input\":{\"@type\":\"PropertyValueSpecification\",\"valueRequired\":true,\"valueName\":\"search_term_string\"}}],\"inLanguage\":\"en-US\"},{\"@type\":\"Organization\",\"@id\":\"https:\/\/organonpro.com\/no-no\/#organization\",\"name\":\"Organon Pro - Norge\",\"url\":\"https:\/\/organonpro.com\/no-no\/\",\"logo\":{\"@type\":\"ImageObject\",\"inLanguage\":\"en-US\",\"@id\":\"https:\/\/organonpro.com\/no-no\/#\/schema\/logo\/image\/\",\"url\":\"https:\/\/organonpro.com\/no-no\/wp-content\/uploads\/sites\/37\/2022\/12\/organon-pro-og-img.png\",\"contentUrl\":\"https:\/\/organonpro.com\/no-no\/wp-content\/uploads\/sites\/37\/2022\/12\/organon-pro-og-img.png\",\"width\":1200,\"height\":630,\"caption\":\"Organon Pro - Norge\"},\"image\":{\"@id\":\"https:\/\/organonpro.com\/no-no\/#\/schema\/logo\/image\/\"}}]}<\/script>\n<!-- \/ Yoast SEO Premium plugin. -->","yoast_head_json":{"title":"Hjem - Organon Pro - Norway","robots":{"index":"index","follow":"follow","max-snippet":"max-snippet:-1","max-image-preview":"max-image-preview:large","max-video-preview":"max-video-preview:-1"},"canonical":"https:\/\/organonpro.com\/no-no\/","og_locale":"en_US","og_type":"article","og_title":"Hjem","og_url":"https:\/\/organonpro.com\/no-no\/","og_site_name":"Organon Pro - Norway","article_modified_time":"2025-02-14T09:44:42+00:00","og_image":[{"url":"https:\/\/organonpro.com\/no-no\/wp-content\/uploads\/sites\/37\/2023\/01\/GettyImages-1062183186.jpg","type":"","width":"","height":""}],"twitter_card":"summary_large_image","twitter_misc":{"Est. reading time":"1 minute"},"schema":{"@context":"https:\/\/schema.org","@graph":[{"@type":"WebPage","@id":"https:\/\/organonpro.com\/no-no\/","url":"https:\/\/organonpro.com\/no-no\/","name":"Hjem - Organon Pro - Norway","isPartOf":{"@id":"https:\/\/organonpro.com\/no-no\/#website"},"primaryImageOfPage":{"@id":"https:\/\/organonpro.com\/no-no\/#primaryimage"},"image":{"@id":"https:\/\/organonpro.com\/no-no\/#primaryimage"},"thumbnailUrl":"https:\/\/organonpro.com\/no-no\/wp-content\/uploads\/sites\/37\/2023\/01\/GettyImages-1062183186.jpg","datePublished":"2022-08-22T09:26:18+00:00","dateModified":"2025-02-14T09:44:42+00:00","breadcrumb":{"@id":"https:\/\/organonpro.com\/no-no\/#breadcrumb"},"inLanguage":"en-US","potentialAction":[{"@type":"ReadAction","target":["https:\/\/organonpro.com\/no-no\/"]}]},{"@type":"ImageObject","inLanguage":"en-US","@id":"https:\/\/organonpro.com\/no-no\/#primaryimage","url":"https:\/\/organonpro.com\/no-no\/wp-content\/uploads\/sites\/37\/2023\/01\/GettyImages-1062183186.jpg","contentUrl":"https:\/\/organonpro.com\/no-no\/wp-content\/uploads\/sites\/37\/2023\/01\/GettyImages-1062183186.jpg","width":1400,"height":933,"caption":"A medical registrar hosting a teaching session with a group of students at the hospital."},{"@type":"BreadcrumbList","@id":"https:\/\/organonpro.com\/no-no\/#breadcrumb","itemListElement":[{"@type":"ListItem","position":1,"name":"Home","item":"https:\/\/organonpro.com\/no-no\/"},{"@type":"ListItem","position":2,"name":"Hjem"}]},{"@type":"WebSite","@id":"https:\/\/organonpro.com\/no-no\/#website","url":"https:\/\/organonpro.com\/no-no\/","name":"Organon Pro - Norge","description":"Organon Pro - Norway","publisher":{"@id":"https:\/\/organonpro.com\/no-no\/#organization"},"potentialAction":[{"@type":"SearchAction","target":{"@type":"EntryPoint","urlTemplate":"https:\/\/organonpro.com\/no-no\/?s={search_term_string}"},"query-input":{"@type":"PropertyValueSpecification","valueRequired":true,"valueName":"search_term_string"}}],"inLanguage":"en-US"},{"@type":"Organization","@id":"https:\/\/organonpro.com\/no-no\/#organization","name":"Organon Pro - Norge","url":"https:\/\/organonpro.com\/no-no\/","logo":{"@type":"ImageObject","inLanguage":"en-US","@id":"https:\/\/organonpro.com\/no-no\/#\/schema\/logo\/image\/","url":"https:\/\/organonpro.com\/no-no\/wp-content\/uploads\/sites\/37\/2022\/12\/organon-pro-og-img.png","contentUrl":"https:\/\/organonpro.com\/no-no\/wp-content\/uploads\/sites\/37\/2022\/12\/organon-pro-og-img.png","width":1200,"height":630,"caption":"Organon Pro - Norge"},"image":{"@id":"https:\/\/organonpro.com\/no-no\/#\/schema\/logo\/image\/"}}]}},"_links":{"self":[{"href":"https:\/\/organonpro.com\/no-no\/wp-json\/wp\/v2\/pages\/4","targetHints":{"allow":["GET"]}}],"collection":[{"href":"https:\/\/organonpro.com\/no-no\/wp-json\/wp\/v2\/pages"}],"about":[{"href":"https:\/\/organonpro.com\/no-no\/wp-json\/wp\/v2\/types\/page"}],"author":[{"embeddable":true,"href":"https:\/\/organonpro.com\/no-no\/wp-json\/wp\/v2\/users\/19"}],"replies":[{"embeddable":true,"href":"https:\/\/organonpro.com\/no-no\/wp-json\/wp\/v2\/comments?post=4"}],"version-history":[{"count":80,"href":"https:\/\/organonpro.com\/no-no\/wp-json\/wp\/v2\/pages\/4\/revisions"}],"predecessor-version":[{"id":851,"href":"https:\/\/organonpro.com\/no-no\/wp-json\/wp\/v2\/pages\/4\/revisions\/851"}],"wp:attachment":[{"href":"https:\/\/organonpro.com\/no-no\/wp-json\/wp\/v2\/media?parent=4"}],"curies":[{"name":"wp","href":"https:\/\/api.w.org\/{rel}","templated":true}]}}