{"id":704,"date":"2022-05-09T06:29:51","date_gmt":"2022-05-09T06:29:51","guid":{"rendered":"https:\/\/organonpro.com\/it-it\/?page_id=704"},"modified":"2023-10-26T10:49:13","modified_gmt":"2023-10-26T10:49:13","slug":"termini-e-condizioni","status":"publish","type":"page","link":"https:\/\/organonpro.com\/it-it\/termini-e-condizioni\/","title":{"rendered":"Termini e condizioni"},"content":{"rendered":"\n<h1 class=\"wp-block-heading\" id=\"h-termini-e-condizioni\">Termini e condizioni<\/h1>\n\n\n\n<p>In vigore dal 09\/11\/2021<\/p>\n\n\n\n<h2 class=\"wp-block-heading\" id=\"h-condizioni-d-uso-del-sito-organonperte-itsi-prega-di-leggere-attentamente-le-seguenti-condizioni-prima-di-utilizzare-il-sito\">Condizioni d\u2019uso del sito organonperte.it<br>Si prega di leggere attentamente le seguenti condizioni prima di utilizzare il sito.<\/h2>\n\n\n\n<p>Benvenuti sul sito www.organonperte.it di propriet\u00e0 e gestito da ORGANON Italia S.r.l.<\/p>\n\n\n\n<ol class=\"wp-block-list\">\n<li><strong>Accesso:<\/strong>&nbsp;il Sito \u00e8 rivolto agli utenti presenti sul territorio italiano e, in particolare, agli operatori sanitari, ossia ai soggetti che possono prescrivere o dispensare specialit\u00e0 medicinali (di seguito, \u201cOperatori Sanitari\u201d). Si precisa che le aree del Sito dedicate esclusivamente a questi ultimi (di seguito, \u201cAree Dedicate\u201d) saranno accessibili mediante preventiva autenticazione: verr\u00e0 infatti richiesto agli stessi Operatori Sanitari di dichiarare di possedere i requisiti per essere considerati tali, sotto la loro esclusiva responsabilit\u00e0.<br><\/li>\n\n\n\n<li><strong>Accettazione:<\/strong>&nbsp;L\u2019accesso e la consultazione del Sito implicano la piena e completa accettazione delle presenti condizioni d\u2019uso e della normativa applicabile in materia. ORGANON potr\u00e0 modificare a propria discrezione, in qualsiasi momento, anche parzialmente e senza un preventivo avviso, le presenti condizioni d\u2019uso. e tali modifiche entreranno in vigore nel momento della loro pubblicazione sul Sito. \u00c8 pertanto opportuno consultare periodicamente le presenti condizioni d\u2019uso attraverso il collegamento (link) posto in fondo ad ogni pagina del Sito.<br><\/li>\n\n\n\n<li><strong>Contenuti:<\/strong>&nbsp;ORGANON ha compiuto e si impegna a compiere ogni sforzo per inserire nel Sito contenuti il pi\u00f9 possibile precisi, completi e aggiornati. Tuttavia ORGANON non fornisce alcuna garanzia circa la completezza e l\u2019aggiornamento di tali contenuti che non intendono fornire in alcun modo consigli di natura sanitaria. L\u2019utente \u00e8 infatti invitato a rivolgersi esclusivamente al medico di fiducia per ogni necessit\u00e0 di diagnosi e per individuare i percorsi terapeutici appropriati. Per quanto attiene ai contenuti delle Aree Dedicate, invitiamo altres\u00ec gli Operatori Sanitari a non considerare le informazioni ivi contenute come sostitutive di pareri professionali. Si raccomanda inoltre di consultare altre fonti prima di rendere qualsiasi parere o prendere qualsiasi decisione sul trattamento di un paziente.<br><\/li>\n\n\n\n<li><strong>Propriet\u00e0 Intellettuale:<\/strong>&nbsp;tutti i dati, le informazioni, i documenti, le illustrazioni, i grafici, le foto, i video e i marchi commerciali contenuti nel Sito sono di esclusiva propriet\u00e0 di ORGANON o dei soggetti di volta in volta indicati, che hanno attribuito a ORGANON il relativo diritto di utilizzo. E\u2019 espressamente vietata la riproduzione con qualsiasi mezzo di tutto o parte dei contenuti del Sito, salvo quanto indicato di seguito. Resta in ogni caso intesto che l\u2019utilizzo del Sito non implica la concessione di alcuna licenza in favore degli utenti, n\u00e9 il conferimento a questi ultimi di diritti di propriet\u00e0 intellettuale appartenenti a Organon (inclusi brevetti, marchi commerciali e copyright) o a terzi.<br><\/li>\n\n\n\n<li><strong>Utilizzo dei contenuti del Sito:<\/strong>&nbsp;\u00c8 consentito scaricare e stampare in tutto o in parte i contenuti del Sito esclusivamente per uso personale essendo vietata qualsiasi riproduzione dei contenuti del Sito a fini commerciali. \u00c8 altres\u00ec vietata qualsiasi riproduzione parziale e\/o modificata dei contenuti del Sito e in ogni caso qualsiasi riproduzione delle illustrazioni, dei grafici, delle foto o dei video contenuti nel Sito senza il relativo testo di accompagnamento. \u00c8 fatto obbligo di conservare ogni indicazione sui diritti di propriet\u00e0 intellettuale presente nei contenuti del Sito riprodotti. Nel caso vengano riprodotti contenuti del Sito in violazione delle presenti condizioni, o qualora si proceda con un utilizzo di marchi, copyright o altri materiali difforme rispetto a quanto previsto nelle presenti condizioni d\u2019uso, cesser\u00e0 immediatamente il diritto degli utenti di utilizzare il Sito e gli utenti stessi, a insindacabile decisione di ORGANON, dovranno restituire o distruggere le predette riproduzioni. Organon non presta alcuna garanzia riguardo a eventuali violazioni di diritti di terzi da parte degli utenti del Sito a causa di un utilizzo improprio del materiale ivi contenuto. Qualora gli utenti facciano rinvio al Sito con un link occorre assicurarsi che tale collegamento sia appropriato e non danneggi l\u2019immagine e la reputazione di ORGANON o tragga vantaggio da essa. Non sono consentiti link al Sito che suggeriscano un\u2019associazione, approvazione o sostegno da parte di ORGANON, senza che ci\u00f2 sia stato espressamente consentito da ORGANON stessa. Non \u00e8 consentito incorporare il Sito in altri siti web. Se richiesto da ORGANON, qualsiasi collegamento al Sito deve essere eliminato.<br><\/li>\n\n\n\n<li><strong>Collegamenti (link) ad altri siti:<\/strong>&nbsp;nel Sito sono presenti collegamenti (link) ad altri siti di ORGANON o di terzi. Tali collegamenti ad altri siti web sono forniti esclusivamente allo scopo di facilitare l&#8217;accesso al Sito. In ogni caso Organon non pu\u00f2 controllare la natura o il contenuto delle informazioni presenti nell\u2019ambito di siti di terzi che sono infatti del tutto indipendenti e fuori dal controllo di ORGANON, la quale non si assume alcuna responsabilit\u00e0 in proposito.<br><\/li>\n\n\n\n<li><strong>Privacy e cookies:<\/strong>&nbsp;per informazioni relative alle nostre procedure di registrazione e alle nostre modalit\u00e0 di protezione dei dati personali degli utenti si prega di far riferimento alla Informativa di ORGANON, consultabile al seguente link:&nbsp;<strong><a href=\"https:\/\/organonpro.com\/it-it\/informativa-privacy\/\" target=\"_blank\" rel=\"noreferrer noopener\">Privacy<\/a><\/strong>. Per consultare l\u2019informativa relativa a cookies, occorre accedere al seguente link:&nbsp;<strong><a href=\"https:\/\/organonpro.com\/it-it\/informativa-privacy-organon-per-te#cookiepolicy\" target=\"_blank\" rel=\"noreferrer noopener\">Cookie Policy<\/a><br><\/strong><\/li>\n\n\n\n<li><strong>Limitazione di responsabilit\u00e0:<\/strong>&nbsp;ORGANON non si assume responsabilit\u00e0 di alcun genere in riferimento all\u2019utilizzo del Sito e al suo contenuto. In particolare, sebbene Organon adotti ogni misura ragionevolmente necessaria per tenere aggiornato il presente Sito, \u00e8 possibile che alcune informazioni divengano obsolete col trascorrere del tempo; ORGANON non potr\u00e0 essere ritenuta responsabile per la non precisione, incompletezza, mancata tempestivit\u00e0 e non adeguatezza dei contenuti del Sito, n\u00e9 per eventuali danni o virus che possano colpire l\u2019attrezzatura informatica o altra propriet\u00e0 degli utenti, in conseguenza dell\u2019accesso, dell\u2019utilizzo o della navigazione sul Sito o dallo scaricamento di materiali, dati, testi, immagini, video o audio dal Sito stesso. Organon si riserva il diritto di interrompere o di sospendere in qualsiasi momento le funzionalit\u00e0 del Sito, senza che ne derivi alcuna responsabilit\u00e0 a proprio carico, sia che ci\u00f2 avvenga in conseguenza di azioni od omissioni di (o comunque imputabili a) Organon, sia che ci\u00f2 avvenga in conseguenza di azioni od omissioni di (o comunque imputabili a) terze parti.<br><\/li>\n\n\n\n<li><strong>Violazione delle presenti condizioni:<\/strong>&nbsp;ORGANON si riserva il diritto di impedire agli utenti di accedere al Sito qualora gli stessi dovessero violare le presenti condizioni d\u2019uso. Nel caso in cui dalla violazione delle presenti condizioni d\u2019uso dovessero scaturire danni a terzi, gli utenti stessi saranno tenuti a manlevare e tenere indenne ORGANON da qualsiasi pretesa possa essere avanzata da tali terzi nei confronti di ORGANON che sia comunque connessa al comportamento degli utenti.<br><\/li>\n\n\n\n<li><strong>Farmacovigilanza:<\/strong>&nbsp;per informazioni relative alla farmacovigilanza si prega di consultare l\u2019apposita sezione tramite il seguente&nbsp;<strong><a href=\"https:\/\/organonpro.com\/it-it\/farmacovigilanza\/\" target=\"_blank\" rel=\"noreferrer noopener\">link<\/a><br><\/strong><\/li>\n\n\n\n<li><strong>Legge e foro competente:<\/strong>&nbsp;il Sito e i relativi contenuti sono regolati dalla legge italiana e qualsiasi controversia relativa agli stessi sar\u00e0 devoluta alla competenza esclusiva del foro di Roma.<\/li>\n<\/ol>\n","protected":false},"excerpt":{"rendered":"<p>Termini e condizioni In vigore dal 09\/11\/2021 Condizioni d\u2019uso del sito organonperte.itSi prega di leggere attentamente le seguenti condizioni prima di utilizzare il sito. Benvenuti sul sito www.organonperte.it di propriet\u00e0 e gestito da ORGANON Italia S.r.l.<\/p>\n","protected":false},"author":11,"featured_media":0,"parent":0,"menu_order":0,"comment_status":"closed","ping_status":"closed","template":"","meta":{"_acf_changed":false,"footnotes":""},"class_list":["post-704","page","type-page","status-publish","hentry"],"acf":[],"yoast_head":"<!-- This site is optimized with the Yoast SEO Premium plugin v20.11 (Yoast SEO v26.6) - https:\/\/yoast.com\/wordpress\/plugins\/seo\/ -->\n<title>Termini e condizioni - Organon Pro - Italy<\/title>\n<meta name=\"robots\" content=\"index, follow, max-snippet:-1, max-image-preview:large, max-video-preview:-1\" \/>\n<link rel=\"canonical\" href=\"https:\/\/organonpro.com\/it-it\/termini-e-condizioni\/\" \/>\n<meta property=\"og:locale\" content=\"en_US\" \/>\n<meta property=\"og:type\" content=\"article\" \/>\n<meta property=\"og:title\" content=\"Termini e condizioni\" \/>\n<meta property=\"og:description\" content=\"Termini e condizioni In vigore dal 09\/11\/2021 Condizioni d\u2019uso del sito organonperte.itSi prega di leggere attentamente le seguenti condizioni prima di utilizzare il sito. Benvenuti sul sito www.organonperte.it di propriet\u00e0 e gestito da ORGANON Italia S.r.l.\" \/>\n<meta property=\"og:url\" content=\"https:\/\/organonpro.com\/it-it\/termini-e-condizioni\/\" \/>\n<meta property=\"og:site_name\" content=\"Organon Pro - Italy\" \/>\n<meta property=\"article:modified_time\" content=\"2023-10-26T10:49:13+00:00\" \/>\n<meta property=\"og:image\" content=\"https:\/\/organonpro.com\/it-it\/wp-content\/uploads\/sites\/13\/2022\/12\/organon-pro-og-img.png\" \/>\n\t<meta property=\"og:image:width\" content=\"1200\" \/>\n\t<meta property=\"og:image:height\" content=\"630\" \/>\n\t<meta property=\"og:image:type\" content=\"image\/png\" \/>\n<meta name=\"twitter:card\" content=\"summary_large_image\" \/>\n<meta name=\"twitter:label1\" content=\"Est. reading time\" \/>\n\t<meta name=\"twitter:data1\" content=\"5 minutes\" \/>\n<script type=\"application\/ld+json\" class=\"yoast-schema-graph\">{\"@context\":\"https:\/\/schema.org\",\"@graph\":[{\"@type\":\"WebPage\",\"@id\":\"https:\/\/organonpro.com\/it-it\/termini-e-condizioni\/\",\"url\":\"https:\/\/organonpro.com\/it-it\/termini-e-condizioni\/\",\"name\":\"Termini e condizioni - Organon Pro - Italy\",\"isPartOf\":{\"@id\":\"https:\/\/organonpro.com\/it-it\/#website\"},\"datePublished\":\"2022-05-09T06:29:51+00:00\",\"dateModified\":\"2023-10-26T10:49:13+00:00\",\"breadcrumb\":{\"@id\":\"https:\/\/organonpro.com\/it-it\/termini-e-condizioni\/#breadcrumb\"},\"inLanguage\":\"en-US\",\"potentialAction\":[{\"@type\":\"ReadAction\",\"target\":[\"https:\/\/organonpro.com\/it-it\/termini-e-condizioni\/\"]}]},{\"@type\":\"BreadcrumbList\",\"@id\":\"https:\/\/organonpro.com\/it-it\/termini-e-condizioni\/#breadcrumb\",\"itemListElement\":[{\"@type\":\"ListItem\",\"position\":1,\"name\":\"Home\",\"item\":\"https:\/\/organonpro.com\/it-it\/\"},{\"@type\":\"ListItem\",\"position\":2,\"name\":\"Termini e condizioni\"}]},{\"@type\":\"WebSite\",\"@id\":\"https:\/\/organonpro.com\/it-it\/#website\",\"url\":\"https:\/\/organonpro.com\/it-it\/\",\"name\":\"Organon Pro - Italy\",\"description\":\"Organon Pro - Italy\",\"potentialAction\":[{\"@type\":\"SearchAction\",\"target\":{\"@type\":\"EntryPoint\",\"urlTemplate\":\"https:\/\/organonpro.com\/it-it\/?s={search_term_string}\"},\"query-input\":{\"@type\":\"PropertyValueSpecification\",\"valueRequired\":true,\"valueName\":\"search_term_string\"}}],\"inLanguage\":\"en-US\"}]}<\/script>\n<!-- \/ Yoast SEO Premium plugin. -->","yoast_head_json":{"title":"Termini e condizioni - Organon Pro - Italy","robots":{"index":"index","follow":"follow","max-snippet":"max-snippet:-1","max-image-preview":"max-image-preview:large","max-video-preview":"max-video-preview:-1"},"canonical":"https:\/\/organonpro.com\/it-it\/termini-e-condizioni\/","og_locale":"en_US","og_type":"article","og_title":"Termini e condizioni","og_description":"Termini e condizioni In vigore dal 09\/11\/2021 Condizioni d\u2019uso del sito organonperte.itSi prega di leggere attentamente le seguenti condizioni prima di utilizzare il sito. Benvenuti sul sito www.organonperte.it di propriet\u00e0 e gestito da ORGANON Italia S.r.l.","og_url":"https:\/\/organonpro.com\/it-it\/termini-e-condizioni\/","og_site_name":"Organon Pro - Italy","article_modified_time":"2023-10-26T10:49:13+00:00","og_image":[{"width":1200,"height":630,"url":"https:\/\/organonpro.com\/it-it\/wp-content\/uploads\/sites\/13\/2022\/12\/organon-pro-og-img.png","type":"image\/png"}],"twitter_card":"summary_large_image","twitter_misc":{"Est. reading time":"5 minutes"},"schema":{"@context":"https:\/\/schema.org","@graph":[{"@type":"WebPage","@id":"https:\/\/organonpro.com\/it-it\/termini-e-condizioni\/","url":"https:\/\/organonpro.com\/it-it\/termini-e-condizioni\/","name":"Termini e condizioni - Organon Pro - Italy","isPartOf":{"@id":"https:\/\/organonpro.com\/it-it\/#website"},"datePublished":"2022-05-09T06:29:51+00:00","dateModified":"2023-10-26T10:49:13+00:00","breadcrumb":{"@id":"https:\/\/organonpro.com\/it-it\/termini-e-condizioni\/#breadcrumb"},"inLanguage":"en-US","potentialAction":[{"@type":"ReadAction","target":["https:\/\/organonpro.com\/it-it\/termini-e-condizioni\/"]}]},{"@type":"BreadcrumbList","@id":"https:\/\/organonpro.com\/it-it\/termini-e-condizioni\/#breadcrumb","itemListElement":[{"@type":"ListItem","position":1,"name":"Home","item":"https:\/\/organonpro.com\/it-it\/"},{"@type":"ListItem","position":2,"name":"Termini e condizioni"}]},{"@type":"WebSite","@id":"https:\/\/organonpro.com\/it-it\/#website","url":"https:\/\/organonpro.com\/it-it\/","name":"Organon Pro - Italy","description":"Organon Pro - Italy","potentialAction":[{"@type":"SearchAction","target":{"@type":"EntryPoint","urlTemplate":"https:\/\/organonpro.com\/it-it\/?s={search_term_string}"},"query-input":{"@type":"PropertyValueSpecification","valueRequired":true,"valueName":"search_term_string"}}],"inLanguage":"en-US"}]}},"jetpack_sharing_enabled":true,"_links":{"self":[{"href":"https:\/\/organonpro.com\/it-it\/wp-json\/wp\/v2\/pages\/704","targetHints":{"allow":["GET"]}}],"collection":[{"href":"https:\/\/organonpro.com\/it-it\/wp-json\/wp\/v2\/pages"}],"about":[{"href":"https:\/\/organonpro.com\/it-it\/wp-json\/wp\/v2\/types\/page"}],"author":[{"embeddable":true,"href":"https:\/\/organonpro.com\/it-it\/wp-json\/wp\/v2\/users\/11"}],"replies":[{"embeddable":true,"href":"https:\/\/organonpro.com\/it-it\/wp-json\/wp\/v2\/comments?post=704"}],"version-history":[{"count":7,"href":"https:\/\/organonpro.com\/it-it\/wp-json\/wp\/v2\/pages\/704\/revisions"}],"predecessor-version":[{"id":8260,"href":"https:\/\/organonpro.com\/it-it\/wp-json\/wp\/v2\/pages\/704\/revisions\/8260"}],"wp:attachment":[{"href":"https:\/\/organonpro.com\/it-it\/wp-json\/wp\/v2\/media?parent=704"}],"curies":[{"name":"wp","href":"https:\/\/api.w.org\/{rel}","templated":true}]}}