{"id":702,"date":"2022-05-09T06:26:07","date_gmt":"2022-05-09T06:26:07","guid":{"rendered":"https:\/\/organonpro.com\/it-it\/?page_id=702"},"modified":"2024-05-17T13:46:28","modified_gmt":"2024-05-17T13:46:28","slug":"informativa-privacy","status":"publish","type":"page","link":"https:\/\/organonpro.com\/it-it\/informativa-privacy\/","title":{"rendered":"Informativa Privacy"},"content":{"rendered":"\n<h1 class=\"wp-block-heading\" id=\"h-informativa-privacy\">Informativa Privacy<\/h1>\n\n\n\n<h2 class=\"wp-block-heading\" id=\"h-informativa-privacy-ex-artt-12-e-13-del-regolamento-ue-2016-679\">I<strong>nformativa Privacy ex artt. 12 e 13 del Regolamento UE 2016\/679<\/strong><\/h2>\n\n\n\n<p>Gentile Medico,<\/p>\n\n\n\n<p>desideriamo informarLa che, ai sensi del Regolamento UE 2016\/679 e del D.lgs. 10 agosto 2018, n. 101, recante \u201cDisposizioni per l\u2019adeguamento della normativa nazionale alle disposizioni del regolamento (UE) 2016\/679 del Parlamento europeo e del Consiglio, del 27 aprile 2016, relativo alla protezione delle persone fisiche con riguardo al trattamento dei dati personali, nonch\u00e9 alla libera circolazione di tali dati e che abroga la direttiva 95\/46\/CE (regolamento generale sulla protezione dei dati)\u201d, che ha modificato il D.lgs. 30 giugno 2003, n. 196 (noto come \u201cCodice in materia di protezione dei dati personali\u201d), al fine di registraLa sul sito Organon per TE per farLe usufruire dei relativi servizi, abbiamo la necessit\u00e0 di trattare &nbsp;alcuni Suoi dati personali.<br>La invitiamo pertanto a prendere visione della presente informativa, in cui sono descritte le regole da noi applicate per la gestione dei Suoi dati personali, conformemente a quanto previsto dalle suddette normative.<br><\/p>\n\n\n\n<p><strong>IDENTIT\u00c0 E DATI DI CONTATTO DEL TITOLARE DEL TRATTAMENTO<\/strong><br>Titolare del trattamento dei Suoi dati personali \u00e8 Organon Italia S.r.l., con sede legale in piazza Carlo Magno n. 21 &#8211; 00162 (Roma).<\/p>\n\n\n\n<p><strong>DATI DI CONTATTO DEL RESPONSABILE PER LA PROTEZIONE DEI DATI<\/strong><br>Il Titolare ha nominato un Responsabile per la Protezione dei Dati (RPD o DPO), contattabile all\u2019indirizzo e-mail:&nbsp;<a href=\"file:\/\/\/C:\/Users\/paolo.dagostino\/AppData\/Local\/Microsoft\/Windows\/INetCache\/Content.Outlook\/A9N2M820\/dpo_italy@organon.com\">dpo_italy@organon.com<\/a>.<\/p>\n\n\n\n<p><strong>FINALIT\u00c0 E BASE GIURIDICA DEL TRATTAMENTO<\/strong><br>I dati personali e professionali di cui il Titolare del trattamento pu\u00f2 venire in possesso sono esclusivamente quelli da Lei forniti in fase di registrazione e in occasione di particolari attivit\u00e0.<\/p>\n\n\n\n<p>Tali dati personali saranno trattati per le finalit\u00e0 seguenti:<\/p>\n\n\n\n<ol class=\"wp-block-list\" style=\"list-style-type:lower-alpha\">\n<li>registrazione al sito web Organon per Te mediante l\u2019inserimento dei Suoi dati anagrafici e di contatto per inviarLe comunicazioni sulle novit\u00e0 in ambito medico-scientifico, anche in relazione alle Sue Preferenze, sui prodotti e sulle attivit\u00e0 promossi da Organon a fini informativi e promozionali, dal personale Organon autorizzato;<\/li>\n\n\n\n<li>registrazione al sito web Organon per Te mediante l\u2019inserimento dei Suoi dati anagrafici e di contatto per inviarLe comunicazioni, tramite newsletter, sulle novit\u00e0 in ambito medico-scientifico, sui prodotti e sulle attivit\u00e0 promossi da Organon a fini informativi e promozionali.<\/li>\n<\/ol>\n\n\n\n<p><br>Desideriamo inoltre informarLa che il contenuto del nostro sito \u00e8 conforme con quanto previsto dal Codice Deontologico Farmindustria e dal D.lgs. 219\/2006 che disciplina la pubblicit\u00e0 dei medicinali per uso umano.<\/p>\n\n\n\n<p>La base giuridica delle finalit\u00e0 di trattamento sub a. e b. \u00e8 costituita dall\u2019art. 6, comma 1, lettera a) del Regolamento UE 2016\/679 (l\u2019interessato ha espresso il consenso al trattamento dei propri dati personali per una o pi\u00f9 specifiche finalit\u00e0).<\/p>\n\n\n\n<p><br><strong>MODALITA\u2019 DEL TRATTAMENTO<\/strong><br>I dati da Lei forniti potranno essere trattati attraverso supporti cartacei e\/o informatici e\/o telematici, per le finalit\u00e0 sopra descritte.<\/p>\n\n\n\n<p><br><strong>CATEGORIA DI DESTINATARI DEI DATI PERSONALI<\/strong><br>I dati da Lei forniti potranno essere trattati da Organon Italia S.r.l. direttamente, dalla Casa Madre e\/o dalle Aziende del suo Gruppo (societ\u00e0 collegate, controllate e\/o che ne detengono il controllo), di seguito collettivamente il \u201cGruppo\u201d.<\/p>\n\n\n\n<p>I Suoi dati saranno raccolti e conservati in banche dati residenti su server di propriet\u00e0 del Titolare del trattamento, del suo Gruppo e\/o di eventuali societ\u00e0 terze che si occupano delle iniziative e dei servizi necessari per le finalit\u00e0 sopra descritte. Tali societ\u00e0 terze, se utilizzate, saranno impegnate contrattualmente con Organon Italia S.r.l. e\/o il Gruppo a garanzia dell\u2019utilizzo di tali informazioni solo secondo le direttive ricevute, esclusivamente per le finalit\u00e0 sopra descritte e in modo coerente con quanto stabilito dalla presente informativa. A tali societ\u00e0 sar\u00e0 inoltre richiesto di firmare un accordo di riservatezza che vieta loro di condividere, vendere, fornire queste informazioni a terzi o di utilizzarle in maniera difforme da quanto contrattualmente convenuto.<\/p>\n\n\n\n<p><strong>TRASFERIMENTO DEI DATI IN PAESI TERZI<\/strong><br>I Suoi dati potranno essere trasferiti, raccolti ed utilizzati anche nella sede principale di Organon &amp; Co. (Jersey City, NJ, U.S.A.), e\/o all&#8217;interno del suo Gruppo, in USA, sempre comunque in conformit\u00e0 a quanto previsto dal Regolamento UE 2016\/679. In questo caso, e ove sia previsto un trasferimento di dati personali a soggetti terzi residenti in Paesi extra UE, Organon Italia S.r.l. sottoscrive, con tali soggetti, le clausole contrattuali standard approvate dalla Commissione Europea.<\/p>\n\n\n\n<p><br><strong>PERIODO DI CONSERVAZIONE DEI DATI<\/strong><br>I suoi dati personali saranno conservati per il tempo necessario all\u2019espletamento dei servizi richiesti, ovvero fino alla revoca del consenso da parte Sua.<\/p>\n\n\n\n<p><strong>ESERCIZIO DEI DIRITTI<\/strong><br>Lei potr\u00e0 esercitare in qualsiasi momento i diritti previsti dall\u2019art. 13, comma 2. e dagli artt. 15, 16, 17, 18 e 20 del Regolamento UE 2016\/679, scrivendo all\u2019indirizzo e-mail&nbsp;<a href=\"mailto:privacy_italy@organon.com\">privacy_italy@organon.com<\/a><\/p>\n\n\n\n<p>In particolare, in qualit\u00e0 di interessato, Lei potr\u00e0 richiedere:<\/p>\n\n\n\n<ul class=\"wp-block-list\">\n<li>l\u2019accesso ai Suoi dati personali, secondo quanto previsto all\u2019art. 15 del Regolamento UE 2016\/679;<\/li>\n\n\n\n<li>la rettifica dei Suoi dati personali, secondo quanto previsto all\u2019 art. 16 del Regolamento UE 2016\/679;<\/li>\n\n\n\n<li>la cancellazione dei Suoi dati personali (\u201cdiritto all\u2019oblio\u201d), secondo quanto previsto all\u2019art. 17 del Regolamento UE 2016\/679;<\/li>\n\n\n\n<li>la limitazione al trattamento dei Suoi dati personali, secondo quanto previsto all\u2019art. 18 del Regolamento UE 2016\/679;<\/li>\n\n\n\n<li>la portabilit\u00e0 dei Suoi dati personali, secondo quanto previsto all\u2019art. 20 del Regolamento UE 2016\/679, per quanto applicabile e limitatamente ai casi previsti dalle linee guida sulla portabilit\u00e0 dei dati pubblicate dal Gruppo Articolo 29.<\/li>\n<\/ul>\n\n\n\n<p><br>La informiamo, altres\u00ec, che Lei potra esercitare il diritto di revoca del consenso al trattamento dei dati personali in qualsiasi momento scrivendo all\u2019indirizzo mail <a href=\"mailto:privacy_italy@organon.com\">privacy_italy@organon.com<\/a><\/p>\n\n\n\n<p>La informiamo, infine, che Lei potr\u00e0 opporsi al trattamento dei Suoi dati personali in qualsiasi momento, ai sensi dell\u2019art. 21 del Regolamento UE 2016\/679, nel caso in cui ricorra una delle situazioni previste all\u2019art. 6, paragrafo 1, lettere e) e f) del medesimo Regolamento UE 2016\/679; anche in questo caso Lei potr\u00e0 scrivere all\u2019indirizzo e-mail&nbsp;<a href=\"mailto:privacy_italy@organon.com\">privacy_italy@organon.com<\/a><\/p>\n\n\n\n<p><br><strong>RECLAMO ALL\u2019AUTORIT\u00c0 DI CONTROLLO<\/strong><br>Ai sensi dell\u2019art. 77 del Regolamento UE 2016\/679, Le ricordiamo che Lei ha il diritto di proporre reclamo all\u2019Autorit\u00e0 di Controllo (Garante per la Protezione dei dati personali), nel caso in cui ritenga che il trattamento che la riguarda violi le disposizioni del Regolamento medesimo.<\/p>\n\n\n\n<p><strong>CONFERIMENTO OBBLIGATORIO DEI DATI PERSONALI<\/strong><br>Il conferimento dei Suoi dati personali per la finalit\u00e0 di cui alle suelencate lettere a. e b. \u00e8 facoltativo. Tuttavia, l\u2019eventuale rifiuto all\u2019utilizzo dei Suoi dati personali per queste ultime finalit\u00e0, precluder\u00e0 ad Organon Italia S.r.l. l\u2019utilizzo dei medesimi, impedendoLe l\u2019accesso ai servizi di comunicazione offerti.<\/p>\n\n\n\n<p><strong>ESISTENZA DI PROCESSI DECISIONALI AUTOMATIZZATI NEL TRATTAMENTO<\/strong><br>Si specifica che per il trattamento dei dati di cui sopra NON \u00e8 presente nessun tipo di processo decisionale automatizzato, ai sensi dell\u2019art. 22 del Regolamento UE 2016\/679.<\/p>\n","protected":false},"excerpt":{"rendered":"<p>Informativa Privacy Informativa Privacy ex artt. 12 e 13 del Regolamento UE 2016\/679 Gentile Medico, desideriamo informarLa che, ai sensi del Regolamento UE 2016\/679 e del D.lgs. 10 agosto 2018, n. 101, recante \u201cDisposizioni per l\u2019adeguamento della normativa nazionale alle disposizioni del regolamento (UE) 2016\/679 del Parlamento europeo e del Consiglio, del 27 aprile 2016, [&hellip;]<\/p>\n","protected":false},"author":11,"featured_media":0,"parent":0,"menu_order":0,"comment_status":"closed","ping_status":"closed","template":"","meta":{"_acf_changed":false,"footnotes":""},"class_list":["post-702","page","type-page","status-publish","hentry"],"acf":[],"yoast_head":"<!-- This site is optimized with the Yoast SEO Premium plugin v20.11 (Yoast SEO v26.6) - https:\/\/yoast.com\/wordpress\/plugins\/seo\/ -->\n<title>Informativa Privacy - Organon Pro - Italy<\/title>\n<meta name=\"robots\" content=\"index, follow, max-snippet:-1, max-image-preview:large, max-video-preview:-1\" \/>\n<link rel=\"canonical\" href=\"https:\/\/organonpro.com\/it-it\/informativa-privacy\/\" \/>\n<meta property=\"og:locale\" content=\"en_US\" \/>\n<meta property=\"og:type\" content=\"article\" \/>\n<meta property=\"og:title\" content=\"Informativa Privacy\" \/>\n<meta property=\"og:description\" content=\"Informativa Privacy Informativa Privacy ex artt. 12 e 13 del Regolamento UE 2016\/679 Gentile Medico, desideriamo informarLa che, ai sensi del Regolamento UE 2016\/679 e del D.lgs. 10 agosto 2018, n. 101, recante \u201cDisposizioni per l\u2019adeguamento della normativa nazionale alle disposizioni del regolamento (UE) 2016\/679 del Parlamento europeo e del Consiglio, del 27 aprile 2016, [&hellip;]\" \/>\n<meta property=\"og:url\" content=\"https:\/\/organonpro.com\/it-it\/informativa-privacy\/\" \/>\n<meta property=\"og:site_name\" content=\"Organon Pro - Italy\" \/>\n<meta property=\"article:modified_time\" content=\"2024-05-17T13:46:28+00:00\" \/>\n<meta property=\"og:image\" content=\"https:\/\/organonpro.com\/it-it\/wp-content\/uploads\/sites\/13\/2022\/12\/organon-pro-og-img.png\" \/>\n\t<meta property=\"og:image:width\" content=\"1200\" \/>\n\t<meta property=\"og:image:height\" content=\"630\" \/>\n\t<meta property=\"og:image:type\" content=\"image\/png\" \/>\n<meta name=\"twitter:card\" content=\"summary_large_image\" \/>\n<meta name=\"twitter:label1\" content=\"Est. reading time\" \/>\n\t<meta name=\"twitter:data1\" content=\"5 minutes\" \/>\n<script type=\"application\/ld+json\" class=\"yoast-schema-graph\">{\"@context\":\"https:\/\/schema.org\",\"@graph\":[{\"@type\":\"WebPage\",\"@id\":\"https:\/\/organonpro.com\/it-it\/informativa-privacy\/\",\"url\":\"https:\/\/organonpro.com\/it-it\/informativa-privacy\/\",\"name\":\"Informativa Privacy - Organon Pro - Italy\",\"isPartOf\":{\"@id\":\"https:\/\/organonpro.com\/it-it\/#website\"},\"datePublished\":\"2022-05-09T06:26:07+00:00\",\"dateModified\":\"2024-05-17T13:46:28+00:00\",\"breadcrumb\":{\"@id\":\"https:\/\/organonpro.com\/it-it\/informativa-privacy\/#breadcrumb\"},\"inLanguage\":\"en-US\",\"potentialAction\":[{\"@type\":\"ReadAction\",\"target\":[\"https:\/\/organonpro.com\/it-it\/informativa-privacy\/\"]}]},{\"@type\":\"BreadcrumbList\",\"@id\":\"https:\/\/organonpro.com\/it-it\/informativa-privacy\/#breadcrumb\",\"itemListElement\":[{\"@type\":\"ListItem\",\"position\":1,\"name\":\"Home\",\"item\":\"https:\/\/organonpro.com\/it-it\/\"},{\"@type\":\"ListItem\",\"position\":2,\"name\":\"Informativa Privacy\"}]},{\"@type\":\"WebSite\",\"@id\":\"https:\/\/organonpro.com\/it-it\/#website\",\"url\":\"https:\/\/organonpro.com\/it-it\/\",\"name\":\"Organon Pro - Italy\",\"description\":\"Organon Pro - Italy\",\"potentialAction\":[{\"@type\":\"SearchAction\",\"target\":{\"@type\":\"EntryPoint\",\"urlTemplate\":\"https:\/\/organonpro.com\/it-it\/?s={search_term_string}\"},\"query-input\":{\"@type\":\"PropertyValueSpecification\",\"valueRequired\":true,\"valueName\":\"search_term_string\"}}],\"inLanguage\":\"en-US\"}]}<\/script>\n<!-- \/ Yoast SEO Premium plugin. -->","yoast_head_json":{"title":"Informativa Privacy - Organon Pro - Italy","robots":{"index":"index","follow":"follow","max-snippet":"max-snippet:-1","max-image-preview":"max-image-preview:large","max-video-preview":"max-video-preview:-1"},"canonical":"https:\/\/organonpro.com\/it-it\/informativa-privacy\/","og_locale":"en_US","og_type":"article","og_title":"Informativa Privacy","og_description":"Informativa Privacy Informativa Privacy ex artt. 12 e 13 del Regolamento UE 2016\/679 Gentile Medico, desideriamo informarLa che, ai sensi del Regolamento UE 2016\/679 e del D.lgs. 10 agosto 2018, n. 101, recante \u201cDisposizioni per l\u2019adeguamento della normativa nazionale alle disposizioni del regolamento (UE) 2016\/679 del Parlamento europeo e del Consiglio, del 27 aprile 2016, [&hellip;]","og_url":"https:\/\/organonpro.com\/it-it\/informativa-privacy\/","og_site_name":"Organon Pro - Italy","article_modified_time":"2024-05-17T13:46:28+00:00","og_image":[{"width":1200,"height":630,"url":"https:\/\/organonpro.com\/it-it\/wp-content\/uploads\/sites\/13\/2022\/12\/organon-pro-og-img.png","type":"image\/png"}],"twitter_card":"summary_large_image","twitter_misc":{"Est. reading time":"5 minutes"},"schema":{"@context":"https:\/\/schema.org","@graph":[{"@type":"WebPage","@id":"https:\/\/organonpro.com\/it-it\/informativa-privacy\/","url":"https:\/\/organonpro.com\/it-it\/informativa-privacy\/","name":"Informativa Privacy - Organon Pro - Italy","isPartOf":{"@id":"https:\/\/organonpro.com\/it-it\/#website"},"datePublished":"2022-05-09T06:26:07+00:00","dateModified":"2024-05-17T13:46:28+00:00","breadcrumb":{"@id":"https:\/\/organonpro.com\/it-it\/informativa-privacy\/#breadcrumb"},"inLanguage":"en-US","potentialAction":[{"@type":"ReadAction","target":["https:\/\/organonpro.com\/it-it\/informativa-privacy\/"]}]},{"@type":"BreadcrumbList","@id":"https:\/\/organonpro.com\/it-it\/informativa-privacy\/#breadcrumb","itemListElement":[{"@type":"ListItem","position":1,"name":"Home","item":"https:\/\/organonpro.com\/it-it\/"},{"@type":"ListItem","position":2,"name":"Informativa Privacy"}]},{"@type":"WebSite","@id":"https:\/\/organonpro.com\/it-it\/#website","url":"https:\/\/organonpro.com\/it-it\/","name":"Organon Pro - Italy","description":"Organon Pro - Italy","potentialAction":[{"@type":"SearchAction","target":{"@type":"EntryPoint","urlTemplate":"https:\/\/organonpro.com\/it-it\/?s={search_term_string}"},"query-input":{"@type":"PropertyValueSpecification","valueRequired":true,"valueName":"search_term_string"}}],"inLanguage":"en-US"}]}},"jetpack_sharing_enabled":true,"_links":{"self":[{"href":"https:\/\/organonpro.com\/it-it\/wp-json\/wp\/v2\/pages\/702","targetHints":{"allow":["GET"]}}],"collection":[{"href":"https:\/\/organonpro.com\/it-it\/wp-json\/wp\/v2\/pages"}],"about":[{"href":"https:\/\/organonpro.com\/it-it\/wp-json\/wp\/v2\/types\/page"}],"author":[{"embeddable":true,"href":"https:\/\/organonpro.com\/it-it\/wp-json\/wp\/v2\/users\/11"}],"replies":[{"embeddable":true,"href":"https:\/\/organonpro.com\/it-it\/wp-json\/wp\/v2\/comments?post=702"}],"version-history":[{"count":16,"href":"https:\/\/organonpro.com\/it-it\/wp-json\/wp\/v2\/pages\/702\/revisions"}],"predecessor-version":[{"id":9079,"href":"https:\/\/organonpro.com\/it-it\/wp-json\/wp\/v2\/pages\/702\/revisions\/9079"}],"wp:attachment":[{"href":"https:\/\/organonpro.com\/it-it\/wp-json\/wp\/v2\/media?parent=702"}],"curies":[{"name":"wp","href":"https:\/\/api.w.org\/{rel}","templated":true}]}}