{"id":6534,"date":"2022-12-12T17:39:34","date_gmt":"2022-12-12T17:39:34","guid":{"rendered":"https:\/\/organonpro.com\/it-it\/?page_id=6534"},"modified":"2023-03-14T18:01:12","modified_gmt":"2023-03-14T18:01:12","slug":"informativa-privacy-organon-per-te","status":"publish","type":"page","link":"https:\/\/organonpro.com\/it-it\/informativa-privacy-organon-per-te\/","title":{"rendered":"Informativa Privacy Organon Per Te"},"content":{"rendered":"\n<h1 class=\"wp-block-heading\">Informativa Privacy<\/h1>\n\n\n\n<h2 class=\"wp-block-heading\">Informativa Privacy ex artt. 12 e 13 del Regolamento UE 2016\/679<\/h2>\n\n\n\n<p>Gentile Utente,<br><br>desideriamo informarLa che, ai sensi del Regolamento UE 2016\/679 e del D.lgs. 10 agosto 2018, n. 101, recante \u201cDisposizioni per l\u2019adeguamento della normativa nazionale alle disposizioni del regolamento (UE) 2016\/679 del Parlamento europeo e del Consiglio, del 27 aprile 2016, relativo alla protezione delle persone fisiche con riguardo al trattamento dei dati personali, nonch\u00e9 alla libera circolazione di tali dati e che abroga la direttiva 95\/46\/CE (regolamento generale sulla protezione dei dati)\u201d, che ha modificato il D.lgs. 30 giugno 2003, n. 196 (noto come \u201cCodice in materia di protezione dei dati personali\u201d), il presente sito web utilizza cookie Tecnici e, previo Suo consenso, di Profilazione.<br>La invitiamo pertanto a prendere visione della presente informativa, in cui sono descritte le regole da noi applicate per la gestione dei Suoi dati personali, conformemente a quanto previsto dalle suddette normative.<\/p>\n\n\n\n<h5 class=\"wp-block-heading\">IDENTIT\u00c0 E DATI DI CONTATTO DEL TITOLARE DEL TRATTAMENTO<\/h5>\n\n\n\n<p>Titolare del trattamento dei Suoi dati personali \u00e8 Organon Italia S.r.l., con sede legale in piazza Carlo Magno n. 21 &#8211; 00162 (Roma).<\/p>\n\n\n\n<h5 class=\"wp-block-heading\">DATI DI CONTATTO DEL RESPONSABILE PER LA PROTEZIONE DEI DATI<\/h5>\n\n\n\n<p>Il Titolare ha nominato un Responsabile per la Protezione dei Dati (RPD o DPO), contattabile all\u2019indirizzo e-mail:&nbsp;<a href=\"mailto:dpo_italy@organon.com\">dpo_italy@organon.com<\/a>.<\/p>\n\n\n\n<h5 class=\"wp-block-heading\">FINALIT\u00c0 E BASE GIURIDICA DEL TRATTAMENTO<\/h5>\n\n\n\n<p>Il presente sito web utilizza cookie tecnici e di profilazione, classificati in base alle loro caratteristiche nel seguente modo:<\/p>\n\n\n\n<p><strong><a name=\"cookiepolicy\" style=\"color:000000\">Cookie<\/a> strettamente necessari (tecnici)<\/strong><br>Si tratta di cookie tecnici. Questi cookie sono necessari per il funzionamento del sito e non possono essere disattivati nei nostri sistemi. Di solito vengono impostati solo in risposta alle azioni da Lei effettuate che costituiscono una richiesta di servizi, come l\u2019impostazione delle preferenze di privacy, l\u2019accesso o la compilazione di moduli. \u00c8 possibile impostare il browser per bloccare o avere avvisi riguardo questi cookie, ma di conseguenza alcune parti del sito non funzioneranno. Questi cookie non archiviano informazioni personali.<\/p>\n\n\n\n<p><strong>Cookie di funzionalit\u00e0 (tecnici)<\/strong><br>Questi cookie consentono al sito di fornire funzionalit\u00e0 e personalizzazione avanzate. Possono essere impostati da noi o da provider di terze parti i cui servizi sono stati aggiunto alle nostre pagine. Se non si autorizzano questi cookie, alcuni o tutti questi servizi potrebbero non funzionare correttamente.<\/p>\n\n\n\n<p><strong>Cookie di prestazione (profilazione)<\/strong><br>Si tratta di cookie di profilazione. Questi cookie ci permettono di contare le visite e fonti di traffico in modo da poter misurare e migliorare le prestazioni del nostro sito. Ci aiutano a sapere quali sono le pagine pi\u00f9 e meno popolari e vedere come i visitatori si muovono intorno al sito. Tutte le informazioni raccolte dai cookie sono aggregate e quindi anonime. Se non consenti questi cookie, non sapremo quando hai visitato il nostro sito.<\/p>\n\n\n\n<p><strong>Cookie per pubblicit\u00e0 mirata (profilazione)<\/strong><br>Questi cookie possono essere impostati tramite il nostro sito dai nostri partner pubblicitari. Possono essere utilizzati da queste aziende per costruire un profilo dei tuoi interessi e mostrarti annunci pertinenti su altri siti. Non memorizzano direttamente informazioni personali, ma sono basati unicamente sull&#8217;individuazione del tuo browser e del tuo dispositivo internet. Inoltre, per gli utenti autenticati al sito web, possiamo analizzare tali cookie anche in relazione ai diversi device utilizzati dall\u2019utente per la navigazione. Se non si accettano questi cookie, riceverai una pubblicit\u00e0 meno mirata.<\/p>\n\n\n\n<p><strong>Cookie dei social media (profilazione)<\/strong><br>Questi cookie sono impostati da una serie di servizi di social media che abbiamo aggiunto al sito per consentire di condividere i nostri contenuti con i tuoi amici e connessioni. Sono in grado di monitorare il tuo browser in altri siti e di creare un profilo dei tuoi interessi. Ci\u00f2 potrebbe avere un impatto sul contenuto e messaggi visualizzati in altri siti Web che visiti. Inoltre, per gli utenti autenticati al sito web, possiamo analizzare tali cookie anche in relazione ai diversi device utilizzati dall\u2019utente per la navigazione. Se non si accettano questi cookie, non \u00e8 possibile utilizzare o visualizzare questi strumenti di condivisione.<\/p>\n\n\n\n<p>La base giuridica delle finalit\u00e0 di trattamento dei Suoi dati personali \u00e8 costituita dall\u2019art. 6, comma 1, lettera a) del Regolamento UE 2016\/679 (l\u2019interessato ha espresso il consenso al trattamento dei propri dati personali per una o pi\u00f9 specifiche finalit\u00e0).<\/p>\n\n\n\n<h5 class=\"wp-block-heading\">MODALITA\u2019 DEL TRATTAMENTO<\/h5>\n\n\n\n<p>I dati da Lei forniti potranno essere trattati attraverso supporti informatici e\/o telematici, per le finalit\u00e0 sopra descritte.<\/p>\n\n\n\n<h5 class=\"wp-block-heading\">CATEGORIA DI DESTINATARI DEI DATI PERSONALI<\/h5>\n\n\n\n<p>I dati da Lei forniti potranno essere trattati da Organon Italia S.r.l. direttamente, dalla Casa Madre e\/o dalle Aziende del suo Gruppo (societ\u00e0 collegate, controllate e\/o che ne detengono il controllo), di seguito collettivamente il \u201cGruppo\u201d.<br>I Suoi dati saranno raccolti e conservati in banche dati residenti su server di propriet\u00e0 del Titolare del trattamento, del suo Gruppo e\/o di eventuali societ\u00e0 terze che si occupano delle iniziative e dei servizi necessari per le finalit\u00e0 sopra descritte. Tali societ\u00e0 terze, se utilizzate, saranno impegnate contrattualmente con Organon Italia S.r.l. e\/o il Gruppo a garanzia dell\u2019utilizzo di tali informazioni solo secondo le direttive ricevute, esclusivamente per le finalit\u00e0 sopra descritte e in modo coerente con quanto stabilito dalla presente informativa. A tali societ\u00e0 sar\u00e0 inoltre richiesto di firmare un accordo di riservatezza che vieta loro di condividere, vendere, fornire queste informazioni a terzi o di utilizzarle in maniera difforme da quanto contrattualmente convenuto.<\/p>\n\n\n\n<h5 class=\"wp-block-heading\">TRASFERIMENTO DEI DATI IN PAESI TERZI<\/h5>\n\n\n\n<p>I Suoi dati potranno essere trasferiti, raccolti ed utilizzati anche nella sede principale di Organon &amp; Co. (Jersey City, NJ, U.S.A.), e\/o all&#8217;interno del suo Gruppo, in USA, sempre comunque in conformit\u00e0 a quanto previsto dal Regolamento UE 2016\/679. In questo caso, e ove sia previsto un trasferimento di dati personali a soggetti terzi residenti in Paesi extra UE, Organon Italia S.r.l. sottoscrive, con tali soggetti, le clausole contrattuali standard approvate dalla Commissione Europea.<\/p>\n\n\n\n<h5 class=\"wp-block-heading\">PERIODO DI CONSERVAZIONE DEI DATI<\/h5>\n\n\n\n<p>I suoi dati personali saranno conservati per il tempo necessario all\u2019espletamento dei servizi richiesti, ovvero fino alla revoca del consenso da parte Sua.<\/p>\n\n\n\n<h5 class=\"wp-block-heading\">ESERCIZIO DEI DIRITTI<\/h5>\n\n\n\n<p>Lei potr\u00e0 esercitare in qualsiasi momento i diritti previsti dall\u2019art. 13, comma 2. e dagli artt. 15, 16, 17, 18 e 20 del Regolamento UE 2016\/679, scrivendo all\u2019indirizzo e-mail&nbsp;<a href=\"mailto:privacy_italy@organon.com\">privacy_italy@organon.com<\/a><br>In particolare, in qualit\u00e0 di interessato, Lei potr\u00e0 richiedere:<\/p>\n\n\n\n<ul class=\"wp-block-list\">\n<li>l\u2019accesso ai Suoi dati personali, secondo quanto previsto all\u2019art. 15 del Regolamento UE 2016\/679;<\/li>\n\n\n\n<li>la rettifica dei Suoi dati personali, secondo quanto previsto all\u2019 art. 16 del Regolamento UE 2016\/679;<\/li>\n\n\n\n<li>la cancellazione dei Suoi dati personali (\u201cdiritto all\u2019oblio\u201d), secondo quanto previsto all\u2019art. 17 del Regolamento UE 2016\/679;<\/li>\n\n\n\n<li>la limitazione al trattamento dei Suoi dati personali, secondo quanto previsto all\u2019art. 18 del Regolamento UE 2016\/679;<\/li>\n\n\n\n<li>la portabilit\u00e0 dei Suoi dati personali, secondo quanto previsto all\u2019art. 20 del Regolamento UE 2016\/679, per quanto applicabile e limitatamente ai casi previsti dalle linee guida sulla portabilit\u00e0 dei dati pubblicate dal Gruppo Articolo 29.<\/li>\n<\/ul>\n\n\n\n<p>La informiamo, infine, che Lei potr\u00e0 opporsi al trattamento dei Suoi dati personali in qualsiasi momento, ai sensi dell\u2019art. 21 del Regolamento UE 2016\/679, nel caso in cui ricorra una delle situazioni previste all\u2019art. 6, paragrafo 1, lettere e) e f) del medesimo Regolamento UE 2016\/679; anche in questo caso Lei potr\u00e0 scrivere all\u2019indirizzo e-mail privacy_italy@organon.com.<\/p>\n\n\n\n<h5 class=\"wp-block-heading\">RECLAMO ALL\u2019AUTORIT\u00c0 DI CONTROLLO<\/h5>\n\n\n\n<p>Ai sensi dell\u2019art. 77 del Regolamento UE 2016\/679, Le ricordiamo che Lei ha il diritto di proporre reclamo all\u2019Autorit\u00e0 di Controllo (Garante per la Protezione dei dati personali), nel caso in cui ritenga che il trattamento che la riguarda violi le disposizioni del Regolamento medesimo.<\/p>\n\n\n\n<h5 class=\"wp-block-heading\">CONFERIMENTO OBBLIGATORIO DEI DATI PERSONALI<\/h5>\n\n\n\n<p>Il conferimento dei Suoi dati personali, in riferimento ai \u201ccookie tecnici\u201d, \u00e8 necessario per poter usufruire dei servizi da Lei richiesti. Al contrario, il conferimento dei Suoi dati personali in riferimento ai \u201ccookie di profilazione\u201d \u00e8 facoltativo.<\/p>\n\n\n\n<h5 class=\"wp-block-heading\">ESISTENZA DI PROCESSI DECISIONALI AUTOMATIZZATI NEL TRATTAMENTO<\/h5>\n\n\n\n<p>Si specifica che per il trattamento dei dati di cui sopra NON \u00e8 presente nessun tipo di processo decisionale automatizzato, ai sensi dell\u2019art. 22 del Regolamento UE 2016\/679.<\/p>\n","protected":false},"excerpt":{"rendered":"<p>Informativa Privacy Informativa Privacy ex artt. 12 e 13 del Regolamento UE 2016\/679 Gentile Utente, desideriamo informarLa che, ai sensi del Regolamento UE 2016\/679 e del D.lgs. 10 agosto 2018, n. 101, recante \u201cDisposizioni per l\u2019adeguamento della normativa nazionale alle disposizioni del regolamento (UE) 2016\/679 del Parlamento europeo e del Consiglio, del 27 aprile 2016, [&hellip;]<\/p>\n","protected":false},"author":46,"featured_media":0,"parent":0,"menu_order":0,"comment_status":"closed","ping_status":"closed","template":"","meta":{"_acf_changed":false,"footnotes":""},"class_list":["post-6534","page","type-page","status-publish","hentry"],"acf":[],"yoast_head":"<!-- This site is optimized with the Yoast SEO Premium plugin v20.11 (Yoast SEO v26.6) - https:\/\/yoast.com\/wordpress\/plugins\/seo\/ -->\n<title>Informativa Privacy Organon Per Te - Organon Pro - Italy<\/title>\n<meta name=\"robots\" content=\"index, follow, max-snippet:-1, max-image-preview:large, max-video-preview:-1\" \/>\n<link rel=\"canonical\" href=\"https:\/\/organonpro.com\/it-it\/informativa-privacy-organon-per-te\/\" \/>\n<meta property=\"og:locale\" content=\"en_US\" \/>\n<meta property=\"og:type\" content=\"article\" \/>\n<meta property=\"og:title\" content=\"Informativa Privacy Organon Per Te\" \/>\n<meta property=\"og:description\" content=\"Informativa Privacy Informativa Privacy ex artt. 12 e 13 del Regolamento UE 2016\/679 Gentile Utente, desideriamo informarLa che, ai sensi del Regolamento UE 2016\/679 e del D.lgs. 10 agosto 2018, n. 101, recante \u201cDisposizioni per l\u2019adeguamento della normativa nazionale alle disposizioni del regolamento (UE) 2016\/679 del Parlamento europeo e del Consiglio, del 27 aprile 2016, [&hellip;]\" \/>\n<meta property=\"og:url\" content=\"https:\/\/organonpro.com\/it-it\/informativa-privacy-organon-per-te\/\" \/>\n<meta property=\"og:site_name\" content=\"Organon Pro - Italy\" \/>\n<meta property=\"article:modified_time\" content=\"2023-03-14T18:01:12+00:00\" \/>\n<meta property=\"og:image\" content=\"https:\/\/organonpro.com\/it-it\/wp-content\/uploads\/sites\/13\/2022\/12\/organon-pro-og-img.png\" \/>\n\t<meta property=\"og:image:width\" content=\"1200\" \/>\n\t<meta property=\"og:image:height\" content=\"630\" \/>\n\t<meta property=\"og:image:type\" content=\"image\/png\" \/>\n<meta name=\"twitter:card\" content=\"summary_large_image\" \/>\n<meta name=\"twitter:label1\" content=\"Est. reading time\" \/>\n\t<meta name=\"twitter:data1\" content=\"6 minutes\" \/>\n<script type=\"application\/ld+json\" class=\"yoast-schema-graph\">{\"@context\":\"https:\/\/schema.org\",\"@graph\":[{\"@type\":\"WebPage\",\"@id\":\"https:\/\/organonpro.com\/it-it\/informativa-privacy-organon-per-te\/\",\"url\":\"https:\/\/organonpro.com\/it-it\/informativa-privacy-organon-per-te\/\",\"name\":\"Informativa Privacy Organon Per Te - Organon Pro - Italy\",\"isPartOf\":{\"@id\":\"https:\/\/organonpro.com\/it-it\/#website\"},\"datePublished\":\"2022-12-12T17:39:34+00:00\",\"dateModified\":\"2023-03-14T18:01:12+00:00\",\"breadcrumb\":{\"@id\":\"https:\/\/organonpro.com\/it-it\/informativa-privacy-organon-per-te\/#breadcrumb\"},\"inLanguage\":\"en-US\",\"potentialAction\":[{\"@type\":\"ReadAction\",\"target\":[\"https:\/\/organonpro.com\/it-it\/informativa-privacy-organon-per-te\/\"]}]},{\"@type\":\"BreadcrumbList\",\"@id\":\"https:\/\/organonpro.com\/it-it\/informativa-privacy-organon-per-te\/#breadcrumb\",\"itemListElement\":[{\"@type\":\"ListItem\",\"position\":1,\"name\":\"Home\",\"item\":\"https:\/\/organonpro.com\/it-it\/\"},{\"@type\":\"ListItem\",\"position\":2,\"name\":\"Informativa Privacy Organon Per Te\"}]},{\"@type\":\"WebSite\",\"@id\":\"https:\/\/organonpro.com\/it-it\/#website\",\"url\":\"https:\/\/organonpro.com\/it-it\/\",\"name\":\"Organon Pro - Italy\",\"description\":\"Organon Pro - Italy\",\"potentialAction\":[{\"@type\":\"SearchAction\",\"target\":{\"@type\":\"EntryPoint\",\"urlTemplate\":\"https:\/\/organonpro.com\/it-it\/?s={search_term_string}\"},\"query-input\":{\"@type\":\"PropertyValueSpecification\",\"valueRequired\":true,\"valueName\":\"search_term_string\"}}],\"inLanguage\":\"en-US\"}]}<\/script>\n<!-- \/ Yoast SEO Premium plugin. -->","yoast_head_json":{"title":"Informativa Privacy Organon Per Te - Organon Pro - Italy","robots":{"index":"index","follow":"follow","max-snippet":"max-snippet:-1","max-image-preview":"max-image-preview:large","max-video-preview":"max-video-preview:-1"},"canonical":"https:\/\/organonpro.com\/it-it\/informativa-privacy-organon-per-te\/","og_locale":"en_US","og_type":"article","og_title":"Informativa Privacy Organon Per Te","og_description":"Informativa Privacy Informativa Privacy ex artt. 12 e 13 del Regolamento UE 2016\/679 Gentile Utente, desideriamo informarLa che, ai sensi del Regolamento UE 2016\/679 e del D.lgs. 10 agosto 2018, n. 101, recante \u201cDisposizioni per l\u2019adeguamento della normativa nazionale alle disposizioni del regolamento (UE) 2016\/679 del Parlamento europeo e del Consiglio, del 27 aprile 2016, [&hellip;]","og_url":"https:\/\/organonpro.com\/it-it\/informativa-privacy-organon-per-te\/","og_site_name":"Organon Pro - Italy","article_modified_time":"2023-03-14T18:01:12+00:00","og_image":[{"width":1200,"height":630,"url":"https:\/\/organonpro.com\/it-it\/wp-content\/uploads\/sites\/13\/2022\/12\/organon-pro-og-img.png","type":"image\/png"}],"twitter_card":"summary_large_image","twitter_misc":{"Est. reading time":"6 minutes"},"schema":{"@context":"https:\/\/schema.org","@graph":[{"@type":"WebPage","@id":"https:\/\/organonpro.com\/it-it\/informativa-privacy-organon-per-te\/","url":"https:\/\/organonpro.com\/it-it\/informativa-privacy-organon-per-te\/","name":"Informativa Privacy Organon Per Te - Organon Pro - Italy","isPartOf":{"@id":"https:\/\/organonpro.com\/it-it\/#website"},"datePublished":"2022-12-12T17:39:34+00:00","dateModified":"2023-03-14T18:01:12+00:00","breadcrumb":{"@id":"https:\/\/organonpro.com\/it-it\/informativa-privacy-organon-per-te\/#breadcrumb"},"inLanguage":"en-US","potentialAction":[{"@type":"ReadAction","target":["https:\/\/organonpro.com\/it-it\/informativa-privacy-organon-per-te\/"]}]},{"@type":"BreadcrumbList","@id":"https:\/\/organonpro.com\/it-it\/informativa-privacy-organon-per-te\/#breadcrumb","itemListElement":[{"@type":"ListItem","position":1,"name":"Home","item":"https:\/\/organonpro.com\/it-it\/"},{"@type":"ListItem","position":2,"name":"Informativa Privacy Organon Per Te"}]},{"@type":"WebSite","@id":"https:\/\/organonpro.com\/it-it\/#website","url":"https:\/\/organonpro.com\/it-it\/","name":"Organon Pro - Italy","description":"Organon Pro - Italy","potentialAction":[{"@type":"SearchAction","target":{"@type":"EntryPoint","urlTemplate":"https:\/\/organonpro.com\/it-it\/?s={search_term_string}"},"query-input":{"@type":"PropertyValueSpecification","valueRequired":true,"valueName":"search_term_string"}}],"inLanguage":"en-US"}]}},"jetpack_sharing_enabled":true,"_links":{"self":[{"href":"https:\/\/organonpro.com\/it-it\/wp-json\/wp\/v2\/pages\/6534","targetHints":{"allow":["GET"]}}],"collection":[{"href":"https:\/\/organonpro.com\/it-it\/wp-json\/wp\/v2\/pages"}],"about":[{"href":"https:\/\/organonpro.com\/it-it\/wp-json\/wp\/v2\/types\/page"}],"author":[{"embeddable":true,"href":"https:\/\/organonpro.com\/it-it\/wp-json\/wp\/v2\/users\/46"}],"replies":[{"embeddable":true,"href":"https:\/\/organonpro.com\/it-it\/wp-json\/wp\/v2\/comments?post=6534"}],"version-history":[{"count":7,"href":"https:\/\/organonpro.com\/it-it\/wp-json\/wp\/v2\/pages\/6534\/revisions"}],"predecessor-version":[{"id":7199,"href":"https:\/\/organonpro.com\/it-it\/wp-json\/wp\/v2\/pages\/6534\/revisions\/7199"}],"wp:attachment":[{"href":"https:\/\/organonpro.com\/it-it\/wp-json\/wp\/v2\/media?parent=6534"}],"curies":[{"name":"wp","href":"https:\/\/api.w.org\/{rel}","templated":true}]}}