{"id":9373,"date":"2024-11-07T15:24:15","date_gmt":"2024-11-07T14:24:15","guid":{"rendered":"https:\/\/organonpro.com\/fr-fr\/?page_id=9373"},"modified":"2025-07-02T09:25:17","modified_gmt":"2025-07-02T08:25:17","slug":"applicateur-reutilisable-pour-usage-sous-cutane","status":"publish","type":"page","link":"https:\/\/organonpro.com\/fr-fr\/applicateur-reutilisable-pour-usage-sous-cutane\/","title":{"rendered":"Bienvenue sur la page de l&#8217;applicateur de formation r\u00e9utilisable de l&#8217;implant pour usage sous-cutan\u00e9 (68 mg d&#8217;\u00e9tonogestrel) d\u2019ORGANON PRO"},"content":{"rendered":"\n<p class=\"has-text-align-left\"><strong>L\u2019applicateur de formation r\u00e9utilisable pour l\u2019implant placebo d&#8217;Organon est un outil de d\u00e9monstration uniquement et n&#8217;est PAS destin\u00e9 \u00e0 un usage humain.<br><\/strong><br>L&#8217;applicateur de formation r\u00e9utilisable est con\u00e7u pour \u00eatre utilis\u00e9 plusieurs fois dans le cadre de programme de formation pose et retrait de l\u2019implant Organon, aupr\u00e8s de professionnels de sant\u00e9.<br><br>La <strong>vid\u00e9o p\u00e9dagogique<\/strong> et le document de formation ci-dessous contiennent des instructions \u00e9tape par \u00e9tape pour aider le professionnel de sant\u00e9 \u00e0 <strong>pr\u00e9parer l&#8217;applicateur de formation r\u00e9utilisable avant l\u2019utilisation et le r\u00e9initialiser apr\u00e8s chaque utilisation.<br><\/strong><br>Il n\u2019inclut pas toutes les \u00e9tapes n\u00e9cessaires \u00e0 la proc\u00e9dure d\u2019insertion de l\u2019implant \u00e0 base d&#8217;\u00e9tonogestrel et n\u2019est pas destin\u00e9 \u00e0 remplacer les instructions d\u2019insertion ou retrait de ce dernier.<br><br>Pour toute demande d\u2019information m\u00e9dicale, toute d\u00e9claration d\u2019\u00e9v\u00e8nement ind\u00e9sirable, autre signalement sur nos m\u00e9dicaments Organon ou sur la qualit\u00e9 de l\u2019information promotionnelle : appelez le&nbsp;01 57 77 32 00&nbsp;ou \u00e9crivez \u00e0&nbsp;info.medicale.fr@organon.com<\/p>\n\n\n\n<div style=\"height:67px\" aria-hidden=\"true\" class=\"wp-block-spacer\"><\/div>\n\n\n\n<div class=\"wp-block-columns is-layout-flex wp-container-core-columns-is-layout-9d6595d7 wp-block-columns-is-layout-flex\">\n<div class=\"wp-block-column is-vertically-aligned-top is-layout-flow wp-block-column-is-layout-flow\" style=\"flex-basis:70%\">\t\t<!-- Start of Brightcove Player -->\n\t\t\t\t\t\t<div style=\"display: block; position: relative; min-width: 0px; max-width: 640px;\">\n\t\t\t\t\t<div style=\"padding-top: 56%; \">\n\t\t\t\t\t\t<video-js\n\t\t\t\t\t\t\t\tid=\"6364336878112\"\n\t\t\t\t\t\t\t\tdata-video-id=\"6364336878112\" data-account=\"6241154138001\"\n\t\t\t\t\t\t\t\tdata-player=\"gXt2XpS0m\"\n\t\t\t\t\t\t\t\tdata-usage=\"cms:WordPress:6.8.5:2.8.8:javascript\"\n\t\t\t\t\t\t\t\tdata-embed=\"default\" class=\"video-js\"\n\t\t\t\t\t\t\t\tdata-application-id=\"\"\n\t\t\t\t\t\t\t\tcontrols   \t\t\t\t\t\t\t\tstyle=\"width: 100%; height: 360px; position: absolute; top: 0; bottom: 0; right: 0; left: 0;\">\n\t\t\t\t\t\t<\/video-js>\n\n\t\t\t\t\t\t<script src=\"https:\/\/players.brightcove.net\/6241154138001\/gXt2XpS0m_default\/index.min.js\"><\/script> \t\t\t\t\t<\/div>\n\t\t\t\t<\/div>\n\t\t\t\t\t\t<!-- End of Brightcove Player -->\n\t\t<\/div>\n\n\n\n<div class=\"wp-block-column is-layout-flow wp-block-column-is-layout-flow\" style=\"flex-basis:30%\">\n<h2 class=\"wp-block-heading\" id=\"h-date-de-publication-octobre-2024\">Date de publication&nbsp;: Octobre 2024<\/h2>\n\n\n<section id=\"image-video-container-block_115c07ea520793a94f517ec10bb4b784\" class=\"image-video-container\"><style>\n    #html5lightbox-watermark {\n        display: none !important;\n    }\n<\/style>\n<div class=\"container\">\n        <div class=\"row\">\n                        <div class=\"col \">\n                    <div class=\"lightbox-figure\">\n                        <div class=\"lightbox-enabled\">\n\n                                                                                                        <a href=\"http:\/\/9378\" class=\"cursor-zoom\" data-lightbox=\"roadtrip\">\n                                            <img decoding=\"async\" width=\"1140\" height=\"575\" src=\"https:\/\/organonpro.com\/fr-fr\/wp-content\/uploads\/sites\/3\/2024\/11\/nexplanon.jpg?w=1140\" class=\"img-lightbox\" alt=\"\" loading=\"lazy\" srcset=\"https:\/\/organonpro.com\/fr-fr\/wp-content\/uploads\/sites\/3\/2024\/11\/nexplanon.jpg 1140w, https:\/\/organonpro.com\/fr-fr\/wp-content\/uploads\/sites\/3\/2024\/11\/nexplanon.jpg?resize=300,151 300w, https:\/\/organonpro.com\/fr-fr\/wp-content\/uploads\/sites\/3\/2024\/11\/nexplanon.jpg?resize=768,387 768w, https:\/\/organonpro.com\/fr-fr\/wp-content\/uploads\/sites\/3\/2024\/11\/nexplanon.jpg?resize=1024,516 1024w, https:\/\/organonpro.com\/fr-fr\/wp-content\/uploads\/sites\/3\/2024\/11\/nexplanon.jpg?resize=250,126 250w, https:\/\/organonpro.com\/fr-fr\/wp-content\/uploads\/sites\/3\/2024\/11\/nexplanon.jpg?resize=800,404 800w, https:\/\/organonpro.com\/fr-fr\/wp-content\/uploads\/sites\/3\/2024\/11\/nexplanon.jpg?resize=400,202 400w, https:\/\/organonpro.com\/fr-fr\/wp-content\/uploads\/sites\/3\/2024\/11\/nexplanon.jpg?resize=720,363 720w, https:\/\/organonpro.com\/fr-fr\/wp-content\/uploads\/sites\/3\/2024\/11\/nexplanon.jpg?resize=375,189 375w, https:\/\/organonpro.com\/fr-fr\/wp-content\/uploads\/sites\/3\/2024\/11\/nexplanon.jpg?resize=150,76 150w, https:\/\/organonpro.com\/fr-fr\/wp-content\/uploads\/sites\/3\/2024\/11\/nexplanon.jpg?resize=396,200 396w, https:\/\/organonpro.com\/fr-fr\/wp-content\/uploads\/sites\/3\/2024\/11\/nexplanon.jpg?resize=100,50 100w, https:\/\/organonpro.com\/fr-fr\/wp-content\/uploads\/sites\/3\/2024\/11\/nexplanon.jpg?resize=313,158 313w, https:\/\/organonpro.com\/fr-fr\/wp-content\/uploads\/sites\/3\/2024\/11\/nexplanon.jpg?resize=64,32 64w, https:\/\/organonpro.com\/fr-fr\/wp-content\/uploads\/sites\/3\/2024\/11\/nexplanon.jpg?resize=616,311 616w, https:\/\/organonpro.com\/fr-fr\/wp-content\/uploads\/sites\/3\/2024\/11\/nexplanon.jpg?resize=159,80 159w, https:\/\/organonpro.com\/fr-fr\/wp-content\/uploads\/sites\/3\/2024\/11\/nexplanon.jpg?resize=174,88 174w, https:\/\/organonpro.com\/fr-fr\/wp-content\/uploads\/sites\/3\/2024\/11\/nexplanon.jpg?resize=248,125 248w, https:\/\/organonpro.com\/fr-fr\/wp-content\/uploads\/sites\/3\/2024\/11\/nexplanon.jpg?resize=496,250 496w, https:\/\/organonpro.com\/fr-fr\/wp-content\/uploads\/sites\/3\/2024\/11\/nexplanon.jpg?resize=1063,536 1063w, https:\/\/organonpro.com\/fr-fr\/wp-content\/uploads\/sites\/3\/2024\/11\/nexplanon.jpg?resize=397,200 397w\" sizes=\"auto, (max-width: 1140px) 100vw, 1140px\" \/>                                        <\/a>\n                                    \n                                                        <\/div>\n                        \n\n                    <\/div>\n                <\/div>\n                <\/div>\n<\/div>\n<\/section>\n\n\n<p><strong>Instructions d\u2019utilisation<\/strong><br><br>Information importante \u00e0 lire sur l\u2019utilisation de l\u2019applicateur de formation r\u00e9utilisable de l\u2019implant contraceptif ORGANON<\/p>\n\n\n\n<div class=\"wp-block-buttons is-layout-flex wp-block-buttons-is-layout-flex\">\n<div class=\"wp-block-button\"><a class=\"wp-block-button__link wp-element-button\" href=\"https:\/\/organonpro.com\/fr-fr\/wp-content\/uploads\/sites\/3\/2024\/11\/RTA-Instructions-for-Use-IFU-for-Reusable-Training-Applicator-Clinical-Training-Program.pdf\" target=\"_blank\" rel=\"noreferrer noopener\"><strong>T\u00e9l\u00e9charger<\/strong><\/a><\/div>\n<\/div>\n<\/div>\n<\/div>\n\n\n\n<div style=\"height:48px\" aria-hidden=\"true\" class=\"wp-block-spacer\"><\/div>\n","protected":false},"excerpt":{"rendered":"<p>L\u2019applicateur de formation r\u00e9utilisable pour l\u2019implant placebo d&#8217;Organon est un outil de d\u00e9monstration uniquement et n&#8217;est PAS destin\u00e9 \u00e0 un usage humain.L&#8217;applicateur de formation r\u00e9utilisable est con\u00e7u pour \u00eatre utilis\u00e9 plusieurs fois dans le cadre de programme de formation pose et retrait de l\u2019implant Organon, aupr\u00e8s de professionnels de sant\u00e9. La vid\u00e9o p\u00e9dagogique et le [&hellip;]<\/p>\n","protected":false},"author":261,"featured_media":0,"parent":0,"menu_order":0,"comment_status":"closed","ping_status":"closed","template":"","meta":{"_acf_changed":false,"footnotes":""},"class_list":["post-9373","page","type-page","status-publish","hentry"],"acf":[],"yoast_head":"<!-- This site is optimized with the Yoast SEO Premium plugin v20.11 (Yoast SEO v26.6) - https:\/\/yoast.com\/wordpress\/plugins\/seo\/ -->\n<title>Bienvenue sur la page de l&#039;applicateur de formation r\u00e9utilisable de l&#039;implant pour usage sous-cutan\u00e9 (68 mg d&#039;\u00e9tonogestrel) d\u2019ORGANON PRO - Organon Pro - France<\/title>\n<meta name=\"robots\" content=\"noindex, follow\" \/>\n<meta property=\"og:locale\" content=\"en_US\" \/>\n<meta property=\"og:type\" content=\"article\" \/>\n<meta property=\"og:title\" content=\"Bienvenue sur la page de l&#039;applicateur de formation r\u00e9utilisable de l&#039;implant pour usage sous-cutan\u00e9 (68 mg d&#039;\u00e9tonogestrel) d\u2019ORGANON PRO\" \/>\n<meta property=\"og:description\" content=\"L\u2019applicateur de formation r\u00e9utilisable pour l\u2019implant placebo d&#8217;Organon est un outil de d\u00e9monstration uniquement et n&#8217;est PAS destin\u00e9 \u00e0 un usage humain.L&#8217;applicateur de formation r\u00e9utilisable est con\u00e7u pour \u00eatre utilis\u00e9 plusieurs fois dans le cadre de programme de formation pose et retrait de l\u2019implant Organon, aupr\u00e8s de professionnels de sant\u00e9. La vid\u00e9o p\u00e9dagogique et le [&hellip;]\" \/>\n<meta property=\"og:url\" content=\"https:\/\/organonpro.com\/fr-fr\/applicateur-reutilisable-pour-usage-sous-cutane\/\" \/>\n<meta property=\"og:site_name\" content=\"Organon Pro - France\" \/>\n<meta property=\"article:modified_time\" content=\"2025-07-02T08:25:17+00:00\" \/>\n<meta property=\"og:image\" content=\"https:\/\/organonpro.com\/fr-fr\/wp-content\/uploads\/sites\/3\/2022\/12\/organon-pro-og-img.png\" \/>\n\t<meta property=\"og:image:width\" content=\"1200\" \/>\n\t<meta property=\"og:image:height\" content=\"630\" \/>\n\t<meta property=\"og:image:type\" content=\"image\/png\" \/>\n<meta name=\"twitter:card\" content=\"summary_large_image\" \/>\n<meta name=\"twitter:label1\" content=\"Est. reading time\" \/>\n\t<meta name=\"twitter:data1\" content=\"1 minute\" \/>\n<script type=\"application\/ld+json\" class=\"yoast-schema-graph\">{\"@context\":\"https:\/\/schema.org\",\"@graph\":[{\"@type\":\"WebPage\",\"@id\":\"https:\/\/organonpro.com\/fr-fr\/applicateur-reutilisable-pour-usage-sous-cutane\/\",\"url\":\"https:\/\/organonpro.com\/fr-fr\/applicateur-reutilisable-pour-usage-sous-cutane\/\",\"name\":\"Bienvenue sur la page de l'applicateur de formation r\u00e9utilisable de l'implant pour usage sous-cutan\u00e9 (68 mg d'\u00e9tonogestrel) d\u2019ORGANON PRO - Organon Pro - France\",\"isPartOf\":{\"@id\":\"https:\/\/organonpro.com\/fr-fr\/#website\"},\"datePublished\":\"2024-11-07T14:24:15+00:00\",\"dateModified\":\"2025-07-02T08:25:17+00:00\",\"breadcrumb\":{\"@id\":\"https:\/\/organonpro.com\/fr-fr\/applicateur-reutilisable-pour-usage-sous-cutane\/#breadcrumb\"},\"inLanguage\":\"en-US\",\"potentialAction\":[{\"@type\":\"ReadAction\",\"target\":[\"https:\/\/organonpro.com\/fr-fr\/applicateur-reutilisable-pour-usage-sous-cutane\/\"]}]},{\"@type\":\"BreadcrumbList\",\"@id\":\"https:\/\/organonpro.com\/fr-fr\/applicateur-reutilisable-pour-usage-sous-cutane\/#breadcrumb\",\"itemListElement\":[{\"@type\":\"ListItem\",\"position\":1,\"name\":\"Home\",\"item\":\"https:\/\/organonpro.com\/fr-fr\/\"},{\"@type\":\"ListItem\",\"position\":2,\"name\":\"Bienvenue sur la page de l&#8217;applicateur de formation r\u00e9utilisable de l&#8217;implant pour usage sous-cutan\u00e9 (68 mg d&#8217;\u00e9tonogestrel) d\u2019ORGANON PRO\"}]},{\"@type\":\"WebSite\",\"@id\":\"https:\/\/organonpro.com\/fr-fr\/#website\",\"url\":\"https:\/\/organonpro.com\/fr-fr\/\",\"name\":\"Organon Pro - France\",\"description\":\"Organon Pro - France\",\"potentialAction\":[{\"@type\":\"SearchAction\",\"target\":{\"@type\":\"EntryPoint\",\"urlTemplate\":\"https:\/\/organonpro.com\/fr-fr\/?s={search_term_string}\"},\"query-input\":{\"@type\":\"PropertyValueSpecification\",\"valueRequired\":true,\"valueName\":\"search_term_string\"}}],\"inLanguage\":\"en-US\"}]}<\/script>\n<!-- \/ Yoast SEO Premium plugin. -->","yoast_head_json":{"title":"Bienvenue sur la page de l'applicateur de formation r\u00e9utilisable de l'implant pour usage sous-cutan\u00e9 (68 mg d'\u00e9tonogestrel) d\u2019ORGANON PRO - Organon Pro - France","robots":{"index":"noindex","follow":"follow"},"og_locale":"en_US","og_type":"article","og_title":"Bienvenue sur la page de l'applicateur de formation r\u00e9utilisable de l'implant pour usage sous-cutan\u00e9 (68 mg d'\u00e9tonogestrel) d\u2019ORGANON PRO","og_description":"L\u2019applicateur de formation r\u00e9utilisable pour l\u2019implant placebo d&#8217;Organon est un outil de d\u00e9monstration uniquement et n&#8217;est PAS destin\u00e9 \u00e0 un usage humain.L&#8217;applicateur de formation r\u00e9utilisable est con\u00e7u pour \u00eatre utilis\u00e9 plusieurs fois dans le cadre de programme de formation pose et retrait de l\u2019implant Organon, aupr\u00e8s de professionnels de sant\u00e9. La vid\u00e9o p\u00e9dagogique et le [&hellip;]","og_url":"https:\/\/organonpro.com\/fr-fr\/applicateur-reutilisable-pour-usage-sous-cutane\/","og_site_name":"Organon Pro - France","article_modified_time":"2025-07-02T08:25:17+00:00","og_image":[{"width":1200,"height":630,"url":"https:\/\/organonpro.com\/fr-fr\/wp-content\/uploads\/sites\/3\/2022\/12\/organon-pro-og-img.png","type":"image\/png"}],"twitter_card":"summary_large_image","twitter_misc":{"Est. reading time":"1 minute"},"schema":{"@context":"https:\/\/schema.org","@graph":[{"@type":"WebPage","@id":"https:\/\/organonpro.com\/fr-fr\/applicateur-reutilisable-pour-usage-sous-cutane\/","url":"https:\/\/organonpro.com\/fr-fr\/applicateur-reutilisable-pour-usage-sous-cutane\/","name":"Bienvenue sur la page de l'applicateur de formation r\u00e9utilisable de l'implant pour usage sous-cutan\u00e9 (68 mg d'\u00e9tonogestrel) d\u2019ORGANON PRO - Organon Pro - France","isPartOf":{"@id":"https:\/\/organonpro.com\/fr-fr\/#website"},"datePublished":"2024-11-07T14:24:15+00:00","dateModified":"2025-07-02T08:25:17+00:00","breadcrumb":{"@id":"https:\/\/organonpro.com\/fr-fr\/applicateur-reutilisable-pour-usage-sous-cutane\/#breadcrumb"},"inLanguage":"en-US","potentialAction":[{"@type":"ReadAction","target":["https:\/\/organonpro.com\/fr-fr\/applicateur-reutilisable-pour-usage-sous-cutane\/"]}]},{"@type":"BreadcrumbList","@id":"https:\/\/organonpro.com\/fr-fr\/applicateur-reutilisable-pour-usage-sous-cutane\/#breadcrumb","itemListElement":[{"@type":"ListItem","position":1,"name":"Home","item":"https:\/\/organonpro.com\/fr-fr\/"},{"@type":"ListItem","position":2,"name":"Bienvenue sur la page de l&#8217;applicateur de formation r\u00e9utilisable de l&#8217;implant pour usage sous-cutan\u00e9 (68 mg d&#8217;\u00e9tonogestrel) d\u2019ORGANON PRO"}]},{"@type":"WebSite","@id":"https:\/\/organonpro.com\/fr-fr\/#website","url":"https:\/\/organonpro.com\/fr-fr\/","name":"Organon Pro - France","description":"Organon Pro - France","potentialAction":[{"@type":"SearchAction","target":{"@type":"EntryPoint","urlTemplate":"https:\/\/organonpro.com\/fr-fr\/?s={search_term_string}"},"query-input":{"@type":"PropertyValueSpecification","valueRequired":true,"valueName":"search_term_string"}}],"inLanguage":"en-US"}]}},"jetpack_sharing_enabled":true,"_links":{"self":[{"href":"https:\/\/organonpro.com\/fr-fr\/wp-json\/wp\/v2\/pages\/9373","targetHints":{"allow":["GET"]}}],"collection":[{"href":"https:\/\/organonpro.com\/fr-fr\/wp-json\/wp\/v2\/pages"}],"about":[{"href":"https:\/\/organonpro.com\/fr-fr\/wp-json\/wp\/v2\/types\/page"}],"author":[{"embeddable":true,"href":"https:\/\/organonpro.com\/fr-fr\/wp-json\/wp\/v2\/users\/261"}],"replies":[{"embeddable":true,"href":"https:\/\/organonpro.com\/fr-fr\/wp-json\/wp\/v2\/comments?post=9373"}],"version-history":[{"count":28,"href":"https:\/\/organonpro.com\/fr-fr\/wp-json\/wp\/v2\/pages\/9373\/revisions"}],"predecessor-version":[{"id":9693,"href":"https:\/\/organonpro.com\/fr-fr\/wp-json\/wp\/v2\/pages\/9373\/revisions\/9693"}],"wp:attachment":[{"href":"https:\/\/organonpro.com\/fr-fr\/wp-json\/wp\/v2\/media?parent=9373"}],"curies":[{"name":"wp","href":"https:\/\/api.w.org\/{rel}","templated":true}]}}