{"id":8,"date":"2022-07-06T07:56:21","date_gmt":"2022-07-06T07:56:21","guid":{"rendered":"https:\/\/vip-organon-connect-com-testing.go-vip.net\/fr-fr\/?page_id=8"},"modified":"2023-09-27T15:32:31","modified_gmt":"2023-09-27T14:32:31","slug":"home-page","status":"publish","type":"page","link":"https:\/\/organonpro.com\/fr-fr\/","title":{"rendered":"Home Page"},"content":{"rendered":"\n<section class=\"wp-block-orc2-hero-banner  hero-section\" style=\"background-color:\"><div class=\"container\"><div class=\"row\"><div class=\"col-lg-4 col-md-5 col-sm-9 hero-text has-content\"><h1 class=\"hero-title-text\">Bienvenue sur Organon\u00a0PRO<\/h1><p class=\"hero-title-text\">Organon PRO est le portail r\u00e9serv\u00e9 aux professionnels de sant\u00e9 du laboratoire Organon. Vous y retrouverez des ressources utiles autour de nos produits, ainsi que des contenus exclusifs sur vos domaines d&#8217;expertise.<\/p><div class=\"action-panel  \"><div class=\"hero-login-register\" style=\"display:none;\"><a class=\"btn btn-theme hero-loginButton organon-login-required\" href=\"#\">Login<\/a><a class=\"btn btn-theme hero-registerButton\" href=\"#\">Register<\/a><\/div><div class=\"hideLogDetail hero-buttonsChipsSection\" style=\"display:none;\"><a class=\"btn btn-theme \" href=\"https:\/\/organonpro.com\/fr-fr\/la-sante-au-feminin\/nos-medicaments-originals\/\" rel=\"noopener noreferrer\" target=\"_self\">Nos m\u00e9dicaments ORIGINALS<\/a><\/div><\/div><\/div><\/div><\/div><div class=\"hero-img  with-curve gatedEnable\"><img decoding=\"async\" src=\"https:\/\/organonpro.com\/fr-fr\/wp-content\/uploads\/sites\/3\/2022\/07\/organon_splash0-1.png\" alt=\"hero\"\/><\/div><\/section>\n\n\n\n\n    <section class=\"event-cards article-card\" id=\"event-cards-block_1abcadf1b81000563f4e62c974d241d7\">\n        <div class=\"container\">\n                            <div class=\"row justify-content-center\">\n                    <div class=\"col-xl-6 col-md-6 col-sm-12 text-center d-block\">\n                                                    <h2>Derni\u00e8res publications<\/h2>\n                                                                    <\/div>\n                <\/div>\n            \n            <div class=\"row\">\n                                        <div class=\"col-xl-4 col-md-6 col-sm-6\">\n                            <div class=\"event-card card ungated\">\n                                \n\n                                                                    <div class=\"card-image\">\n                                        <img decoding=\"async\" width=\"396\" height=\"185\" src=\"https:\/\/organonpro.com\/fr-fr\/wp-content\/uploads\/sites\/3\/2023\/09\/Visuel_Article_2_Pronostic-clinique-chez-les-patients-ages.png?w=396\" class=\"\" alt=\"\" loading=\"lazy\" srcset=\"https:\/\/organonpro.com\/fr-fr\/wp-content\/uploads\/sites\/3\/2023\/09\/Visuel_Article_2_Pronostic-clinique-chez-les-patients-ages.png 822w, https:\/\/organonpro.com\/fr-fr\/wp-content\/uploads\/sites\/3\/2023\/09\/Visuel_Article_2_Pronostic-clinique-chez-les-patients-ages.png?resize=300,140 300w, https:\/\/organonpro.com\/fr-fr\/wp-content\/uploads\/sites\/3\/2023\/09\/Visuel_Article_2_Pronostic-clinique-chez-les-patients-ages.png?resize=768,359 768w, https:\/\/organonpro.com\/fr-fr\/wp-content\/uploads\/sites\/3\/2023\/09\/Visuel_Article_2_Pronostic-clinique-chez-les-patients-ages.png?resize=270,126 270w, https:\/\/organonpro.com\/fr-fr\/wp-content\/uploads\/sites\/3\/2023\/09\/Visuel_Article_2_Pronostic-clinique-chez-les-patients-ages.png?resize=800,374 800w, https:\/\/organonpro.com\/fr-fr\/wp-content\/uploads\/sites\/3\/2023\/09\/Visuel_Article_2_Pronostic-clinique-chez-les-patients-ages.png?resize=400,187 400w, https:\/\/organonpro.com\/fr-fr\/wp-content\/uploads\/sites\/3\/2023\/09\/Visuel_Article_2_Pronostic-clinique-chez-les-patients-ages.png?resize=720,336 720w, https:\/\/organonpro.com\/fr-fr\/wp-content\/uploads\/sites\/3\/2023\/09\/Visuel_Article_2_Pronostic-clinique-chez-les-patients-ages.png?resize=375,175 375w, https:\/\/organonpro.com\/fr-fr\/wp-content\/uploads\/sites\/3\/2023\/09\/Visuel_Article_2_Pronostic-clinique-chez-les-patients-ages.png?resize=150,70 150w, https:\/\/organonpro.com\/fr-fr\/wp-content\/uploads\/sites\/3\/2023\/09\/Visuel_Article_2_Pronostic-clinique-chez-les-patients-ages.png?resize=396,185 396w, https:\/\/organonpro.com\/fr-fr\/wp-content\/uploads\/sites\/3\/2023\/09\/Visuel_Article_2_Pronostic-clinique-chez-les-patients-ages.png?resize=100,47 100w, https:\/\/organonpro.com\/fr-fr\/wp-content\/uploads\/sites\/3\/2023\/09\/Visuel_Article_2_Pronostic-clinique-chez-les-patients-ages.png?resize=338,158 338w, https:\/\/organonpro.com\/fr-fr\/wp-content\/uploads\/sites\/3\/2023\/09\/Visuel_Article_2_Pronostic-clinique-chez-les-patients-ages.png?resize=64,30 64w, https:\/\/organonpro.com\/fr-fr\/wp-content\/uploads\/sites\/3\/2023\/09\/Visuel_Article_2_Pronostic-clinique-chez-les-patients-ages.png?resize=616,288 616w, https:\/\/organonpro.com\/fr-fr\/wp-content\/uploads\/sites\/3\/2023\/09\/Visuel_Article_2_Pronostic-clinique-chez-les-patients-ages.png?resize=171,80 171w, https:\/\/organonpro.com\/fr-fr\/wp-content\/uploads\/sites\/3\/2023\/09\/Visuel_Article_2_Pronostic-clinique-chez-les-patients-ages.png?resize=174,81 174w, https:\/\/organonpro.com\/fr-fr\/wp-content\/uploads\/sites\/3\/2023\/09\/Visuel_Article_2_Pronostic-clinique-chez-les-patients-ages.png?resize=268,125 268w, https:\/\/organonpro.com\/fr-fr\/wp-content\/uploads\/sites\/3\/2023\/09\/Visuel_Article_2_Pronostic-clinique-chez-les-patients-ages.png?resize=535,250 535w, https:\/\/organonpro.com\/fr-fr\/wp-content\/uploads\/sites\/3\/2023\/09\/Visuel_Article_2_Pronostic-clinique-chez-les-patients-ages.png?resize=428,200 428w\" sizes=\"auto, (max-width: 396px) 100vw, 396px\" \/>                                                                            <\/div>\n                                                                <div class=\"card-body\">\n                                                                        \n                                                                                    <h5 class=\"card-title\">Pronostic clinique chez les patients \u00e2g\u00e9s pr\u00e9sentant une maladie coronaire : donn\u00e9es de l&#8217;\u00e9tude ISCHEMIA<\/h5>\n                                        \n                                    \n                                    \n                                                                        <ul class=\"card-formats\">\n                                                                                                                            <li class=\"card-format\">\n                                                <ion-icon name=\"medical\" role=\"img\" class=\"md hydrated\" aria-label=\"medical\"><\/ion-icon>\n                                                                                                        <span>\u00c9tudes<\/span>\n                                                                                            <\/li>\n                                                                                                                    <\/ul>\n                                    \n                                <\/div>\n\n\n\n                                                                    <div class=\"card-footer\">\n\n                                                                                    <a class=\"btn btn-smoke\" href=\"https:\/\/organonpro.com\/fr-fr\/news\/pronostic-clinique-chez-les-patients-ages-presentant-une-maladie-coronaire-donnees-de-letude-ischemia\/\"> Lire la suite<\/a>\n                                                                            <\/div>\n                                \n\n                            <\/div>\n                        <\/div>\n                                        <div class=\"col-xl-4 col-md-6 col-sm-6\">\n                            <div class=\"event-card card ungated\">\n                                \n\n                                                                    <div class=\"card-image\">\n                                        <img decoding=\"async\" width=\"396\" height=\"220\" src=\"https:\/\/organonpro.com\/fr-fr\/wp-content\/uploads\/sites\/3\/2023\/09\/Visuel_Article_3Pronostic-lie-au-sexe-de-linfarctus-du-myocarde-du-sujet-jeune.png?w=396\" class=\"\" alt=\"Pronostic, li\u00e9 au sexe, de l&#039;infarctus du myocarde du sujet jeune\" loading=\"lazy\" srcset=\"https:\/\/organonpro.com\/fr-fr\/wp-content\/uploads\/sites\/3\/2023\/09\/Visuel_Article_3Pronostic-lie-au-sexe-de-linfarctus-du-myocarde-du-sujet-jeune.png 665w, https:\/\/organonpro.com\/fr-fr\/wp-content\/uploads\/sites\/3\/2023\/09\/Visuel_Article_3Pronostic-lie-au-sexe-de-linfarctus-du-myocarde-du-sujet-jeune.png?resize=300,167 300w, https:\/\/organonpro.com\/fr-fr\/wp-content\/uploads\/sites\/3\/2023\/09\/Visuel_Article_3Pronostic-lie-au-sexe-de-linfarctus-du-myocarde-du-sujet-jeune.png?resize=226,126 226w, https:\/\/organonpro.com\/fr-fr\/wp-content\/uploads\/sites\/3\/2023\/09\/Visuel_Article_3Pronostic-lie-au-sexe-de-linfarctus-du-myocarde-du-sujet-jeune.png?resize=400,223 400w, https:\/\/organonpro.com\/fr-fr\/wp-content\/uploads\/sites\/3\/2023\/09\/Visuel_Article_3Pronostic-lie-au-sexe-de-linfarctus-du-myocarde-du-sujet-jeune.png?resize=375,209 375w, https:\/\/organonpro.com\/fr-fr\/wp-content\/uploads\/sites\/3\/2023\/09\/Visuel_Article_3Pronostic-lie-au-sexe-de-linfarctus-du-myocarde-du-sujet-jeune.png?resize=150,83 150w, https:\/\/organonpro.com\/fr-fr\/wp-content\/uploads\/sites\/3\/2023\/09\/Visuel_Article_3Pronostic-lie-au-sexe-de-linfarctus-du-myocarde-du-sujet-jeune.png?resize=396,220 396w, https:\/\/organonpro.com\/fr-fr\/wp-content\/uploads\/sites\/3\/2023\/09\/Visuel_Article_3Pronostic-lie-au-sexe-de-linfarctus-du-myocarde-du-sujet-jeune.png?resize=100,56 100w, https:\/\/organonpro.com\/fr-fr\/wp-content\/uploads\/sites\/3\/2023\/09\/Visuel_Article_3Pronostic-lie-au-sexe-de-linfarctus-du-myocarde-du-sujet-jeune.png?resize=284,158 284w, https:\/\/organonpro.com\/fr-fr\/wp-content\/uploads\/sites\/3\/2023\/09\/Visuel_Article_3Pronostic-lie-au-sexe-de-linfarctus-du-myocarde-du-sujet-jeune.png?resize=64,36 64w, https:\/\/organonpro.com\/fr-fr\/wp-content\/uploads\/sites\/3\/2023\/09\/Visuel_Article_3Pronostic-lie-au-sexe-de-linfarctus-du-myocarde-du-sujet-jeune.png?resize=616,343 616w, https:\/\/organonpro.com\/fr-fr\/wp-content\/uploads\/sites\/3\/2023\/09\/Visuel_Article_3Pronostic-lie-au-sexe-de-linfarctus-du-myocarde-du-sujet-jeune.png?resize=144,80 144w, https:\/\/organonpro.com\/fr-fr\/wp-content\/uploads\/sites\/3\/2023\/09\/Visuel_Article_3Pronostic-lie-au-sexe-de-linfarctus-du-myocarde-du-sujet-jeune.png?resize=174,97 174w, https:\/\/organonpro.com\/fr-fr\/wp-content\/uploads\/sites\/3\/2023\/09\/Visuel_Article_3Pronostic-lie-au-sexe-de-linfarctus-du-myocarde-du-sujet-jeune.png?resize=225,125 225w, https:\/\/organonpro.com\/fr-fr\/wp-content\/uploads\/sites\/3\/2023\/09\/Visuel_Article_3Pronostic-lie-au-sexe-de-linfarctus-du-myocarde-du-sujet-jeune.png?resize=449,250 449w, https:\/\/organonpro.com\/fr-fr\/wp-content\/uploads\/sites\/3\/2023\/09\/Visuel_Article_3Pronostic-lie-au-sexe-de-linfarctus-du-myocarde-du-sujet-jeune.png?resize=359,200 359w\" sizes=\"auto, (max-width: 396px) 100vw, 396px\" \/>                                                                            <\/div>\n                                                                <div class=\"card-body\">\n                                                                        \n                                                                                    <h5 class=\"card-title\">Pronostic, li\u00e9 au sexe, de l&#8217;infarctus du myocarde du sujet jeune<\/h5>\n                                        \n                                    \n                                    \n                                                                        <ul class=\"card-formats\">\n                                                                                                                            <li class=\"card-format\">\n                                                <ion-icon name=\"medical\" role=\"img\" class=\"md hydrated\" aria-label=\"medical\"><\/ion-icon>\n                                                                                                        <span>\u00c9tudes<\/span>\n                                                                                            <\/li>\n                                                                                                                    <\/ul>\n                                    \n                                <\/div>\n\n\n\n                                                                    <div class=\"card-footer\">\n\n                                                                                    <a class=\"btn btn-smoke\" href=\"https:\/\/organonpro.com\/fr-fr\/news\/pronostic-lie-au-sexe-de-linfarctus-du-myocarde-du-sujet-jeune\/\"> Lire la suite<\/a>\n                                                                            <\/div>\n                                \n\n                            <\/div>\n                        <\/div>\n                                        <div class=\"col-xl-4 col-md-6 col-sm-6\">\n                            <div class=\"event-card card ungated\">\n                                \n\n                                                                    <div class=\"card-image\">\n                                        <img decoding=\"async\" width=\"396\" height=\"211\" src=\"https:\/\/organonpro.com\/fr-fr\/wp-content\/uploads\/sites\/3\/2023\/09\/Visuel_Article_1_Tx_Remnants.png?w=396\" class=\"\" alt=\"Taux Remnants\" loading=\"lazy\" srcset=\"https:\/\/organonpro.com\/fr-fr\/wp-content\/uploads\/sites\/3\/2023\/09\/Visuel_Article_1_Tx_Remnants.png 867w, https:\/\/organonpro.com\/fr-fr\/wp-content\/uploads\/sites\/3\/2023\/09\/Visuel_Article_1_Tx_Remnants.png?resize=300,160 300w, https:\/\/organonpro.com\/fr-fr\/wp-content\/uploads\/sites\/3\/2023\/09\/Visuel_Article_1_Tx_Remnants.png?resize=768,410 768w, https:\/\/organonpro.com\/fr-fr\/wp-content\/uploads\/sites\/3\/2023\/09\/Visuel_Article_1_Tx_Remnants.png?resize=236,126 236w, https:\/\/organonpro.com\/fr-fr\/wp-content\/uploads\/sites\/3\/2023\/09\/Visuel_Article_1_Tx_Remnants.png?resize=800,427 800w, https:\/\/organonpro.com\/fr-fr\/wp-content\/uploads\/sites\/3\/2023\/09\/Visuel_Article_1_Tx_Remnants.png?resize=400,214 400w, https:\/\/organonpro.com\/fr-fr\/wp-content\/uploads\/sites\/3\/2023\/09\/Visuel_Article_1_Tx_Remnants.png?resize=720,384 720w, https:\/\/organonpro.com\/fr-fr\/wp-content\/uploads\/sites\/3\/2023\/09\/Visuel_Article_1_Tx_Remnants.png?resize=375,200 375w, https:\/\/organonpro.com\/fr-fr\/wp-content\/uploads\/sites\/3\/2023\/09\/Visuel_Article_1_Tx_Remnants.png?resize=150,80 150w, https:\/\/organonpro.com\/fr-fr\/wp-content\/uploads\/sites\/3\/2023\/09\/Visuel_Article_1_Tx_Remnants.png?resize=396,211 396w, https:\/\/organonpro.com\/fr-fr\/wp-content\/uploads\/sites\/3\/2023\/09\/Visuel_Article_1_Tx_Remnants.png?resize=100,53 100w, https:\/\/organonpro.com\/fr-fr\/wp-content\/uploads\/sites\/3\/2023\/09\/Visuel_Article_1_Tx_Remnants.png?resize=296,158 296w, https:\/\/organonpro.com\/fr-fr\/wp-content\/uploads\/sites\/3\/2023\/09\/Visuel_Article_1_Tx_Remnants.png?resize=64,34 64w, https:\/\/organonpro.com\/fr-fr\/wp-content\/uploads\/sites\/3\/2023\/09\/Visuel_Article_1_Tx_Remnants.png?resize=616,329 616w, https:\/\/organonpro.com\/fr-fr\/wp-content\/uploads\/sites\/3\/2023\/09\/Visuel_Article_1_Tx_Remnants.png?resize=174,93 174w, https:\/\/organonpro.com\/fr-fr\/wp-content\/uploads\/sites\/3\/2023\/09\/Visuel_Article_1_Tx_Remnants.png?resize=234,125 234w, https:\/\/organonpro.com\/fr-fr\/wp-content\/uploads\/sites\/3\/2023\/09\/Visuel_Article_1_Tx_Remnants.png?resize=468,250 468w\" sizes=\"auto, (max-width: 396px) 100vw, 396px\" \/>                                                                            <\/div>\n                                                                <div class=\"card-body\">\n                                                                        \n                                                                                    <h5 class=\"card-title\">Taux \u00e9lev\u00e9 de remnants du cholest\u00e9rol et de triglyc\u00e9rides associ\u00e9s \u00e0 la mortalit\u00e9 cardiovasculaire et non cardiovasculaire<\/h5>\n                                        \n                                    \n                                    \n                                                                        <ul class=\"card-formats\">\n                                                                                                                            <li class=\"card-format\">\n                                                <ion-icon name=\"medical\" role=\"img\" class=\"md hydrated\" aria-label=\"medical\"><\/ion-icon>\n                                                                                                        <span>\u00c9tudes<\/span>\n                                                                                            <\/li>\n                                                                                                                    <\/ul>\n                                    \n                                <\/div>\n\n\n\n                                                                    <div class=\"card-footer\">\n\n                                                                                    <a class=\"btn btn-smoke\" href=\"https:\/\/organonpro.com\/fr-fr\/news\/taux-eleve-de-remnants-du-cholesterol-et-de-triglycerides-associes-a-la-mortalite-cardiovasculaire-et-non-cardiovasculaire\/\"> Lire la suite<\/a>\n                                                                            <\/div>\n                                \n\n                            <\/div>\n                        <\/div>\n                \n            <\/div>\n                            <div class=\"col col-lg-12\">\n                    <div class=\"product-view view-block\">\n                        <a class=\"view-link\" href=\"\"><\/a>\n                    <\/div>\n                <\/div>\n                    <\/div>\n    <\/section>\n","protected":false},"excerpt":{"rendered":"","protected":false},"author":8,"featured_media":0,"parent":0,"menu_order":0,"comment_status":"closed","ping_status":"closed","template":"templates\/content-only.php","meta":{"_acf_changed":false,"footnotes":""},"class_list":["post-8","page","type-page","status-publish","hentry"],"acf":[],"yoast_head":"<!-- This site is optimized with the Yoast SEO Premium plugin v20.11 (Yoast SEO v26.6) - https:\/\/yoast.com\/wordpress\/plugins\/seo\/ -->\n<title>Bienvenue sur Organon Pro France - Un portail pour les professionnels de sant\u00e9<\/title>\n<meta name=\"description\" content=\"D\u00e9couvrez Organon PRO, le service d\u2019information m\u00e9dicale sur les aires th\u00e9rapeutiques, les m\u00e9dicaments et les services d&#039;Organon France.\" \/>\n<meta name=\"robots\" content=\"index, follow, max-snippet:-1, max-image-preview:large, max-video-preview:-1\" \/>\n<link rel=\"canonical\" href=\"https:\/\/organonpro.com\/fr-fr\/\" \/>\n<meta property=\"og:locale\" content=\"en_US\" \/>\n<meta property=\"og:type\" content=\"article\" \/>\n<meta property=\"og:title\" content=\"Home Page\" \/>\n<meta property=\"og:description\" content=\"D\u00e9couvrez Organon PRO, le service d\u2019information m\u00e9dicale sur les aires th\u00e9rapeutiques, les m\u00e9dicaments et les services d&#039;Organon France.\" \/>\n<meta property=\"og:url\" content=\"https:\/\/organonpro.com\/fr-fr\/\" \/>\n<meta property=\"og:site_name\" content=\"Organon Pro - France\" \/>\n<meta property=\"article:modified_time\" content=\"2023-09-27T14:32:31+00:00\" \/>\n<meta property=\"og:image\" content=\"https:\/\/organonpro.com\/fr-fr\/wp-content\/uploads\/sites\/3\/2022\/07\/organon_splash0-1.png\" \/>\n<meta name=\"twitter:card\" content=\"summary_large_image\" \/>\n<meta name=\"twitter:label1\" content=\"Est. reading time\" \/>\n\t<meta name=\"twitter:data1\" content=\"1 minute\" \/>\n<script type=\"application\/ld+json\" class=\"yoast-schema-graph\">{\"@context\":\"https:\/\/schema.org\",\"@graph\":[{\"@type\":\"WebPage\",\"@id\":\"https:\/\/organonpro.com\/fr-fr\/\",\"url\":\"https:\/\/organonpro.com\/fr-fr\/\",\"name\":\"Bienvenue sur Organon Pro France - Un portail pour les professionnels de sant\u00e9\",\"isPartOf\":{\"@id\":\"https:\/\/organonpro.com\/fr-fr\/#website\"},\"primaryImageOfPage\":{\"@id\":\"https:\/\/organonpro.com\/fr-fr\/#primaryimage\"},\"image\":{\"@id\":\"https:\/\/organonpro.com\/fr-fr\/#primaryimage\"},\"thumbnailUrl\":\"https:\/\/organonpro.com\/fr-fr\/wp-content\/uploads\/sites\/3\/2022\/07\/organon_splash0-1.png\",\"datePublished\":\"2022-07-06T07:56:21+00:00\",\"dateModified\":\"2023-09-27T14:32:31+00:00\",\"description\":\"D\u00e9couvrez Organon PRO, le service d\u2019information m\u00e9dicale sur les aires th\u00e9rapeutiques, les m\u00e9dicaments et les services d'Organon France.\",\"breadcrumb\":{\"@id\":\"https:\/\/organonpro.com\/fr-fr\/#breadcrumb\"},\"inLanguage\":\"en-US\",\"potentialAction\":[{\"@type\":\"ReadAction\",\"target\":[\"https:\/\/organonpro.com\/fr-fr\/\"]}]},{\"@type\":\"ImageObject\",\"inLanguage\":\"en-US\",\"@id\":\"https:\/\/organonpro.com\/fr-fr\/#primaryimage\",\"url\":\"https:\/\/organonpro.com\/fr-fr\/wp-content\/uploads\/sites\/3\/2022\/07\/organon_splash0-1.png\",\"contentUrl\":\"https:\/\/organonpro.com\/fr-fr\/wp-content\/uploads\/sites\/3\/2022\/07\/organon_splash0-1.png\",\"width\":976,\"height\":526},{\"@type\":\"BreadcrumbList\",\"@id\":\"https:\/\/organonpro.com\/fr-fr\/#breadcrumb\",\"itemListElement\":[{\"@type\":\"ListItem\",\"position\":1,\"name\":\"Home\",\"item\":\"https:\/\/organonpro.com\/fr-fr\/\"},{\"@type\":\"ListItem\",\"position\":2,\"name\":\"Home Page\"}]},{\"@type\":\"WebSite\",\"@id\":\"https:\/\/organonpro.com\/fr-fr\/#website\",\"url\":\"https:\/\/organonpro.com\/fr-fr\/\",\"name\":\"Organon Pro - France\",\"description\":\"Organon Pro - France\",\"potentialAction\":[{\"@type\":\"SearchAction\",\"target\":{\"@type\":\"EntryPoint\",\"urlTemplate\":\"https:\/\/organonpro.com\/fr-fr\/?s={search_term_string}\"},\"query-input\":{\"@type\":\"PropertyValueSpecification\",\"valueRequired\":true,\"valueName\":\"search_term_string\"}}],\"inLanguage\":\"en-US\"}]}<\/script>\n<!-- \/ Yoast SEO Premium plugin. -->","yoast_head_json":{"title":"Bienvenue sur Organon Pro France - Un portail pour les professionnels de sant\u00e9","description":"D\u00e9couvrez Organon PRO, le service d\u2019information m\u00e9dicale sur les aires th\u00e9rapeutiques, les m\u00e9dicaments et les services d'Organon France.","robots":{"index":"index","follow":"follow","max-snippet":"max-snippet:-1","max-image-preview":"max-image-preview:large","max-video-preview":"max-video-preview:-1"},"canonical":"https:\/\/organonpro.com\/fr-fr\/","og_locale":"en_US","og_type":"article","og_title":"Home Page","og_description":"D\u00e9couvrez Organon PRO, le service d\u2019information m\u00e9dicale sur les aires th\u00e9rapeutiques, les m\u00e9dicaments et les services d'Organon France.","og_url":"https:\/\/organonpro.com\/fr-fr\/","og_site_name":"Organon Pro - France","article_modified_time":"2023-09-27T14:32:31+00:00","og_image":[{"url":"https:\/\/organonpro.com\/fr-fr\/wp-content\/uploads\/sites\/3\/2022\/07\/organon_splash0-1.png","type":"","width":"","height":""}],"twitter_card":"summary_large_image","twitter_misc":{"Est. reading time":"1 minute"},"schema":{"@context":"https:\/\/schema.org","@graph":[{"@type":"WebPage","@id":"https:\/\/organonpro.com\/fr-fr\/","url":"https:\/\/organonpro.com\/fr-fr\/","name":"Bienvenue sur Organon Pro France - Un portail pour les professionnels de sant\u00e9","isPartOf":{"@id":"https:\/\/organonpro.com\/fr-fr\/#website"},"primaryImageOfPage":{"@id":"https:\/\/organonpro.com\/fr-fr\/#primaryimage"},"image":{"@id":"https:\/\/organonpro.com\/fr-fr\/#primaryimage"},"thumbnailUrl":"https:\/\/organonpro.com\/fr-fr\/wp-content\/uploads\/sites\/3\/2022\/07\/organon_splash0-1.png","datePublished":"2022-07-06T07:56:21+00:00","dateModified":"2023-09-27T14:32:31+00:00","description":"D\u00e9couvrez Organon PRO, le service d\u2019information m\u00e9dicale sur les aires th\u00e9rapeutiques, les m\u00e9dicaments et les services d'Organon France.","breadcrumb":{"@id":"https:\/\/organonpro.com\/fr-fr\/#breadcrumb"},"inLanguage":"en-US","potentialAction":[{"@type":"ReadAction","target":["https:\/\/organonpro.com\/fr-fr\/"]}]},{"@type":"ImageObject","inLanguage":"en-US","@id":"https:\/\/organonpro.com\/fr-fr\/#primaryimage","url":"https:\/\/organonpro.com\/fr-fr\/wp-content\/uploads\/sites\/3\/2022\/07\/organon_splash0-1.png","contentUrl":"https:\/\/organonpro.com\/fr-fr\/wp-content\/uploads\/sites\/3\/2022\/07\/organon_splash0-1.png","width":976,"height":526},{"@type":"BreadcrumbList","@id":"https:\/\/organonpro.com\/fr-fr\/#breadcrumb","itemListElement":[{"@type":"ListItem","position":1,"name":"Home","item":"https:\/\/organonpro.com\/fr-fr\/"},{"@type":"ListItem","position":2,"name":"Home Page"}]},{"@type":"WebSite","@id":"https:\/\/organonpro.com\/fr-fr\/#website","url":"https:\/\/organonpro.com\/fr-fr\/","name":"Organon Pro - France","description":"Organon Pro - France","potentialAction":[{"@type":"SearchAction","target":{"@type":"EntryPoint","urlTemplate":"https:\/\/organonpro.com\/fr-fr\/?s={search_term_string}"},"query-input":{"@type":"PropertyValueSpecification","valueRequired":true,"valueName":"search_term_string"}}],"inLanguage":"en-US"}]}},"jetpack_sharing_enabled":true,"_links":{"self":[{"href":"https:\/\/organonpro.com\/fr-fr\/wp-json\/wp\/v2\/pages\/8","targetHints":{"allow":["GET"]}}],"collection":[{"href":"https:\/\/organonpro.com\/fr-fr\/wp-json\/wp\/v2\/pages"}],"about":[{"href":"https:\/\/organonpro.com\/fr-fr\/wp-json\/wp\/v2\/types\/page"}],"author":[{"embeddable":true,"href":"https:\/\/organonpro.com\/fr-fr\/wp-json\/wp\/v2\/users\/8"}],"replies":[{"embeddable":true,"href":"https:\/\/organonpro.com\/fr-fr\/wp-json\/wp\/v2\/comments?post=8"}],"version-history":[{"count":47,"href":"https:\/\/organonpro.com\/fr-fr\/wp-json\/wp\/v2\/pages\/8\/revisions"}],"predecessor-version":[{"id":9282,"href":"https:\/\/organonpro.com\/fr-fr\/wp-json\/wp\/v2\/pages\/8\/revisions\/9282"}],"wp:attachment":[{"href":"https:\/\/organonpro.com\/fr-fr\/wp-json\/wp\/v2\/media?parent=8"}],"curies":[{"name":"wp","href":"https:\/\/api.w.org\/{rel}","templated":true}]}}