{"id":56,"date":"2022-07-06T10:15:17","date_gmt":"2022-07-06T10:15:17","guid":{"rendered":"https:\/\/vip-organon-connect-com-testing.go-vip.net\/fr-fr\/?page_id=56"},"modified":"2025-09-11T15:08:17","modified_gmt":"2025-09-11T14:08:17","slug":"accueil","status":"publish","type":"page","link":"https:\/\/organonpro.com\/fr-fr\/infomed\/accueil\/","title":{"rendered":"Accueil"},"content":{"rendered":"\n<div style=\"height:60px\" aria-hidden=\"true\" class=\"wp-block-spacer\"><\/div>\n\n\n<section class=\"gb-content-editor content-editor \" id=\"gb-content-editor\">\n\t<div class=\"container\">\n\t\t\t\t<div class=\"row justify-content-center\">\n\t\t\t<div class=\"col-xl-12 col-md-12 col-sm-12 content-col\">\n\t\t\t\t<p><strong>Information m\u00e9dicale<\/strong><\/p>\n<p>Pour toute d\u00e9claration d&#8217;\u00e9v\u00e9nement ind\u00e9sirable, r\u00e9clamation qualit\u00e9 ou autre signalement avec nos m\u00e9dicaments Organon (ex : grossesse) et pour toutes autres demandes d&#8217;informations, merci de nous contacter par e-mail \u00e0 <a href=\"mailto:info.medicale.fr@organon.com\" target=\"_blank\" rel=\"noopener\">info.medicale.fr@organon.com<\/a> par t\u00e9l\u00e9phone au : 01 57 77 32 00. Vous pouvez \u00e9galement d\u00e9clarer tout effet ind\u00e9sirable suspect\u00e9 via le syst\u00e8me national de d\u00e9claration : ANSM et r\u00e9seau des C.R.P.V. &#8211; Site internet : <a href=\"http:\/\/www.signalement-sante.gouv.fr\/\">http:\/\/www.signalement-sante.gouv.fr\/<\/a><br \/>\nPour des informations compl\u00e8tes sur nos m\u00e9dicaments, veuillez consulter les RCP et notices patients disponibles sur le site <a href=\"http:\/\/base-donnees-publique.medicaments.gouv.fr\/\">http:\/\/base-donnees-publique.medicaments.gouv.fr\/<\/a><\/p>\n\t\t\t<\/div>\n\t\t<\/div>\n\t<\/div>\n<\/section>\n\n<div data-post_type=\"article\" data-show_image=\"1\" data-show_article_type=\"1\" data-show_article_title=\"1\" data-show_post_description=\"1\" data-show_category=\"1\" data-show_view_button=\"1\" data-view_button_text=\"Lire la suite\" data-show_more_label=\"En voir plus\" data-showing_page_label=\"hors de\" data-title=\"\" data-description=\"\" data-show_search=\"false\" data-search_placeholder=\"\" data-show_sorting=\"false\" data-default_sorting=\"meta_value_num\" data-default_sorting_order=\"desc\" data-sorting_label=\"\" data-view_all_label=\"\" data-featured_label=\"\" data-show_filter=\"false\" data-apply_filter_button_label=\"Apply Filters\" data-add_filter_section_heading=\"Add Filters\" data-apply_filter_global_button_label=\"Apply Filters\" data-apply_filter_global_mobile_button_label=\"Filters\" data-clear_filter_button_label=\"Clear Filters\" data-post_filter_by=\"all\" data-show_date=\"true\" data-show_time=\"false\" data-show_available_until=\"false\" data-available_until_text=\"Available Until\" data-show_reading_time=\"false\" data-show-pageination=\"false\" data-showpage-object-items-per-page=\"12\" data-search_formazione=\"Search formazione\" data-search_formazione_description=\"You are currently searching within selected filters\" data-search_formazione_link=\"Search all formazione\" data-no_article_found=\"No Post found\" data-acl_enable_advanced_settings=\"false\" data-acl_fill_the_image_box=\"false\" data-acl_hide_image_on_mobile=\"false\" data-acl_title_heading_tag=\"h1\" data-acl_card_title_heading_tag=\"h5\" data-acl_card_subtitle_heading_tag=\"h6\" data-acl_desktop_margin_top=\"0\" data-acl_desktop_margin_bottom=\"0\" data-acl_desktop_padding_top=\"\" data-acl_desktop_padding_bottom=\"\" data-acl_mobile_margin_top=\"0\" data-acl_mobile_margin_bottom=\"0\" data-acl_mobile_padding_top=\"\" data-acl_mobile_padding_bottom=\"\" data-uuid=\"false\" data-url=\"https:\/\/organonpro.com\/fr-fr\/wp-content\/themes\/organon-connect-master\" class=\"wp-block-orc2-advanced-article-card-listing-react\"><\/div>\n\n\n<p><\/p>\n","protected":false},"excerpt":{"rendered":"","protected":false},"author":8,"featured_media":0,"parent":51,"menu_order":0,"comment_status":"closed","ping_status":"closed","template":"templates\/content-only.php","meta":{"_acf_changed":false,"footnotes":""},"class_list":["post-56","page","type-page","status-publish","hentry"],"acf":[],"yoast_head":"<!-- This site is optimized with the Yoast SEO Premium plugin v20.11 (Yoast SEO v26.6) - https:\/\/yoast.com\/wordpress\/plugins\/seo\/ -->\n<title>Espace Information m\u00e9dicale Organon Pro - France<\/title>\n<meta name=\"robots\" content=\"index, follow, max-snippet:-1, max-image-preview:large, max-video-preview:-1\" \/>\n<link rel=\"canonical\" href=\"https:\/\/organonpro.com\/fr-fr\/infomed\/accueil\/\" \/>\n<meta property=\"og:locale\" content=\"en_US\" \/>\n<meta property=\"og:type\" content=\"article\" \/>\n<meta property=\"og:title\" content=\"Accueil\" \/>\n<meta property=\"og:url\" content=\"https:\/\/organonpro.com\/fr-fr\/infomed\/accueil\/\" \/>\n<meta property=\"og:site_name\" content=\"Organon Pro - France\" \/>\n<meta property=\"article:modified_time\" content=\"2025-09-11T14:08:17+00:00\" \/>\n<meta property=\"og:image\" content=\"https:\/\/organonpro.com\/fr-fr\/wp-content\/uploads\/sites\/3\/2022\/12\/organon-pro-og-img.png\" \/>\n\t<meta property=\"og:image:width\" content=\"1200\" \/>\n\t<meta property=\"og:image:height\" content=\"630\" \/>\n\t<meta property=\"og:image:type\" content=\"image\/png\" \/>\n<meta name=\"twitter:card\" content=\"summary_large_image\" \/>\n<script type=\"application\/ld+json\" class=\"yoast-schema-graph\">{\"@context\":\"https:\/\/schema.org\",\"@graph\":[{\"@type\":\"WebPage\",\"@id\":\"https:\/\/organonpro.com\/fr-fr\/infomed\/accueil\/\",\"url\":\"https:\/\/organonpro.com\/fr-fr\/infomed\/accueil\/\",\"name\":\"Espace Information m\u00e9dicale Organon Pro - France\",\"isPartOf\":{\"@id\":\"https:\/\/organonpro.com\/fr-fr\/#website\"},\"datePublished\":\"2022-07-06T10:15:17+00:00\",\"dateModified\":\"2025-09-11T14:08:17+00:00\",\"breadcrumb\":{\"@id\":\"https:\/\/organonpro.com\/fr-fr\/infomed\/accueil\/#breadcrumb\"},\"inLanguage\":\"en-US\",\"potentialAction\":[{\"@type\":\"ReadAction\",\"target\":[\"https:\/\/organonpro.com\/fr-fr\/infomed\/accueil\/\"]}]},{\"@type\":\"BreadcrumbList\",\"@id\":\"https:\/\/organonpro.com\/fr-fr\/infomed\/accueil\/#breadcrumb\",\"itemListElement\":[{\"@type\":\"ListItem\",\"position\":1,\"name\":\"Home\",\"item\":\"https:\/\/organonpro.com\/fr-fr\/\"},{\"@type\":\"ListItem\",\"position\":2,\"name\":\"Infomed\",\"item\":\"https:\/\/organonpro.com\/fr-fr\/infomed\/\"},{\"@type\":\"ListItem\",\"position\":3,\"name\":\"Accueil\"}]},{\"@type\":\"WebSite\",\"@id\":\"https:\/\/organonpro.com\/fr-fr\/#website\",\"url\":\"https:\/\/organonpro.com\/fr-fr\/\",\"name\":\"Organon Pro - France\",\"description\":\"Organon Pro - France\",\"potentialAction\":[{\"@type\":\"SearchAction\",\"target\":{\"@type\":\"EntryPoint\",\"urlTemplate\":\"https:\/\/organonpro.com\/fr-fr\/?s={search_term_string}\"},\"query-input\":{\"@type\":\"PropertyValueSpecification\",\"valueRequired\":true,\"valueName\":\"search_term_string\"}}],\"inLanguage\":\"en-US\"}]}<\/script>\n<!-- \/ Yoast SEO Premium plugin. -->","yoast_head_json":{"title":"Espace Information m\u00e9dicale Organon Pro - France","robots":{"index":"index","follow":"follow","max-snippet":"max-snippet:-1","max-image-preview":"max-image-preview:large","max-video-preview":"max-video-preview:-1"},"canonical":"https:\/\/organonpro.com\/fr-fr\/infomed\/accueil\/","og_locale":"en_US","og_type":"article","og_title":"Accueil","og_url":"https:\/\/organonpro.com\/fr-fr\/infomed\/accueil\/","og_site_name":"Organon Pro - France","article_modified_time":"2025-09-11T14:08:17+00:00","og_image":[{"width":1200,"height":630,"url":"https:\/\/organonpro.com\/fr-fr\/wp-content\/uploads\/sites\/3\/2022\/12\/organon-pro-og-img.png","type":"image\/png"}],"twitter_card":"summary_large_image","schema":{"@context":"https:\/\/schema.org","@graph":[{"@type":"WebPage","@id":"https:\/\/organonpro.com\/fr-fr\/infomed\/accueil\/","url":"https:\/\/organonpro.com\/fr-fr\/infomed\/accueil\/","name":"Espace Information m\u00e9dicale Organon Pro - France","isPartOf":{"@id":"https:\/\/organonpro.com\/fr-fr\/#website"},"datePublished":"2022-07-06T10:15:17+00:00","dateModified":"2025-09-11T14:08:17+00:00","breadcrumb":{"@id":"https:\/\/organonpro.com\/fr-fr\/infomed\/accueil\/#breadcrumb"},"inLanguage":"en-US","potentialAction":[{"@type":"ReadAction","target":["https:\/\/organonpro.com\/fr-fr\/infomed\/accueil\/"]}]},{"@type":"BreadcrumbList","@id":"https:\/\/organonpro.com\/fr-fr\/infomed\/accueil\/#breadcrumb","itemListElement":[{"@type":"ListItem","position":1,"name":"Home","item":"https:\/\/organonpro.com\/fr-fr\/"},{"@type":"ListItem","position":2,"name":"Infomed","item":"https:\/\/organonpro.com\/fr-fr\/infomed\/"},{"@type":"ListItem","position":3,"name":"Accueil"}]},{"@type":"WebSite","@id":"https:\/\/organonpro.com\/fr-fr\/#website","url":"https:\/\/organonpro.com\/fr-fr\/","name":"Organon Pro - France","description":"Organon Pro - France","potentialAction":[{"@type":"SearchAction","target":{"@type":"EntryPoint","urlTemplate":"https:\/\/organonpro.com\/fr-fr\/?s={search_term_string}"},"query-input":{"@type":"PropertyValueSpecification","valueRequired":true,"valueName":"search_term_string"}}],"inLanguage":"en-US"}]}},"jetpack_sharing_enabled":true,"_links":{"self":[{"href":"https:\/\/organonpro.com\/fr-fr\/wp-json\/wp\/v2\/pages\/56","targetHints":{"allow":["GET"]}}],"collection":[{"href":"https:\/\/organonpro.com\/fr-fr\/wp-json\/wp\/v2\/pages"}],"about":[{"href":"https:\/\/organonpro.com\/fr-fr\/wp-json\/wp\/v2\/types\/page"}],"author":[{"embeddable":true,"href":"https:\/\/organonpro.com\/fr-fr\/wp-json\/wp\/v2\/users\/8"}],"replies":[{"embeddable":true,"href":"https:\/\/organonpro.com\/fr-fr\/wp-json\/wp\/v2\/comments?post=56"}],"version-history":[{"count":74,"href":"https:\/\/organonpro.com\/fr-fr\/wp-json\/wp\/v2\/pages\/56\/revisions"}],"predecessor-version":[{"id":10224,"href":"https:\/\/organonpro.com\/fr-fr\/wp-json\/wp\/v2\/pages\/56\/revisions\/10224"}],"up":[{"embeddable":true,"href":"https:\/\/organonpro.com\/fr-fr\/wp-json\/wp\/v2\/pages\/51"}],"wp:attachment":[{"href":"https:\/\/organonpro.com\/fr-fr\/wp-json\/wp\/v2\/media?parent=56"}],"curies":[{"name":"wp","href":"https:\/\/api.w.org\/{rel}","templated":true}]}}