{"id":34,"date":"2022-07-06T09:36:58","date_gmt":"2022-07-06T09:36:58","guid":{"rendered":"https:\/\/vip-organon-connect-com-testing.go-vip.net\/fr-fr\/?page_id=34"},"modified":"2023-07-31T14:17:11","modified_gmt":"2023-07-31T13:17:11","slug":"conditions-dutilisation","status":"publish","type":"page","link":"https:\/\/organonpro.com\/fr-fr\/conditions-dutilisation\/","title":{"rendered":"Conditions d&#8217;utilisation"},"content":{"rendered":"\n<p>En vigueur \u00e0 compter du 15\/12\/2022<\/p>\n\n\n\n<p><strong>Veuillez lire attentivement les pr\u00e9sentes conditions d&#8217;utilisation avant d&#8217;utiliser le portail Organon Pro. En utilisant Organon Pro, vous acceptez ces conditions d&#8217;utilisation.<\/strong><\/p>\n\n\n\n<p>Bienvenue sur Organon Pro France. Ce site appartient et est exploit\u00e9 par Organon France, ci-apr\u00e8s &#8220;Organon&#8221;, filiale du groupe Organon &amp; Co, Jersey City, NJ, U.S.A. (ci-apr\u00e8s \u00ab Organon &amp; Co \u00bb). Le Groupe Organon &amp; Co. d\u00e9couvre, d\u00e9veloppe, fabrique et commercialise des m\u00e9dicaments.<\/p>\n\n\n\n<h2 class=\"wp-block-heading\">D\u00e9finition :<\/h2>\n\n\n\n<p>Portail : Le Portail d\u00e9signe le site Internet www.organonpro.com\/fr-fr\/ (ci-apr\u00e8s &#8220;Site&#8221;).<\/p>\n\n\n\n<p>Utilisateur : L&#8217;Utilisateur est toute personne qui utilise le Site ou l&#8217;un des services propos\u00e9s sur le Site.<\/p>\n\n\n\n<p>Produit : le terme produit d\u00e9signe une substance pharmacologiquement active ou un dispositif m\u00e9dical.<\/p>\n\n\n\n<h3 class=\"wp-block-heading\">1. Acceptation<\/h3>\n\n\n\n<p>En utilisant le portail Organon Pro (ci-apr\u00e8s : le \u00ab Portail \u00bb), vous acceptez d&#8217;\u00eatre li\u00e9 par et de respecter les pr\u00e9sentes conditions g\u00e9n\u00e9rales d&#8217;utilisation (ci-apr\u00e8s : \u00ab CGU \u00bb). Organon se r\u00e9serve le droit de modifier ces CGU si n\u00e9cessaire. La date d&#8217;effet des CGU modifi\u00e9es sera syst\u00e9matiquement signal\u00e9e dans les CGU. Vous pouvez visualiser la version en vigueur des CGU \u00e0 tout moment gr\u00e2ce \u00e0 un lien situ\u00e9 en bas de chaque page de du Site.<\/p>\n\n\n\n<h3 class=\"wp-block-heading\">2. Domaine d&#8217;application<\/h3>\n\n\n\n<p>Les pr\u00e9sentes CGU d&#8217;utilisation s&#8217;appliquent uniquement \u00e0 votre utilisation de Organon Pro. Organon exploite d&#8217;autres sites web qui sont r\u00e9gis par leurs propres conditions sp\u00e9cifi\u00e9es sur ces sites. Les r\u00e9f\u00e9rences \u00e0 \u00ab Organon \u00bb s&#8217;appliquent \u00e0 l&#8217;activit\u00e9 pharmaceutique de Organon.<\/p>\n\n\n\n<h3 class=\"wp-block-heading\">3. Description du service<\/h3>\n\n\n\n<p>Organon Pro est un site internet qui permet &nbsp;aux professionnels de sant\u00e9 de consulter de l\u2019information m\u00e9dicale sur diff\u00e9rents produits commercialis\u00e9s par Organon ainsi que des informations sur les aires th\u00e9rapeutiques associ\u00e9es, ou non, ainsi qu\u2019\u00e0 divers services. Il permet aussi aux non professionnels de sant\u00e9 d\u2019acc\u00e9der \u00e0 de l\u2019information m\u00e9dicale sur diff\u00e9rentes pathologies, conditions, sans aucun aspects promotionnels. Toutes les informations concernant les produits Organon, contenues sur ce Site sont destin\u00e9es \u00e0 des adultes, professionnels de sant\u00e9 d\u00fbment habilit\u00e9s \u00e0 pratiquer en France. Les informations contenues sur ce Site ne sont en aucun cas destin\u00e9es \u00e0 se substituer \u00e0 votre propre avis m\u00e9dical. En tant que professionnel de sant\u00e9, vous devez faire appel \u00e0 votre propre jugement professionnel afin d&#8217;\u00e9valuer les informations fournies. Nous vous recommandons \u00e9galement de consulter d&#8217;autres sources et r\u00e9f\u00e9rences professionnelles avant toute analyse ou d\u00e9cision de traitement. Votre acc\u00e8s utilisation \u00e0 des informations contenues dans le Site et l\u2019utilisation que vous pourrez en faire, sont soumis aux pr\u00e9sentes CGU et \u00e0 toute loi ou r\u00e9glementation applicable.<\/p>\n\n\n\n<h3 class=\"wp-block-heading\">4. Engagement<\/h3>\n\n\n\n<p>En vous inscrivant \u00e0 &nbsp;Organon Pro, vous \u00eates responsable de l&#8217;exactitude des informations que vous nous fournissez y compris, de votre num\u00e9ro d&#8217;inscription \u00e0 votre ordre professionnel. En outre, vous garantissez \u00eatre un professionnel de sant\u00e9 d\u00fbment habilit\u00e9 \u00e0 pratiquer en France. Vous acceptez \u00e9galement de respecter les r\u00e8gles d&#8217;utilisation du Site.<\/p>\n\n\n\n<p>Le compte personnel d&#8217;un utilisateur comprend notamment ses identifiants, confi\u00e9s par Organon, qui sont plac\u00e9s sous la responsabilit\u00e9 exclusive de l&#8217;utilisateur. L&#8217;utilisateur s&#8217;oblige \u00e0 les conserver secrets et \u00e0 ne pas les divulguer sous quelque forme que ce soit \u00e0 des tiers non autoris\u00e9s. L&#8217;utilisateur est seul responsable de l&#8217;utilisation qui est faite de ses identifiants, m\u00eame si l&#8217;utilisateur pr\u00e9enregistre sur son ordinateur ou sur n&#8217;importe quel autre type d&#8217;\u00e9quipement son identifiant, permettant ainsi la connexion automatique au site Organon Pro.<\/p>\n\n\n\n<p>Tout acc\u00e8s, utilisation du Portail et transmission de donn\u00e9es effectu\u00e9s \u00e0 partir du compte d&#8217;un utilisateur sera r\u00e9put\u00e9 avoir \u00e9t\u00e9 effectu\u00e9 par ce dernier. La sauvegarde de la confidentialit\u00e9 du mot de passe confi\u00e9 \u00e0 l&#8217;utilisateur rel\u00e8ve de l&#8217;enti\u00e8re responsabilit\u00e9 de ce dernier.<\/p>\n\n\n\n<p>Toute perte, d\u00e9tournement ou utilisation non autoris\u00e9e des identifiants d&#8217;un utilisateur et leurs cons\u00e9quences rel\u00e8vent de la seule responsabilit\u00e9 de cet utilisateur. Dans tous les cas mentionn\u00e9s ci-dessus, l&#8217;utilisateur est tenu d&#8217;en avertir Organon, sans d\u00e9lai, par la hotline ou par message \u00e9lectronique, \u00e0 l&#8217;adresse suivante : <a href=\"mailto:contact@organonconnect.fr\">contact@organonconnect.fr<\/a>, afin que Organon puisse proc\u00e9der \u00e0 la suppression de l\u2019identifiant ou du mot de passe concern\u00e9.<\/p>\n\n\n\n<h3 class=\"wp-block-heading\">5. Pharmacovigilance et autre signalement<\/h3>\n\n\n\n<p>Ces informations sont fournies \u00e0 titre de service de contact et ne remplacent pas les conseils d&#8217;un professionnel de sant\u00e9. Organon ne peut pas r\u00e9pondre aux questions concernant les informations m\u00e9dicales g\u00e9n\u00e9rales ou votre \u00e9tat de sant\u00e9 personnel. Pour cela, veuillez consulter un professionnel de la sant\u00e9.<\/p>\n\n\n\n<p>Si vous souhaitez obtenir des informations sur nos produits de sant\u00e9, effectuer une r\u00e9clamation sur la qualit\u00e9 de nos produits ou nous signaler des effets ind\u00e9sirables survenus pendant la prise de l\u2019un de nos produits de sant\u00e9, veuillez nous contacter par :<\/p>\n\n\n\n<p><strong>Information M\u00e9dicale Organon France<\/strong><\/p>\n\n\n\n<p><strong>T\u00e9l\u00e9phone : 01 57 77 32 00<\/strong><\/p>\n\n\n\n<p><strong>Mail : <a href=\"mailto:info.medicale.fr@organon.com\">info.medicale.fr@organon.com<\/a><\/strong><\/p>\n\n\n\n<p><strong>Courrier : Organon France, 106 boulevard HAUSSMANN 75008 Paris<\/strong><\/p>\n\n\n\n<h3 class=\"wp-block-heading\">6. Inscription et confidentialit\u00e9<\/h3>\n\n\n\n<p>Veuillez consulter notre <a href=\"https:\/\/www.organon.com\/privacy\/fra\/\">Politique de confidentialit\u00e9<\/a> sur Internet pour obtenir des informations sur nos processus d&#8217;inscription et de protection de vos donn\u00e9es personnelles. Vos donn\u00e9es peuvent \u00eatre notamment communiqu\u00e9es aux instances ordinales et\/ou professionnelles et publi\u00e9es en ligne, dans le cadre des dispositions r\u00e9glementaires ou de proc\u00e9dures de groupe relatives \u00e0 la transparence des liens avec l\u2018industrie pharmaceutique.<\/p>\n\n\n\n<h3 class=\"wp-block-heading\">7. Propri\u00e9t\u00e9 intellectuelle<\/h3>\n\n\n\n<p>Toutes les marques, tous les logos, dessins, illustrations, slogans et graphismes apparaissant sur Organon Pro, sous quelque forme que ce soit, sont la propri\u00e9t\u00e9 de Organon &amp; Co. ou de ses filiales, ou sont utilis\u00e9s sous licence. Organon Pro peut \u00e9galement inclure des r\u00e9f\u00e9rences \u00e0 des brevets, technologies, produits, processus dont les droits sont r\u00e9serv\u00e9s par Organon ou un tiers. Aucun droit sur de tels \u00e9l\u00e9ments ne vous est conf\u00e9r\u00e9 dans le cadre de votre utilisation de Organon Pro. Vous ne pouvez diffuser, modifier, transmettre, mettre en ligne, repr\u00e9senter le contenu de Organon Pro, et notamment les textes, images et vid\u00e9os, sans l&#8217;autorisation \u00e9crite de Organon. Vous devez consid\u00e9rer que chaque \u00e9l\u00e9ment pr\u00e9sent sur Organon Pro est soumis au droit d&#8217;auteur, sauf indication contraire, et ne peut \u00eatre utilis\u00e9, hors les cas pr\u00e9vus sur le Site ou dans les pr\u00e9sentes CGU, sans l&#8217;autorisation \u00e9crite de Organon. Organon ne peut garantir que votre utilisation des \u00e9l\u00e9ments pr\u00e9sents sur Organon Pro n&#8217;enfreindra pas les droits de tiers.<\/p>\n\n\n\n<h3 class=\"wp-block-heading\">8. Exclusion de responsabilit\u00e9<\/h3>\n\n\n\n<p>Organon ne fournit aucune garantie expresse ou implicite, sans que cette \u00e9num\u00e9ration ne soit limitative, concernant la continuit\u00e9, la performance, la p\u00e9rennit\u00e9, la qualit\u00e9 ou l&#8217;absence de vice ou de d\u00e9faut de Organon Pro, l&#8217;\u00e9viction et la non violation des lois et r\u00e8glements ou des pr\u00e9sentes CGU par les utilisateurs.<\/p>\n\n\n\n<p>L&#8217;Utilisateur reconna\u00eet que son utilisation du portail Organon Pro se fait \u00e0 ses risques et p\u00e9rils. Organon Pro lui est fourni \u00ab en l&#8217;\u00e9tat \u00bb et est accessible sans aucune garantie de disponibilit\u00e9 et de r\u00e9gularit\u00e9. Organon s&#8217;efforcera de rendre Organon Pro accessible 24 heures sur 24, sept jours sur sept, sauf en cas de force majeure ou d&#8217;un \u00e9v\u00e9nement hors du contr\u00f4le de Organon et sous r\u00e9serve des p\u00e9riodes de maintenance, des pannes \u00e9ventuelles, des al\u00e9as techniques li\u00e9s \u00e0 la nature du r\u00e9seau internet ou des actes de malveillance ou toute atteinte port\u00e9e au mat\u00e9riel ou aux logiciels de Organon.<\/p>\n\n\n\n<p>Organon ne pourra en aucun cas \u00eatre tenu pour responsable en raison d&#8217;une interruption de Organon Pro quelles que soient les causes, la dur\u00e9e ou la fr\u00e9quence de cette interruption.<\/p>\n\n\n\n<h3 class=\"wp-block-heading\">9. Cons\u00e9quences<\/h3>\n\n\n\n<p>Organon se r\u00e9serve le droit de suspendre ou de mettre fin \u00e0 votre inscription si vous enfreignez les pr\u00e9sentes CGU. Si cette infraction entra\u00eene un pr\u00e9judice \u00e0 autrui, vous acceptez d&#8217;indemniser et de garantir Organon contre toutes pertes, dommages ou d\u00e9penses. En cas de litige survenant entre nous au sujet de ces conditions ou de votre utilisation de Organon Pro, il sera r\u00e9solu par des n\u00e9gociations de bonne foi. Si ces tentatives s&#8217;av\u00e8rent inefficaces, tout litige, contestation ou plainte seront soumis \u00e0 la comp\u00e9tence exclusive des tribunaux du ressort de la Cour d&#8217;Appel de Paris.<\/p>\n\n\n\n<h2 class=\"wp-block-heading\">Mentions l\u00e9gales<\/h2>\n\n\n\n<p>Mise \u00e0 jour 15\/12\/2022<\/p>\n\n\n\n<p>organonpro.com est un site mis en \u0153uvre par Organon France, Soci\u00e9t\u00e9 par Actions Simplifi\u00e9e au capital de 90.082.827 euros, dont le Si\u00e8ge Social est situ\u00e9 106 boulevard Haussmann &#8211; 75008 Paris, immatricul\u00e9e au Registre du Commerce et des Soci\u00e9t\u00e9s de Paris sous le num\u00e9ro 880 042 775.<\/p>\n\n\n\n<p><strong>T\u00e9l :<\/strong> 01 86 77 03 50<\/p>\n\n\n\n<p><strong>Directeur de la publication<\/strong> <strong>: <\/strong>Sophie Vernhes, Pharmacien responsable<\/p>\n\n\n\n<p><strong>H\u00e9bergement :<\/strong><\/p>\n\n\n\n<p>Amazon Web Services (AWS)<\/p>\n\n\n\n<p>Irland<\/p>\n","protected":false},"excerpt":{"rendered":"<p>En vigueur \u00e0 compter du 15\/12\/2022 Veuillez lire attentivement les pr\u00e9sentes conditions d&#8217;utilisation avant d&#8217;utiliser le portail Organon Pro. En utilisant Organon Pro, vous acceptez ces conditions d&#8217;utilisation. Bienvenue sur Organon Pro France. Ce site appartient et est exploit\u00e9 par Organon France, ci-apr\u00e8s &#8220;Organon&#8221;, filiale du groupe Organon &amp; Co, Jersey City, NJ, U.S.A. (ci-apr\u00e8s [&hellip;]<\/p>\n","protected":false},"author":8,"featured_media":0,"parent":0,"menu_order":0,"comment_status":"closed","ping_status":"closed","template":"","meta":{"_acf_changed":false,"footnotes":""},"class_list":["post-34","page","type-page","status-publish","hentry"],"acf":[],"yoast_head":"<!-- This site is optimized with the Yoast SEO Premium plugin v20.11 (Yoast SEO v26.6) - https:\/\/yoast.com\/wordpress\/plugins\/seo\/ -->\n<title>Conditions d&#039;utilisation - Organon Pro - France<\/title>\n<meta name=\"robots\" content=\"index, follow, max-snippet:-1, max-image-preview:large, max-video-preview:-1\" \/>\n<link rel=\"canonical\" href=\"https:\/\/organonpro.com\/fr-fr\/conditions-dutilisation\/\" \/>\n<meta property=\"og:locale\" content=\"en_US\" \/>\n<meta property=\"og:type\" content=\"article\" \/>\n<meta property=\"og:title\" content=\"Conditions d&#039;utilisation\" \/>\n<meta property=\"og:description\" content=\"En vigueur \u00e0 compter du 15\/12\/2022 Veuillez lire attentivement les pr\u00e9sentes conditions d&#8217;utilisation avant d&#8217;utiliser le portail Organon Pro. En utilisant Organon Pro, vous acceptez ces conditions d&#8217;utilisation. Bienvenue sur Organon Pro France. Ce site appartient et est exploit\u00e9 par Organon France, ci-apr\u00e8s &#8220;Organon&#8221;, filiale du groupe Organon &amp; Co, Jersey City, NJ, U.S.A. (ci-apr\u00e8s [&hellip;]\" \/>\n<meta property=\"og:url\" content=\"https:\/\/organonpro.com\/fr-fr\/conditions-dutilisation\/\" \/>\n<meta property=\"og:site_name\" content=\"Organon Pro - France\" \/>\n<meta property=\"article:modified_time\" content=\"2023-07-31T13:17:11+00:00\" \/>\n<meta property=\"og:image\" content=\"https:\/\/organonpro.com\/fr-fr\/wp-content\/uploads\/sites\/3\/2022\/12\/organon-pro-og-img.png\" \/>\n\t<meta property=\"og:image:width\" content=\"1200\" \/>\n\t<meta property=\"og:image:height\" content=\"630\" \/>\n\t<meta property=\"og:image:type\" content=\"image\/png\" \/>\n<meta name=\"twitter:card\" content=\"summary_large_image\" \/>\n<meta name=\"twitter:label1\" content=\"Est. reading time\" \/>\n\t<meta name=\"twitter:data1\" content=\"6 minutes\" \/>\n<script type=\"application\/ld+json\" class=\"yoast-schema-graph\">{\"@context\":\"https:\/\/schema.org\",\"@graph\":[{\"@type\":\"WebPage\",\"@id\":\"https:\/\/organonpro.com\/fr-fr\/conditions-dutilisation\/\",\"url\":\"https:\/\/organonpro.com\/fr-fr\/conditions-dutilisation\/\",\"name\":\"Conditions d'utilisation - Organon Pro - France\",\"isPartOf\":{\"@id\":\"https:\/\/organonpro.com\/fr-fr\/#website\"},\"datePublished\":\"2022-07-06T09:36:58+00:00\",\"dateModified\":\"2023-07-31T13:17:11+00:00\",\"breadcrumb\":{\"@id\":\"https:\/\/organonpro.com\/fr-fr\/conditions-dutilisation\/#breadcrumb\"},\"inLanguage\":\"en-US\",\"potentialAction\":[{\"@type\":\"ReadAction\",\"target\":[\"https:\/\/organonpro.com\/fr-fr\/conditions-dutilisation\/\"]}]},{\"@type\":\"BreadcrumbList\",\"@id\":\"https:\/\/organonpro.com\/fr-fr\/conditions-dutilisation\/#breadcrumb\",\"itemListElement\":[{\"@type\":\"ListItem\",\"position\":1,\"name\":\"Home\",\"item\":\"https:\/\/organonpro.com\/fr-fr\/\"},{\"@type\":\"ListItem\",\"position\":2,\"name\":\"Conditions d&#8217;utilisation\"}]},{\"@type\":\"WebSite\",\"@id\":\"https:\/\/organonpro.com\/fr-fr\/#website\",\"url\":\"https:\/\/organonpro.com\/fr-fr\/\",\"name\":\"Organon Pro - France\",\"description\":\"Organon Pro - France\",\"potentialAction\":[{\"@type\":\"SearchAction\",\"target\":{\"@type\":\"EntryPoint\",\"urlTemplate\":\"https:\/\/organonpro.com\/fr-fr\/?s={search_term_string}\"},\"query-input\":{\"@type\":\"PropertyValueSpecification\",\"valueRequired\":true,\"valueName\":\"search_term_string\"}}],\"inLanguage\":\"en-US\"}]}<\/script>\n<!-- \/ Yoast SEO Premium plugin. -->","yoast_head_json":{"title":"Conditions d'utilisation - Organon Pro - France","robots":{"index":"index","follow":"follow","max-snippet":"max-snippet:-1","max-image-preview":"max-image-preview:large","max-video-preview":"max-video-preview:-1"},"canonical":"https:\/\/organonpro.com\/fr-fr\/conditions-dutilisation\/","og_locale":"en_US","og_type":"article","og_title":"Conditions d'utilisation","og_description":"En vigueur \u00e0 compter du 15\/12\/2022 Veuillez lire attentivement les pr\u00e9sentes conditions d&#8217;utilisation avant d&#8217;utiliser le portail Organon Pro. En utilisant Organon Pro, vous acceptez ces conditions d&#8217;utilisation. Bienvenue sur Organon Pro France. Ce site appartient et est exploit\u00e9 par Organon France, ci-apr\u00e8s &#8220;Organon&#8221;, filiale du groupe Organon &amp; Co, Jersey City, NJ, U.S.A. (ci-apr\u00e8s [&hellip;]","og_url":"https:\/\/organonpro.com\/fr-fr\/conditions-dutilisation\/","og_site_name":"Organon Pro - France","article_modified_time":"2023-07-31T13:17:11+00:00","og_image":[{"width":1200,"height":630,"url":"https:\/\/organonpro.com\/fr-fr\/wp-content\/uploads\/sites\/3\/2022\/12\/organon-pro-og-img.png","type":"image\/png"}],"twitter_card":"summary_large_image","twitter_misc":{"Est. reading time":"6 minutes"},"schema":{"@context":"https:\/\/schema.org","@graph":[{"@type":"WebPage","@id":"https:\/\/organonpro.com\/fr-fr\/conditions-dutilisation\/","url":"https:\/\/organonpro.com\/fr-fr\/conditions-dutilisation\/","name":"Conditions d'utilisation - Organon Pro - France","isPartOf":{"@id":"https:\/\/organonpro.com\/fr-fr\/#website"},"datePublished":"2022-07-06T09:36:58+00:00","dateModified":"2023-07-31T13:17:11+00:00","breadcrumb":{"@id":"https:\/\/organonpro.com\/fr-fr\/conditions-dutilisation\/#breadcrumb"},"inLanguage":"en-US","potentialAction":[{"@type":"ReadAction","target":["https:\/\/organonpro.com\/fr-fr\/conditions-dutilisation\/"]}]},{"@type":"BreadcrumbList","@id":"https:\/\/organonpro.com\/fr-fr\/conditions-dutilisation\/#breadcrumb","itemListElement":[{"@type":"ListItem","position":1,"name":"Home","item":"https:\/\/organonpro.com\/fr-fr\/"},{"@type":"ListItem","position":2,"name":"Conditions d&#8217;utilisation"}]},{"@type":"WebSite","@id":"https:\/\/organonpro.com\/fr-fr\/#website","url":"https:\/\/organonpro.com\/fr-fr\/","name":"Organon Pro - France","description":"Organon Pro - France","potentialAction":[{"@type":"SearchAction","target":{"@type":"EntryPoint","urlTemplate":"https:\/\/organonpro.com\/fr-fr\/?s={search_term_string}"},"query-input":{"@type":"PropertyValueSpecification","valueRequired":true,"valueName":"search_term_string"}}],"inLanguage":"en-US"}]}},"jetpack_sharing_enabled":true,"_links":{"self":[{"href":"https:\/\/organonpro.com\/fr-fr\/wp-json\/wp\/v2\/pages\/34","targetHints":{"allow":["GET"]}}],"collection":[{"href":"https:\/\/organonpro.com\/fr-fr\/wp-json\/wp\/v2\/pages"}],"about":[{"href":"https:\/\/organonpro.com\/fr-fr\/wp-json\/wp\/v2\/types\/page"}],"author":[{"embeddable":true,"href":"https:\/\/organonpro.com\/fr-fr\/wp-json\/wp\/v2\/users\/8"}],"replies":[{"embeddable":true,"href":"https:\/\/organonpro.com\/fr-fr\/wp-json\/wp\/v2\/comments?post=34"}],"version-history":[{"count":19,"href":"https:\/\/organonpro.com\/fr-fr\/wp-json\/wp\/v2\/pages\/34\/revisions"}],"predecessor-version":[{"id":8064,"href":"https:\/\/organonpro.com\/fr-fr\/wp-json\/wp\/v2\/pages\/34\/revisions\/8064"}],"wp:attachment":[{"href":"https:\/\/organonpro.com\/fr-fr\/wp-json\/wp\/v2\/media?parent=34"}],"curies":[{"name":"wp","href":"https:\/\/api.w.org\/{rel}","templated":true}]}}