{"id":27,"date":"2022-07-06T09:27:11","date_gmt":"2022-07-06T09:27:11","guid":{"rendered":"https:\/\/vip-organon-connect-com-testing.go-vip.net\/fr-fr\/?page_id=27"},"modified":"2025-03-18T15:43:44","modified_gmt":"2025-03-18T14:43:44","slug":"nous-contacter","status":"publish","type":"page","link":"https:\/\/organonpro.com\/fr-fr\/nous-contacter\/","title":{"rendered":"Nous contacter"},"content":{"rendered":"\n<h2 class=\"wp-block-heading\" id=\"block-961e7195-a189-4175-97dd-0d10c228b7ac\">ORGANON FRANCE &#8211; SI\u00c8GE SOCIAL<\/h2>\n\n\n\n<p id=\"block-0d262704-4443-4143-917e-1f9a246aa45f\"><a href=\"https:\/\/maps.app.goo.gl\/7miJBLk1RisycYdC9\">106 boulevard Haussmann<br>75008 Paris<\/a><\/p>\n\n\n\n<p><\/p>\n\n\n\n<p id=\"block-0d262704-4443-4143-917e-1f9a246aa45f\"><strong>A compter du 1er juillet 2024 :<\/strong><br><a href=\"https:\/\/maps.app.goo.gl\/66GkCoqWS53jYonx8\" target=\"_blank\" rel=\"noreferrer noopener\">176 rue Montmartre <br>75002 Paris<\/a><\/p>\n\n\n\n<h2 class=\"wp-block-heading\" id=\"block-1cb7bccd-2444-4aa3-a624-3a179469789a\"><strong>VOTRE POINT DE CONTACT &#8211;<\/strong> SERVICE D&#8217;INFORMATION MEDICALE<\/h2>\n\n\n\n<p id=\"block-4059c6ed-b98b-42d0-b965-f839b6eb8b0a\">Pour toute d\u00e9claration d&#8217;\u00e9v\u00e9nement ind\u00e9sirable, r\u00e9clamation qualit\u00e9 ou autre signalement avec nos m\u00e9dicaments Organon (ex : grossesse) et pour toutes autres demandes d&#8217;informations, merci de nous contacter<\/p>\n\n\n\n<p id=\"block-d89d1a0f-68c3-4303-8359-2dc9dd0e5030\"><strong>PAR T\u00c9L\u00c9PHONE<\/strong> &#8211; 01 57 77 32 00<\/p>\n\n\n\n<p id=\"block-0514364f-23c6-4ac2-a72f-3e35ede31197\"><strong>PAR EMAIL<\/strong> &#8211; <em><a href=\"mailto:info.medicale.fr@organon.com\">info.medicale.fr@organon.com<\/a><\/em><\/p>\n\n\n\n<h2 class=\"wp-block-heading\"><strong>QUESTIONS ET COMMANDES PHARMACIES DE VILLE<\/strong><\/h2>\n\n\n\n<p>Pour passer commande de m\u00e9dicaments ou pour suivre votre commande, veuillez nous contacter du lundi au vendredi, de 9h00 \u00e0 12h30 et de 14h00 \u00e0 18h00. :<\/p>\n\n\n\n<p>Par t\u00e9l\u00e9phone :&nbsp;<a href=\"tel:0157773200\">01 46 24 02 99<\/a><\/p>\n\n\n\n<h2 class=\"wp-block-heading\" id=\"block-60cff3b9-103c-43f8-82d0-3cb3986b92f9\"><strong>QUESTIONS SPECIFIQUES AU SITE INTERNET ORGANON PRO<\/strong><\/h2>\n\n\n\n<p id=\"block-4f8f9d46-0c6a-4962-93ff-c85c376a9bb1\">Vous avez une question ? Vous rencontrez des difficult\u00e9s \u00e0 vous connecter ou vous souhaitez \u00eatre accompagn\u00e9s pour utiliser la plateforme ? L&#8217;\u00e9quipe support Organon Pro est \u00e0 votre disposition du lundi au vendredi de 9h30 \u00e0 18h.<\/p>\n\n\n\n<p id=\"block-1b39ffae-bf7d-4642-9025-1cbabf6848bc\"><strong>PAR T\u00c9L\u00c9PHONE<\/strong> &#8211; (prochainement disponible)<\/p>\n\n\n\n<p id=\"block-0f6894db-5d2c-457f-88ee-904d8637ca4c\"><strong>PAR EMAIL<\/strong> &#8211; <a href=\"mailto:supportoconnect@organon.com?subject=%5BOrganonConnect%5D\">supportoconnect@organon.com<\/a><\/p>\n","protected":false},"excerpt":{"rendered":"<p>ORGANON FRANCE &#8211; SI\u00c8GE SOCIAL 106 boulevard Haussmann75008 Paris A compter du 1er juillet 2024 :176 rue Montmartre 75002 Paris VOTRE POINT DE CONTACT &#8211; SERVICE D&#8217;INFORMATION MEDICALE Pour toute d\u00e9claration d&#8217;\u00e9v\u00e9nement ind\u00e9sirable, r\u00e9clamation qualit\u00e9 ou autre signalement avec nos m\u00e9dicaments Organon (ex : grossesse) et pour toutes autres demandes d&#8217;informations, merci de nous contacter [&hellip;]<\/p>\n","protected":false},"author":8,"featured_media":0,"parent":0,"menu_order":0,"comment_status":"closed","ping_status":"closed","template":"","meta":{"_acf_changed":false,"footnotes":""},"class_list":["post-27","page","type-page","status-publish","hentry"],"acf":[],"yoast_head":"<!-- This site is optimized with the Yoast SEO Premium plugin v20.11 (Yoast SEO v26.6) - https:\/\/yoast.com\/wordpress\/plugins\/seo\/ -->\n<title>Nous contacter - Organon Pro - France<\/title>\n<meta name=\"robots\" content=\"index, follow, max-snippet:-1, max-image-preview:large, max-video-preview:-1\" \/>\n<link rel=\"canonical\" href=\"https:\/\/organonpro.com\/fr-fr\/nous-contacter\/\" \/>\n<meta property=\"og:locale\" content=\"en_US\" \/>\n<meta property=\"og:type\" content=\"article\" \/>\n<meta property=\"og:title\" content=\"Nous contacter\" \/>\n<meta property=\"og:description\" content=\"ORGANON FRANCE &#8211; SI\u00c8GE SOCIAL 106 boulevard Haussmann75008 Paris A compter du 1er juillet 2024 :176 rue Montmartre 75002 Paris VOTRE POINT DE CONTACT &#8211; SERVICE D&#8217;INFORMATION MEDICALE Pour toute d\u00e9claration d&#8217;\u00e9v\u00e9nement ind\u00e9sirable, r\u00e9clamation qualit\u00e9 ou autre signalement avec nos m\u00e9dicaments Organon (ex : grossesse) et pour toutes autres demandes d&#8217;informations, merci de nous contacter [&hellip;]\" \/>\n<meta property=\"og:url\" content=\"https:\/\/organonpro.com\/fr-fr\/nous-contacter\/\" \/>\n<meta property=\"og:site_name\" content=\"Organon Pro - France\" \/>\n<meta property=\"article:modified_time\" content=\"2025-03-18T14:43:44+00:00\" \/>\n<meta property=\"og:image\" content=\"https:\/\/organonpro.com\/fr-fr\/wp-content\/uploads\/sites\/3\/2022\/12\/organon-pro-og-img.png\" \/>\n\t<meta property=\"og:image:width\" content=\"1200\" \/>\n\t<meta property=\"og:image:height\" content=\"630\" \/>\n\t<meta property=\"og:image:type\" content=\"image\/png\" \/>\n<meta name=\"twitter:card\" content=\"summary_large_image\" \/>\n<meta name=\"twitter:label1\" content=\"Est. reading time\" \/>\n\t<meta name=\"twitter:data1\" content=\"1 minute\" \/>\n<script type=\"application\/ld+json\" class=\"yoast-schema-graph\">{\"@context\":\"https:\/\/schema.org\",\"@graph\":[{\"@type\":\"WebPage\",\"@id\":\"https:\/\/organonpro.com\/fr-fr\/nous-contacter\/\",\"url\":\"https:\/\/organonpro.com\/fr-fr\/nous-contacter\/\",\"name\":\"Nous contacter - Organon Pro - France\",\"isPartOf\":{\"@id\":\"https:\/\/organonpro.com\/fr-fr\/#website\"},\"datePublished\":\"2022-07-06T09:27:11+00:00\",\"dateModified\":\"2025-03-18T14:43:44+00:00\",\"breadcrumb\":{\"@id\":\"https:\/\/organonpro.com\/fr-fr\/nous-contacter\/#breadcrumb\"},\"inLanguage\":\"en-US\",\"potentialAction\":[{\"@type\":\"ReadAction\",\"target\":[\"https:\/\/organonpro.com\/fr-fr\/nous-contacter\/\"]}]},{\"@type\":\"BreadcrumbList\",\"@id\":\"https:\/\/organonpro.com\/fr-fr\/nous-contacter\/#breadcrumb\",\"itemListElement\":[{\"@type\":\"ListItem\",\"position\":1,\"name\":\"Home\",\"item\":\"https:\/\/organonpro.com\/fr-fr\/\"},{\"@type\":\"ListItem\",\"position\":2,\"name\":\"Nous contacter\"}]},{\"@type\":\"WebSite\",\"@id\":\"https:\/\/organonpro.com\/fr-fr\/#website\",\"url\":\"https:\/\/organonpro.com\/fr-fr\/\",\"name\":\"Organon Pro - France\",\"description\":\"Organon Pro - France\",\"potentialAction\":[{\"@type\":\"SearchAction\",\"target\":{\"@type\":\"EntryPoint\",\"urlTemplate\":\"https:\/\/organonpro.com\/fr-fr\/?s={search_term_string}\"},\"query-input\":{\"@type\":\"PropertyValueSpecification\",\"valueRequired\":true,\"valueName\":\"search_term_string\"}}],\"inLanguage\":\"en-US\"}]}<\/script>\n<!-- \/ Yoast SEO Premium plugin. -->","yoast_head_json":{"title":"Nous contacter - Organon Pro - France","robots":{"index":"index","follow":"follow","max-snippet":"max-snippet:-1","max-image-preview":"max-image-preview:large","max-video-preview":"max-video-preview:-1"},"canonical":"https:\/\/organonpro.com\/fr-fr\/nous-contacter\/","og_locale":"en_US","og_type":"article","og_title":"Nous contacter","og_description":"ORGANON FRANCE &#8211; SI\u00c8GE SOCIAL 106 boulevard Haussmann75008 Paris A compter du 1er juillet 2024 :176 rue Montmartre 75002 Paris VOTRE POINT DE CONTACT &#8211; SERVICE D&#8217;INFORMATION MEDICALE Pour toute d\u00e9claration d&#8217;\u00e9v\u00e9nement ind\u00e9sirable, r\u00e9clamation qualit\u00e9 ou autre signalement avec nos m\u00e9dicaments Organon (ex : grossesse) et pour toutes autres demandes d&#8217;informations, merci de nous contacter [&hellip;]","og_url":"https:\/\/organonpro.com\/fr-fr\/nous-contacter\/","og_site_name":"Organon Pro - France","article_modified_time":"2025-03-18T14:43:44+00:00","og_image":[{"width":1200,"height":630,"url":"https:\/\/organonpro.com\/fr-fr\/wp-content\/uploads\/sites\/3\/2022\/12\/organon-pro-og-img.png","type":"image\/png"}],"twitter_card":"summary_large_image","twitter_misc":{"Est. reading time":"1 minute"},"schema":{"@context":"https:\/\/schema.org","@graph":[{"@type":"WebPage","@id":"https:\/\/organonpro.com\/fr-fr\/nous-contacter\/","url":"https:\/\/organonpro.com\/fr-fr\/nous-contacter\/","name":"Nous contacter - Organon Pro - France","isPartOf":{"@id":"https:\/\/organonpro.com\/fr-fr\/#website"},"datePublished":"2022-07-06T09:27:11+00:00","dateModified":"2025-03-18T14:43:44+00:00","breadcrumb":{"@id":"https:\/\/organonpro.com\/fr-fr\/nous-contacter\/#breadcrumb"},"inLanguage":"en-US","potentialAction":[{"@type":"ReadAction","target":["https:\/\/organonpro.com\/fr-fr\/nous-contacter\/"]}]},{"@type":"BreadcrumbList","@id":"https:\/\/organonpro.com\/fr-fr\/nous-contacter\/#breadcrumb","itemListElement":[{"@type":"ListItem","position":1,"name":"Home","item":"https:\/\/organonpro.com\/fr-fr\/"},{"@type":"ListItem","position":2,"name":"Nous contacter"}]},{"@type":"WebSite","@id":"https:\/\/organonpro.com\/fr-fr\/#website","url":"https:\/\/organonpro.com\/fr-fr\/","name":"Organon Pro - France","description":"Organon Pro - France","potentialAction":[{"@type":"SearchAction","target":{"@type":"EntryPoint","urlTemplate":"https:\/\/organonpro.com\/fr-fr\/?s={search_term_string}"},"query-input":{"@type":"PropertyValueSpecification","valueRequired":true,"valueName":"search_term_string"}}],"inLanguage":"en-US"}]}},"jetpack_sharing_enabled":true,"_links":{"self":[{"href":"https:\/\/organonpro.com\/fr-fr\/wp-json\/wp\/v2\/pages\/27","targetHints":{"allow":["GET"]}}],"collection":[{"href":"https:\/\/organonpro.com\/fr-fr\/wp-json\/wp\/v2\/pages"}],"about":[{"href":"https:\/\/organonpro.com\/fr-fr\/wp-json\/wp\/v2\/types\/page"}],"author":[{"embeddable":true,"href":"https:\/\/organonpro.com\/fr-fr\/wp-json\/wp\/v2\/users\/8"}],"replies":[{"embeddable":true,"href":"https:\/\/organonpro.com\/fr-fr\/wp-json\/wp\/v2\/comments?post=27"}],"version-history":[{"count":64,"href":"https:\/\/organonpro.com\/fr-fr\/wp-json\/wp\/v2\/pages\/27\/revisions"}],"predecessor-version":[{"id":9783,"href":"https:\/\/organonpro.com\/fr-fr\/wp-json\/wp\/v2\/pages\/27\/revisions\/9783"}],"wp:attachment":[{"href":"https:\/\/organonpro.com\/fr-fr\/wp-json\/wp\/v2\/media?parent=27"}],"curies":[{"name":"wp","href":"https:\/\/api.w.org\/{rel}","templated":true}]}}