{"id":4,"date":"2022-08-22T09:26:18","date_gmt":"2022-08-22T09:26:18","guid":{"rendered":"https:\/\/organonpro.com\/tr-tr\/?page_id=4"},"modified":"2024-08-05T11:50:02","modified_gmt":"2024-08-05T11:50:02","slug":"home","status":"publish","type":"page","link":"https:\/\/organonpro.com\/fr-ch\/","title":{"rendered":"Home"},"content":{"rendered":"\n<section class=\"splits splits-ratio splits-half splits-pill splits-reverse ungated\" style=\"background-color:#ffffff\"><div class=\"container\"><div class=\"splits-row row\"><div class=\"splits-figure kdk   col-md-6 col-sm-6 \"><div class=\"splits-figure__bg ab\" style=\"background-image:url(https:\/\/organonpro.com\/fr-ch\/wp-content\/uploads\/sites\/67\/2022\/10\/Aerzt_und_apotheke.webp)\"><\/div><\/div><div class=\"splits-area ka  col-md-6 col-sm-6\"><div class=\"splits-content cd\"><h2 class=\"splits-heading\"><span class=\"tadv-color\" style=\"color:#e20177\">BIENVENUE CHEZ ORGANON PRO CONNECT SUISSE<\/span><\/h2><p class=\"splits-text\">La plateforme d&#8217;Organon pour les m\u00e9decins et les pharmaciens : Des informations pr\u00e9cieuses sur les produits et une valeur ajout\u00e9e en termes de services.<\/p><div class=\"splits-button herobannerblock\"><div class=\"ungated\"><\/div><\/div><\/div><\/div><\/div><\/div><\/section>\n\n\n\n<section class=\"splits splits-ratio splits-half splits-pill  isgated\" style=\"background-color:#ffffff\"><div class=\"container\"><div class=\"splits-row row\"><div class=\"splits-figure kdk   col-md-6 col-sm-6 \"><div class=\"splits-figure__bg ab\" style=\"background-image:url(https:\/\/organonpro.com\/fr-ch\/wp-content\/uploads\/sites\/67\/2022\/10\/Frauengesundheit.webp)\"><\/div><\/div><div class=\"splits-area ka  col-md-6 col-sm-6\"><div class=\"splits-content cd\"><h2 class=\"splits-heading\"><span class=\"tadv-color\" style=\"color:#e20177\">ORGANON EN SUISSE<\/span><\/h2><p class=\"splits-text\">Pour une vie meilleure et plus saine &#8211; chaque jour pour chaque femme<\/p><div class=\"splits-button herobannerblock\"><div class=\"gated\"><\/div><\/div><\/div><\/div><\/div><\/div><\/section>\n\n\n\n<div style=\"height:100px\" aria-hidden=\"true\" class=\"wp-block-spacer\"><\/div>\n\n\n\n<section class=\"wp-block-orc2-secondary-hero-banner secondary-hero-section secondary-hero-section-c3b7d0cb-cf0b-4406-a551-7d137fe9f7f2\"><style>.secondary-hero-section-c3b7d0cb-cf0b-4406-a551-7d137fe9f7f2{margin-top:0rem; margin-bottom:0rem;} .secondary-hero-section-c3b7d0cb-cf0b-4406-a551-7d137fe9f7f2 .product-hero.half-secondary .product-hero__panel{padding-top:2.8rem; padding-bottom:2.8rem;} @media screen and (min-width: 320px) and (max-width: 759px) {.secondary-hero-section-c3b7d0cb-cf0b-4406-a551-7d137fe9f7f2{margin-top:0rem; margin-bottom:0rem;} .secondary-hero-section-c3b7d0cb-cf0b-4406-a551-7d137fe9f7f2 .product-hero.half-secondary .product-hero__panel{padding-top:2.8rem; padding-bottom:2.8rem;} .hideBannerImage{background-image:none!important;}}<\/style><div class=\"product-hero  half-secondary  \" style=\"background-color:;background-image:url(https:\/\/organonpro.com\/fr-ch\/wp-content\/uploads\/sites\/67\/2023\/10\/AdobeStock_420234636-e1697628593704.jpeg)\"><div class=\"container\"><div class=\"row\"><div class=\"product-hero__panel\"><div class=\"product-hero__title\"><h1 class=\"hero-title-text\">Retour d\u2019information sur les \u00e9v\u00e9nements ind\u00e9sirables<\/h1><\/div><div class=\"secondary-button\"><a href=\"https:\/\/organonpro.com\/fr-ch\/retour-dinformation-sur-les-evenements-indesirables\/\" class=\"btn btn-theme\">D\u00e9claration des \u00e9v\u00e9nements ind\u00e9sirables<\/a><\/div><\/div><\/div><\/div><\/div><\/section>\n","protected":false},"excerpt":{"rendered":"","protected":false},"author":19,"featured_media":341,"parent":0,"menu_order":0,"comment_status":"closed","ping_status":"closed","template":"templates\/home.php","meta":{"_acf_changed":false,"footnotes":""},"class_list":["post-4","page","type-page","status-publish","has-post-thumbnail","hentry"],"acf":[],"yoast_head":"<!-- This site is optimized with the Yoast SEO Premium plugin v20.11 (Yoast SEO v26.6) - https:\/\/yoast.com\/wordpress\/plugins\/seo\/ -->\n<title>Bienvenue \u00e0 Organon Pro Schweiz \u2013 Un portail destin\u00e9 aux soins de la sant\u00e9<\/title>\n<meta name=\"description\" content=\"Un portail de ressources pour les professionnels de la sant\u00e9 et les patients ciblant la sant\u00e9 des femmes, la fertilit\u00e9, la contraception, la m\u00e9nopause, les maladies cardiovasculaires, la gestion de la douleur et les biosimilaires.\" \/>\n<meta name=\"robots\" content=\"index, follow, max-snippet:-1, max-image-preview:large, max-video-preview:-1\" \/>\n<link rel=\"canonical\" href=\"https:\/\/organonpro.com\/fr-ch\/\" \/>\n<meta property=\"og:locale\" content=\"en_US\" \/>\n<meta property=\"og:type\" content=\"article\" \/>\n<meta property=\"og:title\" content=\"Home\" \/>\n<meta property=\"og:description\" content=\"Un portail de ressources pour les professionnels de la sant\u00e9 et les patients ciblant la sant\u00e9 des femmes, la fertilit\u00e9, la contraception, la m\u00e9nopause, les maladies cardiovasculaires, la gestion de la douleur et les biosimilaires.\" \/>\n<meta property=\"og:url\" content=\"https:\/\/organonpro.com\/fr-ch\/\" \/>\n<meta property=\"og:site_name\" content=\"Organon Healthcare Fr\" \/>\n<meta property=\"article:modified_time\" content=\"2024-08-05T11:50:02+00:00\" \/>\n<meta property=\"og:image\" content=\"https:\/\/organonpro.com\/fr-ch\/wp-content\/uploads\/sites\/67\/2023\/08\/Innovation.png\" \/>\n\t<meta property=\"og:image:width\" content=\"4001\" \/>\n\t<meta property=\"og:image:height\" content=\"3001\" \/>\n\t<meta property=\"og:image:type\" content=\"image\/png\" \/>\n<meta name=\"twitter:card\" content=\"summary_large_image\" \/>\n<meta name=\"twitter:label1\" content=\"Est. reading time\" \/>\n\t<meta name=\"twitter:data1\" content=\"1 minute\" \/>\n<script type=\"application\/ld+json\" class=\"yoast-schema-graph\">{\"@context\":\"https:\/\/schema.org\",\"@graph\":[{\"@type\":\"WebPage\",\"@id\":\"https:\/\/organonpro.com\/fr-ch\/\",\"url\":\"https:\/\/organonpro.com\/fr-ch\/\",\"name\":\"Bienvenue \u00e0 Organon Pro Schweiz \u2013 Un portail destin\u00e9 aux soins de la sant\u00e9\",\"isPartOf\":{\"@id\":\"https:\/\/organonpro.com\/fr-ch\/#website\"},\"primaryImageOfPage\":{\"@id\":\"https:\/\/organonpro.com\/fr-ch\/#primaryimage\"},\"image\":{\"@id\":\"https:\/\/organonpro.com\/fr-ch\/#primaryimage\"},\"thumbnailUrl\":\"https:\/\/organonpro.com\/fr-ch\/wp-content\/uploads\/sites\/67\/2023\/08\/Innovation.png\",\"datePublished\":\"2022-08-22T09:26:18+00:00\",\"dateModified\":\"2024-08-05T11:50:02+00:00\",\"description\":\"Un portail de ressources pour les professionnels de la sant\u00e9 et les patients ciblant la sant\u00e9 des femmes, la fertilit\u00e9, la contraception, la m\u00e9nopause, les maladies cardiovasculaires, la gestion de la douleur et les biosimilaires.\",\"breadcrumb\":{\"@id\":\"https:\/\/organonpro.com\/fr-ch\/#breadcrumb\"},\"inLanguage\":\"en-US\",\"potentialAction\":[{\"@type\":\"ReadAction\",\"target\":[\"https:\/\/organonpro.com\/fr-ch\/\"]}]},{\"@type\":\"ImageObject\",\"inLanguage\":\"en-US\",\"@id\":\"https:\/\/organonpro.com\/fr-ch\/#primaryimage\",\"url\":\"https:\/\/organonpro.com\/fr-ch\/wp-content\/uploads\/sites\/67\/2023\/08\/Innovation.png\",\"contentUrl\":\"https:\/\/organonpro.com\/fr-ch\/wp-content\/uploads\/sites\/67\/2023\/08\/Innovation.png\",\"width\":4001,\"height\":3001},{\"@type\":\"BreadcrumbList\",\"@id\":\"https:\/\/organonpro.com\/fr-ch\/#breadcrumb\",\"itemListElement\":[{\"@type\":\"ListItem\",\"position\":1,\"name\":\"Accueil\",\"item\":\"https:\/\/organonpro.com\/fr-ch\/\"},{\"@type\":\"ListItem\",\"position\":2,\"name\":\"Home\"}]},{\"@type\":\"WebSite\",\"@id\":\"https:\/\/organonpro.com\/fr-ch\/#website\",\"url\":\"https:\/\/organonpro.com\/fr-ch\/\",\"name\":\"Organon Healthcare Fr\",\"description\":\"Here for Her Health\",\"publisher\":{\"@id\":\"https:\/\/organonpro.com\/fr-ch\/#organization\"},\"potentialAction\":[{\"@type\":\"SearchAction\",\"target\":{\"@type\":\"EntryPoint\",\"urlTemplate\":\"https:\/\/organonpro.com\/fr-ch\/?s={search_term_string}\"},\"query-input\":{\"@type\":\"PropertyValueSpecification\",\"valueRequired\":true,\"valueName\":\"search_term_string\"}}],\"inLanguage\":\"en-US\"},{\"@type\":\"Organization\",\"@id\":\"https:\/\/organonpro.com\/fr-ch\/#organization\",\"name\":\"Organon Healthcare Fr\",\"url\":\"https:\/\/organonpro.com\/fr-ch\/\",\"logo\":{\"@type\":\"ImageObject\",\"inLanguage\":\"en-US\",\"@id\":\"https:\/\/organonpro.com\/fr-ch\/#\/schema\/logo\/image\/\",\"url\":\"https:\/\/organonpro.com\/fr-ch\/wp-content\/uploads\/sites\/67\/2022\/10\/MicrosoftTeams-image-2.webp\",\"contentUrl\":\"https:\/\/organonpro.com\/fr-ch\/wp-content\/uploads\/sites\/67\/2022\/10\/MicrosoftTeams-image-2.webp\",\"width\":2269,\"height\":243,\"caption\":\"Organon Healthcare Fr\"},\"image\":{\"@id\":\"https:\/\/organonpro.com\/fr-ch\/#\/schema\/logo\/image\/\"}}]}<\/script>\n<!-- \/ Yoast SEO Premium plugin. -->","yoast_head_json":{"title":"Bienvenue \u00e0 Organon Pro Schweiz \u2013 Un portail destin\u00e9 aux soins de la sant\u00e9","description":"Un portail de ressources pour les professionnels de la sant\u00e9 et les patients ciblant la sant\u00e9 des femmes, la fertilit\u00e9, la contraception, la m\u00e9nopause, les maladies cardiovasculaires, la gestion de la douleur et les biosimilaires.","robots":{"index":"index","follow":"follow","max-snippet":"max-snippet:-1","max-image-preview":"max-image-preview:large","max-video-preview":"max-video-preview:-1"},"canonical":"https:\/\/organonpro.com\/fr-ch\/","og_locale":"en_US","og_type":"article","og_title":"Home","og_description":"Un portail de ressources pour les professionnels de la sant\u00e9 et les patients ciblant la sant\u00e9 des femmes, la fertilit\u00e9, la contraception, la m\u00e9nopause, les maladies cardiovasculaires, la gestion de la douleur et les biosimilaires.","og_url":"https:\/\/organonpro.com\/fr-ch\/","og_site_name":"Organon Healthcare Fr","article_modified_time":"2024-08-05T11:50:02+00:00","og_image":[{"width":4001,"height":3001,"url":"https:\/\/organonpro.com\/fr-ch\/wp-content\/uploads\/sites\/67\/2023\/08\/Innovation.png","type":"image\/png"}],"twitter_card":"summary_large_image","twitter_misc":{"Est. reading time":"1 minute"},"schema":{"@context":"https:\/\/schema.org","@graph":[{"@type":"WebPage","@id":"https:\/\/organonpro.com\/fr-ch\/","url":"https:\/\/organonpro.com\/fr-ch\/","name":"Bienvenue \u00e0 Organon Pro Schweiz \u2013 Un portail destin\u00e9 aux soins de la sant\u00e9","isPartOf":{"@id":"https:\/\/organonpro.com\/fr-ch\/#website"},"primaryImageOfPage":{"@id":"https:\/\/organonpro.com\/fr-ch\/#primaryimage"},"image":{"@id":"https:\/\/organonpro.com\/fr-ch\/#primaryimage"},"thumbnailUrl":"https:\/\/organonpro.com\/fr-ch\/wp-content\/uploads\/sites\/67\/2023\/08\/Innovation.png","datePublished":"2022-08-22T09:26:18+00:00","dateModified":"2024-08-05T11:50:02+00:00","description":"Un portail de ressources pour les professionnels de la sant\u00e9 et les patients ciblant la sant\u00e9 des femmes, la fertilit\u00e9, la contraception, la m\u00e9nopause, les maladies cardiovasculaires, la gestion de la douleur et les biosimilaires.","breadcrumb":{"@id":"https:\/\/organonpro.com\/fr-ch\/#breadcrumb"},"inLanguage":"en-US","potentialAction":[{"@type":"ReadAction","target":["https:\/\/organonpro.com\/fr-ch\/"]}]},{"@type":"ImageObject","inLanguage":"en-US","@id":"https:\/\/organonpro.com\/fr-ch\/#primaryimage","url":"https:\/\/organonpro.com\/fr-ch\/wp-content\/uploads\/sites\/67\/2023\/08\/Innovation.png","contentUrl":"https:\/\/organonpro.com\/fr-ch\/wp-content\/uploads\/sites\/67\/2023\/08\/Innovation.png","width":4001,"height":3001},{"@type":"BreadcrumbList","@id":"https:\/\/organonpro.com\/fr-ch\/#breadcrumb","itemListElement":[{"@type":"ListItem","position":1,"name":"Accueil","item":"https:\/\/organonpro.com\/fr-ch\/"},{"@type":"ListItem","position":2,"name":"Home"}]},{"@type":"WebSite","@id":"https:\/\/organonpro.com\/fr-ch\/#website","url":"https:\/\/organonpro.com\/fr-ch\/","name":"Organon Healthcare Fr","description":"Here for Her Health","publisher":{"@id":"https:\/\/organonpro.com\/fr-ch\/#organization"},"potentialAction":[{"@type":"SearchAction","target":{"@type":"EntryPoint","urlTemplate":"https:\/\/organonpro.com\/fr-ch\/?s={search_term_string}"},"query-input":{"@type":"PropertyValueSpecification","valueRequired":true,"valueName":"search_term_string"}}],"inLanguage":"en-US"},{"@type":"Organization","@id":"https:\/\/organonpro.com\/fr-ch\/#organization","name":"Organon Healthcare Fr","url":"https:\/\/organonpro.com\/fr-ch\/","logo":{"@type":"ImageObject","inLanguage":"en-US","@id":"https:\/\/organonpro.com\/fr-ch\/#\/schema\/logo\/image\/","url":"https:\/\/organonpro.com\/fr-ch\/wp-content\/uploads\/sites\/67\/2022\/10\/MicrosoftTeams-image-2.webp","contentUrl":"https:\/\/organonpro.com\/fr-ch\/wp-content\/uploads\/sites\/67\/2022\/10\/MicrosoftTeams-image-2.webp","width":2269,"height":243,"caption":"Organon Healthcare Fr"},"image":{"@id":"https:\/\/organonpro.com\/fr-ch\/#\/schema\/logo\/image\/"}}]}},"_links":{"self":[{"href":"https:\/\/organonpro.com\/fr-ch\/wp-json\/wp\/v2\/pages\/4","targetHints":{"allow":["GET"]}}],"collection":[{"href":"https:\/\/organonpro.com\/fr-ch\/wp-json\/wp\/v2\/pages"}],"about":[{"href":"https:\/\/organonpro.com\/fr-ch\/wp-json\/wp\/v2\/types\/page"}],"author":[{"embeddable":true,"href":"https:\/\/organonpro.com\/fr-ch\/wp-json\/wp\/v2\/users\/19"}],"replies":[{"embeddable":true,"href":"https:\/\/organonpro.com\/fr-ch\/wp-json\/wp\/v2\/comments?post=4"}],"version-history":[{"count":21,"href":"https:\/\/organonpro.com\/fr-ch\/wp-json\/wp\/v2\/pages\/4\/revisions"}],"predecessor-version":[{"id":466,"href":"https:\/\/organonpro.com\/fr-ch\/wp-json\/wp\/v2\/pages\/4\/revisions\/466"}],"wp:featuredmedia":[{"embeddable":true,"href":"https:\/\/organonpro.com\/fr-ch\/wp-json\/wp\/v2\/media\/341"}],"wp:attachment":[{"href":"https:\/\/organonpro.com\/fr-ch\/wp-json\/wp\/v2\/media?parent=4"}],"curies":[{"name":"wp","href":"https:\/\/api.w.org\/{rel}","templated":true}]}}