{"id":4,"date":"2022-08-22T09:26:18","date_gmt":"2022-08-22T09:26:18","guid":{"rendered":"https:\/\/organonpro.com\/ca-fr\/?page_id=4"},"modified":"2024-08-05T11:45:45","modified_gmt":"2024-08-05T11:45:45","slug":"home","status":"publish","type":"page","link":"https:\/\/organonpro.com\/fr-ca\/","title":{"rendered":"Accueil &#8211; Utilisateur Non Inscrit"},"content":{"rendered":"\n<section class=\"wp-block-orc2-hero-banner  hero-banner-section-a894cbb4-cf67-4ca9-8cf5-6b4b8aad5393 hero-section\" style=\"background-color:#f4f4f4\"><style>.hero-banner-section-a894cbb4-cf67-4ca9-8cf5-6b4b8aad5393{margin-top:0rem; margin-bottom:0rem;} @media screen and (min-width: 320px) and (max-width: 759px) {.hero-banner-section-a894cbb4-cf67-4ca9-8cf5-6b4b8aad5393{margin-top:0rem; margin-bottom:0rem;}}<\/style><div class=\"container\"><div class=\"row\"><div class=\"col-lg-4 col-md-5 col-sm-9 hero-text has-content\"><h1 class=\"hero-title-text\">Bienvenue \u00e0 Organon\u00a0Pro<\/h1><p class=\"hero-title-text\">Votre carrefour num\u00e9rique d\u2019activit\u00e9s d\u2019apprentissage et de formation, de ressources, d\u2019outils et de services.\u00a0<\/p><div class=\"action-panel  \"><div class=\"hero-login-register\" style=\"display:none;\"><a class=\"btn btn-theme hero-loginButton organon-login-required\" href=\"#\">Login<\/a><a class=\"btn btn-theme hero-registerButton\" href=\"#\">Register<\/a><\/div><div class=\"hideLogDetail hero-buttonsChipsSection\" style=\"display:none;\"><a class=\"btn btn-theme \" href=\"\" rel=\"noopener noreferrer\" target=\"_self\">Se connecter<\/a><a class=\"btn btn-outline\" href=\"\" rel=\"noopener noreferrer\" target=\"_self\">S\u2019inscrire<\/a><\/div><\/div><\/div><\/div><\/div><div class=\"hero-img  with-curve gatedEnable\"><div><div><img decoding=\"async\" src=\"https:\/\/organonpro.com\/ca-fr\/wp-content\/uploads\/sites\/57\/2023\/11\/iStock-1201730019.jpg\" alt=\"hero\"\/><\/div><\/div><\/div><\/section>\n\n\n\n<h2 class=\"wp-block-heading has-text-align-center has-white-color has-text-color has-background\" id=\"h-inscrivez-vous-en-3-etapes\" style=\"background-color:#e20177\">Inscrivez-vous en 3\u00a0\u00e9tapes<\/h2>\n\n\n    <style>\r\n        :root {\r\n            --factoid-button-text-color- factoid-block_b35d16dabd71b825cf93f207b8705763:\r\n                #ffffff;\r\n            --factoid-button-color- factoid-block_b35d16dabd71b825cf93f207b8705763:\r\n                #E20177;\r\n            --factoid-button-hover-color- factoid-block_b35d16dabd71b825cf93f207b8705763:\r\n                #9E0053;\r\n        }\r\n\r\n        #factoid-block_b35d16dabd71b825cf93f207b8705763.factoid-bottom .btn.btn-theme {\r\n            color: var(--factoid-button-text-color- factoid-block_b35d16dabd71b825cf93f207b8705763);\r\n            background: var(--factoid-button-color- factoid-block_b35d16dabd71b825cf93f207b8705763);\r\n        }\r\n\r\n        #factoid-block_b35d16dabd71b825cf93f207b8705763.factoid-bottom .btn.btn-theme:hover {\r\n            background: var(--factoid-button-hover-color- factoid-block_b35d16dabd71b825cf93f207b8705763);\r\n        }\r\n    <\/style>\r\n    <section id=\"factoid-block_b35d16dabd71b825cf93f207b8705763\" class=\"factoid factoidcards factoid-col__three factoid-col__border factoid-has-bg-color factoid-additional-\"  style=\"background:#ffffff\">    <div class=\"container\">\r\n        <div class=\"factoid-cards\">\r\n            <div class=\"factoid-header\">\r\n                            <\/div>\r\n            <div class=\"factoid-body card-without-vertical-separator factoid-without-title-description\">\r\n                <div class=\"factoid-row row\">\r\n                                                <div class=\"factoid-col col card-has-rounded-corners \" style=\"background: rgba(255, 255, 255, 100%);\">\r\n                                                                    <div class=\"factoid-card card\">\r\n                                                                                    <div class=\"factoid-image \">\r\n                                                <div class=\"factoid-image__row\">\r\n                                                    <div class=\"factoid-image__col\"><img decoding=\"async\" width=\"150\" height=\"150\" src=\"https:\/\/organonpro.com\/fr-ca\/wp-content\/uploads\/sites\/57\/2023\/11\/Asset-20.svg?w=150\" class=\"card-img-top \" alt=\"\" loading=\"lazy\" \/><\/div>                                                <\/div>\r\n                                            <\/div>\r\n                                                                                <div class=\"factoid-content\">\r\n                                            <p class=\"factoid-text\" style=\"font-size:15px\">Remplissez le formulaire d\u2019inscription.<\/p>\r\n                                        <\/div>\r\n                                        <div class=\"factoid-bottom\">\r\n                                                                                    <\/div>\r\n                                    <\/div>\r\n                                                            <\/div>\r\n                                                    <div class=\"factoid-col col card-has-rounded-corners card-has-bg-color\" style=\"background: rgba(255, 255, 255, 100%);\">\r\n                                                                    <div class=\"factoid-card card\">\r\n                                                                                    <div class=\"factoid-image \">\r\n                                                <div class=\"factoid-image__row\">\r\n                                                    <div class=\"factoid-image__col\"><img decoding=\"async\" width=\"150\" height=\"150\" src=\"https:\/\/organonpro.com\/fr-ca\/wp-content\/uploads\/sites\/57\/2023\/11\/Asset-18.svg?w=150\" class=\"card-img-top \" alt=\"\" loading=\"lazy\" \/><\/div>                                                <\/div>\r\n                                            <\/div>\r\n                                                                                <div class=\"factoid-content\">\r\n                                            <p class=\"factoid-text\" style=\"font-size:15px\">V\u00e9rifiez vos courriels*.<\/p>\r\n                                        <\/div>\r\n                                        <div class=\"factoid-bottom\">\r\n                                                                                    <\/div>\r\n                                    <\/div>\r\n                                                            <\/div>\r\n                                                    <div class=\"factoid-col col card-has-rounded-corners card-has-bg-color\" style=\"background: rgba(255, 255, 255, 100%);\">\r\n                                                                    <div class=\"factoid-card card\">\r\n                                                                                    <div class=\"factoid-image \">\r\n                                                <div class=\"factoid-image__row\">\r\n                                                    <div class=\"factoid-image__col\"><img decoding=\"async\" width=\"150\" height=\"150\" src=\"https:\/\/organonpro.com\/fr-ca\/wp-content\/uploads\/sites\/57\/2023\/11\/Asset-19.svg?w=150\" class=\"card-img-top \" alt=\"\" loading=\"lazy\" \/><\/div>                                                <\/div>\r\n                                            <\/div>\r\n                                                                                <div class=\"factoid-content\">\r\n                                            <p class=\"factoid-text\" style=\"font-size:15px\">Acc\u00e9dez \u00e0 une biblioth\u00e8que d\u2019activit\u00e9s d\u2019apprentissage et de ressources.<\/p>\r\n                                        <\/div>\r\n                                        <div class=\"factoid-bottom\">\r\n                                                                                    <\/div>\r\n                                    <\/div>\r\n                                                            <\/div>\r\n                                        <\/div>\r\n            <\/div>\r\n\r\n            <div class=\"factoid-footer\"><div class=\"fc-botton-text\">* Votre compte sera activ\u00e9 une fois que vous aurez confirm\u00e9 \u00eatre un professionnel de la sant\u00e9 canadien.<\/div><\/div>        <\/div>\r\n\r\n\r\n    <\/div>\r\n<\/section>","protected":false},"excerpt":{"rendered":"<p>Inscrivez-vous en 3\u00a0\u00e9tapes<\/p>\n","protected":false},"author":19,"featured_media":0,"parent":0,"menu_order":0,"comment_status":"closed","ping_status":"closed","template":"templates\/home.php","meta":{"_acf_changed":false,"footnotes":""},"class_list":["post-4","page","type-page","status-publish","hentry"],"acf":[],"yoast_head":"<!-- This site is optimized with the Yoast SEO Premium plugin v20.11 (Yoast SEO v26.6) - https:\/\/yoast.com\/wordpress\/plugins\/seo\/ -->\n<title>Bienvenue | Organon Pro<\/title>\n<meta name=\"description\" content=\"Visitez le site d\u2019Organon Pro pour acc\u00e9der \u00e0 des activit\u00e9s d\u2019apprentissage et de formation et \u00e0 des ressources professionnelles.\" \/>\n<meta name=\"robots\" content=\"index, follow, max-snippet:-1, max-image-preview:large, max-video-preview:-1\" \/>\n<link rel=\"canonical\" href=\"https:\/\/organonpro.com\/fr-ca\/\" \/>\n<meta property=\"og:locale\" content=\"en_US\" \/>\n<meta property=\"og:type\" content=\"article\" \/>\n<meta property=\"og:title\" content=\"Accueil - Utilisateur Non Inscrit\" \/>\n<meta property=\"og:description\" content=\"Visitez le site d\u2019Organon Pro pour acc\u00e9der \u00e0 des activit\u00e9s d\u2019apprentissage et de formation et \u00e0 des ressources professionnelles.\" \/>\n<meta property=\"og:url\" content=\"https:\/\/organonpro.com\/fr-ca\/\" \/>\n<meta property=\"og:site_name\" content=\"Organon Pro French\" \/>\n<meta property=\"article:modified_time\" content=\"2024-08-05T11:45:45+00:00\" \/>\n<meta property=\"og:image\" content=\"https:\/\/organonpro.com\/ca-fr\/wp-content\/uploads\/sites\/57\/2023\/11\/iStock-1201730019.jpg\" \/>\n<meta name=\"twitter:card\" content=\"summary_large_image\" \/>\n<meta name=\"twitter:label1\" content=\"Est. reading time\" \/>\n\t<meta name=\"twitter:data1\" content=\"1 minute\" \/>\n<script type=\"application\/ld+json\" class=\"yoast-schema-graph\">{\"@context\":\"https:\/\/schema.org\",\"@graph\":[{\"@type\":\"WebPage\",\"@id\":\"https:\/\/organonpro.com\/fr-ca\/\",\"url\":\"https:\/\/organonpro.com\/fr-ca\/\",\"name\":\"Bienvenue | Organon Pro\",\"isPartOf\":{\"@id\":\"https:\/\/organonpro.com\/fr-ca\/#website\"},\"primaryImageOfPage\":{\"@id\":\"https:\/\/organonpro.com\/fr-ca\/#primaryimage\"},\"image\":{\"@id\":\"https:\/\/organonpro.com\/fr-ca\/#primaryimage\"},\"thumbnailUrl\":\"https:\/\/organonpro.com\/ca-fr\/wp-content\/uploads\/sites\/57\/2023\/11\/iStock-1201730019.jpg\",\"datePublished\":\"2022-08-22T09:26:18+00:00\",\"dateModified\":\"2024-08-05T11:45:45+00:00\",\"description\":\"Visitez le site d\u2019Organon Pro pour acc\u00e9der \u00e0 des activit\u00e9s d\u2019apprentissage et de formation et \u00e0 des ressources professionnelles.\",\"breadcrumb\":{\"@id\":\"https:\/\/organonpro.com\/fr-ca\/#breadcrumb\"},\"inLanguage\":\"en-US\",\"potentialAction\":[{\"@type\":\"ReadAction\",\"target\":[\"https:\/\/organonpro.com\/fr-ca\/\"]}]},{\"@type\":\"ImageObject\",\"inLanguage\":\"en-US\",\"@id\":\"https:\/\/organonpro.com\/fr-ca\/#primaryimage\",\"url\":\"https:\/\/organonpro.com\/ca-fr\/wp-content\/uploads\/sites\/57\/2023\/11\/iStock-1201730019.jpg\",\"contentUrl\":\"https:\/\/organonpro.com\/ca-fr\/wp-content\/uploads\/sites\/57\/2023\/11\/iStock-1201730019.jpg\"},{\"@type\":\"BreadcrumbList\",\"@id\":\"https:\/\/organonpro.com\/fr-ca\/#breadcrumb\",\"itemListElement\":[{\"@type\":\"ListItem\",\"position\":1,\"name\":\"Home\",\"item\":\"https:\/\/organonpro.com\/fr-ca\/\"},{\"@type\":\"ListItem\",\"position\":2,\"name\":\"Accueil &#8211; Utilisateur Non Inscrit\"}]},{\"@type\":\"WebSite\",\"@id\":\"https:\/\/organonpro.com\/fr-ca\/#website\",\"url\":\"https:\/\/organonpro.com\/fr-ca\/\",\"name\":\"Organon Pro French\",\"description\":\"Organon Pro\",\"potentialAction\":[{\"@type\":\"SearchAction\",\"target\":{\"@type\":\"EntryPoint\",\"urlTemplate\":\"https:\/\/organonpro.com\/fr-ca\/?s={search_term_string}\"},\"query-input\":{\"@type\":\"PropertyValueSpecification\",\"valueRequired\":true,\"valueName\":\"search_term_string\"}}],\"inLanguage\":\"en-US\"}]}<\/script>\n<!-- \/ Yoast SEO Premium plugin. -->","yoast_head_json":{"title":"Bienvenue | Organon Pro","description":"Visitez le site d\u2019Organon Pro pour acc\u00e9der \u00e0 des activit\u00e9s d\u2019apprentissage et de formation et \u00e0 des ressources professionnelles.","robots":{"index":"index","follow":"follow","max-snippet":"max-snippet:-1","max-image-preview":"max-image-preview:large","max-video-preview":"max-video-preview:-1"},"canonical":"https:\/\/organonpro.com\/fr-ca\/","og_locale":"en_US","og_type":"article","og_title":"Accueil - Utilisateur Non Inscrit","og_description":"Visitez le site d\u2019Organon Pro pour acc\u00e9der \u00e0 des activit\u00e9s d\u2019apprentissage et de formation et \u00e0 des ressources professionnelles.","og_url":"https:\/\/organonpro.com\/fr-ca\/","og_site_name":"Organon Pro French","article_modified_time":"2024-08-05T11:45:45+00:00","og_image":[{"url":"https:\/\/organonpro.com\/ca-fr\/wp-content\/uploads\/sites\/57\/2023\/11\/iStock-1201730019.jpg","type":"","width":"","height":""}],"twitter_card":"summary_large_image","twitter_misc":{"Est. reading time":"1 minute"},"schema":{"@context":"https:\/\/schema.org","@graph":[{"@type":"WebPage","@id":"https:\/\/organonpro.com\/fr-ca\/","url":"https:\/\/organonpro.com\/fr-ca\/","name":"Bienvenue | Organon Pro","isPartOf":{"@id":"https:\/\/organonpro.com\/fr-ca\/#website"},"primaryImageOfPage":{"@id":"https:\/\/organonpro.com\/fr-ca\/#primaryimage"},"image":{"@id":"https:\/\/organonpro.com\/fr-ca\/#primaryimage"},"thumbnailUrl":"https:\/\/organonpro.com\/ca-fr\/wp-content\/uploads\/sites\/57\/2023\/11\/iStock-1201730019.jpg","datePublished":"2022-08-22T09:26:18+00:00","dateModified":"2024-08-05T11:45:45+00:00","description":"Visitez le site d\u2019Organon Pro pour acc\u00e9der \u00e0 des activit\u00e9s d\u2019apprentissage et de formation et \u00e0 des ressources professionnelles.","breadcrumb":{"@id":"https:\/\/organonpro.com\/fr-ca\/#breadcrumb"},"inLanguage":"en-US","potentialAction":[{"@type":"ReadAction","target":["https:\/\/organonpro.com\/fr-ca\/"]}]},{"@type":"ImageObject","inLanguage":"en-US","@id":"https:\/\/organonpro.com\/fr-ca\/#primaryimage","url":"https:\/\/organonpro.com\/ca-fr\/wp-content\/uploads\/sites\/57\/2023\/11\/iStock-1201730019.jpg","contentUrl":"https:\/\/organonpro.com\/ca-fr\/wp-content\/uploads\/sites\/57\/2023\/11\/iStock-1201730019.jpg"},{"@type":"BreadcrumbList","@id":"https:\/\/organonpro.com\/fr-ca\/#breadcrumb","itemListElement":[{"@type":"ListItem","position":1,"name":"Home","item":"https:\/\/organonpro.com\/fr-ca\/"},{"@type":"ListItem","position":2,"name":"Accueil &#8211; Utilisateur Non Inscrit"}]},{"@type":"WebSite","@id":"https:\/\/organonpro.com\/fr-ca\/#website","url":"https:\/\/organonpro.com\/fr-ca\/","name":"Organon Pro French","description":"Organon Pro","potentialAction":[{"@type":"SearchAction","target":{"@type":"EntryPoint","urlTemplate":"https:\/\/organonpro.com\/fr-ca\/?s={search_term_string}"},"query-input":{"@type":"PropertyValueSpecification","valueRequired":true,"valueName":"search_term_string"}}],"inLanguage":"en-US"}]}},"_links":{"self":[{"href":"https:\/\/organonpro.com\/fr-ca\/wp-json\/wp\/v2\/pages\/4","targetHints":{"allow":["GET"]}}],"collection":[{"href":"https:\/\/organonpro.com\/fr-ca\/wp-json\/wp\/v2\/pages"}],"about":[{"href":"https:\/\/organonpro.com\/fr-ca\/wp-json\/wp\/v2\/types\/page"}],"author":[{"embeddable":true,"href":"https:\/\/organonpro.com\/fr-ca\/wp-json\/wp\/v2\/users\/19"}],"replies":[{"embeddable":true,"href":"https:\/\/organonpro.com\/fr-ca\/wp-json\/wp\/v2\/comments?post=4"}],"version-history":[{"count":66,"href":"https:\/\/organonpro.com\/fr-ca\/wp-json\/wp\/v2\/pages\/4\/revisions"}],"predecessor-version":[{"id":1828,"href":"https:\/\/organonpro.com\/fr-ca\/wp-json\/wp\/v2\/pages\/4\/revisions\/1828"}],"wp:attachment":[{"href":"https:\/\/organonpro.com\/fr-ca\/wp-json\/wp\/v2\/media?parent=4"}],"curies":[{"name":"wp","href":"https:\/\/api.w.org\/{rel}","templated":true}]}}