{"id":129,"date":"2022-09-27T12:30:30","date_gmt":"2022-09-27T12:30:30","guid":{"rendered":"https:\/\/organonpro.com\/ca-fr\/?page_id=129"},"modified":"2023-12-04T20:36:56","modified_gmt":"2023-12-04T20:36:56","slug":"contact-us","status":"publish","type":"page","link":"https:\/\/organonpro.com\/fr-ca\/contact-us\/","title":{"rendered":"Contactez-nous"},"content":{"rendered":"\n<p><\/p>\n\n\n<section id=\"contact-box-block_117d69f92352916b839554756ebb612c\" class=\"contact-page contact-box\" >    <div class=\"container\">\n        \n        <div class=\"row justify-content-center mt-5 gy-4\">\n            \n                    <div class=\"col-xl-4 col-md-6 col-sm-6 text-center\">\n                        <div class=\"product-card card ungated\">\n                            <div class=\"card-body\">\n                                                                                                    <h3 class=\"card-title\">\n                                        Adresse postale                                    <\/h3>\n                                                                                                    <p class=\"card-text\">\n                                        Organon Canada Inc.\r\n<br>\r\n16766, route Transcanadienne, bureau 300\r\n<br \/>\r\nKirkland, (Qu\u00e9bec), Canada H9H 4M7                                    <\/p>\n                                                            <\/div>\n                                                    <\/div>\n                    <\/div>\n\n                \n                    <div class=\"col-xl-4 col-md-6 col-sm-6 text-center\">\n                        <div class=\"product-card card ungated\">\n                            <div class=\"card-body\">\n                                                                                                    <h3 class=\"card-title\">\n                                        Information m\u00e9dicale <br> d&#8217;Organon Canada                                    <\/h3>\n                                                                                                    <p class=\"card-text\">\n                                        Pour poser des questions d\u2019ordre m\u00e9dical ou pour signaler des exp\u00e9riences ind\u00e9sirables, formuler des plaintes ou des commentaires sur un produit d\u2019Organon Canada Inc., veuillez communiquer avec le Centre d\u2019information m\u00e9dicale d\u2019Organon :\r\n<br><br>\r\n   <a href=\"tel::18448205468\">1 844 820-5468<\/a>\r\n<br>\r\n <a href=\"mailto:medinfocanada@organon.com\">medinfocanada@organon.com<\/a><br><br>\r\n\r\nVous pouvez nous joindre les jours ouvrables de 8 h 30 \u00e0 16 h 30, heure de l\u2019Est (HE). En dehors de ces heures, vous pouvez laisser un message d\u00e9taill\u00e9, auquel nous donnerons suite le prochain jour ouvrable, d\u00e9pendant de la nature de votre qu\u00eate.                                    <\/p>\n                                                            <\/div>\n                                                    <\/div>\n                    <\/div>\n\n                \n        <\/div>\n    <\/div>\n<\/section>","protected":false},"excerpt":{"rendered":"","protected":false},"author":11,"featured_media":0,"parent":0,"menu_order":0,"comment_status":"closed","ping_status":"closed","template":"templates\/content-only.php","meta":{"_acf_changed":false,"footnotes":""},"class_list":["post-129","page","type-page","status-publish","hentry"],"acf":[],"yoast_head":"<!-- This site is optimized with the Yoast SEO Premium plugin v20.11 (Yoast SEO v26.6) - https:\/\/yoast.com\/wordpress\/plugins\/seo\/ -->\n<title>Contactez-nous - Organon Pro French<\/title>\n<meta name=\"robots\" content=\"index, follow, max-snippet:-1, max-image-preview:large, max-video-preview:-1\" \/>\n<link rel=\"canonical\" href=\"https:\/\/organonpro.com\/fr-ca\/contact-us\/\" \/>\n<meta property=\"og:locale\" content=\"en_US\" \/>\n<meta property=\"og:type\" content=\"article\" \/>\n<meta property=\"og:title\" content=\"Contactez-nous\" \/>\n<meta property=\"og:url\" content=\"https:\/\/organonpro.com\/fr-ca\/contact-us\/\" \/>\n<meta property=\"og:site_name\" content=\"Organon Pro French\" \/>\n<meta property=\"article:modified_time\" content=\"2023-12-04T20:36:56+00:00\" \/>\n<meta property=\"og:image\" content=\"https:\/\/organonpro.com\/fr-ca\/wp-content\/uploads\/sites\/57\/2022\/12\/organon-pro-og-img.png\" \/>\n\t<meta property=\"og:image:width\" content=\"1200\" \/>\n\t<meta property=\"og:image:height\" content=\"630\" \/>\n\t<meta property=\"og:image:type\" content=\"image\/png\" \/>\n<meta name=\"twitter:card\" content=\"summary_large_image\" \/>\n<script type=\"application\/ld+json\" class=\"yoast-schema-graph\">{\"@context\":\"https:\/\/schema.org\",\"@graph\":[{\"@type\":\"WebPage\",\"@id\":\"https:\/\/organonpro.com\/fr-ca\/contact-us\/\",\"url\":\"https:\/\/organonpro.com\/fr-ca\/contact-us\/\",\"name\":\"Contactez-nous - Organon Pro French\",\"isPartOf\":{\"@id\":\"https:\/\/organonpro.com\/fr-ca\/#website\"},\"datePublished\":\"2022-09-27T12:30:30+00:00\",\"dateModified\":\"2023-12-04T20:36:56+00:00\",\"breadcrumb\":{\"@id\":\"https:\/\/organonpro.com\/fr-ca\/contact-us\/#breadcrumb\"},\"inLanguage\":\"en-US\",\"potentialAction\":[{\"@type\":\"ReadAction\",\"target\":[\"https:\/\/organonpro.com\/fr-ca\/contact-us\/\"]}]},{\"@type\":\"BreadcrumbList\",\"@id\":\"https:\/\/organonpro.com\/fr-ca\/contact-us\/#breadcrumb\",\"itemListElement\":[{\"@type\":\"ListItem\",\"position\":1,\"name\":\"Home\",\"item\":\"https:\/\/organonpro.com\/fr-ca\/\"},{\"@type\":\"ListItem\",\"position\":2,\"name\":\"Contactez-nous\"}]},{\"@type\":\"WebSite\",\"@id\":\"https:\/\/organonpro.com\/fr-ca\/#website\",\"url\":\"https:\/\/organonpro.com\/fr-ca\/\",\"name\":\"Organon Pro French\",\"description\":\"Organon Pro\",\"potentialAction\":[{\"@type\":\"SearchAction\",\"target\":{\"@type\":\"EntryPoint\",\"urlTemplate\":\"https:\/\/organonpro.com\/fr-ca\/?s={search_term_string}\"},\"query-input\":{\"@type\":\"PropertyValueSpecification\",\"valueRequired\":true,\"valueName\":\"search_term_string\"}}],\"inLanguage\":\"en-US\"}]}<\/script>\n<!-- \/ Yoast SEO Premium plugin. -->","yoast_head_json":{"title":"Contactez-nous - Organon Pro French","robots":{"index":"index","follow":"follow","max-snippet":"max-snippet:-1","max-image-preview":"max-image-preview:large","max-video-preview":"max-video-preview:-1"},"canonical":"https:\/\/organonpro.com\/fr-ca\/contact-us\/","og_locale":"en_US","og_type":"article","og_title":"Contactez-nous","og_url":"https:\/\/organonpro.com\/fr-ca\/contact-us\/","og_site_name":"Organon Pro French","article_modified_time":"2023-12-04T20:36:56+00:00","og_image":[{"width":1200,"height":630,"url":"https:\/\/organonpro.com\/fr-ca\/wp-content\/uploads\/sites\/57\/2022\/12\/organon-pro-og-img.png","type":"image\/png"}],"twitter_card":"summary_large_image","schema":{"@context":"https:\/\/schema.org","@graph":[{"@type":"WebPage","@id":"https:\/\/organonpro.com\/fr-ca\/contact-us\/","url":"https:\/\/organonpro.com\/fr-ca\/contact-us\/","name":"Contactez-nous - Organon Pro French","isPartOf":{"@id":"https:\/\/organonpro.com\/fr-ca\/#website"},"datePublished":"2022-09-27T12:30:30+00:00","dateModified":"2023-12-04T20:36:56+00:00","breadcrumb":{"@id":"https:\/\/organonpro.com\/fr-ca\/contact-us\/#breadcrumb"},"inLanguage":"en-US","potentialAction":[{"@type":"ReadAction","target":["https:\/\/organonpro.com\/fr-ca\/contact-us\/"]}]},{"@type":"BreadcrumbList","@id":"https:\/\/organonpro.com\/fr-ca\/contact-us\/#breadcrumb","itemListElement":[{"@type":"ListItem","position":1,"name":"Home","item":"https:\/\/organonpro.com\/fr-ca\/"},{"@type":"ListItem","position":2,"name":"Contactez-nous"}]},{"@type":"WebSite","@id":"https:\/\/organonpro.com\/fr-ca\/#website","url":"https:\/\/organonpro.com\/fr-ca\/","name":"Organon Pro French","description":"Organon Pro","potentialAction":[{"@type":"SearchAction","target":{"@type":"EntryPoint","urlTemplate":"https:\/\/organonpro.com\/fr-ca\/?s={search_term_string}"},"query-input":{"@type":"PropertyValueSpecification","valueRequired":true,"valueName":"search_term_string"}}],"inLanguage":"en-US"}]}},"_links":{"self":[{"href":"https:\/\/organonpro.com\/fr-ca\/wp-json\/wp\/v2\/pages\/129","targetHints":{"allow":["GET"]}}],"collection":[{"href":"https:\/\/organonpro.com\/fr-ca\/wp-json\/wp\/v2\/pages"}],"about":[{"href":"https:\/\/organonpro.com\/fr-ca\/wp-json\/wp\/v2\/types\/page"}],"author":[{"embeddable":true,"href":"https:\/\/organonpro.com\/fr-ca\/wp-json\/wp\/v2\/users\/11"}],"replies":[{"embeddable":true,"href":"https:\/\/organonpro.com\/fr-ca\/wp-json\/wp\/v2\/comments?post=129"}],"version-history":[{"count":21,"href":"https:\/\/organonpro.com\/fr-ca\/wp-json\/wp\/v2\/pages\/129\/revisions"}],"predecessor-version":[{"id":1736,"href":"https:\/\/organonpro.com\/fr-ca\/wp-json\/wp\/v2\/pages\/129\/revisions\/1736"}],"wp:attachment":[{"href":"https:\/\/organonpro.com\/fr-ca\/wp-json\/wp\/v2\/media?parent=129"}],"curies":[{"name":"wp","href":"https:\/\/api.w.org\/{rel}","templated":true}]}}