{"id":4,"date":"2022-08-22T09:26:18","date_gmt":"2022-08-22T09:26:18","guid":{"rendered":"https:\/\/organonpro.com\/be-fr\/?page_id=4"},"modified":"2024-11-20T07:41:29","modified_gmt":"2024-11-20T07:41:29","slug":"home","status":"publish","type":"page","link":"https:\/\/organonpro.com\/fr-be\/","title":{"rendered":"Accueil"},"content":{"rendered":"\n<section class=\"wp-block-orc2-hero-banner image-on-left  hero-section\" style=\"background-color:\"><div class=\"container\"><div class=\"row\"><div class=\"col-lg-4 col-md-5 col-sm-9 hero-text has-content\"><h1 class=\"hero-title-text\">Organon<br>Here for her health<\/h1><p class=\"hero-title-text\">Am\u00e9liorer la sant\u00e9 de chaque femme et faire que chaque jour soit meilleur que le pr\u00e9cedent. C\u2019est notre but, celui auquel nous nous consacrons chaque jour pour faire la diff\u00e9rence dans la sant\u00e9 des femmes. C\u2019est ce qui nous inspire \u00e0 repousser les limites d\u2019aujourd\u2019hui pour leur offrir un avenir plus sain, \u00e0 elles, mais aussi \u00e0 leurs familles et leurs proches \u00e0 travers le monde.<\/p><div class=\"action-panel  \"><div class=\"hero-login-register\" style=\"display:none;\"><a class=\"btn btn-theme hero-loginButton organon-login-required\" href=\"#\">Login<\/a><a class=\"btn btn-theme hero-registerButton\" href=\"#\">Register<\/a><\/div><\/div><\/div><\/div><\/div><div class=\"hero-img   gatedEnable\"><img decoding=\"async\" src=\"https:\/\/organonpro.com\/fr-be\/wp-content\/uploads\/sites\/24\/2022\/08\/home-heading.png\" alt=\"hero\"\/><\/div><\/section>\n\n\n    <input type=\"hidden\" name=\"pagination_item_per_page\" id=\"pagination_item_per_page\" value=\"9\" \/>\n    <input type=\"hidden\" name=\"show_pagination_generic\" id=\"show_pagination_generic\" value=\"\" \/>\n        <section class=\"event-cards generic-cards generic-additional-generic-cards-block_6a1e3de87bd03ea2b712222713a32847\" id=\"generic-cards-block_6a1e3de87bd03ea2b712222713a32847\">\n                <div class=\"container\">\n                            <div class=\"row justify-content-center\">\n                    <div class=\"col-xl-6 col-md-6 col-sm-12 text-center d-block\">\n                                                    <h2>\n                                Notre expertise                            <\/h2>\n                                                                    <\/div>\n                <\/div>\n                        <div class=\"row\" id=\"allgenericcards\">\n                                        <div class=\"col-xl-4 col-md-6 col-sm-6 genericcardlisting\">\n                                                                                                                                <div class=\"event-card card generic-with-icon  ungated\">\n                                                                                    <div class=\"card-image \">\n                                                <img decoding=\"async\" width=\"64\" height=\"48\" src=\"https:\/\/organonpro.com\/fr-be\/wp-content\/uploads\/sites\/24\/2022\/08\/Organon_Icon_Color_Biosimilars-3.png?w=64\" class=\"\" alt=\"\" loading=\"lazy\" srcset=\"https:\/\/organonpro.com\/fr-be\/wp-content\/uploads\/sites\/24\/2022\/08\/Organon_Icon_Color_Biosimilars-3.png 72w, https:\/\/organonpro.com\/fr-be\/wp-content\/uploads\/sites\/24\/2022\/08\/Organon_Icon_Color_Biosimilars-3.png?resize=64,48 64w\" sizes=\"auto, (max-width: 64px) 100vw, 64px\" \/>                                            <\/div>\n                                                                                <div class=\" card-details-div\">\n                                                                                            <div class=\"card-body\">\n                                                                                                            <h2 class=\"card-title sortme\">\n                                                            Fertilit\u00e9                                                        <\/h2>\n                                                                                                                                                                <p class=\"card-text\">\n                                                            Avoir des probl\u00e8mes de fertilit\u00e9 peut \u00eatre une \u00e9preuve difficile pour la femme. En l\u2019aidant \u00e0 surpasser son infertilit\u00e9 gr\u00e2ce \u00e0 nos traitements, nous lui permettons de faire de son r\u00eave de devenir m\u00e8re une r\u00e9alit\u00e9, en toute s\u00e9curit\u00e9.                                                        <\/p>\n                                                                                                    <\/div>\n                                                                                                                                        <div class=\"card-footer\">\n                                                                                                        <a class=\"\" target=\"_blank\" href=\"https:\/\/organonpro.com\/fr-be\/aires-therapeutiques\/fertilite\/\">Plus d\u2019informations<ion-icon name=\"chevron-forward-outline\"><\/ion-icon> <\/a>\n                                                <\/div>\n                                                                                    <\/div>\n                                    <\/div>\n                                                                                        <\/div>\n                                            <div class=\"col-xl-4 col-md-6 col-sm-6 genericcardlisting\">\n                                                                                                                                <div class=\"event-card card generic-with-icon  ungated\">\n                                                                                    <div class=\"card-image \">\n                                                <img decoding=\"async\" width=\"64\" height=\"48\" src=\"https:\/\/organonpro.com\/fr-be\/wp-content\/uploads\/sites\/24\/2022\/08\/Organon_Icon_Color_Biosimilars-1.png?w=64\" class=\"\" alt=\"\" loading=\"lazy\" srcset=\"https:\/\/organonpro.com\/fr-be\/wp-content\/uploads\/sites\/24\/2022\/08\/Organon_Icon_Color_Biosimilars-1.png 72w, https:\/\/organonpro.com\/fr-be\/wp-content\/uploads\/sites\/24\/2022\/08\/Organon_Icon_Color_Biosimilars-1.png?resize=64,48 64w\" sizes=\"auto, (max-width: 64px) 100vw, 64px\" \/>                                            <\/div>\n                                                                                <div class=\" card-details-div\">\n                                                                                            <div class=\"card-body\">\n                                                                                                            <h2 class=\"card-title sortme\">\n                                                            Contraception                                                        <\/h2>\n                                                                                                                                                                <p class=\"card-text\">\n                                                            Depuis plus de 50 ans, Organon d\u00e9veloppe et propose des solutions contraceptives innovantes et adapt\u00e9es aux besoins de chaque femme. Nous souhaitons ainsi rendre la contraception f\u00e9minine plus simple, leur permettant de se focaliser sur ce qui leur importe le plus et ainsi vivre la vie qu\u2019elles d\u00e9sirent avoir.                                                        <\/p>\n                                                                                                    <\/div>\n                                                                                                                                        <div class=\"card-footer\">\n                                                                                                        <a class=\"\" target=\"_blank\" href=\"https:\/\/organonpro.com\/fr-be\/aires-therapeutiques\/contraception\/\">Plus d\u2019informations<ion-icon name=\"chevron-forward-outline\"><\/ion-icon> <\/a>\n                                                <\/div>\n                                                                                    <\/div>\n                                    <\/div>\n                                                                                        <\/div>\n                                            <div class=\"col-xl-4 col-md-6 col-sm-6 genericcardlisting\">\n                                                                                                                                <div class=\"event-card card generic-with-icon  ungated\">\n                                                                                    <div class=\"card-image \">\n                                                <img decoding=\"async\" width=\"64\" height=\"48\" src=\"https:\/\/organonpro.com\/fr-be\/wp-content\/uploads\/sites\/24\/2022\/08\/Organon_Icon_Color_Biosimilars-2.png?w=64\" class=\"\" alt=\"\" loading=\"lazy\" srcset=\"https:\/\/organonpro.com\/fr-be\/wp-content\/uploads\/sites\/24\/2022\/08\/Organon_Icon_Color_Biosimilars-2.png 72w, https:\/\/organonpro.com\/fr-be\/wp-content\/uploads\/sites\/24\/2022\/08\/Organon_Icon_Color_Biosimilars-2.png?resize=64,48 64w\" sizes=\"auto, (max-width: 64px) 100vw, 64px\" \/>                                            <\/div>\n                                                                                <div class=\" card-details-div\">\n                                                                                            <div class=\"card-body\">\n                                                                                                            <h2 class=\"card-title sortme\">\n                                                            Biosimilaires                                                        <\/h2>\n                                                                                                                                                                <p class=\"card-text\">\n                                                            Nous offrons plus d\u2019options th\u00e9rapeutiques accessibles \u00e0 plus de patients gr\u00e2ce \u00e0 notre panel de biosimilaires couvrant divers domaines.\r\n<\/br>\r\n<\/br>\r\nBient\u00f4t disponible                                                        <\/p>\n                                                                                                    <\/div>\n                                                                                                                                <\/div>\n                                    <\/div>\n                                                                                        <\/div>\n                                            <div class=\"col-xl-4 col-md-6 col-sm-6 genericcardlisting\">\n                                                                                                                                <div class=\"event-card card generic-with-icon  ungated\">\n                                                                                    <div class=\"card-image \">\n                                                <img decoding=\"async\" width=\"64\" height=\"48\" src=\"https:\/\/organonpro.com\/fr-be\/wp-content\/uploads\/sites\/24\/2022\/08\/Organon_Icon_Color_Medicamentss.png?w=64\" class=\"\" alt=\"\" loading=\"lazy\" srcset=\"https:\/\/organonpro.com\/fr-be\/wp-content\/uploads\/sites\/24\/2022\/08\/Organon_Icon_Color_Medicamentss.png 72w, https:\/\/organonpro.com\/fr-be\/wp-content\/uploads\/sites\/24\/2022\/08\/Organon_Icon_Color_Medicamentss.png?resize=64,48 64w\" sizes=\"auto, (max-width: 64px) 100vw, 64px\" \/>                                            <\/div>\n                                                                                <div class=\" card-details-div\">\n                                                                                            <div class=\"card-body\">\n                                                                                                            <h2 class=\"card-title sortme\">\n                                                            M\u00e9dicaments de r\u00e9f\u00e9rence                                                        <\/h2>\n                                                                                                                                                                <p class=\"card-text\">\n                                                            Organon propose des m\u00e9dicaments dans divers domaines tels que la douleur, la sant\u00e9 cardio-vasculaire, respiratoire ou encore la dermatologie.                                                        <\/p>\n                                                                                                    <\/div>\n                                                                                                                                        <div class=\"card-footer\">\n                                                                                                        <a class=\"\" target=\"\" href=\"https:\/\/organonpro.com\/fr-be\/aires-therapeutiques\/medicaments-de-reference\/\">Plus d\u2019informations<ion-icon name=\"chevron-forward-outline\"><\/ion-icon> <\/a>\n                                                <\/div>\n                                                                                    <\/div>\n                                    <\/div>\n                                                                                        <\/div>\n                                                    \n            <\/div>\n        <\/div>\n    <\/section>\n\n\n\n<section class=\"splits splits-ratio splits-half splits-pill  isgated\" style=\"background-color:\"><div class=\"container\"><div class=\"splits-row row\"><div class=\"splits-figure kdk   col-md-6 col-sm-6 \"><div class=\"splits-figure__bg ab\" style=\"background-image:url(https:\/\/organonpro.com\/fr-be\/wp-content\/uploads\/sites\/24\/2022\/12\/education-e1669898252879.png)\"><\/div><\/div><div class=\"splits-area ka  col-md-6 col-sm-6\"><div class=\"splits-content cd\"><h2 class=\"splits-heading\"><strong><strong>D\u00e9couvrez nos<\/strong><br><strong>derniers articles<\/strong><\/strong><\/h2><p class=\"splits-text\">Une fois enregistr\u00e9, vous pourrez directement consulter nos derniers articles couvrant nos aires th\u00e9rapeutiques.<\/p><div class=\"splits-button herobannerblock\"><div class=\"gated\"><a class=\"btn btn-smoke__primary\" href=\"https:\/\/organonpro.com\/fr-be\/contenu-medical\/\" rel=\"noopener noreferrer\" target=\"_self\">Je m\u2019y rends<\/a><\/div><\/div><\/div><\/div><\/div><\/div><\/section>\n\n\n\n<section class=\"wp-block-orc-two-column-block section-two-column-block-ed98c246-fb6c-4a40-8e91-883526031b5b splits splits-ratio splits-half splits-pill splits-reverse ungated\"><style>@media screen and (min-width: 940px){ .section-two-column-block-ed98c246-fb6c-4a40-8e91-883526031b5b { margin-top: 0rem;margin-bottom: 0rem; }}@media screen and (min-width: 320px) and (max-width: 939px){.section-two-column-block-ed98c246-fb6c-4a40-8e91-883526031b5b { margin-top: 0rem;margin-bottom: 0rem; }}<\/style><section class=\"splits splits-ratio splits-half splits-pill splits-reverse ungated\" style=\"background-color:\"><div class=\"container\"><div class=\"splits-row row\"><div class=\"splits-figure   col-md-6 col-sm-6 \"><div style=\"background-image:url(https:\/\/organonpro.com\/fr-be\/wp-content\/uploads\/sites\/24\/2022\/10\/Contact-us.jpg)\" class=\"splits-figure__bg ab\"><\/div><\/div><div class=\"splits-area  col-md-6 col-sm-6\"><div class=\"splits-content cd\"><h2 class=\"splits-heading\">Contactez-nous, nous serons heureux de vous aider!<\/h2><div class=\"splits-button herobannerblock\"><div class=\"ungated\"><a class=\"btn btn-smoke__primary\" href=\"https:\/\/www.organon.com\/belgium-fr\/nous-contacter\/\" rel=\"noopener noreferrer\" target=\"_blank \">Contactez-nous<\/a><\/div><\/div><\/div><\/div><\/div><\/div><\/section><\/section>\n","protected":false},"excerpt":{"rendered":"","protected":false},"author":19,"featured_media":0,"parent":0,"menu_order":0,"comment_status":"closed","ping_status":"closed","template":"templates\/content-only.php","meta":{"_acf_changed":false,"footnotes":""},"class_list":["post-4","page","type-page","status-publish","hentry"],"acf":[],"yoast_head":"<!-- This site is optimized with the Yoast SEO Premium plugin v20.11 (Yoast SEO v26.6) - https:\/\/yoast.com\/wordpress\/plugins\/seo\/ -->\n<title>Organon - Here for her health Organon Pro - Belgium<\/title>\n<meta name=\"description\" content=\"Un portail destin\u00e9 aux professionnels de la sant\u00e9 et proposant des ressources professionnelles et destin\u00e9es aux patients, ax\u00e9es sur la sant\u00e9 des femmes, la fertilit\u00e9, la contraception, les maladies cardiovasculaires, la gestion de la douleur et les produits biosimilaires.\" \/>\n<meta name=\"robots\" content=\"index, follow, max-snippet:-1, max-image-preview:large, max-video-preview:-1\" \/>\n<link rel=\"canonical\" href=\"https:\/\/organonpro.com\/fr-be\/\" \/>\n<meta property=\"og:locale\" content=\"en_US\" \/>\n<meta property=\"og:type\" content=\"article\" \/>\n<meta property=\"og:title\" content=\"Organon - Here for her health Organon Pro - Belgium\" \/>\n<meta property=\"og:description\" content=\"Un portail destin\u00e9 aux professionnels de la sant\u00e9 et proposant des ressources professionnelles et destin\u00e9es aux patients, ax\u00e9es sur la sant\u00e9 des femmes, la fertilit\u00e9, la contraception, les maladies cardiovasculaires, la gestion de la douleur et les produits biosimilaires.\" \/>\n<meta property=\"og:url\" content=\"https:\/\/organonpro.com\/fr-be\/\" \/>\n<meta property=\"og:site_name\" content=\"Organon Pro - Belgium\" \/>\n<meta property=\"article:modified_time\" content=\"2024-11-20T07:41:29+00:00\" \/>\n<meta property=\"og:image\" content=\"https:\/\/organonpro.com\/fr-be\/wp-content\/uploads\/sites\/24\/2022\/08\/home-heading.png\" \/>\n<meta name=\"twitter:card\" content=\"summary_large_image\" \/>\n<meta name=\"twitter:label1\" content=\"Est. reading time\" \/>\n\t<meta name=\"twitter:data1\" content=\"1 minute\" \/>\n<script type=\"application\/ld+json\" class=\"yoast-schema-graph\">{\"@context\":\"https:\/\/schema.org\",\"@graph\":[{\"@type\":\"WebPage\",\"@id\":\"https:\/\/organonpro.com\/fr-be\/\",\"url\":\"https:\/\/organonpro.com\/fr-be\/\",\"name\":\"Organon - Here for her health Organon Pro - Belgium\",\"isPartOf\":{\"@id\":\"https:\/\/organonpro.com\/fr-be\/#website\"},\"primaryImageOfPage\":{\"@id\":\"https:\/\/organonpro.com\/fr-be\/#primaryimage\"},\"image\":{\"@id\":\"https:\/\/organonpro.com\/fr-be\/#primaryimage\"},\"thumbnailUrl\":\"https:\/\/organonpro.com\/fr-be\/wp-content\/uploads\/sites\/24\/2022\/08\/home-heading.png\",\"datePublished\":\"2022-08-22T09:26:18+00:00\",\"dateModified\":\"2024-11-20T07:41:29+00:00\",\"description\":\"Un portail destin\u00e9 aux professionnels de la sant\u00e9 et proposant des ressources professionnelles et destin\u00e9es aux patients, ax\u00e9es sur la sant\u00e9 des femmes, la fertilit\u00e9, la contraception, les maladies cardiovasculaires, la gestion de la douleur et les produits biosimilaires.\",\"inLanguage\":\"en-US\",\"potentialAction\":[{\"@type\":\"ReadAction\",\"target\":[\"https:\/\/organonpro.com\/fr-be\/\"]}]},{\"@type\":\"ImageObject\",\"inLanguage\":\"en-US\",\"@id\":\"https:\/\/organonpro.com\/fr-be\/#primaryimage\",\"url\":\"https:\/\/organonpro.com\/fr-be\/wp-content\/uploads\/sites\/24\/2022\/08\/home-heading.png\",\"contentUrl\":\"https:\/\/organonpro.com\/fr-be\/wp-content\/uploads\/sites\/24\/2022\/08\/home-heading.png\",\"width\":952,\"height\":504},{\"@type\":\"WebSite\",\"@id\":\"https:\/\/organonpro.com\/fr-be\/#website\",\"url\":\"https:\/\/organonpro.com\/fr-be\/\",\"name\":\"Organon Pro - Belgium\",\"description\":\"Organon Pro - Belgium\",\"potentialAction\":[{\"@type\":\"SearchAction\",\"target\":{\"@type\":\"EntryPoint\",\"urlTemplate\":\"https:\/\/organonpro.com\/fr-be\/?s={search_term_string}\"},\"query-input\":{\"@type\":\"PropertyValueSpecification\",\"valueRequired\":true,\"valueName\":\"search_term_string\"}}],\"inLanguage\":\"en-US\"}]}<\/script>\n<!-- \/ Yoast SEO Premium plugin. -->","yoast_head_json":{"title":"Organon - Here for her health Organon Pro - Belgium","description":"Un portail destin\u00e9 aux professionnels de la sant\u00e9 et proposant des ressources professionnelles et destin\u00e9es aux patients, ax\u00e9es sur la sant\u00e9 des femmes, la fertilit\u00e9, la contraception, les maladies cardiovasculaires, la gestion de la douleur et les produits biosimilaires.","robots":{"index":"index","follow":"follow","max-snippet":"max-snippet:-1","max-image-preview":"max-image-preview:large","max-video-preview":"max-video-preview:-1"},"canonical":"https:\/\/organonpro.com\/fr-be\/","og_locale":"en_US","og_type":"article","og_title":"Organon - Here for her health Organon Pro - Belgium","og_description":"Un portail destin\u00e9 aux professionnels de la sant\u00e9 et proposant des ressources professionnelles et destin\u00e9es aux patients, ax\u00e9es sur la sant\u00e9 des femmes, la fertilit\u00e9, la contraception, les maladies cardiovasculaires, la gestion de la douleur et les produits biosimilaires.","og_url":"https:\/\/organonpro.com\/fr-be\/","og_site_name":"Organon Pro - Belgium","article_modified_time":"2024-11-20T07:41:29+00:00","og_image":[{"url":"https:\/\/organonpro.com\/fr-be\/wp-content\/uploads\/sites\/24\/2022\/08\/home-heading.png","type":"","width":"","height":""}],"twitter_card":"summary_large_image","twitter_misc":{"Est. reading time":"1 minute"},"schema":{"@context":"https:\/\/schema.org","@graph":[{"@type":"WebPage","@id":"https:\/\/organonpro.com\/fr-be\/","url":"https:\/\/organonpro.com\/fr-be\/","name":"Organon - Here for her health Organon Pro - Belgium","isPartOf":{"@id":"https:\/\/organonpro.com\/fr-be\/#website"},"primaryImageOfPage":{"@id":"https:\/\/organonpro.com\/fr-be\/#primaryimage"},"image":{"@id":"https:\/\/organonpro.com\/fr-be\/#primaryimage"},"thumbnailUrl":"https:\/\/organonpro.com\/fr-be\/wp-content\/uploads\/sites\/24\/2022\/08\/home-heading.png","datePublished":"2022-08-22T09:26:18+00:00","dateModified":"2024-11-20T07:41:29+00:00","description":"Un portail destin\u00e9 aux professionnels de la sant\u00e9 et proposant des ressources professionnelles et destin\u00e9es aux patients, ax\u00e9es sur la sant\u00e9 des femmes, la fertilit\u00e9, la contraception, les maladies cardiovasculaires, la gestion de la douleur et les produits biosimilaires.","inLanguage":"en-US","potentialAction":[{"@type":"ReadAction","target":["https:\/\/organonpro.com\/fr-be\/"]}]},{"@type":"ImageObject","inLanguage":"en-US","@id":"https:\/\/organonpro.com\/fr-be\/#primaryimage","url":"https:\/\/organonpro.com\/fr-be\/wp-content\/uploads\/sites\/24\/2022\/08\/home-heading.png","contentUrl":"https:\/\/organonpro.com\/fr-be\/wp-content\/uploads\/sites\/24\/2022\/08\/home-heading.png","width":952,"height":504},{"@type":"WebSite","@id":"https:\/\/organonpro.com\/fr-be\/#website","url":"https:\/\/organonpro.com\/fr-be\/","name":"Organon Pro - Belgium","description":"Organon Pro - Belgium","potentialAction":[{"@type":"SearchAction","target":{"@type":"EntryPoint","urlTemplate":"https:\/\/organonpro.com\/fr-be\/?s={search_term_string}"},"query-input":{"@type":"PropertyValueSpecification","valueRequired":true,"valueName":"search_term_string"}}],"inLanguage":"en-US"}]}},"jetpack_sharing_enabled":true,"_links":{"self":[{"href":"https:\/\/organonpro.com\/fr-be\/wp-json\/wp\/v2\/pages\/4","targetHints":{"allow":["GET"]}}],"collection":[{"href":"https:\/\/organonpro.com\/fr-be\/wp-json\/wp\/v2\/pages"}],"about":[{"href":"https:\/\/organonpro.com\/fr-be\/wp-json\/wp\/v2\/types\/page"}],"author":[{"embeddable":true,"href":"https:\/\/organonpro.com\/fr-be\/wp-json\/wp\/v2\/users\/19"}],"replies":[{"embeddable":true,"href":"https:\/\/organonpro.com\/fr-be\/wp-json\/wp\/v2\/comments?post=4"}],"version-history":[{"count":62,"href":"https:\/\/organonpro.com\/fr-be\/wp-json\/wp\/v2\/pages\/4\/revisions"}],"predecessor-version":[{"id":2211,"href":"https:\/\/organonpro.com\/fr-be\/wp-json\/wp\/v2\/pages\/4\/revisions\/2211"}],"wp:attachment":[{"href":"https:\/\/organonpro.com\/fr-be\/wp-json\/wp\/v2\/media?parent=4"}],"curies":[{"name":"wp","href":"https:\/\/api.w.org\/{rel}","templated":true}]}}