{"id":39,"date":"2022-09-06T08:08:40","date_gmt":"2022-09-06T08:08:40","guid":{"rendered":"https:\/\/organonpro.com\/es-pe\/?page_id=39"},"modified":"2024-01-11T11:38:23","modified_gmt":"2024-01-11T11:38:23","slug":"terminos","status":"publish","type":"page","link":"https:\/\/organonpro.com\/es-pe\/terminos\/","title":{"rendered":"T\u00e9rminos y condiciones"},"content":{"rendered":"\n<p>Estos t\u00e9rminos se revisaron por \u00faltima vez en junio de 2021. Este sitio web es mantenido por Organon LLC, una subsidiaria de Organon &amp; Co., Jersey City, Nueva Jersey, EE. UU. (&#8220;Organon&#8221; o &#8220;la Compa\u00f1\u00eda&#8221;) y est\u00e1 destinado a ser utilizado por personas mayores de 18 a\u00f1os. El contenido de este sitio web puede estar protegido por leyes de derechos de autor. Puede descargar contenido solo para su uso personal y no comercial. Todos los dem\u00e1s usos, incluida la duplicaci\u00f3n de contenido, est\u00e1n estrictamente prohibidos. Las marcas comerciales, las marcas de servicio, la imagen comercial y los logotipos de este sitio est\u00e1n protegidos por las leyes de propiedad intelectual y no se pueden usar, copiar, transmitir, distribuir ni reproducir para ning\u00fan fin sin la autorizaci\u00f3n previa por escrito de un representante legal de Organon.<\/p>\n\n\n\n<p>Al usar este sitio web, usted acepta, sin limitaci\u00f3n ni calificaci\u00f3n, estar sujeto y cumplir con los t\u00e9rminos de uso de esta p\u00e1gina (&#8220;T\u00e9rminos de uso&#8221;). Organon se reserva el derecho de cambiar los T\u00e9rminos de uso de vez en cuando, seg\u00fan lo considere necesario, y proporcionar\u00e1 un aviso en esta p\u00e1gina cuando dicho cambio sea de naturaleza material, incluida la fecha en que dicho cambio entr\u00f3 en vigor. Otros cambios, como el formato o cambios menores de idioma, se notificar\u00e1n posterior a una revisi\u00f3n peri\u00f3dica o adem\u00e1s de un cambio material. Puede acceder a esta p\u00e1gina en cualquier momento, a trav\u00e9s del enlace \u201cT\u00e9rminos de uso\u201d en la parte inferior de cada p\u00e1gina de este sitio web. Nada en este sitio web debe interpretarse como un consejo o una recomendaci\u00f3n con respecto a cualquier decisi\u00f3n o acci\u00f3n relacionada con su salud o la salud de los dem\u00e1s. Si usted es un paciente, debe consultar a un m\u00e9dico u otro profesional de la salud calificado con respecto a cualquier pregunta que tenga sobre su salud o antes de tomar cualquier decisi\u00f3n sobre el tratamiento. Si usted es m\u00e9dico u otro profesional de la salud calificado, no debe permitir que el contenido de este sitio web sustituya su propio criterio m\u00e9dico independiente, que debe ejercer al evaluar la informaci\u00f3n presentada en este sitio web. La informaci\u00f3n del producto se puede presentar en este sitio solo con fines informativos generales; dicha informaci\u00f3n no debe interpretarse como una promoci\u00f3n o solicitud para el uso de cualquier producto que no est\u00e9 espec\u00edficamente autorizado por las leyes y reglamentos de su pa\u00eds de residencia. Para obtener m\u00e1s informaci\u00f3n sobre un producto, consulte la informaci\u00f3n de prescripci\u00f3n completa, aprobada por la autoridad gubernamental pertinente de su pa\u00eds.<\/p>\n\n\n\n<p>Organon ha realizado esfuerzos razonables para garantizar que la informaci\u00f3n en este sitio web sea precisa, completa y actual, Organon renuncia expresamente a cualquier garant\u00eda o representaci\u00f3n con respecto a la precisi\u00f3n, integridad o vigencia de dicha informaci\u00f3n. LA INFORMACI\u00d3N EN ESTE SITIO WEB SE PROPORCIONA &#8220;TAL CUAL&#8221;, SIN GARANT\u00cdA DE NING\u00daN TIPO, EXPRESA O IMPL\u00cdCITA, INCLUYENDO, ENTRE OTRAS, LAS GARANT\u00cdAS IMPL\u00cdCITAS DE COMERCIABILIDAD E IDONEIDAD PARA UN FIN DETERMINADO O NO VIOLACI\u00d3N.<\/p>\n\n\n\n<p>En este sitio web Organon puede recopilar, a trav\u00e9s de procesos de registro u otros medios, informaci\u00f3n personal sobre usted. Consulte la Pol\u00edtica global de privacidad en Internet de Organon para obtener detalles sobre c\u00f3mo protegemos su informaci\u00f3n personal, as\u00ed como la Pol\u00edtica global de seguimiento en l\u00ednea de Organon con respecto a los tipos de cookies y tecnolog\u00edas similares que utilizan nuestros sitios web, aplicaciones web y otros servicios en l\u00ednea, y c\u00f3mo puede controlar cookies en su computadora o dispositivo m\u00f3vil. Usted es responsable de la precisi\u00f3n de cualquier informaci\u00f3n personal sobre usted que proporcione a Organon a trav\u00e9s de este sitio web. Si proporciona informaci\u00f3n personal de otra persona mayor de 18 a\u00f1os 1 en nuestro sitio web, al hacerlo, afirma que est\u00e1 legalmente autorizado para proporcionar dicha informaci\u00f3n.<\/p>\n\n\n\n<p>A excepci\u00f3n de la informaci\u00f3n cubierta por nuestra Pol\u00edtica de Privacidad, cualquier comunicaci\u00f3n o material que transmita, a trav\u00e9s del sitio web, incluidos datos, comentarios, preguntas, sugerencias, ideas, conceptos, conocimientos, t\u00e9cnicas o similares, se convertir\u00e1n en propiedad de Organon. Organon tendr\u00e1 la libertad de usar, divulgar, reproducir o distribuir dichas comunicaciones o materiales sin limitaci\u00f3n de ning\u00fan tipo.<\/p>\n\n\n\n<p>Este sitio web puede contener informaci\u00f3n proporcionada por terceros a trav\u00e9s de enlaces a otros sitios web de Internet. Se proporciona aviso de informaci\u00f3n o enlaces de este tipo en todo el sitio web. Organon no controla ni asume responsabilidad alguna por la informaci\u00f3n proporcionada por terceros ni por el contenido de otros sitios web de Internet a los que proporcionamos enlaces.<\/p>\n\n\n\n<p>Este sitio web puede incluir &#8220;declaraciones prospectivas&#8221; en el sentido de las disposiciones de puerto seguro de la Ley de Reforma de Litigios de Valores Privados de EE. UU. de 1995 y leyes locales similares. Organon no asume ninguna obligaci\u00f3n de actualizar p\u00fablicamente ninguna declaraci\u00f3n prospectiva, ya sea como resultado de nueva informaci\u00f3n, eventos futuros u otros. Los factores adicionales que podr\u00edan causar que los resultados difieran materialmente de los descritos en las declaraciones prospectivas se pueden encontrar en el Informe anual corporativo m\u00e1s reciente de Organon en el Formulario 10-K y otras presentaciones de la Compa\u00f1\u00eda con la Comisi\u00f3n de Bolsa y Valores de los Estados Unidos (SEC) disponibles en http:\/\/www.sec.gov\/<\/p>\n\n\n\n<p>Debe suponer que todas las marcas comerciales, logotipos, dise\u00f1os, esl\u00f3ganes e im\u00e1genes comerciales que aparecen en este sitio web, ya sea que aparezcan o no en letra grande, cursiva o con el s\u00edmbolo de marca registrada, son propiedad de Organon o sus empresas afiliadas, o se utilizan bajo licencia.<\/p>\n\n\n\n<p>Este sitio web tambi\u00e9n puede contener o hacer referencia a patentes, informaci\u00f3n de propiedad, tecnolog\u00edas, productos, procesos u otros derechos de propiedad de Organon y\/u otras partes. No se le otorga ni se le confiere ninguna licencia o derecho sobre tales marcas registradas, patentes, secretos comerciales, tecnolog\u00edas, productos, procesos y otros derechos de propiedad de Organon y\/u otras partes.<\/p>\n\n\n\n<p>No puede distribuir, modificar, transmitir, reutilizar, volver a publicar o usar el contenido del sitio web para fines p\u00fablicos o comerciales, incluidos el texto, las im\u00e1genes, el audio o el video, sin el permiso por escrito de Organon.<\/p>\n\n\n\n<p>Debe suponer que todo lo que ve o lee en este sitio web tiene derechos de autor a menos que se indique lo contrario y no se puede utilizar, excepto seg\u00fan lo dispuesto en los T\u00e9rminos de uso o en el texto del sitio web, sin el permiso por escrito de Organon. Organon no garantiza ni representa que el uso que usted haga de los materiales que se muestran en el sitio web no infringir\u00e1 los derechos de terceros que no sean propiedad de Organon ni est\u00e9n afiliados a esta.<\/p>\n\n\n\n<p>De conformidad con la Secci\u00f3n 230 de la Ley Federal de Decencia en las Comunicaciones de los Estado Unidos de Norteam\u00e9rica, los proveedores de servicios inform\u00e1ticos interactivos no ser\u00e1n tratados como editores o portavoces de ninguna informaci\u00f3n proporcionada por otro proveedor de contenido de informaci\u00f3n. Aunque Organon puede ocasionalmente monitorear o revisar discusiones, chats, publicaciones, transmisiones, tablones de anuncios y similares en el sitio web, si corresponde, Organon no tiene la obligaci\u00f3n de hacerlo y no asume ninguna responsabilidad u obligaci\u00f3n que surja del contenido de ninguna de dichas p\u00e1ginas web o utilidades ni por cualquier error, difamaci\u00f3n, calumnia, omisi\u00f3n, falsedad, obscenidad, pornograf\u00eda, blasfemia, peligro o inexactitud de terceros contenida en cualquier informaci\u00f3n 2 dentro de dichas p\u00e1ginas o utilidades en el sitio web. Tiene prohibido publicar o transmitir cualquier material ilegal, amenazante, calumnioso, difamatorio, obsceno, escandaloso, incendiario, pornogr\u00e1fico o profano o cualquier material que pueda constituir o alentar una conducta que se considerar\u00eda un delito penal, dar\u00eda lugar a responsabilidad civil, o violar cualquier ley.<\/p>\n\n\n\n<p>Si viola estos T\u00e9rminos de uso, Organon se reserva el derecho, a su exclusivo criterio, de suspender o cancelar cualquier cuenta que haya creado en este sitio web y de proceder a discreci\u00f3n conforme a derecho convenga.<\/p>\n","protected":false},"excerpt":{"rendered":"<p>Estos t\u00e9rminos se revisaron por \u00faltima vez en junio de 2021. Este sitio web es mantenido por Organon LLC, una subsidiaria de Organon &amp; Co., Jersey City, Nueva Jersey, EE. UU. (&#8220;Organon&#8221; o &#8220;la Compa\u00f1\u00eda&#8221;) y est\u00e1 destinado a ser utilizado por personas mayores de 18 a\u00f1os. El contenido de este sitio web puede estar [&hellip;]<\/p>\n","protected":false},"author":15,"featured_media":0,"parent":0,"menu_order":0,"comment_status":"closed","ping_status":"closed","template":"","meta":{"_acf_changed":false,"footnotes":""},"class_list":["post-39","page","type-page","status-publish","hentry"],"acf":[],"yoast_head":"<!-- This site is optimized with the Yoast SEO Premium plugin v20.11 (Yoast SEO v26.6) - https:\/\/yoast.com\/wordpress\/plugins\/seo\/ -->\n<title>T\u00e9rminos y condiciones - Organon Pro Peru<\/title>\n<meta name=\"robots\" content=\"index, follow, max-snippet:-1, max-image-preview:large, max-video-preview:-1\" \/>\n<link rel=\"canonical\" href=\"https:\/\/organonpro.com\/es-pe\/terminos\/\" \/>\n<meta property=\"og:locale\" content=\"en_US\" \/>\n<meta property=\"og:type\" content=\"article\" \/>\n<meta property=\"og:title\" content=\"T\u00e9rminos y condiciones\" \/>\n<meta property=\"og:description\" content=\"Estos t\u00e9rminos se revisaron por \u00faltima vez en junio de 2021. Este sitio web es mantenido por Organon LLC, una subsidiaria de Organon &amp; Co., Jersey City, Nueva Jersey, EE. UU. (&#8220;Organon&#8221; o &#8220;la Compa\u00f1\u00eda&#8221;) y est\u00e1 destinado a ser utilizado por personas mayores de 18 a\u00f1os. El contenido de este sitio web puede estar [&hellip;]\" \/>\n<meta property=\"og:url\" content=\"https:\/\/organonpro.com\/es-pe\/terminos\/\" \/>\n<meta property=\"og:site_name\" content=\"Organon Pro Peru\" \/>\n<meta property=\"article:modified_time\" content=\"2024-01-11T11:38:23+00:00\" \/>\n<meta property=\"og:image\" content=\"https:\/\/organonpro.com\/es-pe\/wp-content\/uploads\/sites\/115\/2022\/12\/organon-pro-og-img.png\" \/>\n\t<meta property=\"og:image:width\" content=\"1200\" \/>\n\t<meta property=\"og:image:height\" content=\"630\" \/>\n\t<meta property=\"og:image:type\" content=\"image\/png\" \/>\n<meta name=\"twitter:card\" content=\"summary_large_image\" \/>\n<meta name=\"twitter:label1\" content=\"Est. reading time\" \/>\n\t<meta name=\"twitter:data1\" content=\"6 minutes\" \/>\n<script type=\"application\/ld+json\" class=\"yoast-schema-graph\">{\"@context\":\"https:\/\/schema.org\",\"@graph\":[{\"@type\":\"WebPage\",\"@id\":\"https:\/\/organonpro.com\/es-pe\/terminos\/\",\"url\":\"https:\/\/organonpro.com\/es-pe\/terminos\/\",\"name\":\"T\u00e9rminos y condiciones - Organon Pro Peru\",\"isPartOf\":{\"@id\":\"https:\/\/organonpro.com\/es-pe\/#website\"},\"datePublished\":\"2022-09-06T08:08:40+00:00\",\"dateModified\":\"2024-01-11T11:38:23+00:00\",\"breadcrumb\":{\"@id\":\"https:\/\/organonpro.com\/es-pe\/terminos\/#breadcrumb\"},\"inLanguage\":\"en-US\",\"potentialAction\":[{\"@type\":\"ReadAction\",\"target\":[\"https:\/\/organonpro.com\/es-pe\/terminos\/\"]}]},{\"@type\":\"BreadcrumbList\",\"@id\":\"https:\/\/organonpro.com\/es-pe\/terminos\/#breadcrumb\",\"itemListElement\":[{\"@type\":\"ListItem\",\"position\":1,\"name\":\"Home\",\"item\":\"https:\/\/organonpro.com\/es-pe\/\"},{\"@type\":\"ListItem\",\"position\":2,\"name\":\"T\u00e9rminos y condiciones\"}]},{\"@type\":\"WebSite\",\"@id\":\"https:\/\/organonpro.com\/es-pe\/#website\",\"url\":\"https:\/\/organonpro.com\/es-pe\/\",\"name\":\"Organon Pro Peru\",\"description\":\"Organon Pro Peru\",\"publisher\":{\"@id\":\"https:\/\/organonpro.com\/es-pe\/#organization\"},\"potentialAction\":[{\"@type\":\"SearchAction\",\"target\":{\"@type\":\"EntryPoint\",\"urlTemplate\":\"https:\/\/organonpro.com\/es-pe\/?s={search_term_string}\"},\"query-input\":{\"@type\":\"PropertyValueSpecification\",\"valueRequired\":true,\"valueName\":\"search_term_string\"}}],\"inLanguage\":\"en-US\"},{\"@type\":\"Organization\",\"@id\":\"https:\/\/organonpro.com\/es-pe\/#organization\",\"name\":\"Organon Pro Peru\",\"url\":\"https:\/\/organonpro.com\/es-pe\/\",\"logo\":{\"@type\":\"ImageObject\",\"inLanguage\":\"en-US\",\"@id\":\"https:\/\/organonpro.com\/es-pe\/#\/schema\/logo\/image\/\",\"url\":\"https:\/\/organonpro.com\/es-pe\/wp-content\/uploads\/sites\/115\/2022\/08\/MicrosoftTeams-image-2.png\",\"contentUrl\":\"https:\/\/organonpro.com\/es-pe\/wp-content\/uploads\/sites\/115\/2022\/08\/MicrosoftTeams-image-2.png\",\"width\":2380,\"height\":253,\"caption\":\"Organon Pro Peru\"},\"image\":{\"@id\":\"https:\/\/organonpro.com\/es-pe\/#\/schema\/logo\/image\/\"}}]}<\/script>\n<!-- \/ Yoast SEO Premium plugin. -->","yoast_head_json":{"title":"T\u00e9rminos y condiciones - Organon Pro Peru","robots":{"index":"index","follow":"follow","max-snippet":"max-snippet:-1","max-image-preview":"max-image-preview:large","max-video-preview":"max-video-preview:-1"},"canonical":"https:\/\/organonpro.com\/es-pe\/terminos\/","og_locale":"en_US","og_type":"article","og_title":"T\u00e9rminos y condiciones","og_description":"Estos t\u00e9rminos se revisaron por \u00faltima vez en junio de 2021. Este sitio web es mantenido por Organon LLC, una subsidiaria de Organon &amp; Co., Jersey City, Nueva Jersey, EE. UU. (&#8220;Organon&#8221; o &#8220;la Compa\u00f1\u00eda&#8221;) y est\u00e1 destinado a ser utilizado por personas mayores de 18 a\u00f1os. El contenido de este sitio web puede estar [&hellip;]","og_url":"https:\/\/organonpro.com\/es-pe\/terminos\/","og_site_name":"Organon Pro Peru","article_modified_time":"2024-01-11T11:38:23+00:00","og_image":[{"width":1200,"height":630,"url":"https:\/\/organonpro.com\/es-pe\/wp-content\/uploads\/sites\/115\/2022\/12\/organon-pro-og-img.png","type":"image\/png"}],"twitter_card":"summary_large_image","twitter_misc":{"Est. reading time":"6 minutes"},"schema":{"@context":"https:\/\/schema.org","@graph":[{"@type":"WebPage","@id":"https:\/\/organonpro.com\/es-pe\/terminos\/","url":"https:\/\/organonpro.com\/es-pe\/terminos\/","name":"T\u00e9rminos y condiciones - Organon Pro Peru","isPartOf":{"@id":"https:\/\/organonpro.com\/es-pe\/#website"},"datePublished":"2022-09-06T08:08:40+00:00","dateModified":"2024-01-11T11:38:23+00:00","breadcrumb":{"@id":"https:\/\/organonpro.com\/es-pe\/terminos\/#breadcrumb"},"inLanguage":"en-US","potentialAction":[{"@type":"ReadAction","target":["https:\/\/organonpro.com\/es-pe\/terminos\/"]}]},{"@type":"BreadcrumbList","@id":"https:\/\/organonpro.com\/es-pe\/terminos\/#breadcrumb","itemListElement":[{"@type":"ListItem","position":1,"name":"Home","item":"https:\/\/organonpro.com\/es-pe\/"},{"@type":"ListItem","position":2,"name":"T\u00e9rminos y condiciones"}]},{"@type":"WebSite","@id":"https:\/\/organonpro.com\/es-pe\/#website","url":"https:\/\/organonpro.com\/es-pe\/","name":"Organon Pro Peru","description":"Organon Pro Peru","publisher":{"@id":"https:\/\/organonpro.com\/es-pe\/#organization"},"potentialAction":[{"@type":"SearchAction","target":{"@type":"EntryPoint","urlTemplate":"https:\/\/organonpro.com\/es-pe\/?s={search_term_string}"},"query-input":{"@type":"PropertyValueSpecification","valueRequired":true,"valueName":"search_term_string"}}],"inLanguage":"en-US"},{"@type":"Organization","@id":"https:\/\/organonpro.com\/es-pe\/#organization","name":"Organon Pro Peru","url":"https:\/\/organonpro.com\/es-pe\/","logo":{"@type":"ImageObject","inLanguage":"en-US","@id":"https:\/\/organonpro.com\/es-pe\/#\/schema\/logo\/image\/","url":"https:\/\/organonpro.com\/es-pe\/wp-content\/uploads\/sites\/115\/2022\/08\/MicrosoftTeams-image-2.png","contentUrl":"https:\/\/organonpro.com\/es-pe\/wp-content\/uploads\/sites\/115\/2022\/08\/MicrosoftTeams-image-2.png","width":2380,"height":253,"caption":"Organon Pro Peru"},"image":{"@id":"https:\/\/organonpro.com\/es-pe\/#\/schema\/logo\/image\/"}}]}},"jetpack_sharing_enabled":true,"_links":{"self":[{"href":"https:\/\/organonpro.com\/es-pe\/wp-json\/wp\/v2\/pages\/39","targetHints":{"allow":["GET"]}}],"collection":[{"href":"https:\/\/organonpro.com\/es-pe\/wp-json\/wp\/v2\/pages"}],"about":[{"href":"https:\/\/organonpro.com\/es-pe\/wp-json\/wp\/v2\/types\/page"}],"author":[{"embeddable":true,"href":"https:\/\/organonpro.com\/es-pe\/wp-json\/wp\/v2\/users\/15"}],"replies":[{"embeddable":true,"href":"https:\/\/organonpro.com\/es-pe\/wp-json\/wp\/v2\/comments?post=39"}],"version-history":[{"count":5,"href":"https:\/\/organonpro.com\/es-pe\/wp-json\/wp\/v2\/pages\/39\/revisions"}],"predecessor-version":[{"id":5737,"href":"https:\/\/organonpro.com\/es-pe\/wp-json\/wp\/v2\/pages\/39\/revisions\/5737"}],"wp:attachment":[{"href":"https:\/\/organonpro.com\/es-pe\/wp-json\/wp\/v2\/media?parent=39"}],"curies":[{"name":"wp","href":"https:\/\/api.w.org\/{rel}","templated":true}]}}