{"id":4074,"date":"2024-02-20T07:41:05","date_gmt":"2024-02-20T07:41:05","guid":{"rendered":"https:\/\/organonpro.com\/es-mx\/?page_id=4074"},"modified":"2025-03-12T10:19:45","modified_gmt":"2025-03-12T10:19:45","slug":"capacitacion-clinica-sobre-implantes-de-etonogestrel","status":"publish","type":"page","link":"https:\/\/organonpro.com\/es-mx\/capacitacion-clinica-sobre-implantes-de-etonogestrel\/","title":{"rendered":"Capacitaci\u00f3n cl\u00ednica sobre el implante de etonogestrel"},"content":{"rendered":"\n<section class=\"wp-block-orc-two-column-block section-two-column-block-8f030534-3e52-4391-87e8-7dd0826178ba split-img-contain\"><style>@media screen and (min-width: 940px){ .section-two-column-block-8f030534-3e52-4391-87e8-7dd0826178ba { margin-top: 0rem;margin-bottom: 0rem; }}@media screen and (min-width: 320px) and (max-width: 939px){.section-two-column-block-8f030534-3e52-4391-87e8-7dd0826178ba { margin-top: 0rem;margin-bottom: 0rem; }}<\/style><section class=\"splits splits-ratio splits-half splits-reverse ungated\" style=\"background-color:#ffffff\"><div class=\"container\"><div class=\"splits-row row\"><div class=\"splits-figure   col-md-6 col-sm-6 \"><div style=\"background-image:url(https:\/\/organonpro.com\/es-mx\/wp-content\/uploads\/sites\/29\/2025\/03\/girl-asset-banner.jpg?w=453)\" class=\"splits-figure__bg ab\"><\/div><\/div><div class=\"splits-area  col-md-6 col-sm-6\"><div class=\"splits-content cd\"><h1 class=\"splits-heading\">Inscr\u00edbase en el Programa de Entrenamiento Cl\u00ednico para el implante de etonogestrel<\/h1><p class=\"splits-text\">Para aprender los procedimientos de inserci\u00f3n y extracci\u00f3n le recomendamos encarecidamente que realice el Programa de Capacitaci\u00f3n Cl\u00ednica completo. El programa consta de un componente te\u00f3rico y uno pr\u00e1ctico.<\/p><div class=\"splits-button herobannerblock\"><div class=\"ungated\"><a class=\"btn btn-smoke__primary\" href=\"?login=1\" rel=\"noopener noreferrer\" target=\"_self\">Iniciar sesi\u00f3n para obtener m\u00e1s informaci\u00f3n<\/a><\/div><\/div><\/div><\/div><\/div><\/div><\/section><\/section>\n\n\n    <input type=\"hidden\" name=\"pagination_item_per_page\" id=\"pagination_item_per_page\" value=\"9\" \/>\n    <input type=\"hidden\" name=\"show_pagination_generic\" id=\"show_pagination_generic\" value=\"\" \/>\n        <section class=\"event-cards generic-cards generic-additional-generic-cards-block_a2c1ea7e6e06dbc84e83fe32c8609cc4\" id=\"generic-cards-block_a2c1ea7e6e06dbc84e83fe32c8609cc4\">\n        <style>@media screen and (min-width: 940px){.generic-cards.generic-additional-generic-cards-block_a2c1ea7e6e06dbc84e83fe32c8609cc4{margin-top: 0rem;margin-bottom: 0rem;padding-top: 6.4rem;padding-bottom: 2.4rem;}}<\/style><style>@media screen and (min-width: 320px) and (max-width: 939px){.generic-cards.generic-additional-generic-cards-block_a2c1ea7e6e06dbc84e83fe32c8609cc4{margin-top: 0rem;margin-bottom: 0rem;padding-top: 2.4rem;padding-bottom: 2.4rem;}}<\/style>        <div class=\"container\">\n                            <div class=\"row justify-content-center\">\n                    <div class=\"col-xl-6 col-md-6 col-sm-12 text-center d-block\">\n                                                    <h2>\n                                Recursos educativos                            <\/h2>\n                                                                            <p>\n                                \u00bfDesea obtener m\u00e1s informaci\u00f3n sobre el implante o c\u00f3mo entrenarse en la colocaci\u00f3n del implante? <a href=\"?login=1\">Inicie sesi\u00f3n<\/a> o acceda al Programa de Entrenamiento Cl\u00ednico y a los recursos educativos m\u00e9dicos adicionales que se indican a continuaci\u00f3n, incluidos los videos de inserci\u00f3n y extracci\u00f3n, y los m\u00f3dulos de aprendizaje.                            <\/p>\n                                            <\/div>\n                <\/div>\n                        <div class=\"row\" id=\"allgenericcards\">\n                                        <div class=\"col-xl-4 col-md-6 col-sm-6 genericcardlisting\">\n                                                                                                                                <div class=\"event-card card generic-with-icon  ungated\">\n                                                                                    <div class=\"card-image \">\n                                                <img decoding=\"async\" width=\"64\" height=\"64\" src=\"https:\/\/organonpro.com\/es-mx\/wp-content\/uploads\/sites\/29\/2024\/02\/implants-arm.svg?w=64\" class=\"\" alt=\"\" loading=\"lazy\" \/>                                            <\/div>\n                                                                                <div class=\" card-details-div\">\n                                                                                            <div class=\"card-body\">\n                                                                                                            <h2 class=\"card-title sortme\">\n                                                            Videos de inserci\u00f3n y extracci\u00f3n                                                        <\/h2>\n                                                                                                                                                                <p class=\"card-text\">\n                                                            Consulte c\u00f3mo el implante de etonogestrel se inserta y se extrae. Los videos no sustituyen el entrenamiento cl\u00ednico                                                        <\/p>\n                                                                                                    <\/div>\n                                                                                                                                        <div class=\"card-footer\">\n                                                                                                        <a class=\"organon-login-required\" target=\"\" href=\"javascript:void(0);\">Inicie sesi\u00f3n para ver los videos<ion-icon name=\"chevron-forward-outline\"><\/ion-icon> <\/a>\n                                                <\/div>\n                                                                                    <\/div>\n                                    <\/div>\n                                                                                        <\/div>\n                                            <div class=\"col-xl-4 col-md-6 col-sm-6 genericcardlisting\">\n                                                                                                                                <div class=\"event-card card generic-with-icon  ungated\">\n                                                                                    <div class=\"card-image \">\n                                                <img decoding=\"async\" width=\"64\" height=\"64\" src=\"https:\/\/organonpro.com\/es-mx\/wp-content\/uploads\/sites\/29\/2024\/02\/innovation-discovery.svg?w=64\" class=\"\" alt=\"\" loading=\"lazy\" \/>                                            <\/div>\n                                                                                <div class=\" card-details-div\">\n                                                                                            <div class=\"card-body\">\n                                                                                                            <h2 class=\"card-title sortme\">\n                                                            M\u00f3dulos te\u00f3ricos                                                        <\/h2>\n                                                                                                                                                                <p class=\"card-text\">\n                                                            Estos m\u00f3dulos en l\u00ednea autodirigidos cubren el asesoramiento, la inserci\u00f3n, la extracci\u00f3n y la localizaci\u00f3n del implante. No se pretende que sustituyan el entrenamiento.                                                        <\/p>\n                                                                                                    <\/div>\n                                                                                                                                        <div class=\"card-footer\">\n                                                                                                        <a class=\"organon-login-required\" target=\"\" href=\"javascript:void(0);\">Inicie sesi\u00f3n para ver los m\u00f3dulos<ion-icon name=\"chevron-forward-outline\"><\/ion-icon> <\/a>\n                                                <\/div>\n                                                                                    <\/div>\n                                    <\/div>\n                                                                                        <\/div>\n                                            <div class=\"col-xl-4 col-md-6 col-sm-6 genericcardlisting\">\n                                                                                                                                <div class=\"event-card card generic-with-icon  ungated\">\n                                                                                    <div class=\"card-image \">\n                                                <img decoding=\"async\" width=\"64\" height=\"64\" src=\"https:\/\/organonpro.com\/es-mx\/wp-content\/uploads\/sites\/29\/2024\/02\/learning-development.svg?w=64\" class=\"\" alt=\"\" loading=\"lazy\" \/>                                            <\/div>\n                                                                                <div class=\" card-details-div\">\n                                                                                            <div class=\"card-body\">\n                                                                                                            <h2 class=\"card-title sortme\">\n                                                            Recursos educativos                                                        <\/h2>\n                                                                                                                                                                <p class=\"card-text\">\n                                                            Recursos adicionales para brindar apoyo a los profesionales de atenci\u00f3n m\u00e9dica durante su experiencia de aprendizaje con el implante de etonogestrel.                                                        <\/p>\n                                                                                                    <\/div>\n                                                                                                                                        <div class=\"card-footer\">\n                                                                                                        <a class=\"organon-login-required\" target=\"\" href=\"javascript:void(0);\">Inicie sesi\u00f3n para ver los recursos<ion-icon name=\"chevron-forward-outline\"><\/ion-icon> <\/a>\n                                                <\/div>\n                                                                                    <\/div>\n                                    <\/div>\n                                                                                        <\/div>\n                                            <div class=\"col-xl-4 col-md-6 col-sm-6 genericcardlisting\">\n                                                                                                                                <div class=\"event-card card generic-with-icon  ungated\">\n                                                                                    <div class=\"card-image \">\n                                                <img decoding=\"async\" width=\"64\" height=\"64\" src=\"https:\/\/organonpro.com\/es-mx\/wp-content\/uploads\/sites\/29\/2024\/02\/diversity.svg?w=64\" class=\"\" alt=\"\" loading=\"lazy\" \/>                                            <\/div>\n                                                                                <div class=\" card-details-div\">\n                                                                                            <div class=\"card-body\">\n                                                                                                            <h2 class=\"card-title sortme\">\n                                                            Informaci\u00f3n m\u00e9dica                                                        <\/h2>\n                                                                                                                                                                <p class=\"card-text\">\n                                                            P\u00f3ngase en contacto con un especialista en informaci\u00f3n m\u00e9dica para consultas m\u00e9dicas.                                                         <\/p>\n                                                                                                    <\/div>\n                                                                                                                                        <div class=\"card-footer\">\n                                                                                                        <a class=\"organon-login-required\" target=\"\" href=\"javascript:void(0);\">Inicie sesi\u00f3n para obtener los datos de contacto<ion-icon name=\"chevron-forward-outline\"><\/ion-icon> <\/a>\n                                                <\/div>\n                                                                                    <\/div>\n                                    <\/div>\n                                                                                        <\/div>\n                                                    \n            <\/div>\n        <\/div>\n    <\/section>\n\n\n\n<div class=\"wp-block-columns has-background is-layout-flex wp-container-core-columns-is-layout-9d6595d7 wp-block-columns-is-layout-flex\" style=\"background-color:#f3f3f3\">\n<div class=\"wp-block-column is-layout-flow wp-block-column-is-layout-flow\"><\/div>\n\n\n\n<div class=\"wp-block-column is-layout-flow wp-block-column-is-layout-flow\">\n<p class=\"has-text-align-center\"><strong>MX-XPL-110476<\/strong><\/p>\n<\/div>\n\n\n\n<div class=\"wp-block-column is-layout-flow wp-block-column-is-layout-flow\"><\/div>\n<\/div>\n","protected":false},"excerpt":{"rendered":"<p>MX-XPL-110476<\/p>\n","protected":false},"author":21,"featured_media":0,"parent":0,"menu_order":0,"comment_status":"closed","ping_status":"closed","template":"templates\/template-odlp-cookieless-awareness.php","meta":{"_acf_changed":false,"footnotes":""},"class_list":["post-4074","page","type-page","status-publish","hentry"],"acf":[],"yoast_head":"<!-- This site is optimized with the Yoast SEO Premium plugin v20.11 (Yoast SEO v26.6) - https:\/\/yoast.com\/wordpress\/plugins\/seo\/ -->\n<title>Capacitaci\u00f3n cl\u00ednica sobre el implante de etonogestrel - Organon Pro - Mexico<\/title>\n<meta name=\"robots\" content=\"noindex, nofollow\" \/>\n<meta property=\"og:locale\" content=\"en_US\" \/>\n<meta property=\"og:type\" content=\"article\" \/>\n<meta property=\"og:title\" content=\"Capacitaci\u00f3n cl\u00ednica sobre el implante de etonogestrel\" \/>\n<meta property=\"og:description\" content=\"MX-XPL-110476\" \/>\n<meta property=\"og:url\" content=\"https:\/\/organonpro.com\/es-mx\/capacitacion-clinica-sobre-implantes-de-etonogestrel\/\" \/>\n<meta property=\"og:site_name\" content=\"Organon Pro - Mexico\" \/>\n<meta property=\"article:modified_time\" content=\"2025-03-12T10:19:45+00:00\" \/>\n<meta property=\"og:image\" content=\"https:\/\/organonpro.com\/es-mx\/wp-content\/uploads\/sites\/29\/2022\/12\/organon-pro-og-img.png\" \/>\n\t<meta property=\"og:image:width\" content=\"1200\" \/>\n\t<meta property=\"og:image:height\" content=\"630\" \/>\n\t<meta property=\"og:image:type\" content=\"image\/png\" \/>\n<meta name=\"twitter:card\" content=\"summary_large_image\" \/>\n<meta name=\"twitter:label1\" content=\"Est. reading time\" \/>\n\t<meta name=\"twitter:data1\" content=\"1 minute\" \/>\n<script type=\"application\/ld+json\" class=\"yoast-schema-graph\">{\"@context\":\"https:\/\/schema.org\",\"@graph\":[{\"@type\":\"WebPage\",\"@id\":\"https:\/\/organonpro.com\/es-mx\/capacitacion-clinica-sobre-implantes-de-etonogestrel\/\",\"url\":\"https:\/\/organonpro.com\/es-mx\/capacitacion-clinica-sobre-implantes-de-etonogestrel\/\",\"name\":\"Capacitaci\u00f3n cl\u00ednica sobre el implante de etonogestrel - Organon Pro - Mexico\",\"isPartOf\":{\"@id\":\"https:\/\/organonpro.com\/es-mx\/#website\"},\"datePublished\":\"2024-02-20T07:41:05+00:00\",\"dateModified\":\"2025-03-12T10:19:45+00:00\",\"breadcrumb\":{\"@id\":\"https:\/\/organonpro.com\/es-mx\/capacitacion-clinica-sobre-implantes-de-etonogestrel\/#breadcrumb\"},\"inLanguage\":\"en-US\",\"potentialAction\":[{\"@type\":\"ReadAction\",\"target\":[\"https:\/\/organonpro.com\/es-mx\/capacitacion-clinica-sobre-implantes-de-etonogestrel\/\"]}]},{\"@type\":\"BreadcrumbList\",\"@id\":\"https:\/\/organonpro.com\/es-mx\/capacitacion-clinica-sobre-implantes-de-etonogestrel\/#breadcrumb\",\"itemListElement\":[{\"@type\":\"ListItem\",\"position\":1,\"name\":\"Home\",\"item\":\"https:\/\/organonpro.com\/es-mx\/\"},{\"@type\":\"ListItem\",\"position\":2,\"name\":\"Capacitaci\u00f3n cl\u00ednica sobre el implante de etonogestrel\"}]},{\"@type\":\"WebSite\",\"@id\":\"https:\/\/organonpro.com\/es-mx\/#website\",\"url\":\"https:\/\/organonpro.com\/es-mx\/\",\"name\":\"Organon Pro - Mexico\",\"description\":\"Organon Pro - Mexico\",\"potentialAction\":[{\"@type\":\"SearchAction\",\"target\":{\"@type\":\"EntryPoint\",\"urlTemplate\":\"https:\/\/organonpro.com\/es-mx\/?s={search_term_string}\"},\"query-input\":{\"@type\":\"PropertyValueSpecification\",\"valueRequired\":true,\"valueName\":\"search_term_string\"}}],\"inLanguage\":\"en-US\"}]}<\/script>\n<!-- \/ Yoast SEO Premium plugin. -->","yoast_head_json":{"title":"Capacitaci\u00f3n cl\u00ednica sobre el implante de etonogestrel - Organon Pro - Mexico","robots":{"index":"noindex","follow":"nofollow"},"og_locale":"en_US","og_type":"article","og_title":"Capacitaci\u00f3n cl\u00ednica sobre el implante de etonogestrel","og_description":"MX-XPL-110476","og_url":"https:\/\/organonpro.com\/es-mx\/capacitacion-clinica-sobre-implantes-de-etonogestrel\/","og_site_name":"Organon Pro - Mexico","article_modified_time":"2025-03-12T10:19:45+00:00","og_image":[{"width":1200,"height":630,"url":"https:\/\/organonpro.com\/es-mx\/wp-content\/uploads\/sites\/29\/2022\/12\/organon-pro-og-img.png","type":"image\/png"}],"twitter_card":"summary_large_image","twitter_misc":{"Est. reading time":"1 minute"},"schema":{"@context":"https:\/\/schema.org","@graph":[{"@type":"WebPage","@id":"https:\/\/organonpro.com\/es-mx\/capacitacion-clinica-sobre-implantes-de-etonogestrel\/","url":"https:\/\/organonpro.com\/es-mx\/capacitacion-clinica-sobre-implantes-de-etonogestrel\/","name":"Capacitaci\u00f3n cl\u00ednica sobre el implante de etonogestrel - Organon Pro - Mexico","isPartOf":{"@id":"https:\/\/organonpro.com\/es-mx\/#website"},"datePublished":"2024-02-20T07:41:05+00:00","dateModified":"2025-03-12T10:19:45+00:00","breadcrumb":{"@id":"https:\/\/organonpro.com\/es-mx\/capacitacion-clinica-sobre-implantes-de-etonogestrel\/#breadcrumb"},"inLanguage":"en-US","potentialAction":[{"@type":"ReadAction","target":["https:\/\/organonpro.com\/es-mx\/capacitacion-clinica-sobre-implantes-de-etonogestrel\/"]}]},{"@type":"BreadcrumbList","@id":"https:\/\/organonpro.com\/es-mx\/capacitacion-clinica-sobre-implantes-de-etonogestrel\/#breadcrumb","itemListElement":[{"@type":"ListItem","position":1,"name":"Home","item":"https:\/\/organonpro.com\/es-mx\/"},{"@type":"ListItem","position":2,"name":"Capacitaci\u00f3n cl\u00ednica sobre el implante de etonogestrel"}]},{"@type":"WebSite","@id":"https:\/\/organonpro.com\/es-mx\/#website","url":"https:\/\/organonpro.com\/es-mx\/","name":"Organon Pro - Mexico","description":"Organon Pro - Mexico","potentialAction":[{"@type":"SearchAction","target":{"@type":"EntryPoint","urlTemplate":"https:\/\/organonpro.com\/es-mx\/?s={search_term_string}"},"query-input":{"@type":"PropertyValueSpecification","valueRequired":true,"valueName":"search_term_string"}}],"inLanguage":"en-US"}]}},"_links":{"self":[{"href":"https:\/\/organonpro.com\/es-mx\/wp-json\/wp\/v2\/pages\/4074","targetHints":{"allow":["GET"]}}],"collection":[{"href":"https:\/\/organonpro.com\/es-mx\/wp-json\/wp\/v2\/pages"}],"about":[{"href":"https:\/\/organonpro.com\/es-mx\/wp-json\/wp\/v2\/types\/page"}],"author":[{"embeddable":true,"href":"https:\/\/organonpro.com\/es-mx\/wp-json\/wp\/v2\/users\/21"}],"replies":[{"embeddable":true,"href":"https:\/\/organonpro.com\/es-mx\/wp-json\/wp\/v2\/comments?post=4074"}],"version-history":[{"count":36,"href":"https:\/\/organonpro.com\/es-mx\/wp-json\/wp\/v2\/pages\/4074\/revisions"}],"predecessor-version":[{"id":5589,"href":"https:\/\/organonpro.com\/es-mx\/wp-json\/wp\/v2\/pages\/4074\/revisions\/5589"}],"wp:attachment":[{"href":"https:\/\/organonpro.com\/es-mx\/wp-json\/wp\/v2\/media?parent=4074"}],"curies":[{"name":"wp","href":"https:\/\/api.w.org\/{rel}","templated":true}]}}