{"id":33,"date":"2022-09-27T05:18:41","date_gmt":"2022-09-27T05:18:41","guid":{"rendered":"https:\/\/organonpro.com\/es-mx\/?page_id=33"},"modified":"2023-02-10T22:21:27","modified_gmt":"2023-02-10T22:21:27","slug":"contactenos","status":"publish","type":"page","link":"https:\/\/organonpro.com\/es-mx\/servicios\/contactenos\/","title":{"rendered":"Cont\u00e1ctenos"},"content":{"rendered":"\n<p>En Organon le ofrecemos un punto de contacto para solicitar informaci\u00f3n o bien, para que nos comunique sus sugerencias sobre nuestros productos y\/o servicios.&nbsp;<a href=\"mailto:dpoc.mexico@organon.com?subject=Reporte%20Organon%20Conecta\">dpoc.mexico@organon.com<\/a><\/p>\n\n\n\n<h2 class=\"wp-block-heading\">DECLARACI\u00d3N DE PRIVACIDAD<\/h2>\n\n\n\n<p>En Organon valoramos su privacidad. Organon usar\u00e1 la informaci\u00f3n para enviar respuestas a sus preguntas, para dar seguimiento a sus reportes de eventos adversos, dar respuesta a dudas m\u00e9dicas, quejas de calidad o contactarlo para los fines descritos en el Aviso de Privacidad.<\/p>\n\n\n\n<p>Al contactarnos usted nos brinda su consentimiento para procesar su informaci\u00f3n personal (algunos de estos datos pueden ser sensibles) como se describi\u00f3 anteriormente. Adem\u00e1s acepta que podemos transferir la informaci\u00f3n a terceros para los prop\u00f3sitos mencionados en el Aviso de Privacidad tanto en M\u00e9xico como en el extranjero.<\/p>\n\n\n\n<p>Para leer el Aviso de Privacidad completo y antes de darnos su consentimiento visite:&nbsp;<a href=\"https:\/\/www.organon.com\/privacy\/transparency-and-privacy-mx\/\">https:\/\/www.organon.com\/privacy\/transparency-and-privacy-mx\/<\/a><\/p>\n\n\n<script>\nvar gform;gform||(document.addEventListener(\"gform_main_scripts_loaded\",function(){gform.scriptsLoaded=!0}),document.addEventListener(\"gform\/theme\/scripts_loaded\",function(){gform.themeScriptsLoaded=!0}),window.addEventListener(\"DOMContentLoaded\",function(){gform.domLoaded=!0}),gform={domLoaded:!1,scriptsLoaded:!1,themeScriptsLoaded:!1,isFormEditor:()=>\"function\"==typeof InitializeEditor,callIfLoaded:function(o){return!(!gform.domLoaded||!gform.scriptsLoaded||!gform.themeScriptsLoaded&&!gform.isFormEditor()||(gform.isFormEditor()&&console.warn(\"The use of gform.initializeOnLoaded() is deprecated in the form editor context and will be removed in Gravity Forms 3.1.\"),o(),0))},initializeOnLoaded:function(o){gform.callIfLoaded(o)||(document.addEventListener(\"gform_main_scripts_loaded\",()=>{gform.scriptsLoaded=!0,gform.callIfLoaded(o)}),document.addEventListener(\"gform\/theme\/scripts_loaded\",()=>{gform.themeScriptsLoaded=!0,gform.callIfLoaded(o)}),window.addEventListener(\"DOMContentLoaded\",()=>{gform.domLoaded=!0,gform.callIfLoaded(o)}))},hooks:{action:{},filter:{}},addAction:function(o,r,e,t){gform.addHook(\"action\",o,r,e,t)},addFilter:function(o,r,e,t){gform.addHook(\"filter\",o,r,e,t)},doAction:function(o){gform.doHook(\"action\",o,arguments)},applyFilters:function(o){return gform.doHook(\"filter\",o,arguments)},removeAction:function(o,r){gform.removeHook(\"action\",o,r)},removeFilter:function(o,r,e){gform.removeHook(\"filter\",o,r,e)},addHook:function(o,r,e,t,n){null==gform.hooks[o][r]&&(gform.hooks[o][r]=[]);var d=gform.hooks[o][r];null==n&&(n=r+\"_\"+d.length),gform.hooks[o][r].push({tag:n,callable:e,priority:t=null==t?10:t})},doHook:function(r,o,e){var t;if(e=Array.prototype.slice.call(e,1),null!=gform.hooks[r][o]&&((o=gform.hooks[r][o]).sort(function(o,r){return o.priority-r.priority}),o.forEach(function(o){\"function\"!=typeof(t=o.callable)&&(t=window[t]),\"action\"==r?t.apply(null,e):e[0]=t.apply(null,e)})),\"filter\"==r)return e[0]},removeHook:function(o,r,t,n){var e;null!=gform.hooks[o][r]&&(e=(e=gform.hooks[o][r]).filter(function(o,r,e){return!!(null!=n&&n!=o.tag||null!=t&&t!=o.priority)}),gform.hooks[o][r]=e)}});\n<\/script>\n\n                <div class='gf_browser_gecko gform_wrapper gravity-theme gform-theme--no-framework' data-form-theme='gravity-theme' data-form-index='0' id='gform_wrapper_1' style='display:none'>\n                        <div class='gform_heading'>\n                            <h2 class=\"gform_title\">Medical Form<\/h2>\n                            <p class='gform_description'><\/p>\n                        <\/div><form method='post' enctype='multipart\/form-data'  id='gform_1'  action='\/es-mx\/wp-json\/wp\/v2\/pages\/33' data-formid='1' novalidate>\n                        <div class='gform-body gform_body'><div id='gform_fields_1' class='gform_fields top_label form_sublabel_below description_below validation_below'><div id=\"field_1_1\" class=\"gfield gfield--type-text gfield--width-full gfield_contains_required field_sublabel_below gfield--no-description field_description_below field_validation_below gfield_visibility_visible\"  ><label class='gfield_label gform-field-label' for='input_1_1'>Nombre Completo<span class=\"gfield_required\"><span class=\"gfield_required gfield_required_text\">(Required)<\/span><\/span><\/label><div class='ginput_container ginput_container_text'><input name='input_1' id='input_1_1' type='text' value='' class='large'     aria-required=\"true\" aria-invalid=\"false\"   \/><\/div><\/div><div id=\"field_1_4\" class=\"gfield gfield--type-email gfield--width-half gfield_contains_required field_sublabel_below gfield--no-description field_description_below field_validation_below gfield_visibility_visible\"  ><label class='gfield_label gform-field-label' for='input_1_4'>Correo Electr\u00f3nico<span class=\"gfield_required\"><span class=\"gfield_required gfield_required_text\">(Required)<\/span><\/span><\/label><div class='ginput_container ginput_container_email'>\n                            <input name='input_4' id='input_1_4' type='email' value='' class='large'    aria-required=\"true\" aria-invalid=\"false\"  \/>\n                        <\/div><\/div><div id=\"field_1_5\" class=\"gfield gfield--type-phone gfield--width-half field_sublabel_below gfield--no-description field_description_below field_validation_below gfield_visibility_visible\"  ><label class='gfield_label gform-field-label' for='input_1_5'>Tel\u00e9fono<\/label><div class='ginput_container ginput_container_phone'><input name='input_5' id='input_1_5' type='tel' value='' class='large'    aria-invalid=\"false\"   \/><\/div><\/div><div id=\"field_1_6\" class=\"gfield gfield--type-select gfield--width-half gfield_contains_required field_sublabel_below gfield--no-description field_description_below field_validation_below gfield_visibility_visible\"  ><label class='gfield_label gform-field-label' for='input_1_6'>Raz\u00f3n<span class=\"gfield_required\"><span class=\"gfield_required gfield_required_text\">(Required)<\/span><\/span><\/label><div class='ginput_container ginput_container_select'><select name='input_6' id='input_1_6' class='large gfield_select form-control js-example-basic-single search-box-hide'    aria-required=\"true\" aria-invalid=\"false\" ><option value='' selected='selected' class='gf_placeholder'>Please select one<\/option><option value='Reporte de Evento' >Reporte de Evento<\/option><option value='Solicitud de Informaci\u00f3n' >Solicitud de Informaci\u00f3n<\/option><\/select><\/div><\/div><div id=\"field_1_7\" class=\"gfield gfield--type-select gfield--width-half populate_cpt_titles gfield_contains_required field_sublabel_below gfield--no-description field_description_below field_validation_below gfield_visibility_visible\"  ><label class='gfield_label gform-field-label' for='input_1_7'>Producto<span class=\"gfield_required\"><span class=\"gfield_required gfield_required_text\">(Required)<\/span><\/span><\/label><div class='ginput_container ginput_container_select'><select name='input_7' id='input_1_7' class='large gfield_select form-control js-example-basic-single search-box-hide'    aria-required=\"true\" aria-invalid=\"false\" ><option value='' selected='selected' class='gf_placeholder'>Select a Product<\/option><option value='almetec-co' >Almetec Co\u00ae<\/option><option value='almetec-tri' >Almetec Tri\u00ae<\/option><option value='almetec' >Almetec\u00ae<\/option><option value='arcoxia' >Arcoxia\u00ae<\/option><option value='atozet' >Atozet\u00ae<\/option><option value='aviant' >Aviant\u00ae<\/option><option value='celestone' >Celestone\u00ae<\/option><option value='celestone-pediatrico' >Celestone\u00ae\u00a0Pedi\u00e1trico<\/option><option value='celestone-soluspan' >Celestone\u00ae\u00a0Soluspan<\/option><option value='cerazette' >Cerazette\u00ae<\/option><option value='cronolevel' >Cronolevel\u00ae<\/option><option value='diprosone' >Diprosone\u00ae<\/option><option value='diprosone-g' >Diprosone\u00ae\u00a0G<\/option><option value='diprospan' >Diprospan\u00ae<\/option><option value='duoalmetec' >Duoalmetec\u00ae<\/option><option value='elica' >Elica\u00ae<\/option><option value='elomet' >Elomet\u00ae<\/option><option value='fosamax-plus' >Fosamax Plus\u00ae<\/option><option value='fosamax' >Fosamax\u00ae<\/option><option value='implanon-nxt' >Implanon NXT\u00ae<\/option><option value='livial' >Livial\u00ae<\/option><option value='marvelon' >Marvelon\u00ae<\/option><option value='mercilon' >Mercilon\u00ae<\/option><option value='montaclar' >Montaclar\u00ae<\/option><option value='naxzalla' >Naxzalla\u00ae<\/option><option value='nuvaring' >NuvaRing\u00ae<\/option><option value='quadriderm-nf' >Quadriderm\u00ae\u00a0NF<\/option><option value='rinelon' >Rinelon\u00ae<\/option><option value='singulair' >Singulair\u00ae<\/option><option value='triderm' >Triderm\u00ae<\/option><option value='vytorin' >Vytorin\u00ae<\/option><\/select><\/div><\/div><div id=\"field_1_10\" class=\"gfield gfield--type-text gfield--width-full field_sublabel_below gfield--no-description field_description_below field_validation_below gfield_visibility_visible\"  ><label class='gfield_label gform-field-label' for='input_1_10'>Lote*<\/label><div class='ginput_container ginput_container_text'><input name='input_10' id='input_1_10' type='text' value='' class='large'      aria-invalid=\"false\"   \/><\/div><\/div><div id=\"field_1_8\" class=\"gfield gfield--type-textarea gfield--width-full gfield_contains_required field_sublabel_below gfield--no-description field_description_below field_validation_below gfield_visibility_visible\"  ><label class='gfield_label gform-field-label' for='input_1_8'>Descripci\u00f3n de la consulta o del evento<span class=\"gfield_required\"><span class=\"gfield_required gfield_required_text\">(Required)<\/span><\/span><\/label><div class='ginput_container ginput_container_textarea'><textarea name='input_8' id='input_1_8' class='textarea medium'     aria-required=\"true\" aria-invalid=\"false\"   rows='10' cols='50'><\/textarea><\/div><\/div><div id=\"field_1_12\" class=\"gfield gfield--type-captcha gfield--width-full field_sublabel_below gfield--no-description field_description_below field_validation_below gfield_visibility_visible\"  ><label class='gfield_label gform-field-label' for='input_1_12'>CAPTCHA<\/label><div id='input_1_12' class='ginput_container ginput_recaptcha' data-sitekey='6Le4BackAAAAAHl8Y6RRJNGGis2j_Yg5jVp8UqeB'  data-theme='light' data-tabindex='0'  data-badge=''><\/div><\/div><\/div><\/div>\n        <div class='gform-footer gform_footer top_label'> <input type=\"submit\" id=\"gform_submit_button_1\" class=\"gform_button button odlpsubmitbtn\" onclick=\"gform.submission.handleButtonClick(this);\" data-submission-type=\"submit\" value=\"Enviar\"> \n            <input type='hidden' class='gform_hidden' name='gform_submission_method' data-js='gform_submission_method_1' value='postback' \/>\n            <input type='hidden' class='gform_hidden' name='gform_theme' data-js='gform_theme_1' id='gform_theme_1' value='gravity-theme' \/>\n            <input type='hidden' class='gform_hidden' name='gform_style_settings' data-js='gform_style_settings_1' id='gform_style_settings_1' value='[]' \/>\n            <input type='hidden' class='gform_hidden' name='is_submit_1' value='1' \/>\n            <input type='hidden' class='gform_hidden' name='gform_submit' value='1' \/>\n            \n            <input type='hidden' class='gform_hidden' name='gform_unique_id' value='' \/>\n            <input type='hidden' class='gform_hidden' name='state_1' value='WyJbXSIsIjZjOTM3ZmI5ZmU3ODNhNmQ3YzIyZWVlNWQ2Nzg2NWMzIl0=' \/>\n            <input type='hidden' autocomplete='off' class='gform_hidden' name='gform_target_page_number_1' id='gform_target_page_number_1' value='0' \/>\n            <input type='hidden' autocomplete='off' class='gform_hidden' name='gform_source_page_number_1' id='gform_source_page_number_1' value='1' \/>\n            <input type='hidden' name='gform_field_values' value='' \/>\n            \n        <\/div>\n                        <p style=\"display: none !important;\" class=\"akismet-fields-container\" data-prefix=\"ak_\"><label>&#916;<textarea name=\"ak_hp_textarea\" cols=\"45\" rows=\"8\" maxlength=\"100\"><\/textarea><\/label><input type=\"hidden\" id=\"ak_js_1\" name=\"ak_js\" value=\"71\"\/><script>document.getElementById( \"ak_js_1\" ).setAttribute( \"value\", ( new Date() ).getTime() );<\/script><\/p><\/form>\n                        <\/div><script>\ngform.initializeOnLoaded( function() {gformInitSpinner( 1, 'https:\/\/organonpro.com\/es-mx\/wp-content\/themes\/organon-connect-master\/assets\/images\/loader.svg', true );jQuery('#gform_ajax_frame_1').on('load',function(){var contents = jQuery(this).contents().find('*').html();var is_postback = contents.indexOf('GF_AJAX_POSTBACK') >= 0;if(!is_postback){return;}var form_content = jQuery(this).contents().find('#gform_wrapper_1');var is_confirmation = jQuery(this).contents().find('#gform_confirmation_wrapper_1').length > 0;var is_redirect = contents.indexOf('gformRedirect(){') >= 0;var is_form = form_content.length > 0 && ! is_redirect && ! is_confirmation;var mt = parseInt(jQuery('html').css('margin-top'), 10) + parseInt(jQuery('body').css('margin-top'), 10) + 100;if(is_form){form_content.find('form').css('opacity', 0);jQuery('#gform_wrapper_1').html(form_content.html());if(form_content.hasClass('gform_validation_error')){jQuery('#gform_wrapper_1').addClass('gform_validation_error');} else {jQuery('#gform_wrapper_1').removeClass('gform_validation_error');}setTimeout( function() { \/* delay the scroll by 50 milliseconds to fix a bug in chrome *\/  }, 50 );if(window['gformInitDatepicker']) {gformInitDatepicker();}if(window['gformInitPriceFields']) {gformInitPriceFields();}var current_page = jQuery('#gform_source_page_number_1').val();gformInitSpinner( 1, 'https:\/\/organonpro.com\/es-mx\/wp-content\/themes\/organon-connect-master\/assets\/images\/loader.svg', true );jQuery(document).trigger('gform_page_loaded', [1, current_page]);window['gf_submitting_1'] = false;}else if(!is_redirect){var confirmation_content = jQuery(this).contents().find('.GF_AJAX_POSTBACK').html();if(!confirmation_content){confirmation_content = contents;}jQuery('#gform_wrapper_1').replaceWith(confirmation_content);jQuery(document).trigger('gform_confirmation_loaded', [1]);window['gf_submitting_1'] = false;wp.a11y.speak(jQuery('#gform_confirmation_message_1').text());}else{jQuery('#gform_1').append(contents);if(window['gformRedirect']) {gformRedirect();}}jQuery(document).trigger(\"gform_pre_post_render\", [{ formId: \"1\", currentPage: \"current_page\", abort: function() { this.preventDefault(); } }]);        if (event && event.defaultPrevented) {                return;        }        const gformWrapperDiv = document.getElementById( \"gform_wrapper_1\" );        if ( gformWrapperDiv ) {            const visibilitySpan = document.createElement( \"span\" );            visibilitySpan.id = \"gform_visibility_test_1\";            gformWrapperDiv.insertAdjacentElement( \"afterend\", visibilitySpan );        }        const visibilityTestDiv = document.getElementById( \"gform_visibility_test_1\" );        let postRenderFired = false;        function triggerPostRender() {            if ( postRenderFired ) {                return;            }            postRenderFired = true;            gform.core.triggerPostRenderEvents( 1, current_page );            if ( visibilityTestDiv ) {                visibilityTestDiv.parentNode.removeChild( visibilityTestDiv );            }        }        function debounce( func, wait, immediate ) {            var timeout;            return function() {                var context = this, args = arguments;                var later = function() {                    timeout = null;                    if ( !immediate ) func.apply( context, args );                };                var callNow = immediate && !timeout;                clearTimeout( timeout );                timeout = setTimeout( later, wait );                if ( callNow ) func.apply( context, args );            };        }        const debouncedTriggerPostRender = debounce( function() {            triggerPostRender();        }, 200 );        if ( visibilityTestDiv && visibilityTestDiv.offsetParent === null ) {            const observer = new MutationObserver( ( mutations ) => {                mutations.forEach( ( mutation ) => {                    if ( mutation.type === 'attributes' && visibilityTestDiv.offsetParent !== null ) {                        debouncedTriggerPostRender();                        observer.disconnect();                    }                });            });            observer.observe( document.body, {                attributes: true,                childList: false,                subtree: true,                attributeFilter: [ 'style', 'class' ],            });        } else {            triggerPostRender();        }    } );} );\n<\/script>\n","protected":false},"excerpt":{"rendered":"<p>En Organon le ofrecemos un punto de contacto para solicitar informaci\u00f3n o bien, para que nos comunique sus sugerencias sobre nuestros productos y\/o servicios.&nbsp;dpoc.mexico@organon.com DECLARACI\u00d3N DE PRIVACIDAD En Organon valoramos su privacidad. Organon usar\u00e1 la informaci\u00f3n para enviar respuestas a sus preguntas, para dar seguimiento a sus reportes de eventos adversos, dar respuesta a dudas [&hellip;]<\/p>\n","protected":false},"author":19,"featured_media":0,"parent":29,"menu_order":0,"comment_status":"closed","ping_status":"closed","template":"","meta":{"_acf_changed":false,"footnotes":""},"class_list":["post-33","page","type-page","status-publish","hentry"],"acf":[],"yoast_head":"<!-- This site is optimized with the Yoast SEO Premium plugin v20.11 (Yoast SEO v26.6) - https:\/\/yoast.com\/wordpress\/plugins\/seo\/ -->\n<title>Cont\u00e1ctenos - Organon Pro - Mexico<\/title>\n<meta name=\"robots\" content=\"index, follow, max-snippet:-1, max-image-preview:large, max-video-preview:-1\" \/>\n<link rel=\"canonical\" href=\"https:\/\/organonpro.com\/es-mx\/servicios\/contactenos\/\" \/>\n<meta property=\"og:locale\" content=\"en_US\" \/>\n<meta property=\"og:type\" content=\"article\" \/>\n<meta property=\"og:title\" content=\"Cont\u00e1ctenos\" \/>\n<meta property=\"og:description\" content=\"En Organon le ofrecemos un punto de contacto para solicitar informaci\u00f3n o bien, para que nos comunique sus sugerencias sobre nuestros productos y\/o servicios.&nbsp;dpoc.mexico@organon.com DECLARACI\u00d3N DE PRIVACIDAD En Organon valoramos su privacidad. Organon usar\u00e1 la informaci\u00f3n para enviar respuestas a sus preguntas, para dar seguimiento a sus reportes de eventos adversos, dar respuesta a dudas [&hellip;]\" \/>\n<meta property=\"og:url\" content=\"https:\/\/organonpro.com\/es-mx\/servicios\/contactenos\/\" \/>\n<meta property=\"og:site_name\" content=\"Organon Pro - Mexico\" \/>\n<meta property=\"article:modified_time\" content=\"2023-02-10T22:21:27+00:00\" \/>\n<meta property=\"og:image\" content=\"https:\/\/organonpro.com\/es-mx\/wp-content\/uploads\/sites\/29\/2022\/12\/organon-pro-og-img.png\" \/>\n\t<meta property=\"og:image:width\" content=\"1200\" \/>\n\t<meta property=\"og:image:height\" content=\"630\" \/>\n\t<meta property=\"og:image:type\" content=\"image\/png\" \/>\n<meta name=\"twitter:card\" content=\"summary_large_image\" \/>\n<meta name=\"twitter:label1\" content=\"Est. reading time\" \/>\n\t<meta name=\"twitter:data1\" content=\"1 minute\" \/>\n<script type=\"application\/ld+json\" class=\"yoast-schema-graph\">{\"@context\":\"https:\/\/schema.org\",\"@graph\":[{\"@type\":\"WebPage\",\"@id\":\"https:\/\/organonpro.com\/es-mx\/servicios\/contactenos\/\",\"url\":\"https:\/\/organonpro.com\/es-mx\/servicios\/contactenos\/\",\"name\":\"Cont\u00e1ctenos - Organon Pro - Mexico\",\"isPartOf\":{\"@id\":\"https:\/\/organonpro.com\/es-mx\/#website\"},\"datePublished\":\"2022-09-27T05:18:41+00:00\",\"dateModified\":\"2023-02-10T22:21:27+00:00\",\"breadcrumb\":{\"@id\":\"https:\/\/organonpro.com\/es-mx\/servicios\/contactenos\/#breadcrumb\"},\"inLanguage\":\"en-US\",\"potentialAction\":[{\"@type\":\"ReadAction\",\"target\":[\"https:\/\/organonpro.com\/es-mx\/servicios\/contactenos\/\"]}]},{\"@type\":\"BreadcrumbList\",\"@id\":\"https:\/\/organonpro.com\/es-mx\/servicios\/contactenos\/#breadcrumb\",\"itemListElement\":[{\"@type\":\"ListItem\",\"position\":1,\"name\":\"Home\",\"item\":\"https:\/\/organonpro.com\/es-mx\/\"},{\"@type\":\"ListItem\",\"position\":2,\"name\":\"Servicios\",\"item\":\"https:\/\/organonpro.com\/es-mx\/servicios\/\"},{\"@type\":\"ListItem\",\"position\":3,\"name\":\"Cont\u00e1ctenos\"}]},{\"@type\":\"WebSite\",\"@id\":\"https:\/\/organonpro.com\/es-mx\/#website\",\"url\":\"https:\/\/organonpro.com\/es-mx\/\",\"name\":\"Organon Pro - Mexico\",\"description\":\"Organon Pro - Mexico\",\"potentialAction\":[{\"@type\":\"SearchAction\",\"target\":{\"@type\":\"EntryPoint\",\"urlTemplate\":\"https:\/\/organonpro.com\/es-mx\/?s={search_term_string}\"},\"query-input\":{\"@type\":\"PropertyValueSpecification\",\"valueRequired\":true,\"valueName\":\"search_term_string\"}}],\"inLanguage\":\"en-US\"}]}<\/script>\n<!-- \/ Yoast SEO Premium plugin. -->","yoast_head_json":{"title":"Cont\u00e1ctenos - Organon Pro - Mexico","robots":{"index":"index","follow":"follow","max-snippet":"max-snippet:-1","max-image-preview":"max-image-preview:large","max-video-preview":"max-video-preview:-1"},"canonical":"https:\/\/organonpro.com\/es-mx\/servicios\/contactenos\/","og_locale":"en_US","og_type":"article","og_title":"Cont\u00e1ctenos","og_description":"En Organon le ofrecemos un punto de contacto para solicitar informaci\u00f3n o bien, para que nos comunique sus sugerencias sobre nuestros productos y\/o servicios.&nbsp;dpoc.mexico@organon.com DECLARACI\u00d3N DE PRIVACIDAD En Organon valoramos su privacidad. Organon usar\u00e1 la informaci\u00f3n para enviar respuestas a sus preguntas, para dar seguimiento a sus reportes de eventos adversos, dar respuesta a dudas [&hellip;]","og_url":"https:\/\/organonpro.com\/es-mx\/servicios\/contactenos\/","og_site_name":"Organon Pro - Mexico","article_modified_time":"2023-02-10T22:21:27+00:00","og_image":[{"width":1200,"height":630,"url":"https:\/\/organonpro.com\/es-mx\/wp-content\/uploads\/sites\/29\/2022\/12\/organon-pro-og-img.png","type":"image\/png"}],"twitter_card":"summary_large_image","twitter_misc":{"Est. reading time":"1 minute"},"schema":{"@context":"https:\/\/schema.org","@graph":[{"@type":"WebPage","@id":"https:\/\/organonpro.com\/es-mx\/servicios\/contactenos\/","url":"https:\/\/organonpro.com\/es-mx\/servicios\/contactenos\/","name":"Cont\u00e1ctenos - Organon Pro - Mexico","isPartOf":{"@id":"https:\/\/organonpro.com\/es-mx\/#website"},"datePublished":"2022-09-27T05:18:41+00:00","dateModified":"2023-02-10T22:21:27+00:00","breadcrumb":{"@id":"https:\/\/organonpro.com\/es-mx\/servicios\/contactenos\/#breadcrumb"},"inLanguage":"en-US","potentialAction":[{"@type":"ReadAction","target":["https:\/\/organonpro.com\/es-mx\/servicios\/contactenos\/"]}]},{"@type":"BreadcrumbList","@id":"https:\/\/organonpro.com\/es-mx\/servicios\/contactenos\/#breadcrumb","itemListElement":[{"@type":"ListItem","position":1,"name":"Home","item":"https:\/\/organonpro.com\/es-mx\/"},{"@type":"ListItem","position":2,"name":"Servicios","item":"https:\/\/organonpro.com\/es-mx\/servicios\/"},{"@type":"ListItem","position":3,"name":"Cont\u00e1ctenos"}]},{"@type":"WebSite","@id":"https:\/\/organonpro.com\/es-mx\/#website","url":"https:\/\/organonpro.com\/es-mx\/","name":"Organon Pro - Mexico","description":"Organon Pro - Mexico","potentialAction":[{"@type":"SearchAction","target":{"@type":"EntryPoint","urlTemplate":"https:\/\/organonpro.com\/es-mx\/?s={search_term_string}"},"query-input":{"@type":"PropertyValueSpecification","valueRequired":true,"valueName":"search_term_string"}}],"inLanguage":"en-US"}]}},"_links":{"self":[{"href":"https:\/\/organonpro.com\/es-mx\/wp-json\/wp\/v2\/pages\/33","targetHints":{"allow":["GET"]}}],"collection":[{"href":"https:\/\/organonpro.com\/es-mx\/wp-json\/wp\/v2\/pages"}],"about":[{"href":"https:\/\/organonpro.com\/es-mx\/wp-json\/wp\/v2\/types\/page"}],"author":[{"embeddable":true,"href":"https:\/\/organonpro.com\/es-mx\/wp-json\/wp\/v2\/users\/19"}],"replies":[{"embeddable":true,"href":"https:\/\/organonpro.com\/es-mx\/wp-json\/wp\/v2\/comments?post=33"}],"version-history":[{"count":4,"href":"https:\/\/organonpro.com\/es-mx\/wp-json\/wp\/v2\/pages\/33\/revisions"}],"predecessor-version":[{"id":1256,"href":"https:\/\/organonpro.com\/es-mx\/wp-json\/wp\/v2\/pages\/33\/revisions\/1256"}],"up":[{"embeddable":true,"href":"https:\/\/organonpro.com\/es-mx\/wp-json\/wp\/v2\/pages\/29"}],"wp:attachment":[{"href":"https:\/\/organonpro.com\/es-mx\/wp-json\/wp\/v2\/media?parent=33"}],"curies":[{"name":"wp","href":"https:\/\/api.w.org\/{rel}","templated":true}]}}