{"id":1792,"date":"2023-06-01T18:33:08","date_gmt":"2023-06-01T18:33:08","guid":{"rendered":"https:\/\/organonpro.com\/es-mx\/?p=1792"},"modified":"2025-07-03T09:11:14","modified_gmt":"2025-07-03T09:11:14","slug":"encuesta-de-salida-organon-summit","status":"publish","type":"page","link":"https:\/\/organonpro.com\/es-mx\/encuesta-de-salida-organon-summit\/","title":{"rendered":"Encuesta de Salida: Taller Avances en el manejo de la Hemorragia Obst\u00e9trica"},"content":{"rendered":"\n<p><\/p>\n\n\n<script>\nvar gform;gform||(document.addEventListener(\"gform_main_scripts_loaded\",function(){gform.scriptsLoaded=!0}),document.addEventListener(\"gform\/theme\/scripts_loaded\",function(){gform.themeScriptsLoaded=!0}),window.addEventListener(\"DOMContentLoaded\",function(){gform.domLoaded=!0}),gform={domLoaded:!1,scriptsLoaded:!1,themeScriptsLoaded:!1,isFormEditor:()=>\"function\"==typeof InitializeEditor,callIfLoaded:function(o){return!(!gform.domLoaded||!gform.scriptsLoaded||!gform.themeScriptsLoaded&&!gform.isFormEditor()||(gform.isFormEditor()&&console.warn(\"The use of gform.initializeOnLoaded() is deprecated in the form editor context and will be removed in Gravity Forms 3.1.\"),o(),0))},initializeOnLoaded:function(o){gform.callIfLoaded(o)||(document.addEventListener(\"gform_main_scripts_loaded\",()=>{gform.scriptsLoaded=!0,gform.callIfLoaded(o)}),document.addEventListener(\"gform\/theme\/scripts_loaded\",()=>{gform.themeScriptsLoaded=!0,gform.callIfLoaded(o)}),window.addEventListener(\"DOMContentLoaded\",()=>{gform.domLoaded=!0,gform.callIfLoaded(o)}))},hooks:{action:{},filter:{}},addAction:function(o,r,e,t){gform.addHook(\"action\",o,r,e,t)},addFilter:function(o,r,e,t){gform.addHook(\"filter\",o,r,e,t)},doAction:function(o){gform.doHook(\"action\",o,arguments)},applyFilters:function(o){return gform.doHook(\"filter\",o,arguments)},removeAction:function(o,r){gform.removeHook(\"action\",o,r)},removeFilter:function(o,r,e){gform.removeHook(\"filter\",o,r,e)},addHook:function(o,r,e,t,n){null==gform.hooks[o][r]&&(gform.hooks[o][r]=[]);var d=gform.hooks[o][r];null==n&&(n=r+\"_\"+d.length),gform.hooks[o][r].push({tag:n,callable:e,priority:t=null==t?10:t})},doHook:function(r,o,e){var t;if(e=Array.prototype.slice.call(e,1),null!=gform.hooks[r][o]&&((o=gform.hooks[r][o]).sort(function(o,r){return o.priority-r.priority}),o.forEach(function(o){\"function\"!=typeof(t=o.callable)&&(t=window[t]),\"action\"==r?t.apply(null,e):e[0]=t.apply(null,e)})),\"filter\"==r)return e[0]},removeHook:function(o,r,t,n){var e;null!=gform.hooks[o][r]&&(e=(e=gform.hooks[o][r]).filter(function(o,r,e){return!!(null!=n&&n!=o.tag||null!=t&&t!=o.priority)}),gform.hooks[o][r]=e)}});\n<\/script>\n\n                <div class='gf_browser_gecko gform_wrapper gravity-theme gform-theme--no-framework' data-form-theme='gravity-theme' data-form-index='0' id='gform_wrapper_10' >\n                        <div class='gform_heading'>\n                            <p class='gform_description'><\/p>\n                        <\/div><form method='post' enctype='multipart\/form-data'  id='gform_10'  action='\/es-mx\/wp-json\/wp\/v2\/pages\/1792' data-formid='10' novalidate>\n                        <div class='gform-body gform_body'><div id='gform_fields_10' class='gform_fields top_label form_sublabel_below description_below validation_below'><fieldset id=\"field_10_1\" class=\"gfield gfield--type-radio gfield--type-choice gfield--input-type-radio gfield_contains_required field_sublabel_below gfield--no-description field_description_below field_validation_below gfield_visibility_visible\"  ><legend class='gfield_label gform-field-label' >1. En t\u00e9rminos generales, \u00bfqu\u00e9 opina de parte te\u00f3rica del taller?<span class=\"gfield_required\"><span class=\"gfield_required gfield_required_text\">(Required)<\/span><\/span><\/legend><div class='ginput_container ginput_container_radio'><div class='gfield_radio' id='input_10_1'>\n\t\t\t<div class='gchoice gchoice_10_1_0'>\n\t\t\t\t\t<input class='gfield-choice-input' name='input_1' type='radio' value='Excelente'  id='choice_10_1_0' onchange='gformToggleRadioOther( this )'    \/>\n\t\t\t\t\t<label for='choice_10_1_0' id='label_10_1_0' class='gform-field-label gform-field-label--type-inline'>Excelente<\/label>\n\t\t\t<\/div>\n\t\t\t<div class='gchoice gchoice_10_1_1'>\n\t\t\t\t\t<input class='gfield-choice-input' name='input_1' type='radio' value='Buena'  id='choice_10_1_1' onchange='gformToggleRadioOther( this )'    \/>\n\t\t\t\t\t<label for='choice_10_1_1' id='label_10_1_1' class='gform-field-label gform-field-label--type-inline'>Buena<\/label>\n\t\t\t<\/div>\n\t\t\t<div class='gchoice gchoice_10_1_2'>\n\t\t\t\t\t<input class='gfield-choice-input' name='input_1' type='radio' value='Podr\u00eda mejorar'  id='choice_10_1_2' onchange='gformToggleRadioOther( this )'    \/>\n\t\t\t\t\t<label for='choice_10_1_2' id='label_10_1_2' class='gform-field-label gform-field-label--type-inline'>Podr\u00eda mejorar<\/label>\n\t\t\t<\/div>\n\t\t\t<div class='gchoice gchoice_10_1_3'>\n\t\t\t\t\t<input class='gfield-choice-input' name='input_1' type='radio' value='Poco satisfactoria'  id='choice_10_1_3' onchange='gformToggleRadioOther( this )'    \/>\n\t\t\t\t\t<label for='choice_10_1_3' id='label_10_1_3' class='gform-field-label gform-field-label--type-inline'>Poco satisfactoria<\/label>\n\t\t\t<\/div><\/div><\/div><\/fieldset><fieldset id=\"field_10_3\" class=\"gfield gfield--type-radio gfield--type-choice gfield--input-type-radio gfield--width-full gfield_contains_required field_sublabel_below gfield--no-description field_description_below field_validation_below gfield_visibility_visible\"  ><legend class='gfield_label gform-field-label' >2. En t\u00e9rminos generales, \u00bfqu\u00e9 opina de parte pr\u00e1ctica del taller?<span class=\"gfield_required\"><span class=\"gfield_required gfield_required_text\">(Required)<\/span><\/span><\/legend><div class='ginput_container ginput_container_radio'><div class='gfield_radio' id='input_10_3'>\n\t\t\t<div class='gchoice gchoice_10_3_0'>\n\t\t\t\t\t<input class='gfield-choice-input' name='input_3' type='radio' value='Excelente'  id='choice_10_3_0' onchange='gformToggleRadioOther( this )'    \/>\n\t\t\t\t\t<label for='choice_10_3_0' id='label_10_3_0' class='gform-field-label gform-field-label--type-inline'>Excelente<\/label>\n\t\t\t<\/div>\n\t\t\t<div class='gchoice gchoice_10_3_1'>\n\t\t\t\t\t<input class='gfield-choice-input' name='input_3' type='radio' value='Buena'  id='choice_10_3_1' onchange='gformToggleRadioOther( this )'    \/>\n\t\t\t\t\t<label for='choice_10_3_1' id='label_10_3_1' class='gform-field-label gform-field-label--type-inline'>Buena<\/label>\n\t\t\t<\/div>\n\t\t\t<div class='gchoice gchoice_10_3_2'>\n\t\t\t\t\t<input class='gfield-choice-input' name='input_3' type='radio' value='Podr\u00eda mejorar'  id='choice_10_3_2' onchange='gformToggleRadioOther( this )'    \/>\n\t\t\t\t\t<label for='choice_10_3_2' id='label_10_3_2' class='gform-field-label gform-field-label--type-inline'>Podr\u00eda mejorar<\/label>\n\t\t\t<\/div>\n\t\t\t<div class='gchoice gchoice_10_3_3'>\n\t\t\t\t\t<input class='gfield-choice-input' name='input_3' type='radio' value='Poco satisfactoria'  id='choice_10_3_3' onchange='gformToggleRadioOther( this )'    \/>\n\t\t\t\t\t<label for='choice_10_3_3' id='label_10_3_3' class='gform-field-label gform-field-label--type-inline'>Poco satisfactoria<\/label>\n\t\t\t<\/div><\/div><\/div><\/fieldset><fieldset id=\"field_10_5\" class=\"gfield gfield--type-radio gfield--type-choice gfield--input-type-radio gfield--width-full gfield_contains_required field_sublabel_below gfield--no-description field_description_below field_validation_below gfield_visibility_visible\"  ><legend class='gfield_label gform-field-label' >3. \u00bfLe pareci\u00f3 que el Taller aport\u00f3 nuevos elementos a su pr\u00e1ctica cl\u00ednica?<span class=\"gfield_required\"><span class=\"gfield_required gfield_required_text\">(Required)<\/span><\/span><\/legend><div class='ginput_container ginput_container_radio'><div class='gfield_radio' id='input_10_5'>\n\t\t\t<div class='gchoice gchoice_10_5_0'>\n\t\t\t\t\t<input class='gfield-choice-input' name='input_5' type='radio' value='S\u00ed'  id='choice_10_5_0' onchange='gformToggleRadioOther( this )'    \/>\n\t\t\t\t\t<label for='choice_10_5_0' id='label_10_5_0' class='gform-field-label gform-field-label--type-inline'>S\u00ed<\/label>\n\t\t\t<\/div>\n\t\t\t<div class='gchoice gchoice_10_5_1'>\n\t\t\t\t\t<input class='gfield-choice-input' name='input_5' type='radio' value='Parcialmente'  id='choice_10_5_1' onchange='gformToggleRadioOther( this )'    \/>\n\t\t\t\t\t<label for='choice_10_5_1' id='label_10_5_1' class='gform-field-label gform-field-label--type-inline'>Parcialmente<\/label>\n\t\t\t<\/div>\n\t\t\t<div class='gchoice gchoice_10_5_2'>\n\t\t\t\t\t<input class='gfield-choice-input' name='input_5' type='radio' value='No'  id='choice_10_5_2' onchange='gformToggleRadioOther( this )'    \/>\n\t\t\t\t\t<label for='choice_10_5_2' id='label_10_5_2' class='gform-field-label gform-field-label--type-inline'>No<\/label>\n\t\t\t<\/div><\/div><\/div><\/fieldset><div id=\"field_10_6\" class=\"gfield gfield--type-captcha gfield--input-type-captcha field_sublabel_below gfield--no-description field_description_below hidden_label field_validation_below gfield_visibility_visible\"  ><label class='gfield_label gform-field-label' for='input_10_6'>CAPTCHA<\/label><div id='input_10_6' class='ginput_container ginput_recaptcha' data-sitekey='6Le4BackAAAAAHl8Y6RRJNGGis2j_Yg5jVp8UqeB'  data-theme='light' data-tabindex='0'  data-badge=''><\/div><\/div><\/div><\/div>\n        <div class='gform-footer gform_footer top_label'> <input type=\"submit\" id=\"gform_submit_button_10\" class=\"gform_button button odlpsubmitbtn\" onclick=\"gform.submission.handleButtonClick(this);\" data-submission-type=\"submit\" value=\"Enviar\"> \n            <input type='hidden' class='gform_hidden' name='gform_submission_method' data-js='gform_submission_method_10' value='postback' \/>\n            <input type='hidden' class='gform_hidden' name='gform_theme' data-js='gform_theme_10' id='gform_theme_10' value='gravity-theme' \/>\n            <input type='hidden' class='gform_hidden' name='gform_style_settings' data-js='gform_style_settings_10' id='gform_style_settings_10' value='{&quot;inputPrimaryColor&quot;:&quot;#204ce5&quot;}' \/>\n            <input type='hidden' class='gform_hidden' name='is_submit_10' value='1' \/>\n            <input type='hidden' class='gform_hidden' name='gform_submit' value='10' \/>\n            \n            <input type='hidden' class='gform_hidden' name='gform_unique_id' value='' \/>\n            <input type='hidden' class='gform_hidden' name='state_10' value='WyJ7XCIxXCI6W1wiNzM3YTg4ZTRiYTIyZjk0ODZkOTU4ZWQzZjQyMTA0N2FcIixcIjZlOTk0ODcxNjRhOTg1MzRiYjVkNDc2ZmJkYzQ5MGVlXCIsXCIyODgyOTk1ODBjNDc1ODJmN2Y0NDEwNzc1MTQ1NTdlNVwiLFwiY2EzYzlkYjJkMzhhZTEwY2YyM2E0YTFmMjZhNmEyNTlcIl0sXCIzXCI6W1wiNzM3YTg4ZTRiYTIyZjk0ODZkOTU4ZWQzZjQyMTA0N2FcIixcIjZlOTk0ODcxNjRhOTg1MzRiYjVkNDc2ZmJkYzQ5MGVlXCIsXCIyODgyOTk1ODBjNDc1ODJmN2Y0NDEwNzc1MTQ1NTdlNVwiLFwiY2EzYzlkYjJkMzhhZTEwY2YyM2E0YTFmMjZhNmEyNTlcIl0sXCI1XCI6W1wiMTk4M2IzNDdmY2Q1NzlhMjQ5N2U1NDQyZWNkZmZiOTdcIixcIjY3MzIwNDIxY2E5ZjdhMjk0OTViZTBlMjFiYzlmZTNiXCIsXCI4ODI4N2U0NTNkZmE5YmQ0OWI5ZjA0YzMxYTc4ODI3NFwiXX0iLCI0ODkyMTczN2FkMzdhMzcwZDE3MzdhODhiYTQzZDc2NyJd' \/>\n            <input type='hidden' autocomplete='off' class='gform_hidden' name='gform_target_page_number_10' id='gform_target_page_number_10' value='0' \/>\n            <input type='hidden' autocomplete='off' class='gform_hidden' name='gform_source_page_number_10' id='gform_source_page_number_10' value='1' \/>\n            <input type='hidden' name='gform_field_values' value='' \/>\n            \n        <\/div>\n                        <p style=\"display: none !important;\" class=\"akismet-fields-container\" data-prefix=\"ak_\"><label>&#916;<textarea name=\"ak_hp_textarea\" cols=\"45\" rows=\"8\" maxlength=\"100\"><\/textarea><\/label><input type=\"hidden\" id=\"ak_js_1\" name=\"ak_js\" value=\"194\"\/><script>document.getElementById( \"ak_js_1\" ).setAttribute( \"value\", ( new Date() ).getTime() );<\/script><\/p><\/form>\n                        <\/div><script>\ngform.initializeOnLoaded( function() {gformInitSpinner( 10, 'https:\/\/organonpro.com\/es-mx\/wp-content\/themes\/organon-connect-master\/assets\/images\/loader.svg', true );jQuery('#gform_ajax_frame_10').on('load',function(){var contents = jQuery(this).contents().find('*').html();var is_postback = contents.indexOf('GF_AJAX_POSTBACK') >= 0;if(!is_postback){return;}var form_content = jQuery(this).contents().find('#gform_wrapper_10');var is_confirmation = jQuery(this).contents().find('#gform_confirmation_wrapper_10').length > 0;var is_redirect = contents.indexOf('gformRedirect(){') >= 0;var is_form = form_content.length > 0 && ! is_redirect && ! is_confirmation;var mt = parseInt(jQuery('html').css('margin-top'), 10) + parseInt(jQuery('body').css('margin-top'), 10) + 100;if(is_form){jQuery('#gform_wrapper_10').html(form_content.html());if(form_content.hasClass('gform_validation_error')){jQuery('#gform_wrapper_10').addClass('gform_validation_error');} else {jQuery('#gform_wrapper_10').removeClass('gform_validation_error');}setTimeout( function() { \/* delay the scroll by 50 milliseconds to fix a bug in chrome *\/  }, 50 );if(window['gformInitDatepicker']) {gformInitDatepicker();}if(window['gformInitPriceFields']) {gformInitPriceFields();}var current_page = jQuery('#gform_source_page_number_10').val();gformInitSpinner( 10, 'https:\/\/organonpro.com\/es-mx\/wp-content\/themes\/organon-connect-master\/assets\/images\/loader.svg', true );jQuery(document).trigger('gform_page_loaded', [10, current_page]);window['gf_submitting_10'] = false;}else if(!is_redirect){var confirmation_content = jQuery(this).contents().find('.GF_AJAX_POSTBACK').html();if(!confirmation_content){confirmation_content = contents;}jQuery('#gform_wrapper_10').replaceWith(confirmation_content);jQuery(document).trigger('gform_confirmation_loaded', [10]);window['gf_submitting_10'] = false;wp.a11y.speak(jQuery('#gform_confirmation_message_10').text());}else{jQuery('#gform_10').append(contents);if(window['gformRedirect']) {gformRedirect();}}jQuery(document).trigger(\"gform_pre_post_render\", [{ formId: \"10\", currentPage: \"current_page\", abort: function() { this.preventDefault(); } }]);        if (event && event.defaultPrevented) {                return;        }        const gformWrapperDiv = document.getElementById( \"gform_wrapper_10\" );        if ( gformWrapperDiv ) {            const visibilitySpan = document.createElement( \"span\" );            visibilitySpan.id = \"gform_visibility_test_10\";            gformWrapperDiv.insertAdjacentElement( \"afterend\", visibilitySpan );        }        const visibilityTestDiv = document.getElementById( \"gform_visibility_test_10\" );        let postRenderFired = false;        function triggerPostRender() {            if ( postRenderFired ) {                return;            }            postRenderFired = true;            gform.core.triggerPostRenderEvents( 10, current_page );            if ( visibilityTestDiv ) {                visibilityTestDiv.parentNode.removeChild( visibilityTestDiv );            }        }        function debounce( func, wait, immediate ) {            var timeout;            return function() {                var context = this, args = arguments;                var later = function() {                    timeout = null;                    if ( !immediate ) func.apply( context, args );                };                var callNow = immediate && !timeout;                clearTimeout( timeout );                timeout = setTimeout( later, wait );                if ( callNow ) func.apply( context, args );            };        }        const debouncedTriggerPostRender = debounce( function() {            triggerPostRender();        }, 200 );        if ( visibilityTestDiv && visibilityTestDiv.offsetParent === null ) {            const observer = new MutationObserver( ( mutations ) => {                mutations.forEach( ( mutation ) => {                    if ( mutation.type === 'attributes' && visibilityTestDiv.offsetParent !== null ) {                        debouncedTriggerPostRender();                        observer.disconnect();                    }                });            });            observer.observe( document.body, {                attributes: true,                childList: false,                subtree: true,                attributeFilter: [ 'style', 'class' ],            });        } else {            triggerPostRender();        }    } );} );\n<\/script>\n\n\n\n<p>MX-NON-110171<\/p>\n","protected":false},"excerpt":{"rendered":"<p>MX-NON-110171<\/p>\n","protected":false},"author":113,"featured_media":0,"parent":0,"menu_order":0,"comment_status":"open","ping_status":"open","template":"","meta":{"_acf_changed":false,"footnotes":""},"class_list":["post-1792","page","type-page","status-publish","hentry"],"acf":[],"yoast_head":"<!-- This site is optimized with the Yoast SEO Premium plugin v20.11 (Yoast SEO v26.6) - https:\/\/yoast.com\/wordpress\/plugins\/seo\/ -->\n<title>Encuesta de Salida: Taller Avances en el manejo de la Hemorragia Obst\u00e9trica - Organon Pro - Mexico<\/title>\n<meta name=\"robots\" content=\"noindex, follow\" \/>\n<meta property=\"og:locale\" content=\"en_US\" \/>\n<meta property=\"og:type\" content=\"article\" \/>\n<meta property=\"og:title\" content=\"Encuesta de Salida: Taller Avances en el manejo de la Hemorragia Obst\u00e9trica\" \/>\n<meta property=\"og:description\" content=\"MX-NON-110171\" \/>\n<meta property=\"og:url\" content=\"https:\/\/organonpro.com\/es-mx\/encuesta-de-salida-organon-summit\/\" \/>\n<meta property=\"og:site_name\" content=\"Organon Pro - Mexico\" \/>\n<meta property=\"article:modified_time\" content=\"2025-07-03T09:11:14+00:00\" \/>\n<meta property=\"og:image\" content=\"https:\/\/organonpro.com\/es-mx\/wp-content\/uploads\/sites\/29\/2022\/12\/organon-pro-og-img.png\" \/>\n\t<meta property=\"og:image:width\" content=\"1200\" \/>\n\t<meta property=\"og:image:height\" content=\"630\" \/>\n\t<meta property=\"og:image:type\" content=\"image\/png\" \/>\n<meta name=\"twitter:card\" content=\"summary_large_image\" \/>\n<meta name=\"twitter:label1\" content=\"Est. reading time\" \/>\n\t<meta name=\"twitter:data1\" content=\"1 minute\" \/>\n<script type=\"application\/ld+json\" class=\"yoast-schema-graph\">{\"@context\":\"https:\/\/schema.org\",\"@graph\":[{\"@type\":\"WebPage\",\"@id\":\"https:\/\/organonpro.com\/es-mx\/encuesta-de-salida-organon-summit\/\",\"url\":\"https:\/\/organonpro.com\/es-mx\/encuesta-de-salida-organon-summit\/\",\"name\":\"Encuesta de Salida: Taller Avances en el manejo de la Hemorragia Obst\u00e9trica - Organon Pro - Mexico\",\"isPartOf\":{\"@id\":\"https:\/\/organonpro.com\/es-mx\/#website\"},\"datePublished\":\"2023-06-01T18:33:08+00:00\",\"dateModified\":\"2025-07-03T09:11:14+00:00\",\"breadcrumb\":{\"@id\":\"https:\/\/organonpro.com\/es-mx\/encuesta-de-salida-organon-summit\/#breadcrumb\"},\"inLanguage\":\"en-US\",\"potentialAction\":[{\"@type\":\"ReadAction\",\"target\":[\"https:\/\/organonpro.com\/es-mx\/encuesta-de-salida-organon-summit\/\"]}]},{\"@type\":\"BreadcrumbList\",\"@id\":\"https:\/\/organonpro.com\/es-mx\/encuesta-de-salida-organon-summit\/#breadcrumb\",\"itemListElement\":[{\"@type\":\"ListItem\",\"position\":1,\"name\":\"Home\",\"item\":\"https:\/\/organonpro.com\/es-mx\/\"},{\"@type\":\"ListItem\",\"position\":2,\"name\":\"Encuesta de Salida: Taller Avances en el manejo de la Hemorragia Obst\u00e9trica\"}]},{\"@type\":\"WebSite\",\"@id\":\"https:\/\/organonpro.com\/es-mx\/#website\",\"url\":\"https:\/\/organonpro.com\/es-mx\/\",\"name\":\"Organon Pro - Mexico\",\"description\":\"Organon Pro - Mexico\",\"potentialAction\":[{\"@type\":\"SearchAction\",\"target\":{\"@type\":\"EntryPoint\",\"urlTemplate\":\"https:\/\/organonpro.com\/es-mx\/?s={search_term_string}\"},\"query-input\":{\"@type\":\"PropertyValueSpecification\",\"valueRequired\":true,\"valueName\":\"search_term_string\"}}],\"inLanguage\":\"en-US\"}]}<\/script>\n<!-- \/ Yoast SEO Premium plugin. -->","yoast_head_json":{"title":"Encuesta de Salida: Taller Avances en el manejo de la Hemorragia Obst\u00e9trica - Organon Pro - Mexico","robots":{"index":"noindex","follow":"follow"},"og_locale":"en_US","og_type":"article","og_title":"Encuesta de Salida: Taller Avances en el manejo de la Hemorragia Obst\u00e9trica","og_description":"MX-NON-110171","og_url":"https:\/\/organonpro.com\/es-mx\/encuesta-de-salida-organon-summit\/","og_site_name":"Organon Pro - Mexico","article_modified_time":"2025-07-03T09:11:14+00:00","og_image":[{"width":1200,"height":630,"url":"https:\/\/organonpro.com\/es-mx\/wp-content\/uploads\/sites\/29\/2022\/12\/organon-pro-og-img.png","type":"image\/png"}],"twitter_card":"summary_large_image","twitter_misc":{"Est. reading time":"1 minute"},"schema":{"@context":"https:\/\/schema.org","@graph":[{"@type":"WebPage","@id":"https:\/\/organonpro.com\/es-mx\/encuesta-de-salida-organon-summit\/","url":"https:\/\/organonpro.com\/es-mx\/encuesta-de-salida-organon-summit\/","name":"Encuesta de Salida: Taller Avances en el manejo de la Hemorragia Obst\u00e9trica - Organon Pro - Mexico","isPartOf":{"@id":"https:\/\/organonpro.com\/es-mx\/#website"},"datePublished":"2023-06-01T18:33:08+00:00","dateModified":"2025-07-03T09:11:14+00:00","breadcrumb":{"@id":"https:\/\/organonpro.com\/es-mx\/encuesta-de-salida-organon-summit\/#breadcrumb"},"inLanguage":"en-US","potentialAction":[{"@type":"ReadAction","target":["https:\/\/organonpro.com\/es-mx\/encuesta-de-salida-organon-summit\/"]}]},{"@type":"BreadcrumbList","@id":"https:\/\/organonpro.com\/es-mx\/encuesta-de-salida-organon-summit\/#breadcrumb","itemListElement":[{"@type":"ListItem","position":1,"name":"Home","item":"https:\/\/organonpro.com\/es-mx\/"},{"@type":"ListItem","position":2,"name":"Encuesta de Salida: Taller Avances en el manejo de la Hemorragia Obst\u00e9trica"}]},{"@type":"WebSite","@id":"https:\/\/organonpro.com\/es-mx\/#website","url":"https:\/\/organonpro.com\/es-mx\/","name":"Organon Pro - Mexico","description":"Organon Pro - Mexico","potentialAction":[{"@type":"SearchAction","target":{"@type":"EntryPoint","urlTemplate":"https:\/\/organonpro.com\/es-mx\/?s={search_term_string}"},"query-input":{"@type":"PropertyValueSpecification","valueRequired":true,"valueName":"search_term_string"}}],"inLanguage":"en-US"}]}},"_links":{"self":[{"href":"https:\/\/organonpro.com\/es-mx\/wp-json\/wp\/v2\/pages\/1792","targetHints":{"allow":["GET"]}}],"collection":[{"href":"https:\/\/organonpro.com\/es-mx\/wp-json\/wp\/v2\/pages"}],"about":[{"href":"https:\/\/organonpro.com\/es-mx\/wp-json\/wp\/v2\/types\/page"}],"author":[{"embeddable":true,"href":"https:\/\/organonpro.com\/es-mx\/wp-json\/wp\/v2\/users\/113"}],"replies":[{"embeddable":true,"href":"https:\/\/organonpro.com\/es-mx\/wp-json\/wp\/v2\/comments?post=1792"}],"version-history":[{"count":4,"href":"https:\/\/organonpro.com\/es-mx\/wp-json\/wp\/v2\/pages\/1792\/revisions"}],"predecessor-version":[{"id":5332,"href":"https:\/\/organonpro.com\/es-mx\/wp-json\/wp\/v2\/pages\/1792\/revisions\/5332"}],"wp:attachment":[{"href":"https:\/\/organonpro.com\/es-mx\/wp-json\/wp\/v2\/media?parent=1792"}],"curies":[{"name":"wp","href":"https:\/\/api.w.org\/{rel}","templated":true}]}}