{"id":4044,"date":"2022-08-24T12:51:22","date_gmt":"2022-08-24T12:51:22","guid":{"rendered":"https:\/\/organonpro.com\/es-es\/?post_type=product&#038;p=4044"},"modified":"2025-06-18T10:18:52","modified_gmt":"2025-06-18T10:18:52","slug":"indicaciones-terapeuticas","status":"publish","type":"product","link":"https:\/\/organonpro.com\/es-es\/product\/propecia\/indicaciones-terapeuticas\/","title":{"rendered":"Indicaciones terap\u00e9uticas"},"content":{"rendered":"<div class=\"wp-block-image\">\n<figure class=\"aligncenter size-large\"><img loading=\"lazy\" decoding=\"async\" height=\"342\" width=\"1024\" src=\"https:\/\/organonpro.com\/es-es\/wp-content\/uploads\/sites\/11\/2022\/08\/BODEGON_PROPECIA.png?w=640\" alt=\"\" class=\"wp-image-11343\" srcset=\"https:\/\/organonpro.com\/es-es\/wp-content\/uploads\/sites\/11\/2022\/08\/BODEGON_PROPECIA.png 4085w, https:\/\/organonpro.com\/es-es\/wp-content\/uploads\/sites\/11\/2022\/08\/BODEGON_PROPECIA.png?resize=300,100 300w, https:\/\/organonpro.com\/es-es\/wp-content\/uploads\/sites\/11\/2022\/08\/BODEGON_PROPECIA.png?resize=768,256 768w, https:\/\/organonpro.com\/es-es\/wp-content\/uploads\/sites\/11\/2022\/08\/BODEGON_PROPECIA.png?resize=1024,342 1024w, https:\/\/organonpro.com\/es-es\/wp-content\/uploads\/sites\/11\/2022\/08\/BODEGON_PROPECIA.png?resize=1536,513 1536w, https:\/\/organonpro.com\/es-es\/wp-content\/uploads\/sites\/11\/2022\/08\/BODEGON_PROPECIA.png?resize=2048,683 2048w, https:\/\/organonpro.com\/es-es\/wp-content\/uploads\/sites\/11\/2022\/08\/BODEGON_PROPECIA.png?resize=288,96 288w, https:\/\/organonpro.com\/es-es\/wp-content\/uploads\/sites\/11\/2022\/08\/BODEGON_PROPECIA.png?resize=800,267 800w, https:\/\/organonpro.com\/es-es\/wp-content\/uploads\/sites\/11\/2022\/08\/BODEGON_PROPECIA.png?resize=400,133 400w, https:\/\/organonpro.com\/es-es\/wp-content\/uploads\/sites\/11\/2022\/08\/BODEGON_PROPECIA.png?resize=720,240 720w, https:\/\/organonpro.com\/es-es\/wp-content\/uploads\/sites\/11\/2022\/08\/BODEGON_PROPECIA.png?resize=375,125 375w, https:\/\/organonpro.com\/es-es\/wp-content\/uploads\/sites\/11\/2022\/08\/BODEGON_PROPECIA.png?resize=150,50 150w, https:\/\/organonpro.com\/es-es\/wp-content\/uploads\/sites\/11\/2022\/08\/BODEGON_PROPECIA.png?resize=396,132 396w, https:\/\/organonpro.com\/es-es\/wp-content\/uploads\/sites\/11\/2022\/08\/BODEGON_PROPECIA.png?resize=100,33 100w, https:\/\/organonpro.com\/es-es\/wp-content\/uploads\/sites\/11\/2022\/08\/BODEGON_PROPECIA.png?resize=426,142 426w, https:\/\/organonpro.com\/es-es\/wp-content\/uploads\/sites\/11\/2022\/08\/BODEGON_PROPECIA.png?resize=64,21 64w, https:\/\/organonpro.com\/es-es\/wp-content\/uploads\/sites\/11\/2022\/08\/BODEGON_PROPECIA.png?resize=1276,426 1276w, https:\/\/organonpro.com\/es-es\/wp-content\/uploads\/sites\/11\/2022\/08\/BODEGON_PROPECIA.png?resize=616,206 616w, https:\/\/organonpro.com\/es-es\/wp-content\/uploads\/sites\/11\/2022\/08\/BODEGON_PROPECIA.png?resize=190,63 190w, https:\/\/organonpro.com\/es-es\/wp-content\/uploads\/sites\/11\/2022\/08\/BODEGON_PROPECIA.png?resize=174,58 174w, https:\/\/organonpro.com\/es-es\/wp-content\/uploads\/sites\/11\/2022\/08\/BODEGON_PROPECIA.png?resize=301,100 301w, https:\/\/organonpro.com\/es-es\/wp-content\/uploads\/sites\/11\/2022\/08\/BODEGON_PROPECIA.png?resize=638,213 638w, https:\/\/organonpro.com\/es-es\/wp-content\/uploads\/sites\/11\/2022\/08\/BODEGON_PROPECIA.png?resize=1440,480 1440w, https:\/\/organonpro.com\/es-es\/wp-content\/uploads\/sites\/11\/2022\/08\/BODEGON_PROPECIA.png?resize=599,200 599w, https:\/\/organonpro.com\/es-es\/wp-content\/uploads\/sites\/11\/2022\/08\/BODEGON_PROPECIA.png?resize=596,200 596w\" sizes=\"auto, (max-width: 1024px) 100vw, 1024px\" \/><\/figure><\/div>\n\n\n<h2 class=\"wp-block-heading\" id=\"h-propecia-1-mg-comprimidos-recubiertos-con-pelicula-finasterida\">Propecia 1 mg comprimidos recubiertos con pel\u00edcula <em>(Finasterida)<\/em><\/h2>\n\n\n\n<h2 class=\"wp-block-heading\" id=\"h-indicaciones-terapeuticas\">Indicaciones terap\u00e9uticas<\/h2>\n\n\n\n<p>Est\u00e1 indicado en varones de 18 a 41 a\u00f1os para el tratamiento de las primeras fases de la alopecia androgen\u00e9tica. Propecia estabiliza el proceso de la alopecia androgen\u00e9tica. No se ha establecido su eficacia en la recesi\u00f3n bitemporal ni en la p\u00e9rdida de pelo en la etapa final.<\/p>\n\n\n\n<p><strong>PRECIOS AUTORIZADOS:<\/strong>\u00a0PROPECIA\u00ae 1 mg\u00a0\u2013 28 comprimidos:\u00a0P.V.L.: 31,27 \u20ac; P.V.P.: 46,94 \u20ac; P.V.P.-IVA:\u00a048,82 \u20ac.<br><strong>CONDICIONES DE PRESCRIPCI\u00d3N, DISPENSACI\u00d3N Y PRESTACI\u00d3N:<\/strong>\u00a0Con receta \u2013 Medicamento no financiado por el S.N.S.<\/p>\n\n\n\n<p class=\"has-text-align-center\">Antes de prescribir o dispensar este producto consulte la Ficha T\u00e9cnica completa correspondiente:<br><a href=\"https:\/\/cima.aemps.es\/cima\/dochtml\/ft\/62441\/FT_62441.html\">Propecia 1 mg comprimidos recubiertos con pel\u00edcula<\/a><\/p>\n\n\n\n<p class=\"has-text-align-center\">Consulte la Informaci\u00f3n de Seguridad Seleccionada de:<br><a href=\"https:\/\/organonpro.com\/es-es\/sb_propecia\/\" target=\"_blank\" rel=\"noreferrer noopener\">Propecia 1 mg comprimidos recubiertos con pel\u00edcula<\/a><\/p>\n\n\n\n<style>\n.product-header__row .product-name img {\n    background: border-box !important;\n    box-shadow: initial !important;\n}\n<\/style>\n","protected":false},"author":8,"featured_media":0,"parent":578,"menu_order":0,"comment_status":"open","ping_status":"closed","template":"","meta":{"_acf_changed":false,"footnotes":""},"tags":[],"customer_type":[],"product_categories":[],"product_specialization":[],"class_list":["post-4044","product","type-product","status-publish","hentry"],"acf":[],"yoast_head":"<!-- This site is optimized with the Yoast SEO Premium plugin v20.11 (Yoast SEO v26.6) - https:\/\/yoast.com\/wordpress\/plugins\/seo\/ -->\n<title>Propecia - Indicaciones terap\u00e9uticas - Organon Pro<\/title>\n<meta name=\"robots\" content=\"noindex, follow\" \/>\n<meta property=\"og:locale\" content=\"en_US\" \/>\n<meta property=\"og:type\" content=\"article\" \/>\n<meta property=\"og:title\" content=\"Indicaciones terap\u00e9uticas\" \/>\n<meta property=\"og:description\" content=\"Propecia 1 mg comprimidos recubiertos con pel\u00edcula (Finasterida) Indicaciones terap\u00e9uticas Est\u00e1 indicado en varones de 18 a 41 a\u00f1os para el tratamiento de las primeras fases de la alopecia androgen\u00e9tica. Propecia estabiliza el proceso de la alopecia androgen\u00e9tica. No se ha establecido su eficacia en la recesi\u00f3n bitemporal ni en la p\u00e9rdida de pelo en [&hellip;]\" \/>\n<meta property=\"og:url\" content=\"https:\/\/organonpro.com\/es-es\/product\/propecia\/indicaciones-terapeuticas\/\" \/>\n<meta property=\"og:site_name\" content=\"Organon Pro - Espa\u00f1a\" \/>\n<meta property=\"article:publisher\" content=\"https:\/\/www.facebook.com\/OrganonandCo\" \/>\n<meta property=\"article:modified_time\" content=\"2025-06-18T10:18:52+00:00\" \/>\n<meta property=\"og:image\" content=\"https:\/\/organonpro.com\/es-es\/wp-content\/uploads\/sites\/11\/2022\/08\/BODEGON_PROPECIA.png\" \/>\n\t<meta property=\"og:image:width\" content=\"4085\" \/>\n\t<meta property=\"og:image:height\" content=\"1363\" \/>\n\t<meta property=\"og:image:type\" content=\"image\/png\" \/>\n<meta name=\"twitter:card\" content=\"summary_large_image\" \/>\n<meta name=\"twitter:site\" content=\"@OrganonLLC\" \/>\n<meta name=\"twitter:label1\" content=\"Est. reading time\" \/>\n\t<meta name=\"twitter:data1\" content=\"1 minute\" \/>\n<script type=\"application\/ld+json\" class=\"yoast-schema-graph\">{\"@context\":\"https:\/\/schema.org\",\"@graph\":[{\"@type\":\"WebPage\",\"@id\":\"https:\/\/organonpro.com\/es-es\/product\/propecia\/indicaciones-terapeuticas\/\",\"url\":\"https:\/\/organonpro.com\/es-es\/product\/propecia\/indicaciones-terapeuticas\/\",\"name\":\"Propecia - Indicaciones terap\u00e9uticas - Organon Pro\",\"isPartOf\":{\"@id\":\"https:\/\/organonpro.com\/es-es\/#website\"},\"primaryImageOfPage\":{\"@id\":\"https:\/\/organonpro.com\/es-es\/product\/propecia\/indicaciones-terapeuticas\/#primaryimage\"},\"image\":{\"@id\":\"https:\/\/organonpro.com\/es-es\/product\/propecia\/indicaciones-terapeuticas\/#primaryimage\"},\"thumbnailUrl\":\"https:\/\/organonpro.com\/es-es\/wp-content\/uploads\/sites\/11\/2022\/08\/BODEGON_PROPECIA.png?w=640\",\"datePublished\":\"2022-08-24T12:51:22+00:00\",\"dateModified\":\"2025-06-18T10:18:52+00:00\",\"breadcrumb\":{\"@id\":\"https:\/\/organonpro.com\/es-es\/product\/propecia\/indicaciones-terapeuticas\/#breadcrumb\"},\"inLanguage\":\"en-US\",\"potentialAction\":[{\"@type\":\"ReadAction\",\"target\":[\"https:\/\/organonpro.com\/es-es\/product\/propecia\/indicaciones-terapeuticas\/\"]}]},{\"@type\":\"ImageObject\",\"inLanguage\":\"en-US\",\"@id\":\"https:\/\/organonpro.com\/es-es\/product\/propecia\/indicaciones-terapeuticas\/#primaryimage\",\"url\":\"https:\/\/organonpro.com\/es-es\/wp-content\/uploads\/sites\/11\/2022\/08\/BODEGON_PROPECIA.png\",\"contentUrl\":\"https:\/\/organonpro.com\/es-es\/wp-content\/uploads\/sites\/11\/2022\/08\/BODEGON_PROPECIA.png\",\"width\":4085,\"height\":1363},{\"@type\":\"BreadcrumbList\",\"@id\":\"https:\/\/organonpro.com\/es-es\/product\/propecia\/indicaciones-terapeuticas\/#breadcrumb\",\"itemListElement\":[{\"@type\":\"ListItem\",\"position\":1,\"name\":\"Home\",\"item\":\"https:\/\/organonpro.com\/es-es\/\"},{\"@type\":\"ListItem\",\"position\":2,\"name\":\"Products\",\"item\":\"https:\/\/organonpro.com\/es-es\/product\/\"},{\"@type\":\"ListItem\",\"position\":3,\"name\":\"Propecia\u00ae\",\"item\":\"https:\/\/organonpro.com\/es-es\/product\/propecia\/\"},{\"@type\":\"ListItem\",\"position\":4,\"name\":\"Indicaciones terap\u00e9uticas\"}]},{\"@type\":\"WebSite\",\"@id\":\"https:\/\/organonpro.com\/es-es\/#website\",\"url\":\"https:\/\/organonpro.com\/es-es\/\",\"name\":\"Organon Pro - Espa\u00f1a\",\"description\":\"Organon Pro - Espa\u00f1a\",\"publisher\":{\"@id\":\"https:\/\/organonpro.com\/es-es\/#organization\"},\"potentialAction\":[{\"@type\":\"SearchAction\",\"target\":{\"@type\":\"EntryPoint\",\"urlTemplate\":\"https:\/\/organonpro.com\/es-es\/?s={search_term_string}\"},\"query-input\":{\"@type\":\"PropertyValueSpecification\",\"valueRequired\":true,\"valueName\":\"search_term_string\"}}],\"inLanguage\":\"en-US\"},{\"@type\":\"Organization\",\"@id\":\"https:\/\/organonpro.com\/es-es\/#organization\",\"name\":\"Organon Pro - Espa\u00f1a\",\"url\":\"https:\/\/organonpro.com\/es-es\/\",\"logo\":{\"@type\":\"ImageObject\",\"inLanguage\":\"en-US\",\"@id\":\"https:\/\/organonpro.com\/es-es\/#\/schema\/logo\/image\/\",\"url\":\"https:\/\/organonpro.com\/es-es\/wp-content\/uploads\/sites\/11\/2023\/08\/organon-pro-1.webp\",\"contentUrl\":\"https:\/\/organonpro.com\/es-es\/wp-content\/uploads\/sites\/11\/2023\/08\/organon-pro-1.webp\",\"width\":2269,\"height\":243,\"caption\":\"Organon Pro - Espa\u00f1a\"},\"image\":{\"@id\":\"https:\/\/organonpro.com\/es-es\/#\/schema\/logo\/image\/\"},\"sameAs\":[\"https:\/\/www.facebook.com\/OrganonandCo\",\"https:\/\/x.com\/OrganonLLC\"]}]}<\/script>\n<!-- \/ Yoast SEO Premium plugin. -->","yoast_head_json":{"title":"Propecia - Indicaciones terap\u00e9uticas - Organon Pro","robots":{"index":"noindex","follow":"follow"},"og_locale":"en_US","og_type":"article","og_title":"Indicaciones terap\u00e9uticas","og_description":"Propecia 1 mg comprimidos recubiertos con pel\u00edcula (Finasterida) Indicaciones terap\u00e9uticas Est\u00e1 indicado en varones de 18 a 41 a\u00f1os para el tratamiento de las primeras fases de la alopecia androgen\u00e9tica. Propecia estabiliza el proceso de la alopecia androgen\u00e9tica. No se ha establecido su eficacia en la recesi\u00f3n bitemporal ni en la p\u00e9rdida de pelo en [&hellip;]","og_url":"https:\/\/organonpro.com\/es-es\/product\/propecia\/indicaciones-terapeuticas\/","og_site_name":"Organon Pro - Espa\u00f1a","article_publisher":"https:\/\/www.facebook.com\/OrganonandCo","article_modified_time":"2025-06-18T10:18:52+00:00","og_image":[{"width":4085,"height":1363,"url":"https:\/\/organonpro.com\/es-es\/wp-content\/uploads\/sites\/11\/2022\/08\/BODEGON_PROPECIA.png","type":"image\/png"}],"twitter_card":"summary_large_image","twitter_site":"@OrganonLLC","twitter_misc":{"Est. reading time":"1 minute"},"schema":{"@context":"https:\/\/schema.org","@graph":[{"@type":"WebPage","@id":"https:\/\/organonpro.com\/es-es\/product\/propecia\/indicaciones-terapeuticas\/","url":"https:\/\/organonpro.com\/es-es\/product\/propecia\/indicaciones-terapeuticas\/","name":"Propecia - Indicaciones terap\u00e9uticas - Organon Pro","isPartOf":{"@id":"https:\/\/organonpro.com\/es-es\/#website"},"primaryImageOfPage":{"@id":"https:\/\/organonpro.com\/es-es\/product\/propecia\/indicaciones-terapeuticas\/#primaryimage"},"image":{"@id":"https:\/\/organonpro.com\/es-es\/product\/propecia\/indicaciones-terapeuticas\/#primaryimage"},"thumbnailUrl":"https:\/\/organonpro.com\/es-es\/wp-content\/uploads\/sites\/11\/2022\/08\/BODEGON_PROPECIA.png?w=640","datePublished":"2022-08-24T12:51:22+00:00","dateModified":"2025-06-18T10:18:52+00:00","breadcrumb":{"@id":"https:\/\/organonpro.com\/es-es\/product\/propecia\/indicaciones-terapeuticas\/#breadcrumb"},"inLanguage":"en-US","potentialAction":[{"@type":"ReadAction","target":["https:\/\/organonpro.com\/es-es\/product\/propecia\/indicaciones-terapeuticas\/"]}]},{"@type":"ImageObject","inLanguage":"en-US","@id":"https:\/\/organonpro.com\/es-es\/product\/propecia\/indicaciones-terapeuticas\/#primaryimage","url":"https:\/\/organonpro.com\/es-es\/wp-content\/uploads\/sites\/11\/2022\/08\/BODEGON_PROPECIA.png","contentUrl":"https:\/\/organonpro.com\/es-es\/wp-content\/uploads\/sites\/11\/2022\/08\/BODEGON_PROPECIA.png","width":4085,"height":1363},{"@type":"BreadcrumbList","@id":"https:\/\/organonpro.com\/es-es\/product\/propecia\/indicaciones-terapeuticas\/#breadcrumb","itemListElement":[{"@type":"ListItem","position":1,"name":"Home","item":"https:\/\/organonpro.com\/es-es\/"},{"@type":"ListItem","position":2,"name":"Products","item":"https:\/\/organonpro.com\/es-es\/product\/"},{"@type":"ListItem","position":3,"name":"Propecia\u00ae","item":"https:\/\/organonpro.com\/es-es\/product\/propecia\/"},{"@type":"ListItem","position":4,"name":"Indicaciones terap\u00e9uticas"}]},{"@type":"WebSite","@id":"https:\/\/organonpro.com\/es-es\/#website","url":"https:\/\/organonpro.com\/es-es\/","name":"Organon Pro - Espa\u00f1a","description":"Organon Pro - Espa\u00f1a","publisher":{"@id":"https:\/\/organonpro.com\/es-es\/#organization"},"potentialAction":[{"@type":"SearchAction","target":{"@type":"EntryPoint","urlTemplate":"https:\/\/organonpro.com\/es-es\/?s={search_term_string}"},"query-input":{"@type":"PropertyValueSpecification","valueRequired":true,"valueName":"search_term_string"}}],"inLanguage":"en-US"},{"@type":"Organization","@id":"https:\/\/organonpro.com\/es-es\/#organization","name":"Organon Pro - Espa\u00f1a","url":"https:\/\/organonpro.com\/es-es\/","logo":{"@type":"ImageObject","inLanguage":"en-US","@id":"https:\/\/organonpro.com\/es-es\/#\/schema\/logo\/image\/","url":"https:\/\/organonpro.com\/es-es\/wp-content\/uploads\/sites\/11\/2023\/08\/organon-pro-1.webp","contentUrl":"https:\/\/organonpro.com\/es-es\/wp-content\/uploads\/sites\/11\/2023\/08\/organon-pro-1.webp","width":2269,"height":243,"caption":"Organon Pro - Espa\u00f1a"},"image":{"@id":"https:\/\/organonpro.com\/es-es\/#\/schema\/logo\/image\/"},"sameAs":["https:\/\/www.facebook.com\/OrganonandCo","https:\/\/x.com\/OrganonLLC"]}]}},"jetpack_sharing_enabled":true,"_links":{"self":[{"href":"https:\/\/organonpro.com\/es-es\/wp-json\/wp\/v2\/product\/4044","targetHints":{"allow":["GET"]}}],"collection":[{"href":"https:\/\/organonpro.com\/es-es\/wp-json\/wp\/v2\/product"}],"about":[{"href":"https:\/\/organonpro.com\/es-es\/wp-json\/wp\/v2\/types\/product"}],"author":[{"embeddable":true,"href":"https:\/\/organonpro.com\/es-es\/wp-json\/wp\/v2\/users\/8"}],"replies":[{"embeddable":true,"href":"https:\/\/organonpro.com\/es-es\/wp-json\/wp\/v2\/comments?post=4044"}],"version-history":[{"count":17,"href":"https:\/\/organonpro.com\/es-es\/wp-json\/wp\/v2\/product\/4044\/revisions"}],"predecessor-version":[{"id":38831,"href":"https:\/\/organonpro.com\/es-es\/wp-json\/wp\/v2\/product\/4044\/revisions\/38831"}],"up":[{"embeddable":true,"href":"https:\/\/organonpro.com\/es-es\/wp-json\/wp\/v2\/product\/578"}],"wp:attachment":[{"href":"https:\/\/organonpro.com\/es-es\/wp-json\/wp\/v2\/media?parent=4044"}],"wp:term":[{"taxonomy":"post_tag","embeddable":true,"href":"https:\/\/organonpro.com\/es-es\/wp-json\/wp\/v2\/tags?post=4044"},{"taxonomy":"customer_type","embeddable":true,"href":"https:\/\/organonpro.com\/es-es\/wp-json\/wp\/v2\/customer_type?post=4044"},{"taxonomy":"product_categories","embeddable":true,"href":"https:\/\/organonpro.com\/es-es\/wp-json\/wp\/v2\/product_categories?post=4044"},{"taxonomy":"product_specialization","embeddable":true,"href":"https:\/\/organonpro.com\/es-es\/wp-json\/wp\/v2\/product_specialization?post=4044"}],"curies":[{"name":"wp","href":"https:\/\/api.w.org\/{rel}","templated":true}]}}