{"id":4020,"date":"2022-08-24T12:23:24","date_gmt":"2022-08-24T12:23:24","guid":{"rendered":"https:\/\/organonpro.com\/es-es\/?post_type=product&#038;p=4020"},"modified":"2025-01-31T13:53:42","modified_gmt":"2025-01-31T13:53:42","slug":"indicaciones-terapeuticas","status":"publish","type":"product","link":"https:\/\/organonpro.com\/es-es\/product\/orgalutran\/indicaciones-terapeuticas\/","title":{"rendered":"Indicaciones terap\u00e9uticas"},"content":{"rendered":"\n<div style=\"height:20px\" aria-hidden=\"true\" class=\"wp-block-spacer\"><\/div>\n\n\n<div class=\"wp-block-image\">\n<figure class=\"aligncenter size-large\"><img loading=\"lazy\" decoding=\"async\" height=\"342\" width=\"1024\" src=\"https:\/\/organonpro.com\/es-es\/wp-content\/uploads\/sites\/11\/2022\/08\/BODEGON_ORGALUTRAN.png?w=640\" alt=\"\" class=\"wp-image-11348\" srcset=\"https:\/\/organonpro.com\/es-es\/wp-content\/uploads\/sites\/11\/2022\/08\/BODEGON_ORGALUTRAN.png 4085w, https:\/\/organonpro.com\/es-es\/wp-content\/uploads\/sites\/11\/2022\/08\/BODEGON_ORGALUTRAN.png?resize=300,100 300w, https:\/\/organonpro.com\/es-es\/wp-content\/uploads\/sites\/11\/2022\/08\/BODEGON_ORGALUTRAN.png?resize=768,256 768w, https:\/\/organonpro.com\/es-es\/wp-content\/uploads\/sites\/11\/2022\/08\/BODEGON_ORGALUTRAN.png?resize=1024,342 1024w, https:\/\/organonpro.com\/es-es\/wp-content\/uploads\/sites\/11\/2022\/08\/BODEGON_ORGALUTRAN.png?resize=1536,513 1536w, https:\/\/organonpro.com\/es-es\/wp-content\/uploads\/sites\/11\/2022\/08\/BODEGON_ORGALUTRAN.png?resize=2048,683 2048w, https:\/\/organonpro.com\/es-es\/wp-content\/uploads\/sites\/11\/2022\/08\/BODEGON_ORGALUTRAN.png?resize=288,96 288w, https:\/\/organonpro.com\/es-es\/wp-content\/uploads\/sites\/11\/2022\/08\/BODEGON_ORGALUTRAN.png?resize=800,267 800w, https:\/\/organonpro.com\/es-es\/wp-content\/uploads\/sites\/11\/2022\/08\/BODEGON_ORGALUTRAN.png?resize=400,133 400w, https:\/\/organonpro.com\/es-es\/wp-content\/uploads\/sites\/11\/2022\/08\/BODEGON_ORGALUTRAN.png?resize=720,240 720w, https:\/\/organonpro.com\/es-es\/wp-content\/uploads\/sites\/11\/2022\/08\/BODEGON_ORGALUTRAN.png?resize=375,125 375w, https:\/\/organonpro.com\/es-es\/wp-content\/uploads\/sites\/11\/2022\/08\/BODEGON_ORGALUTRAN.png?resize=150,50 150w, https:\/\/organonpro.com\/es-es\/wp-content\/uploads\/sites\/11\/2022\/08\/BODEGON_ORGALUTRAN.png?resize=396,132 396w, https:\/\/organonpro.com\/es-es\/wp-content\/uploads\/sites\/11\/2022\/08\/BODEGON_ORGALUTRAN.png?resize=100,33 100w, https:\/\/organonpro.com\/es-es\/wp-content\/uploads\/sites\/11\/2022\/08\/BODEGON_ORGALUTRAN.png?resize=426,142 426w, https:\/\/organonpro.com\/es-es\/wp-content\/uploads\/sites\/11\/2022\/08\/BODEGON_ORGALUTRAN.png?resize=64,21 64w, https:\/\/organonpro.com\/es-es\/wp-content\/uploads\/sites\/11\/2022\/08\/BODEGON_ORGALUTRAN.png?resize=1276,426 1276w, https:\/\/organonpro.com\/es-es\/wp-content\/uploads\/sites\/11\/2022\/08\/BODEGON_ORGALUTRAN.png?resize=616,206 616w, https:\/\/organonpro.com\/es-es\/wp-content\/uploads\/sites\/11\/2022\/08\/BODEGON_ORGALUTRAN.png?resize=190,63 190w, https:\/\/organonpro.com\/es-es\/wp-content\/uploads\/sites\/11\/2022\/08\/BODEGON_ORGALUTRAN.png?resize=174,58 174w, https:\/\/organonpro.com\/es-es\/wp-content\/uploads\/sites\/11\/2022\/08\/BODEGON_ORGALUTRAN.png?resize=301,100 301w, https:\/\/organonpro.com\/es-es\/wp-content\/uploads\/sites\/11\/2022\/08\/BODEGON_ORGALUTRAN.png?resize=638,213 638w, https:\/\/organonpro.com\/es-es\/wp-content\/uploads\/sites\/11\/2022\/08\/BODEGON_ORGALUTRAN.png?resize=1440,480 1440w, https:\/\/organonpro.com\/es-es\/wp-content\/uploads\/sites\/11\/2022\/08\/BODEGON_ORGALUTRAN.png?resize=599,200 599w, https:\/\/organonpro.com\/es-es\/wp-content\/uploads\/sites\/11\/2022\/08\/BODEGON_ORGALUTRAN.png?resize=596,200 596w\" sizes=\"auto, (max-width: 1024px) 100vw, 1024px\" \/><\/figure><\/div>\n\n\n<h2 class=\"wp-block-heading\" id=\"h-orgalutran-0-25-mg-0-5-ml-solucion-inyectable-ganirelix\">Orgalutran 0,25 mg\/0,5 ml soluci\u00f3n inyectable <em>(Ganirelix)<\/em><\/h2>\n\n\n\n<h2 class=\"wp-block-heading\" id=\"h-indicaciones-terapeuticas\">Indicaciones terap\u00e9uticas<\/h2>\n\n\n\n<p>Orgalutran est\u00e1 indicado para la prevenci\u00f3n de picos prematuros de hormona luteinizante (LH) en mujeres sometidas a hiperestimulaci\u00f3n ov\u00e1rica controlada (HOC) para t\u00e9cnicas de reproducci\u00f3n asistida (TRA).<\/p>\n\n\n\n<p>En los estudios cl\u00ednicos se utiliz\u00f3 Orgalutran junto con hormona foliculoestimulante (FSH) humana recombinante o con corifolitropina alfa, un estimulante folicular sostenido.<\/p>\n\n\n\n<p><strong>PRECIOS AUTORIZADOS:<\/strong>&nbsp;ORGALUTRAN 0,25 mg\/0,5 ml \u2013 1 JERINGA PR. P.V.L. 15,18 \u20ac; P.V.P. 22,79 \u20ac; P.V.P. -IVA: 23,70 \u20ac. ORGALUTRAN 0,25 mg\/0,5 ml \u2013 5 JERINGAS PR. P.V.L. 75,90 \u20ac; P.V.P. 113,93 \u20ac; P.V.P. -IVA: 118,49 \u20ac. <br><strong>CONDICIONES DE PRESCRIPCI\u00d3N, DISPENSACI\u00d3N Y PRESTACI\u00d3N:<\/strong>&nbsp;Diagn\u00f3stico hospitalario &#8211; Aportaci\u00f3n reducida &#8211; Medicamento financiado por el S.N.S<\/p>\n\n\n\n<p class=\"has-text-align-center\">Antes de prescribir o dispensar este producto consulte la Ficha T\u00e9cnica completa correspondiente:<br><a href=\"https:\/\/cima.aemps.es\/cima\/dochtml\/ft\/00130001\/FT_00130001.html\">Orgalutran 0,25 mg\/0,5 ml soluci\u00f3n inyectable<\/a><\/p>\n\n\n\n<p class=\"has-text-align-center\">Consulte la Informaci\u00f3n de Seguridad Seleccionada de:<br><a href=\"https:\/\/organonpro.com\/es-es\/sb_orgalutran\/\" target=\"_blank\" rel=\"noreferrer noopener\">Orgalutran 0,25 mg\/0,5 ml soluci\u00f3n inyectable<\/a><\/p>\n\n\n\n<style>\n.product-header__row .product-name img {\n    background: border-box !important;\n    box-shadow: initial !important;\n}\n<\/style>\n","protected":false},"author":8,"featured_media":0,"parent":572,"menu_order":0,"comment_status":"open","ping_status":"closed","template":"","meta":{"_acf_changed":false,"footnotes":""},"tags":[],"customer_type":[],"product_categories":[],"product_specialization":[],"class_list":["post-4020","product","type-product","status-publish","hentry"],"acf":[],"yoast_head":"<!-- This site is optimized with the Yoast SEO Premium plugin v20.11 (Yoast SEO v26.6) - https:\/\/yoast.com\/wordpress\/plugins\/seo\/ -->\n<title>Orgalutran - Indicaciones terap\u00e9uticas - Organon Pro<\/title>\n<meta name=\"robots\" content=\"noindex, follow\" \/>\n<meta property=\"og:locale\" content=\"en_US\" \/>\n<meta property=\"og:type\" content=\"article\" \/>\n<meta property=\"og:title\" content=\"Indicaciones terap\u00e9uticas\" \/>\n<meta property=\"og:description\" content=\"Orgalutran 0,25 mg\/0,5 ml soluci\u00f3n inyectable (Ganirelix) Indicaciones terap\u00e9uticas Orgalutran est\u00e1 indicado para la prevenci\u00f3n de picos prematuros de hormona luteinizante (LH) en mujeres sometidas a hiperestimulaci\u00f3n ov\u00e1rica controlada (HOC) para t\u00e9cnicas de reproducci\u00f3n asistida (TRA). En los estudios cl\u00ednicos se utiliz\u00f3 Orgalutran junto con hormona foliculoestimulante (FSH) humana recombinante o con corifolitropina alfa, un [&hellip;]\" \/>\n<meta property=\"og:url\" content=\"https:\/\/organonpro.com\/es-es\/product\/orgalutran\/indicaciones-terapeuticas\/\" \/>\n<meta property=\"og:site_name\" content=\"Organon Pro - Espa\u00f1a\" \/>\n<meta property=\"article:publisher\" content=\"https:\/\/www.facebook.com\/OrganonandCo\" \/>\n<meta property=\"article:modified_time\" content=\"2025-01-31T13:53:42+00:00\" \/>\n<meta property=\"og:image\" content=\"https:\/\/organonpro.com\/es-es\/wp-content\/uploads\/sites\/11\/2022\/12\/organon-pro-og-img.png\" \/>\n\t<meta property=\"og:image:width\" content=\"1200\" \/>\n\t<meta property=\"og:image:height\" content=\"630\" \/>\n\t<meta property=\"og:image:type\" content=\"image\/png\" \/>\n<meta name=\"twitter:card\" content=\"summary_large_image\" \/>\n<meta name=\"twitter:site\" content=\"@OrganonLLC\" \/>\n<meta name=\"twitter:label1\" content=\"Est. reading time\" \/>\n\t<meta name=\"twitter:data1\" content=\"1 minute\" \/>\n<script type=\"application\/ld+json\" class=\"yoast-schema-graph\">{\"@context\":\"https:\/\/schema.org\",\"@graph\":[{\"@type\":\"WebPage\",\"@id\":\"https:\/\/organonpro.com\/es-es\/product\/orgalutran\/indicaciones-terapeuticas\/\",\"url\":\"https:\/\/organonpro.com\/es-es\/product\/orgalutran\/indicaciones-terapeuticas\/\",\"name\":\"Orgalutran - Indicaciones terap\u00e9uticas - Organon Pro\",\"isPartOf\":{\"@id\":\"https:\/\/organonpro.com\/es-es\/#website\"},\"primaryImageOfPage\":{\"@id\":\"https:\/\/organonpro.com\/es-es\/product\/orgalutran\/indicaciones-terapeuticas\/#primaryimage\"},\"image\":{\"@id\":\"https:\/\/organonpro.com\/es-es\/product\/orgalutran\/indicaciones-terapeuticas\/#primaryimage\"},\"thumbnailUrl\":\"https:\/\/organonpro.com\/es-es\/wp-content\/uploads\/sites\/11\/2022\/08\/BODEGON_ORGALUTRAN.png?w=640\",\"datePublished\":\"2022-08-24T12:23:24+00:00\",\"dateModified\":\"2025-01-31T13:53:42+00:00\",\"breadcrumb\":{\"@id\":\"https:\/\/organonpro.com\/es-es\/product\/orgalutran\/indicaciones-terapeuticas\/#breadcrumb\"},\"inLanguage\":\"en-US\",\"potentialAction\":[{\"@type\":\"ReadAction\",\"target\":[\"https:\/\/organonpro.com\/es-es\/product\/orgalutran\/indicaciones-terapeuticas\/\"]}]},{\"@type\":\"ImageObject\",\"inLanguage\":\"en-US\",\"@id\":\"https:\/\/organonpro.com\/es-es\/product\/orgalutran\/indicaciones-terapeuticas\/#primaryimage\",\"url\":\"https:\/\/organonpro.com\/es-es\/wp-content\/uploads\/sites\/11\/2022\/08\/BODEGON_ORGALUTRAN.png\",\"contentUrl\":\"https:\/\/organonpro.com\/es-es\/wp-content\/uploads\/sites\/11\/2022\/08\/BODEGON_ORGALUTRAN.png\",\"width\":4085,\"height\":1363},{\"@type\":\"BreadcrumbList\",\"@id\":\"https:\/\/organonpro.com\/es-es\/product\/orgalutran\/indicaciones-terapeuticas\/#breadcrumb\",\"itemListElement\":[{\"@type\":\"ListItem\",\"position\":1,\"name\":\"Home\",\"item\":\"https:\/\/organonpro.com\/es-es\/\"},{\"@type\":\"ListItem\",\"position\":2,\"name\":\"Products\",\"item\":\"https:\/\/organonpro.com\/es-es\/product\/\"},{\"@type\":\"ListItem\",\"position\":3,\"name\":\"Orgalutran\u00ae\",\"item\":\"https:\/\/organonpro.com\/es-es\/product\/orgalutran\/\"},{\"@type\":\"ListItem\",\"position\":4,\"name\":\"Indicaciones terap\u00e9uticas\"}]},{\"@type\":\"WebSite\",\"@id\":\"https:\/\/organonpro.com\/es-es\/#website\",\"url\":\"https:\/\/organonpro.com\/es-es\/\",\"name\":\"Organon Pro - Espa\u00f1a\",\"description\":\"Organon Pro - Espa\u00f1a\",\"publisher\":{\"@id\":\"https:\/\/organonpro.com\/es-es\/#organization\"},\"potentialAction\":[{\"@type\":\"SearchAction\",\"target\":{\"@type\":\"EntryPoint\",\"urlTemplate\":\"https:\/\/organonpro.com\/es-es\/?s={search_term_string}\"},\"query-input\":{\"@type\":\"PropertyValueSpecification\",\"valueRequired\":true,\"valueName\":\"search_term_string\"}}],\"inLanguage\":\"en-US\"},{\"@type\":\"Organization\",\"@id\":\"https:\/\/organonpro.com\/es-es\/#organization\",\"name\":\"Organon Pro - Espa\u00f1a\",\"url\":\"https:\/\/organonpro.com\/es-es\/\",\"logo\":{\"@type\":\"ImageObject\",\"inLanguage\":\"en-US\",\"@id\":\"https:\/\/organonpro.com\/es-es\/#\/schema\/logo\/image\/\",\"url\":\"https:\/\/organonpro.com\/es-es\/wp-content\/uploads\/sites\/11\/2023\/08\/organon-pro-1.webp\",\"contentUrl\":\"https:\/\/organonpro.com\/es-es\/wp-content\/uploads\/sites\/11\/2023\/08\/organon-pro-1.webp\",\"width\":2269,\"height\":243,\"caption\":\"Organon Pro - Espa\u00f1a\"},\"image\":{\"@id\":\"https:\/\/organonpro.com\/es-es\/#\/schema\/logo\/image\/\"},\"sameAs\":[\"https:\/\/www.facebook.com\/OrganonandCo\",\"https:\/\/x.com\/OrganonLLC\"]}]}<\/script>\n<!-- \/ Yoast SEO Premium plugin. -->","yoast_head_json":{"title":"Orgalutran - Indicaciones terap\u00e9uticas - Organon Pro","robots":{"index":"noindex","follow":"follow"},"og_locale":"en_US","og_type":"article","og_title":"Indicaciones terap\u00e9uticas","og_description":"Orgalutran 0,25 mg\/0,5 ml soluci\u00f3n inyectable (Ganirelix) Indicaciones terap\u00e9uticas Orgalutran est\u00e1 indicado para la prevenci\u00f3n de picos prematuros de hormona luteinizante (LH) en mujeres sometidas a hiperestimulaci\u00f3n ov\u00e1rica controlada (HOC) para t\u00e9cnicas de reproducci\u00f3n asistida (TRA). En los estudios cl\u00ednicos se utiliz\u00f3 Orgalutran junto con hormona foliculoestimulante (FSH) humana recombinante o con corifolitropina alfa, un [&hellip;]","og_url":"https:\/\/organonpro.com\/es-es\/product\/orgalutran\/indicaciones-terapeuticas\/","og_site_name":"Organon Pro - Espa\u00f1a","article_publisher":"https:\/\/www.facebook.com\/OrganonandCo","article_modified_time":"2025-01-31T13:53:42+00:00","og_image":[{"width":1200,"height":630,"url":"https:\/\/organonpro.com\/es-es\/wp-content\/uploads\/sites\/11\/2022\/12\/organon-pro-og-img.png","type":"image\/png"}],"twitter_card":"summary_large_image","twitter_site":"@OrganonLLC","twitter_misc":{"Est. reading time":"1 minute"},"schema":{"@context":"https:\/\/schema.org","@graph":[{"@type":"WebPage","@id":"https:\/\/organonpro.com\/es-es\/product\/orgalutran\/indicaciones-terapeuticas\/","url":"https:\/\/organonpro.com\/es-es\/product\/orgalutran\/indicaciones-terapeuticas\/","name":"Orgalutran - Indicaciones terap\u00e9uticas - Organon Pro","isPartOf":{"@id":"https:\/\/organonpro.com\/es-es\/#website"},"primaryImageOfPage":{"@id":"https:\/\/organonpro.com\/es-es\/product\/orgalutran\/indicaciones-terapeuticas\/#primaryimage"},"image":{"@id":"https:\/\/organonpro.com\/es-es\/product\/orgalutran\/indicaciones-terapeuticas\/#primaryimage"},"thumbnailUrl":"https:\/\/organonpro.com\/es-es\/wp-content\/uploads\/sites\/11\/2022\/08\/BODEGON_ORGALUTRAN.png?w=640","datePublished":"2022-08-24T12:23:24+00:00","dateModified":"2025-01-31T13:53:42+00:00","breadcrumb":{"@id":"https:\/\/organonpro.com\/es-es\/product\/orgalutran\/indicaciones-terapeuticas\/#breadcrumb"},"inLanguage":"en-US","potentialAction":[{"@type":"ReadAction","target":["https:\/\/organonpro.com\/es-es\/product\/orgalutran\/indicaciones-terapeuticas\/"]}]},{"@type":"ImageObject","inLanguage":"en-US","@id":"https:\/\/organonpro.com\/es-es\/product\/orgalutran\/indicaciones-terapeuticas\/#primaryimage","url":"https:\/\/organonpro.com\/es-es\/wp-content\/uploads\/sites\/11\/2022\/08\/BODEGON_ORGALUTRAN.png","contentUrl":"https:\/\/organonpro.com\/es-es\/wp-content\/uploads\/sites\/11\/2022\/08\/BODEGON_ORGALUTRAN.png","width":4085,"height":1363},{"@type":"BreadcrumbList","@id":"https:\/\/organonpro.com\/es-es\/product\/orgalutran\/indicaciones-terapeuticas\/#breadcrumb","itemListElement":[{"@type":"ListItem","position":1,"name":"Home","item":"https:\/\/organonpro.com\/es-es\/"},{"@type":"ListItem","position":2,"name":"Products","item":"https:\/\/organonpro.com\/es-es\/product\/"},{"@type":"ListItem","position":3,"name":"Orgalutran\u00ae","item":"https:\/\/organonpro.com\/es-es\/product\/orgalutran\/"},{"@type":"ListItem","position":4,"name":"Indicaciones terap\u00e9uticas"}]},{"@type":"WebSite","@id":"https:\/\/organonpro.com\/es-es\/#website","url":"https:\/\/organonpro.com\/es-es\/","name":"Organon Pro - Espa\u00f1a","description":"Organon Pro - Espa\u00f1a","publisher":{"@id":"https:\/\/organonpro.com\/es-es\/#organization"},"potentialAction":[{"@type":"SearchAction","target":{"@type":"EntryPoint","urlTemplate":"https:\/\/organonpro.com\/es-es\/?s={search_term_string}"},"query-input":{"@type":"PropertyValueSpecification","valueRequired":true,"valueName":"search_term_string"}}],"inLanguage":"en-US"},{"@type":"Organization","@id":"https:\/\/organonpro.com\/es-es\/#organization","name":"Organon Pro - Espa\u00f1a","url":"https:\/\/organonpro.com\/es-es\/","logo":{"@type":"ImageObject","inLanguage":"en-US","@id":"https:\/\/organonpro.com\/es-es\/#\/schema\/logo\/image\/","url":"https:\/\/organonpro.com\/es-es\/wp-content\/uploads\/sites\/11\/2023\/08\/organon-pro-1.webp","contentUrl":"https:\/\/organonpro.com\/es-es\/wp-content\/uploads\/sites\/11\/2023\/08\/organon-pro-1.webp","width":2269,"height":243,"caption":"Organon Pro - Espa\u00f1a"},"image":{"@id":"https:\/\/organonpro.com\/es-es\/#\/schema\/logo\/image\/"},"sameAs":["https:\/\/www.facebook.com\/OrganonandCo","https:\/\/x.com\/OrganonLLC"]}]}},"jetpack_sharing_enabled":true,"_links":{"self":[{"href":"https:\/\/organonpro.com\/es-es\/wp-json\/wp\/v2\/product\/4020","targetHints":{"allow":["GET"]}}],"collection":[{"href":"https:\/\/organonpro.com\/es-es\/wp-json\/wp\/v2\/product"}],"about":[{"href":"https:\/\/organonpro.com\/es-es\/wp-json\/wp\/v2\/types\/product"}],"author":[{"embeddable":true,"href":"https:\/\/organonpro.com\/es-es\/wp-json\/wp\/v2\/users\/8"}],"replies":[{"embeddable":true,"href":"https:\/\/organonpro.com\/es-es\/wp-json\/wp\/v2\/comments?post=4020"}],"version-history":[{"count":37,"href":"https:\/\/organonpro.com\/es-es\/wp-json\/wp\/v2\/product\/4020\/revisions"}],"predecessor-version":[{"id":25066,"href":"https:\/\/organonpro.com\/es-es\/wp-json\/wp\/v2\/product\/4020\/revisions\/25066"}],"up":[{"embeddable":true,"href":"https:\/\/organonpro.com\/es-es\/wp-json\/wp\/v2\/product\/572"}],"wp:attachment":[{"href":"https:\/\/organonpro.com\/es-es\/wp-json\/wp\/v2\/media?parent=4020"}],"wp:term":[{"taxonomy":"post_tag","embeddable":true,"href":"https:\/\/organonpro.com\/es-es\/wp-json\/wp\/v2\/tags?post=4020"},{"taxonomy":"customer_type","embeddable":true,"href":"https:\/\/organonpro.com\/es-es\/wp-json\/wp\/v2\/customer_type?post=4020"},{"taxonomy":"product_categories","embeddable":true,"href":"https:\/\/organonpro.com\/es-es\/wp-json\/wp\/v2\/product_categories?post=4020"},{"taxonomy":"product_specialization","embeddable":true,"href":"https:\/\/organonpro.com\/es-es\/wp-json\/wp\/v2\/product_specialization?post=4020"}],"curies":[{"name":"wp","href":"https:\/\/api.w.org\/{rel}","templated":true}]}}