{"id":3850,"date":"2022-08-23T13:59:16","date_gmt":"2022-08-23T13:59:16","guid":{"rendered":"https:\/\/organonpro.com\/es-es\/?post_type=product&#038;p=3850"},"modified":"2025-07-02T09:30:15","modified_gmt":"2025-07-02T09:30:15","slug":"indicaciones-terapeuticas","status":"publish","type":"product","link":"https:\/\/organonpro.com\/es-es\/product\/maxalt\/indicaciones-terapeuticas\/","title":{"rendered":"Indicaciones terap\u00e9uticas"},"content":{"rendered":"<div class=\"wp-block-image\">\n<figure class=\"aligncenter size-large\"><img loading=\"lazy\" decoding=\"async\" height=\"342\" width=\"1024\" src=\"https:\/\/organonpro.com\/es-es\/wp-content\/uploads\/sites\/11\/2023\/05\/BODEGONES_MAXALT-MAX.png?w=640\" alt=\"\" class=\"wp-image-13088\" srcset=\"https:\/\/organonpro.com\/es-es\/wp-content\/uploads\/sites\/11\/2023\/05\/BODEGONES_MAXALT-MAX.png 4084w, https:\/\/organonpro.com\/es-es\/wp-content\/uploads\/sites\/11\/2023\/05\/BODEGONES_MAXALT-MAX.png?resize=300,100 300w, https:\/\/organonpro.com\/es-es\/wp-content\/uploads\/sites\/11\/2023\/05\/BODEGONES_MAXALT-MAX.png?resize=768,256 768w, https:\/\/organonpro.com\/es-es\/wp-content\/uploads\/sites\/11\/2023\/05\/BODEGONES_MAXALT-MAX.png?resize=1024,342 1024w, https:\/\/organonpro.com\/es-es\/wp-content\/uploads\/sites\/11\/2023\/05\/BODEGONES_MAXALT-MAX.png?resize=1536,513 1536w, https:\/\/organonpro.com\/es-es\/wp-content\/uploads\/sites\/11\/2023\/05\/BODEGONES_MAXALT-MAX.png?resize=2048,684 2048w, https:\/\/organonpro.com\/es-es\/wp-content\/uploads\/sites\/11\/2023\/05\/BODEGONES_MAXALT-MAX.png?resize=288,96 288w, https:\/\/organonpro.com\/es-es\/wp-content\/uploads\/sites\/11\/2023\/05\/BODEGONES_MAXALT-MAX.png?resize=800,267 800w, https:\/\/organonpro.com\/es-es\/wp-content\/uploads\/sites\/11\/2023\/05\/BODEGONES_MAXALT-MAX.png?resize=400,133 400w, https:\/\/organonpro.com\/es-es\/wp-content\/uploads\/sites\/11\/2023\/05\/BODEGONES_MAXALT-MAX.png?resize=720,240 720w, https:\/\/organonpro.com\/es-es\/wp-content\/uploads\/sites\/11\/2023\/05\/BODEGONES_MAXALT-MAX.png?resize=375,125 375w, https:\/\/organonpro.com\/es-es\/wp-content\/uploads\/sites\/11\/2023\/05\/BODEGONES_MAXALT-MAX.png?resize=150,50 150w, https:\/\/organonpro.com\/es-es\/wp-content\/uploads\/sites\/11\/2023\/05\/BODEGONES_MAXALT-MAX.png?resize=396,132 396w, https:\/\/organonpro.com\/es-es\/wp-content\/uploads\/sites\/11\/2023\/05\/BODEGONES_MAXALT-MAX.png?resize=100,33 100w, https:\/\/organonpro.com\/es-es\/wp-content\/uploads\/sites\/11\/2023\/05\/BODEGONES_MAXALT-MAX.png?resize=426,142 426w, https:\/\/organonpro.com\/es-es\/wp-content\/uploads\/sites\/11\/2023\/05\/BODEGONES_MAXALT-MAX.png?resize=64,21 64w, https:\/\/organonpro.com\/es-es\/wp-content\/uploads\/sites\/11\/2023\/05\/BODEGONES_MAXALT-MAX.png?resize=1276,426 1276w, https:\/\/organonpro.com\/es-es\/wp-content\/uploads\/sites\/11\/2023\/05\/BODEGONES_MAXALT-MAX.png?resize=616,206 616w, https:\/\/organonpro.com\/es-es\/wp-content\/uploads\/sites\/11\/2023\/05\/BODEGONES_MAXALT-MAX.png?resize=190,63 190w, https:\/\/organonpro.com\/es-es\/wp-content\/uploads\/sites\/11\/2023\/05\/BODEGONES_MAXALT-MAX.png?resize=174,58 174w, https:\/\/organonpro.com\/es-es\/wp-content\/uploads\/sites\/11\/2023\/05\/BODEGONES_MAXALT-MAX.png?resize=301,100 301w, https:\/\/organonpro.com\/es-es\/wp-content\/uploads\/sites\/11\/2023\/05\/BODEGONES_MAXALT-MAX.png?resize=638,213 638w, https:\/\/organonpro.com\/es-es\/wp-content\/uploads\/sites\/11\/2023\/05\/BODEGONES_MAXALT-MAX.png?resize=1440,481 1440w, https:\/\/organonpro.com\/es-es\/wp-content\/uploads\/sites\/11\/2023\/05\/BODEGONES_MAXALT-MAX.png?resize=599,200 599w, https:\/\/organonpro.com\/es-es\/wp-content\/uploads\/sites\/11\/2023\/05\/BODEGONES_MAXALT-MAX.png?resize=596,200 596w\" sizes=\"auto, (max-width: 1024px) 100vw, 1024px\" \/><\/figure><\/div>\n\n\n<h2 class=\"wp-block-heading\" id=\"h-maxalt-10-mg-comprimidos-rizatriptan-maxalt-max-10-mg-liofilizado-oral-rizatriptan\">MAXALT 10 mg comprimidos (Rizatript\u00e1n)<br>MAXALT MAX 10 mg liofilizado oral (Rizatript\u00e1n)<\/h2>\n\n\n\n<h2 class=\"wp-block-heading\" id=\"h-indicaciones-terapeuticas\">Indicaciones terap\u00e9uticas<\/h2>\n\n\n\n<p>Tratamiento agudo de la fase de cefalea de las crisis de migra\u00f1a con o sin aura en adultos.<\/p>\n\n\n\n<p class=\"has-text-align-left\"><strong>PRECIOS AUTORIZADOS:<\/strong>&nbsp;MAXALT 10 mg, 6 comprimidos: P.V.L.: 16,91&nbsp;\u20ac; P.V.P.: 25,38&nbsp;\u20ac; P.V.P. (IVA 4%): 26,40&nbsp;\u20ac. MAXALT MAX 10 mg, 2 liofilizados orales: P.V.L 5,64 \u20ac; P.V.P. 8,47 \u20ac; P.V.P. (IVA 4%) 8,80 \u20ac. MAXALT MAX 10 mg, 6 liofilizados orales: P.V.L 16,91 \u20ac; P.V.P. 25,38 \u20ac; P.V.P. (IVA 4%) 26,40 \u20ac.<br><strong>CONDICIONES DE PRESCRIPCI\u00d3N, DISPENSACI\u00d3N Y PRESTACI\u00d3N:<\/strong>&nbsp;MAXALT 10 mg, 6 comprimidos. Aportaci\u00f3n reducida-Medicamento financiado por el S.N.S. MAXALT MAX 10 mg, 2 liofilizados orales, MAXALT MAX 10 mg, 6 liofilizados orales. Con receta ordinaria y reembolsable por la Seguridad Social.<\/p>\n\n\n\n<p class=\"has-text-align-center\">Antes de prescribir este producto consulte la Ficha T\u00e9cnica correspondiente:<br><a href=\"https:\/\/cima.aemps.es\/cima\/dochtml\/ft\/62289\/FT_62289.html\">Maxalt 10 mg comprimidos<\/a><br><a href=\"https:\/\/cima.aemps.es\/cima\/dochtml\/ft\/62291\/FT_62291.html\">Maxalt Max 10 mg liofilizado oral<\/a><\/p>\n\n\n\n<p class=\"has-text-align-center\">Consulte la Informaci\u00f3n de Seguridad Seleccionada de:<br><a href=\"https:\/\/organonpro.com\/es-es\/sb_maxalt\/\" target=\"_blank\" rel=\"noreferrer noopener\">Maxalt 10 mg comprimidos<\/a><br><a href=\"https:\/\/organonpro.com\/es-es\/sb_maxalt_max\/\" target=\"_blank\" rel=\"noreferrer noopener\">Maxalt Max 10 mg liofilizado oral<\/a><\/p>\n\n\n\n<style>\n.product-header__row .product-name img {\n    background: border-box !important;\n    box-shadow: initial !important;\n}\n<\/style>\n","protected":false},"author":8,"featured_media":0,"parent":533,"menu_order":0,"comment_status":"open","ping_status":"closed","template":"","meta":{"_acf_changed":false,"footnotes":""},"tags":[],"customer_type":[],"product_categories":[],"product_specialization":[],"class_list":["post-3850","product","type-product","status-publish","hentry"],"acf":[],"yoast_head":"<!-- This site is optimized with the Yoast SEO Premium plugin v20.11 (Yoast SEO v26.6) - https:\/\/yoast.com\/wordpress\/plugins\/seo\/ -->\n<title>Maxalt - Indicaciones terap\u00e9uticas Organon Pro<\/title>\n<meta name=\"robots\" content=\"noindex, follow\" \/>\n<meta property=\"og:locale\" content=\"en_US\" \/>\n<meta property=\"og:type\" content=\"article\" \/>\n<meta property=\"og:title\" content=\"Indicaciones terap\u00e9uticas\" \/>\n<meta property=\"og:description\" content=\"MAXALT 10 mg comprimidos (Rizatript\u00e1n)MAXALT MAX 10 mg liofilizado oral (Rizatript\u00e1n) Indicaciones terap\u00e9uticas Tratamiento agudo de la fase de cefalea de las crisis de migra\u00f1a con o sin aura en adultos. PRECIOS AUTORIZADOS:&nbsp;MAXALT 10 mg, 6 comprimidos: P.V.L.: 16,91&nbsp;\u20ac; P.V.P.: 25,38&nbsp;\u20ac; P.V.P. (IVA 4%): 26,40&nbsp;\u20ac. MAXALT MAX 10 mg, 2 liofilizados orales: P.V.L 5,64 \u20ac; [&hellip;]\" \/>\n<meta property=\"og:url\" content=\"https:\/\/organonpro.com\/es-es\/product\/maxalt\/indicaciones-terapeuticas\/\" \/>\n<meta property=\"og:site_name\" content=\"Organon Pro - Espa\u00f1a\" \/>\n<meta property=\"article:publisher\" content=\"https:\/\/www.facebook.com\/OrganonandCo\" \/>\n<meta property=\"article:modified_time\" content=\"2025-07-02T09:30:15+00:00\" \/>\n<meta property=\"og:image\" content=\"https:\/\/organonpro.com\/es-es\/wp-content\/uploads\/sites\/11\/2022\/12\/organon-pro-og-img.png\" \/>\n\t<meta property=\"og:image:width\" content=\"1200\" \/>\n\t<meta property=\"og:image:height\" content=\"630\" \/>\n\t<meta property=\"og:image:type\" content=\"image\/png\" \/>\n<meta name=\"twitter:card\" content=\"summary_large_image\" \/>\n<meta name=\"twitter:site\" content=\"@OrganonLLC\" \/>\n<meta name=\"twitter:label1\" content=\"Est. reading time\" \/>\n\t<meta name=\"twitter:data1\" content=\"1 minute\" \/>\n<script type=\"application\/ld+json\" class=\"yoast-schema-graph\">{\"@context\":\"https:\/\/schema.org\",\"@graph\":[{\"@type\":\"WebPage\",\"@id\":\"https:\/\/organonpro.com\/es-es\/product\/maxalt\/indicaciones-terapeuticas\/\",\"url\":\"https:\/\/organonpro.com\/es-es\/product\/maxalt\/indicaciones-terapeuticas\/\",\"name\":\"Maxalt - Indicaciones terap\u00e9uticas Organon Pro\",\"isPartOf\":{\"@id\":\"https:\/\/organonpro.com\/es-es\/#website\"},\"primaryImageOfPage\":{\"@id\":\"https:\/\/organonpro.com\/es-es\/product\/maxalt\/indicaciones-terapeuticas\/#primaryimage\"},\"image\":{\"@id\":\"https:\/\/organonpro.com\/es-es\/product\/maxalt\/indicaciones-terapeuticas\/#primaryimage\"},\"thumbnailUrl\":\"https:\/\/organonpro.com\/es-es\/wp-content\/uploads\/sites\/11\/2023\/05\/BODEGONES_MAXALT-MAX.png?w=640\",\"datePublished\":\"2022-08-23T13:59:16+00:00\",\"dateModified\":\"2025-07-02T09:30:15+00:00\",\"breadcrumb\":{\"@id\":\"https:\/\/organonpro.com\/es-es\/product\/maxalt\/indicaciones-terapeuticas\/#breadcrumb\"},\"inLanguage\":\"en-US\",\"potentialAction\":[{\"@type\":\"ReadAction\",\"target\":[\"https:\/\/organonpro.com\/es-es\/product\/maxalt\/indicaciones-terapeuticas\/\"]}]},{\"@type\":\"ImageObject\",\"inLanguage\":\"en-US\",\"@id\":\"https:\/\/organonpro.com\/es-es\/product\/maxalt\/indicaciones-terapeuticas\/#primaryimage\",\"url\":\"https:\/\/organonpro.com\/es-es\/wp-content\/uploads\/sites\/11\/2023\/05\/BODEGONES_MAXALT-MAX.png\",\"contentUrl\":\"https:\/\/organonpro.com\/es-es\/wp-content\/uploads\/sites\/11\/2023\/05\/BODEGONES_MAXALT-MAX.png\",\"width\":4084,\"height\":1363},{\"@type\":\"BreadcrumbList\",\"@id\":\"https:\/\/organonpro.com\/es-es\/product\/maxalt\/indicaciones-terapeuticas\/#breadcrumb\",\"itemListElement\":[{\"@type\":\"ListItem\",\"position\":1,\"name\":\"Home\",\"item\":\"https:\/\/organonpro.com\/es-es\/\"},{\"@type\":\"ListItem\",\"position\":2,\"name\":\"Products\",\"item\":\"https:\/\/organonpro.com\/es-es\/product\/\"},{\"@type\":\"ListItem\",\"position\":3,\"name\":\"Maxalt\u00ae\",\"item\":\"https:\/\/organonpro.com\/es-es\/product\/maxalt\/\"},{\"@type\":\"ListItem\",\"position\":4,\"name\":\"Indicaciones terap\u00e9uticas\"}]},{\"@type\":\"WebSite\",\"@id\":\"https:\/\/organonpro.com\/es-es\/#website\",\"url\":\"https:\/\/organonpro.com\/es-es\/\",\"name\":\"Organon Pro - Espa\u00f1a\",\"description\":\"Organon Pro - Espa\u00f1a\",\"publisher\":{\"@id\":\"https:\/\/organonpro.com\/es-es\/#organization\"},\"potentialAction\":[{\"@type\":\"SearchAction\",\"target\":{\"@type\":\"EntryPoint\",\"urlTemplate\":\"https:\/\/organonpro.com\/es-es\/?s={search_term_string}\"},\"query-input\":{\"@type\":\"PropertyValueSpecification\",\"valueRequired\":true,\"valueName\":\"search_term_string\"}}],\"inLanguage\":\"en-US\"},{\"@type\":\"Organization\",\"@id\":\"https:\/\/organonpro.com\/es-es\/#organization\",\"name\":\"Organon Pro - Espa\u00f1a\",\"url\":\"https:\/\/organonpro.com\/es-es\/\",\"logo\":{\"@type\":\"ImageObject\",\"inLanguage\":\"en-US\",\"@id\":\"https:\/\/organonpro.com\/es-es\/#\/schema\/logo\/image\/\",\"url\":\"https:\/\/organonpro.com\/es-es\/wp-content\/uploads\/sites\/11\/2023\/08\/organon-pro-1.webp\",\"contentUrl\":\"https:\/\/organonpro.com\/es-es\/wp-content\/uploads\/sites\/11\/2023\/08\/organon-pro-1.webp\",\"width\":2269,\"height\":243,\"caption\":\"Organon Pro - Espa\u00f1a\"},\"image\":{\"@id\":\"https:\/\/organonpro.com\/es-es\/#\/schema\/logo\/image\/\"},\"sameAs\":[\"https:\/\/www.facebook.com\/OrganonandCo\",\"https:\/\/x.com\/OrganonLLC\"]}]}<\/script>\n<!-- \/ Yoast SEO Premium plugin. -->","yoast_head_json":{"title":"Maxalt - Indicaciones terap\u00e9uticas Organon Pro","robots":{"index":"noindex","follow":"follow"},"og_locale":"en_US","og_type":"article","og_title":"Indicaciones terap\u00e9uticas","og_description":"MAXALT 10 mg comprimidos (Rizatript\u00e1n)MAXALT MAX 10 mg liofilizado oral (Rizatript\u00e1n) Indicaciones terap\u00e9uticas Tratamiento agudo de la fase de cefalea de las crisis de migra\u00f1a con o sin aura en adultos. PRECIOS AUTORIZADOS:&nbsp;MAXALT 10 mg, 6 comprimidos: P.V.L.: 16,91&nbsp;\u20ac; P.V.P.: 25,38&nbsp;\u20ac; P.V.P. (IVA 4%): 26,40&nbsp;\u20ac. MAXALT MAX 10 mg, 2 liofilizados orales: P.V.L 5,64 \u20ac; [&hellip;]","og_url":"https:\/\/organonpro.com\/es-es\/product\/maxalt\/indicaciones-terapeuticas\/","og_site_name":"Organon Pro - Espa\u00f1a","article_publisher":"https:\/\/www.facebook.com\/OrganonandCo","article_modified_time":"2025-07-02T09:30:15+00:00","og_image":[{"width":1200,"height":630,"url":"https:\/\/organonpro.com\/es-es\/wp-content\/uploads\/sites\/11\/2022\/12\/organon-pro-og-img.png","type":"image\/png"}],"twitter_card":"summary_large_image","twitter_site":"@OrganonLLC","twitter_misc":{"Est. reading time":"1 minute"},"schema":{"@context":"https:\/\/schema.org","@graph":[{"@type":"WebPage","@id":"https:\/\/organonpro.com\/es-es\/product\/maxalt\/indicaciones-terapeuticas\/","url":"https:\/\/organonpro.com\/es-es\/product\/maxalt\/indicaciones-terapeuticas\/","name":"Maxalt - Indicaciones terap\u00e9uticas Organon Pro","isPartOf":{"@id":"https:\/\/organonpro.com\/es-es\/#website"},"primaryImageOfPage":{"@id":"https:\/\/organonpro.com\/es-es\/product\/maxalt\/indicaciones-terapeuticas\/#primaryimage"},"image":{"@id":"https:\/\/organonpro.com\/es-es\/product\/maxalt\/indicaciones-terapeuticas\/#primaryimage"},"thumbnailUrl":"https:\/\/organonpro.com\/es-es\/wp-content\/uploads\/sites\/11\/2023\/05\/BODEGONES_MAXALT-MAX.png?w=640","datePublished":"2022-08-23T13:59:16+00:00","dateModified":"2025-07-02T09:30:15+00:00","breadcrumb":{"@id":"https:\/\/organonpro.com\/es-es\/product\/maxalt\/indicaciones-terapeuticas\/#breadcrumb"},"inLanguage":"en-US","potentialAction":[{"@type":"ReadAction","target":["https:\/\/organonpro.com\/es-es\/product\/maxalt\/indicaciones-terapeuticas\/"]}]},{"@type":"ImageObject","inLanguage":"en-US","@id":"https:\/\/organonpro.com\/es-es\/product\/maxalt\/indicaciones-terapeuticas\/#primaryimage","url":"https:\/\/organonpro.com\/es-es\/wp-content\/uploads\/sites\/11\/2023\/05\/BODEGONES_MAXALT-MAX.png","contentUrl":"https:\/\/organonpro.com\/es-es\/wp-content\/uploads\/sites\/11\/2023\/05\/BODEGONES_MAXALT-MAX.png","width":4084,"height":1363},{"@type":"BreadcrumbList","@id":"https:\/\/organonpro.com\/es-es\/product\/maxalt\/indicaciones-terapeuticas\/#breadcrumb","itemListElement":[{"@type":"ListItem","position":1,"name":"Home","item":"https:\/\/organonpro.com\/es-es\/"},{"@type":"ListItem","position":2,"name":"Products","item":"https:\/\/organonpro.com\/es-es\/product\/"},{"@type":"ListItem","position":3,"name":"Maxalt\u00ae","item":"https:\/\/organonpro.com\/es-es\/product\/maxalt\/"},{"@type":"ListItem","position":4,"name":"Indicaciones terap\u00e9uticas"}]},{"@type":"WebSite","@id":"https:\/\/organonpro.com\/es-es\/#website","url":"https:\/\/organonpro.com\/es-es\/","name":"Organon Pro - Espa\u00f1a","description":"Organon Pro - Espa\u00f1a","publisher":{"@id":"https:\/\/organonpro.com\/es-es\/#organization"},"potentialAction":[{"@type":"SearchAction","target":{"@type":"EntryPoint","urlTemplate":"https:\/\/organonpro.com\/es-es\/?s={search_term_string}"},"query-input":{"@type":"PropertyValueSpecification","valueRequired":true,"valueName":"search_term_string"}}],"inLanguage":"en-US"},{"@type":"Organization","@id":"https:\/\/organonpro.com\/es-es\/#organization","name":"Organon Pro - Espa\u00f1a","url":"https:\/\/organonpro.com\/es-es\/","logo":{"@type":"ImageObject","inLanguage":"en-US","@id":"https:\/\/organonpro.com\/es-es\/#\/schema\/logo\/image\/","url":"https:\/\/organonpro.com\/es-es\/wp-content\/uploads\/sites\/11\/2023\/08\/organon-pro-1.webp","contentUrl":"https:\/\/organonpro.com\/es-es\/wp-content\/uploads\/sites\/11\/2023\/08\/organon-pro-1.webp","width":2269,"height":243,"caption":"Organon Pro - Espa\u00f1a"},"image":{"@id":"https:\/\/organonpro.com\/es-es\/#\/schema\/logo\/image\/"},"sameAs":["https:\/\/www.facebook.com\/OrganonandCo","https:\/\/x.com\/OrganonLLC"]}]}},"jetpack_sharing_enabled":true,"_links":{"self":[{"href":"https:\/\/organonpro.com\/es-es\/wp-json\/wp\/v2\/product\/3850","targetHints":{"allow":["GET"]}}],"collection":[{"href":"https:\/\/organonpro.com\/es-es\/wp-json\/wp\/v2\/product"}],"about":[{"href":"https:\/\/organonpro.com\/es-es\/wp-json\/wp\/v2\/types\/product"}],"author":[{"embeddable":true,"href":"https:\/\/organonpro.com\/es-es\/wp-json\/wp\/v2\/users\/8"}],"replies":[{"embeddable":true,"href":"https:\/\/organonpro.com\/es-es\/wp-json\/wp\/v2\/comments?post=3850"}],"version-history":[{"count":20,"href":"https:\/\/organonpro.com\/es-es\/wp-json\/wp\/v2\/product\/3850\/revisions"}],"predecessor-version":[{"id":28325,"href":"https:\/\/organonpro.com\/es-es\/wp-json\/wp\/v2\/product\/3850\/revisions\/28325"}],"up":[{"embeddable":true,"href":"https:\/\/organonpro.com\/es-es\/wp-json\/wp\/v2\/product\/533"}],"wp:attachment":[{"href":"https:\/\/organonpro.com\/es-es\/wp-json\/wp\/v2\/media?parent=3850"}],"wp:term":[{"taxonomy":"post_tag","embeddable":true,"href":"https:\/\/organonpro.com\/es-es\/wp-json\/wp\/v2\/tags?post=3850"},{"taxonomy":"customer_type","embeddable":true,"href":"https:\/\/organonpro.com\/es-es\/wp-json\/wp\/v2\/customer_type?post=3850"},{"taxonomy":"product_categories","embeddable":true,"href":"https:\/\/organonpro.com\/es-es\/wp-json\/wp\/v2\/product_categories?post=3850"},{"taxonomy":"product_specialization","embeddable":true,"href":"https:\/\/organonpro.com\/es-es\/wp-json\/wp\/v2\/product_specialization?post=3850"}],"curies":[{"name":"wp","href":"https:\/\/api.w.org\/{rel}","templated":true}]}}