{"id":3479,"date":"2022-08-19T11:06:19","date_gmt":"2022-08-19T11:06:19","guid":{"rendered":"https:\/\/organonpro.com\/es-es\/?post_type=product&#038;p=3479"},"modified":"2024-10-23T08:38:25","modified_gmt":"2024-10-23T08:38:25","slug":"indicaciones-terapeuticas","status":"publish","type":"product","link":"https:\/\/organonpro.com\/es-es\/product\/cerazet\/indicaciones-terapeuticas\/","title":{"rendered":"Indicaciones terap\u00e9uticas"},"content":{"rendered":"<div class=\"wp-block-image\">\n<figure class=\"aligncenter size-large\"><img decoding=\"async\" src=\"https:\/\/organonpro.com\/es-es\/wp-content\/uploads\/sites\/11\/2023\/02\/BODEGON_CERAZET.png\" alt=\"\"\/><\/figure><\/div>\n\n\n<h2 class=\"wp-block-heading\" id=\"h-cerazet-75-microgramos-comprimidos-recubiertos-con-pelicula-desogestrel\">Cerazet 75 microgramos comprimidos recubiertos con pel\u00edcula (Desogestrel)<\/h2>\n\n\n\n<h2 class=\"wp-block-heading\" id=\"h-indicaciones-terapeuticas\">Indicaciones terap\u00e9uticas<\/h2>\n\n\n\n<p>Anticoncepci\u00f3n.<\/p>\n\n\n\n<p><strong>PRECIOS AUTORIZADOS:<\/strong>&nbsp;Cerazet 75 microgramos comprimidos recubiertos con pel\u00edcula. Cerazet 1 x 28 Comprimidos: P.V.L: 2,55 \u20ac; P.V.P: 3,83 \u20ac; P.V.P. -IVA: 3,98 \u20ac. Cerazet 3 x 28 Comprimidos: P.V.L: 7,65 \u20ac; P.V.P: 11,48 \u20ac; P.V.P. -IVA: 11,94 \u20ac. .<br><strong>CONDICIONES DE PRESCRIPCI\u00d3N, DISPENSACI\u00d3N Y PRESTACI\u00d3N:<\/strong>&nbsp;Con receta &#8211; Medicamento financiado por el S.N.S.<\/p>\n\n\n\n<p class=\"has-text-align-center\">Antes de prescribir o dispensar este producto consulte la Ficha T\u00e9cnica completa correspondiente:<br><a href=\"https:\/\/cima.aemps.es\/cima\/dochtml\/ft\/62285\/FT_62285.html\">Cerazet 75 microgramos comprimidos recubiertos con pel\u00edcula<\/a><\/p>\n\n\n\n<p class=\"has-text-align-center\">Consulte la Informaci\u00f3n de Seguridad Seleccionada de:<br><a href=\"https:\/\/organonpro.com\/es-es\/sb_cerazet\/\" target=\"_blank\" rel=\"noreferrer noopener\">Cerazet 75 microgramos comprimidos recubiertos con pel\u00edcula<\/a><\/p>\n\n\n\n<style>\n.product-header__row .product-name img {\n    background: border-box !important;\n    box-shadow: initial !important;\n}\n<\/style>\n","protected":false},"author":8,"featured_media":0,"parent":353,"menu_order":0,"comment_status":"open","ping_status":"closed","template":"","meta":{"_acf_changed":false,"footnotes":""},"tags":[],"customer_type":[],"product_categories":[],"product_specialization":[],"class_list":["post-3479","product","type-product","status-publish","hentry"],"acf":[],"yoast_head":"<!-- This site is optimized with the Yoast SEO Premium plugin v20.11 (Yoast SEO v26.6) - https:\/\/yoast.com\/wordpress\/plugins\/seo\/ -->\n<title>Cerazet - Indicaciones terap\u00e9uticas - Organon Pro<\/title>\n<meta name=\"robots\" content=\"noindex, follow\" \/>\n<meta property=\"og:locale\" content=\"en_US\" \/>\n<meta property=\"og:type\" content=\"article\" \/>\n<meta property=\"og:title\" content=\"Indicaciones terap\u00e9uticas\" \/>\n<meta property=\"og:description\" content=\"Cerazet 75 microgramos comprimidos recubiertos con pel\u00edcula (Desogestrel) Indicaciones terap\u00e9uticas Anticoncepci\u00f3n. PRECIOS AUTORIZADOS:&nbsp;Cerazet 75 microgramos comprimidos recubiertos con pel\u00edcula. Cerazet 1 x 28 Comprimidos: P.V.L: 2,55 \u20ac; P.V.P: 3,83 \u20ac; P.V.P. -IVA: 3,98 \u20ac. Cerazet 3 x 28 Comprimidos: P.V.L: 7,65 \u20ac; P.V.P: 11,48 \u20ac; P.V.P. -IVA: 11,94 \u20ac. .CONDICIONES DE PRESCRIPCI\u00d3N, DISPENSACI\u00d3N Y PRESTACI\u00d3N:&nbsp;Con [&hellip;]\" \/>\n<meta property=\"og:url\" content=\"https:\/\/organonpro.com\/es-es\/product\/cerazet\/indicaciones-terapeuticas\/\" \/>\n<meta property=\"og:site_name\" content=\"Organon Pro - Espa\u00f1a\" \/>\n<meta property=\"article:publisher\" content=\"https:\/\/www.facebook.com\/OrganonandCo\" \/>\n<meta property=\"article:modified_time\" content=\"2024-10-23T08:38:25+00:00\" \/>\n<meta property=\"og:image\" content=\"https:\/\/organonpro.com\/es-es\/wp-content\/uploads\/sites\/11\/2023\/02\/BODEGON_CERAZET.png\" \/>\n<meta name=\"twitter:card\" content=\"summary_large_image\" \/>\n<meta name=\"twitter:site\" content=\"@OrganonLLC\" \/>\n<meta name=\"twitter:label1\" content=\"Est. reading time\" \/>\n\t<meta name=\"twitter:data1\" content=\"1 minute\" \/>\n<script type=\"application\/ld+json\" class=\"yoast-schema-graph\">{\"@context\":\"https:\/\/schema.org\",\"@graph\":[{\"@type\":\"WebPage\",\"@id\":\"https:\/\/organonpro.com\/es-es\/product\/cerazet\/indicaciones-terapeuticas\/\",\"url\":\"https:\/\/organonpro.com\/es-es\/product\/cerazet\/indicaciones-terapeuticas\/\",\"name\":\"Cerazet - Indicaciones terap\u00e9uticas - Organon Pro\",\"isPartOf\":{\"@id\":\"https:\/\/organonpro.com\/es-es\/#website\"},\"primaryImageOfPage\":{\"@id\":\"https:\/\/organonpro.com\/es-es\/product\/cerazet\/indicaciones-terapeuticas\/#primaryimage\"},\"image\":{\"@id\":\"https:\/\/organonpro.com\/es-es\/product\/cerazet\/indicaciones-terapeuticas\/#primaryimage\"},\"thumbnailUrl\":\"https:\/\/organonpro.com\/es-es\/wp-content\/uploads\/sites\/11\/2023\/02\/BODEGON_CERAZET.png\",\"datePublished\":\"2022-08-19T11:06:19+00:00\",\"dateModified\":\"2024-10-23T08:38:25+00:00\",\"breadcrumb\":{\"@id\":\"https:\/\/organonpro.com\/es-es\/product\/cerazet\/indicaciones-terapeuticas\/#breadcrumb\"},\"inLanguage\":\"en-US\",\"potentialAction\":[{\"@type\":\"ReadAction\",\"target\":[\"https:\/\/organonpro.com\/es-es\/product\/cerazet\/indicaciones-terapeuticas\/\"]}]},{\"@type\":\"ImageObject\",\"inLanguage\":\"en-US\",\"@id\":\"https:\/\/organonpro.com\/es-es\/product\/cerazet\/indicaciones-terapeuticas\/#primaryimage\",\"url\":\"https:\/\/organonpro.com\/es-es\/wp-content\/uploads\/sites\/11\/2023\/02\/BODEGON_CERAZET.png\",\"contentUrl\":\"https:\/\/organonpro.com\/es-es\/wp-content\/uploads\/sites\/11\/2023\/02\/BODEGON_CERAZET.png\",\"width\":4085,\"height\":1363},{\"@type\":\"BreadcrumbList\",\"@id\":\"https:\/\/organonpro.com\/es-es\/product\/cerazet\/indicaciones-terapeuticas\/#breadcrumb\",\"itemListElement\":[{\"@type\":\"ListItem\",\"position\":1,\"name\":\"Home\",\"item\":\"https:\/\/organonpro.com\/es-es\/\"},{\"@type\":\"ListItem\",\"position\":2,\"name\":\"Products\",\"item\":\"https:\/\/organonpro.com\/es-es\/product\/\"},{\"@type\":\"ListItem\",\"position\":3,\"name\":\"Cerazet\u00ae\",\"item\":\"https:\/\/organonpro.com\/es-es\/product\/cerazet\/\"},{\"@type\":\"ListItem\",\"position\":4,\"name\":\"Indicaciones terap\u00e9uticas\"}]},{\"@type\":\"WebSite\",\"@id\":\"https:\/\/organonpro.com\/es-es\/#website\",\"url\":\"https:\/\/organonpro.com\/es-es\/\",\"name\":\"Organon Pro - Espa\u00f1a\",\"description\":\"Organon Pro - Espa\u00f1a\",\"publisher\":{\"@id\":\"https:\/\/organonpro.com\/es-es\/#organization\"},\"potentialAction\":[{\"@type\":\"SearchAction\",\"target\":{\"@type\":\"EntryPoint\",\"urlTemplate\":\"https:\/\/organonpro.com\/es-es\/?s={search_term_string}\"},\"query-input\":{\"@type\":\"PropertyValueSpecification\",\"valueRequired\":true,\"valueName\":\"search_term_string\"}}],\"inLanguage\":\"en-US\"},{\"@type\":\"Organization\",\"@id\":\"https:\/\/organonpro.com\/es-es\/#organization\",\"name\":\"Organon Pro - Espa\u00f1a\",\"url\":\"https:\/\/organonpro.com\/es-es\/\",\"logo\":{\"@type\":\"ImageObject\",\"inLanguage\":\"en-US\",\"@id\":\"https:\/\/organonpro.com\/es-es\/#\/schema\/logo\/image\/\",\"url\":\"https:\/\/organonpro.com\/es-es\/wp-content\/uploads\/sites\/11\/2023\/08\/organon-pro-1.webp\",\"contentUrl\":\"https:\/\/organonpro.com\/es-es\/wp-content\/uploads\/sites\/11\/2023\/08\/organon-pro-1.webp\",\"width\":2269,\"height\":243,\"caption\":\"Organon Pro - Espa\u00f1a\"},\"image\":{\"@id\":\"https:\/\/organonpro.com\/es-es\/#\/schema\/logo\/image\/\"},\"sameAs\":[\"https:\/\/www.facebook.com\/OrganonandCo\",\"https:\/\/x.com\/OrganonLLC\"]}]}<\/script>\n<!-- \/ Yoast SEO Premium plugin. -->","yoast_head_json":{"title":"Cerazet - Indicaciones terap\u00e9uticas - Organon Pro","robots":{"index":"noindex","follow":"follow"},"og_locale":"en_US","og_type":"article","og_title":"Indicaciones terap\u00e9uticas","og_description":"Cerazet 75 microgramos comprimidos recubiertos con pel\u00edcula (Desogestrel) Indicaciones terap\u00e9uticas Anticoncepci\u00f3n. PRECIOS AUTORIZADOS:&nbsp;Cerazet 75 microgramos comprimidos recubiertos con pel\u00edcula. Cerazet 1 x 28 Comprimidos: P.V.L: 2,55 \u20ac; P.V.P: 3,83 \u20ac; P.V.P. -IVA: 3,98 \u20ac. Cerazet 3 x 28 Comprimidos: P.V.L: 7,65 \u20ac; P.V.P: 11,48 \u20ac; P.V.P. -IVA: 11,94 \u20ac. .CONDICIONES DE PRESCRIPCI\u00d3N, DISPENSACI\u00d3N Y PRESTACI\u00d3N:&nbsp;Con [&hellip;]","og_url":"https:\/\/organonpro.com\/es-es\/product\/cerazet\/indicaciones-terapeuticas\/","og_site_name":"Organon Pro - Espa\u00f1a","article_publisher":"https:\/\/www.facebook.com\/OrganonandCo","article_modified_time":"2024-10-23T08:38:25+00:00","og_image":[{"url":"https:\/\/organonpro.com\/es-es\/wp-content\/uploads\/sites\/11\/2023\/02\/BODEGON_CERAZET.png","type":"","width":"","height":""}],"twitter_card":"summary_large_image","twitter_site":"@OrganonLLC","twitter_misc":{"Est. reading time":"1 minute"},"schema":{"@context":"https:\/\/schema.org","@graph":[{"@type":"WebPage","@id":"https:\/\/organonpro.com\/es-es\/product\/cerazet\/indicaciones-terapeuticas\/","url":"https:\/\/organonpro.com\/es-es\/product\/cerazet\/indicaciones-terapeuticas\/","name":"Cerazet - Indicaciones terap\u00e9uticas - Organon Pro","isPartOf":{"@id":"https:\/\/organonpro.com\/es-es\/#website"},"primaryImageOfPage":{"@id":"https:\/\/organonpro.com\/es-es\/product\/cerazet\/indicaciones-terapeuticas\/#primaryimage"},"image":{"@id":"https:\/\/organonpro.com\/es-es\/product\/cerazet\/indicaciones-terapeuticas\/#primaryimage"},"thumbnailUrl":"https:\/\/organonpro.com\/es-es\/wp-content\/uploads\/sites\/11\/2023\/02\/BODEGON_CERAZET.png","datePublished":"2022-08-19T11:06:19+00:00","dateModified":"2024-10-23T08:38:25+00:00","breadcrumb":{"@id":"https:\/\/organonpro.com\/es-es\/product\/cerazet\/indicaciones-terapeuticas\/#breadcrumb"},"inLanguage":"en-US","potentialAction":[{"@type":"ReadAction","target":["https:\/\/organonpro.com\/es-es\/product\/cerazet\/indicaciones-terapeuticas\/"]}]},{"@type":"ImageObject","inLanguage":"en-US","@id":"https:\/\/organonpro.com\/es-es\/product\/cerazet\/indicaciones-terapeuticas\/#primaryimage","url":"https:\/\/organonpro.com\/es-es\/wp-content\/uploads\/sites\/11\/2023\/02\/BODEGON_CERAZET.png","contentUrl":"https:\/\/organonpro.com\/es-es\/wp-content\/uploads\/sites\/11\/2023\/02\/BODEGON_CERAZET.png","width":4085,"height":1363},{"@type":"BreadcrumbList","@id":"https:\/\/organonpro.com\/es-es\/product\/cerazet\/indicaciones-terapeuticas\/#breadcrumb","itemListElement":[{"@type":"ListItem","position":1,"name":"Home","item":"https:\/\/organonpro.com\/es-es\/"},{"@type":"ListItem","position":2,"name":"Products","item":"https:\/\/organonpro.com\/es-es\/product\/"},{"@type":"ListItem","position":3,"name":"Cerazet\u00ae","item":"https:\/\/organonpro.com\/es-es\/product\/cerazet\/"},{"@type":"ListItem","position":4,"name":"Indicaciones terap\u00e9uticas"}]},{"@type":"WebSite","@id":"https:\/\/organonpro.com\/es-es\/#website","url":"https:\/\/organonpro.com\/es-es\/","name":"Organon Pro - Espa\u00f1a","description":"Organon Pro - Espa\u00f1a","publisher":{"@id":"https:\/\/organonpro.com\/es-es\/#organization"},"potentialAction":[{"@type":"SearchAction","target":{"@type":"EntryPoint","urlTemplate":"https:\/\/organonpro.com\/es-es\/?s={search_term_string}"},"query-input":{"@type":"PropertyValueSpecification","valueRequired":true,"valueName":"search_term_string"}}],"inLanguage":"en-US"},{"@type":"Organization","@id":"https:\/\/organonpro.com\/es-es\/#organization","name":"Organon Pro - Espa\u00f1a","url":"https:\/\/organonpro.com\/es-es\/","logo":{"@type":"ImageObject","inLanguage":"en-US","@id":"https:\/\/organonpro.com\/es-es\/#\/schema\/logo\/image\/","url":"https:\/\/organonpro.com\/es-es\/wp-content\/uploads\/sites\/11\/2023\/08\/organon-pro-1.webp","contentUrl":"https:\/\/organonpro.com\/es-es\/wp-content\/uploads\/sites\/11\/2023\/08\/organon-pro-1.webp","width":2269,"height":243,"caption":"Organon Pro - Espa\u00f1a"},"image":{"@id":"https:\/\/organonpro.com\/es-es\/#\/schema\/logo\/image\/"},"sameAs":["https:\/\/www.facebook.com\/OrganonandCo","https:\/\/x.com\/OrganonLLC"]}]}},"jetpack_sharing_enabled":true,"_links":{"self":[{"href":"https:\/\/organonpro.com\/es-es\/wp-json\/wp\/v2\/product\/3479","targetHints":{"allow":["GET"]}}],"collection":[{"href":"https:\/\/organonpro.com\/es-es\/wp-json\/wp\/v2\/product"}],"about":[{"href":"https:\/\/organonpro.com\/es-es\/wp-json\/wp\/v2\/types\/product"}],"author":[{"embeddable":true,"href":"https:\/\/organonpro.com\/es-es\/wp-json\/wp\/v2\/users\/8"}],"replies":[{"embeddable":true,"href":"https:\/\/organonpro.com\/es-es\/wp-json\/wp\/v2\/comments?post=3479"}],"version-history":[{"count":15,"href":"https:\/\/organonpro.com\/es-es\/wp-json\/wp\/v2\/product\/3479\/revisions"}],"predecessor-version":[{"id":22136,"href":"https:\/\/organonpro.com\/es-es\/wp-json\/wp\/v2\/product\/3479\/revisions\/22136"}],"up":[{"embeddable":true,"href":"https:\/\/organonpro.com\/es-es\/wp-json\/wp\/v2\/product\/353"}],"wp:attachment":[{"href":"https:\/\/organonpro.com\/es-es\/wp-json\/wp\/v2\/media?parent=3479"}],"wp:term":[{"taxonomy":"post_tag","embeddable":true,"href":"https:\/\/organonpro.com\/es-es\/wp-json\/wp\/v2\/tags?post=3479"},{"taxonomy":"customer_type","embeddable":true,"href":"https:\/\/organonpro.com\/es-es\/wp-json\/wp\/v2\/customer_type?post=3479"},{"taxonomy":"product_categories","embeddable":true,"href":"https:\/\/organonpro.com\/es-es\/wp-json\/wp\/v2\/product_categories?post=3479"},{"taxonomy":"product_specialization","embeddable":true,"href":"https:\/\/organonpro.com\/es-es\/wp-json\/wp\/v2\/product_specialization?post=3479"}],"curies":[{"name":"wp","href":"https:\/\/api.w.org\/{rel}","templated":true}]}}