{"id":25364,"date":"2025-02-19T08:25:54","date_gmt":"2025-02-19T08:25:54","guid":{"rendered":"https:\/\/organonpro.com\/es-es\/?post_type=product&#038;p=25364"},"modified":"2025-03-24T15:36:18","modified_gmt":"2025-03-24T15:36:18","slug":"informacion-sobre-nuvaring","status":"publish","type":"product","link":"https:\/\/organonpro.com\/es-es\/product\/nuvaring\/informacion-sobre-nuvaring\/","title":{"rendered":"Informaci\u00f3n sobre NuvaRing"},"content":{"rendered":"\n<style>\n    .banner {\n        display: flex;\n        flex-direction: column;\n        align-items: center;\n        text-align: center;\n        width: 100%;\n    }\n\n    .banner img {\n        max-width: 100%;\n        height: auto;\n        display: block;\n    }\n\n    .banner-img.mobile {\n        display: none;\n    }\n\n    .texto-inferior {\n        width: 100%;\n        background: #F480AC;\n        padding: 15px 20px;\n        text-align: center;\n        color: white;\n    }\n\n    .texto-inferior hr {\n        width: 90%;\n        border: 1px solid white;\n        margin: 0 auto 25px;\n    }\n\n    .texto-inferior p {\n        font-size: 18px;\n        color: white;\n        margin: 0 auto;\n        max-width: 900px;\n    }\n\n    .benefits-section {\n        text-align: center;\n        padding: 40px 20px;\n    }\n\n    .benefits-section h2 {\n        font-size: 38px;\n        color: #52555B;\n        font-weight: normal;\n        line-height: 48px;\n    }\n\n    .benefits-container {\n        display: flex;\n        justify-content: center;\n        gap: 140px;\n        margin-top: 40px;\n    }\n\n    .benefit {\n        display: flex;\n        flex-direction: column;\n        align-items: center;\n        max-width: 280px;\n        text-align: center;\n    }\n\n    .benefit img {\n        width: 200px;\n        height: auto;\n        display: block;\n        max-width: none !important;\n        border-radius: 50%;\n        box-shadow: 0px 4px 10px 2px rgba(0, 0, 0, 0.1);\n    }\n\n    .benefit p {\n        margin-top: 16px;\n        font-size: 18px;\n        color: #52555B;\n    }\n\n    .linea-inferior {\n        width: 100%;\n        height: 4px;\n        background-color: #E89A90;\n        margin: 40px auto 0;\n    }\n\n    \/* Estilos portal *\/\n\n    ol li::marker,\n    ul li::marker,\n    .product-dropdown .hydrated {\n        color: #F480AC !important;\n    }\n\n    .isi-indication ul li,\n    .inner-product-listing ul li,\n    .isi-indication ol li,\n    .inner-product-listing ol li {\n        margin-bottom: 0 !important;\n    }\n\n    .isi-indication ul,\n    .inner-product-listing ul {\n        list-style: disc;\n        margin-bottom: 2rem;\n    }\n\n    p+h1,\n    p+h2,\n    p+h3,\n    p+h4,\n    p+h5 {\n        margin-top: 2rem;\n    }\n\n    h4 {\n        margin-bottom: .4rem;\n    }\n\n    .product-header__row .product-name img {\n       background: border-box !important;\n       box-shadow: initial !important;\n    }\n\n    @media (max-width: 1024px) {\n        .benefits-container {\n            gap: 100px;\n        }\n\n        .benefit img {\n            width: 150px;\n        }\n\n        .benefit p {\n            font-size: 16px;\n        }\n    }\n\n    @media (max-width: 768px) {\n        .banner-img.desktop {\n            display: none;\n        }\n\n        .banner-img.mobile {\n            display: block;\n            width: 100%;\n            height: auto;\n        }\n\n        .texto-inferior {\n            padding: 15px;\n            max-width: 100%;\n            margin: 0 auto;\n        }\n\n        .texto-inferior hr {\n            width: 80%;\n        }\n\n        .texto-inferior p {\n            font-size: 14px;\n            text-align: center;\n        }\n\n        .benefits-container {\n            flex-direction: column;\n            align-items: center;\n            gap: 60px;\n        }\n\n        .benefit {\n            max-width: 100%;\n        }\n\n        .benefit img {\n            width: 130px;\n        }\n\n        .benefit p {\n            font-size: 14px;\n        }\n    }\n\n    @media (max-width: 480px) {\n        .benefits-container {\n            gap: 30px;\n        }\n\n        .texto-inferior {\n            padding: 8px 10px;\n        }\n\n        .texto-inferior p {\n            font-size: 13px;\n        }\n\n        .benefit img {\n            width: 110px;\n        }\n\n        .benefit p {\n            font-size: 14px;\n        }\n    }\n<\/style>\n\n\n\n<div class=\"banner\">\n    <img decoding=\"async\" src=\"https:\/\/organonpro.com\/es-es\/wp-content\/uploads\/sites\/11\/2025\/02\/header_banner_desktop_nuvaring.png\" alt=\"NuvaRing\" class=\"banner-img desktop\">\n    <img decoding=\"async\" src=\"https:\/\/organonpro.com\/es-es\/wp-content\/uploads\/sites\/11\/2025\/02\/header_banner_mobile_nuvaring.png\" alt=\"NuvaRing\" class=\"banner-img mobile\">\n    <div class=\"texto-inferior\">\n        <hr>\n        <p><strong>NUVARING<sup>\u00ae<\/sup><\/strong> lleva en el mercado m\u00e1s de 20 a\u00f1os.<sup>1<\/sup><br> Para celebrar este recorrido, presentamos <strong>el anillo de siempre<\/strong>, con un <strong>nuevo envase, moderno<\/strong> y dise\u00f1ado <strong>para la mujer actual<\/strong>\n             <\/p>\n    <\/div>\n<\/div>\n\n<section class=\"benefits-section\">\n    <h2>El <strong>\u00fanico<\/strong> anillo vaginal <strong>con aplicador<\/strong><sup>2,3<\/sup><\/h2>\n\n    <div class=\"benefits-container\">\n        <div class=\"benefit\">\n            <img decoding=\"async\" src=\"https:\/\/organonpro.com\/es-es\/wp-content\/uploads\/sites\/11\/2025\/02\/icon_embarazo_nuvaring.svg\" alt=\"Prevenci\u00f3n del embarazo\">\n            <p><strong>Eficacia del 99%<\/strong> en la prevenci\u00f3n de embarazos<sup>*1<\/sup><\/p>\n        <\/div>\n\n        <div class=\"benefit\">\n            <img decoding=\"async\" src=\"https:\/\/organonpro.com\/es-es\/wp-content\/uploads\/sites\/11\/2025\/02\/icon_aplicador_nuvaring.svg\" alt=\"Aplicador m\u00e1s c\u00f3modo\">\n            <p>El uso del aplicador de NUVARING\u00ae supone una opci\u00f3n m\u00e1s <strong>c\u00f3moda<\/strong><sup>4<\/sup> e\n                <strong>higi\u00e9nica<\/strong><sup>**1<\/sup>\n            <\/p>\n        <\/div>\n\n        <div class=\"benefit\">\n            <img decoding=\"async\" src=\"https:\/\/organonpro.com\/es-es\/wp-content\/uploads\/sites\/11\/2025\/02\/icon_control-ciclo_nuvaring.svg\" alt=\"Buen control del ciclo\">\n            <p>Buen control del ciclo<sup>5<\/sup><\/p>\n        <\/div>\n    <\/div>\n\n    <div class=\"linea-inferior\"><\/div>\n<\/section>\n\n\n\n<p class=\"has-text-color has-link-color wp-elements-75848fda2230eb448fce96c633be96fe\" style=\"color:#505050\">* En los ensayos cl\u00ednicos se obtuvo un \u00edndice de Pearl (fallos de usuaria + m\u00e9todo) de 0,96 (IC 95%: 0,64-1,39) en 37.977 ciclos.<sup>1<\/sup><br>** En cada ciclo de 4&nbsp;semanas, se debe insertar NuvaRing<sup>\u00ae<\/sup> en la vagina, extraerlo a las 3&nbsp;semanas (21&nbsp;d\u00edas) e insertar un nuevo anillo transcurrida 1&nbsp;semana (7&nbsp;d\u00edas).<sup>1<\/sup><\/p>\n\n\n\n<h4 class=\"wp-block-heading has-text-color has-link-color wp-elements-efdf7e1b2dc4fd9666130a099d18cec4\" id=\"h-indicaciones-terapeuticas\" style=\"color:#505050\"><strong><mark style=\"background-color:rgba(0, 0, 0, 0);color:#505050\" class=\"has-inline-color\">I<\/mark>ndicaciones terap\u00e9uticas<\/strong><\/h4>\n\n\n\n<p class=\"has-text-color has-link-color wp-elements-f8f76b8a8543d07a067af8bb8ee4b830\" style=\"color:#505050\">Anticoncepci\u00f3n. NuvaRing<sup>\u00ae<\/sup> est\u00e1 indicado para mujeres en edad f\u00e9rtil. La eficacia y seguridad se ha establecido en mujeres entre 18 y 40 a\u00f1os de edad. La decisi\u00f3n de prescribir NuvaRing<sup>\u00ae<\/sup> debe tener en cuenta los factores de riesgo actuales de cada mujer en particular, concretamente los de tromboembolismo venoso (TEV), y como se compara el riesgo de TEV con NuvaRing<sup>\u00ae<\/sup> con el de otros anticonceptivos hormonales combinados (AHCs).<\/p>\n\n\n\n<h4 class=\"wp-block-heading has-text-color has-link-color wp-elements-1607b79b5c092e2f963c19b0753c2aad\" id=\"h-contraindicaciones\" style=\"color:#505050\"><strong><mark style=\"background-color:rgba(0, 0, 0, 0);color:#505050\" class=\"has-inline-color\">Contraindicaciones<\/mark><\/strong><\/h4>\n\n\n\n<ul class=\"wp-block-list\">\n<li class=\"has-text-color has-link-color wp-elements-5fd0564efd88a939991e817bcf4ecaf7\" style=\"color:#505050\">Presencia o riesgo de tromboembolismo venoso o arterial.<\/li>\n\n\n\n<li class=\"has-text-color has-link-color wp-elements-7ae208859150edabd3c639eb2f4d2ebd\" style=\"color:#505050\">Pancreatitis o antecedentes de la misma si asociada con hipertrigliceridemia grave.<\/li>\n\n\n\n<li class=\"has-text-color has-link-color wp-elements-32c93c787b4c97c043ba5ea49650b631\" style=\"color:#505050\">Existencia o antecedentes de hepatopat\u00eda grave o tumores hep\u00e1ticos.<\/li>\n\n\n\n<li class=\"has-text-color has-link-color wp-elements-f222a477bc3ddf83f066ef35c54f661d\" style=\"color:#505050\">Existencia o sospecha de neoplasias malignas en \u00f3rganos genitales o mama si son dependientes de esteroides sexuales.<\/li>\n\n\n\n<li class=\"has-text-color has-link-color wp-elements-e21705e0c4bd830d9c76103b3bfebe47\" style=\"color:#505050\">Hemorragia vaginal sin diagnosticar.<\/li>\n\n\n\n<li class=\"has-text-color has-link-color wp-elements-84575989fd64f49aa72216ee4dfa0c7b\" style=\"color:#505050\">Hipersensibilidad a los principios activos o excipientes.<\/li>\n\n\n\n<li class=\"has-text-color has-link-color wp-elements-e122afd93b2ad518212b9240b94a0a1a\" style=\"color:#505050\">Uso concomitante con ombitasvir\/paritaprevir\/ritonavir y dasabuvir o glecaprevir\/pibrentasvir.<\/li>\n<\/ul>\n\n\n\n<h4 class=\"wp-block-heading has-text-color has-link-color wp-elements-1c1e8f9d766557ab6244eaf895ddd880\" id=\"h-reacciones-adversas-mas-frecuentes\" style=\"color:#505050\"><strong><mark style=\"background-color:rgba(0, 0, 0, 0);color:#505050\" class=\"has-inline-color\">Reacciones adversas m\u00e1s frecuentes<\/mark><\/strong><\/h4>\n\n\n\n<p class=\"has-text-color has-link-color wp-elements-5f15e14386db50d7656d2da65e3afa65\" style=\"color:#505050\">Cefalea, infecciones vaginales y flujo vaginal, cada una mencionada por un 5-6 % de las mujeres.<\/p>\n\n\n\n<h4 class=\"wp-block-heading has-text-color has-link-color wp-elements-1f0acb1aff1e4512fef4adb05576eedd\" id=\"h-bibliografia\" style=\"color:#505050\"><mark style=\"background-color:rgba(0, 0, 0, 0);color:#505050\" class=\"has-inline-color\">BIBLIOGRAF\u00cdA<\/mark><\/h4>\n\n\n\n<p class=\"has-text-color has-link-color wp-elements-cd502768a1406b72f6a284db6fe1960e\" style=\"color:#505050\"><strong>1.<\/strong>&nbsp;Ficha t\u00e9cnica de NUVARING\u00ae.&nbsp;<strong>2.<\/strong>&nbsp;PATENTSCOPE &#8211; APLICADOR DE ANILLOS VAGINALES: Disponible en: https:\/\/patentscope.wipo.int\/search\/en\/detail.jsf?docId=WO2016156403&amp;_cid=P21-K7OIKX-80126-1 (\u00faltima consulta febrero 2025);.&nbsp;<strong>3.<\/strong>&nbsp;Resultado de b\u00fasqueda etonogestrel y etinilestradiol en https:\/\/cima.aemps.es\/cima\/publico\/home.html (\u00faltima consulta febrero 2025).&nbsp;<strong>4.<\/strong>&nbsp;Lete I, et al. Encuesta piloto sobre la aceptabilidad de un aplicado de anillo vaginal anticonceptivo. Revista Iberoamericana de Fertilidad. 2017; 34; 3-6. <strong>5<\/strong>. Van den Heuvel M.W., van Bragt A.J., Alnabawy A.K. et al. Comparison of ethinylestradiol pharmacokinetics in three hormonal contraceptive formulations: the vaginal ring, the transdermal patch and an oral contraceptive. Contraception. 2005;72(3):168-174.<\/p>\n\n\n\n<p><\/p>\n","protected":false},"author":118,"featured_media":0,"parent":26005,"menu_order":0,"comment_status":"open","ping_status":"closed","template":"","meta":{"_acf_changed":false,"footnotes":""},"tags":[],"customer_type":[],"product_categories":[],"product_specialization":[],"class_list":["post-25364","product","type-product","status-publish","hentry"],"acf":[],"yoast_head":"<!-- This site is optimized with the Yoast SEO Premium plugin v20.11 (Yoast SEO v26.6) - https:\/\/yoast.com\/wordpress\/plugins\/seo\/ -->\n<title>Nuvaring - Informaci\u00f3n sobre NuvaRing - Organon Pro<\/title>\n<meta name=\"robots\" content=\"noindex, follow\" \/>\n<meta property=\"og:locale\" content=\"en_US\" \/>\n<meta property=\"og:type\" content=\"article\" \/>\n<meta property=\"og:title\" content=\"Informaci\u00f3n sobre NuvaRing\" \/>\n<meta property=\"og:description\" content=\"NUVARING\u00ae lleva en el mercado m\u00e1s de 20 a\u00f1os.1 Para celebrar este recorrido, presentamos el anillo de siempre, con un nuevo envase, moderno y dise\u00f1ado para la mujer actual El \u00fanico anillo vaginal con aplicador2,3 Eficacia del 99% en la prevenci\u00f3n de embarazos*1 El uso del aplicador de NUVARING\u00ae supone una opci\u00f3n m\u00e1s c\u00f3moda4 e [&hellip;]\" \/>\n<meta property=\"og:url\" content=\"https:\/\/organonpro.com\/es-es\/product\/nuvaring\/informacion-sobre-nuvaring\/\" \/>\n<meta property=\"og:site_name\" content=\"Organon Pro - Espa\u00f1a\" \/>\n<meta property=\"article:publisher\" content=\"https:\/\/www.facebook.com\/OrganonandCo\" \/>\n<meta property=\"article:modified_time\" content=\"2025-03-24T15:36:18+00:00\" \/>\n<meta property=\"og:image\" content=\"https:\/\/organonpro.com\/es-es\/wp-content\/uploads\/sites\/11\/2025\/02\/header_banner_desktop_nuvaring.png\" \/>\n<meta name=\"twitter:card\" content=\"summary_large_image\" \/>\n<meta name=\"twitter:site\" content=\"@OrganonLLC\" \/>\n<meta name=\"twitter:label1\" content=\"Est. reading time\" \/>\n\t<meta name=\"twitter:data1\" content=\"3 minutes\" \/>\n<script type=\"application\/ld+json\" class=\"yoast-schema-graph\">{\"@context\":\"https:\/\/schema.org\",\"@graph\":[{\"@type\":\"WebPage\",\"@id\":\"https:\/\/organonpro.com\/es-es\/product\/nuvaring\/informacion-sobre-nuvaring\/\",\"url\":\"https:\/\/organonpro.com\/es-es\/product\/nuvaring\/informacion-sobre-nuvaring\/\",\"name\":\"Nuvaring - Informaci\u00f3n sobre NuvaRing - Organon Pro\",\"isPartOf\":{\"@id\":\"https:\/\/organonpro.com\/es-es\/#website\"},\"primaryImageOfPage\":{\"@id\":\"https:\/\/organonpro.com\/es-es\/product\/nuvaring\/informacion-sobre-nuvaring\/#primaryimage\"},\"image\":{\"@id\":\"https:\/\/organonpro.com\/es-es\/product\/nuvaring\/informacion-sobre-nuvaring\/#primaryimage\"},\"thumbnailUrl\":\"https:\/\/organonpro.com\/es-es\/wp-content\/uploads\/sites\/11\/2025\/02\/header_banner_desktop_nuvaring.png\",\"datePublished\":\"2025-02-19T08:25:54+00:00\",\"dateModified\":\"2025-03-24T15:36:18+00:00\",\"breadcrumb\":{\"@id\":\"https:\/\/organonpro.com\/es-es\/product\/nuvaring\/informacion-sobre-nuvaring\/#breadcrumb\"},\"inLanguage\":\"en-US\",\"potentialAction\":[{\"@type\":\"ReadAction\",\"target\":[\"https:\/\/organonpro.com\/es-es\/product\/nuvaring\/informacion-sobre-nuvaring\/\"]}]},{\"@type\":\"ImageObject\",\"inLanguage\":\"en-US\",\"@id\":\"https:\/\/organonpro.com\/es-es\/product\/nuvaring\/informacion-sobre-nuvaring\/#primaryimage\",\"url\":\"https:\/\/organonpro.com\/es-es\/wp-content\/uploads\/sites\/11\/2025\/02\/header_banner_desktop_nuvaring.png\",\"contentUrl\":\"https:\/\/organonpro.com\/es-es\/wp-content\/uploads\/sites\/11\/2025\/02\/header_banner_desktop_nuvaring.png\",\"width\":1276,\"height\":560},{\"@type\":\"BreadcrumbList\",\"@id\":\"https:\/\/organonpro.com\/es-es\/product\/nuvaring\/informacion-sobre-nuvaring\/#breadcrumb\",\"itemListElement\":[{\"@type\":\"ListItem\",\"position\":1,\"name\":\"Home\",\"item\":\"https:\/\/organonpro.com\/es-es\/\"},{\"@type\":\"ListItem\",\"position\":2,\"name\":\"Products\",\"item\":\"https:\/\/organonpro.com\/es-es\/product\/\"},{\"@type\":\"ListItem\",\"position\":3,\"name\":\"NuvaRing\u00ae\",\"item\":\"https:\/\/organonpro.com\/es-es\/product\/nuvaring\/\"},{\"@type\":\"ListItem\",\"position\":4,\"name\":\"Informaci\u00f3n sobre NuvaRing\"}]},{\"@type\":\"WebSite\",\"@id\":\"https:\/\/organonpro.com\/es-es\/#website\",\"url\":\"https:\/\/organonpro.com\/es-es\/\",\"name\":\"Organon Pro - Espa\u00f1a\",\"description\":\"Organon Pro - Espa\u00f1a\",\"publisher\":{\"@id\":\"https:\/\/organonpro.com\/es-es\/#organization\"},\"potentialAction\":[{\"@type\":\"SearchAction\",\"target\":{\"@type\":\"EntryPoint\",\"urlTemplate\":\"https:\/\/organonpro.com\/es-es\/?s={search_term_string}\"},\"query-input\":{\"@type\":\"PropertyValueSpecification\",\"valueRequired\":true,\"valueName\":\"search_term_string\"}}],\"inLanguage\":\"en-US\"},{\"@type\":\"Organization\",\"@id\":\"https:\/\/organonpro.com\/es-es\/#organization\",\"name\":\"Organon Pro - Espa\u00f1a\",\"url\":\"https:\/\/organonpro.com\/es-es\/\",\"logo\":{\"@type\":\"ImageObject\",\"inLanguage\":\"en-US\",\"@id\":\"https:\/\/organonpro.com\/es-es\/#\/schema\/logo\/image\/\",\"url\":\"https:\/\/organonpro.com\/es-es\/wp-content\/uploads\/sites\/11\/2023\/08\/organon-pro-1.webp\",\"contentUrl\":\"https:\/\/organonpro.com\/es-es\/wp-content\/uploads\/sites\/11\/2023\/08\/organon-pro-1.webp\",\"width\":2269,\"height\":243,\"caption\":\"Organon Pro - Espa\u00f1a\"},\"image\":{\"@id\":\"https:\/\/organonpro.com\/es-es\/#\/schema\/logo\/image\/\"},\"sameAs\":[\"https:\/\/www.facebook.com\/OrganonandCo\",\"https:\/\/x.com\/OrganonLLC\"]}]}<\/script>\n<!-- \/ Yoast SEO Premium plugin. -->","yoast_head_json":{"title":"Nuvaring - Informaci\u00f3n sobre NuvaRing - Organon Pro","robots":{"index":"noindex","follow":"follow"},"og_locale":"en_US","og_type":"article","og_title":"Informaci\u00f3n sobre NuvaRing","og_description":"NUVARING\u00ae lleva en el mercado m\u00e1s de 20 a\u00f1os.1 Para celebrar este recorrido, presentamos el anillo de siempre, con un nuevo envase, moderno y dise\u00f1ado para la mujer actual El \u00fanico anillo vaginal con aplicador2,3 Eficacia del 99% en la prevenci\u00f3n de embarazos*1 El uso del aplicador de NUVARING\u00ae supone una opci\u00f3n m\u00e1s c\u00f3moda4 e [&hellip;]","og_url":"https:\/\/organonpro.com\/es-es\/product\/nuvaring\/informacion-sobre-nuvaring\/","og_site_name":"Organon Pro - Espa\u00f1a","article_publisher":"https:\/\/www.facebook.com\/OrganonandCo","article_modified_time":"2025-03-24T15:36:18+00:00","og_image":[{"url":"https:\/\/organonpro.com\/es-es\/wp-content\/uploads\/sites\/11\/2025\/02\/header_banner_desktop_nuvaring.png","type":"","width":"","height":""}],"twitter_card":"summary_large_image","twitter_site":"@OrganonLLC","twitter_misc":{"Est. reading time":"3 minutes"},"schema":{"@context":"https:\/\/schema.org","@graph":[{"@type":"WebPage","@id":"https:\/\/organonpro.com\/es-es\/product\/nuvaring\/informacion-sobre-nuvaring\/","url":"https:\/\/organonpro.com\/es-es\/product\/nuvaring\/informacion-sobre-nuvaring\/","name":"Nuvaring - Informaci\u00f3n sobre NuvaRing - Organon Pro","isPartOf":{"@id":"https:\/\/organonpro.com\/es-es\/#website"},"primaryImageOfPage":{"@id":"https:\/\/organonpro.com\/es-es\/product\/nuvaring\/informacion-sobre-nuvaring\/#primaryimage"},"image":{"@id":"https:\/\/organonpro.com\/es-es\/product\/nuvaring\/informacion-sobre-nuvaring\/#primaryimage"},"thumbnailUrl":"https:\/\/organonpro.com\/es-es\/wp-content\/uploads\/sites\/11\/2025\/02\/header_banner_desktop_nuvaring.png","datePublished":"2025-02-19T08:25:54+00:00","dateModified":"2025-03-24T15:36:18+00:00","breadcrumb":{"@id":"https:\/\/organonpro.com\/es-es\/product\/nuvaring\/informacion-sobre-nuvaring\/#breadcrumb"},"inLanguage":"en-US","potentialAction":[{"@type":"ReadAction","target":["https:\/\/organonpro.com\/es-es\/product\/nuvaring\/informacion-sobre-nuvaring\/"]}]},{"@type":"ImageObject","inLanguage":"en-US","@id":"https:\/\/organonpro.com\/es-es\/product\/nuvaring\/informacion-sobre-nuvaring\/#primaryimage","url":"https:\/\/organonpro.com\/es-es\/wp-content\/uploads\/sites\/11\/2025\/02\/header_banner_desktop_nuvaring.png","contentUrl":"https:\/\/organonpro.com\/es-es\/wp-content\/uploads\/sites\/11\/2025\/02\/header_banner_desktop_nuvaring.png","width":1276,"height":560},{"@type":"BreadcrumbList","@id":"https:\/\/organonpro.com\/es-es\/product\/nuvaring\/informacion-sobre-nuvaring\/#breadcrumb","itemListElement":[{"@type":"ListItem","position":1,"name":"Home","item":"https:\/\/organonpro.com\/es-es\/"},{"@type":"ListItem","position":2,"name":"Products","item":"https:\/\/organonpro.com\/es-es\/product\/"},{"@type":"ListItem","position":3,"name":"NuvaRing\u00ae","item":"https:\/\/organonpro.com\/es-es\/product\/nuvaring\/"},{"@type":"ListItem","position":4,"name":"Informaci\u00f3n sobre NuvaRing"}]},{"@type":"WebSite","@id":"https:\/\/organonpro.com\/es-es\/#website","url":"https:\/\/organonpro.com\/es-es\/","name":"Organon Pro - Espa\u00f1a","description":"Organon Pro - Espa\u00f1a","publisher":{"@id":"https:\/\/organonpro.com\/es-es\/#organization"},"potentialAction":[{"@type":"SearchAction","target":{"@type":"EntryPoint","urlTemplate":"https:\/\/organonpro.com\/es-es\/?s={search_term_string}"},"query-input":{"@type":"PropertyValueSpecification","valueRequired":true,"valueName":"search_term_string"}}],"inLanguage":"en-US"},{"@type":"Organization","@id":"https:\/\/organonpro.com\/es-es\/#organization","name":"Organon Pro - Espa\u00f1a","url":"https:\/\/organonpro.com\/es-es\/","logo":{"@type":"ImageObject","inLanguage":"en-US","@id":"https:\/\/organonpro.com\/es-es\/#\/schema\/logo\/image\/","url":"https:\/\/organonpro.com\/es-es\/wp-content\/uploads\/sites\/11\/2023\/08\/organon-pro-1.webp","contentUrl":"https:\/\/organonpro.com\/es-es\/wp-content\/uploads\/sites\/11\/2023\/08\/organon-pro-1.webp","width":2269,"height":243,"caption":"Organon Pro - Espa\u00f1a"},"image":{"@id":"https:\/\/organonpro.com\/es-es\/#\/schema\/logo\/image\/"},"sameAs":["https:\/\/www.facebook.com\/OrganonandCo","https:\/\/x.com\/OrganonLLC"]}]}},"jetpack_sharing_enabled":true,"_links":{"self":[{"href":"https:\/\/organonpro.com\/es-es\/wp-json\/wp\/v2\/product\/25364","targetHints":{"allow":["GET"]}}],"collection":[{"href":"https:\/\/organonpro.com\/es-es\/wp-json\/wp\/v2\/product"}],"about":[{"href":"https:\/\/organonpro.com\/es-es\/wp-json\/wp\/v2\/types\/product"}],"author":[{"embeddable":true,"href":"https:\/\/organonpro.com\/es-es\/wp-json\/wp\/v2\/users\/118"}],"replies":[{"embeddable":true,"href":"https:\/\/organonpro.com\/es-es\/wp-json\/wp\/v2\/comments?post=25364"}],"version-history":[{"count":64,"href":"https:\/\/organonpro.com\/es-es\/wp-json\/wp\/v2\/product\/25364\/revisions"}],"predecessor-version":[{"id":26091,"href":"https:\/\/organonpro.com\/es-es\/wp-json\/wp\/v2\/product\/25364\/revisions\/26091"}],"up":[{"embeddable":true,"href":"https:\/\/organonpro.com\/es-es\/wp-json\/wp\/v2\/product\/26005"}],"wp:attachment":[{"href":"https:\/\/organonpro.com\/es-es\/wp-json\/wp\/v2\/media?parent=25364"}],"wp:term":[{"taxonomy":"post_tag","embeddable":true,"href":"https:\/\/organonpro.com\/es-es\/wp-json\/wp\/v2\/tags?post=25364"},{"taxonomy":"customer_type","embeddable":true,"href":"https:\/\/organonpro.com\/es-es\/wp-json\/wp\/v2\/customer_type?post=25364"},{"taxonomy":"product_categories","embeddable":true,"href":"https:\/\/organonpro.com\/es-es\/wp-json\/wp\/v2\/product_categories?post=25364"},{"taxonomy":"product_specialization","embeddable":true,"href":"https:\/\/organonpro.com\/es-es\/wp-json\/wp\/v2\/product_specialization?post=25364"}],"curies":[{"name":"wp","href":"https:\/\/api.w.org\/{rel}","templated":true}]}}