{"id":26516,"date":"2025-04-07T14:45:47","date_gmt":"2025-04-07T14:45:47","guid":{"rendered":""},"modified":"2025-09-18T15:36:33","modified_gmt":"2025-09-18T15:36:33","slug":"curso-formacion-implante","status":"publish","type":"page","link":"https:\/\/organonpro.com\/es-es\/curso-formacion-implante\/","title":{"rendered":"Curso formaci\u00f3n Implante"},"content":{"rendered":"\n<section class=\"wp-block-orc2-hero-banner  hero-banner-section-850ce5ff-60f9-4fa3-b453-6d395cb083fe hero-section\" style=\"background-color:#ebfbff\"><style>.hero-banner-section-850ce5ff-60f9-4fa3-b453-6d395cb083fe{margin-top:0rem; margin-bottom:0rem;} @media screen and (min-width: 320px) and (max-width: 759px) {.hero-banner-section-850ce5ff-60f9-4fa3-b453-6d395cb083fe{margin-top:0rem; margin-bottom:0rem;}}<\/style><div class=\"container\"><div class=\"row\"><div class=\"col-lg-4 col-md-5 col-sm-9 hero-text has-content\"><h1 class=\"hero-title-text\"><strong>Accede al\u00a0curso de formaci\u00f3n del implante anticonceptivo<\/strong><\/h1><p class=\"hero-title-text\">Accede a tu cuenta o cr\u00e9ala <strong>gratis<\/strong> si a\u00fan no la tienes para consultar los\u00a0<strong>recursos formativos online<\/strong> y <strong>solicitar una sesi\u00f3n pr\u00e1ctica<\/strong>.<\/p><div class=\"action-panel  \"><div class=\"hero-buttonsChipsSection \"><a class=\"btn btn-theme \" href=\"https:\/\/organonpro.com\/es-es\/member-option\/?screenToRender=traditionalRegistration\" rel=\"noopener noreferrer\" target=\"_blank \">Crear cuenta<\/a><a class=\"btn btn-outline\" href=\"https:\/\/organonpro.com\/es-es\/curso-formacion-implanon\/?login=1\" rel=\"noopener noreferrer\" target=\"_self\">Acceder<\/a><\/div><\/div><div class=\"feature-chips hero-buttonsChipsSection11 addMoreHideClass\"><\/div><\/div><\/div><\/div><div class=\"hero-img hide-on-mobile  \"><div><div><img decoding=\"async\" src=\"https:\/\/organonpro.com\/es-es\/wp-content\/uploads\/sites\/11\/2025\/06\/herobaner-ctp.png?w=653\" alt=\"hero\" loading=\"lazy\"\/><\/div><\/div><\/div><\/section>\n\n\n\n<div style=\"height:60px\" aria-hidden=\"true\" class=\"wp-block-spacer\"><\/div>\n\n\n\n<style>\n    .product-header {\n        display: none;\n    }\n\n    .hero-section {\n        min-height: 0 !important;\n        padding: 0 !important;\n    }\n\n    .hero-section .hero-img {\n        top: initial !important;\n        height: unset !important;\n    }\n\n    h1 {\n        font-size: 3rem !important;\n        line-height: 3rem !important;\n    }\n<\/style>\n\n\n\n<style>\n    .feature-box {\n        text-align: left;\n        padding: 20px;\n    }\n\n    .feature-box p {\n        margin: 0;\n    }\n\n    @media (max-width: 768px) {\n        .feature-box {\n            flex-direction: column;\n            text-align: center;\n            align-items: center;\n        }\n    }\n<\/style>\n\n<div class=\"container text-center my-4\">\n    <h2 class=\"fw-bold\">\u00bfPor qu\u00e9 elegir Organon Pro?<\/h2>\n    <div class=\"row row-cols-1 row-cols-md-5 g-3 mt-3\">\n        <div class=\"col\">\n            <div class=\"feature-box\">\n                <img decoding=\"async\" src=\"https:\/\/organonpro.com\/es-es\/wp-content\/uploads\/sites\/11\/2025\/02\/icon_PS.png\" alt=\"Icono 1\">\n                <p><b>M\u00e1s de 40.000 profesionales<\/b> de la salud ya se forman en Organon Pro<\/p>\n            <\/div>\n        <\/div>\n        <div class=\"col\">\n            <div class=\"feature-box\">\n                <img decoding=\"async\" src=\"https:\/\/organonpro.com\/es-es\/wp-content\/uploads\/sites\/11\/2025\/02\/icon_Gratuita.png\" alt=\"Icono 2\">\n                <p><b>Acceso gratuito e ilimitado<\/b> a todos los recursos<\/p>\n            <\/div>\n        <\/div>\n        <div class=\"col\">\n            <div class=\"feature-box\">\n                <img decoding=\"async\" src=\"https:\/\/organonpro.com\/es-es\/wp-content\/uploads\/sites\/11\/2025\/02\/icon_Flexible.png\" alt=\"Icono 3\">\n                <p><b>Online y flexible,<\/b><br> adaptado a tu ritmo<\/p>\n            <\/div>\n        <\/div>\n        <div class=\"col\">\n            <div class=\"feature-box\">\n                <img decoding=\"async\" src=\"https:\/\/organonpro.com\/es-es\/wp-content\/uploads\/sites\/11\/2025\/02\/icon_recursos.png\" alt=\"Icono 4\">\n                <p>Recursos pr\u00e1cticos e <b>informaci\u00f3n actualizada<\/b><\/p>\n            <\/div>\n        <\/div>\n        <div class=\"col\">\n            <div class=\"feature-box\">\n                <img decoding=\"async\" src=\"https:\/\/organonpro.com\/es-es\/wp-content\/uploads\/sites\/11\/2025\/02\/icon_respaldados.png\" alt=\"Icono 5\">\n                <p><b>Contenidos<\/b> dise\u00f1ados por expertos y <b>respaldados por sociedades m\u00e9dicas<\/b><\/p>\n            <\/div>\n        <\/div>\n    <\/div>\n<\/div>\n","protected":false},"excerpt":{"rendered":"<p>\u00bfPor qu\u00e9 elegir Organon Pro? M\u00e1s de 40.000 profesionales de la salud ya se forman en Organon Pro Acceso gratuito e ilimitado a todos los recursos Online y flexible, adaptado a tu ritmo Recursos pr\u00e1cticos e informaci\u00f3n actualizada Contenidos dise\u00f1ados por expertos y respaldados por sociedades m\u00e9dicas<\/p>\n","protected":false},"author":118,"featured_media":0,"parent":0,"menu_order":0,"comment_status":"closed","ping_status":"closed","template":"templates\/boxed-layout.php","meta":{"_acf_changed":false,"footnotes":""},"class_list":["post-26516","page","type-page","status-publish","hentry"],"acf":[],"yoast_head":"<!-- This site is optimized with the Yoast SEO Premium plugin v20.11 (Yoast SEO v26.6) - https:\/\/yoast.com\/wordpress\/plugins\/seo\/ -->\n<title>Formaci\u00f3n en implante anticonceptivo - Organon Pro - Espa\u00f1a<\/title>\n<meta name=\"description\" content=\"Aprende a insertar y extraer el implante anticonceptivo con esta formaci\u00f3n, que incluye recursos online y un taller pr\u00e1ctico.\" \/>\n<meta name=\"robots\" content=\"noindex, nofollow\" \/>\n<meta property=\"og:locale\" content=\"en_US\" \/>\n<meta property=\"og:type\" content=\"article\" \/>\n<meta property=\"og:title\" content=\"Curso formaci\u00f3n Implante\" \/>\n<meta property=\"og:description\" content=\"Aprende a insertar y extraer el implante anticonceptivo con esta formaci\u00f3n, que incluye recursos online y un taller pr\u00e1ctico.\" \/>\n<meta property=\"og:url\" content=\"https:\/\/organonpro.com\/es-es\/curso-formacion-implante\/\" \/>\n<meta property=\"og:site_name\" content=\"Organon Pro - Espa\u00f1a\" \/>\n<meta property=\"article:publisher\" content=\"https:\/\/www.facebook.com\/OrganonandCo\" \/>\n<meta property=\"article:modified_time\" content=\"2025-09-18T15:36:33+00:00\" \/>\n<meta property=\"og:image\" content=\"https:\/\/organonpro.com\/es-es\/wp-content\/uploads\/sites\/11\/2025\/06\/herobaner-ctp.png?w=653\" \/>\n<meta name=\"twitter:card\" content=\"summary_large_image\" \/>\n<meta name=\"twitter:site\" content=\"@OrganonLLC\" \/>\n<meta name=\"twitter:label1\" content=\"Est. reading time\" \/>\n\t<meta name=\"twitter:data1\" content=\"2 minutes\" \/>\n<script type=\"application\/ld+json\" class=\"yoast-schema-graph\">{\"@context\":\"https:\/\/schema.org\",\"@graph\":[{\"@type\":\"WebPage\",\"@id\":\"https:\/\/organonpro.com\/es-es\/curso-formacion-implante\/\",\"url\":\"https:\/\/organonpro.com\/es-es\/curso-formacion-implante\/\",\"name\":\"Formaci\u00f3n en implante anticonceptivo - Organon Pro - Espa\u00f1a\",\"isPartOf\":{\"@id\":\"https:\/\/organonpro.com\/es-es\/#website\"},\"primaryImageOfPage\":{\"@id\":\"https:\/\/organonpro.com\/es-es\/curso-formacion-implante\/#primaryimage\"},\"image\":{\"@id\":\"https:\/\/organonpro.com\/es-es\/curso-formacion-implante\/#primaryimage\"},\"thumbnailUrl\":\"https:\/\/organonpro.com\/es-es\/wp-content\/uploads\/sites\/11\/2025\/06\/herobaner-ctp.png?w=653\",\"datePublished\":\"2025-04-07T14:45:47+00:00\",\"dateModified\":\"2025-09-18T15:36:33+00:00\",\"description\":\"Aprende a insertar y extraer el implante anticonceptivo con esta formaci\u00f3n, que incluye recursos online y un taller pr\u00e1ctico.\",\"breadcrumb\":{\"@id\":\"https:\/\/organonpro.com\/es-es\/curso-formacion-implante\/#breadcrumb\"},\"inLanguage\":\"en-US\",\"potentialAction\":[{\"@type\":\"ReadAction\",\"target\":[\"https:\/\/organonpro.com\/es-es\/curso-formacion-implante\/\"]}]},{\"@type\":\"ImageObject\",\"inLanguage\":\"en-US\",\"@id\":\"https:\/\/organonpro.com\/es-es\/curso-formacion-implante\/#primaryimage\",\"url\":\"https:\/\/organonpro.com\/es-es\/wp-content\/uploads\/sites\/11\/2025\/06\/herobaner-ctp.png\",\"contentUrl\":\"https:\/\/organonpro.com\/es-es\/wp-content\/uploads\/sites\/11\/2025\/06\/herobaner-ctp.png\",\"width\":653,\"height\":400,\"caption\":\"curso de formaci\u00f3n del implante anticonceptivo\"},{\"@type\":\"BreadcrumbList\",\"@id\":\"https:\/\/organonpro.com\/es-es\/curso-formacion-implante\/#breadcrumb\",\"itemListElement\":[{\"@type\":\"ListItem\",\"position\":1,\"name\":\"Home\",\"item\":\"https:\/\/organonpro.com\/es-es\/\"},{\"@type\":\"ListItem\",\"position\":2,\"name\":\"Curso formaci\u00f3n Implante\"}]},{\"@type\":\"WebSite\",\"@id\":\"https:\/\/organonpro.com\/es-es\/#website\",\"url\":\"https:\/\/organonpro.com\/es-es\/\",\"name\":\"Organon Pro - Espa\u00f1a\",\"description\":\"Organon Pro - Espa\u00f1a\",\"publisher\":{\"@id\":\"https:\/\/organonpro.com\/es-es\/#organization\"},\"potentialAction\":[{\"@type\":\"SearchAction\",\"target\":{\"@type\":\"EntryPoint\",\"urlTemplate\":\"https:\/\/organonpro.com\/es-es\/?s={search_term_string}\"},\"query-input\":{\"@type\":\"PropertyValueSpecification\",\"valueRequired\":true,\"valueName\":\"search_term_string\"}}],\"inLanguage\":\"en-US\"},{\"@type\":\"Organization\",\"@id\":\"https:\/\/organonpro.com\/es-es\/#organization\",\"name\":\"Organon Pro - Espa\u00f1a\",\"url\":\"https:\/\/organonpro.com\/es-es\/\",\"logo\":{\"@type\":\"ImageObject\",\"inLanguage\":\"en-US\",\"@id\":\"https:\/\/organonpro.com\/es-es\/#\/schema\/logo\/image\/\",\"url\":\"https:\/\/organonpro.com\/es-es\/wp-content\/uploads\/sites\/11\/2023\/08\/organon-pro-1.webp\",\"contentUrl\":\"https:\/\/organonpro.com\/es-es\/wp-content\/uploads\/sites\/11\/2023\/08\/organon-pro-1.webp\",\"width\":2269,\"height\":243,\"caption\":\"Organon Pro - Espa\u00f1a\"},\"image\":{\"@id\":\"https:\/\/organonpro.com\/es-es\/#\/schema\/logo\/image\/\"},\"sameAs\":[\"https:\/\/www.facebook.com\/OrganonandCo\",\"https:\/\/x.com\/OrganonLLC\"]}]}<\/script>\n<!-- \/ Yoast SEO Premium plugin. -->","yoast_head_json":{"title":"Formaci\u00f3n en implante anticonceptivo - Organon Pro - Espa\u00f1a","description":"Aprende a insertar y extraer el implante anticonceptivo con esta formaci\u00f3n, que incluye recursos online y un taller pr\u00e1ctico.","robots":{"index":"noindex","follow":"nofollow"},"og_locale":"en_US","og_type":"article","og_title":"Curso formaci\u00f3n Implante","og_description":"Aprende a insertar y extraer el implante anticonceptivo con esta formaci\u00f3n, que incluye recursos online y un taller pr\u00e1ctico.","og_url":"https:\/\/organonpro.com\/es-es\/curso-formacion-implante\/","og_site_name":"Organon Pro - Espa\u00f1a","article_publisher":"https:\/\/www.facebook.com\/OrganonandCo","article_modified_time":"2025-09-18T15:36:33+00:00","og_image":[{"url":"https:\/\/organonpro.com\/es-es\/wp-content\/uploads\/sites\/11\/2025\/06\/herobaner-ctp.png?w=653","type":"","width":"","height":""}],"twitter_card":"summary_large_image","twitter_site":"@OrganonLLC","twitter_misc":{"Est. reading time":"2 minutes"},"schema":{"@context":"https:\/\/schema.org","@graph":[{"@type":"WebPage","@id":"https:\/\/organonpro.com\/es-es\/curso-formacion-implante\/","url":"https:\/\/organonpro.com\/es-es\/curso-formacion-implante\/","name":"Formaci\u00f3n en implante anticonceptivo - Organon Pro - Espa\u00f1a","isPartOf":{"@id":"https:\/\/organonpro.com\/es-es\/#website"},"primaryImageOfPage":{"@id":"https:\/\/organonpro.com\/es-es\/curso-formacion-implante\/#primaryimage"},"image":{"@id":"https:\/\/organonpro.com\/es-es\/curso-formacion-implante\/#primaryimage"},"thumbnailUrl":"https:\/\/organonpro.com\/es-es\/wp-content\/uploads\/sites\/11\/2025\/06\/herobaner-ctp.png?w=653","datePublished":"2025-04-07T14:45:47+00:00","dateModified":"2025-09-18T15:36:33+00:00","description":"Aprende a insertar y extraer el implante anticonceptivo con esta formaci\u00f3n, que incluye recursos online y un taller pr\u00e1ctico.","breadcrumb":{"@id":"https:\/\/organonpro.com\/es-es\/curso-formacion-implante\/#breadcrumb"},"inLanguage":"en-US","potentialAction":[{"@type":"ReadAction","target":["https:\/\/organonpro.com\/es-es\/curso-formacion-implante\/"]}]},{"@type":"ImageObject","inLanguage":"en-US","@id":"https:\/\/organonpro.com\/es-es\/curso-formacion-implante\/#primaryimage","url":"https:\/\/organonpro.com\/es-es\/wp-content\/uploads\/sites\/11\/2025\/06\/herobaner-ctp.png","contentUrl":"https:\/\/organonpro.com\/es-es\/wp-content\/uploads\/sites\/11\/2025\/06\/herobaner-ctp.png","width":653,"height":400,"caption":"curso de formaci\u00f3n del implante anticonceptivo"},{"@type":"BreadcrumbList","@id":"https:\/\/organonpro.com\/es-es\/curso-formacion-implante\/#breadcrumb","itemListElement":[{"@type":"ListItem","position":1,"name":"Home","item":"https:\/\/organonpro.com\/es-es\/"},{"@type":"ListItem","position":2,"name":"Curso formaci\u00f3n Implante"}]},{"@type":"WebSite","@id":"https:\/\/organonpro.com\/es-es\/#website","url":"https:\/\/organonpro.com\/es-es\/","name":"Organon Pro - Espa\u00f1a","description":"Organon Pro - Espa\u00f1a","publisher":{"@id":"https:\/\/organonpro.com\/es-es\/#organization"},"potentialAction":[{"@type":"SearchAction","target":{"@type":"EntryPoint","urlTemplate":"https:\/\/organonpro.com\/es-es\/?s={search_term_string}"},"query-input":{"@type":"PropertyValueSpecification","valueRequired":true,"valueName":"search_term_string"}}],"inLanguage":"en-US"},{"@type":"Organization","@id":"https:\/\/organonpro.com\/es-es\/#organization","name":"Organon Pro - Espa\u00f1a","url":"https:\/\/organonpro.com\/es-es\/","logo":{"@type":"ImageObject","inLanguage":"en-US","@id":"https:\/\/organonpro.com\/es-es\/#\/schema\/logo\/image\/","url":"https:\/\/organonpro.com\/es-es\/wp-content\/uploads\/sites\/11\/2023\/08\/organon-pro-1.webp","contentUrl":"https:\/\/organonpro.com\/es-es\/wp-content\/uploads\/sites\/11\/2023\/08\/organon-pro-1.webp","width":2269,"height":243,"caption":"Organon Pro - Espa\u00f1a"},"image":{"@id":"https:\/\/organonpro.com\/es-es\/#\/schema\/logo\/image\/"},"sameAs":["https:\/\/www.facebook.com\/OrganonandCo","https:\/\/x.com\/OrganonLLC"]}]}},"jetpack_sharing_enabled":true,"_links":{"self":[{"href":"https:\/\/organonpro.com\/es-es\/wp-json\/wp\/v2\/pages\/26516","targetHints":{"allow":["GET"]}}],"collection":[{"href":"https:\/\/organonpro.com\/es-es\/wp-json\/wp\/v2\/pages"}],"about":[{"href":"https:\/\/organonpro.com\/es-es\/wp-json\/wp\/v2\/types\/page"}],"author":[{"embeddable":true,"href":"https:\/\/organonpro.com\/es-es\/wp-json\/wp\/v2\/users\/118"}],"replies":[{"embeddable":true,"href":"https:\/\/organonpro.com\/es-es\/wp-json\/wp\/v2\/comments?post=26516"}],"version-history":[{"count":49,"href":"https:\/\/organonpro.com\/es-es\/wp-json\/wp\/v2\/pages\/26516\/revisions"}],"predecessor-version":[{"id":36184,"href":"https:\/\/organonpro.com\/es-es\/wp-json\/wp\/v2\/pages\/26516\/revisions\/36184"}],"wp:attachment":[{"href":"https:\/\/organonpro.com\/es-es\/wp-json\/wp\/v2\/media?parent=26516"}],"curies":[{"name":"wp","href":"https:\/\/api.w.org\/{rel}","templated":true}]}}