{"id":2510,"date":"2022-08-05T07:38:11","date_gmt":"2022-08-05T07:38:11","guid":{"rendered":"https:\/\/organonpro.com\/es-es\/?page_id=2510"},"modified":"2026-03-04T16:10:22","modified_gmt":"2026-03-04T16:10:22","slug":"mas-contenido","status":"publish","type":"page","link":"https:\/\/organonpro.com\/es-es\/mas-contenido\/","title":{"rendered":"Gu\u00edas y casos cl\u00ednicos"},"content":{"rendered":"<div data-show_search=\"1\" data-search_placeholder=\"Buscar gu\u00edas y casos cl\u00ednicos\" data-show_sorting=\"1\" data-sorting_label=\"Ordenar por\" data-view_all_label=\"Ver todo\" data-featured_label=\"Fecha\" data-show_filter=\"true\" data-apply_filter_button_label=\"Aplicar filtros\" data-add_filter_section_heading=\"Filtrar por:\" data-apply_filter_global_button_label=\"Aplicar filtros\" data-apply_filter_global_mobile_button_label=\"Filtros\" data-clear_filter_button_label=\"Limpiar filtros\" data-post_type=\"article\" data-show_image=\"1\" data-show_article_title=\"1\" data-show_date=\"1\" data-show_post_description=\"1\" data-show_view_button=\"1\" data-view_button_text=\"Leer\" data-show-pageination=\"1\" data-show_more_label=\"Mostrar m\u00e1s\" data-showing_page_label=\"de\" data-search_formazione=\"Resultados de la b\u00fasqueda:\" data-search_formazione_description=\"\" data-search_formazione_link=\"Mostrar todas las gu\u00edas y casos cl\u00ednicos\" data-no_article_found=\"No hemos encontrado resultados para esta b\u00fasqueda. Prueba con otra palabra\" data-title=\"\" data-description=\"\" data-default_sorting=\"meta_value_num\" data-default_sorting_order=\"desc\" data-post_filter_by=\"all\" data-show_article_type=\"false\" data-show_time=\"false\" data-show_available_until=\"false\" data-available_until_text=\"Available Until\" data-show_category=\"false\" data-show_reading_time=\"false\" data-showpage-object-items-per-page=\"12\" data-acl_enable_advanced_settings=\"false\" data-acl_fill_the_image_box=\"false\" data-acl_hide_image_on_mobile=\"false\" data-acl_title_heading_tag=\"h1\" data-acl_card_title_heading_tag=\"h5\" data-acl_card_subtitle_heading_tag=\"h6\" data-acl_desktop_margin_top=\"0\" data-acl_desktop_margin_bottom=\"0\" data-acl_desktop_padding_top=\"\" data-acl_desktop_padding_bottom=\"\" data-acl_mobile_margin_top=\"0\" data-acl_mobile_margin_bottom=\"0\" data-acl_mobile_padding_top=\"\" data-acl_mobile_padding_bottom=\"\" data-uuid=\"false\" data-url=\"https:\/\/organonpro.com\/es-es\/wp-content\/themes\/organon-connect-master\" class=\"wp-block-orc2-advanced-article-card-listing-react\"><\/div>\n\n\n<style>\n.product-cards .card-image img {\n    -o-object-fit: cover;\n    object-fit: cover;\n}\n<\/style>\n","protected":false},"excerpt":{"rendered":"","protected":false},"author":8,"featured_media":0,"parent":0,"menu_order":0,"comment_status":"closed","ping_status":"closed","template":"templates\/content-only.php","meta":{"_acf_changed":false,"footnotes":""},"class_list":["post-2510","page","type-page","status-publish","hentry"],"acf":[],"yoast_head":"<!-- This site is optimized with the Yoast SEO Premium plugin v20.11 (Yoast SEO v26.6) - https:\/\/yoast.com\/wordpress\/plugins\/seo\/ -->\n<title>Gu\u00edas y casos cl\u00ednicos online - Organon Pro - Espa\u00f1a<\/title>\n<meta name=\"description\" content=\"Resuelve casos cl\u00ednicos online para medicina y descarga gu\u00edas pr\u00e1cticas. Optimiza tu trabajo en consulta e informa a tus pacientes.\" \/>\n<meta name=\"robots\" content=\"noindex, follow\" \/>\n<meta property=\"og:locale\" content=\"en_US\" \/>\n<meta property=\"og:type\" content=\"article\" \/>\n<meta property=\"og:title\" content=\"Gu\u00edas y casos cl\u00ednicos\" \/>\n<meta property=\"og:description\" content=\"Resuelve casos cl\u00ednicos online para medicina y descarga gu\u00edas pr\u00e1cticas. Optimiza tu trabajo en consulta e informa a tus pacientes.\" \/>\n<meta property=\"og:url\" content=\"https:\/\/organonpro.com\/es-es\/mas-contenido\/\" \/>\n<meta property=\"og:site_name\" content=\"Organon Pro - Espa\u00f1a\" \/>\n<meta property=\"article:publisher\" content=\"https:\/\/www.facebook.com\/OrganonandCo\" \/>\n<meta property=\"article:modified_time\" content=\"2026-03-04T16:10:22+00:00\" \/>\n<meta property=\"og:image\" content=\"https:\/\/organonpro.com\/es-es\/wp-content\/uploads\/sites\/11\/2022\/12\/organon-pro-og-img.png\" \/>\n\t<meta property=\"og:image:width\" content=\"1200\" \/>\n\t<meta property=\"og:image:height\" content=\"630\" \/>\n\t<meta property=\"og:image:type\" content=\"image\/png\" \/>\n<meta name=\"twitter:card\" content=\"summary_large_image\" \/>\n<meta name=\"twitter:site\" content=\"@OrganonLLC\" \/>\n<script type=\"application\/ld+json\" class=\"yoast-schema-graph\">{\"@context\":\"https:\/\/schema.org\",\"@graph\":[{\"@type\":\"WebPage\",\"@id\":\"https:\/\/organonpro.com\/es-es\/mas-contenido\/\",\"url\":\"https:\/\/organonpro.com\/es-es\/mas-contenido\/\",\"name\":\"Gu\u00edas y casos cl\u00ednicos online - Organon Pro - Espa\u00f1a\",\"isPartOf\":{\"@id\":\"https:\/\/organonpro.com\/es-es\/#website\"},\"datePublished\":\"2022-08-05T07:38:11+00:00\",\"dateModified\":\"2026-03-04T16:10:22+00:00\",\"description\":\"Resuelve casos cl\u00ednicos online para medicina y descarga gu\u00edas pr\u00e1cticas. Optimiza tu trabajo en consulta e informa a tus pacientes.\",\"breadcrumb\":{\"@id\":\"https:\/\/organonpro.com\/es-es\/mas-contenido\/#breadcrumb\"},\"inLanguage\":\"en-US\",\"potentialAction\":[{\"@type\":\"ReadAction\",\"target\":[\"https:\/\/organonpro.com\/es-es\/mas-contenido\/\"]}]},{\"@type\":\"BreadcrumbList\",\"@id\":\"https:\/\/organonpro.com\/es-es\/mas-contenido\/#breadcrumb\",\"itemListElement\":[{\"@type\":\"ListItem\",\"position\":1,\"name\":\"Home\",\"item\":\"https:\/\/organonpro.com\/es-es\/\"},{\"@type\":\"ListItem\",\"position\":2,\"name\":\"Gu\u00edas y casos cl\u00ednicos\"}]},{\"@type\":\"WebSite\",\"@id\":\"https:\/\/organonpro.com\/es-es\/#website\",\"url\":\"https:\/\/organonpro.com\/es-es\/\",\"name\":\"Organon Pro - Espa\u00f1a\",\"description\":\"Organon Pro - Espa\u00f1a\",\"publisher\":{\"@id\":\"https:\/\/organonpro.com\/es-es\/#organization\"},\"potentialAction\":[{\"@type\":\"SearchAction\",\"target\":{\"@type\":\"EntryPoint\",\"urlTemplate\":\"https:\/\/organonpro.com\/es-es\/?s={search_term_string}\"},\"query-input\":{\"@type\":\"PropertyValueSpecification\",\"valueRequired\":true,\"valueName\":\"search_term_string\"}}],\"inLanguage\":\"en-US\"},{\"@type\":\"Organization\",\"@id\":\"https:\/\/organonpro.com\/es-es\/#organization\",\"name\":\"Organon Pro - Espa\u00f1a\",\"url\":\"https:\/\/organonpro.com\/es-es\/\",\"logo\":{\"@type\":\"ImageObject\",\"inLanguage\":\"en-US\",\"@id\":\"https:\/\/organonpro.com\/es-es\/#\/schema\/logo\/image\/\",\"url\":\"https:\/\/organonpro.com\/es-es\/wp-content\/uploads\/sites\/11\/2023\/08\/organon-pro-1.webp\",\"contentUrl\":\"https:\/\/organonpro.com\/es-es\/wp-content\/uploads\/sites\/11\/2023\/08\/organon-pro-1.webp\",\"width\":2269,\"height\":243,\"caption\":\"Organon Pro - Espa\u00f1a\"},\"image\":{\"@id\":\"https:\/\/organonpro.com\/es-es\/#\/schema\/logo\/image\/\"},\"sameAs\":[\"https:\/\/www.facebook.com\/OrganonandCo\",\"https:\/\/x.com\/OrganonLLC\"]}]}<\/script>\n<!-- \/ Yoast SEO Premium plugin. -->","yoast_head_json":{"title":"Gu\u00edas y casos cl\u00ednicos online - Organon Pro - Espa\u00f1a","description":"Resuelve casos cl\u00ednicos online para medicina y descarga gu\u00edas pr\u00e1cticas. Optimiza tu trabajo en consulta e informa a tus pacientes.","robots":{"index":"noindex","follow":"follow"},"og_locale":"en_US","og_type":"article","og_title":"Gu\u00edas y casos cl\u00ednicos","og_description":"Resuelve casos cl\u00ednicos online para medicina y descarga gu\u00edas pr\u00e1cticas. Optimiza tu trabajo en consulta e informa a tus pacientes.","og_url":"https:\/\/organonpro.com\/es-es\/mas-contenido\/","og_site_name":"Organon Pro - Espa\u00f1a","article_publisher":"https:\/\/www.facebook.com\/OrganonandCo","article_modified_time":"2026-03-04T16:10:22+00:00","og_image":[{"width":1200,"height":630,"url":"https:\/\/organonpro.com\/es-es\/wp-content\/uploads\/sites\/11\/2022\/12\/organon-pro-og-img.png","type":"image\/png"}],"twitter_card":"summary_large_image","twitter_site":"@OrganonLLC","schema":{"@context":"https:\/\/schema.org","@graph":[{"@type":"WebPage","@id":"https:\/\/organonpro.com\/es-es\/mas-contenido\/","url":"https:\/\/organonpro.com\/es-es\/mas-contenido\/","name":"Gu\u00edas y casos cl\u00ednicos online - Organon Pro - Espa\u00f1a","isPartOf":{"@id":"https:\/\/organonpro.com\/es-es\/#website"},"datePublished":"2022-08-05T07:38:11+00:00","dateModified":"2026-03-04T16:10:22+00:00","description":"Resuelve casos cl\u00ednicos online para medicina y descarga gu\u00edas pr\u00e1cticas. Optimiza tu trabajo en consulta e informa a tus pacientes.","breadcrumb":{"@id":"https:\/\/organonpro.com\/es-es\/mas-contenido\/#breadcrumb"},"inLanguage":"en-US","potentialAction":[{"@type":"ReadAction","target":["https:\/\/organonpro.com\/es-es\/mas-contenido\/"]}]},{"@type":"BreadcrumbList","@id":"https:\/\/organonpro.com\/es-es\/mas-contenido\/#breadcrumb","itemListElement":[{"@type":"ListItem","position":1,"name":"Home","item":"https:\/\/organonpro.com\/es-es\/"},{"@type":"ListItem","position":2,"name":"Gu\u00edas y casos cl\u00ednicos"}]},{"@type":"WebSite","@id":"https:\/\/organonpro.com\/es-es\/#website","url":"https:\/\/organonpro.com\/es-es\/","name":"Organon Pro - Espa\u00f1a","description":"Organon Pro - Espa\u00f1a","publisher":{"@id":"https:\/\/organonpro.com\/es-es\/#organization"},"potentialAction":[{"@type":"SearchAction","target":{"@type":"EntryPoint","urlTemplate":"https:\/\/organonpro.com\/es-es\/?s={search_term_string}"},"query-input":{"@type":"PropertyValueSpecification","valueRequired":true,"valueName":"search_term_string"}}],"inLanguage":"en-US"},{"@type":"Organization","@id":"https:\/\/organonpro.com\/es-es\/#organization","name":"Organon Pro - Espa\u00f1a","url":"https:\/\/organonpro.com\/es-es\/","logo":{"@type":"ImageObject","inLanguage":"en-US","@id":"https:\/\/organonpro.com\/es-es\/#\/schema\/logo\/image\/","url":"https:\/\/organonpro.com\/es-es\/wp-content\/uploads\/sites\/11\/2023\/08\/organon-pro-1.webp","contentUrl":"https:\/\/organonpro.com\/es-es\/wp-content\/uploads\/sites\/11\/2023\/08\/organon-pro-1.webp","width":2269,"height":243,"caption":"Organon Pro - Espa\u00f1a"},"image":{"@id":"https:\/\/organonpro.com\/es-es\/#\/schema\/logo\/image\/"},"sameAs":["https:\/\/www.facebook.com\/OrganonandCo","https:\/\/x.com\/OrganonLLC"]}]}},"jetpack_sharing_enabled":true,"_links":{"self":[{"href":"https:\/\/organonpro.com\/es-es\/wp-json\/wp\/v2\/pages\/2510","targetHints":{"allow":["GET"]}}],"collection":[{"href":"https:\/\/organonpro.com\/es-es\/wp-json\/wp\/v2\/pages"}],"about":[{"href":"https:\/\/organonpro.com\/es-es\/wp-json\/wp\/v2\/types\/page"}],"author":[{"embeddable":true,"href":"https:\/\/organonpro.com\/es-es\/wp-json\/wp\/v2\/users\/8"}],"replies":[{"embeddable":true,"href":"https:\/\/organonpro.com\/es-es\/wp-json\/wp\/v2\/comments?post=2510"}],"version-history":[{"count":44,"href":"https:\/\/organonpro.com\/es-es\/wp-json\/wp\/v2\/pages\/2510\/revisions"}],"predecessor-version":[{"id":39247,"href":"https:\/\/organonpro.com\/es-es\/wp-json\/wp\/v2\/pages\/2510\/revisions\/39247"}],"wp:attachment":[{"href":"https:\/\/organonpro.com\/es-es\/wp-json\/wp\/v2\/media?parent=2510"}],"curies":[{"name":"wp","href":"https:\/\/api.w.org\/{rel}","templated":true}]}}