{"id":24929,"date":"2025-01-27T12:20:11","date_gmt":"2025-01-27T12:20:11","guid":{"rendered":"https:\/\/organonpro.com\/es-es\/?page_id=24929"},"modified":"2025-03-24T11:57:44","modified_gmt":"2025-03-24T11:57:44","slug":"pagina-404","status":"publish","type":"page","link":"https:\/\/organonpro.com\/es-es\/pagina-404\/","title":{"rendered":"P\u00e1gina 404"},"content":{"rendered":"<div class=\"wp-block-image\">\n<figure class=\"aligncenter size-full\"><img loading=\"lazy\" decoding=\"async\" width=\"984\" height=\"560\" src=\"https:\/\/organonpro.com\/es-es\/wp-content\/uploads\/sites\/11\/2025\/01\/IMG_404_error.png\" alt=\"Error 404\" class=\"wp-image-24930\" srcset=\"https:\/\/organonpro.com\/es-es\/wp-content\/uploads\/sites\/11\/2025\/01\/IMG_404_error.png 984w, https:\/\/organonpro.com\/es-es\/wp-content\/uploads\/sites\/11\/2025\/01\/IMG_404_error.png?resize=300,171 300w, https:\/\/organonpro.com\/es-es\/wp-content\/uploads\/sites\/11\/2025\/01\/IMG_404_error.png?resize=768,437 768w, https:\/\/organonpro.com\/es-es\/wp-content\/uploads\/sites\/11\/2025\/01\/IMG_404_error.png?resize=221,126 221w, https:\/\/organonpro.com\/es-es\/wp-content\/uploads\/sites\/11\/2025\/01\/IMG_404_error.png?resize=800,455 800w, https:\/\/organonpro.com\/es-es\/wp-content\/uploads\/sites\/11\/2025\/01\/IMG_404_error.png?resize=400,228 400w, https:\/\/organonpro.com\/es-es\/wp-content\/uploads\/sites\/11\/2025\/01\/IMG_404_error.png?resize=720,410 720w, https:\/\/organonpro.com\/es-es\/wp-content\/uploads\/sites\/11\/2025\/01\/IMG_404_error.png?resize=375,213 375w, https:\/\/organonpro.com\/es-es\/wp-content\/uploads\/sites\/11\/2025\/01\/IMG_404_error.png?resize=150,85 150w, https:\/\/organonpro.com\/es-es\/wp-content\/uploads\/sites\/11\/2025\/01\/IMG_404_error.png?resize=392,223 392w, https:\/\/organonpro.com\/es-es\/wp-content\/uploads\/sites\/11\/2025\/01\/IMG_404_error.png?resize=100,57 100w, https:\/\/organonpro.com\/es-es\/wp-content\/uploads\/sites\/11\/2025\/01\/IMG_404_error.png?resize=278,158 278w, https:\/\/organonpro.com\/es-es\/wp-content\/uploads\/sites\/11\/2025\/01\/IMG_404_error.png?resize=64,36 64w, https:\/\/organonpro.com\/es-es\/wp-content\/uploads\/sites\/11\/2025\/01\/IMG_404_error.png?resize=608,346 608w, https:\/\/organonpro.com\/es-es\/wp-content\/uploads\/sites\/11\/2025\/01\/IMG_404_error.png?resize=141,80 141w, https:\/\/organonpro.com\/es-es\/wp-content\/uploads\/sites\/11\/2025\/01\/IMG_404_error.png?resize=170,97 170w, https:\/\/organonpro.com\/es-es\/wp-content\/uploads\/sites\/11\/2025\/01\/IMG_404_error.png?resize=220,125 220w, https:\/\/organonpro.com\/es-es\/wp-content\/uploads\/sites\/11\/2025\/01\/IMG_404_error.png?resize=439,250 439w, https:\/\/organonpro.com\/es-es\/wp-content\/uploads\/sites\/11\/2025\/01\/IMG_404_error.png?resize=396,225 396w, https:\/\/organonpro.com\/es-es\/wp-content\/uploads\/sites\/11\/2025\/01\/IMG_404_error.png?resize=942,536 942w, https:\/\/organonpro.com\/es-es\/wp-content\/uploads\/sites\/11\/2025\/01\/IMG_404_error.png?resize=351,200 351w\" sizes=\"auto, (max-width: 984px) 100vw, 984px\" \/><\/figure><\/div>\n\n\n<div style=\"height:40px\" aria-hidden=\"true\" class=\"wp-block-spacer\"><\/div>\n\n\n\n<h1 class=\"wp-block-heading has-text-align-center has-large-font-size\"><strong>P\u00e1gina no encontrada<\/strong><\/h1>\n\n\n\n<p class=\"has-text-align-center has-medium-font-size\"><strong>Lo sentimos, la p\u00e1gina que buscas ya no est\u00e1 disponible, pero tu formaci\u00f3n te sigue esperando<\/strong><\/p>\n\n\n\n<p class=\"has-text-align-center has-medium-font-size\">Accede a los cursos, webinars y otros recursos formativos desde la p\u00e1gina de inicio<\/p>\n\n\n\n<div style=\"height:20px\" aria-hidden=\"true\" class=\"wp-block-spacer\"><\/div>\n\n\n\n<div class=\"wp-block-buttons is-content-justification-center is-layout-flex wp-container-core-buttons-is-layout-16018d1d wp-block-buttons-is-layout-flex\">\n<div class=\"wp-block-button\"><a class=\"wp-block-button__link wp-element-button\" href=\"https:\/\/organonpro.com\/es-es\/\">Ir a la p\u00e1gina de inicio<\/a><\/div>\n<\/div>\n\n\n\n<div style=\"height:20px\" aria-hidden=\"true\" class=\"wp-block-spacer\"><\/div>\n\n\n\n<div style=\"height:20px\" aria-hidden=\"true\" class=\"wp-block-spacer\"><\/div>\n\n\n\n<style>\n    .social-container {\n        display: flex;\n        justify-content: center;\n        align-items: center;\n        gap: 10px;\n    }\n\n    .icons {\n        display: flex;\n        align-items: center;\n        gap: 10px;\n\n    }\n\n    .social-container p {\n        margin: 0;\n    }\n\n\n    .icons a {\n        text-decoration: none;\n        color: inherit;\n    }\n\n    .icons img {\n        width: 40px;\n        height: 40px;\n    }\n\n    .centered {\n        display: flex;\n        justify-content: center;\n        align-items: center;\n        width: 100%;\n        padding: 20px 0;\n    }\n\n    .wp-block-separator {\n        border-top: 1px solid #f9f9f9;\n    }\n\n    .breadcrumb {\n        display: none;\n    }\n\n    .has-text-align-center.has-medium-font-size {\n       margin-bottom: 0.5rem;\n    }\n<\/style>\n<div class=\"centered\">\n    <div class=\"social-container\">\n        <p>S\u00edguenos:<\/p>\n        <div class=\"icons\">\n            <a href=\"https:\/\/www.linkedin.com\/company\/organonespana\" target=\"_blank\" rel=\"noopener\">\n                <img decoding=\"async\" src=\"https:\/\/organonpro.com\/es-es\/wp-content\/uploads\/sites\/11\/2024\/10\/icon-rrss-LK.png\"\n                    alt=\"LinkedIn\">\n            <\/a>\n            <a href=\"https:\/\/x.com\/OrganonEspana\" target=\"_blank\" rel=\"noopener\">\n                <img decoding=\"async\" src=\"https:\/\/organonpro.com\/es-es\/wp-content\/uploads\/sites\/11\/2024\/10\/icon-rrss-X.png\"\n                    alt=\"X (Twitter)\">\n            <\/a>\n        <\/div>\n    <\/div>\n<\/div>\n","protected":false},"excerpt":{"rendered":"<p>P\u00e1gina no encontrada Lo sentimos, la p\u00e1gina que buscas ya no est\u00e1 disponible, pero tu formaci\u00f3n te sigue esperando Accede a los cursos, webinars y otros recursos formativos desde la p\u00e1gina de inicio S\u00edguenos:<\/p>\n","protected":false},"author":118,"featured_media":0,"parent":0,"menu_order":0,"comment_status":"closed","ping_status":"closed","template":"","meta":{"_acf_changed":false,"footnotes":""},"class_list":["post-24929","page","type-page","status-publish","hentry"],"acf":[],"yoast_head":"<!-- This site is optimized with the Yoast SEO Premium plugin v20.11 (Yoast SEO v26.6) - https:\/\/yoast.com\/wordpress\/plugins\/seo\/ -->\n<title>P\u00e1gina 404 - Organon Pro<\/title>\n<meta name=\"robots\" content=\"noindex, follow\" \/>\n<meta property=\"og:locale\" content=\"en_US\" \/>\n<meta property=\"og:type\" content=\"article\" \/>\n<meta property=\"og:title\" content=\"P\u00e1gina 404\" \/>\n<meta property=\"og:description\" content=\"P\u00e1gina no encontrada Lo sentimos, la p\u00e1gina que buscas ya no est\u00e1 disponible, pero tu formaci\u00f3n te sigue esperando Accede a los cursos, webinars y otros recursos formativos desde la p\u00e1gina de inicio S\u00edguenos:\" \/>\n<meta property=\"og:url\" content=\"https:\/\/organonpro.com\/es-es\/pagina-404\/\" \/>\n<meta property=\"og:site_name\" content=\"Organon Pro - Espa\u00f1a\" \/>\n<meta property=\"article:publisher\" content=\"https:\/\/www.facebook.com\/OrganonandCo\" \/>\n<meta property=\"article:modified_time\" content=\"2025-03-24T11:57:44+00:00\" \/>\n<meta property=\"og:image\" content=\"https:\/\/organonpro.com\/es-es\/wp-content\/uploads\/sites\/11\/2025\/01\/IMG_404_error.png\" \/>\n\t<meta property=\"og:image:width\" content=\"984\" \/>\n\t<meta property=\"og:image:height\" content=\"560\" \/>\n\t<meta property=\"og:image:type\" content=\"image\/png\" \/>\n<meta name=\"twitter:card\" content=\"summary_large_image\" \/>\n<meta name=\"twitter:site\" content=\"@OrganonLLC\" \/>\n<meta name=\"twitter:label1\" content=\"Est. reading time\" \/>\n\t<meta name=\"twitter:data1\" content=\"1 minute\" \/>\n<script type=\"application\/ld+json\" class=\"yoast-schema-graph\">{\"@context\":\"https:\/\/schema.org\",\"@graph\":[{\"@type\":\"WebPage\",\"@id\":\"https:\/\/organonpro.com\/es-es\/pagina-404\/\",\"url\":\"https:\/\/organonpro.com\/es-es\/pagina-404\/\",\"name\":\"P\u00e1gina 404 - Organon Pro\",\"isPartOf\":{\"@id\":\"https:\/\/organonpro.com\/es-es\/#website\"},\"primaryImageOfPage\":{\"@id\":\"https:\/\/organonpro.com\/es-es\/pagina-404\/#primaryimage\"},\"image\":{\"@id\":\"https:\/\/organonpro.com\/es-es\/pagina-404\/#primaryimage\"},\"thumbnailUrl\":\"https:\/\/organonpro.com\/es-es\/wp-content\/uploads\/sites\/11\/2025\/01\/IMG_404_error.png\",\"datePublished\":\"2025-01-27T12:20:11+00:00\",\"dateModified\":\"2025-03-24T11:57:44+00:00\",\"breadcrumb\":{\"@id\":\"https:\/\/organonpro.com\/es-es\/pagina-404\/#breadcrumb\"},\"inLanguage\":\"en-US\",\"potentialAction\":[{\"@type\":\"ReadAction\",\"target\":[\"https:\/\/organonpro.com\/es-es\/pagina-404\/\"]}]},{\"@type\":\"ImageObject\",\"inLanguage\":\"en-US\",\"@id\":\"https:\/\/organonpro.com\/es-es\/pagina-404\/#primaryimage\",\"url\":\"https:\/\/organonpro.com\/es-es\/wp-content\/uploads\/sites\/11\/2025\/01\/IMG_404_error.png\",\"contentUrl\":\"https:\/\/organonpro.com\/es-es\/wp-content\/uploads\/sites\/11\/2025\/01\/IMG_404_error.png\",\"width\":984,\"height\":560,\"caption\":\"Error 404\"},{\"@type\":\"BreadcrumbList\",\"@id\":\"https:\/\/organonpro.com\/es-es\/pagina-404\/#breadcrumb\",\"itemListElement\":[{\"@type\":\"ListItem\",\"position\":1,\"name\":\"Home\",\"item\":\"https:\/\/organonpro.com\/es-es\/\"},{\"@type\":\"ListItem\",\"position\":2,\"name\":\"P\u00e1gina 404\"}]},{\"@type\":\"WebSite\",\"@id\":\"https:\/\/organonpro.com\/es-es\/#website\",\"url\":\"https:\/\/organonpro.com\/es-es\/\",\"name\":\"Organon Pro - Espa\u00f1a\",\"description\":\"Organon Pro - Espa\u00f1a\",\"publisher\":{\"@id\":\"https:\/\/organonpro.com\/es-es\/#organization\"},\"potentialAction\":[{\"@type\":\"SearchAction\",\"target\":{\"@type\":\"EntryPoint\",\"urlTemplate\":\"https:\/\/organonpro.com\/es-es\/?s={search_term_string}\"},\"query-input\":{\"@type\":\"PropertyValueSpecification\",\"valueRequired\":true,\"valueName\":\"search_term_string\"}}],\"inLanguage\":\"en-US\"},{\"@type\":\"Organization\",\"@id\":\"https:\/\/organonpro.com\/es-es\/#organization\",\"name\":\"Organon Pro - Espa\u00f1a\",\"url\":\"https:\/\/organonpro.com\/es-es\/\",\"logo\":{\"@type\":\"ImageObject\",\"inLanguage\":\"en-US\",\"@id\":\"https:\/\/organonpro.com\/es-es\/#\/schema\/logo\/image\/\",\"url\":\"https:\/\/organonpro.com\/es-es\/wp-content\/uploads\/sites\/11\/2023\/08\/organon-pro-1.webp\",\"contentUrl\":\"https:\/\/organonpro.com\/es-es\/wp-content\/uploads\/sites\/11\/2023\/08\/organon-pro-1.webp\",\"width\":2269,\"height\":243,\"caption\":\"Organon Pro - Espa\u00f1a\"},\"image\":{\"@id\":\"https:\/\/organonpro.com\/es-es\/#\/schema\/logo\/image\/\"},\"sameAs\":[\"https:\/\/www.facebook.com\/OrganonandCo\",\"https:\/\/x.com\/OrganonLLC\"]}]}<\/script>\n<!-- \/ Yoast SEO Premium plugin. -->","yoast_head_json":{"title":"P\u00e1gina 404 - Organon Pro","robots":{"index":"noindex","follow":"follow"},"og_locale":"en_US","og_type":"article","og_title":"P\u00e1gina 404","og_description":"P\u00e1gina no encontrada Lo sentimos, la p\u00e1gina que buscas ya no est\u00e1 disponible, pero tu formaci\u00f3n te sigue esperando Accede a los cursos, webinars y otros recursos formativos desde la p\u00e1gina de inicio S\u00edguenos:","og_url":"https:\/\/organonpro.com\/es-es\/pagina-404\/","og_site_name":"Organon Pro - Espa\u00f1a","article_publisher":"https:\/\/www.facebook.com\/OrganonandCo","article_modified_time":"2025-03-24T11:57:44+00:00","og_image":[{"width":984,"height":560,"url":"https:\/\/organonpro.com\/es-es\/wp-content\/uploads\/sites\/11\/2025\/01\/IMG_404_error.png","type":"image\/png"}],"twitter_card":"summary_large_image","twitter_site":"@OrganonLLC","twitter_misc":{"Est. reading time":"1 minute"},"schema":{"@context":"https:\/\/schema.org","@graph":[{"@type":"WebPage","@id":"https:\/\/organonpro.com\/es-es\/pagina-404\/","url":"https:\/\/organonpro.com\/es-es\/pagina-404\/","name":"P\u00e1gina 404 - Organon Pro","isPartOf":{"@id":"https:\/\/organonpro.com\/es-es\/#website"},"primaryImageOfPage":{"@id":"https:\/\/organonpro.com\/es-es\/pagina-404\/#primaryimage"},"image":{"@id":"https:\/\/organonpro.com\/es-es\/pagina-404\/#primaryimage"},"thumbnailUrl":"https:\/\/organonpro.com\/es-es\/wp-content\/uploads\/sites\/11\/2025\/01\/IMG_404_error.png","datePublished":"2025-01-27T12:20:11+00:00","dateModified":"2025-03-24T11:57:44+00:00","breadcrumb":{"@id":"https:\/\/organonpro.com\/es-es\/pagina-404\/#breadcrumb"},"inLanguage":"en-US","potentialAction":[{"@type":"ReadAction","target":["https:\/\/organonpro.com\/es-es\/pagina-404\/"]}]},{"@type":"ImageObject","inLanguage":"en-US","@id":"https:\/\/organonpro.com\/es-es\/pagina-404\/#primaryimage","url":"https:\/\/organonpro.com\/es-es\/wp-content\/uploads\/sites\/11\/2025\/01\/IMG_404_error.png","contentUrl":"https:\/\/organonpro.com\/es-es\/wp-content\/uploads\/sites\/11\/2025\/01\/IMG_404_error.png","width":984,"height":560,"caption":"Error 404"},{"@type":"BreadcrumbList","@id":"https:\/\/organonpro.com\/es-es\/pagina-404\/#breadcrumb","itemListElement":[{"@type":"ListItem","position":1,"name":"Home","item":"https:\/\/organonpro.com\/es-es\/"},{"@type":"ListItem","position":2,"name":"P\u00e1gina 404"}]},{"@type":"WebSite","@id":"https:\/\/organonpro.com\/es-es\/#website","url":"https:\/\/organonpro.com\/es-es\/","name":"Organon Pro - Espa\u00f1a","description":"Organon Pro - Espa\u00f1a","publisher":{"@id":"https:\/\/organonpro.com\/es-es\/#organization"},"potentialAction":[{"@type":"SearchAction","target":{"@type":"EntryPoint","urlTemplate":"https:\/\/organonpro.com\/es-es\/?s={search_term_string}"},"query-input":{"@type":"PropertyValueSpecification","valueRequired":true,"valueName":"search_term_string"}}],"inLanguage":"en-US"},{"@type":"Organization","@id":"https:\/\/organonpro.com\/es-es\/#organization","name":"Organon Pro - Espa\u00f1a","url":"https:\/\/organonpro.com\/es-es\/","logo":{"@type":"ImageObject","inLanguage":"en-US","@id":"https:\/\/organonpro.com\/es-es\/#\/schema\/logo\/image\/","url":"https:\/\/organonpro.com\/es-es\/wp-content\/uploads\/sites\/11\/2023\/08\/organon-pro-1.webp","contentUrl":"https:\/\/organonpro.com\/es-es\/wp-content\/uploads\/sites\/11\/2023\/08\/organon-pro-1.webp","width":2269,"height":243,"caption":"Organon Pro - Espa\u00f1a"},"image":{"@id":"https:\/\/organonpro.com\/es-es\/#\/schema\/logo\/image\/"},"sameAs":["https:\/\/www.facebook.com\/OrganonandCo","https:\/\/x.com\/OrganonLLC"]}]}},"jetpack_sharing_enabled":true,"_links":{"self":[{"href":"https:\/\/organonpro.com\/es-es\/wp-json\/wp\/v2\/pages\/24929","targetHints":{"allow":["GET"]}}],"collection":[{"href":"https:\/\/organonpro.com\/es-es\/wp-json\/wp\/v2\/pages"}],"about":[{"href":"https:\/\/organonpro.com\/es-es\/wp-json\/wp\/v2\/types\/page"}],"author":[{"embeddable":true,"href":"https:\/\/organonpro.com\/es-es\/wp-json\/wp\/v2\/users\/118"}],"replies":[{"embeddable":true,"href":"https:\/\/organonpro.com\/es-es\/wp-json\/wp\/v2\/comments?post=24929"}],"version-history":[{"count":12,"href":"https:\/\/organonpro.com\/es-es\/wp-json\/wp\/v2\/pages\/24929\/revisions"}],"predecessor-version":[{"id":24942,"href":"https:\/\/organonpro.com\/es-es\/wp-json\/wp\/v2\/pages\/24929\/revisions\/24942"}],"wp:attachment":[{"href":"https:\/\/organonpro.com\/es-es\/wp-json\/wp\/v2\/media?parent=24929"}],"curies":[{"name":"wp","href":"https:\/\/api.w.org\/{rel}","templated":true}]}}