{"id":205,"date":"2022-07-25T06:45:06","date_gmt":"2022-07-25T06:45:06","guid":{"rendered":"https:\/\/organonpro.com\/es-es\/?page_id=205"},"modified":"2025-11-04T11:37:59","modified_gmt":"2025-11-04T11:37:59","slug":"webinars","status":"publish","type":"page","link":"https:\/\/organonpro.com\/es-es\/webinars\/","title":{"rendered":"Webinars"},"content":{"rendered":"\n<style>\n    .op-hero-main {\n        --h: 460px;\n        --header-max: clamp(1024px, 78vw, 1268px);\n        --focal: 80% center;\n        --bleed: 10px;\n        --tone-a: rgba(10, 65, 150, .65);\n        --tone-b: rgba(232, 34, 92, .45);\n        --tone-dir: 90deg;\n        position: relative;\n        width: 100%;\n        height: var(--h);\n        overflow: hidden;\n        isolation: isolate;\n        border: 0 !important;\n        background: transparent !important;\n    }\n    \n    .op-hero-main .op-hero-main__bg {\n        position: absolute;\n        transform: translateX(-50%) translateZ(0);\n        left: 50%;\n        width: calc(100% + var(--bleed) + 2px);\n        height: calc(100% + var(--bleed) + 2px);\n        top: calc(var(--bleed) * -0.5);\n        bottom: calc(var(--bleed) * -0.5);\n        object-fit: cover;\n        object-position: var(--focal);\n        display: block;\n        pointer-events: none;\n        user-select: none;\n        -webkit-user-drag: none;\n        z-index: 0;\n        image-rendering: auto;\n        backface-visibility: hidden;\n        will-change: transform;\n    }\n    \n    .op-hero-main::after {\n        content: \"\";\n        position: absolute;\n        inset: 0;\n        background: linear-gradient(var(--tone-dir), var(--tone-a) 0%, var(--tone-b) 45%, rgba(0, 0, 0, 0) 85%);\n        mix-blend-mode: multiply;\n        z-index: 1;\n        pointer-events: none;\n    }\n    \n    .op-hero-main .op-hero-main__inner {\n        position: relative;\n        z-index: 2;\n        height: 100%;\n        display: grid;\n        align-items: center;\n        justify-items: start;\n        max-width: var(--header-max);\n        margin-inline: auto;\n    }\n    \n    .op-hero-main .op-hero-main__text {\n        color: #fff;\n        display: flex;\n        flex-direction: column;\n        gap: .6rem;\n        max-width: min(520px, 70%);\n        position: relative;\n        z-index: 0;\n        --gg-alpha: .38;\n        --gg-blur: 20px;\n        --gg-pad-x: 18px;\n        --gg-pad-y: 14px;\n        --gg-radius: 28px;\n    }\n    \n    .op-hero-main .op-hero-main__text::before {\n        content: \"\";\n        position: absolute;\n        inset: calc(var(--gg-pad-y) * -1) calc(var(--gg-pad-x) * -1);\n        background: rgba(0, 0, 0, var(--gg-alpha));\n        filter: blur(var(--gg-blur));\n        border-radius: var(--gg-radius);\n        -webkit-mask-image: radial-gradient(120% 140% at 30% 50%, #000 35%, transparent 85%);\n        mask-image: radial-gradient(120% 140% at 30% 50%, #000 35%, transparent 85%);\n        z-index: -1;\n        pointer-events: none;\n    }\n    \n    .op-hero-main .op-hero-main__eyebrow {\n        margin: 0;\n        font-weight: 700;\n        color: #fff;\n        font-size: clamp(1.02rem, 1.15vw, 1.3rem);\n    }\n    \n    .op-hero-main .op-hero-main__title {\n        margin: 0;\n        font-weight: 800;\n        line-height: 1.3;\n        font-size: clamp(1.8rem, 2.6vw, 2.8rem);\n        text-wrap: balance;\n    }\n    \n    .op-hero-main .op-hero-main__desc {\n        margin: 0;\n        line-height: 1.5;\n        opacity: .98;\n        font-size: clamp(1.08rem, 1.25vw, 1.5rem);\n    }\n    \n    .op-hero-main .op-hero-main__title,\n    .op-hero-main .op-hero-main__desc {\n        text-shadow: 0 1px 2px rgba(0, 0, 0, .55), 0 0 10px rgba(0, 0, 0, .25);\n        -webkit-text-stroke: .25px rgba(0, 0, 0, .25);\n    }\n    \n    .op-hero-main .op-hero-main__ctas {\n        display: flex;\n        flex-wrap: wrap;\n        gap: 2rem;\n        margin-top: 1.5rem;\n    }\n    \n    .op-hero-main .op-hero-main__ctas .btn {\n        border-radius: 999px;\n        padding: .8rem 1.4rem;\n        font-weight: 700;\n    }\n    \n    .op-hero-main .op-hero-main__ctas .btn:focus-visible {\n        outline: 3px solid #fff;\n        outline-offset: 2px;\n    }\n    \n        @media (max-width: 991px) {\n        .op-hero-main {\n            --mob-min: 360px;\n            --mob-ideal: 40svh;\n            --mob-max: 360px;\n            height: clamp(var(--mob-min), var(--mob-ideal), var(--mob-max));\n        }\n        .op-hero-main .op-hero-main__inner {\n            padding: 16px 20px;\n            padding-left: 20px;\n        }\n        .op-hero-main .op-hero-main__text {\n            max-width: min(92%, 45ch);\n            gap: .5rem;\n            --gg-alpha: .42;\n            --gg-blur: 16px;\n            --gg-pad-x: 12px;\n            --gg-pad-y: 10px;\n            --gg-radius: 22px;\n        }\n        .op-hero-main .op-hero-main__title {\n            font-size: clamp(1.35rem, 5.2vw, 2.2rem);\n            margin-bottom: .5rem;\n        }\n        .op-hero-main .op-hero-main__desc {\n            font-size: clamp(.95rem, 4.2vw, 1.5rem);\n        }\n        .op-hero-main .op-hero-main__ctas .btn {\n            padding: .6rem 1.1rem;\n        }\n    }\n    \n    @media (max-resolution: 1.49dppx) {\n        .op-hero-main {\n            border-inline-width: 1.5px;\n        }\n    }\n<\/style>\n<section class=\"op-hero-main\" style=\"--focal:80% center;\">\n    <img class=\"op-hero-main__bg\" src=\"https:\/\/organonpro.com\/es-es\/wp-content\/uploads\/sites\/11\/2025\/10\/heroBanner_webinars-abierto.jpg\" alt=\"salud mental\" aria-hidden=\"true\" decoding=\"async\" fetchpriority=\"high\">\n    <div class=\"op-hero-main__inner\">\n        <div class=\"op-hero-main__text\">\n            <h1 class=\"op-hero-main__title\">Webinars para conectarte a la actualidad m\u00e9dica<\/h1>\n            <p class=\"op-hero-main__desc\">\n                Crea una <b>cuenta gratuita<\/b> o accede a tu perfil y sigue las \u00faltimas novedades con profesionales de diferentes \u00e1reas terap\u00e9uticas. \n            <\/p>\n            <div class=\"op-hero-main__ctas\">\n                <a class=\"btn btn-theme\" href=\"https:\/\/organonpro.com\/es-es\/member-option\/?screenToRender=traditionalRegistration\">Crear\n                    cuenta<\/a>\n                <a class=\"btn btn-outline\" href=\"https:\/\/organonpro.com\/es-es\/webinars\/?login=1\">Acceder<\/a>\n            <\/div>\n        <\/div>\n    <\/div>\n<\/section>\n\n\n\n<div style=\"height:20px\" aria-hidden=\"true\" class=\"wp-block-spacer\"><\/div>\n\n\n<div data-description=\"   \" data-show_filter=\"true\" data-apply_filter_button_label=\"Aplicar filtros\" data-add_filter_section_heading=\"Filtrar por:\" data-apply_filter_global_button_label=\"Aplicar filtros\" data-apply_filter_global_mobile_button_label=\"Filtrar\" data-clear_filter_button_label=\"Borrar filtros\" data-show_search=\"true\" data-search_placeholder=\"Buscar webinars\" data-show_sorting=\"true\" data-sorting_label=\"Ordenar por\" data-view_all_label=\"Ver todo\" data-default_label=\"Fecha\" data-show_article_date=\"true\" data-show_article_type=\"true\" data-show_spaciality_type_on_card=\"true\" data--list_of_customer_type_to_display_on_card=\"M\u00e9dico, Enfermer\u00eda,Farmac\u00e9utico, M\u00e9dico Especialista, M\u00e9dico General\" data--list_of_speciality_type_to_display_on_card=\"Alergolog\u00eda, Atenci\u00f3n Primaria, Cardiolog\u00eda, Dermatolog\u00eda, Farmacia Hospitalaria, Ginecolog\u00eda, Neurolog\u00eda, Oncolog\u00eda, Otorrinolaringolog\u00eda, Pediatr\u00eda, Psiquiatr\u00eda, Traumatolog\u00eda, Farmacia Comunitaria\" data-show-pageination=\"true\" data-show_more_label=\"Mostrar m\u00e1s\" data-showing_page_label=\" de \" data-search_formazione=\"Resultados de la b\u00fasqueda:\" data-search_formazione_description=\"\" data-search_formazione_link=\"Mostrar todos los webinars\" data-no_article_found=\"No hemos encontrado resultados para esta b\u00fasqueda. Prueba con otra palabra.\" data-ael_enable_advanced_settings=\"true\" data-title=\"\" data-choose_listing_type=\"events\" data-events_from=\"jzero\" data-display_all_event_speciality_on_card=\"false\" data-display_all_event_speakers_on_card=\"false\" data-events__webinars_api_endpoint=\"trainingevents\" data-display_individual_category_event=\"false\" data-speciality_code=\"\" data-show_image=\"true\" data-show_event_duration=\"false\" data-show_time_zone=\"false\" data-show_article_title=\"true\" data-show_post_description=\"true\" data-show_view_button=\"true\" data-view_button_text=\"View Details\" data-webinar_login_button_text=\"\" data-show-pageination-item-per-page=\"\" data-active_third_party_url=\"false\" data-ael_fill_the_image_box=\"false\" data-ael_hide_image_on_mobile=\"false\" data-ael_title_heading_tag=\"h1\" data-ael_card_title_heading_tag=\"h5\" data-ael_desktop_margin_top=\"\" data-ael_desktop_margin_bottom=\"\" data-ael_desktop_padding_top=\"\" data-ael_desktop_padding_bottom=\"\" data-ael_mobile_margin_top=\"\" data-ael_mobile_margin_bottom=\"\" data-ael_mobile_padding_top=\"\" data-ael_mobile_padding_bottom=\"\" data-uuid=\"false\" data-url=\"https:\/\/organonpro.com\/es-es\/wp-content\/themes\/organon-connect-master\" class=\"wp-block-orc2-advanced-event-listing-react\"><\/div>\n\n\n<style>\n.product-cards .card-image img {\n-o-object-fit: cover;\nobject-fit: cover;\n}\n\n.hero-img.with-curve {\nborder-radius: 0 50rem 50rem 0;\nheight: 90%;\n}\n<\/style>\n\n\n\n<!--<div class=\"wp-block-columns is-layout-flex wp-container-core-columns-is-layout-1 wp-block-columns-is-layout-flex\" id=\"create-account-block\">\n    <span class=\"closeBtn\">&times;<\/span>\n    <div class=\"wp-block-column is-layout-flow wp-block-column-is-layout-flow d-flex align-items-center\" style=\"flex-basis:5%\"><\/div>\n    <div class=\"wp-block-column is-layout-flow wp-block-column-is-layout-flow d-flex align-items-center\" style=\"flex-basis:65%\">\n        <p style=\"margin:0\">\u00bfEres profesional de la salud? <strong>Crea una cuenta gratuita<\/strong> para disfrutar de formaci\u00f3n acreditada y contenidos exclusivos. <\/p>\n    <\/div>\n\n    <div class=\"wp-block-column is-layout-flow wp-block-column-is-layout-flow \" style=\"flex-basis:20%\">\n        <div class=\"hero-buttonsChipsSection \">\n            <a class=\"btn btn-theme btn-theme-block\" href=\"https:\/\/organonpro.com\/es-es\/member-option\/?screenToRender=traditionalRegistration\" rel=\"noopener noreferrer\" target=\"_self\">Crear cuenta<\/a>\n            <a class=\"btn btn-outline btn-theme-block\" href=\"https:\/\/organonpro.com\/es-es\/webinars\/?login=1\" rel=\"noopener noreferrer\" target=\"_self\">Acceder<\/a>\n        <\/div>\n    <\/div>\n<\/div>\n\n<style>\n    #create-account-block {\n        background-color: #1b4298;\n        font-size: 16px;\n        color: white;\n        padding: 1.25em 2.375em;\n        position: fixed;\n        left: 0;\n        bottom: 0;\n        width: 100%;\n        z-index: 100;\n    }\n    \n    .account-already {\n        margin: 0;\n        margin-top: -10px;\n        font-size: 14px\n    }\n    \n    .access-link {\n        text-decoration: underline;\n        color: white;\n        text-decoration-color: white;\n    }\n    \n    .btn-theme-block {\n        margin-right: 1.2rem;\n    }\n    \n    .footer-main {\n        padding-bottom: 10.4rem;\n    }\n    \n    .closeBtn {\n        position: absolute;\n        top: 5px;\n        right: 20px;\n        cursor: pointer;\n        font-size: 35px;\n        color: #e20177;\n        transition: all 0.5s ease-in-out;\n    }\n    \n    @media screen and (max-width: 1640px) {\n\n        .btn-theme-block {\n            margin-bottom: 1.2rem;\n        }\n\n        .footer-main {\n            padding-bottom: 18.4rem;\n        }\n\n    }\n    \n    @media screen and (max-width: 780px) {\n\n        .btn-theme-block {\n            margin-top: 1.2rem;\n        }\n\n        .footer-main {\n            padding-bottom: 21.4rem;\n        }\n\n        #create-account-block {\n            padding: 2.25em 2.375em;\n        }\n\n        .closeBtn {\n            top: 10px;\n            right: 20px;\n            cursor: pointer;\n        }\n\n    }\n<\/style>\n\n<script>\n    document.querySelector('.closeBtn').addEventListener('click', function() {\n        document.querySelector('#create-account-block').style.display = 'none';\n    });\n<\/script>\n\n-->\n\n\n\n<style>\n    .hero-section {\n        min-height: 30rem;\n        padding: 0 0;\n        display: -webkit-box;\n        display: -ms-flexbox;\n        display: flex;\n        -webkit-box-align: center;\n        -ms-flex-align: center;\n        align-items: center;\n        -webkit-box-pack: center;\n        -ms-flex-pack: center;\n        justify-content: center;\n        position: relative;\n    }\n    \n    .hero-section .hero-img {\n        width: 54%;\n        right: 0;\n        position: absolute;\n        top: 0;\n        text-align: right;\n        height: 90%;\n        overflow: hidden;\n    }\n    \n    .hero-section .container .hero-text {\n        padding-right: 0;\n        padding-top: 0;\n        padding-bottom: 2rem;\n    }\n    \n    .hero-section .container .hero-text .action-panel {\n        margin-top: 1.4rem;\n    }\n    \n    .hero-section .container .hero-text h1 {\n        margin-bottom: 1rem;\n    }\n    \n    .hero-section .container .hero-text .hero-eyebrow-text {\n        color: #e20177;\n        margin-bottom: 1rem;\n        text-transform: uppercase;\n<\/style>\n","protected":false},"excerpt":{"rendered":"<p>Webinars para conectarte a la actualidad m\u00e9dica Crea una cuenta gratuita o accede a tu perfil y sigue las \u00faltimas novedades con profesionales de diferentes \u00e1reas terap\u00e9uticas. Crear cuenta Acceder<\/p>\n","protected":false},"author":8,"featured_media":0,"parent":0,"menu_order":0,"comment_status":"closed","ping_status":"closed","template":"templates\/full-width-layout.php","meta":{"_acf_changed":false,"footnotes":""},"class_list":["post-205","page","type-page","status-publish","hentry"],"acf":[],"yoast_head":"<!-- This site is optimized with the Yoast SEO Premium plugin v20.11 (Yoast SEO v26.6) - https:\/\/yoast.com\/wordpress\/plugins\/seo\/ -->\n<title>Webinars m\u00e9dicos - Organon Pro - Espa\u00f1a<\/title>\n<meta name=\"description\" content=\"Webinars m\u00e9dicos gratuitos sobre actualidad cient\u00edfica y consejos pr\u00e1cticos. Con\u00e9ctate desde donde quieras y actual\u00edzate con expertos.\" \/>\n<meta name=\"robots\" content=\"index, follow, max-snippet:-1, max-image-preview:large, max-video-preview:-1\" \/>\n<link rel=\"canonical\" href=\"https:\/\/organonpro.com\/es-es\/webinars\/\" \/>\n<meta property=\"og:locale\" content=\"en_US\" \/>\n<meta property=\"og:type\" content=\"article\" \/>\n<meta property=\"og:title\" content=\"Webinars | Organon Pro Espa\u00f1a\" \/>\n<meta property=\"og:description\" content=\"Descubre nuestra amplia colecci\u00f3n de webinars cient\u00edficos en Organon PRO. Explora sesiones especializadas en diversas \u00e1reas terap\u00e9uticas, presentadas por destacados expertos del campo.\" \/>\n<meta property=\"og:url\" content=\"https:\/\/organonpro.com\/es-es\/webinars\/\" \/>\n<meta property=\"og:site_name\" content=\"Organon Pro - Espa\u00f1a\" \/>\n<meta property=\"article:publisher\" content=\"https:\/\/www.facebook.com\/OrganonandCo\" \/>\n<meta property=\"article:modified_time\" content=\"2025-11-04T11:37:59+00:00\" \/>\n<meta property=\"og:image\" content=\"https:\/\/organonpro.com\/es-es\/wp-content\/uploads\/sites\/11\/2025\/10\/heroBanner_webinars-abierto.jpg\" \/>\n<meta name=\"twitter:card\" content=\"summary_large_image\" \/>\n<meta name=\"twitter:title\" content=\"Webinars | Organon Pro Espa\u00f1a\" \/>\n<meta name=\"twitter:description\" content=\"Descubre nuestra amplia colecci\u00f3n de webinars cient\u00edficos en Organon PRO. Explora sesiones especializadas en diversas \u00e1reas terap\u00e9uticas, presentadas por destacados expertos del campo.\" \/>\n<meta name=\"twitter:site\" content=\"@OrganonLLC\" \/>\n<meta name=\"twitter:label1\" content=\"Est. reading time\" \/>\n\t<meta name=\"twitter:data1\" content=\"1 minute\" \/>\n<script type=\"application\/ld+json\" class=\"yoast-schema-graph\">{\"@context\":\"https:\/\/schema.org\",\"@graph\":[{\"@type\":\"WebPage\",\"@id\":\"https:\/\/organonpro.com\/es-es\/webinars\/\",\"url\":\"https:\/\/organonpro.com\/es-es\/webinars\/\",\"name\":\"Webinars m\u00e9dicos - Organon Pro - Espa\u00f1a\",\"isPartOf\":{\"@id\":\"https:\/\/organonpro.com\/es-es\/#website\"},\"primaryImageOfPage\":{\"@id\":\"https:\/\/organonpro.com\/es-es\/webinars\/#primaryimage\"},\"image\":{\"@id\":\"https:\/\/organonpro.com\/es-es\/webinars\/#primaryimage\"},\"thumbnailUrl\":\"https:\/\/organonpro.com\/es-es\/wp-content\/uploads\/sites\/11\/2025\/10\/heroBanner_webinars-abierto.jpg\",\"datePublished\":\"2022-07-25T06:45:06+00:00\",\"dateModified\":\"2025-11-04T11:37:59+00:00\",\"description\":\"Webinars m\u00e9dicos gratuitos sobre actualidad cient\u00edfica y consejos pr\u00e1cticos. Con\u00e9ctate desde donde quieras y actual\u00edzate con expertos.\",\"breadcrumb\":{\"@id\":\"https:\/\/organonpro.com\/es-es\/webinars\/#breadcrumb\"},\"inLanguage\":\"en-US\",\"potentialAction\":[{\"@type\":\"ReadAction\",\"target\":[\"https:\/\/organonpro.com\/es-es\/webinars\/\"]}]},{\"@type\":\"ImageObject\",\"inLanguage\":\"en-US\",\"@id\":\"https:\/\/organonpro.com\/es-es\/webinars\/#primaryimage\",\"url\":\"https:\/\/organonpro.com\/es-es\/wp-content\/uploads\/sites\/11\/2025\/10\/heroBanner_webinars-abierto.jpg\",\"contentUrl\":\"https:\/\/organonpro.com\/es-es\/wp-content\/uploads\/sites\/11\/2025\/10\/heroBanner_webinars-abierto.jpg\",\"width\":2240,\"height\":460},{\"@type\":\"BreadcrumbList\",\"@id\":\"https:\/\/organonpro.com\/es-es\/webinars\/#breadcrumb\",\"itemListElement\":[{\"@type\":\"ListItem\",\"position\":1,\"name\":\"Home\",\"item\":\"https:\/\/organonpro.com\/es-es\/\"},{\"@type\":\"ListItem\",\"position\":2,\"name\":\"Webinars\"}]},{\"@type\":\"WebSite\",\"@id\":\"https:\/\/organonpro.com\/es-es\/#website\",\"url\":\"https:\/\/organonpro.com\/es-es\/\",\"name\":\"Organon Pro - Espa\u00f1a\",\"description\":\"Organon Pro - Espa\u00f1a\",\"publisher\":{\"@id\":\"https:\/\/organonpro.com\/es-es\/#organization\"},\"potentialAction\":[{\"@type\":\"SearchAction\",\"target\":{\"@type\":\"EntryPoint\",\"urlTemplate\":\"https:\/\/organonpro.com\/es-es\/?s={search_term_string}\"},\"query-input\":{\"@type\":\"PropertyValueSpecification\",\"valueRequired\":true,\"valueName\":\"search_term_string\"}}],\"inLanguage\":\"en-US\"},{\"@type\":\"Organization\",\"@id\":\"https:\/\/organonpro.com\/es-es\/#organization\",\"name\":\"Organon Pro - Espa\u00f1a\",\"url\":\"https:\/\/organonpro.com\/es-es\/\",\"logo\":{\"@type\":\"ImageObject\",\"inLanguage\":\"en-US\",\"@id\":\"https:\/\/organonpro.com\/es-es\/#\/schema\/logo\/image\/\",\"url\":\"https:\/\/organonpro.com\/es-es\/wp-content\/uploads\/sites\/11\/2023\/08\/organon-pro-1.webp\",\"contentUrl\":\"https:\/\/organonpro.com\/es-es\/wp-content\/uploads\/sites\/11\/2023\/08\/organon-pro-1.webp\",\"width\":2269,\"height\":243,\"caption\":\"Organon Pro - Espa\u00f1a\"},\"image\":{\"@id\":\"https:\/\/organonpro.com\/es-es\/#\/schema\/logo\/image\/\"},\"sameAs\":[\"https:\/\/www.facebook.com\/OrganonandCo\",\"https:\/\/x.com\/OrganonLLC\"]}]}<\/script>\n<!-- \/ Yoast SEO Premium plugin. -->","yoast_head_json":{"title":"Webinars m\u00e9dicos - Organon Pro - Espa\u00f1a","description":"Webinars m\u00e9dicos gratuitos sobre actualidad cient\u00edfica y consejos pr\u00e1cticos. Con\u00e9ctate desde donde quieras y actual\u00edzate con expertos.","robots":{"index":"index","follow":"follow","max-snippet":"max-snippet:-1","max-image-preview":"max-image-preview:large","max-video-preview":"max-video-preview:-1"},"canonical":"https:\/\/organonpro.com\/es-es\/webinars\/","og_locale":"en_US","og_type":"article","og_title":"Webinars | Organon Pro Espa\u00f1a","og_description":"Descubre nuestra amplia colecci\u00f3n de webinars cient\u00edficos en Organon PRO. Explora sesiones especializadas en diversas \u00e1reas terap\u00e9uticas, presentadas por destacados expertos del campo.","og_url":"https:\/\/organonpro.com\/es-es\/webinars\/","og_site_name":"Organon Pro - Espa\u00f1a","article_publisher":"https:\/\/www.facebook.com\/OrganonandCo","article_modified_time":"2025-11-04T11:37:59+00:00","og_image":[{"url":"https:\/\/organonpro.com\/es-es\/wp-content\/uploads\/sites\/11\/2025\/10\/heroBanner_webinars-abierto.jpg","type":"","width":"","height":""}],"twitter_card":"summary_large_image","twitter_title":"Webinars | Organon Pro Espa\u00f1a","twitter_description":"Descubre nuestra amplia colecci\u00f3n de webinars cient\u00edficos en Organon PRO. Explora sesiones especializadas en diversas \u00e1reas terap\u00e9uticas, presentadas por destacados expertos del campo.","twitter_site":"@OrganonLLC","twitter_misc":{"Est. reading time":"1 minute"},"schema":{"@context":"https:\/\/schema.org","@graph":[{"@type":"WebPage","@id":"https:\/\/organonpro.com\/es-es\/webinars\/","url":"https:\/\/organonpro.com\/es-es\/webinars\/","name":"Webinars m\u00e9dicos - Organon Pro - Espa\u00f1a","isPartOf":{"@id":"https:\/\/organonpro.com\/es-es\/#website"},"primaryImageOfPage":{"@id":"https:\/\/organonpro.com\/es-es\/webinars\/#primaryimage"},"image":{"@id":"https:\/\/organonpro.com\/es-es\/webinars\/#primaryimage"},"thumbnailUrl":"https:\/\/organonpro.com\/es-es\/wp-content\/uploads\/sites\/11\/2025\/10\/heroBanner_webinars-abierto.jpg","datePublished":"2022-07-25T06:45:06+00:00","dateModified":"2025-11-04T11:37:59+00:00","description":"Webinars m\u00e9dicos gratuitos sobre actualidad cient\u00edfica y consejos pr\u00e1cticos. Con\u00e9ctate desde donde quieras y actual\u00edzate con expertos.","breadcrumb":{"@id":"https:\/\/organonpro.com\/es-es\/webinars\/#breadcrumb"},"inLanguage":"en-US","potentialAction":[{"@type":"ReadAction","target":["https:\/\/organonpro.com\/es-es\/webinars\/"]}]},{"@type":"ImageObject","inLanguage":"en-US","@id":"https:\/\/organonpro.com\/es-es\/webinars\/#primaryimage","url":"https:\/\/organonpro.com\/es-es\/wp-content\/uploads\/sites\/11\/2025\/10\/heroBanner_webinars-abierto.jpg","contentUrl":"https:\/\/organonpro.com\/es-es\/wp-content\/uploads\/sites\/11\/2025\/10\/heroBanner_webinars-abierto.jpg","width":2240,"height":460},{"@type":"BreadcrumbList","@id":"https:\/\/organonpro.com\/es-es\/webinars\/#breadcrumb","itemListElement":[{"@type":"ListItem","position":1,"name":"Home","item":"https:\/\/organonpro.com\/es-es\/"},{"@type":"ListItem","position":2,"name":"Webinars"}]},{"@type":"WebSite","@id":"https:\/\/organonpro.com\/es-es\/#website","url":"https:\/\/organonpro.com\/es-es\/","name":"Organon Pro - Espa\u00f1a","description":"Organon Pro - Espa\u00f1a","publisher":{"@id":"https:\/\/organonpro.com\/es-es\/#organization"},"potentialAction":[{"@type":"SearchAction","target":{"@type":"EntryPoint","urlTemplate":"https:\/\/organonpro.com\/es-es\/?s={search_term_string}"},"query-input":{"@type":"PropertyValueSpecification","valueRequired":true,"valueName":"search_term_string"}}],"inLanguage":"en-US"},{"@type":"Organization","@id":"https:\/\/organonpro.com\/es-es\/#organization","name":"Organon Pro - Espa\u00f1a","url":"https:\/\/organonpro.com\/es-es\/","logo":{"@type":"ImageObject","inLanguage":"en-US","@id":"https:\/\/organonpro.com\/es-es\/#\/schema\/logo\/image\/","url":"https:\/\/organonpro.com\/es-es\/wp-content\/uploads\/sites\/11\/2023\/08\/organon-pro-1.webp","contentUrl":"https:\/\/organonpro.com\/es-es\/wp-content\/uploads\/sites\/11\/2023\/08\/organon-pro-1.webp","width":2269,"height":243,"caption":"Organon Pro - Espa\u00f1a"},"image":{"@id":"https:\/\/organonpro.com\/es-es\/#\/schema\/logo\/image\/"},"sameAs":["https:\/\/www.facebook.com\/OrganonandCo","https:\/\/x.com\/OrganonLLC"]}]}},"jetpack_sharing_enabled":true,"_links":{"self":[{"href":"https:\/\/organonpro.com\/es-es\/wp-json\/wp\/v2\/pages\/205","targetHints":{"allow":["GET"]}}],"collection":[{"href":"https:\/\/organonpro.com\/es-es\/wp-json\/wp\/v2\/pages"}],"about":[{"href":"https:\/\/organonpro.com\/es-es\/wp-json\/wp\/v2\/types\/page"}],"author":[{"embeddable":true,"href":"https:\/\/organonpro.com\/es-es\/wp-json\/wp\/v2\/users\/8"}],"replies":[{"embeddable":true,"href":"https:\/\/organonpro.com\/es-es\/wp-json\/wp\/v2\/comments?post=205"}],"version-history":[{"count":116,"href":"https:\/\/organonpro.com\/es-es\/wp-json\/wp\/v2\/pages\/205\/revisions"}],"predecessor-version":[{"id":40505,"href":"https:\/\/organonpro.com\/es-es\/wp-json\/wp\/v2\/pages\/205\/revisions\/40505"}],"wp:attachment":[{"href":"https:\/\/organonpro.com\/es-es\/wp-json\/wp\/v2\/media?parent=205"}],"curies":[{"name":"wp","href":"https:\/\/api.w.org\/{rel}","templated":true}]}}