{"id":19737,"date":"2024-04-17T09:12:53","date_gmt":"2024-04-17T09:12:53","guid":{"rendered":"https:\/\/organonpro.com\/es-es\/?page_id=19737"},"modified":"2026-02-18T08:45:59","modified_gmt":"2026-02-18T08:45:59","slug":"aparato-respiratorio","status":"publish","type":"page","link":"https:\/\/organonpro.com\/es-es\/aparato-respiratorio\/","title":{"rendered":"Modelo anat\u00f3mico 3D del aparato respiratorio"},"content":{"rendered":"\n<div style=\"height:20px\" class=\"wp-block-spacer\"><\/div>\n\n\n\n<section class=\"wp-block-orc-two-column-block section-two-column-block-a1a276c6-7d04-4f4e-8ee5-092a959fa2f8 splits splits-ratio splits-half splits-reverse ungated\"><style>@media screen and (min-width: 940px){ .section-two-column-block-a1a276c6-7d04-4f4e-8ee5-092a959fa2f8 { margin-top: 0rem;margin-bottom: 0rem; }}@media screen and (min-width: 320px) and (max-width: 939px){.section-two-column-block-a1a276c6-7d04-4f4e-8ee5-092a959fa2f8 { margin-top: 0rem;margin-bottom: 0rem; }}<\/style><section class=\"splits splits-ratio splits-half splits-reverse ungated\" style=\"background-color:\"><div class=\"container\"><div class=\"splits-row row\"><div class=\"splits-figure   col-md-6 col-sm-6 \"><div style=\"background-image:url(https:\/\/organonpro.com\/es-es\/wp-content\/uploads\/sites\/11\/2024\/04\/modelo-respiratorio.gif)\" class=\"splits-figure__bg ab\"><\/div><\/div><div class=\"splits-area  col-md-6 col-sm-6\"><div class=\"splits-content cd\"><h2 class=\"splits-heading\"><strong>Modelo anat\u00f3mico del aparato respiratorio 3D<\/strong><\/h2><p class=\"splits-text\">Una forma innovadora de profundizar en la anatom\u00eda del aparato<br>respiratorio y visualizar algunas de las\u00a0<strong>patolog\u00edas m\u00e1s frecuentes<\/strong><br>y c\u00f3mo pueden progresar.<\/p><div class=\"splits-button herobannerblock\"><div class=\"ungated\"><a class=\"btn btn-smoke__primary\" href=\"https:\/\/microsites.organon.es\/Organo3D\/Respiratorio\/\" rel=\"noopener noreferrer\" target=\"_self\">Explorar<\/a><\/div><\/div><\/div><\/div><\/div><\/div><\/section><\/section>\n\n\n<section class=\"gb-content-editor content-editor \" id=\"gb-content-editor\">\n\t<div class=\"container\">\n\t\t\t\t<div class=\"row justify-content-center\">\n\t\t\t<div class=\"col-xl-12 col-md-12 col-sm-12 content-col\">\n\t\t\t\t<p>Optimizado para ordenador.<\/p>\n<p>&nbsp;<\/p>\n<p><u>Bibliograf\u00eda:<\/u><\/p>\n<ol>\n<li>Rodr\u00edguez P\u00e9rez M A, Herv\u00e1s N\u00fa\u00f1ez M J, Porras Alonso E. Patolog\u00eda inflamatoria de las fosas nasales: rinitis agudas y cr\u00f3nicas. Rinitis espec\u00edficas. Cap\u00edtulo 52. IV. NARIZ Y SENOS PARANASALES. Libro virtual de formaci\u00f3n en ORL. SEORL-PCF. Disponible online en: https:\/\/seorl.net\/PDF\/Nariz%20y%20senos%20paranasales\/052%20-%20PATOLOG%C3%8DA%20INFLAMATORIA%20DE%20LAS%20FOSAS%20NASALES%20RINITIS%20AGUDAS%20Y%20CR%C3%93NICAS.%20RINITIS%20ESPEC%C3%8DFICAS.pdf. \u00daltimo acceso: enero 2024.<\/li>\n<li>G\u00f3mez Gabald\u00f3n G, et al. Manejo de las rinosinusitis en Atenci\u00f3n Primaria. Semergen, 2018; 44(7): 492-499. <a href=\"https:\/\/doi.org\/10.1016\/j.semerg.2017.11.008\">https:\/\/doi.org\/10.1016\/j.semerg.2017.11.008<\/a><\/li>\n<li>Fokkens WJ, et al. European Position Paper on Rhinosinusitis and Nasal Polyps 2020. Rhinology, 2020; Suppl.29:1-464.<\/li>\n<li>Rojas D. Manejo de los tumores de hip\u00f3fisis. REV. MED. CLIN. CONDES, 2017; 28(3): 409-419.<\/li>\n<li>Viza Puiggr\u00f3s I, Pujol Olmo A, Montserrat i Gili JR. Patolog\u00eda del septum nasal. Septoplastia. Cap\u00edtulo 48. II. NARIZ Y SENOS PARANASALES. Libro virtual de formaci\u00f3n en ORL. SEORL-PCF. Disponible en: <a href=\"https:\/\/seorl.net\/PDF\/Nariz%20y%20senos%20paranasales\/048%20-%20PATOLOG%C3%8DA%20DEL%20SEPTUM%20NASAL.%20SEPTOPLASTIA.pdf\">https:\/\/seorl.net\/PDF\/Nariz%20y%20senos%20paranasales\/048%20-%20PATOLOG%C3%8DA%20DEL%20SEPTUM%20NASAL.%20SEPTOPLASTIA.pdf<\/a>. \u00daltimo acceso: enero 2024.<\/li>\n<li>SEORL-CCC. Desviaci\u00f3n septal: s\u00edntomas y tratamiento. Disponible en: <a href=\"https:\/\/seorl.net\/desviacion-septal-sintomas-y-tratamiento\/\">https:\/\/seorl.net\/desviacion-septal-sintomas-y-tratamiento\/<\/a>. \u00daltimo acceso: enero 2024.<\/li>\n<li>Di Pietrantonio A, et al. Papiloma invertido sinunasal con invasi\u00f3n intracraneal: Reporte de caso y revisi\u00f3n bibliogr\u00e1fica. Surg Neurol Int, 2018;9:S29-35. <a href=\"http:\/\/surgicalneurologyint.com\/Papiloma-invertido-sinunasal-con-invasi%C3%B3n-intracraneal:-Reporte-de-caso-y-revisi%C3%B3n-bibliogr%C3%A1fica\/\">http:\/\/surgicalneurologyint.com\/Papiloma-invertido-sinunasal-con-invasi\u00f3n-intracraneal:-Reporte-de-caso-y-revisi\u00f3n-bibliogr\u00e1fica\/<\/a><\/li>\n<li>Font E. Faringitis y amigdalitis. Tratamiento etiol\u00f3gico y sintom\u00e1tico. Offarm. 2001; 20(10): 71-78. Disponible en: <a href=\"https:\/\/www.elsevier.es\/es-revista-offarm-4-articulo-faringitis-amigdalitis-tratamiento-etiologico-sintomatico-13021226\">https:\/\/www.elsevier.es\/es-revista-offarm-4-articulo-faringitis-amigdalitis-tratamiento-etiologico-sintomatico-13021226<\/a>. \u00daltimo acceso: enero 2024.<\/li>\n<li>Gim\u00e9nez Serrano S. Faringitis. Revisi\u00f3n. Farmacia profesional. 2006; 20(1):46-49. Disponible en: <a href=\"https:\/\/www.elsevier.es\/es-revista-farmacia-profesional-3-articulo-faringitis-13084103\">https:\/\/www.elsevier.es\/es-revista-farmacia-profesional-3-articulo-faringitis-13084103<\/a>. \u00daltimo acceso: enero 2024.<\/li>\n<li>Luna-S\u00e1nchez S, et al. Esofagitis eosinof\u00edlica. Semergen, 2011;37(6):303\u2014306. doi:10.1016\/j.semerg.2011.02.008<\/li>\n<li>Navarro M, et al. Asma: etiopatogenia, clasificaci\u00f3n y diagn\u00f3stico. Anales de pediatr\u00eda continuada, 2005; 3(3):127-139. DOI:\u202f<a href=\"https:\/\/www.elsevier.es\/es-revista-anales-pediatria-continuada-51-articulo-asma-etiopatogenia-clasificacion-diagnostico-S169628180573273X\">10.1016\/S1696-2818(05)73273-X<\/a>. Disponible en: <a href=\"https:\/\/www.elsevier.es\/es-revista-anales-pediatria-continuada-51-pdf-S169628180573273X\">https:\/\/www.elsevier.es\/es-revista-anales-pediatria-continuada-51-pdf-S169628180573273X<\/a>. \u00daltimo acceso: enero 2024.<\/li>\n<\/ol>\n\t\t\t<\/div>\n\t\t<\/div>\n\t<\/div>\n<\/section>\n\n\n<div style=\"height:40px\" aria-hidden=\"true\" class=\"wp-block-spacer\"><\/div>\n\n\n\n<h1 class=\"wp-block-heading has-text-align-center\" id=\"h-conoce-el-portfolio-de-organon\"><strong>Espacio patrocinado por<\/strong><\/h1>\n\n\n\n<div class=\"wp-block-columns is-layout-flex wp-container-core-columns-is-layout-9d6595d7 wp-block-columns-is-layout-flex\">\n<div class=\"wp-block-column is-layout-flow wp-block-column-is-layout-flow\" style=\"flex-basis:15%\"><\/div>\n\n\n\n<div class=\"wp-block-column is-layout-flow wp-block-column-is-layout-flow\" style=\"flex-basis:70%\">\n<div class=\"wp-block-columns is-layout-flex wp-container-core-columns-is-layout-9d6595d7 wp-block-columns-is-layout-flex\">\n<div class=\"wp-block-column is-layout-flow wp-block-column-is-layout-flow\"><div class=\"wp-block-image\">\n<figure class=\"aligncenter size-large is-resized\"><a href=\"https:\/\/organonpro.com\/es-es\/product\/nasonex\/informacion-sobre-nasonex\/\"><img loading=\"lazy\" decoding=\"async\" width=\"400\" height=\"300\" src=\"https:\/\/organonpro.com\/es-es\/wp-content\/uploads\/sites\/11\/2026\/02\/logo_NASONEX.png?w=400\" alt=\"\" class=\"wp-image-39581\" style=\"width:250px\" srcset=\"https:\/\/organonpro.com\/es-es\/wp-content\/uploads\/sites\/11\/2026\/02\/logo_NASONEX.png 400w, https:\/\/organonpro.com\/es-es\/wp-content\/uploads\/sites\/11\/2026\/02\/logo_NASONEX.png?resize=300,225 300w, https:\/\/organonpro.com\/es-es\/wp-content\/uploads\/sites\/11\/2026\/02\/logo_NASONEX.png?resize=168,126 168w, https:\/\/organonpro.com\/es-es\/wp-content\/uploads\/sites\/11\/2026\/02\/logo_NASONEX.png?resize=347,260 347w, https:\/\/organonpro.com\/es-es\/wp-content\/uploads\/sites\/11\/2026\/02\/logo_NASONEX.png?resize=357,268 357w, https:\/\/organonpro.com\/es-es\/wp-content\/uploads\/sites\/11\/2026\/02\/logo_NASONEX.png?resize=150,113 150w, https:\/\/organonpro.com\/es-es\/wp-content\/uploads\/sites\/11\/2026\/02\/logo_NASONEX.png?resize=297,223 297w, https:\/\/organonpro.com\/es-es\/wp-content\/uploads\/sites\/11\/2026\/02\/logo_NASONEX.png?resize=100,75 100w, https:\/\/organonpro.com\/es-es\/wp-content\/uploads\/sites\/11\/2026\/02\/logo_NASONEX.png?resize=211,158 211w, https:\/\/organonpro.com\/es-es\/wp-content\/uploads\/sites\/11\/2026\/02\/logo_NASONEX.png?resize=64,48 64w, https:\/\/organonpro.com\/es-es\/wp-content\/uploads\/sites\/11\/2026\/02\/logo_NASONEX.png?resize=107,80 107w, https:\/\/organonpro.com\/es-es\/wp-content\/uploads\/sites\/11\/2026\/02\/logo_NASONEX.png?resize=129,97 129w, https:\/\/organonpro.com\/es-es\/wp-content\/uploads\/sites\/11\/2026\/02\/logo_NASONEX.png?resize=167,125 167w, https:\/\/organonpro.com\/es-es\/wp-content\/uploads\/sites\/11\/2026\/02\/logo_NASONEX.png?resize=333,250 333w, https:\/\/organonpro.com\/es-es\/wp-content\/uploads\/sites\/11\/2026\/02\/logo_NASONEX.png?resize=396,297 396w, https:\/\/organonpro.com\/es-es\/wp-content\/uploads\/sites\/11\/2026\/02\/logo_NASONEX.png?resize=267,200 267w\" sizes=\"auto, (max-width: 400px) 100vw, 400px\" \/><\/a><\/figure><\/div><\/div>\n\n\n\n<div class=\"wp-block-column is-layout-flow wp-block-column-is-layout-flow\"><div class=\"wp-block-image\">\n<figure class=\"aligncenter size-large is-resized\"><a href=\"https:\/\/organonpro.com\/es-es\/product\/singulair\/informacion-sobre-singulair\/\"><img loading=\"lazy\" decoding=\"async\" width=\"400\" height=\"300\" src=\"https:\/\/organonpro.com\/es-es\/wp-content\/uploads\/sites\/11\/2026\/02\/logo_SINGULAIR.png?w=400\" alt=\"\" class=\"wp-image-39586\" style=\"width:250px\" srcset=\"https:\/\/organonpro.com\/es-es\/wp-content\/uploads\/sites\/11\/2026\/02\/logo_SINGULAIR.png 400w, https:\/\/organonpro.com\/es-es\/wp-content\/uploads\/sites\/11\/2026\/02\/logo_SINGULAIR.png?resize=300,225 300w, https:\/\/organonpro.com\/es-es\/wp-content\/uploads\/sites\/11\/2026\/02\/logo_SINGULAIR.png?resize=168,126 168w, https:\/\/organonpro.com\/es-es\/wp-content\/uploads\/sites\/11\/2026\/02\/logo_SINGULAIR.png?resize=347,260 347w, https:\/\/organonpro.com\/es-es\/wp-content\/uploads\/sites\/11\/2026\/02\/logo_SINGULAIR.png?resize=357,268 357w, https:\/\/organonpro.com\/es-es\/wp-content\/uploads\/sites\/11\/2026\/02\/logo_SINGULAIR.png?resize=150,113 150w, https:\/\/organonpro.com\/es-es\/wp-content\/uploads\/sites\/11\/2026\/02\/logo_SINGULAIR.png?resize=297,223 297w, https:\/\/organonpro.com\/es-es\/wp-content\/uploads\/sites\/11\/2026\/02\/logo_SINGULAIR.png?resize=100,75 100w, https:\/\/organonpro.com\/es-es\/wp-content\/uploads\/sites\/11\/2026\/02\/logo_SINGULAIR.png?resize=211,158 211w, https:\/\/organonpro.com\/es-es\/wp-content\/uploads\/sites\/11\/2026\/02\/logo_SINGULAIR.png?resize=64,48 64w, https:\/\/organonpro.com\/es-es\/wp-content\/uploads\/sites\/11\/2026\/02\/logo_SINGULAIR.png?resize=107,80 107w, https:\/\/organonpro.com\/es-es\/wp-content\/uploads\/sites\/11\/2026\/02\/logo_SINGULAIR.png?resize=129,97 129w, https:\/\/organonpro.com\/es-es\/wp-content\/uploads\/sites\/11\/2026\/02\/logo_SINGULAIR.png?resize=167,125 167w, https:\/\/organonpro.com\/es-es\/wp-content\/uploads\/sites\/11\/2026\/02\/logo_SINGULAIR.png?resize=333,250 333w, https:\/\/organonpro.com\/es-es\/wp-content\/uploads\/sites\/11\/2026\/02\/logo_SINGULAIR.png?resize=396,297 396w, https:\/\/organonpro.com\/es-es\/wp-content\/uploads\/sites\/11\/2026\/02\/logo_SINGULAIR.png?resize=267,200 267w\" sizes=\"auto, (max-width: 400px) 100vw, 400px\" \/><\/a><\/figure><\/div><\/div>\n\n\n\n<div class=\"wp-block-column is-layout-flow wp-block-column-is-layout-flow\"><div class=\"wp-block-image\">\n<figure class=\"aligncenter size-large is-resized\"><a href=\"https:\/\/organonpro.com\/es-es\/product\/aerius\/informacion-aerius\/\"><img loading=\"lazy\" decoding=\"async\" height=\"576\" width=\"1024\" src=\"https:\/\/organonpro.com\/es-es\/wp-content\/uploads\/sites\/11\/2023\/11\/AERIUS.png?w=640\" alt=\"\" class=\"wp-image-17011\" style=\"width:250px\" srcset=\"https:\/\/organonpro.com\/es-es\/wp-content\/uploads\/sites\/11\/2023\/11\/AERIUS.png 1647w, https:\/\/organonpro.com\/es-es\/wp-content\/uploads\/sites\/11\/2023\/11\/AERIUS.png?resize=300,169 300w, https:\/\/organonpro.com\/es-es\/wp-content\/uploads\/sites\/11\/2023\/11\/AERIUS.png?resize=768,432 768w, https:\/\/organonpro.com\/es-es\/wp-content\/uploads\/sites\/11\/2023\/11\/AERIUS.png?resize=1024,576 1024w, https:\/\/organonpro.com\/es-es\/wp-content\/uploads\/sites\/11\/2023\/11\/AERIUS.png?resize=1536,864 1536w, https:\/\/organonpro.com\/es-es\/wp-content\/uploads\/sites\/11\/2023\/11\/AERIUS.png?resize=224,126 224w, https:\/\/organonpro.com\/es-es\/wp-content\/uploads\/sites\/11\/2023\/11\/AERIUS.png?resize=800,450 800w, https:\/\/organonpro.com\/es-es\/wp-content\/uploads\/sites\/11\/2023\/11\/AERIUS.png?resize=400,225 400w, https:\/\/organonpro.com\/es-es\/wp-content\/uploads\/sites\/11\/2023\/11\/AERIUS.png?resize=720,405 720w, https:\/\/organonpro.com\/es-es\/wp-content\/uploads\/sites\/11\/2023\/11\/AERIUS.png?resize=375,211 375w, https:\/\/organonpro.com\/es-es\/wp-content\/uploads\/sites\/11\/2023\/11\/AERIUS.png?resize=150,84 150w, https:\/\/organonpro.com\/es-es\/wp-content\/uploads\/sites\/11\/2023\/11\/AERIUS.png?resize=396,223 396w, https:\/\/organonpro.com\/es-es\/wp-content\/uploads\/sites\/11\/2023\/11\/AERIUS.png?resize=100,56 100w, https:\/\/organonpro.com\/es-es\/wp-content\/uploads\/sites\/11\/2023\/11\/AERIUS.png?resize=281,158 281w, https:\/\/organonpro.com\/es-es\/wp-content\/uploads\/sites\/11\/2023\/11\/AERIUS.png?resize=64,36 64w, https:\/\/organonpro.com\/es-es\/wp-content\/uploads\/sites\/11\/2023\/11\/AERIUS.png?resize=1276,717 1276w, https:\/\/organonpro.com\/es-es\/wp-content\/uploads\/sites\/11\/2023\/11\/AERIUS.png?resize=616,346 616w, https:\/\/organonpro.com\/es-es\/wp-content\/uploads\/sites\/11\/2023\/11\/AERIUS.png?resize=142,80 142w, https:\/\/organonpro.com\/es-es\/wp-content\/uploads\/sites\/11\/2023\/11\/AERIUS.png?resize=174,97 174w, https:\/\/organonpro.com\/es-es\/wp-content\/uploads\/sites\/11\/2023\/11\/AERIUS.png?resize=222,125 222w, https:\/\/organonpro.com\/es-es\/wp-content\/uploads\/sites\/11\/2023\/11\/AERIUS.png?resize=445,250 445w, https:\/\/organonpro.com\/es-es\/wp-content\/uploads\/sites\/11\/2023\/11\/AERIUS.png?resize=953,536 953w, https:\/\/organonpro.com\/es-es\/wp-content\/uploads\/sites\/11\/2023\/11\/AERIUS.png?resize=356,200 356w\" sizes=\"auto, (max-width: 1024px) 100vw, 1024px\" \/><\/a><\/figure><\/div><\/div>\n<\/div>\n<\/div>\n\n\n\n<div class=\"wp-block-column is-layout-flow wp-block-column-is-layout-flow\" style=\"flex-basis:15%\"><\/div>\n<\/div>\n\n\n\n<p class=\"has-text-align-center\">ES-XFY-110207 (Creado: febrero 2026)<\/p>\n","protected":false},"excerpt":{"rendered":"<p>Espacio patrocinado por ES-XFY-110207 (Creado: febrero 2026)<\/p>\n","protected":false},"author":118,"featured_media":19819,"parent":0,"menu_order":0,"comment_status":"closed","ping_status":"closed","template":"templates\/content-only.php","meta":{"_acf_changed":false,"footnotes":""},"class_list":["post-19737","page","type-page","status-publish","has-post-thumbnail","hentry"],"acf":[],"yoast_head":"<!-- This site is optimized with the Yoast SEO Premium plugin v20.11 (Yoast SEO v26.6) - https:\/\/yoast.com\/wordpress\/plugins\/seo\/ -->\n<title>Modelo anat\u00f3mico del aparato respiratorio 3D - Organon Pro - Espa\u00f1a<\/title>\n<meta name=\"description\" content=\"Este detallado modelo anat\u00f3mico del aparato respiratorio 3D te permite visualizar algunas de las patolog\u00edas y c\u00f3mo pueden progresar.\" \/>\n<meta name=\"robots\" content=\"index, follow, max-snippet:-1, max-image-preview:large, max-video-preview:-1\" \/>\n<link rel=\"canonical\" href=\"https:\/\/organonpro.com\/es-es\/aparato-respiratorio\/\" \/>\n<meta property=\"og:locale\" content=\"en_US\" \/>\n<meta property=\"og:type\" content=\"article\" \/>\n<meta property=\"og:title\" content=\"Modelo anat\u00f3mico 3D del aparato respiratorio\" \/>\n<meta property=\"og:description\" content=\"Este detallado modelo anat\u00f3mico del aparato respiratorio 3D te permite visualizar algunas de las patolog\u00edas y c\u00f3mo pueden progresar.\" \/>\n<meta property=\"og:url\" content=\"https:\/\/organonpro.com\/es-es\/aparato-respiratorio\/\" \/>\n<meta property=\"og:site_name\" content=\"Organon Pro - Espa\u00f1a\" \/>\n<meta property=\"article:publisher\" content=\"https:\/\/www.facebook.com\/OrganonandCo\" \/>\n<meta property=\"article:modified_time\" content=\"2026-02-18T08:45:59+00:00\" \/>\n<meta property=\"og:image\" content=\"https:\/\/organonpro.com\/es-es\/wp-content\/uploads\/sites\/11\/2024\/04\/respiratorio3D.jpg\" \/>\n\t<meta property=\"og:image:width\" content=\"396\" \/>\n\t<meta property=\"og:image:height\" content=\"223\" \/>\n\t<meta property=\"og:image:type\" content=\"image\/jpeg\" \/>\n<meta name=\"twitter:card\" content=\"summary_large_image\" \/>\n<meta name=\"twitter:site\" content=\"@OrganonLLC\" \/>\n<meta name=\"twitter:label1\" content=\"Est. reading time\" \/>\n\t<meta name=\"twitter:data1\" content=\"1 minute\" \/>\n<script type=\"application\/ld+json\" class=\"yoast-schema-graph\">{\"@context\":\"https:\/\/schema.org\",\"@graph\":[{\"@type\":\"WebPage\",\"@id\":\"https:\/\/organonpro.com\/es-es\/aparato-respiratorio\/\",\"url\":\"https:\/\/organonpro.com\/es-es\/aparato-respiratorio\/\",\"name\":\"Modelo anat\u00f3mico del aparato respiratorio 3D - Organon Pro - Espa\u00f1a\",\"isPartOf\":{\"@id\":\"https:\/\/organonpro.com\/es-es\/#website\"},\"primaryImageOfPage\":{\"@id\":\"https:\/\/organonpro.com\/es-es\/aparato-respiratorio\/#primaryimage\"},\"image\":{\"@id\":\"https:\/\/organonpro.com\/es-es\/aparato-respiratorio\/#primaryimage\"},\"thumbnailUrl\":\"https:\/\/organonpro.com\/es-es\/wp-content\/uploads\/sites\/11\/2024\/04\/respiratorio3D.jpg\",\"datePublished\":\"2024-04-17T09:12:53+00:00\",\"dateModified\":\"2026-02-18T08:45:59+00:00\",\"description\":\"Este detallado modelo anat\u00f3mico del aparato respiratorio 3D te permite visualizar algunas de las patolog\u00edas y c\u00f3mo pueden progresar.\",\"breadcrumb\":{\"@id\":\"https:\/\/organonpro.com\/es-es\/aparato-respiratorio\/#breadcrumb\"},\"inLanguage\":\"en-US\",\"potentialAction\":[{\"@type\":\"ReadAction\",\"target\":[\"https:\/\/organonpro.com\/es-es\/aparato-respiratorio\/\"]}]},{\"@type\":\"ImageObject\",\"inLanguage\":\"en-US\",\"@id\":\"https:\/\/organonpro.com\/es-es\/aparato-respiratorio\/#primaryimage\",\"url\":\"https:\/\/organonpro.com\/es-es\/wp-content\/uploads\/sites\/11\/2024\/04\/respiratorio3D.jpg\",\"contentUrl\":\"https:\/\/organonpro.com\/es-es\/wp-content\/uploads\/sites\/11\/2024\/04\/respiratorio3D.jpg\",\"width\":396,\"height\":223,\"caption\":\"Modelo anat\u00f3mico del aparato respiratorio en 3D\"},{\"@type\":\"BreadcrumbList\",\"@id\":\"https:\/\/organonpro.com\/es-es\/aparato-respiratorio\/#breadcrumb\",\"itemListElement\":[{\"@type\":\"ListItem\",\"position\":1,\"name\":\"Home\",\"item\":\"https:\/\/organonpro.com\/es-es\/\"},{\"@type\":\"ListItem\",\"position\":2,\"name\":\"Modelo anat\u00f3mico 3D del aparato respiratorio\"}]},{\"@type\":\"WebSite\",\"@id\":\"https:\/\/organonpro.com\/es-es\/#website\",\"url\":\"https:\/\/organonpro.com\/es-es\/\",\"name\":\"Organon Pro - Espa\u00f1a\",\"description\":\"Organon Pro - Espa\u00f1a\",\"publisher\":{\"@id\":\"https:\/\/organonpro.com\/es-es\/#organization\"},\"potentialAction\":[{\"@type\":\"SearchAction\",\"target\":{\"@type\":\"EntryPoint\",\"urlTemplate\":\"https:\/\/organonpro.com\/es-es\/?s={search_term_string}\"},\"query-input\":{\"@type\":\"PropertyValueSpecification\",\"valueRequired\":true,\"valueName\":\"search_term_string\"}}],\"inLanguage\":\"en-US\"},{\"@type\":\"Organization\",\"@id\":\"https:\/\/organonpro.com\/es-es\/#organization\",\"name\":\"Organon Pro - Espa\u00f1a\",\"url\":\"https:\/\/organonpro.com\/es-es\/\",\"logo\":{\"@type\":\"ImageObject\",\"inLanguage\":\"en-US\",\"@id\":\"https:\/\/organonpro.com\/es-es\/#\/schema\/logo\/image\/\",\"url\":\"https:\/\/organonpro.com\/es-es\/wp-content\/uploads\/sites\/11\/2023\/08\/organon-pro-1.webp\",\"contentUrl\":\"https:\/\/organonpro.com\/es-es\/wp-content\/uploads\/sites\/11\/2023\/08\/organon-pro-1.webp\",\"width\":2269,\"height\":243,\"caption\":\"Organon Pro - Espa\u00f1a\"},\"image\":{\"@id\":\"https:\/\/organonpro.com\/es-es\/#\/schema\/logo\/image\/\"},\"sameAs\":[\"https:\/\/www.facebook.com\/OrganonandCo\",\"https:\/\/x.com\/OrganonLLC\"]}]}<\/script>\n<!-- \/ Yoast SEO Premium plugin. -->","yoast_head_json":{"title":"Modelo anat\u00f3mico del aparato respiratorio 3D - Organon Pro - Espa\u00f1a","description":"Este detallado modelo anat\u00f3mico del aparato respiratorio 3D te permite visualizar algunas de las patolog\u00edas y c\u00f3mo pueden progresar.","robots":{"index":"index","follow":"follow","max-snippet":"max-snippet:-1","max-image-preview":"max-image-preview:large","max-video-preview":"max-video-preview:-1"},"canonical":"https:\/\/organonpro.com\/es-es\/aparato-respiratorio\/","og_locale":"en_US","og_type":"article","og_title":"Modelo anat\u00f3mico 3D del aparato respiratorio","og_description":"Este detallado modelo anat\u00f3mico del aparato respiratorio 3D te permite visualizar algunas de las patolog\u00edas y c\u00f3mo pueden progresar.","og_url":"https:\/\/organonpro.com\/es-es\/aparato-respiratorio\/","og_site_name":"Organon Pro - Espa\u00f1a","article_publisher":"https:\/\/www.facebook.com\/OrganonandCo","article_modified_time":"2026-02-18T08:45:59+00:00","og_image":[{"width":396,"height":223,"url":"https:\/\/organonpro.com\/es-es\/wp-content\/uploads\/sites\/11\/2024\/04\/respiratorio3D.jpg","type":"image\/jpeg"}],"twitter_card":"summary_large_image","twitter_site":"@OrganonLLC","twitter_misc":{"Est. reading time":"1 minute"},"schema":{"@context":"https:\/\/schema.org","@graph":[{"@type":"WebPage","@id":"https:\/\/organonpro.com\/es-es\/aparato-respiratorio\/","url":"https:\/\/organonpro.com\/es-es\/aparato-respiratorio\/","name":"Modelo anat\u00f3mico del aparato respiratorio 3D - Organon Pro - Espa\u00f1a","isPartOf":{"@id":"https:\/\/organonpro.com\/es-es\/#website"},"primaryImageOfPage":{"@id":"https:\/\/organonpro.com\/es-es\/aparato-respiratorio\/#primaryimage"},"image":{"@id":"https:\/\/organonpro.com\/es-es\/aparato-respiratorio\/#primaryimage"},"thumbnailUrl":"https:\/\/organonpro.com\/es-es\/wp-content\/uploads\/sites\/11\/2024\/04\/respiratorio3D.jpg","datePublished":"2024-04-17T09:12:53+00:00","dateModified":"2026-02-18T08:45:59+00:00","description":"Este detallado modelo anat\u00f3mico del aparato respiratorio 3D te permite visualizar algunas de las patolog\u00edas y c\u00f3mo pueden progresar.","breadcrumb":{"@id":"https:\/\/organonpro.com\/es-es\/aparato-respiratorio\/#breadcrumb"},"inLanguage":"en-US","potentialAction":[{"@type":"ReadAction","target":["https:\/\/organonpro.com\/es-es\/aparato-respiratorio\/"]}]},{"@type":"ImageObject","inLanguage":"en-US","@id":"https:\/\/organonpro.com\/es-es\/aparato-respiratorio\/#primaryimage","url":"https:\/\/organonpro.com\/es-es\/wp-content\/uploads\/sites\/11\/2024\/04\/respiratorio3D.jpg","contentUrl":"https:\/\/organonpro.com\/es-es\/wp-content\/uploads\/sites\/11\/2024\/04\/respiratorio3D.jpg","width":396,"height":223,"caption":"Modelo anat\u00f3mico del aparato respiratorio en 3D"},{"@type":"BreadcrumbList","@id":"https:\/\/organonpro.com\/es-es\/aparato-respiratorio\/#breadcrumb","itemListElement":[{"@type":"ListItem","position":1,"name":"Home","item":"https:\/\/organonpro.com\/es-es\/"},{"@type":"ListItem","position":2,"name":"Modelo anat\u00f3mico 3D del aparato respiratorio"}]},{"@type":"WebSite","@id":"https:\/\/organonpro.com\/es-es\/#website","url":"https:\/\/organonpro.com\/es-es\/","name":"Organon Pro - Espa\u00f1a","description":"Organon Pro - Espa\u00f1a","publisher":{"@id":"https:\/\/organonpro.com\/es-es\/#organization"},"potentialAction":[{"@type":"SearchAction","target":{"@type":"EntryPoint","urlTemplate":"https:\/\/organonpro.com\/es-es\/?s={search_term_string}"},"query-input":{"@type":"PropertyValueSpecification","valueRequired":true,"valueName":"search_term_string"}}],"inLanguage":"en-US"},{"@type":"Organization","@id":"https:\/\/organonpro.com\/es-es\/#organization","name":"Organon Pro - Espa\u00f1a","url":"https:\/\/organonpro.com\/es-es\/","logo":{"@type":"ImageObject","inLanguage":"en-US","@id":"https:\/\/organonpro.com\/es-es\/#\/schema\/logo\/image\/","url":"https:\/\/organonpro.com\/es-es\/wp-content\/uploads\/sites\/11\/2023\/08\/organon-pro-1.webp","contentUrl":"https:\/\/organonpro.com\/es-es\/wp-content\/uploads\/sites\/11\/2023\/08\/organon-pro-1.webp","width":2269,"height":243,"caption":"Organon Pro - Espa\u00f1a"},"image":{"@id":"https:\/\/organonpro.com\/es-es\/#\/schema\/logo\/image\/"},"sameAs":["https:\/\/www.facebook.com\/OrganonandCo","https:\/\/x.com\/OrganonLLC"]}]}},"jetpack_sharing_enabled":true,"_links":{"self":[{"href":"https:\/\/organonpro.com\/es-es\/wp-json\/wp\/v2\/pages\/19737","targetHints":{"allow":["GET"]}}],"collection":[{"href":"https:\/\/organonpro.com\/es-es\/wp-json\/wp\/v2\/pages"}],"about":[{"href":"https:\/\/organonpro.com\/es-es\/wp-json\/wp\/v2\/types\/page"}],"author":[{"embeddable":true,"href":"https:\/\/organonpro.com\/es-es\/wp-json\/wp\/v2\/users\/118"}],"replies":[{"embeddable":true,"href":"https:\/\/organonpro.com\/es-es\/wp-json\/wp\/v2\/comments?post=19737"}],"version-history":[{"count":18,"href":"https:\/\/organonpro.com\/es-es\/wp-json\/wp\/v2\/pages\/19737\/revisions"}],"predecessor-version":[{"id":39776,"href":"https:\/\/organonpro.com\/es-es\/wp-json\/wp\/v2\/pages\/19737\/revisions\/39776"}],"wp:featuredmedia":[{"embeddable":true,"href":"https:\/\/organonpro.com\/es-es\/wp-json\/wp\/v2\/media\/19819"}],"wp:attachment":[{"href":"https:\/\/organonpro.com\/es-es\/wp-json\/wp\/v2\/media?parent=19737"}],"curies":[{"name":"wp","href":"https:\/\/api.w.org\/{rel}","templated":true}]}}