{"id":19001,"date":"2024-03-18T14:48:41","date_gmt":"2024-03-18T14:48:41","guid":{"rendered":"https:\/\/organonpro.com\/es-es\/?page_id=19001"},"modified":"2026-02-18T09:00:12","modified_gmt":"2026-02-18T09:00:12","slug":"brazo3d","status":"publish","type":"page","link":"https:\/\/organonpro.com\/es-es\/brazo3d\/","title":{"rendered":"Brazo 3D: formaci\u00f3n inmersiva"},"content":{"rendered":"\n<div style=\"height:20px\" class=\"wp-block-spacer\"><\/div>\n\n\n\n<section class=\"wp-block-orc-two-column-block section-two-column-block-7f7634f7-56f9-4a23-84e5-7266985c10fc splits splits-ratio splits-half splits-reverse ungated\"><style>@media screen and (min-width: 940px){ .section-two-column-block-7f7634f7-56f9-4a23-84e5-7266985c10fc { margin-top: 0rem;margin-bottom: 0rem; }}@media screen and (min-width: 320px) and (max-width: 939px){.section-two-column-block-7f7634f7-56f9-4a23-84e5-7266985c10fc { margin-top: 0rem;margin-bottom: 0rem; }}<\/style><section class=\"splits splits-ratio splits-half splits-reverse ungated\" style=\"background-color:\"><div class=\"container\"><div class=\"splits-row row\"><div class=\"splits-figure   col-md-6 col-sm-6 \"><div style=\"background-image:url(https:\/\/organonpro.com\/es-es\/wp-content\/uploads\/sites\/11\/2024\/04\/brazo3D.gif)\" class=\"splits-figure__bg ab\"><\/div><\/div><div class=\"splits-area  col-md-6 col-sm-6\"><div class=\"splits-content cd\"><h2 class=\"splits-heading\"><strong>Modelo anat\u00f3mico del brazo 3D<\/strong><\/h2><p class=\"splits-text\">Sum\u00e9rgete en una experiencia formativa 3D para aprender <strong>c\u00f3mo se inserta y extrae el implante anticonceptivo<\/strong>.<\/p><div class=\"splits-button herobannerblock\"><div class=\"ungated\"><a class=\"btn btn-smoke__primary\" href=\"https:\/\/microsites.organon.es\/Organo3D\/Brazo\/\" rel=\"noopener noreferrer\" target=\"_self\">Explorar<\/a><\/div><\/div><\/div><\/div><\/div><\/div><\/section><\/section>\n\n\n<section class=\"gb-content-editor content-editor \" id=\"gb-content-editor\">\n\t<div class=\"container\">\n\t\t\t\t<div class=\"row justify-content-center\">\n\t\t\t<div class=\"col-xl-12 col-md-12 col-sm-12 content-col\">\n\t\t\t\t<div>Optimizado para ordenador.<\/div>\n<div>Para asegurar una buena visualizaci\u00f3n del brazo 3D, te recomendamos que utilices los navegadores Google Chrome, Firefox o Edge. El contenido no est\u00e1 disponible para Safari.<\/div>\n<div>\n<p>&nbsp;<\/p>\n<p><u>Bibliograf\u00eda:<\/u><\/p>\n<ol>\n<li>Ficha t\u00e9cnica de Implanon NXT<\/li>\n<li>Tortora, G. J., &amp; Derrickson, B. (2007).\u00a0<i>Principios de anatom\u00eda y fisiolog\u00eda.<\/i><\/li>\n<\/ol>\n<\/div>\n\t\t\t<\/div>\n\t\t<\/div>\n\t<\/div>\n<\/section>\n\n\n<div style=\"height:40px\" aria-hidden=\"true\" class=\"wp-block-spacer\"><\/div>\n\n\n\n<h1 class=\"wp-block-heading has-text-align-center\" id=\"h-conoce-el-portfolio-de-organon\"><strong>Espacio patrocinado por<\/strong><\/h1>\n\n\n\n<div class=\"wp-block-columns is-layout-flex wp-container-core-columns-is-layout-9d6595d7 wp-block-columns-is-layout-flex\">\n<div class=\"wp-block-column is-layout-flow wp-block-column-is-layout-flow\" style=\"flex-basis:15%\"><\/div>\n\n\n\n<div class=\"wp-block-column is-layout-flow wp-block-column-is-layout-flow\" style=\"flex-basis:70%\">\n<div class=\"wp-block-columns is-layout-flex wp-container-core-columns-is-layout-9d6595d7 wp-block-columns-is-layout-flex\">\n<div class=\"wp-block-column is-layout-flow wp-block-column-is-layout-flow\"><\/div>\n\n\n\n<div class=\"wp-block-column is-layout-flow wp-block-column-is-layout-flow\"><div class=\"wp-block-image\">\n<figure class=\"aligncenter size-large is-resized\"><a href=\"https:\/\/organonpro.com\/es-es\/product\/implanon-nxt\/informacion-sobre-implanon-nxt\/\"><img loading=\"lazy\" decoding=\"async\" height=\"768\" width=\"1024\" src=\"https:\/\/organonpro.com\/es-es\/wp-content\/uploads\/sites\/11\/2023\/03\/Implanon.png?w=640\" alt=\"\" class=\"wp-image-12142\" style=\"width:250px\" srcset=\"https:\/\/organonpro.com\/es-es\/wp-content\/uploads\/sites\/11\/2023\/03\/Implanon.png 1668w, https:\/\/organonpro.com\/es-es\/wp-content\/uploads\/sites\/11\/2023\/03\/Implanon.png?resize=300,225 300w, https:\/\/organonpro.com\/es-es\/wp-content\/uploads\/sites\/11\/2023\/03\/Implanon.png?resize=768,576 768w, https:\/\/organonpro.com\/es-es\/wp-content\/uploads\/sites\/11\/2023\/03\/Implanon.png?resize=1024,768 1024w, https:\/\/organonpro.com\/es-es\/wp-content\/uploads\/sites\/11\/2023\/03\/Implanon.png?resize=1536,1152 1536w, https:\/\/organonpro.com\/es-es\/wp-content\/uploads\/sites\/11\/2023\/03\/Implanon.png?resize=168,126 168w, https:\/\/organonpro.com\/es-es\/wp-content\/uploads\/sites\/11\/2023\/03\/Implanon.png?resize=667,500 667w, https:\/\/organonpro.com\/es-es\/wp-content\/uploads\/sites\/11\/2023\/03\/Implanon.png?resize=347,260 347w, https:\/\/organonpro.com\/es-es\/wp-content\/uploads\/sites\/11\/2023\/03\/Implanon.png?resize=603,452 603w, https:\/\/organonpro.com\/es-es\/wp-content\/uploads\/sites\/11\/2023\/03\/Implanon.png?resize=357,268 357w, https:\/\/organonpro.com\/es-es\/wp-content\/uploads\/sites\/11\/2023\/03\/Implanon.png?resize=150,113 150w, https:\/\/organonpro.com\/es-es\/wp-content\/uploads\/sites\/11\/2023\/03\/Implanon.png?resize=297,223 297w, https:\/\/organonpro.com\/es-es\/wp-content\/uploads\/sites\/11\/2023\/03\/Implanon.png?resize=100,75 100w, https:\/\/organonpro.com\/es-es\/wp-content\/uploads\/sites\/11\/2023\/03\/Implanon.png?resize=211,158 211w, https:\/\/organonpro.com\/es-es\/wp-content\/uploads\/sites\/11\/2023\/03\/Implanon.png?resize=64,48 64w, https:\/\/organonpro.com\/es-es\/wp-content\/uploads\/sites\/11\/2023\/03\/Implanon.png?resize=956,717 956w, https:\/\/organonpro.com\/es-es\/wp-content\/uploads\/sites\/11\/2023\/03\/Implanon.png?resize=461,346 461w, https:\/\/organonpro.com\/es-es\/wp-content\/uploads\/sites\/11\/2023\/03\/Implanon.png?resize=107,80 107w, https:\/\/organonpro.com\/es-es\/wp-content\/uploads\/sites\/11\/2023\/03\/Implanon.png?resize=129,97 129w, https:\/\/organonpro.com\/es-es\/wp-content\/uploads\/sites\/11\/2023\/03\/Implanon.png?resize=167,125 167w, https:\/\/organonpro.com\/es-es\/wp-content\/uploads\/sites\/11\/2023\/03\/Implanon.png?resize=333,250 333w, https:\/\/organonpro.com\/es-es\/wp-content\/uploads\/sites\/11\/2023\/03\/Implanon.png?resize=396,297 396w, https:\/\/organonpro.com\/es-es\/wp-content\/uploads\/sites\/11\/2023\/03\/Implanon.png?resize=715,536 715w, https:\/\/organonpro.com\/es-es\/wp-content\/uploads\/sites\/11\/2023\/03\/Implanon.png?resize=267,200 267w\" sizes=\"auto, (max-width: 1024px) 100vw, 1024px\" \/><\/a><\/figure><\/div><\/div>\n\n\n\n<div class=\"wp-block-column is-layout-flow wp-block-column-is-layout-flow\"><\/div>\n<\/div>\n<\/div>\n\n\n\n<div class=\"wp-block-column is-layout-flow wp-block-column-is-layout-flow\" style=\"flex-basis:15%\"><\/div>\n<\/div>\n\n\n\n<p class=\"has-text-align-center\">ES-XPL-110491 (Creado: febrero 2026)<\/p>\n\n\n\n<p><\/p>\n","protected":false},"excerpt":{"rendered":"<p>Espacio patrocinado por ES-XPL-110491 (Creado: febrero 2026)<\/p>\n","protected":false},"author":118,"featured_media":19640,"parent":0,"menu_order":0,"comment_status":"closed","ping_status":"closed","template":"templates\/content-only.php","meta":{"_acf_changed":false,"footnotes":""},"class_list":["post-19001","page","type-page","status-publish","has-post-thumbnail","hentry"],"acf":[],"yoast_head":"<!-- This site is optimized with the Yoast SEO Premium plugin v20.11 (Yoast SEO v26.6) - https:\/\/yoast.com\/wordpress\/plugins\/seo\/ -->\n<title>Modelo anat\u00f3mico del brazo 3D - Organon Pro - Espa\u00f1a<\/title>\n<meta name=\"description\" content=\"Te presentamos una experiencia did\u00e1ctica en 3D para aprender c\u00f3mo insertar y extraer el implante anticonceptivo.\" \/>\n<meta name=\"robots\" content=\"index, follow, max-snippet:-1, max-image-preview:large, max-video-preview:-1\" \/>\n<link rel=\"canonical\" href=\"https:\/\/organonpro.com\/es-es\/brazo3d\/\" \/>\n<meta property=\"og:locale\" content=\"en_US\" \/>\n<meta property=\"og:type\" content=\"article\" \/>\n<meta property=\"og:title\" content=\"Brazo 3D: formaci\u00f3n inmersiva\" \/>\n<meta property=\"og:description\" content=\"Te presentamos una experiencia did\u00e1ctica en 3D para aprender c\u00f3mo insertar y extraer el implante anticonceptivo.\" \/>\n<meta property=\"og:url\" content=\"https:\/\/organonpro.com\/es-es\/brazo3d\/\" \/>\n<meta property=\"og:site_name\" content=\"Organon Pro - Espa\u00f1a\" \/>\n<meta property=\"article:publisher\" content=\"https:\/\/www.facebook.com\/OrganonandCo\" \/>\n<meta property=\"article:modified_time\" content=\"2026-02-18T09:00:12+00:00\" \/>\n<meta property=\"og:image\" content=\"https:\/\/organonpro.com\/es-es\/wp-content\/uploads\/sites\/11\/2024\/04\/thumb_brazo.png\" \/>\n\t<meta property=\"og:image:width\" content=\"1650\" \/>\n\t<meta property=\"og:image:height\" content=\"930\" \/>\n\t<meta property=\"og:image:type\" content=\"image\/png\" \/>\n<meta name=\"twitter:card\" content=\"summary_large_image\" \/>\n<meta name=\"twitter:site\" content=\"@OrganonLLC\" \/>\n<meta name=\"twitter:label1\" content=\"Est. reading time\" \/>\n\t<meta name=\"twitter:data1\" content=\"1 minute\" \/>\n<script type=\"application\/ld+json\" class=\"yoast-schema-graph\">{\"@context\":\"https:\/\/schema.org\",\"@graph\":[{\"@type\":\"WebPage\",\"@id\":\"https:\/\/organonpro.com\/es-es\/brazo3d\/\",\"url\":\"https:\/\/organonpro.com\/es-es\/brazo3d\/\",\"name\":\"Modelo anat\u00f3mico del brazo 3D - Organon Pro - Espa\u00f1a\",\"isPartOf\":{\"@id\":\"https:\/\/organonpro.com\/es-es\/#website\"},\"primaryImageOfPage\":{\"@id\":\"https:\/\/organonpro.com\/es-es\/brazo3d\/#primaryimage\"},\"image\":{\"@id\":\"https:\/\/organonpro.com\/es-es\/brazo3d\/#primaryimage\"},\"thumbnailUrl\":\"https:\/\/organonpro.com\/es-es\/wp-content\/uploads\/sites\/11\/2024\/04\/thumb_brazo.png\",\"datePublished\":\"2024-03-18T14:48:41+00:00\",\"dateModified\":\"2026-02-18T09:00:12+00:00\",\"description\":\"Te presentamos una experiencia did\u00e1ctica en 3D para aprender c\u00f3mo insertar y extraer el implante anticonceptivo.\",\"breadcrumb\":{\"@id\":\"https:\/\/organonpro.com\/es-es\/brazo3d\/#breadcrumb\"},\"inLanguage\":\"en-US\",\"potentialAction\":[{\"@type\":\"ReadAction\",\"target\":[\"https:\/\/organonpro.com\/es-es\/brazo3d\/\"]}]},{\"@type\":\"ImageObject\",\"inLanguage\":\"en-US\",\"@id\":\"https:\/\/organonpro.com\/es-es\/brazo3d\/#primaryimage\",\"url\":\"https:\/\/organonpro.com\/es-es\/wp-content\/uploads\/sites\/11\/2024\/04\/thumb_brazo.png\",\"contentUrl\":\"https:\/\/organonpro.com\/es-es\/wp-content\/uploads\/sites\/11\/2024\/04\/thumb_brazo.png\",\"width\":1650,\"height\":930},{\"@type\":\"BreadcrumbList\",\"@id\":\"https:\/\/organonpro.com\/es-es\/brazo3d\/#breadcrumb\",\"itemListElement\":[{\"@type\":\"ListItem\",\"position\":1,\"name\":\"Home\",\"item\":\"https:\/\/organonpro.com\/es-es\/\"},{\"@type\":\"ListItem\",\"position\":2,\"name\":\"Brazo 3D: formaci\u00f3n inmersiva\"}]},{\"@type\":\"WebSite\",\"@id\":\"https:\/\/organonpro.com\/es-es\/#website\",\"url\":\"https:\/\/organonpro.com\/es-es\/\",\"name\":\"Organon Pro - Espa\u00f1a\",\"description\":\"Organon Pro - Espa\u00f1a\",\"publisher\":{\"@id\":\"https:\/\/organonpro.com\/es-es\/#organization\"},\"potentialAction\":[{\"@type\":\"SearchAction\",\"target\":{\"@type\":\"EntryPoint\",\"urlTemplate\":\"https:\/\/organonpro.com\/es-es\/?s={search_term_string}\"},\"query-input\":{\"@type\":\"PropertyValueSpecification\",\"valueRequired\":true,\"valueName\":\"search_term_string\"}}],\"inLanguage\":\"en-US\"},{\"@type\":\"Organization\",\"@id\":\"https:\/\/organonpro.com\/es-es\/#organization\",\"name\":\"Organon Pro - Espa\u00f1a\",\"url\":\"https:\/\/organonpro.com\/es-es\/\",\"logo\":{\"@type\":\"ImageObject\",\"inLanguage\":\"en-US\",\"@id\":\"https:\/\/organonpro.com\/es-es\/#\/schema\/logo\/image\/\",\"url\":\"https:\/\/organonpro.com\/es-es\/wp-content\/uploads\/sites\/11\/2023\/08\/organon-pro-1.webp\",\"contentUrl\":\"https:\/\/organonpro.com\/es-es\/wp-content\/uploads\/sites\/11\/2023\/08\/organon-pro-1.webp\",\"width\":2269,\"height\":243,\"caption\":\"Organon Pro - Espa\u00f1a\"},\"image\":{\"@id\":\"https:\/\/organonpro.com\/es-es\/#\/schema\/logo\/image\/\"},\"sameAs\":[\"https:\/\/www.facebook.com\/OrganonandCo\",\"https:\/\/x.com\/OrganonLLC\"]}]}<\/script>\n<!-- \/ Yoast SEO Premium plugin. -->","yoast_head_json":{"title":"Modelo anat\u00f3mico del brazo 3D - Organon Pro - Espa\u00f1a","description":"Te presentamos una experiencia did\u00e1ctica en 3D para aprender c\u00f3mo insertar y extraer el implante anticonceptivo.","robots":{"index":"index","follow":"follow","max-snippet":"max-snippet:-1","max-image-preview":"max-image-preview:large","max-video-preview":"max-video-preview:-1"},"canonical":"https:\/\/organonpro.com\/es-es\/brazo3d\/","og_locale":"en_US","og_type":"article","og_title":"Brazo 3D: formaci\u00f3n inmersiva","og_description":"Te presentamos una experiencia did\u00e1ctica en 3D para aprender c\u00f3mo insertar y extraer el implante anticonceptivo.","og_url":"https:\/\/organonpro.com\/es-es\/brazo3d\/","og_site_name":"Organon Pro - Espa\u00f1a","article_publisher":"https:\/\/www.facebook.com\/OrganonandCo","article_modified_time":"2026-02-18T09:00:12+00:00","og_image":[{"width":1650,"height":930,"url":"https:\/\/organonpro.com\/es-es\/wp-content\/uploads\/sites\/11\/2024\/04\/thumb_brazo.png","type":"image\/png"}],"twitter_card":"summary_large_image","twitter_site":"@OrganonLLC","twitter_misc":{"Est. reading time":"1 minute"},"schema":{"@context":"https:\/\/schema.org","@graph":[{"@type":"WebPage","@id":"https:\/\/organonpro.com\/es-es\/brazo3d\/","url":"https:\/\/organonpro.com\/es-es\/brazo3d\/","name":"Modelo anat\u00f3mico del brazo 3D - Organon Pro - Espa\u00f1a","isPartOf":{"@id":"https:\/\/organonpro.com\/es-es\/#website"},"primaryImageOfPage":{"@id":"https:\/\/organonpro.com\/es-es\/brazo3d\/#primaryimage"},"image":{"@id":"https:\/\/organonpro.com\/es-es\/brazo3d\/#primaryimage"},"thumbnailUrl":"https:\/\/organonpro.com\/es-es\/wp-content\/uploads\/sites\/11\/2024\/04\/thumb_brazo.png","datePublished":"2024-03-18T14:48:41+00:00","dateModified":"2026-02-18T09:00:12+00:00","description":"Te presentamos una experiencia did\u00e1ctica en 3D para aprender c\u00f3mo insertar y extraer el implante anticonceptivo.","breadcrumb":{"@id":"https:\/\/organonpro.com\/es-es\/brazo3d\/#breadcrumb"},"inLanguage":"en-US","potentialAction":[{"@type":"ReadAction","target":["https:\/\/organonpro.com\/es-es\/brazo3d\/"]}]},{"@type":"ImageObject","inLanguage":"en-US","@id":"https:\/\/organonpro.com\/es-es\/brazo3d\/#primaryimage","url":"https:\/\/organonpro.com\/es-es\/wp-content\/uploads\/sites\/11\/2024\/04\/thumb_brazo.png","contentUrl":"https:\/\/organonpro.com\/es-es\/wp-content\/uploads\/sites\/11\/2024\/04\/thumb_brazo.png","width":1650,"height":930},{"@type":"BreadcrumbList","@id":"https:\/\/organonpro.com\/es-es\/brazo3d\/#breadcrumb","itemListElement":[{"@type":"ListItem","position":1,"name":"Home","item":"https:\/\/organonpro.com\/es-es\/"},{"@type":"ListItem","position":2,"name":"Brazo 3D: formaci\u00f3n inmersiva"}]},{"@type":"WebSite","@id":"https:\/\/organonpro.com\/es-es\/#website","url":"https:\/\/organonpro.com\/es-es\/","name":"Organon Pro - Espa\u00f1a","description":"Organon Pro - Espa\u00f1a","publisher":{"@id":"https:\/\/organonpro.com\/es-es\/#organization"},"potentialAction":[{"@type":"SearchAction","target":{"@type":"EntryPoint","urlTemplate":"https:\/\/organonpro.com\/es-es\/?s={search_term_string}"},"query-input":{"@type":"PropertyValueSpecification","valueRequired":true,"valueName":"search_term_string"}}],"inLanguage":"en-US"},{"@type":"Organization","@id":"https:\/\/organonpro.com\/es-es\/#organization","name":"Organon Pro - Espa\u00f1a","url":"https:\/\/organonpro.com\/es-es\/","logo":{"@type":"ImageObject","inLanguage":"en-US","@id":"https:\/\/organonpro.com\/es-es\/#\/schema\/logo\/image\/","url":"https:\/\/organonpro.com\/es-es\/wp-content\/uploads\/sites\/11\/2023\/08\/organon-pro-1.webp","contentUrl":"https:\/\/organonpro.com\/es-es\/wp-content\/uploads\/sites\/11\/2023\/08\/organon-pro-1.webp","width":2269,"height":243,"caption":"Organon Pro - Espa\u00f1a"},"image":{"@id":"https:\/\/organonpro.com\/es-es\/#\/schema\/logo\/image\/"},"sameAs":["https:\/\/www.facebook.com\/OrganonandCo","https:\/\/x.com\/OrganonLLC"]}]}},"jetpack_sharing_enabled":true,"_links":{"self":[{"href":"https:\/\/organonpro.com\/es-es\/wp-json\/wp\/v2\/pages\/19001","targetHints":{"allow":["GET"]}}],"collection":[{"href":"https:\/\/organonpro.com\/es-es\/wp-json\/wp\/v2\/pages"}],"about":[{"href":"https:\/\/organonpro.com\/es-es\/wp-json\/wp\/v2\/types\/page"}],"author":[{"embeddable":true,"href":"https:\/\/organonpro.com\/es-es\/wp-json\/wp\/v2\/users\/118"}],"replies":[{"embeddable":true,"href":"https:\/\/organonpro.com\/es-es\/wp-json\/wp\/v2\/comments?post=19001"}],"version-history":[{"count":24,"href":"https:\/\/organonpro.com\/es-es\/wp-json\/wp\/v2\/pages\/19001\/revisions"}],"predecessor-version":[{"id":40172,"href":"https:\/\/organonpro.com\/es-es\/wp-json\/wp\/v2\/pages\/19001\/revisions\/40172"}],"wp:featuredmedia":[{"embeddable":true,"href":"https:\/\/organonpro.com\/es-es\/wp-json\/wp\/v2\/media\/19640"}],"wp:attachment":[{"href":"https:\/\/organonpro.com\/es-es\/wp-json\/wp\/v2\/media?parent=19001"}],"curies":[{"name":"wp","href":"https:\/\/api.w.org\/{rel}","templated":true}]}}