{"id":13603,"date":"2023-06-09T09:51:06","date_gmt":"2023-06-09T09:51:06","guid":{"rendered":"https:\/\/organonpro.com\/es-es\/?page_id=13603"},"modified":"2026-02-18T09:15:49","modified_gmt":"2026-02-18T09:15:49","slug":"rodilla","status":"publish","type":"page","link":"https:\/\/organonpro.com\/es-es\/rodilla\/","title":{"rendered":"Rodilla"},"content":{"rendered":"\n<div style=\"height:20px\" class=\"wp-block-spacer\"><\/div>\n\n\n\n<section class=\"wp-block-orc-two-column-block section-two-column-block-c0f636cd-4f6e-445b-ba84-908e6526e154 splits splits-ratio splits-half splits-reverse ungated\"><style>@media screen and (min-width: 940px){ .section-two-column-block-c0f636cd-4f6e-445b-ba84-908e6526e154 { margin-top: 0rem;margin-bottom: 0rem; }}@media screen and (min-width: 320px) and (max-width: 939px){.section-two-column-block-c0f636cd-4f6e-445b-ba84-908e6526e154 { margin-top: 0rem;margin-bottom: 0rem; }}<\/style><section class=\"splits splits-ratio splits-half splits-reverse ungated\" style=\"background-color:\"><div class=\"container\"><div class=\"splits-row row\"><div class=\"splits-figure   col-md-6 col-sm-6 \"><div style=\"background-image:url(https:\/\/organonpro.com\/es-es\/wp-content\/uploads\/sites\/11\/2023\/06\/rodillaGif.gif)\" class=\"splits-figure__bg ab\"><\/div><\/div><div class=\"splits-area  col-md-6 col-sm-6\"><div class=\"splits-content cd\"><h2 class=\"splits-heading\"><strong><strong>Modelo anat\u00f3mico de la rodilla 3D<\/strong><\/strong><\/h2><p class=\"splits-text\">Formaci\u00f3n inmersiva en 3D que te permite descubrir la anatom\u00eda de una rodilla a trav\u00e9s de sus capas y profundizar en las <strong>patolog\u00edas y lesiones m\u00e1s frecuentes y c\u00f3mo evolucionan<\/strong>.<\/p><div class=\"splits-button herobannerblock\"><div class=\"ungated\"><a class=\"btn btn-smoke__primary\" href=\"https:\/\/microsites.organon.es\/Organo3D\/Rodilla\/\" rel=\"noopener noreferrer\" target=\"_self\">Explorar<\/a><\/div><\/div><\/div><\/div><\/div><\/div><\/section><\/section>\n\n\n<section class=\"gb-content-editor content-editor \" id=\"gb-content-editor\">\n\t<div class=\"container\">\n\t\t\t\t<div class=\"row justify-content-center\">\n\t\t\t<div class=\"col-xl-12 col-md-12 col-sm-12 content-col\">\n\t\t\t\t<p>Optimizado para ordenador.<\/p>\n<p>&nbsp;<\/p>\n<p><u>Bibliograf\u00eda:<\/u><\/p>\n<ul>\n<li>Sch\u00fcnke, Schulte, Schumaker, Voll, Wesker. PROMETHEUS. Texto y Atlas de Anatom\u00eda. Tomo 1: Anatom\u00eda general y<br \/>\naparato locomotor. Buenos Aires; Madrid: M\u00e9dica Panamericana, 2007 (1\u00aa Edici\u00f3n: junio 2005, 1\u00aa reimpresi\u00f3n:<br \/>\nmarzo 2007). ISBN: 978-84-7903-977-6.<\/li>\n<li>Blanco F J, et al. Prevalencia de artrosis sintom\u00e1tica en Espa\u00f1a: Estudio EPISER2016. Reumatolog\u00eda Cl\u00ednica<br \/>\n(English Edition), 2021; 17(8):461-470. <a href=\"https:\/\/doi.org\/10.1016\/j.reumae.2020.01.005\">https:\/\/doi.org\/10.1016\/j.reumae.2020.01.005<\/a><\/li>\n<li>Orthoinfo, de la American Academy of Orthopaedic Surgeons. Disponible en: <a href=\"https:\/\/orthoinfo.org\/es\/diseases--conditions\/el-sindrome-de-dolor-patelofemoral-patellofemoral-pain-syndrome\/\">https:\/\/orthoinfo.org\/es\/diseases&#8211;conditions\/el-sindrome-de-dolor-patelofemoral-patellofemoral-pain-syndrome\/<\/a><br \/>\n.\u00daltimo acceso: mayo de 2023<\/li>\n<li>Wolfe S, et al. Patellar Instability. StatPearls [Internet]. Treasure Island (FL): StatPearls Publishing; 2022<br \/>\nJan. 2022 Sep 18. PMID: 29494034. Bookshelf ID: NBK482427.<\/li>\n<li>Frosch S, et al. The treatment of patellar dislocation: a systematic review. Z Orthop Unfall, 2011<br \/>\nDec;149(6):630-45. doi: 10.1055\/s-0030-1250691.<\/li>\n<li>Ayala-Mej\u00edas JD. et al. Lesiones del ligamento cruzado anterior. Acta Ortop\u00e9dica Mexicana 2014; 28(1):57-67.<\/li>\n<li>LaPrade Robert F, et al. Evidence-Based Management of Complex Knee Injuries. Restoring the Anatomy to Achieve Best Outcomes. Copyright \uf0d3 2021 by Elsevier, Inc. All rights reserved. ISBN: 978-0-323-71310-8.<\/li>\n<li>Romanos P\u00e9rez J, et al. ROTURA DE RA\u00cdZ MENISCAL: CONCEPTOS ACTUALES. Ocronos. 2022;5(9) 30. <a href=\"https:\/\/revistamedica.com\/rotura-raiz-meniscal-conceptos-actuales\">https:\/\/revistamedica.com\/rotura-raiz-meniscal-conceptos-actuales<\/a>.\u00daltimo acceso: mayo de 2023.<\/li>\n<li>P Van der Worp M, et al. Iliotibial band syndrome in runners: a systematic review. Sports Med, 2012 Nov 1;42(11):969-92. doi: 10.2165\/11635400-000000000-00000.<\/li>\n<li>Strauss E J, et al. Iliotibial band syndrome: evaluation and management. J Am Acad Orthop Surg, 2011 Dec;19(12):728-36. doi: 10.5435\/00124635-201112000-00003.<\/li>\n<li>Bonilla P, et al. Ortopedia. Tendinitis rotuliana (rodilla del saltador). Revista m\u00e9dica de Costa Rica y Centroam\u00e9rica LXXIII, 2016;(620):519 \u2013 523.<\/li>\n<\/ul>\n\t\t\t<\/div>\n\t\t<\/div>\n\t<\/div>\n<\/section>\n\n\n<div style=\"height:40px\" class=\"wp-block-spacer\"><\/div>\n\n\n\n<h1 class=\"wp-block-heading has-text-align-center\" id=\"h-conoce-el-portfolio-de-organon\"><strong>Espacio patrocinado por<\/strong><\/h1>\n\n\n\n<div class=\"wp-block-columns is-layout-flex wp-container-core-columns-is-layout-9d6595d7 wp-block-columns-is-layout-flex\">\n<div class=\"wp-block-column is-layout-flow wp-block-column-is-layout-flow\" style=\"flex-basis:15%\"><\/div>\n\n\n\n<div class=\"wp-block-column is-layout-flow wp-block-column-is-layout-flow\" style=\"flex-basis:70%\">\n<div class=\"wp-block-columns is-layout-flex wp-container-core-columns-is-layout-9d6595d7 wp-block-columns-is-layout-flex\">\n<div class=\"wp-block-column is-layout-flow wp-block-column-is-layout-flow\"><div class=\"wp-block-image\">\n<figure class=\"aligncenter size-large is-resized\"><a href=\"https:\/\/organonpro.com\/es-es\/product\/arcoxia\/indicaciones-terapeuticas\/\" target=\"_blank\" rel=\"noreferrer noopener\"><img loading=\"lazy\" decoding=\"async\" height=\"576\" width=\"1024\" src=\"https:\/\/organonpro.com\/es-es\/wp-content\/uploads\/sites\/11\/2022\/07\/ARCOXIA.png?w=640\" alt=\"\" class=\"wp-image-4349\" style=\"width:250px\" srcset=\"https:\/\/organonpro.com\/es-es\/wp-content\/uploads\/sites\/11\/2022\/07\/ARCOXIA.png 1647w, https:\/\/organonpro.com\/es-es\/wp-content\/uploads\/sites\/11\/2022\/07\/ARCOXIA.png?resize=300,169 300w, https:\/\/organonpro.com\/es-es\/wp-content\/uploads\/sites\/11\/2022\/07\/ARCOXIA.png?resize=768,432 768w, https:\/\/organonpro.com\/es-es\/wp-content\/uploads\/sites\/11\/2022\/07\/ARCOXIA.png?resize=1024,576 1024w, https:\/\/organonpro.com\/es-es\/wp-content\/uploads\/sites\/11\/2022\/07\/ARCOXIA.png?resize=1536,864 1536w, https:\/\/organonpro.com\/es-es\/wp-content\/uploads\/sites\/11\/2022\/07\/ARCOXIA.png?resize=224,126 224w, https:\/\/organonpro.com\/es-es\/wp-content\/uploads\/sites\/11\/2022\/07\/ARCOXIA.png?resize=800,450 800w, https:\/\/organonpro.com\/es-es\/wp-content\/uploads\/sites\/11\/2022\/07\/ARCOXIA.png?resize=400,225 400w, https:\/\/organonpro.com\/es-es\/wp-content\/uploads\/sites\/11\/2022\/07\/ARCOXIA.png?resize=720,405 720w, https:\/\/organonpro.com\/es-es\/wp-content\/uploads\/sites\/11\/2022\/07\/ARCOXIA.png?resize=375,211 375w, https:\/\/organonpro.com\/es-es\/wp-content\/uploads\/sites\/11\/2022\/07\/ARCOXIA.png?resize=150,84 150w, https:\/\/organonpro.com\/es-es\/wp-content\/uploads\/sites\/11\/2022\/07\/ARCOXIA.png?resize=396,223 396w, https:\/\/organonpro.com\/es-es\/wp-content\/uploads\/sites\/11\/2022\/07\/ARCOXIA.png?resize=100,56 100w, https:\/\/organonpro.com\/es-es\/wp-content\/uploads\/sites\/11\/2022\/07\/ARCOXIA.png?resize=281,158 281w, https:\/\/organonpro.com\/es-es\/wp-content\/uploads\/sites\/11\/2022\/07\/ARCOXIA.png?resize=64,36 64w, https:\/\/organonpro.com\/es-es\/wp-content\/uploads\/sites\/11\/2022\/07\/ARCOXIA.png?resize=1276,717 1276w, https:\/\/organonpro.com\/es-es\/wp-content\/uploads\/sites\/11\/2022\/07\/ARCOXIA.png?resize=616,346 616w, https:\/\/organonpro.com\/es-es\/wp-content\/uploads\/sites\/11\/2022\/07\/ARCOXIA.png?resize=142,80 142w, https:\/\/organonpro.com\/es-es\/wp-content\/uploads\/sites\/11\/2022\/07\/ARCOXIA.png?resize=174,97 174w, https:\/\/organonpro.com\/es-es\/wp-content\/uploads\/sites\/11\/2022\/07\/ARCOXIA.png?resize=222,125 222w, https:\/\/organonpro.com\/es-es\/wp-content\/uploads\/sites\/11\/2022\/07\/ARCOXIA.png?resize=445,250 445w, https:\/\/organonpro.com\/es-es\/wp-content\/uploads\/sites\/11\/2022\/07\/ARCOXIA.png?resize=953,536 953w, https:\/\/organonpro.com\/es-es\/wp-content\/uploads\/sites\/11\/2022\/07\/ARCOXIA.png?resize=356,200 356w\" sizes=\"auto, (max-width: 1024px) 100vw, 1024px\" \/><\/a><\/figure><\/div><\/div>\n\n\n\n<div class=\"wp-block-column is-layout-flow wp-block-column-is-layout-flow\"><div class=\"wp-block-image\">\n<figure class=\"aligncenter size-large is-resized\"><a href=\"https:\/\/organonpro.com\/es-es\/productos\/\" target=\"_blank\" rel=\"noreferrer noopener\"><img loading=\"lazy\" decoding=\"async\" height=\"575\" width=\"1024\" src=\"https:\/\/organonpro.com\/es-es\/wp-content\/uploads\/sites\/11\/2022\/10\/FOSAMAX.png?w=640\" alt=\"\" class=\"wp-image-7625\" style=\"width:250px\" srcset=\"https:\/\/organonpro.com\/es-es\/wp-content\/uploads\/sites\/11\/2022\/10\/FOSAMAX.png 1646w, https:\/\/organonpro.com\/es-es\/wp-content\/uploads\/sites\/11\/2022\/10\/FOSAMAX.png?resize=300,169 300w, https:\/\/organonpro.com\/es-es\/wp-content\/uploads\/sites\/11\/2022\/10\/FOSAMAX.png?resize=768,432 768w, https:\/\/organonpro.com\/es-es\/wp-content\/uploads\/sites\/11\/2022\/10\/FOSAMAX.png?resize=1024,575 1024w, https:\/\/organonpro.com\/es-es\/wp-content\/uploads\/sites\/11\/2022\/10\/FOSAMAX.png?resize=1536,863 1536w, https:\/\/organonpro.com\/es-es\/wp-content\/uploads\/sites\/11\/2022\/10\/FOSAMAX.png?resize=224,126 224w, https:\/\/organonpro.com\/es-es\/wp-content\/uploads\/sites\/11\/2022\/10\/FOSAMAX.png?resize=800,450 800w, https:\/\/organonpro.com\/es-es\/wp-content\/uploads\/sites\/11\/2022\/10\/FOSAMAX.png?resize=400,225 400w, https:\/\/organonpro.com\/es-es\/wp-content\/uploads\/sites\/11\/2022\/10\/FOSAMAX.png?resize=720,405 720w, https:\/\/organonpro.com\/es-es\/wp-content\/uploads\/sites\/11\/2022\/10\/FOSAMAX.png?resize=375,211 375w, https:\/\/organonpro.com\/es-es\/wp-content\/uploads\/sites\/11\/2022\/10\/FOSAMAX.png?resize=150,84 150w, https:\/\/organonpro.com\/es-es\/wp-content\/uploads\/sites\/11\/2022\/10\/FOSAMAX.png?resize=396,223 396w, https:\/\/organonpro.com\/es-es\/wp-content\/uploads\/sites\/11\/2022\/10\/FOSAMAX.png?resize=100,56 100w, https:\/\/organonpro.com\/es-es\/wp-content\/uploads\/sites\/11\/2022\/10\/FOSAMAX.png?resize=281,158 281w, https:\/\/organonpro.com\/es-es\/wp-content\/uploads\/sites\/11\/2022\/10\/FOSAMAX.png?resize=64,36 64w, https:\/\/organonpro.com\/es-es\/wp-content\/uploads\/sites\/11\/2022\/10\/FOSAMAX.png?resize=1276,717 1276w, https:\/\/organonpro.com\/es-es\/wp-content\/uploads\/sites\/11\/2022\/10\/FOSAMAX.png?resize=616,346 616w, https:\/\/organonpro.com\/es-es\/wp-content\/uploads\/sites\/11\/2022\/10\/FOSAMAX.png?resize=142,80 142w, https:\/\/organonpro.com\/es-es\/wp-content\/uploads\/sites\/11\/2022\/10\/FOSAMAX.png?resize=174,97 174w, https:\/\/organonpro.com\/es-es\/wp-content\/uploads\/sites\/11\/2022\/10\/FOSAMAX.png?resize=222,125 222w, https:\/\/organonpro.com\/es-es\/wp-content\/uploads\/sites\/11\/2022\/10\/FOSAMAX.png?resize=445,250 445w, https:\/\/organonpro.com\/es-es\/wp-content\/uploads\/sites\/11\/2022\/10\/FOSAMAX.png?resize=954,536 954w, https:\/\/organonpro.com\/es-es\/wp-content\/uploads\/sites\/11\/2022\/10\/FOSAMAX.png?resize=356,200 356w\" sizes=\"auto, (max-width: 1024px) 100vw, 1024px\" \/><\/a><\/figure><\/div><\/div>\n\n\n\n<div class=\"wp-block-column is-layout-flow wp-block-column-is-layout-flow\"><div class=\"wp-block-image\">\n<figure class=\"aligncenter size-large is-resized\"><a href=\"https:\/\/organonpro.com\/es-es\/productos\/\" target=\"_blank\" rel=\"noreferrer noopener\"><img loading=\"lazy\" decoding=\"async\" height=\"575\" width=\"1024\" src=\"https:\/\/organonpro.com\/es-es\/wp-content\/uploads\/sites\/11\/2022\/10\/FOSAVANCE.png?w=640\" alt=\"\" class=\"wp-image-7626\" style=\"width:250px\" srcset=\"https:\/\/organonpro.com\/es-es\/wp-content\/uploads\/sites\/11\/2022\/10\/FOSAVANCE.png 1647w, https:\/\/organonpro.com\/es-es\/wp-content\/uploads\/sites\/11\/2022\/10\/FOSAVANCE.png?resize=300,168 300w, https:\/\/organonpro.com\/es-es\/wp-content\/uploads\/sites\/11\/2022\/10\/FOSAVANCE.png?resize=768,431 768w, https:\/\/organonpro.com\/es-es\/wp-content\/uploads\/sites\/11\/2022\/10\/FOSAVANCE.png?resize=1024,575 1024w, https:\/\/organonpro.com\/es-es\/wp-content\/uploads\/sites\/11\/2022\/10\/FOSAVANCE.png?resize=1536,863 1536w, https:\/\/organonpro.com\/es-es\/wp-content\/uploads\/sites\/11\/2022\/10\/FOSAVANCE.png?resize=224,126 224w, https:\/\/organonpro.com\/es-es\/wp-content\/uploads\/sites\/11\/2022\/10\/FOSAVANCE.png?resize=800,449 800w, https:\/\/organonpro.com\/es-es\/wp-content\/uploads\/sites\/11\/2022\/10\/FOSAVANCE.png?resize=400,225 400w, https:\/\/organonpro.com\/es-es\/wp-content\/uploads\/sites\/11\/2022\/10\/FOSAVANCE.png?resize=720,404 720w, https:\/\/organonpro.com\/es-es\/wp-content\/uploads\/sites\/11\/2022\/10\/FOSAVANCE.png?resize=375,211 375w, https:\/\/organonpro.com\/es-es\/wp-content\/uploads\/sites\/11\/2022\/10\/FOSAVANCE.png?resize=150,84 150w, https:\/\/organonpro.com\/es-es\/wp-content\/uploads\/sites\/11\/2022\/10\/FOSAVANCE.png?resize=396,222 396w, https:\/\/organonpro.com\/es-es\/wp-content\/uploads\/sites\/11\/2022\/10\/FOSAVANCE.png?resize=100,56 100w, https:\/\/organonpro.com\/es-es\/wp-content\/uploads\/sites\/11\/2022\/10\/FOSAVANCE.png?resize=281,158 281w, https:\/\/organonpro.com\/es-es\/wp-content\/uploads\/sites\/11\/2022\/10\/FOSAVANCE.png?resize=64,36 64w, https:\/\/organonpro.com\/es-es\/wp-content\/uploads\/sites\/11\/2022\/10\/FOSAVANCE.png?resize=1276,717 1276w, https:\/\/organonpro.com\/es-es\/wp-content\/uploads\/sites\/11\/2022\/10\/FOSAVANCE.png?resize=616,346 616w, https:\/\/organonpro.com\/es-es\/wp-content\/uploads\/sites\/11\/2022\/10\/FOSAVANCE.png?resize=142,80 142w, https:\/\/organonpro.com\/es-es\/wp-content\/uploads\/sites\/11\/2022\/10\/FOSAVANCE.png?resize=174,97 174w, https:\/\/organonpro.com\/es-es\/wp-content\/uploads\/sites\/11\/2022\/10\/FOSAVANCE.png?resize=223,125 223w, https:\/\/organonpro.com\/es-es\/wp-content\/uploads\/sites\/11\/2022\/10\/FOSAVANCE.png?resize=445,250 445w, https:\/\/organonpro.com\/es-es\/wp-content\/uploads\/sites\/11\/2022\/10\/FOSAVANCE.png?resize=954,536 954w, https:\/\/organonpro.com\/es-es\/wp-content\/uploads\/sites\/11\/2022\/10\/FOSAVANCE.png?resize=356,200 356w\" sizes=\"auto, (max-width: 1024px) 100vw, 1024px\" \/><\/a><\/figure><\/div><\/div>\n<\/div>\n<\/div>\n\n\n\n<div class=\"wp-block-column is-layout-flow wp-block-column-is-layout-flow\" style=\"flex-basis:15%\"><\/div>\n<\/div>\n","protected":false},"excerpt":{"rendered":"<p>Espacio patrocinado por<\/p>\n","protected":false},"author":118,"featured_media":0,"parent":0,"menu_order":0,"comment_status":"closed","ping_status":"closed","template":"templates\/content-only.php","meta":{"_acf_changed":false,"footnotes":""},"class_list":["post-13603","page","type-page","status-publish","hentry"],"acf":[],"yoast_head":"<!-- This site is optimized with the Yoast SEO Premium plugin v20.11 (Yoast SEO v26.6) - https:\/\/yoast.com\/wordpress\/plugins\/seo\/ -->\n<title>Modelo anat\u00f3mico de la rodilla en 3D - Organon Pro - Espa\u00f1a<\/title>\n<meta name=\"description\" content=\"Explora la anatom\u00eda de la rodilla a trav\u00e9s de este modelo anat\u00f3mico en 3D y profundiza en las patolog\u00edas y lesiones m\u00e1s frecuentes.\" \/>\n<meta name=\"robots\" content=\"index, follow, max-snippet:-1, max-image-preview:large, max-video-preview:-1\" \/>\n<link rel=\"canonical\" href=\"https:\/\/organonpro.com\/es-es\/rodilla\/\" \/>\n<meta property=\"og:locale\" content=\"en_US\" \/>\n<meta property=\"og:type\" content=\"article\" \/>\n<meta property=\"og:title\" content=\"Rodilla\" \/>\n<meta property=\"og:description\" content=\"Explora la anatom\u00eda de la rodilla a trav\u00e9s de este modelo anat\u00f3mico en 3D y profundiza en las patolog\u00edas y lesiones m\u00e1s frecuentes.\" \/>\n<meta property=\"og:url\" content=\"https:\/\/organonpro.com\/es-es\/rodilla\/\" \/>\n<meta property=\"og:site_name\" content=\"Organon Pro - Espa\u00f1a\" \/>\n<meta property=\"article:publisher\" content=\"https:\/\/www.facebook.com\/OrganonandCo\" \/>\n<meta property=\"article:modified_time\" content=\"2026-02-18T09:15:49+00:00\" \/>\n<meta property=\"og:image\" content=\"https:\/\/organonpro.com\/es-es\/wp-content\/uploads\/sites\/11\/2022\/07\/ARCOXIA.png\" \/>\n\t<meta property=\"og:image:width\" content=\"1647\" \/>\n\t<meta property=\"og:image:height\" content=\"926\" \/>\n\t<meta property=\"og:image:type\" content=\"image\/png\" \/>\n<meta name=\"twitter:card\" content=\"summary_large_image\" \/>\n<meta name=\"twitter:site\" content=\"@OrganonLLC\" \/>\n<meta name=\"twitter:label1\" content=\"Est. reading time\" \/>\n\t<meta name=\"twitter:data1\" content=\"1 minute\" \/>\n<script type=\"application\/ld+json\" class=\"yoast-schema-graph\">{\"@context\":\"https:\/\/schema.org\",\"@graph\":[{\"@type\":\"WebPage\",\"@id\":\"https:\/\/organonpro.com\/es-es\/rodilla\/\",\"url\":\"https:\/\/organonpro.com\/es-es\/rodilla\/\",\"name\":\"Modelo anat\u00f3mico de la rodilla en 3D - Organon Pro - Espa\u00f1a\",\"isPartOf\":{\"@id\":\"https:\/\/organonpro.com\/es-es\/#website\"},\"primaryImageOfPage\":{\"@id\":\"https:\/\/organonpro.com\/es-es\/rodilla\/#primaryimage\"},\"image\":{\"@id\":\"https:\/\/organonpro.com\/es-es\/rodilla\/#primaryimage\"},\"thumbnailUrl\":\"https:\/\/organonpro.com\/es-es\/wp-content\/uploads\/sites\/11\/2022\/07\/ARCOXIA.png?w=640\",\"datePublished\":\"2023-06-09T09:51:06+00:00\",\"dateModified\":\"2026-02-18T09:15:49+00:00\",\"description\":\"Explora la anatom\u00eda de la rodilla a trav\u00e9s de este modelo anat\u00f3mico en 3D y profundiza en las patolog\u00edas y lesiones m\u00e1s frecuentes.\",\"breadcrumb\":{\"@id\":\"https:\/\/organonpro.com\/es-es\/rodilla\/#breadcrumb\"},\"inLanguage\":\"en-US\",\"potentialAction\":[{\"@type\":\"ReadAction\",\"target\":[\"https:\/\/organonpro.com\/es-es\/rodilla\/\"]}]},{\"@type\":\"ImageObject\",\"inLanguage\":\"en-US\",\"@id\":\"https:\/\/organonpro.com\/es-es\/rodilla\/#primaryimage\",\"url\":\"https:\/\/organonpro.com\/es-es\/wp-content\/uploads\/sites\/11\/2022\/07\/ARCOXIA.png\",\"contentUrl\":\"https:\/\/organonpro.com\/es-es\/wp-content\/uploads\/sites\/11\/2022\/07\/ARCOXIA.png\",\"width\":1647,\"height\":926},{\"@type\":\"BreadcrumbList\",\"@id\":\"https:\/\/organonpro.com\/es-es\/rodilla\/#breadcrumb\",\"itemListElement\":[{\"@type\":\"ListItem\",\"position\":1,\"name\":\"Home\",\"item\":\"https:\/\/organonpro.com\/es-es\/\"},{\"@type\":\"ListItem\",\"position\":2,\"name\":\"Rodilla\"}]},{\"@type\":\"WebSite\",\"@id\":\"https:\/\/organonpro.com\/es-es\/#website\",\"url\":\"https:\/\/organonpro.com\/es-es\/\",\"name\":\"Organon Pro - Espa\u00f1a\",\"description\":\"Organon Pro - Espa\u00f1a\",\"publisher\":{\"@id\":\"https:\/\/organonpro.com\/es-es\/#organization\"},\"potentialAction\":[{\"@type\":\"SearchAction\",\"target\":{\"@type\":\"EntryPoint\",\"urlTemplate\":\"https:\/\/organonpro.com\/es-es\/?s={search_term_string}\"},\"query-input\":{\"@type\":\"PropertyValueSpecification\",\"valueRequired\":true,\"valueName\":\"search_term_string\"}}],\"inLanguage\":\"en-US\"},{\"@type\":\"Organization\",\"@id\":\"https:\/\/organonpro.com\/es-es\/#organization\",\"name\":\"Organon Pro - Espa\u00f1a\",\"url\":\"https:\/\/organonpro.com\/es-es\/\",\"logo\":{\"@type\":\"ImageObject\",\"inLanguage\":\"en-US\",\"@id\":\"https:\/\/organonpro.com\/es-es\/#\/schema\/logo\/image\/\",\"url\":\"https:\/\/organonpro.com\/es-es\/wp-content\/uploads\/sites\/11\/2023\/08\/organon-pro-1.webp\",\"contentUrl\":\"https:\/\/organonpro.com\/es-es\/wp-content\/uploads\/sites\/11\/2023\/08\/organon-pro-1.webp\",\"width\":2269,\"height\":243,\"caption\":\"Organon Pro - Espa\u00f1a\"},\"image\":{\"@id\":\"https:\/\/organonpro.com\/es-es\/#\/schema\/logo\/image\/\"},\"sameAs\":[\"https:\/\/www.facebook.com\/OrganonandCo\",\"https:\/\/x.com\/OrganonLLC\"]}]}<\/script>\n<!-- \/ Yoast SEO Premium plugin. -->","yoast_head_json":{"title":"Modelo anat\u00f3mico de la rodilla en 3D - Organon Pro - Espa\u00f1a","description":"Explora la anatom\u00eda de la rodilla a trav\u00e9s de este modelo anat\u00f3mico en 3D y profundiza en las patolog\u00edas y lesiones m\u00e1s frecuentes.","robots":{"index":"index","follow":"follow","max-snippet":"max-snippet:-1","max-image-preview":"max-image-preview:large","max-video-preview":"max-video-preview:-1"},"canonical":"https:\/\/organonpro.com\/es-es\/rodilla\/","og_locale":"en_US","og_type":"article","og_title":"Rodilla","og_description":"Explora la anatom\u00eda de la rodilla a trav\u00e9s de este modelo anat\u00f3mico en 3D y profundiza en las patolog\u00edas y lesiones m\u00e1s frecuentes.","og_url":"https:\/\/organonpro.com\/es-es\/rodilla\/","og_site_name":"Organon Pro - Espa\u00f1a","article_publisher":"https:\/\/www.facebook.com\/OrganonandCo","article_modified_time":"2026-02-18T09:15:49+00:00","og_image":[{"width":1647,"height":926,"url":"https:\/\/organonpro.com\/es-es\/wp-content\/uploads\/sites\/11\/2022\/07\/ARCOXIA.png","type":"image\/png"}],"twitter_card":"summary_large_image","twitter_site":"@OrganonLLC","twitter_misc":{"Est. reading time":"1 minute"},"schema":{"@context":"https:\/\/schema.org","@graph":[{"@type":"WebPage","@id":"https:\/\/organonpro.com\/es-es\/rodilla\/","url":"https:\/\/organonpro.com\/es-es\/rodilla\/","name":"Modelo anat\u00f3mico de la rodilla en 3D - Organon Pro - Espa\u00f1a","isPartOf":{"@id":"https:\/\/organonpro.com\/es-es\/#website"},"primaryImageOfPage":{"@id":"https:\/\/organonpro.com\/es-es\/rodilla\/#primaryimage"},"image":{"@id":"https:\/\/organonpro.com\/es-es\/rodilla\/#primaryimage"},"thumbnailUrl":"https:\/\/organonpro.com\/es-es\/wp-content\/uploads\/sites\/11\/2022\/07\/ARCOXIA.png?w=640","datePublished":"2023-06-09T09:51:06+00:00","dateModified":"2026-02-18T09:15:49+00:00","description":"Explora la anatom\u00eda de la rodilla a trav\u00e9s de este modelo anat\u00f3mico en 3D y profundiza en las patolog\u00edas y lesiones m\u00e1s frecuentes.","breadcrumb":{"@id":"https:\/\/organonpro.com\/es-es\/rodilla\/#breadcrumb"},"inLanguage":"en-US","potentialAction":[{"@type":"ReadAction","target":["https:\/\/organonpro.com\/es-es\/rodilla\/"]}]},{"@type":"ImageObject","inLanguage":"en-US","@id":"https:\/\/organonpro.com\/es-es\/rodilla\/#primaryimage","url":"https:\/\/organonpro.com\/es-es\/wp-content\/uploads\/sites\/11\/2022\/07\/ARCOXIA.png","contentUrl":"https:\/\/organonpro.com\/es-es\/wp-content\/uploads\/sites\/11\/2022\/07\/ARCOXIA.png","width":1647,"height":926},{"@type":"BreadcrumbList","@id":"https:\/\/organonpro.com\/es-es\/rodilla\/#breadcrumb","itemListElement":[{"@type":"ListItem","position":1,"name":"Home","item":"https:\/\/organonpro.com\/es-es\/"},{"@type":"ListItem","position":2,"name":"Rodilla"}]},{"@type":"WebSite","@id":"https:\/\/organonpro.com\/es-es\/#website","url":"https:\/\/organonpro.com\/es-es\/","name":"Organon Pro - Espa\u00f1a","description":"Organon Pro - Espa\u00f1a","publisher":{"@id":"https:\/\/organonpro.com\/es-es\/#organization"},"potentialAction":[{"@type":"SearchAction","target":{"@type":"EntryPoint","urlTemplate":"https:\/\/organonpro.com\/es-es\/?s={search_term_string}"},"query-input":{"@type":"PropertyValueSpecification","valueRequired":true,"valueName":"search_term_string"}}],"inLanguage":"en-US"},{"@type":"Organization","@id":"https:\/\/organonpro.com\/es-es\/#organization","name":"Organon Pro - Espa\u00f1a","url":"https:\/\/organonpro.com\/es-es\/","logo":{"@type":"ImageObject","inLanguage":"en-US","@id":"https:\/\/organonpro.com\/es-es\/#\/schema\/logo\/image\/","url":"https:\/\/organonpro.com\/es-es\/wp-content\/uploads\/sites\/11\/2023\/08\/organon-pro-1.webp","contentUrl":"https:\/\/organonpro.com\/es-es\/wp-content\/uploads\/sites\/11\/2023\/08\/organon-pro-1.webp","width":2269,"height":243,"caption":"Organon Pro - Espa\u00f1a"},"image":{"@id":"https:\/\/organonpro.com\/es-es\/#\/schema\/logo\/image\/"},"sameAs":["https:\/\/www.facebook.com\/OrganonandCo","https:\/\/x.com\/OrganonLLC"]}]}},"jetpack_sharing_enabled":true,"_links":{"self":[{"href":"https:\/\/organonpro.com\/es-es\/wp-json\/wp\/v2\/pages\/13603","targetHints":{"allow":["GET"]}}],"collection":[{"href":"https:\/\/organonpro.com\/es-es\/wp-json\/wp\/v2\/pages"}],"about":[{"href":"https:\/\/organonpro.com\/es-es\/wp-json\/wp\/v2\/types\/page"}],"author":[{"embeddable":true,"href":"https:\/\/organonpro.com\/es-es\/wp-json\/wp\/v2\/users\/118"}],"replies":[{"embeddable":true,"href":"https:\/\/organonpro.com\/es-es\/wp-json\/wp\/v2\/comments?post=13603"}],"version-history":[{"count":31,"href":"https:\/\/organonpro.com\/es-es\/wp-json\/wp\/v2\/pages\/13603\/revisions"}],"predecessor-version":[{"id":39782,"href":"https:\/\/organonpro.com\/es-es\/wp-json\/wp\/v2\/pages\/13603\/revisions\/39782"}],"wp:attachment":[{"href":"https:\/\/organonpro.com\/es-es\/wp-json\/wp\/v2\/media?parent=13603"}],"curies":[{"name":"wp","href":"https:\/\/api.w.org\/{rel}","templated":true}]}}