{"id":12241,"date":"2023-03-29T07:39:22","date_gmt":"2023-03-29T07:39:22","guid":{"rendered":"https:\/\/organonpro.com\/es-es\/?page_id=12241"},"modified":"2026-02-18T09:04:58","modified_gmt":"2026-02-18T09:04:58","slug":"modelo-anatomico-facial","status":"publish","type":"page","link":"https:\/\/organonpro.com\/es-es\/modelo-anatomico-facial\/","title":{"rendered":"Facial"},"content":{"rendered":"\n<div style=\"height:20px\" class=\"wp-block-spacer\"><\/div>\n\n\n\n<section class=\"wp-block-orc-two-column-block section-two-column-block-d6882211-d3db-476e-a2c5-e2207d4c8a81 splits splits-ratio splits-half splits-reverse ungated\"><style>@media screen and (min-width: 940px){ .section-two-column-block-d6882211-d3db-476e-a2c5-e2207d4c8a81 { margin-top: 0rem;margin-bottom: 0rem; }}@media screen and (min-width: 320px) and (max-width: 939px){.section-two-column-block-d6882211-d3db-476e-a2c5-e2207d4c8a81 { margin-top: 0rem;margin-bottom: 0rem; }}<\/style><section class=\"splits splits-ratio splits-half splits-reverse ungated\" style=\"background-color:\"><div class=\"container\"><div class=\"splits-row row\"><div class=\"splits-figure   col-md-6 col-sm-6 \"><div style=\"background-image:url(https:\/\/organonpro.com\/es-es\/wp-content\/uploads\/sites\/11\/2023\/05\/GifAnatomico.gif)\" class=\"splits-figure__bg ab\"><\/div><\/div><div class=\"splits-area  col-md-6 col-sm-6\"><div class=\"splits-content cd\"><h2 class=\"splits-heading\"><strong>Modelo anat\u00f3mico facial 3D<\/strong><\/h2><p class=\"splits-text\">Formaci\u00f3n inmersiva que nos descubre el modelo anat\u00f3mico <br>facial para poder analizar en detalle las distintas capas faciales y <br>ayudarte en tu pr\u00e1ctica cl\u00ednica.<\/p><div class=\"splits-button herobannerblock\"><div class=\"ungated\"><a class=\"btn btn-smoke__primary\" href=\"https:\/\/microsites.organon.es\/Organo3D\/Facial\/\" rel=\"noopener noreferrer\" target=\"_self\">Explorar<\/a><\/div><\/div><\/div><\/div><\/div><\/div><\/section><\/section>\n\n\n<section class=\"gb-content-editor content-editor \" id=\"gb-content-editor\">\n\t<div class=\"container\">\n\t\t\t\t<div class=\"row justify-content-center\">\n\t\t\t<div class=\"col-xl-12 col-md-12 col-sm-12 content-col\">\n\t\t\t\t<p>Optimizado para ordenador.<\/p>\n<p>&nbsp;<\/p>\n<p><u>Referencias:<\/u><\/p>\n<ul>\n<li>Sch\u00fcnke, Schulte, Schumaker, Voll, Wesker. PROMETHEUS. Texto y Atlas de Anatom\u00eda. Tomo 2: Cuello y \u00f3rganos internos. Buenos Aires; Madrid: M\u00e9dica Panamericana, 2006. ISBN: 84-7903-978-7.<\/li>\n<li>Sch\u00fcnke, Schulte, Schumaker, Voll, Wesker. PROMETHEUS. Texto y Atlas de Anatom\u00eda. Tomo 3: Cabeza y Neuroanatom\u00eda. Buenos Aires; Madrid: M\u00e9dica Panamericana, 2008 (1\u00aa Edici\u00f3n, 2\u00aa reimpresi\u00f3n). ISBN: 978-84-7903-979-0.<\/li>\n<li>Rohrich Rod J, Stuzin James M, et al. Zonas faciales peligrosas. Seguridad en cirug\u00eda, rellenos y dispositivos no invasivos. Ediciones AMOLCA, 2021<\/li>\n<li>Samaniego E, Prada C y Rodr\u00edguez Prieto M A. Planos quir\u00fargicos en cabeza y cuello. Actas Dermosifiliogr. 2011;102(3):167 174.<\/li>\n<\/ul>\n\t\t\t<\/div>\n\t\t<\/div>\n\t<\/div>\n<\/section>\n\n\n<div style=\"height:40px\" class=\"wp-block-spacer\"><\/div>\n\n\n\n<h1 class=\"wp-block-heading has-text-align-center\" id=\"h-conoce-el-portfolio-de-organon\"><strong>Espacio patrocinado por<\/strong><\/h1>\n\n\n\n<div class=\"wp-block-columns is-layout-flex wp-container-core-columns-is-layout-9d6595d7 wp-block-columns-is-layout-flex\">\n<div class=\"wp-block-column is-layout-flow wp-block-column-is-layout-flow\" style=\"flex-basis:15%\"><\/div>\n\n\n\n<div class=\"wp-block-column is-layout-flow wp-block-column-is-layout-flow\" style=\"flex-basis:70%\">\n<div class=\"wp-block-columns is-layout-flex wp-container-core-columns-is-layout-9d6595d7 wp-block-columns-is-layout-flex\">\n<div class=\"wp-block-column is-layout-flow wp-block-column-is-layout-flow\">\n<div class=\"wp-block-columns is-layout-flex wp-container-core-columns-is-layout-9d6595d7 wp-block-columns-is-layout-flex\">\n<div class=\"wp-block-column is-layout-flow wp-block-column-is-layout-flow\">\n<figure class=\"wp-block-image size-large\"><a href=\"https:\/\/organonpro.com\/es-es\/product\/diprogenta-crema\/indicaciones-terapeuticas\/\" target=\"_blank\" rel=\"noreferrer noopener\"><img loading=\"lazy\" decoding=\"async\" height=\"576\" width=\"1024\" src=\"https:\/\/organonpro.com\/es-es\/wp-content\/uploads\/sites\/11\/2022\/07\/DIPROGENTA.png?w=640\" alt=\"\" class=\"wp-image-3544\" srcset=\"https:\/\/organonpro.com\/es-es\/wp-content\/uploads\/sites\/11\/2022\/07\/DIPROGENTA.png 1647w, https:\/\/organonpro.com\/es-es\/wp-content\/uploads\/sites\/11\/2022\/07\/DIPROGENTA.png?resize=300,169 300w, https:\/\/organonpro.com\/es-es\/wp-content\/uploads\/sites\/11\/2022\/07\/DIPROGENTA.png?resize=768,432 768w, https:\/\/organonpro.com\/es-es\/wp-content\/uploads\/sites\/11\/2022\/07\/DIPROGENTA.png?resize=1024,576 1024w, https:\/\/organonpro.com\/es-es\/wp-content\/uploads\/sites\/11\/2022\/07\/DIPROGENTA.png?resize=1536,864 1536w, https:\/\/organonpro.com\/es-es\/wp-content\/uploads\/sites\/11\/2022\/07\/DIPROGENTA.png?resize=224,126 224w, https:\/\/organonpro.com\/es-es\/wp-content\/uploads\/sites\/11\/2022\/07\/DIPROGENTA.png?resize=800,450 800w, https:\/\/organonpro.com\/es-es\/wp-content\/uploads\/sites\/11\/2022\/07\/DIPROGENTA.png?resize=400,225 400w, https:\/\/organonpro.com\/es-es\/wp-content\/uploads\/sites\/11\/2022\/07\/DIPROGENTA.png?resize=720,405 720w, https:\/\/organonpro.com\/es-es\/wp-content\/uploads\/sites\/11\/2022\/07\/DIPROGENTA.png?resize=375,211 375w, https:\/\/organonpro.com\/es-es\/wp-content\/uploads\/sites\/11\/2022\/07\/DIPROGENTA.png?resize=150,84 150w, https:\/\/organonpro.com\/es-es\/wp-content\/uploads\/sites\/11\/2022\/07\/DIPROGENTA.png?resize=396,223 396w, https:\/\/organonpro.com\/es-es\/wp-content\/uploads\/sites\/11\/2022\/07\/DIPROGENTA.png?resize=100,56 100w, https:\/\/organonpro.com\/es-es\/wp-content\/uploads\/sites\/11\/2022\/07\/DIPROGENTA.png?resize=281,158 281w, https:\/\/organonpro.com\/es-es\/wp-content\/uploads\/sites\/11\/2022\/07\/DIPROGENTA.png?resize=64,36 64w, https:\/\/organonpro.com\/es-es\/wp-content\/uploads\/sites\/11\/2022\/07\/DIPROGENTA.png?resize=1276,717 1276w, https:\/\/organonpro.com\/es-es\/wp-content\/uploads\/sites\/11\/2022\/07\/DIPROGENTA.png?resize=616,346 616w, https:\/\/organonpro.com\/es-es\/wp-content\/uploads\/sites\/11\/2022\/07\/DIPROGENTA.png?resize=142,80 142w, https:\/\/organonpro.com\/es-es\/wp-content\/uploads\/sites\/11\/2022\/07\/DIPROGENTA.png?resize=174,97 174w, https:\/\/organonpro.com\/es-es\/wp-content\/uploads\/sites\/11\/2022\/07\/DIPROGENTA.png?resize=222,125 222w, https:\/\/organonpro.com\/es-es\/wp-content\/uploads\/sites\/11\/2022\/07\/DIPROGENTA.png?resize=445,250 445w, https:\/\/organonpro.com\/es-es\/wp-content\/uploads\/sites\/11\/2022\/07\/DIPROGENTA.png?resize=953,536 953w, https:\/\/organonpro.com\/es-es\/wp-content\/uploads\/sites\/11\/2022\/07\/DIPROGENTA.png?resize=356,200 356w\" sizes=\"auto, (max-width: 1024px) 100vw, 1024px\" \/><\/a><\/figure>\n<\/div>\n\n\n\n<div class=\"wp-block-column is-layout-flow wp-block-column-is-layout-flow\">\n<figure class=\"wp-block-image size-large\"><a href=\"https:\/\/organonpro.com\/es-es\/product\/diprosalic\/indicaciones-terapeuticas\/\" target=\"_blank\" rel=\"noreferrer noopener\"><img loading=\"lazy\" decoding=\"async\" height=\"576\" width=\"1024\" src=\"https:\/\/organonpro.com\/es-es\/wp-content\/uploads\/sites\/11\/2022\/07\/DIPROSALIC.png?w=640\" alt=\"\" class=\"wp-image-3556\" srcset=\"https:\/\/organonpro.com\/es-es\/wp-content\/uploads\/sites\/11\/2022\/07\/DIPROSALIC.png 1646w, https:\/\/organonpro.com\/es-es\/wp-content\/uploads\/sites\/11\/2022\/07\/DIPROSALIC.png?resize=300,169 300w, https:\/\/organonpro.com\/es-es\/wp-content\/uploads\/sites\/11\/2022\/07\/DIPROSALIC.png?resize=768,432 768w, https:\/\/organonpro.com\/es-es\/wp-content\/uploads\/sites\/11\/2022\/07\/DIPROSALIC.png?resize=1024,576 1024w, https:\/\/organonpro.com\/es-es\/wp-content\/uploads\/sites\/11\/2022\/07\/DIPROSALIC.png?resize=1536,864 1536w, https:\/\/organonpro.com\/es-es\/wp-content\/uploads\/sites\/11\/2022\/07\/DIPROSALIC.png?resize=224,126 224w, https:\/\/organonpro.com\/es-es\/wp-content\/uploads\/sites\/11\/2022\/07\/DIPROSALIC.png?resize=800,450 800w, https:\/\/organonpro.com\/es-es\/wp-content\/uploads\/sites\/11\/2022\/07\/DIPROSALIC.png?resize=400,225 400w, https:\/\/organonpro.com\/es-es\/wp-content\/uploads\/sites\/11\/2022\/07\/DIPROSALIC.png?resize=720,405 720w, https:\/\/organonpro.com\/es-es\/wp-content\/uploads\/sites\/11\/2022\/07\/DIPROSALIC.png?resize=375,211 375w, https:\/\/organonpro.com\/es-es\/wp-content\/uploads\/sites\/11\/2022\/07\/DIPROSALIC.png?resize=150,84 150w, https:\/\/organonpro.com\/es-es\/wp-content\/uploads\/sites\/11\/2022\/07\/DIPROSALIC.png?resize=396,223 396w, https:\/\/organonpro.com\/es-es\/wp-content\/uploads\/sites\/11\/2022\/07\/DIPROSALIC.png?resize=100,56 100w, https:\/\/organonpro.com\/es-es\/wp-content\/uploads\/sites\/11\/2022\/07\/DIPROSALIC.png?resize=281,158 281w, https:\/\/organonpro.com\/es-es\/wp-content\/uploads\/sites\/11\/2022\/07\/DIPROSALIC.png?resize=64,36 64w, https:\/\/organonpro.com\/es-es\/wp-content\/uploads\/sites\/11\/2022\/07\/DIPROSALIC.png?resize=1274,717 1274w, https:\/\/organonpro.com\/es-es\/wp-content\/uploads\/sites\/11\/2022\/07\/DIPROSALIC.png?resize=616,346 616w, https:\/\/organonpro.com\/es-es\/wp-content\/uploads\/sites\/11\/2022\/07\/DIPROSALIC.png?resize=142,80 142w, https:\/\/organonpro.com\/es-es\/wp-content\/uploads\/sites\/11\/2022\/07\/DIPROSALIC.png?resize=172,97 172w, https:\/\/organonpro.com\/es-es\/wp-content\/uploads\/sites\/11\/2022\/07\/DIPROSALIC.png?resize=222,125 222w, https:\/\/organonpro.com\/es-es\/wp-content\/uploads\/sites\/11\/2022\/07\/DIPROSALIC.png?resize=444,250 444w, https:\/\/organonpro.com\/es-es\/wp-content\/uploads\/sites\/11\/2022\/07\/DIPROSALIC.png?resize=953,536 953w, https:\/\/organonpro.com\/es-es\/wp-content\/uploads\/sites\/11\/2022\/07\/DIPROSALIC.png?resize=356,200 356w\" sizes=\"auto, (max-width: 1024px) 100vw, 1024px\" \/><\/a><\/figure>\n<\/div>\n<\/div>\n<\/div>\n\n\n\n<div class=\"wp-block-column is-layout-flow wp-block-column-is-layout-flow\">\n<div class=\"wp-block-columns is-layout-flex wp-container-core-columns-is-layout-9d6595d7 wp-block-columns-is-layout-flex\">\n<div class=\"wp-block-column is-layout-flow wp-block-column-is-layout-flow\">\n<figure class=\"wp-block-image size-large\"><a href=\"https:\/\/organonpro.com\/es-es\/product\/elocom\/indicaciones-terapeuticas\/\" target=\"_blank\" rel=\"noreferrer noopener\"><img loading=\"lazy\" decoding=\"async\" height=\"576\" width=\"1024\" src=\"https:\/\/organonpro.com\/es-es\/wp-content\/uploads\/sites\/11\/2022\/07\/ELOCOM.png?w=640\" alt=\"\" class=\"wp-image-3571\" srcset=\"https:\/\/organonpro.com\/es-es\/wp-content\/uploads\/sites\/11\/2022\/07\/ELOCOM.png 1646w, https:\/\/organonpro.com\/es-es\/wp-content\/uploads\/sites\/11\/2022\/07\/ELOCOM.png?resize=300,169 300w, https:\/\/organonpro.com\/es-es\/wp-content\/uploads\/sites\/11\/2022\/07\/ELOCOM.png?resize=768,432 768w, https:\/\/organonpro.com\/es-es\/wp-content\/uploads\/sites\/11\/2022\/07\/ELOCOM.png?resize=1024,576 1024w, https:\/\/organonpro.com\/es-es\/wp-content\/uploads\/sites\/11\/2022\/07\/ELOCOM.png?resize=1536,864 1536w, https:\/\/organonpro.com\/es-es\/wp-content\/uploads\/sites\/11\/2022\/07\/ELOCOM.png?resize=224,126 224w, https:\/\/organonpro.com\/es-es\/wp-content\/uploads\/sites\/11\/2022\/07\/ELOCOM.png?resize=800,450 800w, https:\/\/organonpro.com\/es-es\/wp-content\/uploads\/sites\/11\/2022\/07\/ELOCOM.png?resize=400,225 400w, https:\/\/organonpro.com\/es-es\/wp-content\/uploads\/sites\/11\/2022\/07\/ELOCOM.png?resize=720,405 720w, https:\/\/organonpro.com\/es-es\/wp-content\/uploads\/sites\/11\/2022\/07\/ELOCOM.png?resize=375,211 375w, https:\/\/organonpro.com\/es-es\/wp-content\/uploads\/sites\/11\/2022\/07\/ELOCOM.png?resize=150,84 150w, https:\/\/organonpro.com\/es-es\/wp-content\/uploads\/sites\/11\/2022\/07\/ELOCOM.png?resize=396,223 396w, https:\/\/organonpro.com\/es-es\/wp-content\/uploads\/sites\/11\/2022\/07\/ELOCOM.png?resize=100,56 100w, https:\/\/organonpro.com\/es-es\/wp-content\/uploads\/sites\/11\/2022\/07\/ELOCOM.png?resize=281,158 281w, https:\/\/organonpro.com\/es-es\/wp-content\/uploads\/sites\/11\/2022\/07\/ELOCOM.png?resize=64,36 64w, https:\/\/organonpro.com\/es-es\/wp-content\/uploads\/sites\/11\/2022\/07\/ELOCOM.png?resize=1274,717 1274w, https:\/\/organonpro.com\/es-es\/wp-content\/uploads\/sites\/11\/2022\/07\/ELOCOM.png?resize=616,346 616w, https:\/\/organonpro.com\/es-es\/wp-content\/uploads\/sites\/11\/2022\/07\/ELOCOM.png?resize=142,80 142w, https:\/\/organonpro.com\/es-es\/wp-content\/uploads\/sites\/11\/2022\/07\/ELOCOM.png?resize=172,97 172w, https:\/\/organonpro.com\/es-es\/wp-content\/uploads\/sites\/11\/2022\/07\/ELOCOM.png?resize=222,125 222w, https:\/\/organonpro.com\/es-es\/wp-content\/uploads\/sites\/11\/2022\/07\/ELOCOM.png?resize=444,250 444w, https:\/\/organonpro.com\/es-es\/wp-content\/uploads\/sites\/11\/2022\/07\/ELOCOM.png?resize=953,536 953w, https:\/\/organonpro.com\/es-es\/wp-content\/uploads\/sites\/11\/2022\/07\/ELOCOM.png?resize=356,200 356w\" sizes=\"auto, (max-width: 1024px) 100vw, 1024px\" \/><\/a><\/figure>\n<\/div>\n\n\n\n<div class=\"wp-block-column is-layout-flow wp-block-column-is-layout-flow\">\n<figure class=\"wp-block-image size-large\"><a href=\"https:\/\/organonpro.com\/es-es\/product\/propecia\/indicaciones-terapeuticas\/\" target=\"_blank\" rel=\"noreferrer noopener\"><img loading=\"lazy\" decoding=\"async\" height=\"575\" width=\"1024\" src=\"https:\/\/organonpro.com\/es-es\/wp-content\/uploads\/sites\/11\/2022\/07\/PROPECIA.png?w=640\" alt=\"\" class=\"wp-image-4042\" srcset=\"https:\/\/organonpro.com\/es-es\/wp-content\/uploads\/sites\/11\/2022\/07\/PROPECIA.png 1647w, https:\/\/organonpro.com\/es-es\/wp-content\/uploads\/sites\/11\/2022\/07\/PROPECIA.png?resize=300,168 300w, https:\/\/organonpro.com\/es-es\/wp-content\/uploads\/sites\/11\/2022\/07\/PROPECIA.png?resize=768,431 768w, https:\/\/organonpro.com\/es-es\/wp-content\/uploads\/sites\/11\/2022\/07\/PROPECIA.png?resize=1024,575 1024w, https:\/\/organonpro.com\/es-es\/wp-content\/uploads\/sites\/11\/2022\/07\/PROPECIA.png?resize=1536,863 1536w, https:\/\/organonpro.com\/es-es\/wp-content\/uploads\/sites\/11\/2022\/07\/PROPECIA.png?resize=224,126 224w, https:\/\/organonpro.com\/es-es\/wp-content\/uploads\/sites\/11\/2022\/07\/PROPECIA.png?resize=800,449 800w, https:\/\/organonpro.com\/es-es\/wp-content\/uploads\/sites\/11\/2022\/07\/PROPECIA.png?resize=400,225 400w, https:\/\/organonpro.com\/es-es\/wp-content\/uploads\/sites\/11\/2022\/07\/PROPECIA.png?resize=720,404 720w, https:\/\/organonpro.com\/es-es\/wp-content\/uploads\/sites\/11\/2022\/07\/PROPECIA.png?resize=375,211 375w, https:\/\/organonpro.com\/es-es\/wp-content\/uploads\/sites\/11\/2022\/07\/PROPECIA.png?resize=150,84 150w, https:\/\/organonpro.com\/es-es\/wp-content\/uploads\/sites\/11\/2022\/07\/PROPECIA.png?resize=396,222 396w, https:\/\/organonpro.com\/es-es\/wp-content\/uploads\/sites\/11\/2022\/07\/PROPECIA.png?resize=100,56 100w, https:\/\/organonpro.com\/es-es\/wp-content\/uploads\/sites\/11\/2022\/07\/PROPECIA.png?resize=281,158 281w, https:\/\/organonpro.com\/es-es\/wp-content\/uploads\/sites\/11\/2022\/07\/PROPECIA.png?resize=64,36 64w, https:\/\/organonpro.com\/es-es\/wp-content\/uploads\/sites\/11\/2022\/07\/PROPECIA.png?resize=1276,717 1276w, https:\/\/organonpro.com\/es-es\/wp-content\/uploads\/sites\/11\/2022\/07\/PROPECIA.png?resize=616,346 616w, https:\/\/organonpro.com\/es-es\/wp-content\/uploads\/sites\/11\/2022\/07\/PROPECIA.png?resize=142,80 142w, https:\/\/organonpro.com\/es-es\/wp-content\/uploads\/sites\/11\/2022\/07\/PROPECIA.png?resize=174,97 174w, https:\/\/organonpro.com\/es-es\/wp-content\/uploads\/sites\/11\/2022\/07\/PROPECIA.png?resize=223,125 223w, https:\/\/organonpro.com\/es-es\/wp-content\/uploads\/sites\/11\/2022\/07\/PROPECIA.png?resize=445,250 445w, https:\/\/organonpro.com\/es-es\/wp-content\/uploads\/sites\/11\/2022\/07\/PROPECIA.png?resize=954,536 954w, https:\/\/organonpro.com\/es-es\/wp-content\/uploads\/sites\/11\/2022\/07\/PROPECIA.png?resize=356,200 356w\" sizes=\"auto, (max-width: 1024px) 100vw, 1024px\" \/><\/a><\/figure>\n<\/div>\n<\/div>\n<\/div>\n<\/div>\n<\/div>\n\n\n\n<div class=\"wp-block-column is-layout-flow wp-block-column-is-layout-flow\" style=\"flex-basis:15%\"><\/div>\n<\/div>\n","protected":false},"excerpt":{"rendered":"<p>Espacio patrocinado por<\/p>\n","protected":false},"author":118,"featured_media":0,"parent":0,"menu_order":0,"comment_status":"closed","ping_status":"closed","template":"templates\/content-only.php","meta":{"_acf_changed":false,"footnotes":""},"class_list":["post-12241","page","type-page","status-publish","hentry"],"acf":[],"yoast_head":"<!-- This site is optimized with the Yoast SEO Premium plugin v20.11 (Yoast SEO v26.6) - https:\/\/yoast.com\/wordpress\/plugins\/seo\/ -->\n<title>Modelo anat\u00f3mico facial 3D - Organon Pro - Espa\u00f1a<\/title>\n<meta name=\"description\" content=\"Analiza en detalle las distintas capas faciales con el modelo anat\u00f3mico facial 3D. Tu nueva herramienta interactiva para la pr\u00e1ctica cl\u00ednica.\" \/>\n<meta name=\"robots\" content=\"index, follow, max-snippet:-1, max-image-preview:large, max-video-preview:-1\" \/>\n<link rel=\"canonical\" href=\"https:\/\/organonpro.com\/es-es\/modelo-anatomico-facial\/\" \/>\n<meta property=\"og:locale\" content=\"en_US\" \/>\n<meta property=\"og:type\" content=\"article\" \/>\n<meta property=\"og:title\" content=\"Facial\" \/>\n<meta property=\"og:description\" content=\"Analiza en detalle las distintas capas faciales con el modelo anat\u00f3mico facial 3D. Tu nueva herramienta interactiva para la pr\u00e1ctica cl\u00ednica.\" \/>\n<meta property=\"og:url\" content=\"https:\/\/organonpro.com\/es-es\/modelo-anatomico-facial\/\" \/>\n<meta property=\"og:site_name\" content=\"Organon Pro - Espa\u00f1a\" \/>\n<meta property=\"article:publisher\" content=\"https:\/\/www.facebook.com\/OrganonandCo\" \/>\n<meta property=\"article:modified_time\" content=\"2026-02-18T09:04:58+00:00\" \/>\n<meta property=\"og:image\" content=\"https:\/\/organonpro.com\/es-es\/wp-content\/uploads\/sites\/11\/2022\/07\/DIPROGENTA.png\" \/>\n\t<meta property=\"og:image:width\" content=\"1647\" \/>\n\t<meta property=\"og:image:height\" content=\"926\" \/>\n\t<meta property=\"og:image:type\" content=\"image\/png\" \/>\n<meta name=\"twitter:card\" content=\"summary_large_image\" \/>\n<meta name=\"twitter:site\" content=\"@OrganonLLC\" \/>\n<meta name=\"twitter:label1\" content=\"Est. reading time\" \/>\n\t<meta name=\"twitter:data1\" content=\"1 minute\" \/>\n<script type=\"application\/ld+json\" class=\"yoast-schema-graph\">{\"@context\":\"https:\/\/schema.org\",\"@graph\":[{\"@type\":\"WebPage\",\"@id\":\"https:\/\/organonpro.com\/es-es\/modelo-anatomico-facial\/\",\"url\":\"https:\/\/organonpro.com\/es-es\/modelo-anatomico-facial\/\",\"name\":\"Modelo anat\u00f3mico facial 3D - Organon Pro - Espa\u00f1a\",\"isPartOf\":{\"@id\":\"https:\/\/organonpro.com\/es-es\/#website\"},\"primaryImageOfPage\":{\"@id\":\"https:\/\/organonpro.com\/es-es\/modelo-anatomico-facial\/#primaryimage\"},\"image\":{\"@id\":\"https:\/\/organonpro.com\/es-es\/modelo-anatomico-facial\/#primaryimage\"},\"thumbnailUrl\":\"https:\/\/organonpro.com\/es-es\/wp-content\/uploads\/sites\/11\/2022\/07\/DIPROGENTA.png?w=640\",\"datePublished\":\"2023-03-29T07:39:22+00:00\",\"dateModified\":\"2026-02-18T09:04:58+00:00\",\"description\":\"Analiza en detalle las distintas capas faciales con el modelo anat\u00f3mico facial 3D. Tu nueva herramienta interactiva para la pr\u00e1ctica cl\u00ednica.\",\"breadcrumb\":{\"@id\":\"https:\/\/organonpro.com\/es-es\/modelo-anatomico-facial\/#breadcrumb\"},\"inLanguage\":\"en-US\",\"potentialAction\":[{\"@type\":\"ReadAction\",\"target\":[\"https:\/\/organonpro.com\/es-es\/modelo-anatomico-facial\/\"]}]},{\"@type\":\"ImageObject\",\"inLanguage\":\"en-US\",\"@id\":\"https:\/\/organonpro.com\/es-es\/modelo-anatomico-facial\/#primaryimage\",\"url\":\"https:\/\/organonpro.com\/es-es\/wp-content\/uploads\/sites\/11\/2022\/07\/DIPROGENTA.png\",\"contentUrl\":\"https:\/\/organonpro.com\/es-es\/wp-content\/uploads\/sites\/11\/2022\/07\/DIPROGENTA.png\",\"width\":1647,\"height\":926},{\"@type\":\"BreadcrumbList\",\"@id\":\"https:\/\/organonpro.com\/es-es\/modelo-anatomico-facial\/#breadcrumb\",\"itemListElement\":[{\"@type\":\"ListItem\",\"position\":1,\"name\":\"Home\",\"item\":\"https:\/\/organonpro.com\/es-es\/\"},{\"@type\":\"ListItem\",\"position\":2,\"name\":\"Facial\"}]},{\"@type\":\"WebSite\",\"@id\":\"https:\/\/organonpro.com\/es-es\/#website\",\"url\":\"https:\/\/organonpro.com\/es-es\/\",\"name\":\"Organon Pro - Espa\u00f1a\",\"description\":\"Organon Pro - Espa\u00f1a\",\"publisher\":{\"@id\":\"https:\/\/organonpro.com\/es-es\/#organization\"},\"potentialAction\":[{\"@type\":\"SearchAction\",\"target\":{\"@type\":\"EntryPoint\",\"urlTemplate\":\"https:\/\/organonpro.com\/es-es\/?s={search_term_string}\"},\"query-input\":{\"@type\":\"PropertyValueSpecification\",\"valueRequired\":true,\"valueName\":\"search_term_string\"}}],\"inLanguage\":\"en-US\"},{\"@type\":\"Organization\",\"@id\":\"https:\/\/organonpro.com\/es-es\/#organization\",\"name\":\"Organon Pro - Espa\u00f1a\",\"url\":\"https:\/\/organonpro.com\/es-es\/\",\"logo\":{\"@type\":\"ImageObject\",\"inLanguage\":\"en-US\",\"@id\":\"https:\/\/organonpro.com\/es-es\/#\/schema\/logo\/image\/\",\"url\":\"https:\/\/organonpro.com\/es-es\/wp-content\/uploads\/sites\/11\/2023\/08\/organon-pro-1.webp\",\"contentUrl\":\"https:\/\/organonpro.com\/es-es\/wp-content\/uploads\/sites\/11\/2023\/08\/organon-pro-1.webp\",\"width\":2269,\"height\":243,\"caption\":\"Organon Pro - Espa\u00f1a\"},\"image\":{\"@id\":\"https:\/\/organonpro.com\/es-es\/#\/schema\/logo\/image\/\"},\"sameAs\":[\"https:\/\/www.facebook.com\/OrganonandCo\",\"https:\/\/x.com\/OrganonLLC\"]}]}<\/script>\n<!-- \/ Yoast SEO Premium plugin. -->","yoast_head_json":{"title":"Modelo anat\u00f3mico facial 3D - Organon Pro - Espa\u00f1a","description":"Analiza en detalle las distintas capas faciales con el modelo anat\u00f3mico facial 3D. Tu nueva herramienta interactiva para la pr\u00e1ctica cl\u00ednica.","robots":{"index":"index","follow":"follow","max-snippet":"max-snippet:-1","max-image-preview":"max-image-preview:large","max-video-preview":"max-video-preview:-1"},"canonical":"https:\/\/organonpro.com\/es-es\/modelo-anatomico-facial\/","og_locale":"en_US","og_type":"article","og_title":"Facial","og_description":"Analiza en detalle las distintas capas faciales con el modelo anat\u00f3mico facial 3D. Tu nueva herramienta interactiva para la pr\u00e1ctica cl\u00ednica.","og_url":"https:\/\/organonpro.com\/es-es\/modelo-anatomico-facial\/","og_site_name":"Organon Pro - Espa\u00f1a","article_publisher":"https:\/\/www.facebook.com\/OrganonandCo","article_modified_time":"2026-02-18T09:04:58+00:00","og_image":[{"width":1647,"height":926,"url":"https:\/\/organonpro.com\/es-es\/wp-content\/uploads\/sites\/11\/2022\/07\/DIPROGENTA.png","type":"image\/png"}],"twitter_card":"summary_large_image","twitter_site":"@OrganonLLC","twitter_misc":{"Est. reading time":"1 minute"},"schema":{"@context":"https:\/\/schema.org","@graph":[{"@type":"WebPage","@id":"https:\/\/organonpro.com\/es-es\/modelo-anatomico-facial\/","url":"https:\/\/organonpro.com\/es-es\/modelo-anatomico-facial\/","name":"Modelo anat\u00f3mico facial 3D - Organon Pro - Espa\u00f1a","isPartOf":{"@id":"https:\/\/organonpro.com\/es-es\/#website"},"primaryImageOfPage":{"@id":"https:\/\/organonpro.com\/es-es\/modelo-anatomico-facial\/#primaryimage"},"image":{"@id":"https:\/\/organonpro.com\/es-es\/modelo-anatomico-facial\/#primaryimage"},"thumbnailUrl":"https:\/\/organonpro.com\/es-es\/wp-content\/uploads\/sites\/11\/2022\/07\/DIPROGENTA.png?w=640","datePublished":"2023-03-29T07:39:22+00:00","dateModified":"2026-02-18T09:04:58+00:00","description":"Analiza en detalle las distintas capas faciales con el modelo anat\u00f3mico facial 3D. Tu nueva herramienta interactiva para la pr\u00e1ctica cl\u00ednica.","breadcrumb":{"@id":"https:\/\/organonpro.com\/es-es\/modelo-anatomico-facial\/#breadcrumb"},"inLanguage":"en-US","potentialAction":[{"@type":"ReadAction","target":["https:\/\/organonpro.com\/es-es\/modelo-anatomico-facial\/"]}]},{"@type":"ImageObject","inLanguage":"en-US","@id":"https:\/\/organonpro.com\/es-es\/modelo-anatomico-facial\/#primaryimage","url":"https:\/\/organonpro.com\/es-es\/wp-content\/uploads\/sites\/11\/2022\/07\/DIPROGENTA.png","contentUrl":"https:\/\/organonpro.com\/es-es\/wp-content\/uploads\/sites\/11\/2022\/07\/DIPROGENTA.png","width":1647,"height":926},{"@type":"BreadcrumbList","@id":"https:\/\/organonpro.com\/es-es\/modelo-anatomico-facial\/#breadcrumb","itemListElement":[{"@type":"ListItem","position":1,"name":"Home","item":"https:\/\/organonpro.com\/es-es\/"},{"@type":"ListItem","position":2,"name":"Facial"}]},{"@type":"WebSite","@id":"https:\/\/organonpro.com\/es-es\/#website","url":"https:\/\/organonpro.com\/es-es\/","name":"Organon Pro - Espa\u00f1a","description":"Organon Pro - Espa\u00f1a","publisher":{"@id":"https:\/\/organonpro.com\/es-es\/#organization"},"potentialAction":[{"@type":"SearchAction","target":{"@type":"EntryPoint","urlTemplate":"https:\/\/organonpro.com\/es-es\/?s={search_term_string}"},"query-input":{"@type":"PropertyValueSpecification","valueRequired":true,"valueName":"search_term_string"}}],"inLanguage":"en-US"},{"@type":"Organization","@id":"https:\/\/organonpro.com\/es-es\/#organization","name":"Organon Pro - Espa\u00f1a","url":"https:\/\/organonpro.com\/es-es\/","logo":{"@type":"ImageObject","inLanguage":"en-US","@id":"https:\/\/organonpro.com\/es-es\/#\/schema\/logo\/image\/","url":"https:\/\/organonpro.com\/es-es\/wp-content\/uploads\/sites\/11\/2023\/08\/organon-pro-1.webp","contentUrl":"https:\/\/organonpro.com\/es-es\/wp-content\/uploads\/sites\/11\/2023\/08\/organon-pro-1.webp","width":2269,"height":243,"caption":"Organon Pro - Espa\u00f1a"},"image":{"@id":"https:\/\/organonpro.com\/es-es\/#\/schema\/logo\/image\/"},"sameAs":["https:\/\/www.facebook.com\/OrganonandCo","https:\/\/x.com\/OrganonLLC"]}]}},"jetpack_sharing_enabled":true,"_links":{"self":[{"href":"https:\/\/organonpro.com\/es-es\/wp-json\/wp\/v2\/pages\/12241","targetHints":{"allow":["GET"]}}],"collection":[{"href":"https:\/\/organonpro.com\/es-es\/wp-json\/wp\/v2\/pages"}],"about":[{"href":"https:\/\/organonpro.com\/es-es\/wp-json\/wp\/v2\/types\/page"}],"author":[{"embeddable":true,"href":"https:\/\/organonpro.com\/es-es\/wp-json\/wp\/v2\/users\/118"}],"replies":[{"embeddable":true,"href":"https:\/\/organonpro.com\/es-es\/wp-json\/wp\/v2\/comments?post=12241"}],"version-history":[{"count":47,"href":"https:\/\/organonpro.com\/es-es\/wp-json\/wp\/v2\/pages\/12241\/revisions"}],"predecessor-version":[{"id":39780,"href":"https:\/\/organonpro.com\/es-es\/wp-json\/wp\/v2\/pages\/12241\/revisions\/39780"}],"wp:attachment":[{"href":"https:\/\/organonpro.com\/es-es\/wp-json\/wp\/v2\/media?parent=12241"}],"curies":[{"name":"wp","href":"https:\/\/api.w.org\/{rel}","templated":true}]}}