{"id":10512,"date":"2023-01-18T06:49:18","date_gmt":"2023-01-18T06:49:18","guid":{"rendered":"https:\/\/organonpro.com\/es-es\/?page_id=10512"},"modified":"2025-02-20T09:50:04","modified_gmt":"2025-02-20T09:50:04","slug":"revistas-cientificas","status":"publish","type":"page","link":"https:\/\/organonpro.com\/es-es\/neurologia\/revistas-cientificas\/revistas-cientificas\/","title":{"rendered":"Neurolog\u00eda | revistas cient\u00edficas"},"content":{"rendered":"<div data-show_filter=\"false\" data-view_button_text=\"Leer\" data-search-placeholder=\"Introduzca su texto de b\u00fasqueda\" data-clear_filter_button_label=\"Borrar todo\" data-sorting_label=\"Ordenar por\" data-view_all_label=\"Ver todo\" data-featured_label=\"Ver todo A - Z\" data-showing_page_label=\"de\" data-no_article_found=\"No se encontraron noticias cient\u00edficas\" data-show_more_label=\"Mostrar m\u00e1s\" data-search_placeholder=\"Buscar en actualidad cient\u00edfica\" data-search_formazione_description=\"Actualmente est\u00e1 buscando dentro de los filtros seleccionados.\" data-search_formazione_link=\" Mostrar todas las noticias cient\u00edficas\" data-view_product_results_label=\"Actualmente est\u00e1 buscando dentro de los filtros seleccionados.\" data-view_all_product_link=\" Mostrar todas las noticias cient\u00edficas\" data-post_taxonomy_terms=\"[&quot;Especialidades:neurologia&quot;]\" data-apply_filter_button_label=\"Aplicar filtros\" data-add_filter_section_heading=\"Aplicar filtros\" data-apply_filter_global_button_label=\"Aplicar filtros\" data-apply_filter_global_mobile_button_label=\"Aplicar filtros\" data-block-i-d=\"55fdd48a-156b-4b68-95e3-49d14ca1c0a4\" data-title=\"\" data-description=\"\" data-show_search=\"true\" data-show_sorting=\"true\" data-product-column=\"3\" data-show_image=\"true\" data-show_article_title=\"true\" data-show_article_subtitle=\"true\" data-show_post_description=\"true\" data-show_view_button=\"true\" data-show-pageination=\"true\" data-showpage-object-items-per-page=\"9\" data-search_formazione=\"Search scientific news\" data-acl_enable_advanced_settings=\"false\" data-acl_fill_the_image_box=\"false\" data-acl_hide_image_on_mobile=\"false\" data-acl_title_heading_tag=\"h1\" data-acl_card_title_heading_tag=\"h3\" data-acl_card_subtitle_heading_tag=\"h6\" data-acl_desktop_margin_top=\"0\" data-acl_desktop_margin_bottom=\"0\" data-acl_desktop_padding_top=\"\" data-acl_desktop_padding_bottom=\"\" data-acl_mobile_margin_top=\"0\" data-acl_mobile_margin_bottom=\"0\" data-acl_mobile_padding_top=\"\" data-acl_mobile_padding_bottom=\"\" data-uuid=\"false\" data-url=\"https:\/\/organonpro.com\/es-es\/wp-content\/themes\/organon-connect-master\" data-post_type=\"scientific\" class=\"wp-block-orc2-scientific-news-listing-react\"><\/div>\n\n\n<style>\n.product-cards .card-image img {\nobject-fit: cover;\n}\n<\/style>\n","protected":false},"excerpt":{"rendered":"","protected":false},"author":11,"featured_media":0,"parent":10471,"menu_order":0,"comment_status":"closed","ping_status":"closed","template":"templates\/template-listing-details.php","meta":{"_acf_changed":false,"footnotes":""},"class_list":["post-10512","page","type-page","status-publish","hentry"],"acf":[],"yoast_head":"<!-- This site is optimized with the Yoast SEO Premium plugin v20.11 (Yoast SEO v26.6) - https:\/\/yoast.com\/wordpress\/plugins\/seo\/ -->\n<title>Neurolog\u00eda | revistas cient\u00edficas - Organon Pro - Espa\u00f1a<\/title>\n<meta name=\"robots\" content=\"index, follow, max-snippet:-1, max-image-preview:large, max-video-preview:-1\" \/>\n<link rel=\"canonical\" href=\"https:\/\/organonpro.com\/es-es\/neurologia\/revistas-cientificas\/revistas-cientificas\/\" \/>\n<meta property=\"og:locale\" content=\"en_US\" \/>\n<meta property=\"og:type\" content=\"article\" \/>\n<meta property=\"og:title\" content=\"Neurolog\u00eda | revistas cient\u00edficas\" \/>\n<meta property=\"og:url\" content=\"https:\/\/organonpro.com\/es-es\/neurologia\/revistas-cientificas\/revistas-cientificas\/\" \/>\n<meta property=\"og:site_name\" content=\"Organon Pro - Espa\u00f1a\" \/>\n<meta property=\"article:publisher\" content=\"https:\/\/www.facebook.com\/OrganonandCo\" \/>\n<meta property=\"article:modified_time\" content=\"2025-02-20T09:50:04+00:00\" \/>\n<meta property=\"og:image\" content=\"https:\/\/organonpro.com\/es-es\/wp-content\/uploads\/sites\/11\/2022\/12\/organon-pro-og-img.png\" \/>\n\t<meta property=\"og:image:width\" content=\"1200\" \/>\n\t<meta property=\"og:image:height\" content=\"630\" \/>\n\t<meta property=\"og:image:type\" content=\"image\/png\" \/>\n<meta name=\"twitter:card\" content=\"summary_large_image\" \/>\n<meta name=\"twitter:site\" content=\"@OrganonLLC\" \/>\n<script type=\"application\/ld+json\" class=\"yoast-schema-graph\">{\"@context\":\"https:\/\/schema.org\",\"@graph\":[{\"@type\":\"WebPage\",\"@id\":\"https:\/\/organonpro.com\/es-es\/neurologia\/revistas-cientificas\/revistas-cientificas\/\",\"url\":\"https:\/\/organonpro.com\/es-es\/neurologia\/revistas-cientificas\/revistas-cientificas\/\",\"name\":\"Neurolog\u00eda | revistas cient\u00edficas - Organon Pro - Espa\u00f1a\",\"isPartOf\":{\"@id\":\"https:\/\/organonpro.com\/es-es\/#website\"},\"datePublished\":\"2023-01-18T06:49:18+00:00\",\"dateModified\":\"2025-02-20T09:50:04+00:00\",\"breadcrumb\":{\"@id\":\"https:\/\/organonpro.com\/es-es\/neurologia\/revistas-cientificas\/revistas-cientificas\/#breadcrumb\"},\"inLanguage\":\"en-US\",\"potentialAction\":[{\"@type\":\"ReadAction\",\"target\":[\"https:\/\/organonpro.com\/es-es\/neurologia\/revistas-cientificas\/revistas-cientificas\/\"]}]},{\"@type\":\"BreadcrumbList\",\"@id\":\"https:\/\/organonpro.com\/es-es\/neurologia\/revistas-cientificas\/revistas-cientificas\/#breadcrumb\",\"itemListElement\":[{\"@type\":\"ListItem\",\"position\":1,\"name\":\"Home\",\"item\":\"https:\/\/organonpro.com\/es-es\/\"},{\"@type\":\"ListItem\",\"position\":2,\"name\":\"Neurolog\u00eda\",\"item\":\"https:\/\/organonpro.com\/es-es\/neurologia\/\"},{\"@type\":\"ListItem\",\"position\":3,\"name\":\"Revistas cient\u00edficas\",\"item\":\"https:\/\/organonpro.com\/es-es\/neurologia\/revistas-cientificas\/\"},{\"@type\":\"ListItem\",\"position\":4,\"name\":\"Neurolog\u00eda | revistas cient\u00edficas\"}]},{\"@type\":\"WebSite\",\"@id\":\"https:\/\/organonpro.com\/es-es\/#website\",\"url\":\"https:\/\/organonpro.com\/es-es\/\",\"name\":\"Organon Pro - Espa\u00f1a\",\"description\":\"Organon Pro - Espa\u00f1a\",\"publisher\":{\"@id\":\"https:\/\/organonpro.com\/es-es\/#organization\"},\"potentialAction\":[{\"@type\":\"SearchAction\",\"target\":{\"@type\":\"EntryPoint\",\"urlTemplate\":\"https:\/\/organonpro.com\/es-es\/?s={search_term_string}\"},\"query-input\":{\"@type\":\"PropertyValueSpecification\",\"valueRequired\":true,\"valueName\":\"search_term_string\"}}],\"inLanguage\":\"en-US\"},{\"@type\":\"Organization\",\"@id\":\"https:\/\/organonpro.com\/es-es\/#organization\",\"name\":\"Organon Pro - Espa\u00f1a\",\"url\":\"https:\/\/organonpro.com\/es-es\/\",\"logo\":{\"@type\":\"ImageObject\",\"inLanguage\":\"en-US\",\"@id\":\"https:\/\/organonpro.com\/es-es\/#\/schema\/logo\/image\/\",\"url\":\"https:\/\/organonpro.com\/es-es\/wp-content\/uploads\/sites\/11\/2023\/08\/organon-pro-1.webp\",\"contentUrl\":\"https:\/\/organonpro.com\/es-es\/wp-content\/uploads\/sites\/11\/2023\/08\/organon-pro-1.webp\",\"width\":2269,\"height\":243,\"caption\":\"Organon Pro - Espa\u00f1a\"},\"image\":{\"@id\":\"https:\/\/organonpro.com\/es-es\/#\/schema\/logo\/image\/\"},\"sameAs\":[\"https:\/\/www.facebook.com\/OrganonandCo\",\"https:\/\/x.com\/OrganonLLC\"]}]}<\/script>\n<!-- \/ Yoast SEO Premium plugin. -->","yoast_head_json":{"title":"Neurolog\u00eda | revistas cient\u00edficas - Organon Pro - Espa\u00f1a","robots":{"index":"index","follow":"follow","max-snippet":"max-snippet:-1","max-image-preview":"max-image-preview:large","max-video-preview":"max-video-preview:-1"},"canonical":"https:\/\/organonpro.com\/es-es\/neurologia\/revistas-cientificas\/revistas-cientificas\/","og_locale":"en_US","og_type":"article","og_title":"Neurolog\u00eda | revistas cient\u00edficas","og_url":"https:\/\/organonpro.com\/es-es\/neurologia\/revistas-cientificas\/revistas-cientificas\/","og_site_name":"Organon Pro - Espa\u00f1a","article_publisher":"https:\/\/www.facebook.com\/OrganonandCo","article_modified_time":"2025-02-20T09:50:04+00:00","og_image":[{"width":1200,"height":630,"url":"https:\/\/organonpro.com\/es-es\/wp-content\/uploads\/sites\/11\/2022\/12\/organon-pro-og-img.png","type":"image\/png"}],"twitter_card":"summary_large_image","twitter_site":"@OrganonLLC","schema":{"@context":"https:\/\/schema.org","@graph":[{"@type":"WebPage","@id":"https:\/\/organonpro.com\/es-es\/neurologia\/revistas-cientificas\/revistas-cientificas\/","url":"https:\/\/organonpro.com\/es-es\/neurologia\/revistas-cientificas\/revistas-cientificas\/","name":"Neurolog\u00eda | revistas cient\u00edficas - Organon Pro - Espa\u00f1a","isPartOf":{"@id":"https:\/\/organonpro.com\/es-es\/#website"},"datePublished":"2023-01-18T06:49:18+00:00","dateModified":"2025-02-20T09:50:04+00:00","breadcrumb":{"@id":"https:\/\/organonpro.com\/es-es\/neurologia\/revistas-cientificas\/revistas-cientificas\/#breadcrumb"},"inLanguage":"en-US","potentialAction":[{"@type":"ReadAction","target":["https:\/\/organonpro.com\/es-es\/neurologia\/revistas-cientificas\/revistas-cientificas\/"]}]},{"@type":"BreadcrumbList","@id":"https:\/\/organonpro.com\/es-es\/neurologia\/revistas-cientificas\/revistas-cientificas\/#breadcrumb","itemListElement":[{"@type":"ListItem","position":1,"name":"Home","item":"https:\/\/organonpro.com\/es-es\/"},{"@type":"ListItem","position":2,"name":"Neurolog\u00eda","item":"https:\/\/organonpro.com\/es-es\/neurologia\/"},{"@type":"ListItem","position":3,"name":"Revistas cient\u00edficas","item":"https:\/\/organonpro.com\/es-es\/neurologia\/revistas-cientificas\/"},{"@type":"ListItem","position":4,"name":"Neurolog\u00eda | revistas cient\u00edficas"}]},{"@type":"WebSite","@id":"https:\/\/organonpro.com\/es-es\/#website","url":"https:\/\/organonpro.com\/es-es\/","name":"Organon Pro - Espa\u00f1a","description":"Organon Pro - Espa\u00f1a","publisher":{"@id":"https:\/\/organonpro.com\/es-es\/#organization"},"potentialAction":[{"@type":"SearchAction","target":{"@type":"EntryPoint","urlTemplate":"https:\/\/organonpro.com\/es-es\/?s={search_term_string}"},"query-input":{"@type":"PropertyValueSpecification","valueRequired":true,"valueName":"search_term_string"}}],"inLanguage":"en-US"},{"@type":"Organization","@id":"https:\/\/organonpro.com\/es-es\/#organization","name":"Organon Pro - Espa\u00f1a","url":"https:\/\/organonpro.com\/es-es\/","logo":{"@type":"ImageObject","inLanguage":"en-US","@id":"https:\/\/organonpro.com\/es-es\/#\/schema\/logo\/image\/","url":"https:\/\/organonpro.com\/es-es\/wp-content\/uploads\/sites\/11\/2023\/08\/organon-pro-1.webp","contentUrl":"https:\/\/organonpro.com\/es-es\/wp-content\/uploads\/sites\/11\/2023\/08\/organon-pro-1.webp","width":2269,"height":243,"caption":"Organon Pro - Espa\u00f1a"},"image":{"@id":"https:\/\/organonpro.com\/es-es\/#\/schema\/logo\/image\/"},"sameAs":["https:\/\/www.facebook.com\/OrganonandCo","https:\/\/x.com\/OrganonLLC"]}]}},"jetpack_sharing_enabled":true,"_links":{"self":[{"href":"https:\/\/organonpro.com\/es-es\/wp-json\/wp\/v2\/pages\/10512","targetHints":{"allow":["GET"]}}],"collection":[{"href":"https:\/\/organonpro.com\/es-es\/wp-json\/wp\/v2\/pages"}],"about":[{"href":"https:\/\/organonpro.com\/es-es\/wp-json\/wp\/v2\/types\/page"}],"author":[{"embeddable":true,"href":"https:\/\/organonpro.com\/es-es\/wp-json\/wp\/v2\/users\/11"}],"replies":[{"embeddable":true,"href":"https:\/\/organonpro.com\/es-es\/wp-json\/wp\/v2\/comments?post=10512"}],"version-history":[{"count":6,"href":"https:\/\/organonpro.com\/es-es\/wp-json\/wp\/v2\/pages\/10512\/revisions"}],"predecessor-version":[{"id":25466,"href":"https:\/\/organonpro.com\/es-es\/wp-json\/wp\/v2\/pages\/10512\/revisions\/25466"}],"up":[{"embeddable":true,"href":"https:\/\/organonpro.com\/es-es\/wp-json\/wp\/v2\/pages\/10471"}],"wp:attachment":[{"href":"https:\/\/organonpro.com\/es-es\/wp-json\/wp\/v2\/media?parent=10512"}],"curies":[{"name":"wp","href":"https:\/\/api.w.org\/{rel}","templated":true}]}}