{"id":35,"date":"2022-09-06T08:05:27","date_gmt":"2022-09-06T08:05:27","guid":{"rendered":"https:\/\/organonpro.com\/es-ec\/?page_id=35"},"modified":"2024-01-08T11:37:35","modified_gmt":"2024-01-08T11:37:35","slug":"aviso","status":"publish","type":"page","link":"https:\/\/organonpro.com\/es-ec\/aviso\/","title":{"rendered":"Aviso de privacidad"},"content":{"rendered":"\n<p>En cumplimiento de lo establecido en la normativa ecuatoriana en materia de protecci\u00f3n de datos de car\u00e1cter personal, informamos que Organon &#8211; Ecuador S.A. mantiene estrictas medidas y pol\u00edticas para salvaguardar la confidencialidad y realizar el tratamiento de los datos personales que han sido o que sean recolectados en desarrollo de su objeto social (los \u201cDatos\u201d), y los cuales fueron proporcionados por los titulares de los datos. Teniendo en cuenta lo anterior le informamos que la pol\u00edtica de privacidad de los Datos est\u00e1 disponible en nuestra p\u00e1gina de Internet cuya direcci\u00f3n es la siguiente:<\/p>\n\n\n\n<p><a href=\"http:\/\/www.msd.com\/privacy\">http:\/\/organon.com\/privacy<\/a> compromiso con los Profesionales del Cuidado de la Salud y Otros clientes, por favor vea nuestro Aviso de Privacidad<\/p>\n\n\n\n<p>En este sentido queremos recordarle lo siguiente:<\/p>\n\n\n\n<ol class=\"wp-block-list\">\n<li>Informaci\u00f3n del responsable que recaba los Datos:<\/li>\n<\/ol>\n\n\n\n<p>Organon-Ecuador S.A.<\/p>\n\n\n\n<p>Domicilio: Calle Luxemburgo N34-359 y Portugal, Edificio Cosmopolitan, Piso 7, Quito, Ecuador<\/p>\n\n\n\n<ul class=\"wp-block-list\">\n<li>Finalidad del tratamiento de los Datos:<\/li>\n<\/ul>\n\n\n\n<p>Organon recopila, recibe, utiliza y comparte informaci\u00f3n identificable para el desarrollo de sus operaciones, y en particular informaci\u00f3n identificable de usted con los fines de comunicar informaci\u00f3n sobre productos de Organon a trav\u00e9s de nuestros representantes o nuestros sitios web, correo electr\u00f3nico, centros de llamadas, correo postal y otros canales digitales, incluidas comunicaciones de naturaleza promocional y comercial; programas de soporte a pacientes; simposios, conferencias y otros programas de educaci\u00f3n m\u00e9dica y cient\u00edfica; investigaciones de mercado; acceso a nuestros servicios y llevar el seguimiento de nuestras interacciones con los profesionales de la salud por Internet o fuera de Internet.<\/p>\n\n\n\n<p>Usted de manera expresa autoriza que sus datos se transmitan, transfieran y\/o compartan a compa\u00f1\u00edas filiales, subordinadas o la casa matriz, as\u00ed como a terceros proveedores relacionados con el Tratamiento de los Datos (procesamiento, manejo, administraci\u00f3n y\/o an\u00e1lisis), inclusive a los pa\u00edses que no tengan implementados o expedidas legislaciones de protecci\u00f3n de datos equivalentes a la legislaci\u00f3n ecuatoriana. De igual forma autoriza a que dicha informaci\u00f3n ser\u00e1 verificada y revisada en diferentes bases de datos y\/o listas de partes denegadas.<\/p>\n\n\n\n<p>Organon se compromete a realizar el tratamiento de los datos bajo estricta confidencialidad y atendiendo a altos est\u00e1ndares de seguridad, en este sentido no realizar\u00e1 operaciones de venta sobre los datos respecto de los cuales otorga la presente autorizaci\u00f3n.<\/p>\n\n\n\n<p>El Tratamiento de los Datos se realizar\u00e1 de conformidad con la pol\u00edtica de privacidad de datos Organon, la cual se encuentra publicada en la p\u00e1gina web de Organon.<\/p>\n\n\n\n<ul class=\"wp-block-list\">\n<li>Usted podr\u00e1 en t\u00e9rminos de lo establecido en la Ley, dirigirse a Organon para ejercer los derechos consagrados en las normas aplicables y especialmente los siguientes respecto de los &#8220;Datos&#8221;: (i) Tener acceso a sus Datos; (ii) Actualizar, modificar y rectificar los mismos; (iii) Solicitar su retiro; para tal fin usted podr\u00e1 ejercer sus derechos dirigi\u00e9ndose a la siguiente direcci\u00f3n electr\u00f3nica: <a href=\"mailto:privacidad_ec@organon.com\">privacidad_ec@organon.com<\/a><\/li>\n<\/ul>\n\n\n\n<p>Igualmente, en caso de querer realizar alguna consulta y\/o queja sobre el manejo de sus Datos, le pedimos dirigir una comunicaci\u00f3n a la siguiente direcci\u00f3n: <a href=\"mailto:privacidad_ec@organon.com\">privacidad_ec@organon.com<\/a>.<\/p>\n\n\n\n<p>En el ejercicio de sus derechos como titular de los Datos, o al presentar una consulta o queja, deber\u00e1 anexar la siguiente informaci\u00f3n: a. Nombre, domicilio, correo electr\u00f3nico, tel\u00e9fono u otro medio que nos permita contactarlo. b. Identificaci\u00f3n (en su caso, documento que acredite la representaci\u00f3n del titular de los datos personales). c. Descripci\u00f3n precisa del tipo de acci\u00f3n que desea se tome respecto de sus Datos. d. Adjuntar la documentaci\u00f3n que sustente la petici\u00f3n.<\/p>\n\n\n\n<p>4. En el caso que Usted decida proporcionar sus datos a trav\u00e9s de cualquier medio escrito o virtual, los mismos \u00fanicamente ser\u00e1n utilizados para las finalidades ya mencionadas De esta manera, y en cumplimiento de las normas atinentes, a trav\u00e9s de este documento otorgo de forma expresa, libre y voluntaria autorizaci\u00f3n a Organon para el uso de mis datos personales en los t\u00e9rminos aqu\u00ed descritos.<\/p>\n","protected":false},"excerpt":{"rendered":"<p>En cumplimiento de lo establecido en la normativa ecuatoriana en materia de protecci\u00f3n de datos de car\u00e1cter personal, informamos que Organon &#8211; Ecuador S.A. mantiene estrictas medidas y pol\u00edticas para salvaguardar la confidencialidad y realizar el tratamiento de los datos personales que han sido o que sean recolectados en desarrollo de su objeto social (los [&hellip;]<\/p>\n","protected":false},"author":15,"featured_media":0,"parent":0,"menu_order":0,"comment_status":"closed","ping_status":"closed","template":"","meta":{"_acf_changed":false,"footnotes":""},"class_list":["post-35","page","type-page","status-publish","hentry"],"acf":[],"yoast_head":"<!-- This site is optimized with the Yoast SEO Premium plugin v20.11 (Yoast SEO v26.6) - https:\/\/yoast.com\/wordpress\/plugins\/seo\/ -->\n<title>Aviso de privacidad - Organon Pro Ecuador<\/title>\n<meta name=\"robots\" content=\"index, follow, max-snippet:-1, max-image-preview:large, max-video-preview:-1\" \/>\n<link rel=\"canonical\" href=\"https:\/\/organonpro.com\/es-ec\/aviso\/\" \/>\n<meta property=\"og:locale\" content=\"en_US\" \/>\n<meta property=\"og:type\" content=\"article\" \/>\n<meta property=\"og:title\" content=\"Aviso de privacidad\" \/>\n<meta property=\"og:description\" content=\"En cumplimiento de lo establecido en la normativa ecuatoriana en materia de protecci\u00f3n de datos de car\u00e1cter personal, informamos que Organon &#8211; Ecuador S.A. mantiene estrictas medidas y pol\u00edticas para salvaguardar la confidencialidad y realizar el tratamiento de los datos personales que han sido o que sean recolectados en desarrollo de su objeto social (los [&hellip;]\" \/>\n<meta property=\"og:url\" content=\"https:\/\/organonpro.com\/es-ec\/aviso\/\" \/>\n<meta property=\"og:site_name\" content=\"Organon Pro Ecuador\" \/>\n<meta property=\"article:modified_time\" content=\"2024-01-08T11:37:35+00:00\" \/>\n<meta property=\"og:image\" content=\"https:\/\/organonpro.com\/es-ec\/wp-content\/uploads\/sites\/116\/2022\/12\/organon-pro-og-img.png\" \/>\n\t<meta property=\"og:image:width\" content=\"1200\" \/>\n\t<meta property=\"og:image:height\" content=\"630\" \/>\n\t<meta property=\"og:image:type\" content=\"image\/png\" \/>\n<meta name=\"twitter:card\" content=\"summary_large_image\" \/>\n<meta name=\"twitter:label1\" content=\"Est. reading time\" \/>\n\t<meta name=\"twitter:data1\" content=\"3 minutes\" \/>\n<script type=\"application\/ld+json\" class=\"yoast-schema-graph\">{\"@context\":\"https:\/\/schema.org\",\"@graph\":[{\"@type\":\"WebPage\",\"@id\":\"https:\/\/organonpro.com\/es-ec\/aviso\/\",\"url\":\"https:\/\/organonpro.com\/es-ec\/aviso\/\",\"name\":\"Aviso de privacidad - Organon Pro Ecuador\",\"isPartOf\":{\"@id\":\"https:\/\/organonpro.com\/es-ec\/#website\"},\"datePublished\":\"2022-09-06T08:05:27+00:00\",\"dateModified\":\"2024-01-08T11:37:35+00:00\",\"breadcrumb\":{\"@id\":\"https:\/\/organonpro.com\/es-ec\/aviso\/#breadcrumb\"},\"inLanguage\":\"en-US\",\"potentialAction\":[{\"@type\":\"ReadAction\",\"target\":[\"https:\/\/organonpro.com\/es-ec\/aviso\/\"]}]},{\"@type\":\"BreadcrumbList\",\"@id\":\"https:\/\/organonpro.com\/es-ec\/aviso\/#breadcrumb\",\"itemListElement\":[{\"@type\":\"ListItem\",\"position\":1,\"name\":\"Home\",\"item\":\"https:\/\/organonpro.com\/es-ec\/\"},{\"@type\":\"ListItem\",\"position\":2,\"name\":\"Aviso de privacidad\"}]},{\"@type\":\"WebSite\",\"@id\":\"https:\/\/organonpro.com\/es-ec\/#website\",\"url\":\"https:\/\/organonpro.com\/es-ec\/\",\"name\":\"Organon Pro Ecuador\",\"description\":\"Organon Pro Ecuador\",\"publisher\":{\"@id\":\"https:\/\/organonpro.com\/es-ec\/#organization\"},\"potentialAction\":[{\"@type\":\"SearchAction\",\"target\":{\"@type\":\"EntryPoint\",\"urlTemplate\":\"https:\/\/organonpro.com\/es-ec\/?s={search_term_string}\"},\"query-input\":{\"@type\":\"PropertyValueSpecification\",\"valueRequired\":true,\"valueName\":\"search_term_string\"}}],\"inLanguage\":\"en-US\"},{\"@type\":\"Organization\",\"@id\":\"https:\/\/organonpro.com\/es-ec\/#organization\",\"name\":\"Organon Pro Ecuador\",\"url\":\"https:\/\/organonpro.com\/es-ec\/\",\"logo\":{\"@type\":\"ImageObject\",\"inLanguage\":\"en-US\",\"@id\":\"https:\/\/organonpro.com\/es-ec\/#\/schema\/logo\/image\/\",\"url\":\"https:\/\/organonpro.com\/es-ec\/wp-content\/uploads\/sites\/116\/2022\/08\/MicrosoftTeams-image-2.png\",\"contentUrl\":\"https:\/\/organonpro.com\/es-ec\/wp-content\/uploads\/sites\/116\/2022\/08\/MicrosoftTeams-image-2.png\",\"width\":2380,\"height\":253,\"caption\":\"Organon Pro Ecuador\"},\"image\":{\"@id\":\"https:\/\/organonpro.com\/es-ec\/#\/schema\/logo\/image\/\"}}]}<\/script>\n<!-- \/ Yoast SEO Premium plugin. -->","yoast_head_json":{"title":"Aviso de privacidad - Organon Pro Ecuador","robots":{"index":"index","follow":"follow","max-snippet":"max-snippet:-1","max-image-preview":"max-image-preview:large","max-video-preview":"max-video-preview:-1"},"canonical":"https:\/\/organonpro.com\/es-ec\/aviso\/","og_locale":"en_US","og_type":"article","og_title":"Aviso de privacidad","og_description":"En cumplimiento de lo establecido en la normativa ecuatoriana en materia de protecci\u00f3n de datos de car\u00e1cter personal, informamos que Organon &#8211; Ecuador S.A. mantiene estrictas medidas y pol\u00edticas para salvaguardar la confidencialidad y realizar el tratamiento de los datos personales que han sido o que sean recolectados en desarrollo de su objeto social (los [&hellip;]","og_url":"https:\/\/organonpro.com\/es-ec\/aviso\/","og_site_name":"Organon Pro Ecuador","article_modified_time":"2024-01-08T11:37:35+00:00","og_image":[{"width":1200,"height":630,"url":"https:\/\/organonpro.com\/es-ec\/wp-content\/uploads\/sites\/116\/2022\/12\/organon-pro-og-img.png","type":"image\/png"}],"twitter_card":"summary_large_image","twitter_misc":{"Est. reading time":"3 minutes"},"schema":{"@context":"https:\/\/schema.org","@graph":[{"@type":"WebPage","@id":"https:\/\/organonpro.com\/es-ec\/aviso\/","url":"https:\/\/organonpro.com\/es-ec\/aviso\/","name":"Aviso de privacidad - Organon Pro Ecuador","isPartOf":{"@id":"https:\/\/organonpro.com\/es-ec\/#website"},"datePublished":"2022-09-06T08:05:27+00:00","dateModified":"2024-01-08T11:37:35+00:00","breadcrumb":{"@id":"https:\/\/organonpro.com\/es-ec\/aviso\/#breadcrumb"},"inLanguage":"en-US","potentialAction":[{"@type":"ReadAction","target":["https:\/\/organonpro.com\/es-ec\/aviso\/"]}]},{"@type":"BreadcrumbList","@id":"https:\/\/organonpro.com\/es-ec\/aviso\/#breadcrumb","itemListElement":[{"@type":"ListItem","position":1,"name":"Home","item":"https:\/\/organonpro.com\/es-ec\/"},{"@type":"ListItem","position":2,"name":"Aviso de privacidad"}]},{"@type":"WebSite","@id":"https:\/\/organonpro.com\/es-ec\/#website","url":"https:\/\/organonpro.com\/es-ec\/","name":"Organon Pro Ecuador","description":"Organon Pro Ecuador","publisher":{"@id":"https:\/\/organonpro.com\/es-ec\/#organization"},"potentialAction":[{"@type":"SearchAction","target":{"@type":"EntryPoint","urlTemplate":"https:\/\/organonpro.com\/es-ec\/?s={search_term_string}"},"query-input":{"@type":"PropertyValueSpecification","valueRequired":true,"valueName":"search_term_string"}}],"inLanguage":"en-US"},{"@type":"Organization","@id":"https:\/\/organonpro.com\/es-ec\/#organization","name":"Organon Pro Ecuador","url":"https:\/\/organonpro.com\/es-ec\/","logo":{"@type":"ImageObject","inLanguage":"en-US","@id":"https:\/\/organonpro.com\/es-ec\/#\/schema\/logo\/image\/","url":"https:\/\/organonpro.com\/es-ec\/wp-content\/uploads\/sites\/116\/2022\/08\/MicrosoftTeams-image-2.png","contentUrl":"https:\/\/organonpro.com\/es-ec\/wp-content\/uploads\/sites\/116\/2022\/08\/MicrosoftTeams-image-2.png","width":2380,"height":253,"caption":"Organon Pro Ecuador"},"image":{"@id":"https:\/\/organonpro.com\/es-ec\/#\/schema\/logo\/image\/"}}]}},"_links":{"self":[{"href":"https:\/\/organonpro.com\/es-ec\/wp-json\/wp\/v2\/pages\/35","targetHints":{"allow":["GET"]}}],"collection":[{"href":"https:\/\/organonpro.com\/es-ec\/wp-json\/wp\/v2\/pages"}],"about":[{"href":"https:\/\/organonpro.com\/es-ec\/wp-json\/wp\/v2\/types\/page"}],"author":[{"embeddable":true,"href":"https:\/\/organonpro.com\/es-ec\/wp-json\/wp\/v2\/users\/15"}],"replies":[{"embeddable":true,"href":"https:\/\/organonpro.com\/es-ec\/wp-json\/wp\/v2\/comments?post=35"}],"version-history":[{"count":6,"href":"https:\/\/organonpro.com\/es-ec\/wp-json\/wp\/v2\/pages\/35\/revisions"}],"predecessor-version":[{"id":6187,"href":"https:\/\/organonpro.com\/es-ec\/wp-json\/wp\/v2\/pages\/35\/revisions\/6187"}],"wp:attachment":[{"href":"https:\/\/organonpro.com\/es-ec\/wp-json\/wp\/v2\/media?parent=35"}],"curies":[{"name":"wp","href":"https:\/\/api.w.org\/{rel}","templated":true}]}}