{"id":33,"date":"2022-09-06T08:04:28","date_gmt":"2022-09-06T08:04:28","guid":{"rendered":"https:\/\/organonpro.com\/es-ec\/?page_id=33"},"modified":"2023-03-09T12:01:02","modified_gmt":"2023-03-09T12:01:02","slug":"privacidad","status":"publish","type":"page","link":"https:\/\/organonpro.com\/es-ec\/privacidad\/","title":{"rendered":"Pol\u00edtica de privacidad"},"content":{"rendered":"\n<h1 class=\"wp-block-heading\">Nuestro Compromiso Con La Privacidad<\/h1>\n\n\n\n<h2 class=\"wp-block-heading\"><strong>En Organon, la privacidad comienza por la confianza.<\/strong><\/h2>\n\n\n\n<p>La Oficina Global de Privacidad de Organon &amp; Co. mantiene un programa de privacidad basado en cuatro valores de privacidad, que constituyen los cimientos de un compromiso, de interacciones y de un uso de la informaci\u00f3n personal responsable. Estos valores son:<\/p>\n\n\n\n<ul class=\"wp-block-list\">\n<li>Respetar las expectativas individuales de privacidad;<\/li>\n\n\n\n<li>Generar y mantener la confianza;<\/li>\n\n\n\n<li>Impedir brechas de privacidad, y<\/li>\n\n\n\n<li>Actuar de conformidad con la letra y el esp\u00edritu de las normativas de privacidad y protecci\u00f3n de datos en todo el mundo.<\/li>\n<\/ul>\n\n\n\n<p>Nuestro programa de privacidad se basa en una plataforma de responsabilidad organizacional en todos los niveles, la administraci\u00f3n de los datos que utilizamos para operar nuestro negocio, pr\u00e1cticas y est\u00e1ndares de protecci\u00f3n de datos y privacidad global consistentes que mantienen altos est\u00e1ndares \u00e9ticos en todo nuestras pr\u00e1cticas comerciales y supervisi\u00f3n continua para garantizar que continuamos respondiendo a los cambios en las expectativas de privacidad a medida que la tecnolog\u00eda y nuestro negocio contin\u00faan evolucionando.<\/p>\n\n\n\n<h3 class=\"wp-block-heading\"><strong>Nuestro enfoque sobre la confianza en relaci\u00f3n con la privacidad<\/strong><\/h3>\n\n\n\n<p>Consideramos que la confianza es un valor fundamental en el concepto de privacidad y esencial para nuestra misi\u00f3n corporativa de entregar soluciones sanitarias ingeniosas que permitan a las personas tener una mejor vida. Nuestra estrategia para el programa de privacidad global tiene como prop\u00f3sito generar confianza tanto en el modo en que nos comprometemos con los dem\u00e1s como en la forma en que consultamos, utilizamos y transferimos informaci\u00f3n personal en todo el mundo.<\/p>\n\n\n\n<div style=\"height:30px\" aria-hidden=\"true\" class=\"wp-block-spacer\"><\/div>\n\n\n\n<div class=\"wp-block-columns is-layout-flex wp-container-core-columns-is-layout-9d6595d7 wp-block-columns-is-layout-flex\">\n<div class=\"wp-block-column is-layout-flow wp-block-column-is-layout-flow\">\n<h3 class=\"wp-block-heading\"><strong>Informaci\u00f3n de contacto espec\u00edfica del pa\u00eds<\/strong><\/h3>\n\n\n\n<p>Trabajamos para implementar y mantener est\u00e1ndares coherentes de privacidad a nivel global, con el objetivo de ofrecer garant\u00edas relativas al modo en que gestionamos nuestras obligaciones de privacidad y de protecci\u00f3n de datos en distintos pa\u00edses y regiones, y para conservar nuestra certificaci\u00f3n en las Normas de privacidad transfronterizas de la APEC. Cada una de las certificaciones se basa en nuestra&nbsp;<a href=\"https:\/\/www.organon.com\/privacy\/es\/cross-border-privacy-policy-rules\/\">Pol\u00edtica de normas de privacidad transfronterizas<\/a>.<\/p>\n\n\n\n<h3 class=\"wp-block-heading\">Informaci\u00f3n de contacto espec\u00edfica del pa\u00eds<\/h3>\n\n\n\n<p>Visite nuestra\u00a0<a href=\"https:\/\/www.organon.com\/privacy\/es\/\" target=\"_blank\" rel=\"noreferrer noopener\">p\u00e1gina de contacto<\/a>\u00a0para obtener m\u00e1s informaci\u00f3n sobre sus derechos de privacidad y para obtener informaci\u00f3n espec\u00edfica del pa\u00eds.<\/p>\n<\/div>\n\n\n\n<div class=\"wp-block-column is-layout-flow wp-block-column-is-layout-flow\">\n<h3 class=\"wp-block-heading\"><strong>Transparencia<\/strong><\/h3>\n\n\n\n<p>Somos conscientes de que puede resultar complejo para la gente el hecho de comprender las distintas formas en que se puede ver, captar, recopilar, compartir, utilizar, analizar y transferir la informaci\u00f3n que se tiene sobre ella. Hacemos uso de diversos enfoques para respaldar el objetivo de que nuestras operaciones sean transparentes tanto para las personas cuya informaci\u00f3n tratamos como para los organismos reguladores y agentes de los mismos encargados de supervisar dichas operaciones. Algunos ejemplos significativos son:<\/p>\n\n\n\n<ul class=\"wp-block-list\">\n<li>Privacidad en la red: nuestra&nbsp;<a href=\"https:\/\/organonpro.com\/es-ec\/privacidad\/\">Pol\u00edtica de privacidad en Internet<\/a>&nbsp;describe los modos en los que tratamos la informaci\u00f3n personal en la red;<\/li>\n\n\n\n<li>Tecnolog\u00edas de rastreo: nuestra&nbsp;<a href=\"https:\/\/organonpro.com\/es-ec\/politica-cookies\/\">Pol\u00edtica global de rastreo en l\u00ednea<\/a>&nbsp;describe las formas en que nuestros sitios web y nuestros servicios en l\u00ednea utilizan las cookies y otras herramientas de seguimiento en l\u00ednea;<\/li>\n\n\n\n<li>Avisos contextuales: los brindamos en el momento en que utiliza nuestros servicios o toma parte en ellos.<\/li>\n\n\n\n<li>Avisos integrales de privacidad: est\u00e1n dirigidos a facilitar una visi\u00f3n exhaustiva del modo en que se aplican nuestras pr\u00e1cticas de privacidad a determinados agentes.<\/li>\n<\/ul>\n<\/div>\n<\/div>\n","protected":false},"excerpt":{"rendered":"<p>Nuestro Compromiso Con La Privacidad En Organon, la privacidad comienza por la confianza. La Oficina Global de Privacidad de Organon &amp; Co. mantiene un programa de privacidad basado en cuatro valores de privacidad, que constituyen los cimientos de un compromiso, de interacciones y de un uso de la informaci\u00f3n personal responsable. Estos valores son: Nuestro [&hellip;]<\/p>\n","protected":false},"author":15,"featured_media":0,"parent":0,"menu_order":0,"comment_status":"closed","ping_status":"closed","template":"","meta":{"_acf_changed":false,"footnotes":""},"class_list":["post-33","page","type-page","status-publish","hentry"],"acf":[],"yoast_head":"<!-- This site is optimized with the Yoast SEO Premium plugin v20.11 (Yoast SEO v26.6) - https:\/\/yoast.com\/wordpress\/plugins\/seo\/ -->\n<title>Pol\u00edtica de privacidad - Organon Pro Ecuador<\/title>\n<meta name=\"robots\" content=\"index, follow, max-snippet:-1, max-image-preview:large, max-video-preview:-1\" \/>\n<link rel=\"canonical\" href=\"https:\/\/organonpro.com\/es-ec\/privacidad\/\" \/>\n<meta property=\"og:locale\" content=\"en_US\" \/>\n<meta property=\"og:type\" content=\"article\" \/>\n<meta property=\"og:title\" content=\"Pol\u00edtica de privacidad\" \/>\n<meta property=\"og:description\" content=\"Nuestro Compromiso Con La Privacidad En Organon, la privacidad comienza por la confianza. La Oficina Global de Privacidad de Organon &amp; Co. mantiene un programa de privacidad basado en cuatro valores de privacidad, que constituyen los cimientos de un compromiso, de interacciones y de un uso de la informaci\u00f3n personal responsable. Estos valores son: Nuestro [&hellip;]\" \/>\n<meta property=\"og:url\" content=\"https:\/\/organonpro.com\/es-ec\/privacidad\/\" \/>\n<meta property=\"og:site_name\" content=\"Organon Pro Ecuador\" \/>\n<meta property=\"article:modified_time\" content=\"2023-03-09T12:01:02+00:00\" \/>\n<meta property=\"og:image\" content=\"https:\/\/organonpro.com\/es-ec\/wp-content\/uploads\/sites\/116\/2022\/12\/organon-pro-og-img.png\" \/>\n\t<meta property=\"og:image:width\" content=\"1200\" \/>\n\t<meta property=\"og:image:height\" content=\"630\" \/>\n\t<meta property=\"og:image:type\" content=\"image\/png\" \/>\n<meta name=\"twitter:card\" content=\"summary_large_image\" \/>\n<meta name=\"twitter:label1\" content=\"Est. reading time\" \/>\n\t<meta name=\"twitter:data1\" content=\"3 minutes\" \/>\n<script type=\"application\/ld+json\" class=\"yoast-schema-graph\">{\"@context\":\"https:\/\/schema.org\",\"@graph\":[{\"@type\":\"WebPage\",\"@id\":\"https:\/\/organonpro.com\/es-ec\/privacidad\/\",\"url\":\"https:\/\/organonpro.com\/es-ec\/privacidad\/\",\"name\":\"Pol\u00edtica de privacidad - Organon Pro Ecuador\",\"isPartOf\":{\"@id\":\"https:\/\/organonpro.com\/es-ec\/#website\"},\"datePublished\":\"2022-09-06T08:04:28+00:00\",\"dateModified\":\"2023-03-09T12:01:02+00:00\",\"breadcrumb\":{\"@id\":\"https:\/\/organonpro.com\/es-ec\/privacidad\/#breadcrumb\"},\"inLanguage\":\"en-US\",\"potentialAction\":[{\"@type\":\"ReadAction\",\"target\":[\"https:\/\/organonpro.com\/es-ec\/privacidad\/\"]}]},{\"@type\":\"BreadcrumbList\",\"@id\":\"https:\/\/organonpro.com\/es-ec\/privacidad\/#breadcrumb\",\"itemListElement\":[{\"@type\":\"ListItem\",\"position\":1,\"name\":\"Home\",\"item\":\"https:\/\/organonpro.com\/es-ec\/\"},{\"@type\":\"ListItem\",\"position\":2,\"name\":\"Pol\u00edtica de privacidad\"}]},{\"@type\":\"WebSite\",\"@id\":\"https:\/\/organonpro.com\/es-ec\/#website\",\"url\":\"https:\/\/organonpro.com\/es-ec\/\",\"name\":\"Organon Pro Ecuador\",\"description\":\"Organon Pro Ecuador\",\"publisher\":{\"@id\":\"https:\/\/organonpro.com\/es-ec\/#organization\"},\"potentialAction\":[{\"@type\":\"SearchAction\",\"target\":{\"@type\":\"EntryPoint\",\"urlTemplate\":\"https:\/\/organonpro.com\/es-ec\/?s={search_term_string}\"},\"query-input\":{\"@type\":\"PropertyValueSpecification\",\"valueRequired\":true,\"valueName\":\"search_term_string\"}}],\"inLanguage\":\"en-US\"},{\"@type\":\"Organization\",\"@id\":\"https:\/\/organonpro.com\/es-ec\/#organization\",\"name\":\"Organon Pro Ecuador\",\"url\":\"https:\/\/organonpro.com\/es-ec\/\",\"logo\":{\"@type\":\"ImageObject\",\"inLanguage\":\"en-US\",\"@id\":\"https:\/\/organonpro.com\/es-ec\/#\/schema\/logo\/image\/\",\"url\":\"https:\/\/organonpro.com\/es-ec\/wp-content\/uploads\/sites\/116\/2022\/08\/MicrosoftTeams-image-2.png\",\"contentUrl\":\"https:\/\/organonpro.com\/es-ec\/wp-content\/uploads\/sites\/116\/2022\/08\/MicrosoftTeams-image-2.png\",\"width\":2380,\"height\":253,\"caption\":\"Organon Pro Ecuador\"},\"image\":{\"@id\":\"https:\/\/organonpro.com\/es-ec\/#\/schema\/logo\/image\/\"}}]}<\/script>\n<!-- \/ Yoast SEO Premium plugin. -->","yoast_head_json":{"title":"Pol\u00edtica de privacidad - Organon Pro Ecuador","robots":{"index":"index","follow":"follow","max-snippet":"max-snippet:-1","max-image-preview":"max-image-preview:large","max-video-preview":"max-video-preview:-1"},"canonical":"https:\/\/organonpro.com\/es-ec\/privacidad\/","og_locale":"en_US","og_type":"article","og_title":"Pol\u00edtica de privacidad","og_description":"Nuestro Compromiso Con La Privacidad En Organon, la privacidad comienza por la confianza. La Oficina Global de Privacidad de Organon &amp; Co. mantiene un programa de privacidad basado en cuatro valores de privacidad, que constituyen los cimientos de un compromiso, de interacciones y de un uso de la informaci\u00f3n personal responsable. Estos valores son: Nuestro [&hellip;]","og_url":"https:\/\/organonpro.com\/es-ec\/privacidad\/","og_site_name":"Organon Pro Ecuador","article_modified_time":"2023-03-09T12:01:02+00:00","og_image":[{"width":1200,"height":630,"url":"https:\/\/organonpro.com\/es-ec\/wp-content\/uploads\/sites\/116\/2022\/12\/organon-pro-og-img.png","type":"image\/png"}],"twitter_card":"summary_large_image","twitter_misc":{"Est. reading time":"3 minutes"},"schema":{"@context":"https:\/\/schema.org","@graph":[{"@type":"WebPage","@id":"https:\/\/organonpro.com\/es-ec\/privacidad\/","url":"https:\/\/organonpro.com\/es-ec\/privacidad\/","name":"Pol\u00edtica de privacidad - Organon Pro Ecuador","isPartOf":{"@id":"https:\/\/organonpro.com\/es-ec\/#website"},"datePublished":"2022-09-06T08:04:28+00:00","dateModified":"2023-03-09T12:01:02+00:00","breadcrumb":{"@id":"https:\/\/organonpro.com\/es-ec\/privacidad\/#breadcrumb"},"inLanguage":"en-US","potentialAction":[{"@type":"ReadAction","target":["https:\/\/organonpro.com\/es-ec\/privacidad\/"]}]},{"@type":"BreadcrumbList","@id":"https:\/\/organonpro.com\/es-ec\/privacidad\/#breadcrumb","itemListElement":[{"@type":"ListItem","position":1,"name":"Home","item":"https:\/\/organonpro.com\/es-ec\/"},{"@type":"ListItem","position":2,"name":"Pol\u00edtica de privacidad"}]},{"@type":"WebSite","@id":"https:\/\/organonpro.com\/es-ec\/#website","url":"https:\/\/organonpro.com\/es-ec\/","name":"Organon Pro Ecuador","description":"Organon Pro Ecuador","publisher":{"@id":"https:\/\/organonpro.com\/es-ec\/#organization"},"potentialAction":[{"@type":"SearchAction","target":{"@type":"EntryPoint","urlTemplate":"https:\/\/organonpro.com\/es-ec\/?s={search_term_string}"},"query-input":{"@type":"PropertyValueSpecification","valueRequired":true,"valueName":"search_term_string"}}],"inLanguage":"en-US"},{"@type":"Organization","@id":"https:\/\/organonpro.com\/es-ec\/#organization","name":"Organon Pro Ecuador","url":"https:\/\/organonpro.com\/es-ec\/","logo":{"@type":"ImageObject","inLanguage":"en-US","@id":"https:\/\/organonpro.com\/es-ec\/#\/schema\/logo\/image\/","url":"https:\/\/organonpro.com\/es-ec\/wp-content\/uploads\/sites\/116\/2022\/08\/MicrosoftTeams-image-2.png","contentUrl":"https:\/\/organonpro.com\/es-ec\/wp-content\/uploads\/sites\/116\/2022\/08\/MicrosoftTeams-image-2.png","width":2380,"height":253,"caption":"Organon Pro Ecuador"},"image":{"@id":"https:\/\/organonpro.com\/es-ec\/#\/schema\/logo\/image\/"}}]}},"_links":{"self":[{"href":"https:\/\/organonpro.com\/es-ec\/wp-json\/wp\/v2\/pages\/33","targetHints":{"allow":["GET"]}}],"collection":[{"href":"https:\/\/organonpro.com\/es-ec\/wp-json\/wp\/v2\/pages"}],"about":[{"href":"https:\/\/organonpro.com\/es-ec\/wp-json\/wp\/v2\/types\/page"}],"author":[{"embeddable":true,"href":"https:\/\/organonpro.com\/es-ec\/wp-json\/wp\/v2\/users\/15"}],"replies":[{"embeddable":true,"href":"https:\/\/organonpro.com\/es-ec\/wp-json\/wp\/v2\/comments?post=33"}],"version-history":[{"count":8,"href":"https:\/\/organonpro.com\/es-ec\/wp-json\/wp\/v2\/pages\/33\/revisions"}],"predecessor-version":[{"id":1903,"href":"https:\/\/organonpro.com\/es-ec\/wp-json\/wp\/v2\/pages\/33\/revisions\/1903"}],"wp:attachment":[{"href":"https:\/\/organonpro.com\/es-ec\/wp-json\/wp\/v2\/media?parent=33"}],"curies":[{"name":"wp","href":"https:\/\/api.w.org\/{rel}","templated":true}]}}