{"id":6877,"date":"2025-04-09T10:24:42","date_gmt":"2025-04-09T10:24:42","guid":{"rendered":"https:\/\/organonpro.com\/es-co\/?page_id=6877"},"modified":"2025-04-09T10:24:43","modified_gmt":"2025-04-09T10:24:43","slug":"implanon-nxt-clinical-training","status":"publish","type":"page","link":"https:\/\/organonpro.com\/es-co\/implanon-nxt-clinical-training\/","title":{"rendered":"Implanon NXT Clinical Training"},"content":{"rendered":"\n<section class=\"wp-block-orc-two-column-block section-two-column-block-cebe7555-d746-4d33-8d9c-707a5453ef8c split-img-contain\"><style>@media screen and (min-width: 940px){ .section-two-column-block-cebe7555-d746-4d33-8d9c-707a5453ef8c { margin-top: 0rem;margin-bottom: 0rem; }}@media screen and (min-width: 320px) and (max-width: 939px){.section-two-column-block-cebe7555-d746-4d33-8d9c-707a5453ef8c { margin-top: 0rem;margin-bottom: 0rem; }}<\/style><section class=\"splits splits-ratio splits-half splits-reverse ungated\" style=\"background-color:#ffffff\"><div class=\"container\"><div class=\"splits-row row\"><div class=\"splits-figure   col-md-6 col-sm-6 \"><div style=\"background-image:url(https:\/\/organonpro.com\/es-co\/wp-content\/uploads\/sites\/25\/2025\/04\/girl-asset-banner.jpg?w=453)\" class=\"splits-figure__bg ab\"><\/div><\/div><div class=\"splits-area  col-md-6 col-sm-6\"><div class=\"splits-content cd\"><h1 class=\"splits-heading\">Inscr\u00edbase en el Programa de Capacitaci\u00f3n Cl\u00ednica para el implante de etonogestrel<\/h1><p class=\"splits-text\">Para aprender los procedimientos de inserci\u00f3n y extracci\u00f3n le recomendamos encarecidamente que realice el Programa de Capacitaci\u00f3n Cl\u00ednica completo. El programa consta de un componente te\u00f3rico y uno pr\u00e1ctico presencia <\/p><div class=\"splits-button herobannerblock\"><div class=\"ungated\"><a class=\"btn btn-smoke__primary\" href=\"?login=1\" rel=\"noopener noreferrer\" target=\"_self\">Iniciar sesi\u00f3n para obtener m\u00e1s informaci\u00f3n<\/a><\/div><\/div><\/div><\/div><\/div><\/div><\/section><\/section>\n\n\n    <input type=\"hidden\" name=\"pagination_item_per_page\" id=\"pagination_item_per_page\" value=\"9\" \/>\n    <input type=\"hidden\" name=\"show_pagination_generic\" id=\"show_pagination_generic\" value=\"\" \/>\n        <section class=\"event-cards generic-cards generic-additional-generic-cards-block_230a18bdd0383efa1fa30b0788434fd7\" id=\"generic-cards-block_230a18bdd0383efa1fa30b0788434fd7\">\n        <style>@media screen and (min-width: 940px){.generic-cards.generic-additional-generic-cards-block_230a18bdd0383efa1fa30b0788434fd7{margin-top: 0rem;margin-bottom: 0rem;padding-top: 6.4rem;padding-bottom: 2.4rem;}}<\/style><style>@media screen and (min-width: 320px) and (max-width: 939px){.generic-cards.generic-additional-generic-cards-block_230a18bdd0383efa1fa30b0788434fd7{margin-top: 0rem;margin-bottom: 0rem;padding-top: 2.4rem;padding-bottom: 2.4rem;}}<\/style>        <div class=\"container\">\n                            <div class=\"row justify-content-center\">\n                    <div class=\"col-xl-6 col-md-6 col-sm-12 text-center d-block\">\n                                                    <h2>\n                                Recursos educativos                            <\/h2>\n                                                                            <p>\n                                \u00bfDesea obtener m\u00e1s informaci\u00f3n sobre el implante o c\u00f3mo capacitarse? <a href=\"?login=1\">Inicie sesi\u00f3n<\/a> o acceda al Programa de Capacitaci\u00f3n Cl\u00ednica y a los recursos educativos m\u00e9dicos adicionales que se indican a continuaci\u00f3n, incluidos los videos de inserci\u00f3n y extracci\u00f3n, y los m\u00f3dulos de aprendizaje.                            <\/p>\n                                            <\/div>\n                <\/div>\n                        <div class=\"row\" id=\"allgenericcards\">\n                                        <div class=\"col-xl-4 col-md-6 col-sm-6 genericcardlisting\">\n                                                                                                                                <div class=\"event-card card generic-with-icon  ungated\">\n                                                                                    <div class=\"card-image \">\n                                                <img decoding=\"async\" width=\"64\" height=\"64\" src=\"https:\/\/organonpro.com\/es-co\/wp-content\/uploads\/sites\/25\/2025\/04\/implants-arm.svg?w=64\" class=\"\" alt=\"\" loading=\"lazy\" \/>                                            <\/div>\n                                                                                <div class=\" card-details-div\">\n                                                                                            <div class=\"card-body\">\n                                                                                                            <h2 class=\"card-title sortme\">\n                                                            Videos de inserci\u00f3n y extracci\u00f3n                                                        <\/h2>\n                                                                                                                                                                <p class=\"card-text\">\n                                                            Consulte c\u00f3mo el implante de etonogestrel se inserta y se extrae. No se pretende sustituir la capacitaci\u00f3n con los videos.                                                        <\/p>\n                                                                                                    <\/div>\n                                                                                                                                        <div class=\"card-footer\">\n                                                                                                        <a class=\"organon-login-required\" target=\"\" href=\"javascript:void(0);\">Inicie sesi\u00f3n para ver los videos<ion-icon name=\"chevron-forward-outline\"><\/ion-icon> <\/a>\n                                                <\/div>\n                                                                                    <\/div>\n                                    <\/div>\n                                                                                        <\/div>\n                                            <div class=\"col-xl-4 col-md-6 col-sm-6 genericcardlisting\">\n                                                                                                                                <div class=\"event-card card generic-with-icon  ungated\">\n                                                                                    <div class=\"card-image \">\n                                                <img decoding=\"async\" width=\"64\" height=\"64\" src=\"https:\/\/organonpro.com\/es-co\/wp-content\/uploads\/sites\/25\/2024\/10\/innovation-discovery-1.svg?w=64\" class=\"\" alt=\"\" loading=\"lazy\" \/>                                            <\/div>\n                                                                                <div class=\" card-details-div\">\n                                                                                            <div class=\"card-body\">\n                                                                                                            <h2 class=\"card-title sortme\">\n                                                            M\u00f3dulos te\u00f3ricos                                                        <\/h2>\n                                                                                                                                                                <p class=\"card-text\">\n                                                            Estos m\u00f3dulos en l\u00ednea autodirigidos cubren el asesoramiento, la inserci\u00f3n, la extracci\u00f3n y la localizaci\u00f3n del implante. No se pretende que sustituyan la capacitaci\u00f3n.                                                        <\/p>\n                                                                                                    <\/div>\n                                                                                                                                        <div class=\"card-footer\">\n                                                                                                        <a class=\"organon-login-required\" target=\"\" href=\"javascript:void(0);\">Inicie sesi\u00f3n para ver los m\u00f3dulos<ion-icon name=\"chevron-forward-outline\"><\/ion-icon> <\/a>\n                                                <\/div>\n                                                                                    <\/div>\n                                    <\/div>\n                                                                                        <\/div>\n                                            <div class=\"col-xl-4 col-md-6 col-sm-6 genericcardlisting\">\n                                                                                                                                <div class=\"event-card card generic-with-icon  ungated\">\n                                                                                    <div class=\"card-image \">\n                                                <img decoding=\"async\" width=\"64\" height=\"64\" src=\"https:\/\/organonpro.com\/es-co\/wp-content\/uploads\/sites\/25\/2025\/04\/learning-development.svg?w=64\" class=\"\" alt=\"\" loading=\"lazy\" \/>                                            <\/div>\n                                                                                <div class=\" card-details-div\">\n                                                                                            <div class=\"card-body\">\n                                                                                                            <h2 class=\"card-title sortme\">\n                                                            Recursos educativos                                                        <\/h2>\n                                                                                                                                                                <p class=\"card-text\">\n                                                            Recursos adicionales para brindar apoyo a los profesionales de atenci\u00f3n m\u00e9dica durante su experiencia de aprendizaje con el implante de etonogestrel.                                                        <\/p>\n                                                                                                    <\/div>\n                                                                                                                                        <div class=\"card-footer\">\n                                                                                                        <a class=\"organon-login-required\" target=\"\" href=\"javascript:void(0);\">Inicie sesi\u00f3n para ver los recursos<ion-icon name=\"chevron-forward-outline\"><\/ion-icon> <\/a>\n                                                <\/div>\n                                                                                    <\/div>\n                                    <\/div>\n                                                                                        <\/div>\n                                                    \n            <\/div>\n        <\/div>\n    <\/section>\n","protected":false},"excerpt":{"rendered":"","protected":false},"author":277,"featured_media":0,"parent":0,"menu_order":0,"comment_status":"closed","ping_status":"closed","template":"templates\/content-only.php","meta":{"_acf_changed":false,"footnotes":""},"class_list":["post-6877","page","type-page","status-publish","hentry"],"acf":[],"yoast_head":"<!-- This site is optimized with the Yoast SEO Premium plugin v20.11 (Yoast SEO v26.6) - https:\/\/yoast.com\/wordpress\/plugins\/seo\/ -->\n<title>Organon Pro Colombia | CTP Virtual IMPLANON NXT\u00ae<\/title>\n<meta name=\"description\" content=\"Entrenamiento Online de IMPLANON NXT\u00ae Implante subd\u00e9rmico, para profesionales de la salud\" \/>\n<meta name=\"robots\" content=\"noindex, nofollow\" \/>\n<meta property=\"og:locale\" content=\"en_US\" \/>\n<meta property=\"og:type\" content=\"article\" \/>\n<meta property=\"og:title\" content=\"Implanon NXT Clinical Training\" \/>\n<meta property=\"og:description\" content=\"Entrenamiento Online de IMPLANON NXT\u00ae Implante subd\u00e9rmico, para profesionales de la salud\" \/>\n<meta property=\"og:url\" content=\"https:\/\/organonpro.com\/es-co\/implanon-nxt-clinical-training\/\" \/>\n<meta property=\"og:site_name\" content=\"Organon Pro - Colombia\" \/>\n<meta property=\"article:modified_time\" content=\"2025-04-09T10:24:43+00:00\" \/>\n<meta property=\"og:image\" content=\"https:\/\/organonpro.com\/es-co\/wp-content\/uploads\/sites\/25\/2022\/12\/organon-pro-og-img.png\" \/>\n\t<meta property=\"og:image:width\" content=\"1200\" \/>\n\t<meta property=\"og:image:height\" content=\"630\" \/>\n\t<meta property=\"og:image:type\" content=\"image\/png\" \/>\n<meta name=\"twitter:card\" content=\"summary_large_image\" \/>\n<meta name=\"twitter:label1\" content=\"Est. reading time\" \/>\n\t<meta name=\"twitter:data1\" content=\"1 minute\" \/>\n<script type=\"application\/ld+json\" class=\"yoast-schema-graph\">{\"@context\":\"https:\/\/schema.org\",\"@graph\":[{\"@type\":\"WebPage\",\"@id\":\"https:\/\/organonpro.com\/es-co\/implanon-nxt-clinical-training\/\",\"url\":\"https:\/\/organonpro.com\/es-co\/implanon-nxt-clinical-training\/\",\"name\":\"Organon Pro Colombia | CTP Virtual IMPLANON NXT\u00ae\",\"isPartOf\":{\"@id\":\"https:\/\/organonpro.com\/es-co\/#website\"},\"datePublished\":\"2025-04-09T10:24:42+00:00\",\"dateModified\":\"2025-04-09T10:24:43+00:00\",\"description\":\"Entrenamiento Online de IMPLANON NXT\u00ae Implante subd\u00e9rmico, para profesionales de la salud\",\"breadcrumb\":{\"@id\":\"https:\/\/organonpro.com\/es-co\/implanon-nxt-clinical-training\/#breadcrumb\"},\"inLanguage\":\"en-US\",\"potentialAction\":[{\"@type\":\"ReadAction\",\"target\":[\"https:\/\/organonpro.com\/es-co\/implanon-nxt-clinical-training\/\"]}]},{\"@type\":\"BreadcrumbList\",\"@id\":\"https:\/\/organonpro.com\/es-co\/implanon-nxt-clinical-training\/#breadcrumb\",\"itemListElement\":[{\"@type\":\"ListItem\",\"position\":1,\"name\":\"Home\",\"item\":\"https:\/\/organonpro.com\/es-co\/\"},{\"@type\":\"ListItem\",\"position\":2,\"name\":\"Implanon NXT Clinical Training\"}]},{\"@type\":\"WebSite\",\"@id\":\"https:\/\/organonpro.com\/es-co\/#website\",\"url\":\"https:\/\/organonpro.com\/es-co\/\",\"name\":\"Organon Pro - Colombia\",\"description\":\"Organon Pro - Colombia\",\"publisher\":{\"@id\":\"https:\/\/organonpro.com\/es-co\/#organization\"},\"potentialAction\":[{\"@type\":\"SearchAction\",\"target\":{\"@type\":\"EntryPoint\",\"urlTemplate\":\"https:\/\/organonpro.com\/es-co\/?s={search_term_string}\"},\"query-input\":{\"@type\":\"PropertyValueSpecification\",\"valueRequired\":true,\"valueName\":\"search_term_string\"}}],\"inLanguage\":\"en-US\"},{\"@type\":\"Organization\",\"@id\":\"https:\/\/organonpro.com\/es-co\/#organization\",\"name\":\"Organon Pro - Colombia\",\"url\":\"https:\/\/organonpro.com\/es-co\/\",\"logo\":{\"@type\":\"ImageObject\",\"inLanguage\":\"en-US\",\"@id\":\"https:\/\/organonpro.com\/es-co\/#\/schema\/logo\/image\/\",\"url\":\"https:\/\/organonpro.com\/es-co\/wp-content\/uploads\/sites\/25\/2022\/08\/MicrosoftTeams-image-2.png\",\"contentUrl\":\"https:\/\/organonpro.com\/es-co\/wp-content\/uploads\/sites\/25\/2022\/08\/MicrosoftTeams-image-2.png\",\"width\":2380,\"height\":253,\"caption\":\"Organon Pro - Colombia\"},\"image\":{\"@id\":\"https:\/\/organonpro.com\/es-co\/#\/schema\/logo\/image\/\"}}]}<\/script>\n<!-- \/ Yoast SEO Premium plugin. -->","yoast_head_json":{"title":"Organon Pro Colombia | CTP Virtual IMPLANON NXT\u00ae","description":"Entrenamiento Online de IMPLANON NXT\u00ae Implante subd\u00e9rmico, para profesionales de la salud","robots":{"index":"noindex","follow":"nofollow"},"og_locale":"en_US","og_type":"article","og_title":"Implanon NXT Clinical Training","og_description":"Entrenamiento Online de IMPLANON NXT\u00ae Implante subd\u00e9rmico, para profesionales de la salud","og_url":"https:\/\/organonpro.com\/es-co\/implanon-nxt-clinical-training\/","og_site_name":"Organon Pro - Colombia","article_modified_time":"2025-04-09T10:24:43+00:00","og_image":[{"width":1200,"height":630,"url":"https:\/\/organonpro.com\/es-co\/wp-content\/uploads\/sites\/25\/2022\/12\/organon-pro-og-img.png","type":"image\/png"}],"twitter_card":"summary_large_image","twitter_misc":{"Est. reading time":"1 minute"},"schema":{"@context":"https:\/\/schema.org","@graph":[{"@type":"WebPage","@id":"https:\/\/organonpro.com\/es-co\/implanon-nxt-clinical-training\/","url":"https:\/\/organonpro.com\/es-co\/implanon-nxt-clinical-training\/","name":"Organon Pro Colombia | CTP Virtual IMPLANON NXT\u00ae","isPartOf":{"@id":"https:\/\/organonpro.com\/es-co\/#website"},"datePublished":"2025-04-09T10:24:42+00:00","dateModified":"2025-04-09T10:24:43+00:00","description":"Entrenamiento Online de IMPLANON NXT\u00ae Implante subd\u00e9rmico, para profesionales de la salud","breadcrumb":{"@id":"https:\/\/organonpro.com\/es-co\/implanon-nxt-clinical-training\/#breadcrumb"},"inLanguage":"en-US","potentialAction":[{"@type":"ReadAction","target":["https:\/\/organonpro.com\/es-co\/implanon-nxt-clinical-training\/"]}]},{"@type":"BreadcrumbList","@id":"https:\/\/organonpro.com\/es-co\/implanon-nxt-clinical-training\/#breadcrumb","itemListElement":[{"@type":"ListItem","position":1,"name":"Home","item":"https:\/\/organonpro.com\/es-co\/"},{"@type":"ListItem","position":2,"name":"Implanon NXT Clinical Training"}]},{"@type":"WebSite","@id":"https:\/\/organonpro.com\/es-co\/#website","url":"https:\/\/organonpro.com\/es-co\/","name":"Organon Pro - Colombia","description":"Organon Pro - Colombia","publisher":{"@id":"https:\/\/organonpro.com\/es-co\/#organization"},"potentialAction":[{"@type":"SearchAction","target":{"@type":"EntryPoint","urlTemplate":"https:\/\/organonpro.com\/es-co\/?s={search_term_string}"},"query-input":{"@type":"PropertyValueSpecification","valueRequired":true,"valueName":"search_term_string"}}],"inLanguage":"en-US"},{"@type":"Organization","@id":"https:\/\/organonpro.com\/es-co\/#organization","name":"Organon Pro - Colombia","url":"https:\/\/organonpro.com\/es-co\/","logo":{"@type":"ImageObject","inLanguage":"en-US","@id":"https:\/\/organonpro.com\/es-co\/#\/schema\/logo\/image\/","url":"https:\/\/organonpro.com\/es-co\/wp-content\/uploads\/sites\/25\/2022\/08\/MicrosoftTeams-image-2.png","contentUrl":"https:\/\/organonpro.com\/es-co\/wp-content\/uploads\/sites\/25\/2022\/08\/MicrosoftTeams-image-2.png","width":2380,"height":253,"caption":"Organon Pro - Colombia"},"image":{"@id":"https:\/\/organonpro.com\/es-co\/#\/schema\/logo\/image\/"}}]}},"_links":{"self":[{"href":"https:\/\/organonpro.com\/es-co\/wp-json\/wp\/v2\/pages\/6877","targetHints":{"allow":["GET"]}}],"collection":[{"href":"https:\/\/organonpro.com\/es-co\/wp-json\/wp\/v2\/pages"}],"about":[{"href":"https:\/\/organonpro.com\/es-co\/wp-json\/wp\/v2\/types\/page"}],"author":[{"embeddable":true,"href":"https:\/\/organonpro.com\/es-co\/wp-json\/wp\/v2\/users\/277"}],"replies":[{"embeddable":true,"href":"https:\/\/organonpro.com\/es-co\/wp-json\/wp\/v2\/comments?post=6877"}],"version-history":[{"count":2,"href":"https:\/\/organonpro.com\/es-co\/wp-json\/wp\/v2\/pages\/6877\/revisions"}],"predecessor-version":[{"id":6904,"href":"https:\/\/organonpro.com\/es-co\/wp-json\/wp\/v2\/pages\/6877\/revisions\/6904"}],"wp:attachment":[{"href":"https:\/\/organonpro.com\/es-co\/wp-json\/wp\/v2\/media?parent=6877"}],"curies":[{"name":"wp","href":"https:\/\/api.w.org\/{rel}","templated":true}]}}