{"id":35,"date":"2022-09-06T08:05:27","date_gmt":"2022-09-06T08:05:27","guid":{"rendered":"https:\/\/organonpro.com\/cl-es\/?page_id=35"},"modified":"2024-07-10T06:19:17","modified_gmt":"2024-07-10T06:19:17","slug":"aviso","status":"publish","type":"page","link":"https:\/\/organonpro.com\/es-cl\/aviso\/","title":{"rendered":"Aviso de privacidad"},"content":{"rendered":"\n<h1 class=\"wp-block-heading\"><strong>Aviso de privacidad<\/strong><\/h1>\n\n\n\n<p>Organon Chile SPA (\u201cOrganon\u201d) mantiene estrictas medidas y pol\u00edticas para salvaguardar la confidencialidad de los datos a los que tiene acceso, en el marco de la Ley 19.628 de Protecci\u00f3n de los Datos Personales (\u201cLPDP\u201d) y las pol\u00edticas de Organon.<br><br>Organon habitualmente recopila, recibe, utiliza y comparte informaci\u00f3n en cualquier formato que identifique, o sea utilizada o pueda ser utilizada por, o en nombre de Organon para identificar a una persona (\u201cDatos Personales\u201d), sobre m\u00e9dicos, investigadores y otros profesionales del cuidado de la salud, con arreglo a la LPDP y, si corresponde, seg\u00fan lo autorizado por las autoridades gubernamentales aplicables, en relaci\u00f3n con nuestras operaciones comerciales diarias.<br><br>Organon podr\u00e1 recolectar y tratar sus Datos Personales suministrados a trav\u00e9s de cualquiera de los canales previstos en este sitio web, el cual est\u00e1 destinado exclusivamente a profesionales sanitarios facultados para la prescripci\u00f3n o dispensaci\u00f3n de medicamentos.<br><br>En este sitio web se utilizan m\u00e9todos de cookies y otras tecnolog\u00edas de seguimiento, en virtud de los cuales se recopila autom\u00e1ticamente informaci\u00f3n sobre usted cuando navega por nuestra web, para medir el n\u00famero de visitas, y administrar y optimizar los contenidos en general de la web, y personalizar en particular los que le mostramos a Ud. (Mayor informaci\u00f3n en <a href=\"https:\/\/www.organon.com\/privacy\/es\/cookie-privacy-policy\/\" target=\"_blank\" rel=\"noreferrer noopener\">Pol\u00edtica de cookies<\/a>).<br><br>Nuestro portal Organon Pro est\u00e1 dise\u00f1ado para cumplir con nuestro compromiso de suministrar a la comunidad m\u00e9dica contenidos t\u00e9cnico- promocionales balanceados y de calidad que les ayuden a efectuar una valoraci\u00f3n cr\u00edtica de nuestros productos y servicios a trav\u00e9s de la informaci\u00f3n y formaci\u00f3n m\u00e1s innovadoras y siempre teniendo el beneficio del paciente como objetivo com\u00fan.<br><br>A tal fin, se le hace saber lo siguiente:<\/p>\n\n\n\n<ol class=\"wp-block-list\">\n<li>El responsable que recaba los Datos Personales es: Organon Chile SPA, con domicilio en Mariano Sanchez Fontecilla #310, piso 2, Las Condes, Santiago \u2013 Chile.<br><br><\/li>\n\n\n\n<li>La finalidad del tratamiento de sus Datos Personales es:&nbsp;\n<ul class=\"wp-block-list\">\n<li>Ofrecerle, como miembro registrado del portal, informaci\u00f3n sobre actividades de Organon, sus productos, sus \u00e1reas terap\u00e9uticas y otros contenidos sobre salud y el \u00e1mbito sanitario que est\u00e1n dirigidos espec\u00edfica y exclusivamente a profesionales sanitarios facultados para prescribir o dispensar medicamentos.<\/li>\n\n\n\n<li>Informes de quejas de productos y eventos adversos.<\/li>\n\n\n\n<li>Comunicar informaci\u00f3n sobre nuestros productos, \u00e1reas terap\u00e9uticas, eventos, servicios y otras iniciativas a los profesionales de la salud, mediante nuestros representantes, nuestros sitios web, correo electr\u00f3nico, medios digitales, centros de llamadas, correo postal y\/u otros canales, incluidas comunicaciones de promoci\u00f3n y otras de comercializaci\u00f3n.<\/li>\n\n\n\n<li>Simposios, conferencias y otros programas educativos y cient\u00edficos.<\/li>\n\n\n\n<li>Investigaci\u00f3n de mercados.<\/li>\n\n\n\n<li>Proporcionar acceso a nuestros servicios y llevar el seguimiento de nuestras interacciones con los profesionales de la salud por Internet o fuera de Internet (nuestras pr\u00e1cticas en l\u00ednea est\u00e1n regidas por nuestra Pol\u00edtica de Privacidad en Internet).<\/li>\n\n\n\n<li>Recibir comunicaciones a trav\u00e9s de correos electr\u00f3nicos u otros medios digitales (SMS, Whatsapp, etc.), para actualizarme sobre las \u00faltimas novedades (cursos de formaci\u00f3n, webinars, congresos virtuales, revistas cient\u00edficas, manuales, etc.)<br>La enumeraci\u00f3n precedente es meramente enunciativa.<br><br><\/li>\n<\/ul>\n<\/li>\n\n\n\n<li>La proporci\u00f3n de sus Datos Personales implica la aceptaci\u00f3n de ser contactado por cualquier medio de comunicaci\u00f3n existente al presente o que pudiese implementarse en el futuro, incluyendo llamados telef\u00f3nicos, mensajes por sms y\/o correo electr\u00f3nico. Sin embargo, Ud. podr\u00e1 solicitar en cualquier momento a Organon que deje de enviarle correos electr\u00f3nicos u otras comunicaciones.<br><br><\/li>\n\n\n\n<li>Cuando las leyes locales requieran que usted proporcione consentimiento espec\u00edfico para la recopilaci\u00f3n, uso, transferencia y\/o divulgaci\u00f3n de sus Datos Personales, es posible que se le solicite que proporcione su consentimiento por cualquiera de los medios previamente mencionados, o mediante otros medios permitidos por la LPDP.<br><br><\/li>\n\n\n\n<li>Mediante la aceptaci\u00f3n del presente Aviso de Privacidad, usted autoriza expresamente a Organon para que utilice y transfiera sus Datos Personales a favor de cualquier tercero, incluyendo una nube (\u201ccloud\u201d) y\/o un pa\u00eds que no cuenta con normas adecuadas de protecci\u00f3n de datos personales, conforme los par\u00e1metros establecidos por las autoridades de Chile y la LPDP, siempre y cuando: (i) algunos de los datos personales no pudieran considerarse como sensibles en los t\u00e9rminos de la LPDP, y (ii) el tercero receptor asuma las mismas obligaciones de confidencialidad, protecci\u00f3n y seguridad que corresponden al responsable que transfiri\u00f3 los datos, de conformidad con lo dispuesto en la LPDP. Lo anterior, en el entendimiento de que algunos de los datos personales pudieran considerarse como sensibles, y que el tercero receptor no podr\u00e1 a su vez transferir los datos que le fueron transferidos a favor de ning\u00fan tercero, salvo a Organon de regreso y\/o al encargado de su resguardo.<br><br><\/li>\n\n\n\n<li>Organon implementa medidas para mantener la seguridad de los Datos Personales, incluyendo todas las medidas pr\u00e1cticas, t\u00e9cnicas y organizativas internas necesarias para garantizar la seguridad, integridad y confidencialidad de los Datos Personales, tratando diligentemente de evitar el acceso no autorizado, destrucci\u00f3n, utilizaci\u00f3n, modificaci\u00f3n o divulgaci\u00f3n de los datos, de acuerdo a lo previsto en la LPDP. Sin perjuicio de ello, hacemos saber que la transmisi\u00f3n de datos a trav\u00e9s de internet (incluyendo el uso de e-mails) nunca es 100% segura.<br><br><\/li>\n\n\n\n<li>Ejercicio de Derechos: Acceso, Rectificaci\u00f3n, Cancelaci\u00f3n y Oposici\u00f3n: Usted tiene la facultad de ejercer el derecho a exigir informaci\u00f3n sobre los datos relativos a su persona, su procedencia y destinatario, el prop\u00f3sito del almacenamiento y la individualizaci\u00f3n de las personas y organismos a los cuales sus datos son transmitidos regularmente e incluso la modificaci\u00f3n y eliminaci\u00f3n de estos, de forma absolutamente gratuita, conforme a lo establecido en el art\u00edculo 12 de la LPDP.<br><br><\/li>\n\n\n\n<li>Cualquier requerimiento de informaci\u00f3n, modificaci\u00f3n y\/o actualizaci\u00f3n de la informaci\u00f3n provista que usted haga a Organon, podr\u00e1 efectuarse en la direcci\u00f3n de correo postal Mariano Sanchez Fontecilla #310, piso 2, Las Condes, Santiago \u2013 Chile.<br><br><\/li>\n\n\n\n<li>Para ello, le pedimos dirigir una comunicaci\u00f3n a Organon, que contenga la siguiente informaci\u00f3n:\n<ul class=\"wp-block-list\">\n<li>Su nombre, su domicilio o medio que nos permita contactarlo<\/li>\n\n\n\n<li>Identificaci\u00f3n oficial (en su caso, documento que acredite la representaci\u00f3n del titular de los Datos Personales)<\/li>\n\n\n\n<li>Descripci\u00f3n precisa del tipo de acci\u00f3n que desea se tome respecto de sus Datos Personales<br><br><\/li>\n<\/ul>\n<\/li>\n\n\n\n<li>Adjuntar la documentaci\u00f3n que sustente la petici\u00f3n, as\u00ed como los documentos que acrediten su identidad.<br><br><\/li>\n<\/ol>\n\n\n\n<p>En caso de existir cualquier duda respecto del manejo de sus datos personales, puede dirigirse al siguiente mail:\u202f<a href=\"mailto:privacidad.chile@organon.com\" target=\"_blank\" rel=\"noreferrer noopener\">privacidad.chile@organon.com<\/a>.<\/p>\n","protected":false},"excerpt":{"rendered":"<p>Aviso de privacidad Organon Chile SPA (\u201cOrganon\u201d) mantiene estrictas medidas y pol\u00edticas para salvaguardar la confidencialidad de los datos a los que tiene acceso, en el marco de la Ley 19.628 de Protecci\u00f3n de los Datos Personales (\u201cLPDP\u201d) y las pol\u00edticas de Organon. Organon habitualmente recopila, recibe, utiliza y comparte informaci\u00f3n en cualquier formato que [&hellip;]<\/p>\n","protected":false},"author":15,"featured_media":0,"parent":0,"menu_order":0,"comment_status":"closed","ping_status":"closed","template":"","meta":{"_acf_changed":false,"footnotes":""},"class_list":["post-35","page","type-page","status-publish","hentry"],"acf":[],"yoast_head":"<!-- This site is optimized with the Yoast SEO Premium plugin v20.11 (Yoast SEO v26.6) - https:\/\/yoast.com\/wordpress\/plugins\/seo\/ -->\n<title>Organon Chile Organon Pro - Chile<\/title>\n<meta name=\"robots\" content=\"index, follow, max-snippet:-1, max-image-preview:large, max-video-preview:-1\" \/>\n<link rel=\"canonical\" href=\"https:\/\/organonpro.com\/es-cl\/aviso\/\" \/>\n<meta property=\"og:locale\" content=\"en_US\" \/>\n<meta property=\"og:type\" content=\"article\" \/>\n<meta property=\"og:title\" content=\"Aviso de privacidad\" \/>\n<meta property=\"og:description\" content=\"Aviso de privacidad Organon Chile SPA (\u201cOrganon\u201d) mantiene estrictas medidas y pol\u00edticas para salvaguardar la confidencialidad de los datos a los que tiene acceso, en el marco de la Ley 19.628 de Protecci\u00f3n de los Datos Personales (\u201cLPDP\u201d) y las pol\u00edticas de Organon. Organon habitualmente recopila, recibe, utiliza y comparte informaci\u00f3n en cualquier formato que [&hellip;]\" \/>\n<meta property=\"og:url\" content=\"https:\/\/organonpro.com\/es-cl\/aviso\/\" \/>\n<meta property=\"og:site_name\" content=\"Organon Pro - Chile\" \/>\n<meta property=\"article:modified_time\" content=\"2024-07-10T06:19:17+00:00\" \/>\n<meta property=\"og:image\" content=\"https:\/\/organonpro.com\/es-cl\/wp-content\/uploads\/sites\/71\/2022\/12\/organon-pro-og-img.png\" \/>\n\t<meta property=\"og:image:width\" content=\"1200\" \/>\n\t<meta property=\"og:image:height\" content=\"630\" \/>\n\t<meta property=\"og:image:type\" content=\"image\/png\" \/>\n<meta name=\"twitter:card\" content=\"summary_large_image\" \/>\n<meta name=\"twitter:label1\" content=\"Est. reading time\" \/>\n\t<meta name=\"twitter:data1\" content=\"5 minutes\" \/>\n<script type=\"application\/ld+json\" class=\"yoast-schema-graph\">{\"@context\":\"https:\/\/schema.org\",\"@graph\":[{\"@type\":\"WebPage\",\"@id\":\"https:\/\/organonpro.com\/es-cl\/aviso\/\",\"url\":\"https:\/\/organonpro.com\/es-cl\/aviso\/\",\"name\":\"Organon Chile Organon Pro - Chile\",\"isPartOf\":{\"@id\":\"https:\/\/organonpro.com\/es-cl\/#website\"},\"datePublished\":\"2022-09-06T08:05:27+00:00\",\"dateModified\":\"2024-07-10T06:19:17+00:00\",\"breadcrumb\":{\"@id\":\"https:\/\/organonpro.com\/es-cl\/aviso\/#breadcrumb\"},\"inLanguage\":\"en-US\",\"potentialAction\":[{\"@type\":\"ReadAction\",\"target\":[\"https:\/\/organonpro.com\/es-cl\/aviso\/\"]}]},{\"@type\":\"BreadcrumbList\",\"@id\":\"https:\/\/organonpro.com\/es-cl\/aviso\/#breadcrumb\",\"itemListElement\":[{\"@type\":\"ListItem\",\"position\":1,\"name\":\"Home\",\"item\":\"https:\/\/organonpro.com\/es-cl\/\"},{\"@type\":\"ListItem\",\"position\":2,\"name\":\"Aviso de privacidad\"}]},{\"@type\":\"WebSite\",\"@id\":\"https:\/\/organonpro.com\/es-cl\/#website\",\"url\":\"https:\/\/organonpro.com\/es-cl\/\",\"name\":\"Organon Pro - Chile\",\"description\":\"Organon Pro - Chile\",\"publisher\":{\"@id\":\"https:\/\/organonpro.com\/es-cl\/#organization\"},\"potentialAction\":[{\"@type\":\"SearchAction\",\"target\":{\"@type\":\"EntryPoint\",\"urlTemplate\":\"https:\/\/organonpro.com\/es-cl\/?s={search_term_string}\"},\"query-input\":{\"@type\":\"PropertyValueSpecification\",\"valueRequired\":true,\"valueName\":\"search_term_string\"}}],\"inLanguage\":\"en-US\"},{\"@type\":\"Organization\",\"@id\":\"https:\/\/organonpro.com\/es-cl\/#organization\",\"name\":\"Organon Pro - Chile\",\"url\":\"https:\/\/organonpro.com\/es-cl\/\",\"logo\":{\"@type\":\"ImageObject\",\"inLanguage\":\"en-US\",\"@id\":\"https:\/\/organonpro.com\/es-cl\/#\/schema\/logo\/image\/\",\"url\":\"https:\/\/organonpro.com\/es-cl\/wp-content\/uploads\/sites\/71\/2022\/08\/MicrosoftTeams-image-2.png\",\"contentUrl\":\"https:\/\/organonpro.com\/es-cl\/wp-content\/uploads\/sites\/71\/2022\/08\/MicrosoftTeams-image-2.png\",\"width\":2380,\"height\":253,\"caption\":\"Organon Pro - Chile\"},\"image\":{\"@id\":\"https:\/\/organonpro.com\/es-cl\/#\/schema\/logo\/image\/\"}}]}<\/script>\n<!-- \/ Yoast SEO Premium plugin. -->","yoast_head_json":{"title":"Organon Chile Organon Pro - Chile","robots":{"index":"index","follow":"follow","max-snippet":"max-snippet:-1","max-image-preview":"max-image-preview:large","max-video-preview":"max-video-preview:-1"},"canonical":"https:\/\/organonpro.com\/es-cl\/aviso\/","og_locale":"en_US","og_type":"article","og_title":"Aviso de privacidad","og_description":"Aviso de privacidad Organon Chile SPA (\u201cOrganon\u201d) mantiene estrictas medidas y pol\u00edticas para salvaguardar la confidencialidad de los datos a los que tiene acceso, en el marco de la Ley 19.628 de Protecci\u00f3n de los Datos Personales (\u201cLPDP\u201d) y las pol\u00edticas de Organon. Organon habitualmente recopila, recibe, utiliza y comparte informaci\u00f3n en cualquier formato que [&hellip;]","og_url":"https:\/\/organonpro.com\/es-cl\/aviso\/","og_site_name":"Organon Pro - Chile","article_modified_time":"2024-07-10T06:19:17+00:00","og_image":[{"width":1200,"height":630,"url":"https:\/\/organonpro.com\/es-cl\/wp-content\/uploads\/sites\/71\/2022\/12\/organon-pro-og-img.png","type":"image\/png"}],"twitter_card":"summary_large_image","twitter_misc":{"Est. reading time":"5 minutes"},"schema":{"@context":"https:\/\/schema.org","@graph":[{"@type":"WebPage","@id":"https:\/\/organonpro.com\/es-cl\/aviso\/","url":"https:\/\/organonpro.com\/es-cl\/aviso\/","name":"Organon Chile Organon Pro - Chile","isPartOf":{"@id":"https:\/\/organonpro.com\/es-cl\/#website"},"datePublished":"2022-09-06T08:05:27+00:00","dateModified":"2024-07-10T06:19:17+00:00","breadcrumb":{"@id":"https:\/\/organonpro.com\/es-cl\/aviso\/#breadcrumb"},"inLanguage":"en-US","potentialAction":[{"@type":"ReadAction","target":["https:\/\/organonpro.com\/es-cl\/aviso\/"]}]},{"@type":"BreadcrumbList","@id":"https:\/\/organonpro.com\/es-cl\/aviso\/#breadcrumb","itemListElement":[{"@type":"ListItem","position":1,"name":"Home","item":"https:\/\/organonpro.com\/es-cl\/"},{"@type":"ListItem","position":2,"name":"Aviso de privacidad"}]},{"@type":"WebSite","@id":"https:\/\/organonpro.com\/es-cl\/#website","url":"https:\/\/organonpro.com\/es-cl\/","name":"Organon Pro - Chile","description":"Organon Pro - Chile","publisher":{"@id":"https:\/\/organonpro.com\/es-cl\/#organization"},"potentialAction":[{"@type":"SearchAction","target":{"@type":"EntryPoint","urlTemplate":"https:\/\/organonpro.com\/es-cl\/?s={search_term_string}"},"query-input":{"@type":"PropertyValueSpecification","valueRequired":true,"valueName":"search_term_string"}}],"inLanguage":"en-US"},{"@type":"Organization","@id":"https:\/\/organonpro.com\/es-cl\/#organization","name":"Organon Pro - Chile","url":"https:\/\/organonpro.com\/es-cl\/","logo":{"@type":"ImageObject","inLanguage":"en-US","@id":"https:\/\/organonpro.com\/es-cl\/#\/schema\/logo\/image\/","url":"https:\/\/organonpro.com\/es-cl\/wp-content\/uploads\/sites\/71\/2022\/08\/MicrosoftTeams-image-2.png","contentUrl":"https:\/\/organonpro.com\/es-cl\/wp-content\/uploads\/sites\/71\/2022\/08\/MicrosoftTeams-image-2.png","width":2380,"height":253,"caption":"Organon Pro - Chile"},"image":{"@id":"https:\/\/organonpro.com\/es-cl\/#\/schema\/logo\/image\/"}}]}},"jetpack_sharing_enabled":true,"_links":{"self":[{"href":"https:\/\/organonpro.com\/es-cl\/wp-json\/wp\/v2\/pages\/35","targetHints":{"allow":["GET"]}}],"collection":[{"href":"https:\/\/organonpro.com\/es-cl\/wp-json\/wp\/v2\/pages"}],"about":[{"href":"https:\/\/organonpro.com\/es-cl\/wp-json\/wp\/v2\/types\/page"}],"author":[{"embeddable":true,"href":"https:\/\/organonpro.com\/es-cl\/wp-json\/wp\/v2\/users\/15"}],"replies":[{"embeddable":true,"href":"https:\/\/organonpro.com\/es-cl\/wp-json\/wp\/v2\/comments?post=35"}],"version-history":[{"count":20,"href":"https:\/\/organonpro.com\/es-cl\/wp-json\/wp\/v2\/pages\/35\/revisions"}],"predecessor-version":[{"id":4700,"href":"https:\/\/organonpro.com\/es-cl\/wp-json\/wp\/v2\/pages\/35\/revisions\/4700"}],"wp:attachment":[{"href":"https:\/\/organonpro.com\/es-cl\/wp-json\/wp\/v2\/media?parent=35"}],"curies":[{"name":"wp","href":"https:\/\/api.w.org\/{rel}","templated":true}]}}