{"id":7395,"date":"2024-10-01T12:10:32","date_gmt":"2024-10-01T12:10:32","guid":{"rendered":"https:\/\/organonpro.com\/es-ce\/?page_id=7395"},"modified":"2025-11-21T15:07:18","modified_gmt":"2025-11-21T15:07:18","slug":"wh-expert-webinar","status":"publish","type":"page","link":"https:\/\/organonpro.com\/es-ce\/wh-expert-webinar\/","title":{"rendered":"Contraceptive Care Series"},"content":{"rendered":"","protected":false},"excerpt":{"rendered":"","protected":false},"author":19,"featured_media":0,"parent":0,"menu_order":0,"comment_status":"closed","ping_status":"closed","template":"template-wh-expert-led.php","meta":{"_acf_changed":false,"footnotes":""},"class_list":["post-7395","page","type-page","status-publish","hentry"],"acf":[],"yoast_head":"<!-- This site is optimized with the Yoast SEO Premium plugin v20.11 (Yoast SEO v26.6) - https:\/\/yoast.com\/wordpress\/plugins\/seo\/ -->\n<title>Webinar especializado sobre anticoncepci\u00f3n y consejer\u00eda en el posparto | Organon Pro<\/title>\n<meta name=\"description\" content=\"Participe en nuestro webinar, dirigido por expertos, sobre anticoncepci\u00f3n en el posparto y mejores pr\u00e1cticas en consejer\u00eda anticonceptiva. Contaremos con la participaci\u00f3n de la Dra. Teresa Bombas y del Dr. Prof. Giovanni Grandi.\" \/>\n<meta name=\"robots\" content=\"noindex, nofollow\" \/>\n<meta property=\"og:locale\" content=\"en_US\" \/>\n<meta property=\"og:type\" content=\"article\" \/>\n<meta property=\"og:title\" content=\"Webinar especializado sobre anticoncepci\u00f3n y consejer\u00eda en el posparto | Organon Pro\" \/>\n<meta property=\"og:description\" content=\"Participe en nuestro webinar, dirigido por expertos, sobre anticoncepci\u00f3n en el posparto y mejores pr\u00e1cticas en consejer\u00eda anticonceptiva. Contaremos con la participaci\u00f3n de la Dra. Teresa Bombas y del Dr. Prof. Giovanni Grandi.\" \/>\n<meta property=\"og:url\" content=\"https:\/\/organonpro.com\/es-ce\/wh-expert-webinar\/\" \/>\n<meta property=\"og:site_name\" content=\"Organon Pro CENCA\" \/>\n<meta property=\"article:modified_time\" content=\"2025-11-21T15:07:18+00:00\" \/>\n<meta property=\"og:image\" content=\"https:\/\/organonpro.com\/es-ce\/wp-content\/uploads\/sites\/117\/2022\/12\/organon-pro-og-img.png\" \/>\n\t<meta property=\"og:image:width\" content=\"1200\" \/>\n\t<meta property=\"og:image:height\" content=\"630\" \/>\n\t<meta property=\"og:image:type\" content=\"image\/png\" \/>\n<meta name=\"twitter:card\" content=\"summary_large_image\" \/>\n<meta name=\"twitter:title\" content=\"Webinar especializado sobre anticoncepci\u00f3n y consejer\u00eda en el posparto | Organon Pro\" \/>\n<meta name=\"twitter:description\" content=\"Participe en nuestro webinar, dirigido por expertos, sobre anticoncepci\u00f3n en el posparto y mejores pr\u00e1cticas en consejer\u00eda anticonceptiva. Contaremos con la participaci\u00f3n de la Dra. Teresa Bombas y del Dr. Prof. Giovanni Grandi.\" \/>\n<script type=\"application\/ld+json\" class=\"yoast-schema-graph\">{\"@context\":\"https:\/\/schema.org\",\"@graph\":[{\"@type\":\"WebPage\",\"@id\":\"https:\/\/organonpro.com\/es-ce\/wh-expert-webinar\/\",\"url\":\"https:\/\/organonpro.com\/es-ce\/wh-expert-webinar\/\",\"name\":\"Webinar especializado sobre anticoncepci\u00f3n y consejer\u00eda en el posparto | Organon Pro\",\"isPartOf\":{\"@id\":\"https:\/\/organonpro.com\/es-ce\/#website\"},\"datePublished\":\"2024-10-01T12:10:32+00:00\",\"dateModified\":\"2025-11-21T15:07:18+00:00\",\"description\":\"Participe en nuestro webinar, dirigido por expertos, sobre anticoncepci\u00f3n en el posparto y mejores pr\u00e1cticas en consejer\u00eda anticonceptiva. Contaremos con la participaci\u00f3n de la Dra. Teresa Bombas y del Dr. Prof. Giovanni Grandi.\",\"breadcrumb\":{\"@id\":\"https:\/\/organonpro.com\/es-ce\/wh-expert-webinar\/#breadcrumb\"},\"inLanguage\":\"en-US\",\"potentialAction\":[{\"@type\":\"ReadAction\",\"target\":[\"https:\/\/organonpro.com\/es-ce\/wh-expert-webinar\/\"]}]},{\"@type\":\"BreadcrumbList\",\"@id\":\"https:\/\/organonpro.com\/es-ce\/wh-expert-webinar\/#breadcrumb\",\"itemListElement\":[{\"@type\":\"ListItem\",\"position\":1,\"name\":\"Home\",\"item\":\"https:\/\/organonpro.com\/es-ce\/\"},{\"@type\":\"ListItem\",\"position\":2,\"name\":\"Contraceptive Care Series\"}]},{\"@type\":\"WebSite\",\"@id\":\"https:\/\/organonpro.com\/es-ce\/#website\",\"url\":\"https:\/\/organonpro.com\/es-ce\/\",\"name\":\"Organon Pro CENCA\",\"description\":\"Organon Pro CENCA\",\"publisher\":{\"@id\":\"https:\/\/organonpro.com\/es-ce\/#organization\"},\"potentialAction\":[{\"@type\":\"SearchAction\",\"target\":{\"@type\":\"EntryPoint\",\"urlTemplate\":\"https:\/\/organonpro.com\/es-ce\/?s={search_term_string}\"},\"query-input\":{\"@type\":\"PropertyValueSpecification\",\"valueRequired\":true,\"valueName\":\"search_term_string\"}}],\"inLanguage\":\"en-US\"},{\"@type\":\"Organization\",\"@id\":\"https:\/\/organonpro.com\/es-ce\/#organization\",\"name\":\"Organon Pro CENCA\",\"url\":\"https:\/\/organonpro.com\/es-ce\/\",\"logo\":{\"@type\":\"ImageObject\",\"inLanguage\":\"en-US\",\"@id\":\"https:\/\/organonpro.com\/es-ce\/#\/schema\/logo\/image\/\",\"url\":\"https:\/\/organonpro.com\/es-ce\/wp-content\/uploads\/sites\/117\/2022\/08\/MicrosoftTeams-image-2.png\",\"contentUrl\":\"https:\/\/organonpro.com\/es-ce\/wp-content\/uploads\/sites\/117\/2022\/08\/MicrosoftTeams-image-2.png\",\"width\":2380,\"height\":253,\"caption\":\"Organon Pro CENCA\"},\"image\":{\"@id\":\"https:\/\/organonpro.com\/es-ce\/#\/schema\/logo\/image\/\"}}]}<\/script>\n<!-- \/ Yoast SEO Premium plugin. -->","yoast_head_json":{"title":"Webinar especializado sobre anticoncepci\u00f3n y consejer\u00eda en el posparto | Organon Pro","description":"Participe en nuestro webinar, dirigido por expertos, sobre anticoncepci\u00f3n en el posparto y mejores pr\u00e1cticas en consejer\u00eda anticonceptiva. Contaremos con la participaci\u00f3n de la Dra. Teresa Bombas y del Dr. Prof. Giovanni Grandi.","robots":{"index":"noindex","follow":"nofollow"},"og_locale":"en_US","og_type":"article","og_title":"Webinar especializado sobre anticoncepci\u00f3n y consejer\u00eda en el posparto | Organon Pro","og_description":"Participe en nuestro webinar, dirigido por expertos, sobre anticoncepci\u00f3n en el posparto y mejores pr\u00e1cticas en consejer\u00eda anticonceptiva. Contaremos con la participaci\u00f3n de la Dra. Teresa Bombas y del Dr. Prof. Giovanni Grandi.","og_url":"https:\/\/organonpro.com\/es-ce\/wh-expert-webinar\/","og_site_name":"Organon Pro CENCA","article_modified_time":"2025-11-21T15:07:18+00:00","og_image":[{"width":1200,"height":630,"url":"https:\/\/organonpro.com\/es-ce\/wp-content\/uploads\/sites\/117\/2022\/12\/organon-pro-og-img.png","type":"image\/png"}],"twitter_card":"summary_large_image","twitter_title":"Webinar especializado sobre anticoncepci\u00f3n y consejer\u00eda en el posparto | Organon Pro","twitter_description":"Participe en nuestro webinar, dirigido por expertos, sobre anticoncepci\u00f3n en el posparto y mejores pr\u00e1cticas en consejer\u00eda anticonceptiva. Contaremos con la participaci\u00f3n de la Dra. Teresa Bombas y del Dr. Prof. Giovanni Grandi.","schema":{"@context":"https:\/\/schema.org","@graph":[{"@type":"WebPage","@id":"https:\/\/organonpro.com\/es-ce\/wh-expert-webinar\/","url":"https:\/\/organonpro.com\/es-ce\/wh-expert-webinar\/","name":"Webinar especializado sobre anticoncepci\u00f3n y consejer\u00eda en el posparto | Organon Pro","isPartOf":{"@id":"https:\/\/organonpro.com\/es-ce\/#website"},"datePublished":"2024-10-01T12:10:32+00:00","dateModified":"2025-11-21T15:07:18+00:00","description":"Participe en nuestro webinar, dirigido por expertos, sobre anticoncepci\u00f3n en el posparto y mejores pr\u00e1cticas en consejer\u00eda anticonceptiva. Contaremos con la participaci\u00f3n de la Dra. Teresa Bombas y del Dr. Prof. Giovanni Grandi.","breadcrumb":{"@id":"https:\/\/organonpro.com\/es-ce\/wh-expert-webinar\/#breadcrumb"},"inLanguage":"en-US","potentialAction":[{"@type":"ReadAction","target":["https:\/\/organonpro.com\/es-ce\/wh-expert-webinar\/"]}]},{"@type":"BreadcrumbList","@id":"https:\/\/organonpro.com\/es-ce\/wh-expert-webinar\/#breadcrumb","itemListElement":[{"@type":"ListItem","position":1,"name":"Home","item":"https:\/\/organonpro.com\/es-ce\/"},{"@type":"ListItem","position":2,"name":"Contraceptive Care Series"}]},{"@type":"WebSite","@id":"https:\/\/organonpro.com\/es-ce\/#website","url":"https:\/\/organonpro.com\/es-ce\/","name":"Organon Pro CENCA","description":"Organon Pro CENCA","publisher":{"@id":"https:\/\/organonpro.com\/es-ce\/#organization"},"potentialAction":[{"@type":"SearchAction","target":{"@type":"EntryPoint","urlTemplate":"https:\/\/organonpro.com\/es-ce\/?s={search_term_string}"},"query-input":{"@type":"PropertyValueSpecification","valueRequired":true,"valueName":"search_term_string"}}],"inLanguage":"en-US"},{"@type":"Organization","@id":"https:\/\/organonpro.com\/es-ce\/#organization","name":"Organon Pro CENCA","url":"https:\/\/organonpro.com\/es-ce\/","logo":{"@type":"ImageObject","inLanguage":"en-US","@id":"https:\/\/organonpro.com\/es-ce\/#\/schema\/logo\/image\/","url":"https:\/\/organonpro.com\/es-ce\/wp-content\/uploads\/sites\/117\/2022\/08\/MicrosoftTeams-image-2.png","contentUrl":"https:\/\/organonpro.com\/es-ce\/wp-content\/uploads\/sites\/117\/2022\/08\/MicrosoftTeams-image-2.png","width":2380,"height":253,"caption":"Organon Pro CENCA"},"image":{"@id":"https:\/\/organonpro.com\/es-ce\/#\/schema\/logo\/image\/"}}]}},"_links":{"self":[{"href":"https:\/\/organonpro.com\/es-ce\/wp-json\/wp\/v2\/pages\/7395","targetHints":{"allow":["GET"]}}],"collection":[{"href":"https:\/\/organonpro.com\/es-ce\/wp-json\/wp\/v2\/pages"}],"about":[{"href":"https:\/\/organonpro.com\/es-ce\/wp-json\/wp\/v2\/types\/page"}],"author":[{"embeddable":true,"href":"https:\/\/organonpro.com\/es-ce\/wp-json\/wp\/v2\/users\/19"}],"replies":[{"embeddable":true,"href":"https:\/\/organonpro.com\/es-ce\/wp-json\/wp\/v2\/comments?post=7395"}],"version-history":[{"count":15,"href":"https:\/\/organonpro.com\/es-ce\/wp-json\/wp\/v2\/pages\/7395\/revisions"}],"predecessor-version":[{"id":7654,"href":"https:\/\/organonpro.com\/es-ce\/wp-json\/wp\/v2\/pages\/7395\/revisions\/7654"}],"wp:attachment":[{"href":"https:\/\/organonpro.com\/es-ce\/wp-json\/wp\/v2\/media?parent=7395"}],"curies":[{"name":"wp","href":"https:\/\/api.w.org\/{rel}","templated":true}]}}