{"id":35,"date":"2022-09-06T08:05:27","date_gmt":"2022-09-06T08:05:27","guid":{"rendered":"https:\/\/organonpro.com\/es-ce\/?page_id=35"},"modified":"2023-03-17T06:21:53","modified_gmt":"2023-03-17T06:21:53","slug":"aviso","status":"publish","type":"page","link":"https:\/\/organonpro.com\/es-ce\/aviso\/","title":{"rendered":"Aviso de privacidad"},"content":{"rendered":"\n<h1 class=\"wp-block-heading\">AUTORIZACI\u00d3N DE USO DE DATOS PERSONALES<\/h1>\n\n\n\n<p>En cumplimiento de lo establecido en la Ley 1581 de 2012 (Ley de protecci\u00f3n de datos personales) el Decreto Reglamentario 1377 de 2013 y dem\u00e1s normas complementarias, informamos que ORGANON COLOMBIA S.A.S. (\u201cORGANON\u201d) mantiene estrictas medidas y pol\u00edticas para salvaguardar la confidencialidad y realizar el tratamiento de los datos personales que son proporcionados por los titulares de los mismos (los \u201cDatos\u201d). Teniendo en cuenta lo anterior, le informamos que nuestra Pol\u00edtica de Privacidad de Datos Personales est\u00e1 disponible en nuestra p\u00e1gina web: <a href=\"https:\/\/www.organon.com\/privacy\/es\/\" target=\"_blank\" rel=\"noreferrer noopener\">https:\/\/www.organon.com\/privacy\/es\/<\/a> Sus datos ser\u00e1n tratados de conformidad con lo establecido en nuestra Pol\u00edtica de Privacidad de Datos Personales.<br><br>En este sentido le informamos:En este sentido le informamos:<\/p>\n\n\n\n<ol class=\"wp-block-list\">\n<li>Responsable que recaba los Datos:<br>          <strong>Organon Colombia S.A.S.<br>          Domicilio: Calle 127A No. 53A \u2013 45 Torre 2 Piso 6<br>          Bogot\u00e1 D.C., Colombia<\/strong><br><br><\/li>\n\n\n\n<li>Finalidad del tratamiento de los Datos:<br><br>ORGANON recopila, recibe, utiliza y comparte informaci\u00f3n identificable para el desarrollo de sus operaciones y, en particular, informaci\u00f3n identificable de usted con los fines de comunicar informaci\u00f3n sobre productos de ORGANON a trav\u00e9s de nuestros representantes o nuestros sitios web, correo electr\u00f3nico, centros de llamadas, servicios de mensajer\u00eda instant\u00e1nea, correo postal y otros canales, incluidas comunicaciones de naturaleza promocional y comercial; simposios, conferencias y otros programas de educaci\u00f3n m\u00e9dica y cient\u00edfica; investigaciones de mercado; acceso a nuestros servicios y llevar el seguimiento de nuestras interacciones con los profesionales de la salud por Internet o fuera de Internet. En este sentido, en la medida en que usted nos proporcione sus datos, autoriza para que el tratamiento de los mismos se realice con dichas finalidades.<br><br>Usted de manera expresa autoriza que sus datos se transmitan, transfieran y\/o compartan a compa\u00f1\u00edas filiales, subordinadas o la casa matriz, as\u00ed como a terceros proveedores relacionados con el Tratamiento de los Datos (procesamiento, manejo, administraci\u00f3n y\/o an\u00e1lisis), inclusive a los pa\u00edses que no tengan implementados o expedidas legislaciones de protecci\u00f3n de datos equivalentes a la legislaci\u00f3n colombiana. De igual forma autoriza a que dicha informaci\u00f3n sea verificada y revisada en diferentes bases de datos y\/o listas de partes denegadas. Las entidades referidas en este apartado tratar\u00e1n los datos para las finalidades establecidas en este documento.<br><br>ORGANON se compromete a realizar el tratamiento de los datos bajo estricta confidencialidad y atendiendo a altos est\u00e1ndares de seguridad, en este sentido no realizar\u00e1 operaciones de venta sobre los datos respecto de los cuales otorga la presente autorizaci\u00f3n.<br><br><\/li>\n\n\n\n<li>Usted podr\u00e1 en t\u00e9rminos de lo establecido en la Ley, dirigirse a ORGANON para ejercer los derechos consagrados en las normas aplicables, principalmente aquellos consagrados en el art\u00edculo 8 de la Ley 1581 de 2012 y, especialmente, los siguientes derechos respecto de los &#8220;Datos&#8221;: (i) Tener acceso a sus Datos; (ii) Actualizar, modificar y rectificar los mismos; (iii) Solicitar su retiro; (iv) Realizar alguna consulta y\/o queja sobre el manejo de sus Datos. Para tal fin usted podr\u00e1 ejercer sus derechos dirigi\u00e9ndose a la siguiente direcci\u00f3n electr\u00f3nica: <a href=\"mailto:privacidad.colombia@organon.com\">privacidad.colombia@organon.com<\/a><br><br>En el ejercicio de sus derechos como titular de los Datos, o al presentar una consulta o queja, deber\u00e1 anexar la siguiente informaci\u00f3n:<br>\u2022 Nombre, domicilio, correo electr\u00f3nico, tel\u00e9fono u otro medio que nos permita contactarlo.<br>\u2022 Identificaci\u00f3n (en su caso, documento que acredite la representaci\u00f3n del titular de los datos personales).<br>\u2022 Descripci\u00f3n precisa del tipo de acci\u00f3n que desea se tome respecto de sus Datos.<br>\u2022 Adjuntar la documentaci\u00f3n que sustente la petici\u00f3n.<br><br><\/li>\n\n\n\n<li>En el caso en que Usted decida proporcionar sus datos a trav\u00e9s de cualquier medio escrito o virtual, los mismos \u00fanicamente ser\u00e1n utilizados para las finalidades ya mencionadas.<br><br><\/li>\n\n\n\n<li>En cumplimiento de lo establecido en la Resoluci\u00f3n 2881 del 2018 (Registro de Transferencias de Valor entre actores del sector salud y la industria farmac\u00e9utica y de tecnolog\u00edas en salud), y en virtud de los art\u00edculos 9\u00b0 y 12\u00b0 de la Ley 1581 de 2012 y en caso que resulte aplicable, usted autoriza en forma expresa y permanente al Ministerio de Salud y Protecci\u00f3n Social, para que publique la informaci\u00f3n relacionada con el valor de los pagos o transferencias de valor que sean reportadas a su nombre por parte de ORGANON o terceros autorizados por esta \u00faltima. Usted es consciente de que la mencionada publicaci\u00f3n de informaci\u00f3n se realiza en aras de garantizar la transparencia de las relaciones entre actores del sector salud y la industria farmac\u00e9utica y de tecnolog\u00edas en salud. Adem\u00e1s, declara que tiene conocimiento de los derechos que le asisten en su calidad de Titular de datos personales consagrados en el art\u00edculo 8 de la Ley 1581 de 2012.<br><\/li>\n<\/ol>\n\n\n\n<p>De esta manera y en cumplimiento de las normas atinentes a Privacidad y Protecci\u00f3n de Datos Personales, Registro de Transferencias de Valor y Administraci\u00f3n de Riesgo de Lavado de Activos, Financiaci\u00f3n al terrorismo y Financiamiento de la Proliferaci\u00f3n de Armas de Destrucci\u00f3n Masiva (SAGRILAFT), a trav\u00e9s de este documento otorgo de forma expresa, libre y voluntaria autorizaci\u00f3n a ORGANON para el uso de mis datos personales en los t\u00e9rminos aqu\u00ed descritos.<br><\/p>\n","protected":false},"excerpt":{"rendered":"<p>AUTORIZACI\u00d3N DE USO DE DATOS PERSONALES En cumplimiento de lo establecido en la Ley 1581 de 2012 (Ley de protecci\u00f3n de datos personales) el Decreto Reglamentario 1377 de 2013 y dem\u00e1s normas complementarias, informamos que ORGANON COLOMBIA S.A.S. (\u201cORGANON\u201d) mantiene estrictas medidas y pol\u00edticas para salvaguardar la confidencialidad y realizar el tratamiento de los datos [&hellip;]<\/p>\n","protected":false},"author":15,"featured_media":0,"parent":0,"menu_order":0,"comment_status":"closed","ping_status":"closed","template":"","meta":{"_acf_changed":false,"footnotes":""},"class_list":["post-35","page","type-page","status-publish","hentry"],"acf":[],"yoast_head":"<!-- This site is optimized with the Yoast SEO Premium plugin v20.11 (Yoast SEO v26.6) - https:\/\/yoast.com\/wordpress\/plugins\/seo\/ -->\n<title>Aviso de privacidad - Organon Pro CENCA<\/title>\n<meta name=\"robots\" content=\"index, follow, max-snippet:-1, max-image-preview:large, max-video-preview:-1\" \/>\n<link rel=\"canonical\" href=\"https:\/\/organonpro.com\/es-ce\/aviso\/\" \/>\n<meta property=\"og:locale\" content=\"en_US\" \/>\n<meta property=\"og:type\" content=\"article\" \/>\n<meta property=\"og:title\" content=\"Aviso de privacidad\" \/>\n<meta property=\"og:description\" content=\"AUTORIZACI\u00d3N DE USO DE DATOS PERSONALES En cumplimiento de lo establecido en la Ley 1581 de 2012 (Ley de protecci\u00f3n de datos personales) el Decreto Reglamentario 1377 de 2013 y dem\u00e1s normas complementarias, informamos que ORGANON COLOMBIA S.A.S. (\u201cORGANON\u201d) mantiene estrictas medidas y pol\u00edticas para salvaguardar la confidencialidad y realizar el tratamiento de los datos [&hellip;]\" \/>\n<meta property=\"og:url\" content=\"https:\/\/organonpro.com\/es-ce\/aviso\/\" \/>\n<meta property=\"og:site_name\" content=\"Organon Pro CENCA\" \/>\n<meta property=\"article:modified_time\" content=\"2023-03-17T06:21:53+00:00\" \/>\n<meta property=\"og:image\" content=\"https:\/\/organonpro.com\/es-ce\/wp-content\/uploads\/sites\/117\/2022\/12\/organon-pro-og-img.png\" \/>\n\t<meta property=\"og:image:width\" content=\"1200\" \/>\n\t<meta property=\"og:image:height\" content=\"630\" \/>\n\t<meta property=\"og:image:type\" content=\"image\/png\" \/>\n<meta name=\"twitter:card\" content=\"summary_large_image\" \/>\n<meta name=\"twitter:label1\" content=\"Est. reading time\" \/>\n\t<meta name=\"twitter:data1\" content=\"4 minutes\" \/>\n<script type=\"application\/ld+json\" class=\"yoast-schema-graph\">{\"@context\":\"https:\/\/schema.org\",\"@graph\":[{\"@type\":\"WebPage\",\"@id\":\"https:\/\/organonpro.com\/es-ce\/aviso\/\",\"url\":\"https:\/\/organonpro.com\/es-ce\/aviso\/\",\"name\":\"Aviso de privacidad - Organon Pro CENCA\",\"isPartOf\":{\"@id\":\"https:\/\/organonpro.com\/es-ce\/#website\"},\"datePublished\":\"2022-09-06T08:05:27+00:00\",\"dateModified\":\"2023-03-17T06:21:53+00:00\",\"breadcrumb\":{\"@id\":\"https:\/\/organonpro.com\/es-ce\/aviso\/#breadcrumb\"},\"inLanguage\":\"en-US\",\"potentialAction\":[{\"@type\":\"ReadAction\",\"target\":[\"https:\/\/organonpro.com\/es-ce\/aviso\/\"]}]},{\"@type\":\"BreadcrumbList\",\"@id\":\"https:\/\/organonpro.com\/es-ce\/aviso\/#breadcrumb\",\"itemListElement\":[{\"@type\":\"ListItem\",\"position\":1,\"name\":\"Home\",\"item\":\"https:\/\/organonpro.com\/es-ce\/\"},{\"@type\":\"ListItem\",\"position\":2,\"name\":\"Aviso de privacidad\"}]},{\"@type\":\"WebSite\",\"@id\":\"https:\/\/organonpro.com\/es-ce\/#website\",\"url\":\"https:\/\/organonpro.com\/es-ce\/\",\"name\":\"Organon Pro CENCA\",\"description\":\"Organon Pro CENCA\",\"publisher\":{\"@id\":\"https:\/\/organonpro.com\/es-ce\/#organization\"},\"potentialAction\":[{\"@type\":\"SearchAction\",\"target\":{\"@type\":\"EntryPoint\",\"urlTemplate\":\"https:\/\/organonpro.com\/es-ce\/?s={search_term_string}\"},\"query-input\":{\"@type\":\"PropertyValueSpecification\",\"valueRequired\":true,\"valueName\":\"search_term_string\"}}],\"inLanguage\":\"en-US\"},{\"@type\":\"Organization\",\"@id\":\"https:\/\/organonpro.com\/es-ce\/#organization\",\"name\":\"Organon Pro CENCA\",\"url\":\"https:\/\/organonpro.com\/es-ce\/\",\"logo\":{\"@type\":\"ImageObject\",\"inLanguage\":\"en-US\",\"@id\":\"https:\/\/organonpro.com\/es-ce\/#\/schema\/logo\/image\/\",\"url\":\"https:\/\/organonpro.com\/es-ce\/wp-content\/uploads\/sites\/117\/2022\/08\/MicrosoftTeams-image-2.png\",\"contentUrl\":\"https:\/\/organonpro.com\/es-ce\/wp-content\/uploads\/sites\/117\/2022\/08\/MicrosoftTeams-image-2.png\",\"width\":2380,\"height\":253,\"caption\":\"Organon Pro CENCA\"},\"image\":{\"@id\":\"https:\/\/organonpro.com\/es-ce\/#\/schema\/logo\/image\/\"}}]}<\/script>\n<!-- \/ Yoast SEO Premium plugin. -->","yoast_head_json":{"title":"Aviso de privacidad - Organon Pro CENCA","robots":{"index":"index","follow":"follow","max-snippet":"max-snippet:-1","max-image-preview":"max-image-preview:large","max-video-preview":"max-video-preview:-1"},"canonical":"https:\/\/organonpro.com\/es-ce\/aviso\/","og_locale":"en_US","og_type":"article","og_title":"Aviso de privacidad","og_description":"AUTORIZACI\u00d3N DE USO DE DATOS PERSONALES En cumplimiento de lo establecido en la Ley 1581 de 2012 (Ley de protecci\u00f3n de datos personales) el Decreto Reglamentario 1377 de 2013 y dem\u00e1s normas complementarias, informamos que ORGANON COLOMBIA S.A.S. (\u201cORGANON\u201d) mantiene estrictas medidas y pol\u00edticas para salvaguardar la confidencialidad y realizar el tratamiento de los datos [&hellip;]","og_url":"https:\/\/organonpro.com\/es-ce\/aviso\/","og_site_name":"Organon Pro CENCA","article_modified_time":"2023-03-17T06:21:53+00:00","og_image":[{"width":1200,"height":630,"url":"https:\/\/organonpro.com\/es-ce\/wp-content\/uploads\/sites\/117\/2022\/12\/organon-pro-og-img.png","type":"image\/png"}],"twitter_card":"summary_large_image","twitter_misc":{"Est. reading time":"4 minutes"},"schema":{"@context":"https:\/\/schema.org","@graph":[{"@type":"WebPage","@id":"https:\/\/organonpro.com\/es-ce\/aviso\/","url":"https:\/\/organonpro.com\/es-ce\/aviso\/","name":"Aviso de privacidad - Organon Pro CENCA","isPartOf":{"@id":"https:\/\/organonpro.com\/es-ce\/#website"},"datePublished":"2022-09-06T08:05:27+00:00","dateModified":"2023-03-17T06:21:53+00:00","breadcrumb":{"@id":"https:\/\/organonpro.com\/es-ce\/aviso\/#breadcrumb"},"inLanguage":"en-US","potentialAction":[{"@type":"ReadAction","target":["https:\/\/organonpro.com\/es-ce\/aviso\/"]}]},{"@type":"BreadcrumbList","@id":"https:\/\/organonpro.com\/es-ce\/aviso\/#breadcrumb","itemListElement":[{"@type":"ListItem","position":1,"name":"Home","item":"https:\/\/organonpro.com\/es-ce\/"},{"@type":"ListItem","position":2,"name":"Aviso de privacidad"}]},{"@type":"WebSite","@id":"https:\/\/organonpro.com\/es-ce\/#website","url":"https:\/\/organonpro.com\/es-ce\/","name":"Organon Pro CENCA","description":"Organon Pro CENCA","publisher":{"@id":"https:\/\/organonpro.com\/es-ce\/#organization"},"potentialAction":[{"@type":"SearchAction","target":{"@type":"EntryPoint","urlTemplate":"https:\/\/organonpro.com\/es-ce\/?s={search_term_string}"},"query-input":{"@type":"PropertyValueSpecification","valueRequired":true,"valueName":"search_term_string"}}],"inLanguage":"en-US"},{"@type":"Organization","@id":"https:\/\/organonpro.com\/es-ce\/#organization","name":"Organon Pro CENCA","url":"https:\/\/organonpro.com\/es-ce\/","logo":{"@type":"ImageObject","inLanguage":"en-US","@id":"https:\/\/organonpro.com\/es-ce\/#\/schema\/logo\/image\/","url":"https:\/\/organonpro.com\/es-ce\/wp-content\/uploads\/sites\/117\/2022\/08\/MicrosoftTeams-image-2.png","contentUrl":"https:\/\/organonpro.com\/es-ce\/wp-content\/uploads\/sites\/117\/2022\/08\/MicrosoftTeams-image-2.png","width":2380,"height":253,"caption":"Organon Pro CENCA"},"image":{"@id":"https:\/\/organonpro.com\/es-ce\/#\/schema\/logo\/image\/"}}]}},"_links":{"self":[{"href":"https:\/\/organonpro.com\/es-ce\/wp-json\/wp\/v2\/pages\/35","targetHints":{"allow":["GET"]}}],"collection":[{"href":"https:\/\/organonpro.com\/es-ce\/wp-json\/wp\/v2\/pages"}],"about":[{"href":"https:\/\/organonpro.com\/es-ce\/wp-json\/wp\/v2\/types\/page"}],"author":[{"embeddable":true,"href":"https:\/\/organonpro.com\/es-ce\/wp-json\/wp\/v2\/users\/15"}],"replies":[{"embeddable":true,"href":"https:\/\/organonpro.com\/es-ce\/wp-json\/wp\/v2\/comments?post=35"}],"version-history":[{"count":5,"href":"https:\/\/organonpro.com\/es-ce\/wp-json\/wp\/v2\/pages\/35\/revisions"}],"predecessor-version":[{"id":1906,"href":"https:\/\/organonpro.com\/es-ce\/wp-json\/wp\/v2\/pages\/35\/revisions\/1906"}],"wp:attachment":[{"href":"https:\/\/organonpro.com\/es-ce\/wp-json\/wp\/v2\/media?parent=35"}],"curies":[{"name":"wp","href":"https:\/\/api.w.org\/{rel}","templated":true}]}}