{"id":4276,"date":"2024-03-04T07:18:16","date_gmt":"2024-03-04T07:18:16","guid":{"rendered":"https:\/\/organonpro.com\/es-ar\/?page_id=4276"},"modified":"2024-08-02T08:02:33","modified_gmt":"2024-08-02T08:02:33","slug":"terminos-precedentes","status":"publish","type":"page","link":"https:\/\/organonpro.com\/es-ar\/terminos-precedentes\/","title":{"rendered":"T\u00e9rminos Precedentes"},"content":{"rendered":"\n<p>Este sitio web al que accede y todo su contenido son de acceso restringido y est\u00e1n dirigidos exclusivamente a Profesionales de la Salud habilitados para ejercer en la Rep\u00fablica Argentina.<\/p>\n\n\n\n<p>En caso de que usted no fuera Profesional de la Salud, le solicitamos abandonar de inmediato este sitio y abstenerse de navegar su contenido. Organon no se hace responsable por las consecuencias que la informaci\u00f3n aqu\u00ed contenida o su uso puedan ocasionar en el usuario no Profesional de la Salud o en terceras personas. Al acceder a este sitio web y a su contenido, usted declara bajo juramento y garantiza que es un Profesional de la Salud habilitado para ejercer en la Rep\u00fablica Argentina.<\/p>\n\n\n\n<p>Es su responsabilidad como usuario de este sitio web brindar informaci\u00f3n clara, completa y veraz con respecto a los datos requeridos por este sitio web y respecto a su calidad de Profesional de la Salud. Organon se reserva el derecho de revocar el acceso a este sitio web y\/o a su contenido en caso de que la informaci\u00f3n brindada no cumpla con lo dispuesto precedentemente, con los t\u00e9rminos y condiciones de uso de este sitio y\/o generen dudas respecto de su autenticidad.<\/p>\n\n\n\n<p>Organon se reserva el derecho de accionar legalmente contra quienes accedan a este sitio web y\/o su contenido que no revistan la calidad de Profesional de la Salud habilitado para ejercer en la Rep\u00fablica Argentina y\/o, quienes, revistiendo tal calidad, hagan un uso indebido de la informaci\u00f3n contenida en este sitio y\/o causen de cualquier forma perjuicio a Organon. Toda la informaci\u00f3n contenida en este sitio web tiene fines exclusivamente informativos y\/o educacionales. La informaci\u00f3n contenida en este sitio web en ning\u00fan caso podr\u00e1 ser interpretada como una recomendaci\u00f3n m\u00e9dica profesional de Organon y\/o de quien\/es eventualmente suscriba\/n la informaci\u00f3n contenida en este sitio web. Organon brinda toda la informaci\u00f3n contenida en este sitio bajo tales premisas, \u201ctal cual\u201d es brindada, y no ofrece ning\u00fan compromiso, representaci\u00f3n, ni garant\u00eda (expl\u00edcita o impl\u00edcita, incluyendo sin limitaci\u00f3n sobre la exactitud, integridad, actualidad o idoneidad para un fin determinado) sobre la misma.<\/p>\n","protected":false},"excerpt":{"rendered":"<p>Este sitio web al que accede y todo su contenido son de acceso restringido y est\u00e1n dirigidos exclusivamente a Profesionales de la Salud habilitados para ejercer en la Rep\u00fablica Argentina. En caso de que usted no fuera Profesional de la Salud, le solicitamos abandonar de inmediato este sitio y abstenerse de navegar su contenido. Organon [&hellip;]<\/p>\n","protected":false},"author":11,"featured_media":0,"parent":0,"menu_order":0,"comment_status":"closed","ping_status":"closed","template":"","meta":{"_acf_changed":false,"footnotes":""},"class_list":["post-4276","page","type-page","status-publish","hentry"],"acf":[],"yoast_head":"<!-- This site is optimized with the Yoast SEO Premium plugin v20.11 (Yoast SEO v26.6) - https:\/\/yoast.com\/wordpress\/plugins\/seo\/ -->\n<title>T\u00e9rminos Precedentes - Organon Pro - Argentina<\/title>\n<meta name=\"robots\" content=\"noindex, follow\" \/>\n<meta property=\"og:locale\" content=\"en_US\" \/>\n<meta property=\"og:type\" content=\"article\" \/>\n<meta property=\"og:title\" content=\"T\u00e9rminos Precedentes\" \/>\n<meta property=\"og:description\" content=\"Este sitio web al que accede y todo su contenido son de acceso restringido y est\u00e1n dirigidos exclusivamente a Profesionales de la Salud habilitados para ejercer en la Rep\u00fablica Argentina. En caso de que usted no fuera Profesional de la Salud, le solicitamos abandonar de inmediato este sitio y abstenerse de navegar su contenido. Organon [&hellip;]\" \/>\n<meta property=\"og:url\" content=\"https:\/\/organonpro.com\/es-ar\/terminos-precedentes\/\" \/>\n<meta property=\"og:site_name\" content=\"Organon Pro - Argentina\" \/>\n<meta property=\"article:modified_time\" content=\"2024-08-02T08:02:33+00:00\" \/>\n<meta property=\"og:image\" content=\"https:\/\/organonpro.com\/es-ar\/wp-content\/uploads\/sites\/72\/2022\/12\/organon-pro-og-img.png\" \/>\n\t<meta property=\"og:image:width\" content=\"1200\" \/>\n\t<meta property=\"og:image:height\" content=\"630\" \/>\n\t<meta property=\"og:image:type\" content=\"image\/png\" \/>\n<meta name=\"twitter:card\" content=\"summary_large_image\" \/>\n<meta name=\"twitter:label1\" content=\"Est. reading time\" \/>\n\t<meta name=\"twitter:data1\" content=\"2 minutes\" \/>\n<script type=\"application\/ld+json\" class=\"yoast-schema-graph\">{\"@context\":\"https:\/\/schema.org\",\"@graph\":[{\"@type\":\"WebPage\",\"@id\":\"https:\/\/organonpro.com\/es-ar\/terminos-precedentes\/\",\"url\":\"https:\/\/organonpro.com\/es-ar\/terminos-precedentes\/\",\"name\":\"T\u00e9rminos Precedentes - Organon Pro - Argentina\",\"isPartOf\":{\"@id\":\"https:\/\/organonpro.com\/es-ar\/#website\"},\"datePublished\":\"2024-03-04T07:18:16+00:00\",\"dateModified\":\"2024-08-02T08:02:33+00:00\",\"breadcrumb\":{\"@id\":\"https:\/\/organonpro.com\/es-ar\/terminos-precedentes\/#breadcrumb\"},\"inLanguage\":\"en-US\",\"potentialAction\":[{\"@type\":\"ReadAction\",\"target\":[\"https:\/\/organonpro.com\/es-ar\/terminos-precedentes\/\"]}]},{\"@type\":\"BreadcrumbList\",\"@id\":\"https:\/\/organonpro.com\/es-ar\/terminos-precedentes\/#breadcrumb\",\"itemListElement\":[{\"@type\":\"ListItem\",\"position\":1,\"name\":\"Home\",\"item\":\"https:\/\/organonpro.com\/es-ar\/\"},{\"@type\":\"ListItem\",\"position\":2,\"name\":\"T\u00e9rminos Precedentes\"}]},{\"@type\":\"WebSite\",\"@id\":\"https:\/\/organonpro.com\/es-ar\/#website\",\"url\":\"https:\/\/organonpro.com\/es-ar\/\",\"name\":\"Organon Pro Argentina\",\"description\":\"OrganonPro - Argentina\",\"potentialAction\":[{\"@type\":\"SearchAction\",\"target\":{\"@type\":\"EntryPoint\",\"urlTemplate\":\"https:\/\/organonpro.com\/es-ar\/?s={search_term_string}\"},\"query-input\":{\"@type\":\"PropertyValueSpecification\",\"valueRequired\":true,\"valueName\":\"search_term_string\"}}],\"inLanguage\":\"en-US\"}]}<\/script>\n<!-- \/ Yoast SEO Premium plugin. -->","yoast_head_json":{"title":"T\u00e9rminos Precedentes - Organon Pro - Argentina","robots":{"index":"noindex","follow":"follow"},"og_locale":"en_US","og_type":"article","og_title":"T\u00e9rminos Precedentes","og_description":"Este sitio web al que accede y todo su contenido son de acceso restringido y est\u00e1n dirigidos exclusivamente a Profesionales de la Salud habilitados para ejercer en la Rep\u00fablica Argentina. En caso de que usted no fuera Profesional de la Salud, le solicitamos abandonar de inmediato este sitio y abstenerse de navegar su contenido. Organon [&hellip;]","og_url":"https:\/\/organonpro.com\/es-ar\/terminos-precedentes\/","og_site_name":"Organon Pro - Argentina","article_modified_time":"2024-08-02T08:02:33+00:00","og_image":[{"width":1200,"height":630,"url":"https:\/\/organonpro.com\/es-ar\/wp-content\/uploads\/sites\/72\/2022\/12\/organon-pro-og-img.png","type":"image\/png"}],"twitter_card":"summary_large_image","twitter_misc":{"Est. reading time":"2 minutes"},"schema":{"@context":"https:\/\/schema.org","@graph":[{"@type":"WebPage","@id":"https:\/\/organonpro.com\/es-ar\/terminos-precedentes\/","url":"https:\/\/organonpro.com\/es-ar\/terminos-precedentes\/","name":"T\u00e9rminos Precedentes - Organon Pro - Argentina","isPartOf":{"@id":"https:\/\/organonpro.com\/es-ar\/#website"},"datePublished":"2024-03-04T07:18:16+00:00","dateModified":"2024-08-02T08:02:33+00:00","breadcrumb":{"@id":"https:\/\/organonpro.com\/es-ar\/terminos-precedentes\/#breadcrumb"},"inLanguage":"en-US","potentialAction":[{"@type":"ReadAction","target":["https:\/\/organonpro.com\/es-ar\/terminos-precedentes\/"]}]},{"@type":"BreadcrumbList","@id":"https:\/\/organonpro.com\/es-ar\/terminos-precedentes\/#breadcrumb","itemListElement":[{"@type":"ListItem","position":1,"name":"Home","item":"https:\/\/organonpro.com\/es-ar\/"},{"@type":"ListItem","position":2,"name":"T\u00e9rminos Precedentes"}]},{"@type":"WebSite","@id":"https:\/\/organonpro.com\/es-ar\/#website","url":"https:\/\/organonpro.com\/es-ar\/","name":"Organon Pro Argentina","description":"OrganonPro - Argentina","potentialAction":[{"@type":"SearchAction","target":{"@type":"EntryPoint","urlTemplate":"https:\/\/organonpro.com\/es-ar\/?s={search_term_string}"},"query-input":{"@type":"PropertyValueSpecification","valueRequired":true,"valueName":"search_term_string"}}],"inLanguage":"en-US"}]}},"_links":{"self":[{"href":"https:\/\/organonpro.com\/es-ar\/wp-json\/wp\/v2\/pages\/4276","targetHints":{"allow":["GET"]}}],"collection":[{"href":"https:\/\/organonpro.com\/es-ar\/wp-json\/wp\/v2\/pages"}],"about":[{"href":"https:\/\/organonpro.com\/es-ar\/wp-json\/wp\/v2\/types\/page"}],"author":[{"embeddable":true,"href":"https:\/\/organonpro.com\/es-ar\/wp-json\/wp\/v2\/users\/11"}],"replies":[{"embeddable":true,"href":"https:\/\/organonpro.com\/es-ar\/wp-json\/wp\/v2\/comments?post=4276"}],"version-history":[{"count":2,"href":"https:\/\/organonpro.com\/es-ar\/wp-json\/wp\/v2\/pages\/4276\/revisions"}],"predecessor-version":[{"id":4716,"href":"https:\/\/organonpro.com\/es-ar\/wp-json\/wp\/v2\/pages\/4276\/revisions\/4716"}],"wp:attachment":[{"href":"https:\/\/organonpro.com\/es-ar\/wp-json\/wp\/v2\/media?parent=4276"}],"curies":[{"name":"wp","href":"https:\/\/api.w.org\/{rel}","templated":true}]}}